{"id":92594,"date":"2022-09-15T13:49:40","date_gmt":"2022-09-15T11:49:40","guid":{"rendered":"https:\/\/www.bagnoitalia.com\/product\/ultraslim-shower-tray-in-resin-effect-stone-80x80-cm-also-resizable-and-available-in-3-colors-pa034"},"modified":"2024-10-01T15:26:54","modified_gmt":"2024-10-01T13:26:54","slug":"ultraslim-shower-tray-in-resin-effect-stone-80x80-cm-also-resizable-and-available-in-3-colors-pa034","status":"publish","type":"product","link":"https:\/\/www.bagnoitalia.com\/es\/producto\/ultraslim-shower-tray-in-resin-effect-stone-80x80-cm-also-resizable-and-available-in-3-colors-pa034.html","title":{"rendered":"Plato de ducha ultradelgado en resina efecto piedra 80&#215;80 cm tambi\u00e9n redimensionable y disponible en 3 colores PA034"},"content":{"rendered":"<p>PLATO DE DUCHA PA034<\/p>\n<p>&nbsp;<\/p>\n<p>DETALLES DEL PRODUCTO<\/p>\n<p>Plato de ducha de resina con acabado gelcoat<\/p>\n<p>forma cuadrada<\/p>\n<p>tama\u00f1o 80x80xAl2,6 cm<\/p>\n<p>disponible en blanco, marfil, negro<\/p>\n<p>superficie antideslizante y antibacteriana efecto piedra<\/p>\n<p>acabado en todos los lados<\/p>\n<p>Reajustable (se puede cortar)<\/p>\n<p>Apto para cualquier tipo de instalaci\u00f3n (tanto exenta como a ras de suelo)<\/p>\n<p>Rejilla cubre desag\u00fce a juego incluida en el precio (desag\u00fce NO INCLUIDO, puedes a\u00f1adirlo desde el men\u00fa desplegable)<\/p>\n<p>&nbsp;<\/p>\n<p>&nbsp;<\/p>\n<p>&nbsp;<\/p>\n<p>&nbsp;<\/p>\n<p>&nbsp;<\/p>\n<p>&nbsp;<\/p>\n<p>&nbsp;<\/p>\n<p>&nbsp;<\/p>\n<p>&nbsp;<\/p>\n<p>&nbsp;<\/p>\n<p>&nbsp;<\/p>\n<p>&nbsp;<\/p>\n<p>&nbsp;<\/p>\n<p>&nbsp;<\/p>\n<p>&nbsp;<\/p>\n<p>&nbsp;<\/p>\n<p>&nbsp;<\/p>\n<p>&nbsp;<\/p>\n<p>RK88B<\/p>\n<p>RK88A<\/p>\n<p>RK88N<\/p>\n<p>&nbsp;<\/p>\n","protected":false},"excerpt":{"rendered":"<p>Plato de ducha cuadrado disponible en blanco, negro y marfil. Ultraplano gracias a su grosor de solo 2,6 cm.<\/p>\n","protected":false},"featured_media":57332,"comment_status":"open","ping_status":"closed","template":"","meta":[],"product_brand":[5006],"product_cat":[9757],"product_tag":[],"class_list":{"0":"post-92594","1":"product","2":"type-product","3":"status-publish","4":"has-post-thumbnail","6":"product_brand-deghi","7":"product_cat-platos-de-ducha","9":"first","10":"instock","11":"sale","12":"taxable","13":"shipping-taxable","14":"purchasable","15":"product-type-simple"},"exclude_global_add_ons":false,"addons":[{"name":"Color","type":"multiple_choice","position":0,"required":true,"title_format":"heading","default":"","description_enable":false,"description":"","placeholder_enable":false,"placeholder":"","display":"select","restrictions_type":"any_text","adjust_price":false,"price":"","price_type":"flat_fee","restrictions":false,"min":"0","max":"0","options":[{"label":"blanco","price":"","price_type":"quantity_based","image":0,"visibility":true},{"label":"marfil","price":"","price_type":"quantity_based","image":0,"visibility":true},{"label":"negro","price":"","price_type":"quantity_based","image":0,"visibility":true}],"id":1717605298},{"name":"Desag\u00fce","type":"multiple_choice","position":1,"required":true,"title_format":"heading","default":"","description_enable":false,"description":"","placeholder_enable":false,"placeholder":"","display":"select","restrictions_type":"any_text","adjust_price":false,"price":"","price_type":"flat_fee","restrictions":false,"min":"0","max":"0","options":[{"label":"NO","price":"","price_type":"quantity_based","image":0,"visibility":true},{"label":"Si","price":"38.36","price_type":"quantity_based","image":0,"visibility":true}],"id":1717605299}],"yoast_head":"<!-- This site is optimized with the Yoast SEO plugin v26.7 - https:\/\/yoast.com\/wordpress\/plugins\/seo\/ -->\n<title>Plato de ducha ultradelgado en resina efecto piedra 80x80 cm tambi\u00e9n redimensionable y disponible en 3 colores PA034 - Bagno Italia<\/title>\n<meta name=\"description\" content=\"Square shower tray available in white, black and ivory. Ultra-slim thanks to its thickness of only 2.6 cm\" \/>\n<meta name=\"robots\" content=\"index, follow, max-snippet:-1, max-image-preview:large, max-video-preview:-1\" \/>\n<link rel=\"canonical\" href=\"https:\/\/www.bagnoitalia.com\/es\/producto\/ultraslim-shower-tray-in-resin-effect-stone-80x80-cm-also-resizable-and-available-in-3-colors-pa034.html\" \/>\n<meta property=\"og:locale\" content=\"es_ES\" \/>\n<meta property=\"og:type\" content=\"article\" \/>\n<meta property=\"og:title\" content=\"Plato de ducha ultradelgado en resina efecto piedra 80x80 cm tambi\u00e9n redimensionable y disponible en 3 colores PA034 - Bagno Italia\" \/>\n<meta property=\"og:description\" content=\"Square shower tray available in white, black and ivory. Ultra-slim thanks to its thickness of only 2.6 cm\" \/>\n<meta property=\"og:url\" content=\"https:\/\/www.bagnoitalia.com\/es\/producto\/ultraslim-shower-tray-in-resin-effect-stone-80x80-cm-also-resizable-and-available-in-3-colors-pa034.html\" \/>\n<meta property=\"og:site_name\" content=\"Bagno Italia\" \/>\n<meta property=\"article:modified_time\" content=\"2024-10-01T13:26:54+00:00\" \/>\n<meta property=\"og:image\" content=\"https:\/\/img.bagnoitalia.com\/wp-content\/uploads\/virtuemart\/product\/ultraslim-shower-tray-in-resin.jpg\" \/>\n\t<meta property=\"og:image:width\" content=\"550\" \/>\n\t<meta property=\"og:image:height\" content=\"550\" \/>\n\t<meta property=\"og:image:type\" content=\"image\/jpeg\" \/>\n<meta name=\"twitter:card\" content=\"summary_large_image\" \/>\n<meta name=\"twitter:label1\" content=\"Tiempo de lectura\" \/>\n\t<meta name=\"twitter:data1\" content=\"1 minuto\" \/>\n<script type=\"application\/ld+json\" class=\"yoast-schema-graph\">{\"@context\":\"https:\/\/schema.org\",\"@graph\":[{\"@type\":\"WebPage\",\"@id\":\"https:\/\/www.bagnoitalia.com\/es\/producto\/ultraslim-shower-tray-in-resin-effect-stone-80x80-cm-also-resizable-and-available-in-3-colors-pa034.html\",\"url\":\"https:\/\/www.bagnoitalia.com\/es\/producto\/ultraslim-shower-tray-in-resin-effect-stone-80x80-cm-also-resizable-and-available-in-3-colors-pa034.html\",\"name\":\"Plato de ducha ultradelgado en resina efecto piedra 80x80 cm tambi\u00e9n redimensionable y disponible en 3 colores PA034 - Bagno Italia\",\"isPartOf\":{\"@id\":\"https:\/\/www.bagnoitalia.com\/es#website\"},\"primaryImageOfPage\":{\"@id\":\"https:\/\/www.bagnoitalia.com\/es\/producto\/ultraslim-shower-tray-in-resin-effect-stone-80x80-cm-also-resizable-and-available-in-3-colors-pa034.html#primaryimage\"},\"image\":{\"@id\":\"https:\/\/www.bagnoitalia.com\/es\/producto\/ultraslim-shower-tray-in-resin-effect-stone-80x80-cm-also-resizable-and-available-in-3-colors-pa034.html#primaryimage\"},\"thumbnailUrl\":\"https:\/\/img.bagnoitalia.com\/wp-content\/uploads\/virtuemart\/product\/ultraslim-shower-tray-in-resin.jpg\",\"datePublished\":\"2022-09-15T11:49:40+00:00\",\"dateModified\":\"2024-10-01T13:26:54+00:00\",\"description\":\"Square shower tray available in white, black and ivory. Ultra-slim thanks to its thickness of only 2.6 cm\",\"breadcrumb\":{\"@id\":\"https:\/\/www.bagnoitalia.com\/es\/producto\/ultraslim-shower-tray-in-resin-effect-stone-80x80-cm-also-resizable-and-available-in-3-colors-pa034.html#breadcrumb\"},\"inLanguage\":\"es\",\"potentialAction\":[{\"@type\":\"ReadAction\",\"target\":[\"https:\/\/www.bagnoitalia.com\/es\/producto\/ultraslim-shower-tray-in-resin-effect-stone-80x80-cm-also-resizable-and-available-in-3-colors-pa034.html\"]}]},{\"@type\":\"ImageObject\",\"inLanguage\":\"es\",\"@id\":\"https:\/\/www.bagnoitalia.com\/es\/producto\/ultraslim-shower-tray-in-resin-effect-stone-80x80-cm-also-resizable-and-available-in-3-colors-pa034.html#primaryimage\",\"url\":\"https:\/\/img.bagnoitalia.com\/wp-content\/uploads\/virtuemart\/product\/ultraslim-shower-tray-in-resin.jpg\",\"contentUrl\":\"https:\/\/img.bagnoitalia.com\/wp-content\/uploads\/virtuemart\/product\/ultraslim-shower-tray-in-resin.jpg\",\"width\":550,\"height\":550},{\"@type\":\"BreadcrumbList\",\"@id\":\"https:\/\/www.bagnoitalia.com\/es\/producto\/ultraslim-shower-tray-in-resin-effect-stone-80x80-cm-also-resizable-and-available-in-3-colors-pa034.html#breadcrumb\",\"itemListElement\":[{\"@type\":\"ListItem\",\"position\":1,\"name\":\"Home\",\"item\":\"https:\/\/www.bagnoitalia.com\/es\"},{\"@type\":\"ListItem\",\"position\":2,\"name\":\"Productos\",\"item\":\"https:\/\/www.bagnoitalia.com\/es\/shop\"},{\"@type\":\"ListItem\",\"position\":3,\"name\":\"Plato de ducha ultradelgado en resina efecto piedra 80&#215;80 cm tambi\u00e9n redimensionable y disponible en 3 colores PA034\"}]},{\"@type\":\"WebSite\",\"@id\":\"https:\/\/www.bagnoitalia.com\/es#website\",\"url\":\"https:\/\/www.bagnoitalia.com\/es\",\"name\":\"Bagno Italia\",\"description\":\"\",\"publisher\":{\"@id\":\"https:\/\/www.bagnoitalia.com\/es#organization\"},\"potentialAction\":[{\"@type\":\"SearchAction\",\"target\":{\"@type\":\"EntryPoint\",\"urlTemplate\":\"https:\/\/www.bagnoitalia.com\/es?s={search_term_string}\"},\"query-input\":{\"@type\":\"PropertyValueSpecification\",\"valueRequired\":true,\"valueName\":\"search_term_string\"}}],\"inLanguage\":\"es\"},{\"@type\":\"Organization\",\"@id\":\"https:\/\/www.bagnoitalia.com\/es#organization\",\"name\":\"Bagno Italia\",\"url\":\"https:\/\/www.bagnoitalia.com\/es\",\"logo\":{\"@type\":\"ImageObject\",\"inLanguage\":\"es\",\"@id\":\"https:\/\/www.bagnoitalia.com\/es#\/schema\/logo\/image\/\",\"url\":\"https:\/\/img.bagnoitalia.com\/wp-content\/uploads\/logo-bagnoitalia.webp\",\"contentUrl\":\"https:\/\/img.bagnoitalia.com\/wp-content\/uploads\/logo-bagnoitalia.webp\",\"width\":400,\"height\":70,\"caption\":\"Bagno Italia\"},\"image\":{\"@id\":\"https:\/\/www.bagnoitalia.com\/es#\/schema\/logo\/image\/\"}}]}<\/script>\n<!-- \/ Yoast SEO plugin. -->","yoast_head_json":{"title":"Plato de ducha ultradelgado en resina efecto piedra 80x80 cm tambi\u00e9n redimensionable y disponible en 3 colores PA034 - Bagno Italia","description":"Square shower tray available in white, black and ivory. Ultra-slim thanks to its thickness of only 2.6 cm","robots":{"index":"index","follow":"follow","max-snippet":"max-snippet:-1","max-image-preview":"max-image-preview:large","max-video-preview":"max-video-preview:-1"},"canonical":"https:\/\/www.bagnoitalia.com\/es\/producto\/ultraslim-shower-tray-in-resin-effect-stone-80x80-cm-also-resizable-and-available-in-3-colors-pa034.html","og_locale":"es_ES","og_type":"article","og_title":"Plato de ducha ultradelgado en resina efecto piedra 80x80 cm tambi\u00e9n redimensionable y disponible en 3 colores PA034 - Bagno Italia","og_description":"Square shower tray available in white, black and ivory. Ultra-slim thanks to its thickness of only 2.6 cm","og_url":"https:\/\/www.bagnoitalia.com\/es\/producto\/ultraslim-shower-tray-in-resin-effect-stone-80x80-cm-also-resizable-and-available-in-3-colors-pa034.html","og_site_name":"Bagno Italia","article_modified_time":"2024-10-01T13:26:54+00:00","og_image":[{"width":550,"height":550,"url":"https:\/\/img.bagnoitalia.com\/wp-content\/uploads\/virtuemart\/product\/ultraslim-shower-tray-in-resin.jpg","type":"image\/jpeg"}],"twitter_card":"summary_large_image","twitter_misc":{"Tiempo de lectura":"1 minuto"},"schema":{"@context":"https:\/\/schema.org","@graph":[{"@type":"WebPage","@id":"https:\/\/www.bagnoitalia.com\/es\/producto\/ultraslim-shower-tray-in-resin-effect-stone-80x80-cm-also-resizable-and-available-in-3-colors-pa034.html","url":"https:\/\/www.bagnoitalia.com\/es\/producto\/ultraslim-shower-tray-in-resin-effect-stone-80x80-cm-also-resizable-and-available-in-3-colors-pa034.html","name":"Plato de ducha ultradelgado en resina efecto piedra 80x80 cm tambi\u00e9n redimensionable y disponible en 3 colores PA034 - Bagno Italia","isPartOf":{"@id":"https:\/\/www.bagnoitalia.com\/es#website"},"primaryImageOfPage":{"@id":"https:\/\/www.bagnoitalia.com\/es\/producto\/ultraslim-shower-tray-in-resin-effect-stone-80x80-cm-also-resizable-and-available-in-3-colors-pa034.html#primaryimage"},"image":{"@id":"https:\/\/www.bagnoitalia.com\/es\/producto\/ultraslim-shower-tray-in-resin-effect-stone-80x80-cm-also-resizable-and-available-in-3-colors-pa034.html#primaryimage"},"thumbnailUrl":"https:\/\/img.bagnoitalia.com\/wp-content\/uploads\/virtuemart\/product\/ultraslim-shower-tray-in-resin.jpg","datePublished":"2022-09-15T11:49:40+00:00","dateModified":"2024-10-01T13:26:54+00:00","description":"Square shower tray available in white, black and ivory. Ultra-slim thanks to its thickness of only 2.6 cm","breadcrumb":{"@id":"https:\/\/www.bagnoitalia.com\/es\/producto\/ultraslim-shower-tray-in-resin-effect-stone-80x80-cm-also-resizable-and-available-in-3-colors-pa034.html#breadcrumb"},"inLanguage":"es","potentialAction":[{"@type":"ReadAction","target":["https:\/\/www.bagnoitalia.com\/es\/producto\/ultraslim-shower-tray-in-resin-effect-stone-80x80-cm-also-resizable-and-available-in-3-colors-pa034.html"]}]},{"@type":"ImageObject","inLanguage":"es","@id":"https:\/\/www.bagnoitalia.com\/es\/producto\/ultraslim-shower-tray-in-resin-effect-stone-80x80-cm-also-resizable-and-available-in-3-colors-pa034.html#primaryimage","url":"https:\/\/img.bagnoitalia.com\/wp-content\/uploads\/virtuemart\/product\/ultraslim-shower-tray-in-resin.jpg","contentUrl":"https:\/\/img.bagnoitalia.com\/wp-content\/uploads\/virtuemart\/product\/ultraslim-shower-tray-in-resin.jpg","width":550,"height":550},{"@type":"BreadcrumbList","@id":"https:\/\/www.bagnoitalia.com\/es\/producto\/ultraslim-shower-tray-in-resin-effect-stone-80x80-cm-also-resizable-and-available-in-3-colors-pa034.html#breadcrumb","itemListElement":[{"@type":"ListItem","position":1,"name":"Home","item":"https:\/\/www.bagnoitalia.com\/es"},{"@type":"ListItem","position":2,"name":"Productos","item":"https:\/\/www.bagnoitalia.com\/es\/shop"},{"@type":"ListItem","position":3,"name":"Plato de ducha ultradelgado en resina efecto piedra 80&#215;80 cm tambi\u00e9n redimensionable y disponible en 3 colores PA034"}]},{"@type":"WebSite","@id":"https:\/\/www.bagnoitalia.com\/es#website","url":"https:\/\/www.bagnoitalia.com\/es","name":"Bagno Italia","description":"","publisher":{"@id":"https:\/\/www.bagnoitalia.com\/es#organization"},"potentialAction":[{"@type":"SearchAction","target":{"@type":"EntryPoint","urlTemplate":"https:\/\/www.bagnoitalia.com\/es?s={search_term_string}"},"query-input":{"@type":"PropertyValueSpecification","valueRequired":true,"valueName":"search_term_string"}}],"inLanguage":"es"},{"@type":"Organization","@id":"https:\/\/www.bagnoitalia.com\/es#organization","name":"Bagno Italia","url":"https:\/\/www.bagnoitalia.com\/es","logo":{"@type":"ImageObject","inLanguage":"es","@id":"https:\/\/www.bagnoitalia.com\/es#\/schema\/logo\/image\/","url":"https:\/\/img.bagnoitalia.com\/wp-content\/uploads\/logo-bagnoitalia.webp","contentUrl":"https:\/\/img.bagnoitalia.com\/wp-content\/uploads\/logo-bagnoitalia.webp","width":400,"height":70,"caption":"Bagno Italia"},"image":{"@id":"https:\/\/www.bagnoitalia.com\/es#\/schema\/logo\/image\/"}}]}},"_links":{"self":[{"href":"https:\/\/www.bagnoitalia.com\/es\/wp-json\/wp\/v2\/product\/92594","targetHints":{"allow":["GET"]}}],"collection":[{"href":"https:\/\/www.bagnoitalia.com\/es\/wp-json\/wp\/v2\/product"}],"about":[{"href":"https:\/\/www.bagnoitalia.com\/es\/wp-json\/wp\/v2\/types\/product"}],"replies":[{"embeddable":true,"href":"https:\/\/www.bagnoitalia.com\/es\/wp-json\/wp\/v2\/comments?post=92594"}],"version-history":[{"count":2,"href":"https:\/\/www.bagnoitalia.com\/es\/wp-json\/wp\/v2\/product\/92594\/revisions"}],"predecessor-version":[{"id":92598,"href":"https:\/\/www.bagnoitalia.com\/es\/wp-json\/wp\/v2\/product\/92594\/revisions\/92598"}],"wp:featuredmedia":[{"embeddable":true,"href":"https:\/\/www.bagnoitalia.com\/es\/wp-json\/wp\/v2\/media\/57332"}],"wp:attachment":[{"href":"https:\/\/www.bagnoitalia.com\/es\/wp-json\/wp\/v2\/media?parent=92594"}],"wp:term":[{"taxonomy":"product_brand","embeddable":true,"href":"https:\/\/www.bagnoitalia.com\/es\/wp-json\/wp\/v2\/product_brand?post=92594"},{"taxonomy":"product_cat","embeddable":true,"href":"https:\/\/www.bagnoitalia.com\/es\/wp-json\/wp\/v2\/product_cat?post=92594"},{"taxonomy":"product_tag","embeddable":true,"href":"https:\/\/www.bagnoitalia.com\/es\/wp-json\/wp\/v2\/product_tag?post=92594"}],"curies":[{"name":"wp","href":"https:\/\/api.w.org\/{rel}","templated":true}]}}