{"id":92442,"date":"2022-02-24T13:22:39","date_gmt":"2022-02-24T12:22:39","guid":{"rendered":"https:\/\/www.bagnoitalia.com?post_type=product&#038;p=92442"},"modified":"2025-05-30T14:29:53","modified_gmt":"2025-05-30T12:29:53","slug":"baldosas-de-exterior-1-m%c2%b2-tablones-de-madera-de-acacia-disponibles-en-3-modelos","status":"publish","type":"product","link":"https:\/\/www.bagnoitalia.com\/es\/producto\/baldosas-de-exterior-1-m%c2%b2-tablones-de-madera-de-acacia-disponibles-en-3-modelos.html","title":{"rendered":"Baldosas de exterior 1 m\u00b2 Tablones de madera de acacia disponibles en 3 modelos"},"content":{"rendered":"<p>BALDOSAS DE MADERA PARA EXTERIOR EN 3 MODELOS<\/p>\n<p>&nbsp;<\/p>\n<p>El precio incluye baldosas adecuadas para cubrir una superficie de aproximadamente 1 m\u00b2:<\/p>\n<p>para el Modelo 1, se incluyen 11 baldosas de 30&#215;30 cm (0,99 m2)<br \/>\npara el Modelo 2, se incluyen 11 baldosas de 30&#215;30 cm (0,99 m2 )<br \/>\npara el Modelo 3, se incluyen 5 tejas de 60&#215;30 cm (0,90 m2 )<\/p>\n<p>Altura total de las baldosas (duelas + estructura subyacente): 2,5 cm<\/p>\n<p>Cada baldosa se compone de duelas de madera de acacia (con certificaci\u00f3n FSC &#8211; FOREST STEWARDSHIP COUNCIL &#8211; que garantiza que procede de bosques gestionados seg\u00fan el principio de conservaci\u00f3n de las especies) tratadas con un aceite protector hidr\u00f3fugo y una estructura subyacente de pl\u00e1stico s\u00f3lido e irrompible, que tambi\u00e9n permite un drenaje adecuado del agua.<\/p>\n<p>La instalaci\u00f3n es muy r\u00e1pida y sencilla gracias al sistema de enclavamiento, que debe realizarse sobre superficies planas y que no est\u00e1 en contacto con el suelo h\u00famedo.<\/p>\n<p>Es posible cortar las baldosas a medida con una sierra.<\/p>\n<p>Se recomienda un tratamiento anual de las tablas para evitar que cambien de color debido a la exposici\u00f3n al sol y a la intemperie. Utilice un aceite protector de impregnaci\u00f3n hidr\u00f3fugo (como el aceite de tung) y apl\u00edquelo con un pa\u00f1o suave o un cepillo de cerdas suaves en la misma direcci\u00f3n que la veta.<\/p>\n<p>&nbsp;<\/p>\n<p>&nbsp;<\/p>\n<p>&nbsp;<\/p>\n","protected":false},"excerpt":{"rendered":"<p>Baldosas de madera para exteriores, como balcones, terrazas, patios, etc.<br \/>\nInstalaci\u00f3n r\u00e1pida y sencilla gracias a la estructura de enclavamiento.<\/p>\n","protected":false},"featured_media":48192,"comment_status":"open","ping_status":"closed","template":"","meta":[],"product_brand":[9926],"product_cat":[9785],"product_tag":[],"class_list":{"0":"post-92442","1":"product","2":"type-product","3":"status-publish","4":"has-post-thumbnail","6":"product_brand-predator-arredo-casa-es","7":"product_cat-muebles-de-exterior","9":"first","10":"instock","11":"sale","12":"taxable","13":"shipping-taxable","14":"purchasable","15":"product-type-simple"},"exclude_global_add_ons":false,"addons":[{"name":"Tipo","type":"multiple_choice","position":0,"required":false,"title_format":"label","default":"","description_enable":false,"description":"","placeholder_enable":false,"placeholder":"","display":"select","restrictions_type":"any_text","adjust_price":false,"price":"","price_type":"flat_fee","restrictions":false,"min":"0","max":"0","options":[{"label":"Modelo 2 (11 piezas de 30x30cm)","price":"","price_type":"flat_fee","image":0,"visibility":true},{"label":"(No disponible) Modelo 1 (11 piezas de 30x30cm)","price":"","price_type":"flat_fee","image":0,"visibility":true},{"label":"(No disponible) Modelo 3 (5 piezas de 60x30cm)","price":"","price_type":"flat_fee","image":0,"visibility":true}],"id":1727710831}],"yoast_head":"<!-- This site is optimized with the Yoast SEO plugin v26.7 - https:\/\/yoast.com\/wordpress\/plugins\/seo\/ -->\n<title>Baldosas de exterior 1 m\u00b2 Tablones de madera de acacia disponibles en 3 modelos - Bagno Italia<\/title>\n<meta name=\"robots\" content=\"index, follow, max-snippet:-1, max-image-preview:large, max-video-preview:-1\" \/>\n<link rel=\"canonical\" href=\"https:\/\/www.bagnoitalia.com\/es\/producto\/baldosas-de-exterior-1-m%c2%b2-tablones-de-madera-de-acacia-disponibles-en-3-modelos.html\" \/>\n<meta property=\"og:locale\" content=\"es_ES\" \/>\n<meta property=\"og:type\" content=\"article\" \/>\n<meta property=\"og:title\" content=\"Baldosas de exterior 1 m\u00b2 Tablones de madera de acacia disponibles en 3 modelos - Bagno Italia\" \/>\n<meta property=\"og:description\" content=\"Baldosas de madera para exteriores, como balcones, terrazas, patios, etc. Instalaci\u00f3n r\u00e1pida y sencilla gracias a la estructura de enclavamiento.\" \/>\n<meta property=\"og:url\" content=\"https:\/\/www.bagnoitalia.com\/es\/producto\/baldosas-de-exterior-1-m%c2%b2-tablones-de-madera-de-acacia-disponibles-en-3-modelos.html\" \/>\n<meta property=\"og:site_name\" content=\"Bagno Italia\" \/>\n<meta property=\"article:modified_time\" content=\"2025-05-30T12:29:53+00:00\" \/>\n<meta property=\"og:image\" content=\"https:\/\/img.bagnoitalia.com\/wp-content\/uploads\/virtuemart\/product\/tile-brick-wood-acacia-exterior-balconies-flooring.jpg\" \/>\n\t<meta property=\"og:image:width\" content=\"550\" \/>\n\t<meta property=\"og:image:height\" content=\"550\" \/>\n\t<meta property=\"og:image:type\" content=\"image\/jpeg\" \/>\n<meta name=\"twitter:card\" content=\"summary_large_image\" \/>\n<meta name=\"twitter:label1\" content=\"Tiempo de lectura\" \/>\n\t<meta name=\"twitter:data1\" content=\"2 minutos\" \/>\n<script type=\"application\/ld+json\" class=\"yoast-schema-graph\">{\"@context\":\"https:\/\/schema.org\",\"@graph\":[{\"@type\":\"WebPage\",\"@id\":\"https:\/\/www.bagnoitalia.com\/es\/producto\/baldosas-de-exterior-1-m%c2%b2-tablones-de-madera-de-acacia-disponibles-en-3-modelos.html\",\"url\":\"https:\/\/www.bagnoitalia.com\/es\/producto\/baldosas-de-exterior-1-m%c2%b2-tablones-de-madera-de-acacia-disponibles-en-3-modelos.html\",\"name\":\"Baldosas de exterior 1 m\u00b2 Tablones de madera de acacia disponibles en 3 modelos - Bagno Italia\",\"isPartOf\":{\"@id\":\"https:\/\/www.bagnoitalia.com\/es#website\"},\"primaryImageOfPage\":{\"@id\":\"https:\/\/www.bagnoitalia.com\/es\/producto\/baldosas-de-exterior-1-m%c2%b2-tablones-de-madera-de-acacia-disponibles-en-3-modelos.html#primaryimage\"},\"image\":{\"@id\":\"https:\/\/www.bagnoitalia.com\/es\/producto\/baldosas-de-exterior-1-m%c2%b2-tablones-de-madera-de-acacia-disponibles-en-3-modelos.html#primaryimage\"},\"thumbnailUrl\":\"https:\/\/img.bagnoitalia.com\/wp-content\/uploads\/virtuemart\/product\/tile-brick-wood-acacia-exterior-balconies-flooring.jpg\",\"datePublished\":\"2022-02-24T12:22:39+00:00\",\"dateModified\":\"2025-05-30T12:29:53+00:00\",\"breadcrumb\":{\"@id\":\"https:\/\/www.bagnoitalia.com\/es\/producto\/baldosas-de-exterior-1-m%c2%b2-tablones-de-madera-de-acacia-disponibles-en-3-modelos.html#breadcrumb\"},\"inLanguage\":\"es\",\"potentialAction\":[{\"@type\":\"ReadAction\",\"target\":[\"https:\/\/www.bagnoitalia.com\/es\/producto\/baldosas-de-exterior-1-m%c2%b2-tablones-de-madera-de-acacia-disponibles-en-3-modelos.html\"]}]},{\"@type\":\"ImageObject\",\"inLanguage\":\"es\",\"@id\":\"https:\/\/www.bagnoitalia.com\/es\/producto\/baldosas-de-exterior-1-m%c2%b2-tablones-de-madera-de-acacia-disponibles-en-3-modelos.html#primaryimage\",\"url\":\"https:\/\/img.bagnoitalia.com\/wp-content\/uploads\/virtuemart\/product\/tile-brick-wood-acacia-exterior-balconies-flooring.jpg\",\"contentUrl\":\"https:\/\/img.bagnoitalia.com\/wp-content\/uploads\/virtuemart\/product\/tile-brick-wood-acacia-exterior-balconies-flooring.jpg\",\"width\":550,\"height\":550},{\"@type\":\"BreadcrumbList\",\"@id\":\"https:\/\/www.bagnoitalia.com\/es\/producto\/baldosas-de-exterior-1-m%c2%b2-tablones-de-madera-de-acacia-disponibles-en-3-modelos.html#breadcrumb\",\"itemListElement\":[{\"@type\":\"ListItem\",\"position\":1,\"name\":\"Home\",\"item\":\"https:\/\/www.bagnoitalia.com\/es\"},{\"@type\":\"ListItem\",\"position\":2,\"name\":\"Productos\",\"item\":\"https:\/\/www.bagnoitalia.com\/es\/shop\"},{\"@type\":\"ListItem\",\"position\":3,\"name\":\"Baldosas de exterior 1 m\u00b2 Tablones de madera de acacia disponibles en 3 modelos\"}]},{\"@type\":\"WebSite\",\"@id\":\"https:\/\/www.bagnoitalia.com\/es#website\",\"url\":\"https:\/\/www.bagnoitalia.com\/es\",\"name\":\"Bagno Italia\",\"description\":\"\",\"publisher\":{\"@id\":\"https:\/\/www.bagnoitalia.com\/es#organization\"},\"potentialAction\":[{\"@type\":\"SearchAction\",\"target\":{\"@type\":\"EntryPoint\",\"urlTemplate\":\"https:\/\/www.bagnoitalia.com\/es?s={search_term_string}\"},\"query-input\":{\"@type\":\"PropertyValueSpecification\",\"valueRequired\":true,\"valueName\":\"search_term_string\"}}],\"inLanguage\":\"es\"},{\"@type\":\"Organization\",\"@id\":\"https:\/\/www.bagnoitalia.com\/es#organization\",\"name\":\"Bagno Italia\",\"url\":\"https:\/\/www.bagnoitalia.com\/es\",\"logo\":{\"@type\":\"ImageObject\",\"inLanguage\":\"es\",\"@id\":\"https:\/\/www.bagnoitalia.com\/es#\/schema\/logo\/image\/\",\"url\":\"https:\/\/img.bagnoitalia.com\/wp-content\/uploads\/logo-bagnoitalia.webp\",\"contentUrl\":\"https:\/\/img.bagnoitalia.com\/wp-content\/uploads\/logo-bagnoitalia.webp\",\"width\":400,\"height\":70,\"caption\":\"Bagno Italia\"},\"image\":{\"@id\":\"https:\/\/www.bagnoitalia.com\/es#\/schema\/logo\/image\/\"}}]}<\/script>\n<!-- \/ Yoast SEO plugin. -->","yoast_head_json":{"title":"Baldosas de exterior 1 m\u00b2 Tablones de madera de acacia disponibles en 3 modelos - Bagno Italia","robots":{"index":"index","follow":"follow","max-snippet":"max-snippet:-1","max-image-preview":"max-image-preview:large","max-video-preview":"max-video-preview:-1"},"canonical":"https:\/\/www.bagnoitalia.com\/es\/producto\/baldosas-de-exterior-1-m%c2%b2-tablones-de-madera-de-acacia-disponibles-en-3-modelos.html","og_locale":"es_ES","og_type":"article","og_title":"Baldosas de exterior 1 m\u00b2 Tablones de madera de acacia disponibles en 3 modelos - Bagno Italia","og_description":"Baldosas de madera para exteriores, como balcones, terrazas, patios, etc. Instalaci\u00f3n r\u00e1pida y sencilla gracias a la estructura de enclavamiento.","og_url":"https:\/\/www.bagnoitalia.com\/es\/producto\/baldosas-de-exterior-1-m%c2%b2-tablones-de-madera-de-acacia-disponibles-en-3-modelos.html","og_site_name":"Bagno Italia","article_modified_time":"2025-05-30T12:29:53+00:00","og_image":[{"width":550,"height":550,"url":"https:\/\/img.bagnoitalia.com\/wp-content\/uploads\/virtuemart\/product\/tile-brick-wood-acacia-exterior-balconies-flooring.jpg","type":"image\/jpeg"}],"twitter_card":"summary_large_image","twitter_misc":{"Tiempo de lectura":"2 minutos"},"schema":{"@context":"https:\/\/schema.org","@graph":[{"@type":"WebPage","@id":"https:\/\/www.bagnoitalia.com\/es\/producto\/baldosas-de-exterior-1-m%c2%b2-tablones-de-madera-de-acacia-disponibles-en-3-modelos.html","url":"https:\/\/www.bagnoitalia.com\/es\/producto\/baldosas-de-exterior-1-m%c2%b2-tablones-de-madera-de-acacia-disponibles-en-3-modelos.html","name":"Baldosas de exterior 1 m\u00b2 Tablones de madera de acacia disponibles en 3 modelos - Bagno Italia","isPartOf":{"@id":"https:\/\/www.bagnoitalia.com\/es#website"},"primaryImageOfPage":{"@id":"https:\/\/www.bagnoitalia.com\/es\/producto\/baldosas-de-exterior-1-m%c2%b2-tablones-de-madera-de-acacia-disponibles-en-3-modelos.html#primaryimage"},"image":{"@id":"https:\/\/www.bagnoitalia.com\/es\/producto\/baldosas-de-exterior-1-m%c2%b2-tablones-de-madera-de-acacia-disponibles-en-3-modelos.html#primaryimage"},"thumbnailUrl":"https:\/\/img.bagnoitalia.com\/wp-content\/uploads\/virtuemart\/product\/tile-brick-wood-acacia-exterior-balconies-flooring.jpg","datePublished":"2022-02-24T12:22:39+00:00","dateModified":"2025-05-30T12:29:53+00:00","breadcrumb":{"@id":"https:\/\/www.bagnoitalia.com\/es\/producto\/baldosas-de-exterior-1-m%c2%b2-tablones-de-madera-de-acacia-disponibles-en-3-modelos.html#breadcrumb"},"inLanguage":"es","potentialAction":[{"@type":"ReadAction","target":["https:\/\/www.bagnoitalia.com\/es\/producto\/baldosas-de-exterior-1-m%c2%b2-tablones-de-madera-de-acacia-disponibles-en-3-modelos.html"]}]},{"@type":"ImageObject","inLanguage":"es","@id":"https:\/\/www.bagnoitalia.com\/es\/producto\/baldosas-de-exterior-1-m%c2%b2-tablones-de-madera-de-acacia-disponibles-en-3-modelos.html#primaryimage","url":"https:\/\/img.bagnoitalia.com\/wp-content\/uploads\/virtuemart\/product\/tile-brick-wood-acacia-exterior-balconies-flooring.jpg","contentUrl":"https:\/\/img.bagnoitalia.com\/wp-content\/uploads\/virtuemart\/product\/tile-brick-wood-acacia-exterior-balconies-flooring.jpg","width":550,"height":550},{"@type":"BreadcrumbList","@id":"https:\/\/www.bagnoitalia.com\/es\/producto\/baldosas-de-exterior-1-m%c2%b2-tablones-de-madera-de-acacia-disponibles-en-3-modelos.html#breadcrumb","itemListElement":[{"@type":"ListItem","position":1,"name":"Home","item":"https:\/\/www.bagnoitalia.com\/es"},{"@type":"ListItem","position":2,"name":"Productos","item":"https:\/\/www.bagnoitalia.com\/es\/shop"},{"@type":"ListItem","position":3,"name":"Baldosas de exterior 1 m\u00b2 Tablones de madera de acacia disponibles en 3 modelos"}]},{"@type":"WebSite","@id":"https:\/\/www.bagnoitalia.com\/es#website","url":"https:\/\/www.bagnoitalia.com\/es","name":"Bagno Italia","description":"","publisher":{"@id":"https:\/\/www.bagnoitalia.com\/es#organization"},"potentialAction":[{"@type":"SearchAction","target":{"@type":"EntryPoint","urlTemplate":"https:\/\/www.bagnoitalia.com\/es?s={search_term_string}"},"query-input":{"@type":"PropertyValueSpecification","valueRequired":true,"valueName":"search_term_string"}}],"inLanguage":"es"},{"@type":"Organization","@id":"https:\/\/www.bagnoitalia.com\/es#organization","name":"Bagno Italia","url":"https:\/\/www.bagnoitalia.com\/es","logo":{"@type":"ImageObject","inLanguage":"es","@id":"https:\/\/www.bagnoitalia.com\/es#\/schema\/logo\/image\/","url":"https:\/\/img.bagnoitalia.com\/wp-content\/uploads\/logo-bagnoitalia.webp","contentUrl":"https:\/\/img.bagnoitalia.com\/wp-content\/uploads\/logo-bagnoitalia.webp","width":400,"height":70,"caption":"Bagno Italia"},"image":{"@id":"https:\/\/www.bagnoitalia.com\/es#\/schema\/logo\/image\/"}}]}},"_links":{"self":[{"href":"https:\/\/www.bagnoitalia.com\/es\/wp-json\/wp\/v2\/product\/92442","targetHints":{"allow":["GET"]}}],"collection":[{"href":"https:\/\/www.bagnoitalia.com\/es\/wp-json\/wp\/v2\/product"}],"about":[{"href":"https:\/\/www.bagnoitalia.com\/es\/wp-json\/wp\/v2\/types\/product"}],"replies":[{"embeddable":true,"href":"https:\/\/www.bagnoitalia.com\/es\/wp-json\/wp\/v2\/comments?post=92442"}],"version-history":[{"count":1,"href":"https:\/\/www.bagnoitalia.com\/es\/wp-json\/wp\/v2\/product\/92442\/revisions"}],"predecessor-version":[{"id":92443,"href":"https:\/\/www.bagnoitalia.com\/es\/wp-json\/wp\/v2\/product\/92442\/revisions\/92443"}],"wp:featuredmedia":[{"embeddable":true,"href":"https:\/\/www.bagnoitalia.com\/es\/wp-json\/wp\/v2\/media\/48192"}],"wp:attachment":[{"href":"https:\/\/www.bagnoitalia.com\/es\/wp-json\/wp\/v2\/media?parent=92442"}],"wp:term":[{"taxonomy":"product_brand","embeddable":true,"href":"https:\/\/www.bagnoitalia.com\/es\/wp-json\/wp\/v2\/product_brand?post=92442"},{"taxonomy":"product_cat","embeddable":true,"href":"https:\/\/www.bagnoitalia.com\/es\/wp-json\/wp\/v2\/product_cat?post=92442"},{"taxonomy":"product_tag","embeddable":true,"href":"https:\/\/www.bagnoitalia.com\/es\/wp-json\/wp\/v2\/product_tag?post=92442"}],"curies":[{"name":"wp","href":"https:\/\/api.w.org\/{rel}","templated":true}]}}