{"id":84259,"date":"2024-04-10T14:16:57","date_gmt":"2024-04-10T12:16:57","guid":{"rendered":"https:\/\/www.bagnoitalia.com\/product\/suspended-russell-92x48-or-111x48-cm-bathroom-cabinet-with-drawers-and-door-in-two-colours-washbasin-and-mirror-included-2"},"modified":"2024-06-07T15:37:32","modified_gmt":"2024-06-07T13:37:32","slug":"suspended-russell-92x48-or-111x48-cm-bathroom-cabinet-with-drawers-and-door-in-two-colours-washbasin-and-mirror-included-2","status":"publish","type":"product","link":"https:\/\/www.bagnoitalia.com\/es\/producto\/suspended-russell-92x48-or-111x48-cm-bathroom-cabinet-with-drawers-and-door-in-two-colours-washbasin-and-mirror-included-2.html","title":{"rendered":"Mueble de ba\u00f1o suspendido Russell 92&#215;48 o 111&#215;48 cm con cajones y puerta en dos colores lavabo y espejo incluidos"},"content":{"rendered":"<p>GABINETE DE BA\u00d1O 92 o 111 cm modelo &#8216;RUSSELL<\/p>\n<p>&nbsp;<\/p>\n<p>&nbsp;<\/p>\n<p>&nbsp;<\/p>\n<p>TIPOS DISPONIBLES<\/p>\n<p>Mueble de ba\u00f1o en dos dimensiones a elegir<\/p>\n<p>92xD48xH57,5 cm<br \/>\n111xD48xH57,5 cm<\/p>\n<p>Acabado efecto piedra en dos colores a elegir:<\/p>\n<p>gris \u00f3xido<br \/>\nfresno bet\u00f3n<\/p>\n<p>SELECCIONE EL COLOR Y LA MEDIDA DE SU ELECCI\u00d3N EN EL MEN\u00da DESPLEGABLE<\/p>\n<p>&nbsp;<\/p>\n<p>&nbsp;<\/p>\n<p>&nbsp;<\/p>\n<p>CARACTER\u00cdSTICAS DEL PRODUCTO<\/p>\n<p>Mueble de ba\u00f1o suspendido de estilo industrial<\/p>\n<p>Lavabo de cer\u00e1mica<\/p>\n<p>Estructura de madera chapada, compuesta por 2 cajones y 1 puerta<\/p>\n<p>Sistema de cierre lento (soft-close)<\/p>\n<p>Tirador de ranura barnizado<\/p>\n<p>Espejo incluido (90&#215;70 cm para mueble de 92 cm; 110&#215;70 cm para mueble de 111 cm)<\/p>\n<p>ATENCI\u00d3N: Grifer\u00eda y apliques no incluidos en el precio<\/p>\n<p>Utilizando el men\u00fa desplegable de arriba es posible a\u00f1adir una COLUMNA a juego, 40xD26,5xH135 cm, reversible y con 3 estantes interiores (1 fijo y 2 regulables)<\/p>\n<p>&nbsp;<\/p>\n<p>&nbsp;<\/p>\n<p>&nbsp;<\/p>\n<p>&nbsp;<\/p>\n<p>&nbsp;<\/p>\n<p>&nbsp;<\/p>\n<p>&nbsp;<\/p>\n<p>&nbsp;<\/p>\n<p>&nbsp;<\/p>\n<p>&nbsp;<\/p>\n<p>&nbsp;<\/p>\n<p>&nbsp;<\/p>\n<p>&nbsp;<\/p>\n<p>&nbsp;<\/p>\n<p>&nbsp;<\/p>\n<p>&nbsp;<\/p>\n<p>&nbsp;<\/p>\n<p>&nbsp;<\/p>\n<p>&nbsp;<\/p>\n<p>&nbsp;<\/p>\n<p>&nbsp;<\/p>\n<p>&nbsp;<\/p>\n<p>&nbsp;<\/p>\n<p>&nbsp;<\/p>\n<p>&nbsp;<\/p>\n<p>&nbsp;<\/p>\n<p>&nbsp;<\/p>\n<p>&nbsp;<\/p>\n<p>&nbsp;<\/p>\n<p>805101<br \/>\n805001<br \/>\n805102<br \/>\n805002<br \/>\n805003<br \/>\n805103<\/p>\n<p>&nbsp;<\/p>\n<p>&nbsp;<\/p>\n","protected":false},"excerpt":{"rendered":"<p>Mueble de estilo industrial, disponible en dos colores efecto piedra: \u00f3xido gris o fresno bet\u00f3n. Compuesto por 2 cajones, una puerta, un lavabo cer\u00e1mico y un espejo con marco a juego. Tambi\u00e9n es posible a\u00f1adir a la composici\u00f3n un mueble alto en el mismo acabado que el armario, de 40&#215;26,5xH135 cm.<\/p>\n","protected":false},"featured_media":74637,"comment_status":"open","ping_status":"closed","template":"","meta":[],"product_brand":[5018],"product_cat":[9721,9725],"product_tag":[],"class_list":{"0":"post-84259","1":"product","2":"type-product","3":"status-publish","4":"has-post-thumbnail","6":"product_brand-brand-store","7":"product_cat-mueble-de-bano-de-71-a-100-cm-muebles-modernos","8":"product_cat-mueble-de-bano-de-101-a-220-cm-muebles-modernos","10":"first","11":"instock","12":"sale","13":"taxable","14":"shipping-taxable","15":"purchasable","16":"product-type-simple"},"exclude_global_add_ons":false,"addons":[{"name":"color","type":"multiple_choice","position":0,"required":true,"title_format":"heading","default":"","description_enable":false,"description":"","placeholder_enable":false,"placeholder":"","display":"select","restrictions_type":"any_text","adjust_price":false,"price":"","price_type":"flat_fee","restrictions":false,"min":"0","max":"0","options":[{"label":"\u00f3xido gris","price":"","price_type":"quantity_based","image":0,"visibility":true},{"label":"ceniza de bet\u00fan","price":"","price_type":"quantity_based","image":0,"visibility":true}],"id":1717774653},{"name":"dimensiones","type":"multiple_choice","position":1,"required":true,"title_format":"heading","default":"","description_enable":false,"description":"","placeholder_enable":false,"placeholder":"","display":"select","restrictions_type":"any_text","adjust_price":false,"price":"","price_type":"flat_fee","restrictions":false,"min":"0","max":"0","options":[{"label":"92x48 cm","price":"","price_type":"quantity_based","image":0,"visibility":true},{"label":"111x48 cm","price":"120","price_type":"quantity_based","image":0,"visibility":true}],"id":1717774654},{"name":"columna","type":"multiple_choice","position":2,"required":true,"title_format":"heading","default":"","description_enable":false,"description":"","placeholder_enable":false,"placeholder":"","display":"select","restrictions_type":"any_text","adjust_price":false,"price":"","price_type":"flat_fee","restrictions":false,"min":"0","max":"0","options":[{"label":"SIN columna","price":"","price_type":"quantity_based","image":0,"visibility":true},{"label":"1 columna 40x26,5xH135 cm","price":"189","price_type":"quantity_based","image":0,"visibility":true}],"id":1717774655},{"name":"aplique","type":"multiple_choice","position":3,"required":true,"title_format":"heading","default":"","description_enable":false,"description":"","placeholder_enable":false,"placeholder":"","display":"select","restrictions_type":"any_text","adjust_price":false,"price":"","price_type":"flat_fee","restrictions":false,"min":"0","max":"0","options":[{"label":"sin aplique Led","price":"","price_type":"quantity_based","image":0,"visibility":true},{"label":"Aplique Led cromado","price":"20","price_type":"quantity_based","image":0,"visibility":true},{"label":"Aplique Led negro","price":"25","price_type":"quantity_based","image":0,"visibility":true}],"id":1717774656}],"yoast_head":"<!-- This site is optimized with the Yoast SEO plugin v26.7 - https:\/\/yoast.com\/wordpress\/plugins\/seo\/ -->\n<title>Mueble de ba\u00f1o suspendido Russell 92x48 o 111x48 cm con cajones y puerta en dos colores lavabo y espejo incluidos<\/title>\n<meta name=\"description\" content=\"Mueble de estilo industrial, disponible en dos colores efecto piedra: \u00f3xido gris o fresno bet\u00f3n. Compuesto por 2 cajones, una puerta, un lavabo cer\u00e1mico y un espejo con marco a juego. Tambi\u00e9n es posible a\u00f1adir a la composici\u00f3n un mueble alto en el mismo acabado que el armario, de 40x26,5xH135 cm.\" \/>\n<meta name=\"robots\" content=\"index, follow, max-snippet:-1, max-image-preview:large, max-video-preview:-1\" \/>\n<link rel=\"canonical\" href=\"https:\/\/www.bagnoitalia.com\/es\/producto\/suspended-russell-92x48-or-111x48-cm-bathroom-cabinet-with-drawers-and-door-in-two-colours-washbasin-and-mirror-included-2.html\" \/>\n<meta property=\"og:locale\" content=\"es_ES\" \/>\n<meta property=\"og:type\" content=\"article\" \/>\n<meta property=\"og:title\" content=\"Mueble de ba\u00f1o suspendido Russell 92x48 o 111x48 cm con cajones y puerta en dos colores lavabo y espejo incluidos\" \/>\n<meta property=\"og:description\" content=\"Mueble de estilo industrial, disponible en dos colores efecto piedra: \u00f3xido gris o fresno bet\u00f3n. Compuesto por 2 cajones, una puerta, un lavabo cer\u00e1mico y un espejo con marco a juego. Tambi\u00e9n es posible a\u00f1adir a la composici\u00f3n un mueble alto en el mismo acabado que el armario, de 40x26,5xH135 cm.\" \/>\n<meta property=\"og:url\" content=\"https:\/\/www.bagnoitalia.com\/es\/producto\/suspended-russell-92x48-or-111x48-cm-bathroom-cabinet-with-drawers-and-door-in-two-colours-washbasin-and-mirror-included-2.html\" \/>\n<meta property=\"og:site_name\" content=\"Bagno Italia\" \/>\n<meta property=\"article:modified_time\" content=\"2024-06-07T13:37:32+00:00\" \/>\n<meta property=\"og:image\" content=\"https:\/\/img.bagnoitalia.com\/wp-content\/uploads\/virtuemart\/product\/mobile-bagno-russell-industrial-2-colori-1.jpg\" \/>\n\t<meta property=\"og:image:width\" content=\"550\" \/>\n\t<meta property=\"og:image:height\" content=\"550\" \/>\n\t<meta property=\"og:image:type\" content=\"image\/jpeg\" \/>\n<meta name=\"twitter:card\" content=\"summary_large_image\" \/>\n<meta name=\"twitter:label1\" content=\"Tiempo de lectura\" \/>\n\t<meta name=\"twitter:data1\" content=\"1 minuto\" \/>\n<script type=\"application\/ld+json\" class=\"yoast-schema-graph\">{\"@context\":\"https:\/\/schema.org\",\"@graph\":[{\"@type\":\"WebPage\",\"@id\":\"https:\/\/www.bagnoitalia.com\/es\/producto\/suspended-russell-92x48-or-111x48-cm-bathroom-cabinet-with-drawers-and-door-in-two-colours-washbasin-and-mirror-included-2.html\",\"url\":\"https:\/\/www.bagnoitalia.com\/es\/producto\/suspended-russell-92x48-or-111x48-cm-bathroom-cabinet-with-drawers-and-door-in-two-colours-washbasin-and-mirror-included-2.html\",\"name\":\"Mueble de ba\u00f1o suspendido Russell 92x48 o 111x48 cm con cajones y puerta en dos colores lavabo y espejo incluidos\",\"isPartOf\":{\"@id\":\"https:\/\/www.bagnoitalia.com\/es#website\"},\"primaryImageOfPage\":{\"@id\":\"https:\/\/www.bagnoitalia.com\/es\/producto\/suspended-russell-92x48-or-111x48-cm-bathroom-cabinet-with-drawers-and-door-in-two-colours-washbasin-and-mirror-included-2.html#primaryimage\"},\"image\":{\"@id\":\"https:\/\/www.bagnoitalia.com\/es\/producto\/suspended-russell-92x48-or-111x48-cm-bathroom-cabinet-with-drawers-and-door-in-two-colours-washbasin-and-mirror-included-2.html#primaryimage\"},\"thumbnailUrl\":\"https:\/\/img.bagnoitalia.com\/wp-content\/uploads\/virtuemart\/product\/mobile-bagno-russell-industrial-2-colori-1.jpg\",\"datePublished\":\"2024-04-10T12:16:57+00:00\",\"dateModified\":\"2024-06-07T13:37:32+00:00\",\"description\":\"Mueble de estilo industrial, disponible en dos colores efecto piedra: \u00f3xido gris o fresno bet\u00f3n. Compuesto por 2 cajones, una puerta, un lavabo cer\u00e1mico y un espejo con marco a juego. Tambi\u00e9n es posible a\u00f1adir a la composici\u00f3n un mueble alto en el mismo acabado que el armario, de 40x26,5xH135 cm.\",\"breadcrumb\":{\"@id\":\"https:\/\/www.bagnoitalia.com\/es\/producto\/suspended-russell-92x48-or-111x48-cm-bathroom-cabinet-with-drawers-and-door-in-two-colours-washbasin-and-mirror-included-2.html#breadcrumb\"},\"inLanguage\":\"es\",\"potentialAction\":[{\"@type\":\"ReadAction\",\"target\":[\"https:\/\/www.bagnoitalia.com\/es\/producto\/suspended-russell-92x48-or-111x48-cm-bathroom-cabinet-with-drawers-and-door-in-two-colours-washbasin-and-mirror-included-2.html\"]}]},{\"@type\":\"ImageObject\",\"inLanguage\":\"es\",\"@id\":\"https:\/\/www.bagnoitalia.com\/es\/producto\/suspended-russell-92x48-or-111x48-cm-bathroom-cabinet-with-drawers-and-door-in-two-colours-washbasin-and-mirror-included-2.html#primaryimage\",\"url\":\"https:\/\/img.bagnoitalia.com\/wp-content\/uploads\/virtuemart\/product\/mobile-bagno-russell-industrial-2-colori-1.jpg\",\"contentUrl\":\"https:\/\/img.bagnoitalia.com\/wp-content\/uploads\/virtuemart\/product\/mobile-bagno-russell-industrial-2-colori-1.jpg\",\"width\":550,\"height\":550},{\"@type\":\"BreadcrumbList\",\"@id\":\"https:\/\/www.bagnoitalia.com\/es\/producto\/suspended-russell-92x48-or-111x48-cm-bathroom-cabinet-with-drawers-and-door-in-two-colours-washbasin-and-mirror-included-2.html#breadcrumb\",\"itemListElement\":[{\"@type\":\"ListItem\",\"position\":1,\"name\":\"Home\",\"item\":\"https:\/\/www.bagnoitalia.com\/es\"},{\"@type\":\"ListItem\",\"position\":2,\"name\":\"Productos\",\"item\":\"https:\/\/www.bagnoitalia.com\/es\/shop\"},{\"@type\":\"ListItem\",\"position\":3,\"name\":\"Mueble de ba\u00f1o suspendido Russell 92&#215;48 o 111&#215;48 cm con cajones y puerta en dos colores lavabo y espejo incluidos\"}]},{\"@type\":\"WebSite\",\"@id\":\"https:\/\/www.bagnoitalia.com\/es#website\",\"url\":\"https:\/\/www.bagnoitalia.com\/es\",\"name\":\"Bagno Italia\",\"description\":\"\",\"publisher\":{\"@id\":\"https:\/\/www.bagnoitalia.com\/es#organization\"},\"potentialAction\":[{\"@type\":\"SearchAction\",\"target\":{\"@type\":\"EntryPoint\",\"urlTemplate\":\"https:\/\/www.bagnoitalia.com\/es?s={search_term_string}\"},\"query-input\":{\"@type\":\"PropertyValueSpecification\",\"valueRequired\":true,\"valueName\":\"search_term_string\"}}],\"inLanguage\":\"es\"},{\"@type\":\"Organization\",\"@id\":\"https:\/\/www.bagnoitalia.com\/es#organization\",\"name\":\"Bagno Italia\",\"url\":\"https:\/\/www.bagnoitalia.com\/es\",\"logo\":{\"@type\":\"ImageObject\",\"inLanguage\":\"es\",\"@id\":\"https:\/\/www.bagnoitalia.com\/es#\/schema\/logo\/image\/\",\"url\":\"https:\/\/img.bagnoitalia.com\/wp-content\/uploads\/logo-bagnoitalia.webp\",\"contentUrl\":\"https:\/\/img.bagnoitalia.com\/wp-content\/uploads\/logo-bagnoitalia.webp\",\"width\":400,\"height\":70,\"caption\":\"Bagno Italia\"},\"image\":{\"@id\":\"https:\/\/www.bagnoitalia.com\/es#\/schema\/logo\/image\/\"}}]}<\/script>\n<!-- \/ Yoast SEO plugin. -->","yoast_head_json":{"title":"Mueble de ba\u00f1o suspendido Russell 92x48 o 111x48 cm con cajones y puerta en dos colores lavabo y espejo incluidos","description":"Mueble de estilo industrial, disponible en dos colores efecto piedra: \u00f3xido gris o fresno bet\u00f3n. Compuesto por 2 cajones, una puerta, un lavabo cer\u00e1mico y un espejo con marco a juego. Tambi\u00e9n es posible a\u00f1adir a la composici\u00f3n un mueble alto en el mismo acabado que el armario, de 40x26,5xH135 cm.","robots":{"index":"index","follow":"follow","max-snippet":"max-snippet:-1","max-image-preview":"max-image-preview:large","max-video-preview":"max-video-preview:-1"},"canonical":"https:\/\/www.bagnoitalia.com\/es\/producto\/suspended-russell-92x48-or-111x48-cm-bathroom-cabinet-with-drawers-and-door-in-two-colours-washbasin-and-mirror-included-2.html","og_locale":"es_ES","og_type":"article","og_title":"Mueble de ba\u00f1o suspendido Russell 92x48 o 111x48 cm con cajones y puerta en dos colores lavabo y espejo incluidos","og_description":"Mueble de estilo industrial, disponible en dos colores efecto piedra: \u00f3xido gris o fresno bet\u00f3n. Compuesto por 2 cajones, una puerta, un lavabo cer\u00e1mico y un espejo con marco a juego. Tambi\u00e9n es posible a\u00f1adir a la composici\u00f3n un mueble alto en el mismo acabado que el armario, de 40x26,5xH135 cm.","og_url":"https:\/\/www.bagnoitalia.com\/es\/producto\/suspended-russell-92x48-or-111x48-cm-bathroom-cabinet-with-drawers-and-door-in-two-colours-washbasin-and-mirror-included-2.html","og_site_name":"Bagno Italia","article_modified_time":"2024-06-07T13:37:32+00:00","og_image":[{"width":550,"height":550,"url":"https:\/\/img.bagnoitalia.com\/wp-content\/uploads\/virtuemart\/product\/mobile-bagno-russell-industrial-2-colori-1.jpg","type":"image\/jpeg"}],"twitter_card":"summary_large_image","twitter_misc":{"Tiempo de lectura":"1 minuto"},"schema":{"@context":"https:\/\/schema.org","@graph":[{"@type":"WebPage","@id":"https:\/\/www.bagnoitalia.com\/es\/producto\/suspended-russell-92x48-or-111x48-cm-bathroom-cabinet-with-drawers-and-door-in-two-colours-washbasin-and-mirror-included-2.html","url":"https:\/\/www.bagnoitalia.com\/es\/producto\/suspended-russell-92x48-or-111x48-cm-bathroom-cabinet-with-drawers-and-door-in-two-colours-washbasin-and-mirror-included-2.html","name":"Mueble de ba\u00f1o suspendido Russell 92x48 o 111x48 cm con cajones y puerta en dos colores lavabo y espejo incluidos","isPartOf":{"@id":"https:\/\/www.bagnoitalia.com\/es#website"},"primaryImageOfPage":{"@id":"https:\/\/www.bagnoitalia.com\/es\/producto\/suspended-russell-92x48-or-111x48-cm-bathroom-cabinet-with-drawers-and-door-in-two-colours-washbasin-and-mirror-included-2.html#primaryimage"},"image":{"@id":"https:\/\/www.bagnoitalia.com\/es\/producto\/suspended-russell-92x48-or-111x48-cm-bathroom-cabinet-with-drawers-and-door-in-two-colours-washbasin-and-mirror-included-2.html#primaryimage"},"thumbnailUrl":"https:\/\/img.bagnoitalia.com\/wp-content\/uploads\/virtuemart\/product\/mobile-bagno-russell-industrial-2-colori-1.jpg","datePublished":"2024-04-10T12:16:57+00:00","dateModified":"2024-06-07T13:37:32+00:00","description":"Mueble de estilo industrial, disponible en dos colores efecto piedra: \u00f3xido gris o fresno bet\u00f3n. Compuesto por 2 cajones, una puerta, un lavabo cer\u00e1mico y un espejo con marco a juego. Tambi\u00e9n es posible a\u00f1adir a la composici\u00f3n un mueble alto en el mismo acabado que el armario, de 40x26,5xH135 cm.","breadcrumb":{"@id":"https:\/\/www.bagnoitalia.com\/es\/producto\/suspended-russell-92x48-or-111x48-cm-bathroom-cabinet-with-drawers-and-door-in-two-colours-washbasin-and-mirror-included-2.html#breadcrumb"},"inLanguage":"es","potentialAction":[{"@type":"ReadAction","target":["https:\/\/www.bagnoitalia.com\/es\/producto\/suspended-russell-92x48-or-111x48-cm-bathroom-cabinet-with-drawers-and-door-in-two-colours-washbasin-and-mirror-included-2.html"]}]},{"@type":"ImageObject","inLanguage":"es","@id":"https:\/\/www.bagnoitalia.com\/es\/producto\/suspended-russell-92x48-or-111x48-cm-bathroom-cabinet-with-drawers-and-door-in-two-colours-washbasin-and-mirror-included-2.html#primaryimage","url":"https:\/\/img.bagnoitalia.com\/wp-content\/uploads\/virtuemart\/product\/mobile-bagno-russell-industrial-2-colori-1.jpg","contentUrl":"https:\/\/img.bagnoitalia.com\/wp-content\/uploads\/virtuemart\/product\/mobile-bagno-russell-industrial-2-colori-1.jpg","width":550,"height":550},{"@type":"BreadcrumbList","@id":"https:\/\/www.bagnoitalia.com\/es\/producto\/suspended-russell-92x48-or-111x48-cm-bathroom-cabinet-with-drawers-and-door-in-two-colours-washbasin-and-mirror-included-2.html#breadcrumb","itemListElement":[{"@type":"ListItem","position":1,"name":"Home","item":"https:\/\/www.bagnoitalia.com\/es"},{"@type":"ListItem","position":2,"name":"Productos","item":"https:\/\/www.bagnoitalia.com\/es\/shop"},{"@type":"ListItem","position":3,"name":"Mueble de ba\u00f1o suspendido Russell 92&#215;48 o 111&#215;48 cm con cajones y puerta en dos colores lavabo y espejo incluidos"}]},{"@type":"WebSite","@id":"https:\/\/www.bagnoitalia.com\/es#website","url":"https:\/\/www.bagnoitalia.com\/es","name":"Bagno Italia","description":"","publisher":{"@id":"https:\/\/www.bagnoitalia.com\/es#organization"},"potentialAction":[{"@type":"SearchAction","target":{"@type":"EntryPoint","urlTemplate":"https:\/\/www.bagnoitalia.com\/es?s={search_term_string}"},"query-input":{"@type":"PropertyValueSpecification","valueRequired":true,"valueName":"search_term_string"}}],"inLanguage":"es"},{"@type":"Organization","@id":"https:\/\/www.bagnoitalia.com\/es#organization","name":"Bagno Italia","url":"https:\/\/www.bagnoitalia.com\/es","logo":{"@type":"ImageObject","inLanguage":"es","@id":"https:\/\/www.bagnoitalia.com\/es#\/schema\/logo\/image\/","url":"https:\/\/img.bagnoitalia.com\/wp-content\/uploads\/logo-bagnoitalia.webp","contentUrl":"https:\/\/img.bagnoitalia.com\/wp-content\/uploads\/logo-bagnoitalia.webp","width":400,"height":70,"caption":"Bagno Italia"},"image":{"@id":"https:\/\/www.bagnoitalia.com\/es#\/schema\/logo\/image\/"}}]}},"_links":{"self":[{"href":"https:\/\/www.bagnoitalia.com\/es\/wp-json\/wp\/v2\/product\/84259","targetHints":{"allow":["GET"]}}],"collection":[{"href":"https:\/\/www.bagnoitalia.com\/es\/wp-json\/wp\/v2\/product"}],"about":[{"href":"https:\/\/www.bagnoitalia.com\/es\/wp-json\/wp\/v2\/types\/product"}],"replies":[{"embeddable":true,"href":"https:\/\/www.bagnoitalia.com\/es\/wp-json\/wp\/v2\/comments?post=84259"}],"version-history":[{"count":1,"href":"https:\/\/www.bagnoitalia.com\/es\/wp-json\/wp\/v2\/product\/84259\/revisions"}],"predecessor-version":[{"id":89710,"href":"https:\/\/www.bagnoitalia.com\/es\/wp-json\/wp\/v2\/product\/84259\/revisions\/89710"}],"wp:featuredmedia":[{"embeddable":true,"href":"https:\/\/www.bagnoitalia.com\/es\/wp-json\/wp\/v2\/media\/74637"}],"wp:attachment":[{"href":"https:\/\/www.bagnoitalia.com\/es\/wp-json\/wp\/v2\/media?parent=84259"}],"wp:term":[{"taxonomy":"product_brand","embeddable":true,"href":"https:\/\/www.bagnoitalia.com\/es\/wp-json\/wp\/v2\/product_brand?post=84259"},{"taxonomy":"product_cat","embeddable":true,"href":"https:\/\/www.bagnoitalia.com\/es\/wp-json\/wp\/v2\/product_cat?post=84259"},{"taxonomy":"product_tag","embeddable":true,"href":"https:\/\/www.bagnoitalia.com\/es\/wp-json\/wp\/v2\/product_tag?post=84259"}],"curies":[{"name":"wp","href":"https:\/\/api.w.org\/{rel}","templated":true}]}}