{"id":84255,"date":"2024-04-10T13:58:18","date_gmt":"2024-04-10T11:58:18","guid":{"rendered":"https:\/\/www.bagnoitalia.com\/product\/major2-90x46-cm-two-coloured-wave-bathroom-cabinet-in-3-finishes-with-washbasin-drawers-and-mirror-2"},"modified":"2025-01-13T10:28:02","modified_gmt":"2025-01-13T09:28:02","slug":"major2-90x46-cm-two-coloured-wave-bathroom-cabinet-in-3-finishes-with-washbasin-drawers-and-mirror-2","status":"publish","type":"product","link":"https:\/\/www.bagnoitalia.com\/es\/producto\/major2-90x46-cm-two-coloured-wave-bathroom-cabinet-in-3-finishes-with-washbasin-drawers-and-mirror-2.html","title":{"rendered":"Mueble de ba\u00f1o Major2 90&#215;46 cm onda bicolor en 2 acabados con cajones para lavabo y espejo"},"content":{"rendered":"<p>MUEBLE DE BA\u00d1O &#8216;MAJOR2&#8217; WAVE<\/p>\n<p>&nbsp;<\/p>\n<p>&nbsp;<\/p>\n<p>&nbsp;<\/p>\n<p>PRINCIPALES CARACTER\u00cdSTICAS DEL PRODUCTO<\/p>\n<p>&nbsp;<\/p>\n<p>&nbsp;<\/p>\n<p>Mueble de ba\u00f1o moderno con forma de \u00abola<\/p>\n<p>Instalaci\u00f3n suspendida, soportes incluidos<\/p>\n<p>Estructura de MDF con revestimiento de pvc<\/p>\n<p>Cierre del caj\u00f3n: cierre suave<\/p>\n<p>Apertura del caj\u00f3n: ranura (sin tirador)<\/p>\n<p>Lavabo de m\u00e1rmol mineral, con orificio de rebose<\/p>\n<p>Espejo incluido en el precio<\/p>\n<p>En el men\u00fa desplegable puede a\u00f1adir una COLUMNA a juego, 30xD24xH150 cm, reversible y con estantes regulables<\/p>\n<p>ATENCI\u00d3N: grifer\u00eda NO incluida en el precio<\/p>\n<p>&nbsp;<\/p>\n<p>&nbsp;<\/p>\n<p>&nbsp;<\/p>\n<p>COLORES DISPONIBLES:<\/p>\n<p>&nbsp;<\/p>\n<p>&nbsp;<\/p>\n<p>estructura NOGAL CANAL con frente de caj\u00f3n VERDE BOTELLA<\/p>\n<p>estructura BOTTLE GREEN con frente de caj\u00f3n CANALETTO WALNUT<\/p>\n<p>&nbsp;<\/p>\n<p>ATENCI\u00d3N: el armario azul-blanco ya no est\u00e1 disponible, est\u00e1 fuera de producci\u00f3n.<\/p>\n<p>&nbsp;<\/p>\n<p>&nbsp;<\/p>\n<p>MEDIDAS<\/p>\n<p>&nbsp;<\/p>\n<p>&nbsp;<\/p>\n<p>Longitud total 90 cm<\/p>\n<p>Profundidad m\u00ednima (lado DERECHO) 36 cm<\/p>\n<p>Profundidad m\u00e1xima (lado IZQUIERDO) 46 cm<\/p>\n<p>Altura total 50 cm<\/p>\n<p>Espejo reversible 90\u00d770 cm<\/p>\n<p>&nbsp;<\/p>\n<p>&nbsp;<\/p>\n<p>&nbsp;<\/p>\n<p>&nbsp;<\/p>\n<p>&nbsp;<\/p>\n<p>&nbsp;<\/p>\n<p>&nbsp;<\/p>\n<p>&nbsp;<\/p>\n<p>&nbsp;<\/p>\n<p>&nbsp;<\/p>\n<p>&nbsp;<\/p>\n<p>&nbsp;<\/p>\n<p>&nbsp;<\/p>\n<p>&nbsp;<\/p>\n<p>&nbsp;<\/p>\n<p>&nbsp;<\/p>\n<p>&nbsp;<\/p>\n<p>&nbsp;<\/p>\n<p>808001<br \/>\n808002<br \/>\n808003<\/p>\n<p>808007<br \/>\n808008<br \/>\n808009<\/p>\n<p>&nbsp;<\/p>\n<p>&nbsp;<\/p>\n","protected":false},"excerpt":{"rendered":"<p>Mueble moderno con una funcional forma de \u00abola\u00bb que permite una profundidad reducida en el lado derecho de s\u00f3lo 36 cm, mientras que en el lado izquierdo la profundidad m\u00e1xima es de 46 cm. Puede elegir entre tres combinaciones de colores: verde y nogal, o nogal y verde. La columna no est\u00e1 incluida en el precio, pero puede a\u00f1adirse a trav\u00e9s del men\u00fa desplegable.<\/p>\n","protected":false},"featured_media":74563,"comment_status":"open","ping_status":"closed","template":"","meta":[],"product_brand":[5018],"product_cat":[9721],"product_tag":[],"class_list":{"0":"post-84255","1":"product","2":"type-product","3":"status-publish","4":"has-post-thumbnail","6":"product_brand-brand-store","7":"product_cat-mueble-de-bano-de-71-a-100-cm-muebles-modernos","9":"first","10":"instock","11":"sale","12":"taxable","13":"shipping-taxable","14":"purchasable","15":"product-type-simple"},"exclude_global_add_ons":false,"addons":[{"name":"color","type":"multiple_choice","position":0,"required":true,"title_format":"heading","default":"","description_enable":false,"description":"","placeholder_enable":false,"placeholder":"","display":"select","restrictions_type":"any_text","adjust_price":false,"price":"","price_type":"flat_fee","restrictions":false,"min":"0","max":"0","options":[{"label":"Estructura verde botella y frente de nogal","price":"","price_type":"quantity_based","image":0,"visibility":true},{"label":"Estructura de nogal y frente verde botella","price":"","price_type":"quantity_based","image":0,"visibility":true}],"id":1717602289},{"name":"columna","type":"multiple_choice","position":1,"required":true,"title_format":"heading","default":"","description_enable":false,"description":"","placeholder_enable":false,"placeholder":"","display":"select","restrictions_type":"any_text","adjust_price":false,"price":"","price_type":"flat_fee","restrictions":false,"min":"0","max":"0","options":[{"label":"sin columna","price":"","price_type":"quantity_based","image":0,"visibility":true},{"label":"una columna 30x24xH150 cm","price":"189","price_type":"quantity_based","image":0,"visibility":true}],"id":1717602290},{"name":"aplique","type":"multiple_choice","position":2,"required":true,"title_format":"heading","default":"","description_enable":false,"description":"","placeholder_enable":false,"placeholder":"","display":"select","restrictions_type":"any_text","adjust_price":false,"price":"","price_type":"flat_fee","restrictions":false,"min":"0","max":"0","options":[{"label":"SIN aplique","price":"","price_type":"quantity_based","image":0,"visibility":true},{"label":"Aplique-led-cromado","price":"20","price_type":"quantity_based","image":0,"visibility":true},{"label":"Aplique-led-negro","price":"25","price_type":"quantity_based","image":0,"visibility":true}],"id":1717602291}],"yoast_head":"<!-- This site is optimized with the Yoast SEO plugin v26.7 - https:\/\/yoast.com\/wordpress\/plugins\/seo\/ -->\n<title>Mueble de ba\u00f1o Major2 90x46 cm onda bicolor en 3 acabados con cajones para lavabo y espejo<\/title>\n<meta name=\"description\" content=\"Mueble moderno con una funcional forma de &quot;ola&quot; que permite una profundidad reducida en el lado derecho de s\u00f3lo 36 cm, mientras que en el lado izquierdo la profundidad m\u00e1xima es de 46 cm. Puede elegir entre tres combinaciones de colores: verde y nogal, o nogal y verde, o blanco y azul claro. La columna no est\u00e1 incluida en el precio, pero puede a\u00f1adirse a trav\u00e9s del men\u00fa desplegable.\" \/>\n<meta name=\"robots\" content=\"index, follow, max-snippet:-1, max-image-preview:large, max-video-preview:-1\" \/>\n<link rel=\"canonical\" href=\"https:\/\/www.bagnoitalia.com\/es\/producto\/major2-90x46-cm-two-coloured-wave-bathroom-cabinet-in-3-finishes-with-washbasin-drawers-and-mirror-2.html\" \/>\n<meta property=\"og:locale\" content=\"es_ES\" \/>\n<meta property=\"og:type\" content=\"article\" \/>\n<meta property=\"og:title\" content=\"Mueble de ba\u00f1o Major2 90x46 cm onda bicolor en 3 acabados con cajones para lavabo y espejo\" \/>\n<meta property=\"og:description\" content=\"Mueble moderno con una funcional forma de &quot;ola&quot; que permite una profundidad reducida en el lado derecho de s\u00f3lo 36 cm, mientras que en el lado izquierdo la profundidad m\u00e1xima es de 46 cm. Puede elegir entre tres combinaciones de colores: verde y nogal, o nogal y verde, o blanco y azul claro. La columna no est\u00e1 incluida en el precio, pero puede a\u00f1adirse a trav\u00e9s del men\u00fa desplegable.\" \/>\n<meta property=\"og:url\" content=\"https:\/\/www.bagnoitalia.com\/es\/producto\/major2-90x46-cm-two-coloured-wave-bathroom-cabinet-in-3-finishes-with-washbasin-drawers-and-mirror-2.html\" \/>\n<meta property=\"og:site_name\" content=\"Bagno Italia\" \/>\n<meta property=\"article:modified_time\" content=\"2025-01-13T09:28:02+00:00\" \/>\n<meta property=\"og:image\" content=\"https:\/\/img.bagnoitalia.com\/wp-content\/uploads\/virtuemart\/product\/mobile-bagno-onda-major2-colori-1.jpg\" \/>\n\t<meta property=\"og:image:width\" content=\"550\" \/>\n\t<meta property=\"og:image:height\" content=\"550\" \/>\n\t<meta property=\"og:image:type\" content=\"image\/jpeg\" \/>\n<meta name=\"twitter:card\" content=\"summary_large_image\" \/>\n<meta name=\"twitter:label1\" content=\"Tiempo de lectura\" \/>\n\t<meta name=\"twitter:data1\" content=\"1 minuto\" \/>\n<script type=\"application\/ld+json\" class=\"yoast-schema-graph\">{\"@context\":\"https:\/\/schema.org\",\"@graph\":[{\"@type\":\"WebPage\",\"@id\":\"https:\/\/www.bagnoitalia.com\/es\/producto\/major2-90x46-cm-two-coloured-wave-bathroom-cabinet-in-3-finishes-with-washbasin-drawers-and-mirror-2.html\",\"url\":\"https:\/\/www.bagnoitalia.com\/es\/producto\/major2-90x46-cm-two-coloured-wave-bathroom-cabinet-in-3-finishes-with-washbasin-drawers-and-mirror-2.html\",\"name\":\"Mueble de ba\u00f1o Major2 90x46 cm onda bicolor en 3 acabados con cajones para lavabo y espejo\",\"isPartOf\":{\"@id\":\"https:\/\/www.bagnoitalia.com\/es#website\"},\"primaryImageOfPage\":{\"@id\":\"https:\/\/www.bagnoitalia.com\/es\/producto\/major2-90x46-cm-two-coloured-wave-bathroom-cabinet-in-3-finishes-with-washbasin-drawers-and-mirror-2.html#primaryimage\"},\"image\":{\"@id\":\"https:\/\/www.bagnoitalia.com\/es\/producto\/major2-90x46-cm-two-coloured-wave-bathroom-cabinet-in-3-finishes-with-washbasin-drawers-and-mirror-2.html#primaryimage\"},\"thumbnailUrl\":\"https:\/\/img.bagnoitalia.com\/wp-content\/uploads\/virtuemart\/product\/mobile-bagno-onda-major2-colori-1.jpg\",\"datePublished\":\"2024-04-10T11:58:18+00:00\",\"dateModified\":\"2025-01-13T09:28:02+00:00\",\"description\":\"Mueble moderno con una funcional forma de \\\"ola\\\" que permite una profundidad reducida en el lado derecho de s\u00f3lo 36 cm, mientras que en el lado izquierdo la profundidad m\u00e1xima es de 46 cm. Puede elegir entre tres combinaciones de colores: verde y nogal, o nogal y verde, o blanco y azul claro. La columna no est\u00e1 incluida en el precio, pero puede a\u00f1adirse a trav\u00e9s del men\u00fa desplegable.\",\"breadcrumb\":{\"@id\":\"https:\/\/www.bagnoitalia.com\/es\/producto\/major2-90x46-cm-two-coloured-wave-bathroom-cabinet-in-3-finishes-with-washbasin-drawers-and-mirror-2.html#breadcrumb\"},\"inLanguage\":\"es\",\"potentialAction\":[{\"@type\":\"ReadAction\",\"target\":[\"https:\/\/www.bagnoitalia.com\/es\/producto\/major2-90x46-cm-two-coloured-wave-bathroom-cabinet-in-3-finishes-with-washbasin-drawers-and-mirror-2.html\"]}]},{\"@type\":\"ImageObject\",\"inLanguage\":\"es\",\"@id\":\"https:\/\/www.bagnoitalia.com\/es\/producto\/major2-90x46-cm-two-coloured-wave-bathroom-cabinet-in-3-finishes-with-washbasin-drawers-and-mirror-2.html#primaryimage\",\"url\":\"https:\/\/img.bagnoitalia.com\/wp-content\/uploads\/virtuemart\/product\/mobile-bagno-onda-major2-colori-1.jpg\",\"contentUrl\":\"https:\/\/img.bagnoitalia.com\/wp-content\/uploads\/virtuemart\/product\/mobile-bagno-onda-major2-colori-1.jpg\",\"width\":550,\"height\":550},{\"@type\":\"BreadcrumbList\",\"@id\":\"https:\/\/www.bagnoitalia.com\/es\/producto\/major2-90x46-cm-two-coloured-wave-bathroom-cabinet-in-3-finishes-with-washbasin-drawers-and-mirror-2.html#breadcrumb\",\"itemListElement\":[{\"@type\":\"ListItem\",\"position\":1,\"name\":\"Home\",\"item\":\"https:\/\/www.bagnoitalia.com\/es\"},{\"@type\":\"ListItem\",\"position\":2,\"name\":\"Productos\",\"item\":\"https:\/\/www.bagnoitalia.com\/es\/shop\"},{\"@type\":\"ListItem\",\"position\":3,\"name\":\"Mueble de ba\u00f1o Major2 90&#215;46 cm onda bicolor en 2 acabados con cajones para lavabo y espejo\"}]},{\"@type\":\"WebSite\",\"@id\":\"https:\/\/www.bagnoitalia.com\/es#website\",\"url\":\"https:\/\/www.bagnoitalia.com\/es\",\"name\":\"Bagno Italia\",\"description\":\"\",\"publisher\":{\"@id\":\"https:\/\/www.bagnoitalia.com\/es#organization\"},\"potentialAction\":[{\"@type\":\"SearchAction\",\"target\":{\"@type\":\"EntryPoint\",\"urlTemplate\":\"https:\/\/www.bagnoitalia.com\/es?s={search_term_string}\"},\"query-input\":{\"@type\":\"PropertyValueSpecification\",\"valueRequired\":true,\"valueName\":\"search_term_string\"}}],\"inLanguage\":\"es\"},{\"@type\":\"Organization\",\"@id\":\"https:\/\/www.bagnoitalia.com\/es#organization\",\"name\":\"Bagno Italia\",\"url\":\"https:\/\/www.bagnoitalia.com\/es\",\"logo\":{\"@type\":\"ImageObject\",\"inLanguage\":\"es\",\"@id\":\"https:\/\/www.bagnoitalia.com\/es#\/schema\/logo\/image\/\",\"url\":\"https:\/\/img.bagnoitalia.com\/wp-content\/uploads\/logo-bagnoitalia.webp\",\"contentUrl\":\"https:\/\/img.bagnoitalia.com\/wp-content\/uploads\/logo-bagnoitalia.webp\",\"width\":400,\"height\":70,\"caption\":\"Bagno Italia\"},\"image\":{\"@id\":\"https:\/\/www.bagnoitalia.com\/es#\/schema\/logo\/image\/\"}}]}<\/script>\n<!-- \/ Yoast SEO plugin. -->","yoast_head_json":{"title":"Mueble de ba\u00f1o Major2 90x46 cm onda bicolor en 3 acabados con cajones para lavabo y espejo","description":"Mueble moderno con una funcional forma de \"ola\" que permite una profundidad reducida en el lado derecho de s\u00f3lo 36 cm, mientras que en el lado izquierdo la profundidad m\u00e1xima es de 46 cm. Puede elegir entre tres combinaciones de colores: verde y nogal, o nogal y verde, o blanco y azul claro. La columna no est\u00e1 incluida en el precio, pero puede a\u00f1adirse a trav\u00e9s del men\u00fa desplegable.","robots":{"index":"index","follow":"follow","max-snippet":"max-snippet:-1","max-image-preview":"max-image-preview:large","max-video-preview":"max-video-preview:-1"},"canonical":"https:\/\/www.bagnoitalia.com\/es\/producto\/major2-90x46-cm-two-coloured-wave-bathroom-cabinet-in-3-finishes-with-washbasin-drawers-and-mirror-2.html","og_locale":"es_ES","og_type":"article","og_title":"Mueble de ba\u00f1o Major2 90x46 cm onda bicolor en 3 acabados con cajones para lavabo y espejo","og_description":"Mueble moderno con una funcional forma de \"ola\" que permite una profundidad reducida en el lado derecho de s\u00f3lo 36 cm, mientras que en el lado izquierdo la profundidad m\u00e1xima es de 46 cm. Puede elegir entre tres combinaciones de colores: verde y nogal, o nogal y verde, o blanco y azul claro. La columna no est\u00e1 incluida en el precio, pero puede a\u00f1adirse a trav\u00e9s del men\u00fa desplegable.","og_url":"https:\/\/www.bagnoitalia.com\/es\/producto\/major2-90x46-cm-two-coloured-wave-bathroom-cabinet-in-3-finishes-with-washbasin-drawers-and-mirror-2.html","og_site_name":"Bagno Italia","article_modified_time":"2025-01-13T09:28:02+00:00","og_image":[{"width":550,"height":550,"url":"https:\/\/img.bagnoitalia.com\/wp-content\/uploads\/virtuemart\/product\/mobile-bagno-onda-major2-colori-1.jpg","type":"image\/jpeg"}],"twitter_card":"summary_large_image","twitter_misc":{"Tiempo de lectura":"1 minuto"},"schema":{"@context":"https:\/\/schema.org","@graph":[{"@type":"WebPage","@id":"https:\/\/www.bagnoitalia.com\/es\/producto\/major2-90x46-cm-two-coloured-wave-bathroom-cabinet-in-3-finishes-with-washbasin-drawers-and-mirror-2.html","url":"https:\/\/www.bagnoitalia.com\/es\/producto\/major2-90x46-cm-two-coloured-wave-bathroom-cabinet-in-3-finishes-with-washbasin-drawers-and-mirror-2.html","name":"Mueble de ba\u00f1o Major2 90x46 cm onda bicolor en 3 acabados con cajones para lavabo y espejo","isPartOf":{"@id":"https:\/\/www.bagnoitalia.com\/es#website"},"primaryImageOfPage":{"@id":"https:\/\/www.bagnoitalia.com\/es\/producto\/major2-90x46-cm-two-coloured-wave-bathroom-cabinet-in-3-finishes-with-washbasin-drawers-and-mirror-2.html#primaryimage"},"image":{"@id":"https:\/\/www.bagnoitalia.com\/es\/producto\/major2-90x46-cm-two-coloured-wave-bathroom-cabinet-in-3-finishes-with-washbasin-drawers-and-mirror-2.html#primaryimage"},"thumbnailUrl":"https:\/\/img.bagnoitalia.com\/wp-content\/uploads\/virtuemart\/product\/mobile-bagno-onda-major2-colori-1.jpg","datePublished":"2024-04-10T11:58:18+00:00","dateModified":"2025-01-13T09:28:02+00:00","description":"Mueble moderno con una funcional forma de \"ola\" que permite una profundidad reducida en el lado derecho de s\u00f3lo 36 cm, mientras que en el lado izquierdo la profundidad m\u00e1xima es de 46 cm. Puede elegir entre tres combinaciones de colores: verde y nogal, o nogal y verde, o blanco y azul claro. La columna no est\u00e1 incluida en el precio, pero puede a\u00f1adirse a trav\u00e9s del men\u00fa desplegable.","breadcrumb":{"@id":"https:\/\/www.bagnoitalia.com\/es\/producto\/major2-90x46-cm-two-coloured-wave-bathroom-cabinet-in-3-finishes-with-washbasin-drawers-and-mirror-2.html#breadcrumb"},"inLanguage":"es","potentialAction":[{"@type":"ReadAction","target":["https:\/\/www.bagnoitalia.com\/es\/producto\/major2-90x46-cm-two-coloured-wave-bathroom-cabinet-in-3-finishes-with-washbasin-drawers-and-mirror-2.html"]}]},{"@type":"ImageObject","inLanguage":"es","@id":"https:\/\/www.bagnoitalia.com\/es\/producto\/major2-90x46-cm-two-coloured-wave-bathroom-cabinet-in-3-finishes-with-washbasin-drawers-and-mirror-2.html#primaryimage","url":"https:\/\/img.bagnoitalia.com\/wp-content\/uploads\/virtuemart\/product\/mobile-bagno-onda-major2-colori-1.jpg","contentUrl":"https:\/\/img.bagnoitalia.com\/wp-content\/uploads\/virtuemart\/product\/mobile-bagno-onda-major2-colori-1.jpg","width":550,"height":550},{"@type":"BreadcrumbList","@id":"https:\/\/www.bagnoitalia.com\/es\/producto\/major2-90x46-cm-two-coloured-wave-bathroom-cabinet-in-3-finishes-with-washbasin-drawers-and-mirror-2.html#breadcrumb","itemListElement":[{"@type":"ListItem","position":1,"name":"Home","item":"https:\/\/www.bagnoitalia.com\/es"},{"@type":"ListItem","position":2,"name":"Productos","item":"https:\/\/www.bagnoitalia.com\/es\/shop"},{"@type":"ListItem","position":3,"name":"Mueble de ba\u00f1o Major2 90&#215;46 cm onda bicolor en 2 acabados con cajones para lavabo y espejo"}]},{"@type":"WebSite","@id":"https:\/\/www.bagnoitalia.com\/es#website","url":"https:\/\/www.bagnoitalia.com\/es","name":"Bagno Italia","description":"","publisher":{"@id":"https:\/\/www.bagnoitalia.com\/es#organization"},"potentialAction":[{"@type":"SearchAction","target":{"@type":"EntryPoint","urlTemplate":"https:\/\/www.bagnoitalia.com\/es?s={search_term_string}"},"query-input":{"@type":"PropertyValueSpecification","valueRequired":true,"valueName":"search_term_string"}}],"inLanguage":"es"},{"@type":"Organization","@id":"https:\/\/www.bagnoitalia.com\/es#organization","name":"Bagno Italia","url":"https:\/\/www.bagnoitalia.com\/es","logo":{"@type":"ImageObject","inLanguage":"es","@id":"https:\/\/www.bagnoitalia.com\/es#\/schema\/logo\/image\/","url":"https:\/\/img.bagnoitalia.com\/wp-content\/uploads\/logo-bagnoitalia.webp","contentUrl":"https:\/\/img.bagnoitalia.com\/wp-content\/uploads\/logo-bagnoitalia.webp","width":400,"height":70,"caption":"Bagno Italia"},"image":{"@id":"https:\/\/www.bagnoitalia.com\/es#\/schema\/logo\/image\/"}}]}},"_links":{"self":[{"href":"https:\/\/www.bagnoitalia.com\/es\/wp-json\/wp\/v2\/product\/84255","targetHints":{"allow":["GET"]}}],"collection":[{"href":"https:\/\/www.bagnoitalia.com\/es\/wp-json\/wp\/v2\/product"}],"about":[{"href":"https:\/\/www.bagnoitalia.com\/es\/wp-json\/wp\/v2\/types\/product"}],"replies":[{"embeddable":true,"href":"https:\/\/www.bagnoitalia.com\/es\/wp-json\/wp\/v2\/comments?post=84255"}],"version-history":[{"count":4,"href":"https:\/\/www.bagnoitalia.com\/es\/wp-json\/wp\/v2\/product\/84255\/revisions"}],"predecessor-version":[{"id":100286,"href":"https:\/\/www.bagnoitalia.com\/es\/wp-json\/wp\/v2\/product\/84255\/revisions\/100286"}],"wp:featuredmedia":[{"embeddable":true,"href":"https:\/\/www.bagnoitalia.com\/es\/wp-json\/wp\/v2\/media\/74563"}],"wp:attachment":[{"href":"https:\/\/www.bagnoitalia.com\/es\/wp-json\/wp\/v2\/media?parent=84255"}],"wp:term":[{"taxonomy":"product_brand","embeddable":true,"href":"https:\/\/www.bagnoitalia.com\/es\/wp-json\/wp\/v2\/product_brand?post=84255"},{"taxonomy":"product_cat","embeddable":true,"href":"https:\/\/www.bagnoitalia.com\/es\/wp-json\/wp\/v2\/product_cat?post=84255"},{"taxonomy":"product_tag","embeddable":true,"href":"https:\/\/www.bagnoitalia.com\/es\/wp-json\/wp\/v2\/product_tag?post=84255"}],"curies":[{"name":"wp","href":"https:\/\/api.w.org\/{rel}","templated":true}]}}