{"id":84251,"date":"2024-04-04T14:49:56","date_gmt":"2024-04-04T12:49:56","guid":{"rendered":"https:\/\/www.bagnoitalia.com\/product\/major-90x50-cm-curved-two-drawer-bathroom-furniture-in-3-colours-with-marble-basin-and-mirror-2"},"modified":"2024-06-05T15:37:17","modified_gmt":"2024-06-05T13:37:17","slug":"major-90x50-cm-curved-two-drawer-bathroom-furniture-in-3-colours-with-marble-basin-and-mirror-2","status":"publish","type":"product","link":"https:\/\/www.bagnoitalia.com\/es\/producto\/major-90x50-cm-curved-two-drawer-bathroom-furniture-in-3-colours-with-marble-basin-and-mirror-2.html","title":{"rendered":"Mueble de ba\u00f1o Major 90&#215;50 cm curvado de dos cajones en 3 colores con lavabo de m\u00e1rmol y espejo"},"content":{"rendered":"<p>MUEBLE DE BA\u00d1O CURVO modelo \u00abMAJOR<\/p>\n<p>&nbsp;<\/p>\n<p>&nbsp;<\/p>\n<p>&nbsp;<\/p>\n<p>Mueble de ba\u00f1o suspendido, compuesto por:<\/p>\n<p>n. 1 mueble bajo con dos cajones<\/p>\n<p>n. 1 lavabo<\/p>\n<p>n. 1 espejo<\/p>\n<p>&nbsp;<\/p>\n<p>&nbsp;<\/p>\n<p>&nbsp;<\/p>\n<p>DIMENSIONES<\/p>\n<p>&nbsp;<\/p>\n<p>&nbsp;<\/p>\n<p>Longitud total 90 cm<\/p>\n<p>Profundidad m\u00ednima (laterales) 34,5 cm<\/p>\n<p>Profundidad m\u00e1xima (centro) 50 cm<\/p>\n<p>Altura total 50 cm<\/p>\n<p>(Tenga en cuenta que el lavabo puede tener una tolerancia de +1 o +1,5 cm)<\/p>\n<p>Espejo reversible 90&#215;70 cm<\/p>\n<p>&nbsp;<\/p>\n<p>&nbsp;<\/p>\n<p>&nbsp;<\/p>\n<p>DETALLES Y MATERIALES<\/p>\n<p>&nbsp;<\/p>\n<p>&nbsp;<\/p>\n<p>Mueble curvado bicolor, a elegir entre las siguientes combinaciones:<\/p>\n<p>&#8211; estructura NOGAL CANAL con frente de caj\u00f3n VERDE BOTELLA<\/p>\n<p>&#8211; estructura BOTTLE GREEN con frente de caj\u00f3n CANALETTO WALNUT<\/p>\n<p>&#8211; estructura BLANCO MATE con frente POLY AZUL<\/p>\n<p>Seleccione el color deseado en el men\u00fa desplegable<\/p>\n<p>A trav\u00e9s del men\u00fa superior, tambi\u00e9n puede a\u00f1adir a la composici\u00f3n una COLUMNA a juego, de medidas 30xP24xAl150 cm, reversible y con estantes regulables;<\/p>\n<p>Armario de MDF con revestimiento de PVC<\/p>\n<p>Cajones con mecanismo de cierre suave y apertura ranurada sin tirador<\/p>\n<p>Lavabo de m\u00e1rmol blanco pulido con orificio de rebose<\/p>\n<p>Soportes de fijaci\u00f3n incluidos<\/p>\n<p>ATENCI\u00d3N: Grifer\u00eda no incluida en la oferta<\/p>\n<p>&nbsp;<\/p>\n<p>&nbsp;<\/p>\n<p>&nbsp;<\/p>\n<p>&nbsp;<\/p>\n<p>&nbsp;<\/p>\n<p>&nbsp;<\/p>\n<p>&nbsp;<\/p>\n<p>&nbsp;<\/p>\n<p>&nbsp;<\/p>\n<p>&nbsp;<\/p>\n<p>&nbsp;<\/p>\n<p>&nbsp;<\/p>\n<p>&nbsp;<\/p>\n<p>&nbsp;<\/p>\n<p>&nbsp;<\/p>\n<p>&nbsp;<\/p>\n<p>&nbsp;<\/p>\n<p>808004<br \/>\n808005<br \/>\n808006<br \/>\n808007<br \/>\n808008<br \/>\n808009<\/p>\n<p>&nbsp;<\/p>\n<p>&nbsp;<\/p>\n","protected":false},"excerpt":{"rendered":"<p>Mueble de dise\u00f1o moderno, disponible en 3 combinaciones de colores: verde botella con frentes de nogal, o blanco mate con frentes azul claro, o nogal con frentes verde botella. El lavabo, as\u00ed como el espejo, est\u00e1n incluidos en el precio. Tambi\u00e9n es posible a\u00f1adir un mueble alto<\/p>\n","protected":false},"featured_media":74485,"comment_status":"open","ping_status":"closed","template":"","meta":[],"product_brand":[5018],"product_cat":[10117],"product_tag":[],"class_list":{"0":"post-84251","1":"product","2":"type-product","3":"status-publish","4":"has-post-thumbnail","6":"product_brand-brand-store","7":"product_cat-senza-categoria-es","9":"first","10":"outofstock","11":"taxable","12":"shipping-taxable","13":"purchasable","14":"product-type-simple"},"exclude_global_add_ons":false,"addons":[{"name":"color","type":"multiple_choice","position":0,"required":true,"title_format":"heading","default":"","description_enable":false,"description":"","placeholder_enable":false,"placeholder":"","display":"select","restrictions_type":"any_text","adjust_price":false,"price":"","price_type":"flat_fee","restrictions":false,"min":"0","max":"0","options":[{"label":"Estructura verde botella y frente de nogal","price":"","price_type":"quantity_based","image":0,"visibility":true},{"label":"Estructura Blanco Mate y frente Azul Celeste","price":"","price_type":"quantity_based","image":0,"visibility":true},{"label":"Estructura de nogal y frente verde botella","price":"","price_type":"quantity_based","image":0,"visibility":true}],"id":1717601837},{"name":"columna","type":"multiple_choice","position":1,"required":true,"title_format":"heading","default":"","description_enable":false,"description":"","placeholder_enable":false,"placeholder":"","display":"select","restrictions_type":"any_text","adjust_price":false,"price":"","price_type":"flat_fee","restrictions":false,"min":"0","max":"0","options":[{"label":"sin columna","price":"","price_type":"quantity_based","image":0,"visibility":true},{"label":"una columna 30x24xH150 cm","price":"189","price_type":"quantity_based","image":0,"visibility":true}],"id":1717601838},{"name":"aplique","type":"multiple_choice","position":2,"required":true,"title_format":"heading","default":"","description_enable":false,"description":"","placeholder_enable":false,"placeholder":"","display":"select","restrictions_type":"any_text","adjust_price":false,"price":"","price_type":"flat_fee","restrictions":false,"min":"0","max":"0","options":[{"label":"SIN aplique","price":"","price_type":"quantity_based","image":0,"visibility":true},{"label":"Aplique-led-cromado","price":"20","price_type":"quantity_based","image":0,"visibility":true},{"label":"Aplique-led-negro","price":"25","price_type":"quantity_based","image":0,"visibility":true}],"id":1717601839}],"yoast_head":"<!-- This site is optimized with the Yoast SEO plugin v26.7 - https:\/\/yoast.com\/wordpress\/plugins\/seo\/ -->\n<title>Mueble de ba\u00f1o Major 90x50 cm curvado de dos cajones en 3 colores con lavabo de m\u00e1rmol y espejo<\/title>\n<meta name=\"description\" content=\"Mueble de dise\u00f1o moderno, disponible en 3 combinaciones de colores: verde botella con frentes de nogal, o blanco mate con frentes azul claro, o nogal con frentes verde botella. El lavabo, as\u00ed como el espejo, est\u00e1n incluidos en el precio. Tambi\u00e9n es posible a\u00f1adir un mueble alto\" \/>\n<meta name=\"robots\" content=\"index, follow, max-snippet:-1, max-image-preview:large, max-video-preview:-1\" \/>\n<link rel=\"canonical\" href=\"https:\/\/www.bagnoitalia.com\/es\/producto\/major-90x50-cm-curved-two-drawer-bathroom-furniture-in-3-colours-with-marble-basin-and-mirror-2.html\" \/>\n<meta property=\"og:locale\" content=\"es_ES\" \/>\n<meta property=\"og:type\" content=\"article\" \/>\n<meta property=\"og:title\" content=\"Mueble de ba\u00f1o Major 90x50 cm curvado de dos cajones en 3 colores con lavabo de m\u00e1rmol y espejo\" \/>\n<meta property=\"og:description\" content=\"Mueble de dise\u00f1o moderno, disponible en 3 combinaciones de colores: verde botella con frentes de nogal, o blanco mate con frentes azul claro, o nogal con frentes verde botella. El lavabo, as\u00ed como el espejo, est\u00e1n incluidos en el precio. Tambi\u00e9n es posible a\u00f1adir un mueble alto\" \/>\n<meta property=\"og:url\" content=\"https:\/\/www.bagnoitalia.com\/es\/producto\/major-90x50-cm-curved-two-drawer-bathroom-furniture-in-3-colours-with-marble-basin-and-mirror-2.html\" \/>\n<meta property=\"og:site_name\" content=\"Bagno Italia\" \/>\n<meta property=\"article:modified_time\" content=\"2024-06-05T13:37:17+00:00\" \/>\n<meta property=\"og:image\" content=\"https:\/\/img.bagnoitalia.com\/wp-content\/uploads\/virtuemart\/product\/mobile-bagno-curvo-sospeso-major-colori-1.jpg\" \/>\n\t<meta property=\"og:image:width\" content=\"550\" \/>\n\t<meta property=\"og:image:height\" content=\"550\" \/>\n\t<meta property=\"og:image:type\" content=\"image\/jpeg\" \/>\n<meta name=\"twitter:card\" content=\"summary_large_image\" \/>\n<meta name=\"twitter:label1\" content=\"Tiempo de lectura\" \/>\n\t<meta name=\"twitter:data1\" content=\"1 minuto\" \/>\n<script type=\"application\/ld+json\" class=\"yoast-schema-graph\">{\"@context\":\"https:\/\/schema.org\",\"@graph\":[{\"@type\":\"WebPage\",\"@id\":\"https:\/\/www.bagnoitalia.com\/es\/producto\/major-90x50-cm-curved-two-drawer-bathroom-furniture-in-3-colours-with-marble-basin-and-mirror-2.html\",\"url\":\"https:\/\/www.bagnoitalia.com\/es\/producto\/major-90x50-cm-curved-two-drawer-bathroom-furniture-in-3-colours-with-marble-basin-and-mirror-2.html\",\"name\":\"Mueble de ba\u00f1o Major 90x50 cm curvado de dos cajones en 3 colores con lavabo de m\u00e1rmol y espejo\",\"isPartOf\":{\"@id\":\"https:\/\/www.bagnoitalia.com\/es#website\"},\"primaryImageOfPage\":{\"@id\":\"https:\/\/www.bagnoitalia.com\/es\/producto\/major-90x50-cm-curved-two-drawer-bathroom-furniture-in-3-colours-with-marble-basin-and-mirror-2.html#primaryimage\"},\"image\":{\"@id\":\"https:\/\/www.bagnoitalia.com\/es\/producto\/major-90x50-cm-curved-two-drawer-bathroom-furniture-in-3-colours-with-marble-basin-and-mirror-2.html#primaryimage\"},\"thumbnailUrl\":\"https:\/\/img.bagnoitalia.com\/wp-content\/uploads\/virtuemart\/product\/mobile-bagno-curvo-sospeso-major-colori-1.jpg\",\"datePublished\":\"2024-04-04T12:49:56+00:00\",\"dateModified\":\"2024-06-05T13:37:17+00:00\",\"description\":\"Mueble de dise\u00f1o moderno, disponible en 3 combinaciones de colores: verde botella con frentes de nogal, o blanco mate con frentes azul claro, o nogal con frentes verde botella. El lavabo, as\u00ed como el espejo, est\u00e1n incluidos en el precio. Tambi\u00e9n es posible a\u00f1adir un mueble alto\",\"breadcrumb\":{\"@id\":\"https:\/\/www.bagnoitalia.com\/es\/producto\/major-90x50-cm-curved-two-drawer-bathroom-furniture-in-3-colours-with-marble-basin-and-mirror-2.html#breadcrumb\"},\"inLanguage\":\"es\",\"potentialAction\":[{\"@type\":\"ReadAction\",\"target\":[\"https:\/\/www.bagnoitalia.com\/es\/producto\/major-90x50-cm-curved-two-drawer-bathroom-furniture-in-3-colours-with-marble-basin-and-mirror-2.html\"]}]},{\"@type\":\"ImageObject\",\"inLanguage\":\"es\",\"@id\":\"https:\/\/www.bagnoitalia.com\/es\/producto\/major-90x50-cm-curved-two-drawer-bathroom-furniture-in-3-colours-with-marble-basin-and-mirror-2.html#primaryimage\",\"url\":\"https:\/\/img.bagnoitalia.com\/wp-content\/uploads\/virtuemart\/product\/mobile-bagno-curvo-sospeso-major-colori-1.jpg\",\"contentUrl\":\"https:\/\/img.bagnoitalia.com\/wp-content\/uploads\/virtuemart\/product\/mobile-bagno-curvo-sospeso-major-colori-1.jpg\",\"width\":550,\"height\":550},{\"@type\":\"BreadcrumbList\",\"@id\":\"https:\/\/www.bagnoitalia.com\/es\/producto\/major-90x50-cm-curved-two-drawer-bathroom-furniture-in-3-colours-with-marble-basin-and-mirror-2.html#breadcrumb\",\"itemListElement\":[{\"@type\":\"ListItem\",\"position\":1,\"name\":\"Home\",\"item\":\"https:\/\/www.bagnoitalia.com\/es\"},{\"@type\":\"ListItem\",\"position\":2,\"name\":\"Productos\",\"item\":\"https:\/\/www.bagnoitalia.com\/es\/shop\"},{\"@type\":\"ListItem\",\"position\":3,\"name\":\"Mueble de ba\u00f1o Major 90&#215;50 cm curvado de dos cajones en 3 colores con lavabo de m\u00e1rmol y espejo\"}]},{\"@type\":\"WebSite\",\"@id\":\"https:\/\/www.bagnoitalia.com\/es#website\",\"url\":\"https:\/\/www.bagnoitalia.com\/es\",\"name\":\"Bagno Italia\",\"description\":\"\",\"publisher\":{\"@id\":\"https:\/\/www.bagnoitalia.com\/es#organization\"},\"potentialAction\":[{\"@type\":\"SearchAction\",\"target\":{\"@type\":\"EntryPoint\",\"urlTemplate\":\"https:\/\/www.bagnoitalia.com\/es?s={search_term_string}\"},\"query-input\":{\"@type\":\"PropertyValueSpecification\",\"valueRequired\":true,\"valueName\":\"search_term_string\"}}],\"inLanguage\":\"es\"},{\"@type\":\"Organization\",\"@id\":\"https:\/\/www.bagnoitalia.com\/es#organization\",\"name\":\"Bagno Italia\",\"url\":\"https:\/\/www.bagnoitalia.com\/es\",\"logo\":{\"@type\":\"ImageObject\",\"inLanguage\":\"es\",\"@id\":\"https:\/\/www.bagnoitalia.com\/es#\/schema\/logo\/image\/\",\"url\":\"https:\/\/img.bagnoitalia.com\/wp-content\/uploads\/logo-bagnoitalia.webp\",\"contentUrl\":\"https:\/\/img.bagnoitalia.com\/wp-content\/uploads\/logo-bagnoitalia.webp\",\"width\":400,\"height\":70,\"caption\":\"Bagno Italia\"},\"image\":{\"@id\":\"https:\/\/www.bagnoitalia.com\/es#\/schema\/logo\/image\/\"}}]}<\/script>\n<!-- \/ Yoast SEO plugin. -->","yoast_head_json":{"title":"Mueble de ba\u00f1o Major 90x50 cm curvado de dos cajones en 3 colores con lavabo de m\u00e1rmol y espejo","description":"Mueble de dise\u00f1o moderno, disponible en 3 combinaciones de colores: verde botella con frentes de nogal, o blanco mate con frentes azul claro, o nogal con frentes verde botella. El lavabo, as\u00ed como el espejo, est\u00e1n incluidos en el precio. Tambi\u00e9n es posible a\u00f1adir un mueble alto","robots":{"index":"index","follow":"follow","max-snippet":"max-snippet:-1","max-image-preview":"max-image-preview:large","max-video-preview":"max-video-preview:-1"},"canonical":"https:\/\/www.bagnoitalia.com\/es\/producto\/major-90x50-cm-curved-two-drawer-bathroom-furniture-in-3-colours-with-marble-basin-and-mirror-2.html","og_locale":"es_ES","og_type":"article","og_title":"Mueble de ba\u00f1o Major 90x50 cm curvado de dos cajones en 3 colores con lavabo de m\u00e1rmol y espejo","og_description":"Mueble de dise\u00f1o moderno, disponible en 3 combinaciones de colores: verde botella con frentes de nogal, o blanco mate con frentes azul claro, o nogal con frentes verde botella. El lavabo, as\u00ed como el espejo, est\u00e1n incluidos en el precio. Tambi\u00e9n es posible a\u00f1adir un mueble alto","og_url":"https:\/\/www.bagnoitalia.com\/es\/producto\/major-90x50-cm-curved-two-drawer-bathroom-furniture-in-3-colours-with-marble-basin-and-mirror-2.html","og_site_name":"Bagno Italia","article_modified_time":"2024-06-05T13:37:17+00:00","og_image":[{"width":550,"height":550,"url":"https:\/\/img.bagnoitalia.com\/wp-content\/uploads\/virtuemart\/product\/mobile-bagno-curvo-sospeso-major-colori-1.jpg","type":"image\/jpeg"}],"twitter_card":"summary_large_image","twitter_misc":{"Tiempo de lectura":"1 minuto"},"schema":{"@context":"https:\/\/schema.org","@graph":[{"@type":"WebPage","@id":"https:\/\/www.bagnoitalia.com\/es\/producto\/major-90x50-cm-curved-two-drawer-bathroom-furniture-in-3-colours-with-marble-basin-and-mirror-2.html","url":"https:\/\/www.bagnoitalia.com\/es\/producto\/major-90x50-cm-curved-two-drawer-bathroom-furniture-in-3-colours-with-marble-basin-and-mirror-2.html","name":"Mueble de ba\u00f1o Major 90x50 cm curvado de dos cajones en 3 colores con lavabo de m\u00e1rmol y espejo","isPartOf":{"@id":"https:\/\/www.bagnoitalia.com\/es#website"},"primaryImageOfPage":{"@id":"https:\/\/www.bagnoitalia.com\/es\/producto\/major-90x50-cm-curved-two-drawer-bathroom-furniture-in-3-colours-with-marble-basin-and-mirror-2.html#primaryimage"},"image":{"@id":"https:\/\/www.bagnoitalia.com\/es\/producto\/major-90x50-cm-curved-two-drawer-bathroom-furniture-in-3-colours-with-marble-basin-and-mirror-2.html#primaryimage"},"thumbnailUrl":"https:\/\/img.bagnoitalia.com\/wp-content\/uploads\/virtuemart\/product\/mobile-bagno-curvo-sospeso-major-colori-1.jpg","datePublished":"2024-04-04T12:49:56+00:00","dateModified":"2024-06-05T13:37:17+00:00","description":"Mueble de dise\u00f1o moderno, disponible en 3 combinaciones de colores: verde botella con frentes de nogal, o blanco mate con frentes azul claro, o nogal con frentes verde botella. El lavabo, as\u00ed como el espejo, est\u00e1n incluidos en el precio. Tambi\u00e9n es posible a\u00f1adir un mueble alto","breadcrumb":{"@id":"https:\/\/www.bagnoitalia.com\/es\/producto\/major-90x50-cm-curved-two-drawer-bathroom-furniture-in-3-colours-with-marble-basin-and-mirror-2.html#breadcrumb"},"inLanguage":"es","potentialAction":[{"@type":"ReadAction","target":["https:\/\/www.bagnoitalia.com\/es\/producto\/major-90x50-cm-curved-two-drawer-bathroom-furniture-in-3-colours-with-marble-basin-and-mirror-2.html"]}]},{"@type":"ImageObject","inLanguage":"es","@id":"https:\/\/www.bagnoitalia.com\/es\/producto\/major-90x50-cm-curved-two-drawer-bathroom-furniture-in-3-colours-with-marble-basin-and-mirror-2.html#primaryimage","url":"https:\/\/img.bagnoitalia.com\/wp-content\/uploads\/virtuemart\/product\/mobile-bagno-curvo-sospeso-major-colori-1.jpg","contentUrl":"https:\/\/img.bagnoitalia.com\/wp-content\/uploads\/virtuemart\/product\/mobile-bagno-curvo-sospeso-major-colori-1.jpg","width":550,"height":550},{"@type":"BreadcrumbList","@id":"https:\/\/www.bagnoitalia.com\/es\/producto\/major-90x50-cm-curved-two-drawer-bathroom-furniture-in-3-colours-with-marble-basin-and-mirror-2.html#breadcrumb","itemListElement":[{"@type":"ListItem","position":1,"name":"Home","item":"https:\/\/www.bagnoitalia.com\/es"},{"@type":"ListItem","position":2,"name":"Productos","item":"https:\/\/www.bagnoitalia.com\/es\/shop"},{"@type":"ListItem","position":3,"name":"Mueble de ba\u00f1o Major 90&#215;50 cm curvado de dos cajones en 3 colores con lavabo de m\u00e1rmol y espejo"}]},{"@type":"WebSite","@id":"https:\/\/www.bagnoitalia.com\/es#website","url":"https:\/\/www.bagnoitalia.com\/es","name":"Bagno Italia","description":"","publisher":{"@id":"https:\/\/www.bagnoitalia.com\/es#organization"},"potentialAction":[{"@type":"SearchAction","target":{"@type":"EntryPoint","urlTemplate":"https:\/\/www.bagnoitalia.com\/es?s={search_term_string}"},"query-input":{"@type":"PropertyValueSpecification","valueRequired":true,"valueName":"search_term_string"}}],"inLanguage":"es"},{"@type":"Organization","@id":"https:\/\/www.bagnoitalia.com\/es#organization","name":"Bagno Italia","url":"https:\/\/www.bagnoitalia.com\/es","logo":{"@type":"ImageObject","inLanguage":"es","@id":"https:\/\/www.bagnoitalia.com\/es#\/schema\/logo\/image\/","url":"https:\/\/img.bagnoitalia.com\/wp-content\/uploads\/logo-bagnoitalia.webp","contentUrl":"https:\/\/img.bagnoitalia.com\/wp-content\/uploads\/logo-bagnoitalia.webp","width":400,"height":70,"caption":"Bagno Italia"},"image":{"@id":"https:\/\/www.bagnoitalia.com\/es#\/schema\/logo\/image\/"}}]}},"_links":{"self":[{"href":"https:\/\/www.bagnoitalia.com\/es\/wp-json\/wp\/v2\/product\/84251","targetHints":{"allow":["GET"]}}],"collection":[{"href":"https:\/\/www.bagnoitalia.com\/es\/wp-json\/wp\/v2\/product"}],"about":[{"href":"https:\/\/www.bagnoitalia.com\/es\/wp-json\/wp\/v2\/types\/product"}],"replies":[{"embeddable":true,"href":"https:\/\/www.bagnoitalia.com\/es\/wp-json\/wp\/v2\/comments?post=84251"}],"version-history":[{"count":1,"href":"https:\/\/www.bagnoitalia.com\/es\/wp-json\/wp\/v2\/product\/84251\/revisions"}],"predecessor-version":[{"id":89437,"href":"https:\/\/www.bagnoitalia.com\/es\/wp-json\/wp\/v2\/product\/84251\/revisions\/89437"}],"wp:featuredmedia":[{"embeddable":true,"href":"https:\/\/www.bagnoitalia.com\/es\/wp-json\/wp\/v2\/media\/74485"}],"wp:attachment":[{"href":"https:\/\/www.bagnoitalia.com\/es\/wp-json\/wp\/v2\/media?parent=84251"}],"wp:term":[{"taxonomy":"product_brand","embeddable":true,"href":"https:\/\/www.bagnoitalia.com\/es\/wp-json\/wp\/v2\/product_brand?post=84251"},{"taxonomy":"product_cat","embeddable":true,"href":"https:\/\/www.bagnoitalia.com\/es\/wp-json\/wp\/v2\/product_cat?post=84251"},{"taxonomy":"product_tag","embeddable":true,"href":"https:\/\/www.bagnoitalia.com\/es\/wp-json\/wp\/v2\/product_tag?post=84251"}],"curies":[{"name":"wp","href":"https:\/\/api.w.org\/{rel}","templated":true}]}}