{"id":84247,"date":"2024-04-04T14:25:09","date_gmt":"2024-04-04T12:25:09","guid":{"rendered":"https:\/\/www.bagnoitalia.com\/product\/wild-90x46-cm-bathroom-cabinet-in-3-colours-suspended-with-2-drawers-washbasin-and-mirror-included-2"},"modified":"2025-04-17T16:27:31","modified_gmt":"2025-04-17T14:27:31","slug":"wild-90x46-cm-bathroom-cabinet-in-3-colours-suspended-with-2-drawers-washbasin-and-mirror-included-2","status":"publish","type":"product","link":"https:\/\/www.bagnoitalia.com\/es\/producto\/wild-90x46-cm-bathroom-cabinet-in-3-colours-suspended-with-2-drawers-washbasin-and-mirror-included-2.html","title":{"rendered":"Mueble de ba\u00f1o Wild 90&#215;46 cm en 2 colores suspendido con 2 cajones lavabo y espejo incluidos"},"content":{"rendered":"<p>Mueble ba\u00f1o Wild 90&#215;46 cm en 2 colores suspendido con 2 cajones lavabo y espejo incluidosMUEBLE BA\u00d1O \u00abWILD\u00bb<\/p>\n<p>&nbsp;<\/p>\n<p>EL PRECIO INCLUYE:<\/p>\n<p>n. 1 mueble bajo lavabo 90xP46xH58,5 cm<\/p>\n<p>n. 1 lavabo sobre encimera 48xP37xH13 cm<\/p>\n<p>n. 1 espejo reversible 70&#215;90 cm 1 espejo reversible de 70&#215;90 cm<\/p>\n<p>&nbsp;<\/p>\n<p>Utilizando el men\u00fa desplegable, puede a\u00f1adir una COLUMNA a juego de 30xP24xH150 cm reversible y con estantes internos regulables<\/p>\n<p>&nbsp;<\/p>\n<p>DETALLES DEL PRODUCTO<\/p>\n<p>Mueble de ba\u00f1o suspendido<\/p>\n<p>Estructura de melamina de 1,8 cm<\/p>\n<p>Encimera de mdf de 2,2 cm de grosor revestida de pvc<\/p>\n<p>Mueble blanco, con frentes en 2 colores a elegir: azul polvo o verde salvia<\/p>\n<p>Cajones con mecanismo de apertura acanalada y cierre lento<\/p>\n<p>Lavabo sobre encimera de cer\u00e1mica, sin rebosadero<\/p>\n<p>Soportes para fijaci\u00f3n mural incluidos<\/p>\n<p>&nbsp;<\/p>\n<p>NOTA: LA GRIFER\u00cdA Y LOS TAPONES NO EST\u00c1N INCLUIDOS EN EL PRECIO<\/p>\n<p>&nbsp;<\/p>\n<p>ATENCI\u00d3N: el mueble con frentes de color topo est\u00e1 fuera de producci\u00f3n<\/p>\n<p>&nbsp;<\/p>\n<p>&nbsp;<\/p>\n<p>&nbsp;<\/p>\n<p>&nbsp;<\/p>\n<p>&nbsp;<\/p>\n<p>&nbsp;<\/p>\n<p>&nbsp;<\/p>\n<p>&nbsp;<\/p>\n<p>&nbsp;<\/p>\n<p>&nbsp;<\/p>\n<p>&nbsp;<\/p>\n<p>&nbsp;<\/p>\n<p>&nbsp;<\/p>\n<p>807001<br \/>\n807002<br \/>\n807003<br \/>\n807004<br \/>\n807005<br \/>\n807006<\/p>\n","protected":false},"excerpt":{"rendered":"<p>Muebles de ba\u00f1o modernos, caracterizados por una estructura bicolor, con frentes en acabados azul claro o verde salvia a elegir. La oferta incluye un moderno lavabo de encimera rectangular y un espejo. Tambi\u00e9n puede optar por completar la composici\u00f3n a\u00f1adiendo un mueble alto.<\/p>\n","protected":false},"featured_media":106625,"comment_status":"open","ping_status":"closed","template":"","meta":[],"product_brand":[5018],"product_cat":[9721],"product_tag":[],"class_list":{"0":"post-84247","1":"product","2":"type-product","3":"status-publish","4":"has-post-thumbnail","6":"product_brand-brand-store","7":"product_cat-mueble-de-bano-de-71-a-100-cm-muebles-modernos","9":"first","10":"instock","11":"sale","12":"taxable","13":"shipping-taxable","14":"purchasable","15":"product-type-simple"},"exclude_global_add_ons":false,"addons":[{"name":"color","type":"multiple_choice","position":0,"required":true,"title_format":"heading","default":"","description_enable":false,"description":"","placeholder_enable":false,"placeholder":"","display":"select","restrictions_type":"any_text","adjust_price":false,"price":"","price_type":"flat_fee","restrictions":false,"min":"0","max":"0","options":[{"label":"con frente azul claro","price":"","price_type":"quantity_based","image":0,"visibility":true},{"label":"con frente verde salvia","price":"","price_type":"quantity_based","image":0,"visibility":true}],"id":1717774380},{"name":"columna","type":"multiple_choice","position":1,"required":true,"title_format":"heading","default":"","description_enable":false,"description":"","placeholder_enable":false,"placeholder":"","display":"select","restrictions_type":"any_text","adjust_price":false,"price":"","price_type":"flat_fee","restrictions":false,"min":"0","max":"0","options":[{"label":"SIN columna","price":"","price_type":"quantity_based","image":0,"visibility":true},{"label":"1 columna 30x24xH150 cm","price":"189","price_type":"quantity_based","image":0,"visibility":true}],"id":1717774381},{"name":"aplique","type":"multiple_choice","position":2,"required":true,"title_format":"heading","default":"","description_enable":false,"description":"","placeholder_enable":false,"placeholder":"","display":"select","restrictions_type":"any_text","adjust_price":false,"price":"","price_type":"flat_fee","restrictions":false,"min":"0","max":"0","options":[{"label":"SIN aplique","price":"","price_type":"quantity_based","image":0,"visibility":true},{"label":"Aplique-led-cromado","price":"20","price_type":"quantity_based","image":0,"visibility":true},{"label":"Aplique-led-negro","price":"25","price_type":"quantity_based","image":0,"visibility":true}],"id":1717774382}],"yoast_head":"<!-- This site is optimized with the Yoast SEO plugin v26.7 - https:\/\/yoast.com\/wordpress\/plugins\/seo\/ -->\n<title>Mueble de ba\u00f1o Wild 90x46 cm en 3 colores suspendido con 2 cajones lavabo y espejo incluidos<\/title>\n<meta name=\"description\" content=\"Muebles de ba\u00f1o modernos, caracterizados por una estructura bicolor, con frentes en acabados azul claro, gris paloma y verde salvia a elegir. La oferta incluye un moderno lavabo de encimera rectangular y un espejo. Tambi\u00e9n puede optar por completar la composici\u00f3n a\u00f1adiendo un mueble alto.\" \/>\n<meta name=\"robots\" content=\"index, follow, max-snippet:-1, max-image-preview:large, max-video-preview:-1\" \/>\n<link rel=\"canonical\" href=\"https:\/\/www.bagnoitalia.com\/es\/producto\/wild-90x46-cm-bathroom-cabinet-in-3-colours-suspended-with-2-drawers-washbasin-and-mirror-included-2.html\" \/>\n<meta property=\"og:locale\" content=\"es_ES\" \/>\n<meta property=\"og:type\" content=\"article\" \/>\n<meta property=\"og:title\" content=\"Mueble de ba\u00f1o Wild 90x46 cm en 3 colores suspendido con 2 cajones lavabo y espejo incluidos\" \/>\n<meta property=\"og:description\" content=\"Muebles de ba\u00f1o modernos, caracterizados por una estructura bicolor, con frentes en acabados azul claro, gris paloma y verde salvia a elegir. La oferta incluye un moderno lavabo de encimera rectangular y un espejo. Tambi\u00e9n puede optar por completar la composici\u00f3n a\u00f1adiendo un mueble alto.\" \/>\n<meta property=\"og:url\" content=\"https:\/\/www.bagnoitalia.com\/es\/producto\/wild-90x46-cm-bathroom-cabinet-in-3-colours-suspended-with-2-drawers-washbasin-and-mirror-included-2.html\" \/>\n<meta property=\"og:site_name\" content=\"Bagno Italia\" \/>\n<meta property=\"article:modified_time\" content=\"2025-04-17T14:27:31+00:00\" \/>\n<meta property=\"og:image\" content=\"https:\/\/img.bagnoitalia.com\/wp-content\/uploads\/1-267.webp\" \/>\n\t<meta property=\"og:image:width\" content=\"550\" \/>\n\t<meta property=\"og:image:height\" content=\"550\" \/>\n\t<meta property=\"og:image:type\" content=\"image\/webp\" \/>\n<meta name=\"twitter:card\" content=\"summary_large_image\" \/>\n<meta name=\"twitter:label1\" content=\"Tiempo de lectura\" \/>\n\t<meta name=\"twitter:data1\" content=\"1 minuto\" \/>\n<script type=\"application\/ld+json\" class=\"yoast-schema-graph\">{\"@context\":\"https:\/\/schema.org\",\"@graph\":[{\"@type\":\"WebPage\",\"@id\":\"https:\/\/www.bagnoitalia.com\/es\/producto\/wild-90x46-cm-bathroom-cabinet-in-3-colours-suspended-with-2-drawers-washbasin-and-mirror-included-2.html\",\"url\":\"https:\/\/www.bagnoitalia.com\/es\/producto\/wild-90x46-cm-bathroom-cabinet-in-3-colours-suspended-with-2-drawers-washbasin-and-mirror-included-2.html\",\"name\":\"Mueble de ba\u00f1o Wild 90x46 cm en 3 colores suspendido con 2 cajones lavabo y espejo incluidos\",\"isPartOf\":{\"@id\":\"https:\/\/www.bagnoitalia.com\/es#website\"},\"primaryImageOfPage\":{\"@id\":\"https:\/\/www.bagnoitalia.com\/es\/producto\/wild-90x46-cm-bathroom-cabinet-in-3-colours-suspended-with-2-drawers-washbasin-and-mirror-included-2.html#primaryimage\"},\"image\":{\"@id\":\"https:\/\/www.bagnoitalia.com\/es\/producto\/wild-90x46-cm-bathroom-cabinet-in-3-colours-suspended-with-2-drawers-washbasin-and-mirror-included-2.html#primaryimage\"},\"thumbnailUrl\":\"https:\/\/img.bagnoitalia.com\/wp-content\/uploads\/1-267.webp\",\"datePublished\":\"2024-04-04T12:25:09+00:00\",\"dateModified\":\"2025-04-17T14:27:31+00:00\",\"description\":\"Muebles de ba\u00f1o modernos, caracterizados por una estructura bicolor, con frentes en acabados azul claro, gris paloma y verde salvia a elegir. La oferta incluye un moderno lavabo de encimera rectangular y un espejo. Tambi\u00e9n puede optar por completar la composici\u00f3n a\u00f1adiendo un mueble alto.\",\"breadcrumb\":{\"@id\":\"https:\/\/www.bagnoitalia.com\/es\/producto\/wild-90x46-cm-bathroom-cabinet-in-3-colours-suspended-with-2-drawers-washbasin-and-mirror-included-2.html#breadcrumb\"},\"inLanguage\":\"es\",\"potentialAction\":[{\"@type\":\"ReadAction\",\"target\":[\"https:\/\/www.bagnoitalia.com\/es\/producto\/wild-90x46-cm-bathroom-cabinet-in-3-colours-suspended-with-2-drawers-washbasin-and-mirror-included-2.html\"]}]},{\"@type\":\"ImageObject\",\"inLanguage\":\"es\",\"@id\":\"https:\/\/www.bagnoitalia.com\/es\/producto\/wild-90x46-cm-bathroom-cabinet-in-3-colours-suspended-with-2-drawers-washbasin-and-mirror-included-2.html#primaryimage\",\"url\":\"https:\/\/img.bagnoitalia.com\/wp-content\/uploads\/1-267.webp\",\"contentUrl\":\"https:\/\/img.bagnoitalia.com\/wp-content\/uploads\/1-267.webp\",\"width\":550,\"height\":550},{\"@type\":\"BreadcrumbList\",\"@id\":\"https:\/\/www.bagnoitalia.com\/es\/producto\/wild-90x46-cm-bathroom-cabinet-in-3-colours-suspended-with-2-drawers-washbasin-and-mirror-included-2.html#breadcrumb\",\"itemListElement\":[{\"@type\":\"ListItem\",\"position\":1,\"name\":\"Home\",\"item\":\"https:\/\/www.bagnoitalia.com\/es\"},{\"@type\":\"ListItem\",\"position\":2,\"name\":\"Productos\",\"item\":\"https:\/\/www.bagnoitalia.com\/es\/shop\"},{\"@type\":\"ListItem\",\"position\":3,\"name\":\"Mueble de ba\u00f1o Wild 90&#215;46 cm en 2 colores suspendido con 2 cajones lavabo y espejo incluidos\"}]},{\"@type\":\"WebSite\",\"@id\":\"https:\/\/www.bagnoitalia.com\/es#website\",\"url\":\"https:\/\/www.bagnoitalia.com\/es\",\"name\":\"Bagno Italia\",\"description\":\"\",\"publisher\":{\"@id\":\"https:\/\/www.bagnoitalia.com\/es#organization\"},\"potentialAction\":[{\"@type\":\"SearchAction\",\"target\":{\"@type\":\"EntryPoint\",\"urlTemplate\":\"https:\/\/www.bagnoitalia.com\/es?s={search_term_string}\"},\"query-input\":{\"@type\":\"PropertyValueSpecification\",\"valueRequired\":true,\"valueName\":\"search_term_string\"}}],\"inLanguage\":\"es\"},{\"@type\":\"Organization\",\"@id\":\"https:\/\/www.bagnoitalia.com\/es#organization\",\"name\":\"Bagno Italia\",\"url\":\"https:\/\/www.bagnoitalia.com\/es\",\"logo\":{\"@type\":\"ImageObject\",\"inLanguage\":\"es\",\"@id\":\"https:\/\/www.bagnoitalia.com\/es#\/schema\/logo\/image\/\",\"url\":\"https:\/\/img.bagnoitalia.com\/wp-content\/uploads\/logo-bagnoitalia.webp\",\"contentUrl\":\"https:\/\/img.bagnoitalia.com\/wp-content\/uploads\/logo-bagnoitalia.webp\",\"width\":400,\"height\":70,\"caption\":\"Bagno Italia\"},\"image\":{\"@id\":\"https:\/\/www.bagnoitalia.com\/es#\/schema\/logo\/image\/\"}}]}<\/script>\n<!-- \/ Yoast SEO plugin. -->","yoast_head_json":{"title":"Mueble de ba\u00f1o Wild 90x46 cm en 3 colores suspendido con 2 cajones lavabo y espejo incluidos","description":"Muebles de ba\u00f1o modernos, caracterizados por una estructura bicolor, con frentes en acabados azul claro, gris paloma y verde salvia a elegir. La oferta incluye un moderno lavabo de encimera rectangular y un espejo. Tambi\u00e9n puede optar por completar la composici\u00f3n a\u00f1adiendo un mueble alto.","robots":{"index":"index","follow":"follow","max-snippet":"max-snippet:-1","max-image-preview":"max-image-preview:large","max-video-preview":"max-video-preview:-1"},"canonical":"https:\/\/www.bagnoitalia.com\/es\/producto\/wild-90x46-cm-bathroom-cabinet-in-3-colours-suspended-with-2-drawers-washbasin-and-mirror-included-2.html","og_locale":"es_ES","og_type":"article","og_title":"Mueble de ba\u00f1o Wild 90x46 cm en 3 colores suspendido con 2 cajones lavabo y espejo incluidos","og_description":"Muebles de ba\u00f1o modernos, caracterizados por una estructura bicolor, con frentes en acabados azul claro, gris paloma y verde salvia a elegir. La oferta incluye un moderno lavabo de encimera rectangular y un espejo. Tambi\u00e9n puede optar por completar la composici\u00f3n a\u00f1adiendo un mueble alto.","og_url":"https:\/\/www.bagnoitalia.com\/es\/producto\/wild-90x46-cm-bathroom-cabinet-in-3-colours-suspended-with-2-drawers-washbasin-and-mirror-included-2.html","og_site_name":"Bagno Italia","article_modified_time":"2025-04-17T14:27:31+00:00","og_image":[{"width":550,"height":550,"url":"https:\/\/img.bagnoitalia.com\/wp-content\/uploads\/1-267.webp","type":"image\/webp"}],"twitter_card":"summary_large_image","twitter_misc":{"Tiempo de lectura":"1 minuto"},"schema":{"@context":"https:\/\/schema.org","@graph":[{"@type":"WebPage","@id":"https:\/\/www.bagnoitalia.com\/es\/producto\/wild-90x46-cm-bathroom-cabinet-in-3-colours-suspended-with-2-drawers-washbasin-and-mirror-included-2.html","url":"https:\/\/www.bagnoitalia.com\/es\/producto\/wild-90x46-cm-bathroom-cabinet-in-3-colours-suspended-with-2-drawers-washbasin-and-mirror-included-2.html","name":"Mueble de ba\u00f1o Wild 90x46 cm en 3 colores suspendido con 2 cajones lavabo y espejo incluidos","isPartOf":{"@id":"https:\/\/www.bagnoitalia.com\/es#website"},"primaryImageOfPage":{"@id":"https:\/\/www.bagnoitalia.com\/es\/producto\/wild-90x46-cm-bathroom-cabinet-in-3-colours-suspended-with-2-drawers-washbasin-and-mirror-included-2.html#primaryimage"},"image":{"@id":"https:\/\/www.bagnoitalia.com\/es\/producto\/wild-90x46-cm-bathroom-cabinet-in-3-colours-suspended-with-2-drawers-washbasin-and-mirror-included-2.html#primaryimage"},"thumbnailUrl":"https:\/\/img.bagnoitalia.com\/wp-content\/uploads\/1-267.webp","datePublished":"2024-04-04T12:25:09+00:00","dateModified":"2025-04-17T14:27:31+00:00","description":"Muebles de ba\u00f1o modernos, caracterizados por una estructura bicolor, con frentes en acabados azul claro, gris paloma y verde salvia a elegir. La oferta incluye un moderno lavabo de encimera rectangular y un espejo. Tambi\u00e9n puede optar por completar la composici\u00f3n a\u00f1adiendo un mueble alto.","breadcrumb":{"@id":"https:\/\/www.bagnoitalia.com\/es\/producto\/wild-90x46-cm-bathroom-cabinet-in-3-colours-suspended-with-2-drawers-washbasin-and-mirror-included-2.html#breadcrumb"},"inLanguage":"es","potentialAction":[{"@type":"ReadAction","target":["https:\/\/www.bagnoitalia.com\/es\/producto\/wild-90x46-cm-bathroom-cabinet-in-3-colours-suspended-with-2-drawers-washbasin-and-mirror-included-2.html"]}]},{"@type":"ImageObject","inLanguage":"es","@id":"https:\/\/www.bagnoitalia.com\/es\/producto\/wild-90x46-cm-bathroom-cabinet-in-3-colours-suspended-with-2-drawers-washbasin-and-mirror-included-2.html#primaryimage","url":"https:\/\/img.bagnoitalia.com\/wp-content\/uploads\/1-267.webp","contentUrl":"https:\/\/img.bagnoitalia.com\/wp-content\/uploads\/1-267.webp","width":550,"height":550},{"@type":"BreadcrumbList","@id":"https:\/\/www.bagnoitalia.com\/es\/producto\/wild-90x46-cm-bathroom-cabinet-in-3-colours-suspended-with-2-drawers-washbasin-and-mirror-included-2.html#breadcrumb","itemListElement":[{"@type":"ListItem","position":1,"name":"Home","item":"https:\/\/www.bagnoitalia.com\/es"},{"@type":"ListItem","position":2,"name":"Productos","item":"https:\/\/www.bagnoitalia.com\/es\/shop"},{"@type":"ListItem","position":3,"name":"Mueble de ba\u00f1o Wild 90&#215;46 cm en 2 colores suspendido con 2 cajones lavabo y espejo incluidos"}]},{"@type":"WebSite","@id":"https:\/\/www.bagnoitalia.com\/es#website","url":"https:\/\/www.bagnoitalia.com\/es","name":"Bagno Italia","description":"","publisher":{"@id":"https:\/\/www.bagnoitalia.com\/es#organization"},"potentialAction":[{"@type":"SearchAction","target":{"@type":"EntryPoint","urlTemplate":"https:\/\/www.bagnoitalia.com\/es?s={search_term_string}"},"query-input":{"@type":"PropertyValueSpecification","valueRequired":true,"valueName":"search_term_string"}}],"inLanguage":"es"},{"@type":"Organization","@id":"https:\/\/www.bagnoitalia.com\/es#organization","name":"Bagno Italia","url":"https:\/\/www.bagnoitalia.com\/es","logo":{"@type":"ImageObject","inLanguage":"es","@id":"https:\/\/www.bagnoitalia.com\/es#\/schema\/logo\/image\/","url":"https:\/\/img.bagnoitalia.com\/wp-content\/uploads\/logo-bagnoitalia.webp","contentUrl":"https:\/\/img.bagnoitalia.com\/wp-content\/uploads\/logo-bagnoitalia.webp","width":400,"height":70,"caption":"Bagno Italia"},"image":{"@id":"https:\/\/www.bagnoitalia.com\/es#\/schema\/logo\/image\/"}}]}},"_links":{"self":[{"href":"https:\/\/www.bagnoitalia.com\/es\/wp-json\/wp\/v2\/product\/84247","targetHints":{"allow":["GET"]}}],"collection":[{"href":"https:\/\/www.bagnoitalia.com\/es\/wp-json\/wp\/v2\/product"}],"about":[{"href":"https:\/\/www.bagnoitalia.com\/es\/wp-json\/wp\/v2\/types\/product"}],"replies":[{"embeddable":true,"href":"https:\/\/www.bagnoitalia.com\/es\/wp-json\/wp\/v2\/comments?post=84247"}],"version-history":[{"count":3,"href":"https:\/\/www.bagnoitalia.com\/es\/wp-json\/wp\/v2\/product\/84247\/revisions"}],"predecessor-version":[{"id":106679,"href":"https:\/\/www.bagnoitalia.com\/es\/wp-json\/wp\/v2\/product\/84247\/revisions\/106679"}],"wp:featuredmedia":[{"embeddable":true,"href":"https:\/\/www.bagnoitalia.com\/es\/wp-json\/wp\/v2\/media\/106625"}],"wp:attachment":[{"href":"https:\/\/www.bagnoitalia.com\/es\/wp-json\/wp\/v2\/media?parent=84247"}],"wp:term":[{"taxonomy":"product_brand","embeddable":true,"href":"https:\/\/www.bagnoitalia.com\/es\/wp-json\/wp\/v2\/product_brand?post=84247"},{"taxonomy":"product_cat","embeddable":true,"href":"https:\/\/www.bagnoitalia.com\/es\/wp-json\/wp\/v2\/product_cat?post=84247"},{"taxonomy":"product_tag","embeddable":true,"href":"https:\/\/www.bagnoitalia.com\/es\/wp-json\/wp\/v2\/product_tag?post=84247"}],"curies":[{"name":"wp","href":"https:\/\/api.w.org\/{rel}","templated":true}]}}