{"id":84187,"date":"2024-03-05T15:24:55","date_gmt":"2024-03-05T14:24:55","guid":{"rendered":"https:\/\/www.bagnoitalia.com\/product\/petra-outdoor-sofa-with-pull-out-table-in-grey-wicker-with-cushions-2"},"modified":"2024-03-05T15:24:55","modified_gmt":"2024-03-05T14:24:55","slug":"petra-outdoor-sofa-with-pull-out-table-in-grey-wicker-with-cushions-2","status":"publish","type":"product","link":"https:\/\/www.bagnoitalia.com\/es\/producto\/petra-outdoor-sofa-with-pull-out-table-in-grey-wicker-with-cushions-2.html","title":{"rendered":"Sof\u00e1 de exterior Petra con mesa extra\u00edble de mimbre gris con cojines"},"content":{"rendered":"<p>SOF\u00c1 DE EXTERIOR &#8216;PETRA&#8217; CON MESA EXTRA\u00cdBLE<\/p>\n<p>&nbsp;<\/p>\n<p>&nbsp;<\/p>\n<p>PRINCIPALES DETALLES<\/p>\n<p>Sof\u00e1 para amueblar jardines, terrazas y espacios exteriores<\/p>\n<p>Con mesa extra\u00edble<\/p>\n<p>Dimensiones exteriores totales 208xP91xH75 cm<\/p>\n<p>Dimensiones de la mesa: 71xP61xH29,5 cm<\/p>\n<p>Gris, cojines de 10 cm de grosor<\/p>\n<p>Estructura de aluminio<\/p>\n<p>Revestimiento de mimbre gris<\/p>\n<p>Alta resistencia a los rayos UV<\/p>\n<p>&nbsp;<\/p>\n<p>&nbsp;<\/p>\n<p>&nbsp;<\/p>\n<p>&nbsp;<\/p>\n<p>&nbsp;<\/p>\n<p>&nbsp;<\/p>\n<p>&nbsp;<\/p>\n<p>&nbsp;<\/p>\n<p>&nbsp;<\/p>\n<p>&nbsp;<\/p>\n<p>&nbsp;<\/p>\n<p>&nbsp;<\/p>\n<p>&nbsp;<\/p>\n<p>&nbsp;<\/p>\n<p>&nbsp;<\/p>\n<p>&nbsp;<\/p>\n<p>&nbsp;<\/p>\n<p>&nbsp;<\/p>\n<p>&nbsp;<\/p>\n<p>&nbsp;<\/p>\n<p>&nbsp;<\/p>\n<p>&nbsp;<\/p>\n<p>&nbsp;<\/p>\n<p>&nbsp;<\/p>\n<p>&nbsp;<\/p>\n<p>&nbsp;<\/p>\n<p>&nbsp;<\/p>\n<p>&nbsp;<\/p>\n<p>&nbsp;<\/p>\n<p>WI806879<\/p>\n<p>&nbsp;<\/p>\n","protected":false},"excerpt":{"rendered":"<p>Mobiliario de jard\u00edn y terraza fabricado con estructura de aluminio y revestimiento de mimbre (wicker) en color gris. Incorpora una pr\u00e1ctica mesa central, que puede elevarse para mayor comodidad.<\/p>\n","protected":false},"featured_media":73665,"comment_status":"open","ping_status":"closed","template":"","meta":[],"product_brand":[9881],"product_cat":[10014,9785],"product_tag":[],"class_list":{"0":"post-84187","1":"product","2":"type-product","3":"status-publish","4":"has-post-thumbnail","6":"product_brand-vari-produttori-es","7":"product_cat-sofas-de-exterior","8":"product_cat-muebles-de-exterior","10":"first","11":"instock","12":"sale","13":"taxable","14":"shipping-taxable","15":"purchasable","16":"product-type-simple"},"exclude_global_add_ons":[],"addons":[],"yoast_head":"<!-- This site is optimized with the Yoast SEO plugin v26.7 - https:\/\/yoast.com\/wordpress\/plugins\/seo\/ -->\n<title>Sof\u00e1 de exterior Petra con mesa extra\u00edble de mimbre gris con cojines<\/title>\n<meta name=\"description\" content=\"Mobiliario de jard\u00edn y terraza fabricado con estructura de aluminio y revestimiento de mimbre (wicker) en color gris. Incorpora una pr\u00e1ctica mesa central, que puede elevarse para mayor comodidad.\" \/>\n<meta name=\"robots\" content=\"index, follow, max-snippet:-1, max-image-preview:large, max-video-preview:-1\" \/>\n<link rel=\"canonical\" href=\"https:\/\/www.bagnoitalia.com\/es\/producto\/petra-outdoor-sofa-with-pull-out-table-in-grey-wicker-with-cushions-2.html\" \/>\n<meta property=\"og:locale\" content=\"es_ES\" \/>\n<meta property=\"og:type\" content=\"article\" \/>\n<meta property=\"og:title\" content=\"Sof\u00e1 de exterior Petra con mesa extra\u00edble de mimbre gris con cojines\" \/>\n<meta property=\"og:description\" content=\"Mobiliario de jard\u00edn y terraza fabricado con estructura de aluminio y revestimiento de mimbre (wicker) en color gris. Incorpora una pr\u00e1ctica mesa central, que puede elevarse para mayor comodidad.\" \/>\n<meta property=\"og:url\" content=\"https:\/\/www.bagnoitalia.com\/es\/producto\/petra-outdoor-sofa-with-pull-out-table-in-grey-wicker-with-cushions-2.html\" \/>\n<meta property=\"og:site_name\" content=\"Bagno Italia\" \/>\n<meta property=\"og:image\" content=\"https:\/\/img.bagnoitalia.com\/wp-content\/uploads\/virtuemart\/product\/divano-vimini-grigio-esterno-cuscini-tavolo-estraibile-dettagli-1.jpg\" \/>\n\t<meta property=\"og:image:width\" content=\"550\" \/>\n\t<meta property=\"og:image:height\" content=\"550\" \/>\n\t<meta property=\"og:image:type\" content=\"image\/jpeg\" \/>\n<meta name=\"twitter:card\" content=\"summary_large_image\" \/>\n<script type=\"application\/ld+json\" class=\"yoast-schema-graph\">{\"@context\":\"https:\/\/schema.org\",\"@graph\":[{\"@type\":\"WebPage\",\"@id\":\"https:\/\/www.bagnoitalia.com\/es\/producto\/petra-outdoor-sofa-with-pull-out-table-in-grey-wicker-with-cushions-2.html\",\"url\":\"https:\/\/www.bagnoitalia.com\/es\/producto\/petra-outdoor-sofa-with-pull-out-table-in-grey-wicker-with-cushions-2.html\",\"name\":\"Sof\u00e1 de exterior Petra con mesa extra\u00edble de mimbre gris con cojines\",\"isPartOf\":{\"@id\":\"https:\/\/www.bagnoitalia.com\/es#website\"},\"primaryImageOfPage\":{\"@id\":\"https:\/\/www.bagnoitalia.com\/es\/producto\/petra-outdoor-sofa-with-pull-out-table-in-grey-wicker-with-cushions-2.html#primaryimage\"},\"image\":{\"@id\":\"https:\/\/www.bagnoitalia.com\/es\/producto\/petra-outdoor-sofa-with-pull-out-table-in-grey-wicker-with-cushions-2.html#primaryimage\"},\"thumbnailUrl\":\"https:\/\/img.bagnoitalia.com\/wp-content\/uploads\/virtuemart\/product\/divano-vimini-grigio-esterno-cuscini-tavolo-estraibile-dettagli-1.jpg\",\"datePublished\":\"2024-03-05T14:24:55+00:00\",\"description\":\"Mobiliario de jard\u00edn y terraza fabricado con estructura de aluminio y revestimiento de mimbre (wicker) en color gris. Incorpora una pr\u00e1ctica mesa central, que puede elevarse para mayor comodidad.\",\"breadcrumb\":{\"@id\":\"https:\/\/www.bagnoitalia.com\/es\/producto\/petra-outdoor-sofa-with-pull-out-table-in-grey-wicker-with-cushions-2.html#breadcrumb\"},\"inLanguage\":\"es\",\"potentialAction\":[{\"@type\":\"ReadAction\",\"target\":[\"https:\/\/www.bagnoitalia.com\/es\/producto\/petra-outdoor-sofa-with-pull-out-table-in-grey-wicker-with-cushions-2.html\"]}]},{\"@type\":\"ImageObject\",\"inLanguage\":\"es\",\"@id\":\"https:\/\/www.bagnoitalia.com\/es\/producto\/petra-outdoor-sofa-with-pull-out-table-in-grey-wicker-with-cushions-2.html#primaryimage\",\"url\":\"https:\/\/img.bagnoitalia.com\/wp-content\/uploads\/virtuemart\/product\/divano-vimini-grigio-esterno-cuscini-tavolo-estraibile-dettagli-1.jpg\",\"contentUrl\":\"https:\/\/img.bagnoitalia.com\/wp-content\/uploads\/virtuemart\/product\/divano-vimini-grigio-esterno-cuscini-tavolo-estraibile-dettagli-1.jpg\",\"width\":550,\"height\":550},{\"@type\":\"BreadcrumbList\",\"@id\":\"https:\/\/www.bagnoitalia.com\/es\/producto\/petra-outdoor-sofa-with-pull-out-table-in-grey-wicker-with-cushions-2.html#breadcrumb\",\"itemListElement\":[{\"@type\":\"ListItem\",\"position\":1,\"name\":\"Home\",\"item\":\"https:\/\/www.bagnoitalia.com\/es\"},{\"@type\":\"ListItem\",\"position\":2,\"name\":\"Productos\",\"item\":\"https:\/\/www.bagnoitalia.com\/es\/shop\"},{\"@type\":\"ListItem\",\"position\":3,\"name\":\"Sof\u00e1 de exterior Petra con mesa extra\u00edble de mimbre gris con cojines\"}]},{\"@type\":\"WebSite\",\"@id\":\"https:\/\/www.bagnoitalia.com\/es#website\",\"url\":\"https:\/\/www.bagnoitalia.com\/es\",\"name\":\"Bagno Italia\",\"description\":\"\",\"publisher\":{\"@id\":\"https:\/\/www.bagnoitalia.com\/es#organization\"},\"potentialAction\":[{\"@type\":\"SearchAction\",\"target\":{\"@type\":\"EntryPoint\",\"urlTemplate\":\"https:\/\/www.bagnoitalia.com\/es?s={search_term_string}\"},\"query-input\":{\"@type\":\"PropertyValueSpecification\",\"valueRequired\":true,\"valueName\":\"search_term_string\"}}],\"inLanguage\":\"es\"},{\"@type\":\"Organization\",\"@id\":\"https:\/\/www.bagnoitalia.com\/es#organization\",\"name\":\"Bagno Italia\",\"url\":\"https:\/\/www.bagnoitalia.com\/es\",\"logo\":{\"@type\":\"ImageObject\",\"inLanguage\":\"es\",\"@id\":\"https:\/\/www.bagnoitalia.com\/es#\/schema\/logo\/image\/\",\"url\":\"https:\/\/img.bagnoitalia.com\/wp-content\/uploads\/logo-bagnoitalia.webp\",\"contentUrl\":\"https:\/\/img.bagnoitalia.com\/wp-content\/uploads\/logo-bagnoitalia.webp\",\"width\":400,\"height\":70,\"caption\":\"Bagno Italia\"},\"image\":{\"@id\":\"https:\/\/www.bagnoitalia.com\/es#\/schema\/logo\/image\/\"}}]}<\/script>\n<!-- \/ Yoast SEO plugin. -->","yoast_head_json":{"title":"Sof\u00e1 de exterior Petra con mesa extra\u00edble de mimbre gris con cojines","description":"Mobiliario de jard\u00edn y terraza fabricado con estructura de aluminio y revestimiento de mimbre (wicker) en color gris. Incorpora una pr\u00e1ctica mesa central, que puede elevarse para mayor comodidad.","robots":{"index":"index","follow":"follow","max-snippet":"max-snippet:-1","max-image-preview":"max-image-preview:large","max-video-preview":"max-video-preview:-1"},"canonical":"https:\/\/www.bagnoitalia.com\/es\/producto\/petra-outdoor-sofa-with-pull-out-table-in-grey-wicker-with-cushions-2.html","og_locale":"es_ES","og_type":"article","og_title":"Sof\u00e1 de exterior Petra con mesa extra\u00edble de mimbre gris con cojines","og_description":"Mobiliario de jard\u00edn y terraza fabricado con estructura de aluminio y revestimiento de mimbre (wicker) en color gris. Incorpora una pr\u00e1ctica mesa central, que puede elevarse para mayor comodidad.","og_url":"https:\/\/www.bagnoitalia.com\/es\/producto\/petra-outdoor-sofa-with-pull-out-table-in-grey-wicker-with-cushions-2.html","og_site_name":"Bagno Italia","og_image":[{"width":550,"height":550,"url":"https:\/\/img.bagnoitalia.com\/wp-content\/uploads\/virtuemart\/product\/divano-vimini-grigio-esterno-cuscini-tavolo-estraibile-dettagli-1.jpg","type":"image\/jpeg"}],"twitter_card":"summary_large_image","schema":{"@context":"https:\/\/schema.org","@graph":[{"@type":"WebPage","@id":"https:\/\/www.bagnoitalia.com\/es\/producto\/petra-outdoor-sofa-with-pull-out-table-in-grey-wicker-with-cushions-2.html","url":"https:\/\/www.bagnoitalia.com\/es\/producto\/petra-outdoor-sofa-with-pull-out-table-in-grey-wicker-with-cushions-2.html","name":"Sof\u00e1 de exterior Petra con mesa extra\u00edble de mimbre gris con cojines","isPartOf":{"@id":"https:\/\/www.bagnoitalia.com\/es#website"},"primaryImageOfPage":{"@id":"https:\/\/www.bagnoitalia.com\/es\/producto\/petra-outdoor-sofa-with-pull-out-table-in-grey-wicker-with-cushions-2.html#primaryimage"},"image":{"@id":"https:\/\/www.bagnoitalia.com\/es\/producto\/petra-outdoor-sofa-with-pull-out-table-in-grey-wicker-with-cushions-2.html#primaryimage"},"thumbnailUrl":"https:\/\/img.bagnoitalia.com\/wp-content\/uploads\/virtuemart\/product\/divano-vimini-grigio-esterno-cuscini-tavolo-estraibile-dettagli-1.jpg","datePublished":"2024-03-05T14:24:55+00:00","description":"Mobiliario de jard\u00edn y terraza fabricado con estructura de aluminio y revestimiento de mimbre (wicker) en color gris. Incorpora una pr\u00e1ctica mesa central, que puede elevarse para mayor comodidad.","breadcrumb":{"@id":"https:\/\/www.bagnoitalia.com\/es\/producto\/petra-outdoor-sofa-with-pull-out-table-in-grey-wicker-with-cushions-2.html#breadcrumb"},"inLanguage":"es","potentialAction":[{"@type":"ReadAction","target":["https:\/\/www.bagnoitalia.com\/es\/producto\/petra-outdoor-sofa-with-pull-out-table-in-grey-wicker-with-cushions-2.html"]}]},{"@type":"ImageObject","inLanguage":"es","@id":"https:\/\/www.bagnoitalia.com\/es\/producto\/petra-outdoor-sofa-with-pull-out-table-in-grey-wicker-with-cushions-2.html#primaryimage","url":"https:\/\/img.bagnoitalia.com\/wp-content\/uploads\/virtuemart\/product\/divano-vimini-grigio-esterno-cuscini-tavolo-estraibile-dettagli-1.jpg","contentUrl":"https:\/\/img.bagnoitalia.com\/wp-content\/uploads\/virtuemart\/product\/divano-vimini-grigio-esterno-cuscini-tavolo-estraibile-dettagli-1.jpg","width":550,"height":550},{"@type":"BreadcrumbList","@id":"https:\/\/www.bagnoitalia.com\/es\/producto\/petra-outdoor-sofa-with-pull-out-table-in-grey-wicker-with-cushions-2.html#breadcrumb","itemListElement":[{"@type":"ListItem","position":1,"name":"Home","item":"https:\/\/www.bagnoitalia.com\/es"},{"@type":"ListItem","position":2,"name":"Productos","item":"https:\/\/www.bagnoitalia.com\/es\/shop"},{"@type":"ListItem","position":3,"name":"Sof\u00e1 de exterior Petra con mesa extra\u00edble de mimbre gris con cojines"}]},{"@type":"WebSite","@id":"https:\/\/www.bagnoitalia.com\/es#website","url":"https:\/\/www.bagnoitalia.com\/es","name":"Bagno Italia","description":"","publisher":{"@id":"https:\/\/www.bagnoitalia.com\/es#organization"},"potentialAction":[{"@type":"SearchAction","target":{"@type":"EntryPoint","urlTemplate":"https:\/\/www.bagnoitalia.com\/es?s={search_term_string}"},"query-input":{"@type":"PropertyValueSpecification","valueRequired":true,"valueName":"search_term_string"}}],"inLanguage":"es"},{"@type":"Organization","@id":"https:\/\/www.bagnoitalia.com\/es#organization","name":"Bagno Italia","url":"https:\/\/www.bagnoitalia.com\/es","logo":{"@type":"ImageObject","inLanguage":"es","@id":"https:\/\/www.bagnoitalia.com\/es#\/schema\/logo\/image\/","url":"https:\/\/img.bagnoitalia.com\/wp-content\/uploads\/logo-bagnoitalia.webp","contentUrl":"https:\/\/img.bagnoitalia.com\/wp-content\/uploads\/logo-bagnoitalia.webp","width":400,"height":70,"caption":"Bagno Italia"},"image":{"@id":"https:\/\/www.bagnoitalia.com\/es#\/schema\/logo\/image\/"}}]}},"_links":{"self":[{"href":"https:\/\/www.bagnoitalia.com\/es\/wp-json\/wp\/v2\/product\/84187","targetHints":{"allow":["GET"]}}],"collection":[{"href":"https:\/\/www.bagnoitalia.com\/es\/wp-json\/wp\/v2\/product"}],"about":[{"href":"https:\/\/www.bagnoitalia.com\/es\/wp-json\/wp\/v2\/types\/product"}],"replies":[{"embeddable":true,"href":"https:\/\/www.bagnoitalia.com\/es\/wp-json\/wp\/v2\/comments?post=84187"}],"version-history":[{"count":0,"href":"https:\/\/www.bagnoitalia.com\/es\/wp-json\/wp\/v2\/product\/84187\/revisions"}],"wp:featuredmedia":[{"embeddable":true,"href":"https:\/\/www.bagnoitalia.com\/es\/wp-json\/wp\/v2\/media\/73665"}],"wp:attachment":[{"href":"https:\/\/www.bagnoitalia.com\/es\/wp-json\/wp\/v2\/media?parent=84187"}],"wp:term":[{"taxonomy":"product_brand","embeddable":true,"href":"https:\/\/www.bagnoitalia.com\/es\/wp-json\/wp\/v2\/product_brand?post=84187"},{"taxonomy":"product_cat","embeddable":true,"href":"https:\/\/www.bagnoitalia.com\/es\/wp-json\/wp\/v2\/product_cat?post=84187"},{"taxonomy":"product_tag","embeddable":true,"href":"https:\/\/www.bagnoitalia.com\/es\/wp-json\/wp\/v2\/product_tag?post=84187"}],"curies":[{"name":"wp","href":"https:\/\/api.w.org\/{rel}","templated":true}]}}