{"id":83971,"date":"2024-02-06T16:52:26","date_gmt":"2024-02-06T15:52:26","guid":{"rendered":"https:\/\/www.bagnoitalia.com\/product\/reversible-whirlpool-cabin-70x90-cm-with-bluetooth-chromotherapy-ozone-therapy-cb097-2"},"modified":"2024-11-07T14:35:37","modified_gmt":"2024-11-07T13:35:37","slug":"reversible-whirlpool-cabin-70x90-cm-with-bluetooth-chromotherapy-ozone-therapy-cb097-2","status":"publish","type":"product","link":"https:\/\/www.bagnoitalia.com\/es\/producto\/reversible-whirlpool-cabin-70x90-cm-with-bluetooth-chromotherapy-ozone-therapy-cb097-2.html","title":{"rendered":"Cabina de hidromasaje reversible 70&#215;90 cm con cromoterapia bluetooth ozonoterapia CB097"},"content":{"rendered":"<p>CABINA DE HIDROMASAJE REVERSIBLE 70x90cm CB097<\/p>\n<p><img fetchpriority=\"high\" decoding=\"async\" class=\"alignnone size-full wp-image-99625\" src=\"https:\/\/www.bagnoitalia.it\/wp-content\/uploads\/importante-scarico-non-vincolante-cabina-idromassaggio-box.jpg\" alt=\"\" width=\"812\" height=\"185\" \/><\/p>\n<p>&nbsp;<\/p>\n<p>PRINCIPALES CARACTER\u00cdSTICAS DEL PRODUCTO<\/p>\n<p>Cabina de ducha de hidromasaje de 70&#215;90 cm<\/p>\n<p>Reversible: no es necesario especificar la versi\u00f3n al realizar el pedido, puede decidir c\u00f3mo instalarla durante la instalaci\u00f3n, en funci\u00f3n de sus necesidades<\/p>\n<p>Altura 215 cm<\/p>\n<p>6 chorros de hidromasaje a lo largo de la columna de ducha<\/p>\n<p>Plato de ducha de resina tricapa reforzada ABS con marco galvanizado<\/p>\n<p>Cristal templado ahumado de 6,5 mm para evitar accidentes<\/p>\n<p>Puertas correderas con cierre magn\u00e9tico<\/p>\n<p>Ducha de acero cromado<\/p>\n<p>Columnas de aluminio satinado<\/p>\n<p>Tiradores cromados<\/p>\n<p>&nbsp;<\/p>\n<p>&nbsp;<\/p>\n<p>ACCESORIOS Y FUNCIONES<\/p>\n<p>Panel de control digital con pantalla t\u00e1ctil<\/p>\n<p>Conexi\u00f3n Bluetooth<\/p>\n<p>Ducha (en el techo)<\/p>\n<p>Ducha lateral inclinada<\/p>\n<p>cromoterapia con 7 variaciones de color<\/p>\n<p>ozonoterapia<\/p>\n<p>masaje de pies<\/p>\n<p>radio FM con altavoces<\/p>\n<p>Toallero<\/p>\n<p>Estante de cristal<\/p>\n<p>Espejo<\/p>\n<p>&nbsp;<\/p>\n<p>ATENCI\u00d3N: asiento NO incluido, se puede a\u00f1adir a trav\u00e9s del men\u00fa de arriba<\/p>\n<p>Haga clic en el siguiente v\u00eddeo para ver c\u00f3mo instalar el asiento:<\/p>\n<div class=\"video-container\"><iframe title=\"Bagno Italia  -  Istallazione seggiolino sulla cabina idromassaggio CB097\" width=\"1170\" height=\"658\" src=\"https:\/\/www.youtube.com\/embed\/UTRuHLlIVvw?feature=oembed\" frameborder=\"0\" allow=\"accelerometer; autoplay; clipboard-write; encrypted-media; gyroscope; picture-in-picture; web-share\" referrerpolicy=\"strict-origin-when-cross-origin\" allowfullscreen><\/iframe><\/div>\n<p>&nbsp;<\/p>\n","protected":false},"excerpt":{"rendered":"<p>Cabina de ducha de hidromasaje Full opcional, reversible, de 70x90xA215 cm. Completa con plato de ducha, columna con 6 jets de hidromasaje, generador de ozono, masaje de pies, luces para iluminaci\u00f3n y cromoterapia, Bluetooth y radio.<\/p>\n","protected":false},"featured_media":71527,"comment_status":"open","ping_status":"closed","template":"","meta":[],"product_brand":[9926],"product_cat":[9737],"product_tag":[],"class_list":{"0":"post-83971","1":"product","2":"type-product","3":"status-publish","4":"has-post-thumbnail","6":"product_brand-predator-arredo-casa-es","7":"product_cat-cabina-de-hidromasaje","9":"first","10":"instock","11":"sale","12":"taxable","13":"shipping-taxable","14":"purchasable","15":"product-type-simple"},"exclude_global_add_ons":false,"addons":[{"name":"Tipo","type":"multiple_choice","position":0,"required":false,"title_format":"label","default":"","description_enable":false,"description":"","placeholder_enable":false,"placeholder":"","display":"select","restrictions_type":"any_text","adjust_price":false,"price":"","price_type":"flat_fee","restrictions":false,"min":"0","max":"0","options":[{"label":"sin asiento","price":"","price_type":"flat_fee","image":0,"visibility":true},{"label":"CON asiento","price":"50","price_type":"flat_fee","image":0,"visibility":true}],"id":1728493102}],"yoast_head":"<!-- This site is optimized with the Yoast SEO plugin v26.7 - https:\/\/yoast.com\/wordpress\/plugins\/seo\/ -->\n<title>Cabina de hidromasaje reversible 70x90 cm con cromoterapia bluetooth ozonoterapia CB097<\/title>\n<meta name=\"description\" content=\"Cabina de ducha de hidromasaje Full opcional, reversible, de 70x90xA215 cm. Completa con plato de ducha, columna con 6 jets de hidromasaje, generador de ozono, masaje de pies, luces para iluminaci\u00f3n y cromoterapia, Bluetooth y radio.\" \/>\n<meta name=\"robots\" content=\"index, follow, max-snippet:-1, max-image-preview:large, max-video-preview:-1\" \/>\n<link rel=\"canonical\" href=\"https:\/\/www.bagnoitalia.com\/es\/producto\/reversible-whirlpool-cabin-70x90-cm-with-bluetooth-chromotherapy-ozone-therapy-cb097-2.html\" \/>\n<meta property=\"og:locale\" content=\"es_ES\" \/>\n<meta property=\"og:type\" content=\"article\" \/>\n<meta property=\"og:title\" content=\"Cabina de hidromasaje reversible 70x90 cm con cromoterapia bluetooth ozonoterapia CB097\" \/>\n<meta property=\"og:description\" content=\"Cabina de ducha de hidromasaje Full opcional, reversible, de 70x90xA215 cm. Completa con plato de ducha, columna con 6 jets de hidromasaje, generador de ozono, masaje de pies, luces para iluminaci\u00f3n y cromoterapia, Bluetooth y radio.\" \/>\n<meta property=\"og:url\" content=\"https:\/\/www.bagnoitalia.com\/es\/producto\/reversible-whirlpool-cabin-70x90-cm-with-bluetooth-chromotherapy-ozone-therapy-cb097-2.html\" \/>\n<meta property=\"og:site_name\" content=\"Bagno Italia\" \/>\n<meta property=\"article:modified_time\" content=\"2024-11-07T13:35:37+00:00\" \/>\n<meta property=\"og:image\" content=\"https:\/\/img.bagnoitalia.com\/wp-content\/uploads\/virtuemart\/product\/cabina-idromassaggio-reversibile-70x90-cm-1.jpg\" \/>\n\t<meta property=\"og:image:width\" content=\"550\" \/>\n\t<meta property=\"og:image:height\" content=\"550\" \/>\n\t<meta property=\"og:image:type\" content=\"image\/jpeg\" \/>\n<meta name=\"twitter:card\" content=\"summary_large_image\" \/>\n<meta name=\"twitter:label1\" content=\"Tiempo de lectura\" \/>\n\t<meta name=\"twitter:data1\" content=\"1 minuto\" \/>\n<script type=\"application\/ld+json\" class=\"yoast-schema-graph\">{\"@context\":\"https:\/\/schema.org\",\"@graph\":[{\"@type\":\"WebPage\",\"@id\":\"https:\/\/www.bagnoitalia.com\/es\/producto\/reversible-whirlpool-cabin-70x90-cm-with-bluetooth-chromotherapy-ozone-therapy-cb097-2.html\",\"url\":\"https:\/\/www.bagnoitalia.com\/es\/producto\/reversible-whirlpool-cabin-70x90-cm-with-bluetooth-chromotherapy-ozone-therapy-cb097-2.html\",\"name\":\"Cabina de hidromasaje reversible 70x90 cm con cromoterapia bluetooth ozonoterapia CB097\",\"isPartOf\":{\"@id\":\"https:\/\/www.bagnoitalia.com\/es#website\"},\"primaryImageOfPage\":{\"@id\":\"https:\/\/www.bagnoitalia.com\/es\/producto\/reversible-whirlpool-cabin-70x90-cm-with-bluetooth-chromotherapy-ozone-therapy-cb097-2.html#primaryimage\"},\"image\":{\"@id\":\"https:\/\/www.bagnoitalia.com\/es\/producto\/reversible-whirlpool-cabin-70x90-cm-with-bluetooth-chromotherapy-ozone-therapy-cb097-2.html#primaryimage\"},\"thumbnailUrl\":\"https:\/\/img.bagnoitalia.com\/wp-content\/uploads\/virtuemart\/product\/cabina-idromassaggio-reversibile-70x90-cm-1.jpg\",\"datePublished\":\"2024-02-06T15:52:26+00:00\",\"dateModified\":\"2024-11-07T13:35:37+00:00\",\"description\":\"Cabina de ducha de hidromasaje Full opcional, reversible, de 70x90xA215 cm. Completa con plato de ducha, columna con 6 jets de hidromasaje, generador de ozono, masaje de pies, luces para iluminaci\u00f3n y cromoterapia, Bluetooth y radio.\",\"breadcrumb\":{\"@id\":\"https:\/\/www.bagnoitalia.com\/es\/producto\/reversible-whirlpool-cabin-70x90-cm-with-bluetooth-chromotherapy-ozone-therapy-cb097-2.html#breadcrumb\"},\"inLanguage\":\"es\",\"potentialAction\":[{\"@type\":\"ReadAction\",\"target\":[\"https:\/\/www.bagnoitalia.com\/es\/producto\/reversible-whirlpool-cabin-70x90-cm-with-bluetooth-chromotherapy-ozone-therapy-cb097-2.html\"]}]},{\"@type\":\"ImageObject\",\"inLanguage\":\"es\",\"@id\":\"https:\/\/www.bagnoitalia.com\/es\/producto\/reversible-whirlpool-cabin-70x90-cm-with-bluetooth-chromotherapy-ozone-therapy-cb097-2.html#primaryimage\",\"url\":\"https:\/\/img.bagnoitalia.com\/wp-content\/uploads\/virtuemart\/product\/cabina-idromassaggio-reversibile-70x90-cm-1.jpg\",\"contentUrl\":\"https:\/\/img.bagnoitalia.com\/wp-content\/uploads\/virtuemart\/product\/cabina-idromassaggio-reversibile-70x90-cm-1.jpg\",\"width\":550,\"height\":550},{\"@type\":\"BreadcrumbList\",\"@id\":\"https:\/\/www.bagnoitalia.com\/es\/producto\/reversible-whirlpool-cabin-70x90-cm-with-bluetooth-chromotherapy-ozone-therapy-cb097-2.html#breadcrumb\",\"itemListElement\":[{\"@type\":\"ListItem\",\"position\":1,\"name\":\"Home\",\"item\":\"https:\/\/www.bagnoitalia.com\/es\"},{\"@type\":\"ListItem\",\"position\":2,\"name\":\"Productos\",\"item\":\"https:\/\/www.bagnoitalia.com\/es\/shop\"},{\"@type\":\"ListItem\",\"position\":3,\"name\":\"Cabina de hidromasaje reversible 70&#215;90 cm con cromoterapia bluetooth ozonoterapia CB097\"}]},{\"@type\":\"WebSite\",\"@id\":\"https:\/\/www.bagnoitalia.com\/es#website\",\"url\":\"https:\/\/www.bagnoitalia.com\/es\",\"name\":\"Bagno Italia\",\"description\":\"\",\"publisher\":{\"@id\":\"https:\/\/www.bagnoitalia.com\/es#organization\"},\"potentialAction\":[{\"@type\":\"SearchAction\",\"target\":{\"@type\":\"EntryPoint\",\"urlTemplate\":\"https:\/\/www.bagnoitalia.com\/es?s={search_term_string}\"},\"query-input\":{\"@type\":\"PropertyValueSpecification\",\"valueRequired\":true,\"valueName\":\"search_term_string\"}}],\"inLanguage\":\"es\"},{\"@type\":\"Organization\",\"@id\":\"https:\/\/www.bagnoitalia.com\/es#organization\",\"name\":\"Bagno Italia\",\"url\":\"https:\/\/www.bagnoitalia.com\/es\",\"logo\":{\"@type\":\"ImageObject\",\"inLanguage\":\"es\",\"@id\":\"https:\/\/www.bagnoitalia.com\/es#\/schema\/logo\/image\/\",\"url\":\"https:\/\/img.bagnoitalia.com\/wp-content\/uploads\/logo-bagnoitalia.webp\",\"contentUrl\":\"https:\/\/img.bagnoitalia.com\/wp-content\/uploads\/logo-bagnoitalia.webp\",\"width\":400,\"height\":70,\"caption\":\"Bagno Italia\"},\"image\":{\"@id\":\"https:\/\/www.bagnoitalia.com\/es#\/schema\/logo\/image\/\"}}]}<\/script>\n<!-- \/ Yoast SEO plugin. -->","yoast_head_json":{"title":"Cabina de hidromasaje reversible 70x90 cm con cromoterapia bluetooth ozonoterapia CB097","description":"Cabina de ducha de hidromasaje Full opcional, reversible, de 70x90xA215 cm. Completa con plato de ducha, columna con 6 jets de hidromasaje, generador de ozono, masaje de pies, luces para iluminaci\u00f3n y cromoterapia, Bluetooth y radio.","robots":{"index":"index","follow":"follow","max-snippet":"max-snippet:-1","max-image-preview":"max-image-preview:large","max-video-preview":"max-video-preview:-1"},"canonical":"https:\/\/www.bagnoitalia.com\/es\/producto\/reversible-whirlpool-cabin-70x90-cm-with-bluetooth-chromotherapy-ozone-therapy-cb097-2.html","og_locale":"es_ES","og_type":"article","og_title":"Cabina de hidromasaje reversible 70x90 cm con cromoterapia bluetooth ozonoterapia CB097","og_description":"Cabina de ducha de hidromasaje Full opcional, reversible, de 70x90xA215 cm. Completa con plato de ducha, columna con 6 jets de hidromasaje, generador de ozono, masaje de pies, luces para iluminaci\u00f3n y cromoterapia, Bluetooth y radio.","og_url":"https:\/\/www.bagnoitalia.com\/es\/producto\/reversible-whirlpool-cabin-70x90-cm-with-bluetooth-chromotherapy-ozone-therapy-cb097-2.html","og_site_name":"Bagno Italia","article_modified_time":"2024-11-07T13:35:37+00:00","og_image":[{"width":550,"height":550,"url":"https:\/\/img.bagnoitalia.com\/wp-content\/uploads\/virtuemart\/product\/cabina-idromassaggio-reversibile-70x90-cm-1.jpg","type":"image\/jpeg"}],"twitter_card":"summary_large_image","twitter_misc":{"Tiempo de lectura":"1 minuto"},"schema":{"@context":"https:\/\/schema.org","@graph":[{"@type":"WebPage","@id":"https:\/\/www.bagnoitalia.com\/es\/producto\/reversible-whirlpool-cabin-70x90-cm-with-bluetooth-chromotherapy-ozone-therapy-cb097-2.html","url":"https:\/\/www.bagnoitalia.com\/es\/producto\/reversible-whirlpool-cabin-70x90-cm-with-bluetooth-chromotherapy-ozone-therapy-cb097-2.html","name":"Cabina de hidromasaje reversible 70x90 cm con cromoterapia bluetooth ozonoterapia CB097","isPartOf":{"@id":"https:\/\/www.bagnoitalia.com\/es#website"},"primaryImageOfPage":{"@id":"https:\/\/www.bagnoitalia.com\/es\/producto\/reversible-whirlpool-cabin-70x90-cm-with-bluetooth-chromotherapy-ozone-therapy-cb097-2.html#primaryimage"},"image":{"@id":"https:\/\/www.bagnoitalia.com\/es\/producto\/reversible-whirlpool-cabin-70x90-cm-with-bluetooth-chromotherapy-ozone-therapy-cb097-2.html#primaryimage"},"thumbnailUrl":"https:\/\/img.bagnoitalia.com\/wp-content\/uploads\/virtuemart\/product\/cabina-idromassaggio-reversibile-70x90-cm-1.jpg","datePublished":"2024-02-06T15:52:26+00:00","dateModified":"2024-11-07T13:35:37+00:00","description":"Cabina de ducha de hidromasaje Full opcional, reversible, de 70x90xA215 cm. Completa con plato de ducha, columna con 6 jets de hidromasaje, generador de ozono, masaje de pies, luces para iluminaci\u00f3n y cromoterapia, Bluetooth y radio.","breadcrumb":{"@id":"https:\/\/www.bagnoitalia.com\/es\/producto\/reversible-whirlpool-cabin-70x90-cm-with-bluetooth-chromotherapy-ozone-therapy-cb097-2.html#breadcrumb"},"inLanguage":"es","potentialAction":[{"@type":"ReadAction","target":["https:\/\/www.bagnoitalia.com\/es\/producto\/reversible-whirlpool-cabin-70x90-cm-with-bluetooth-chromotherapy-ozone-therapy-cb097-2.html"]}]},{"@type":"ImageObject","inLanguage":"es","@id":"https:\/\/www.bagnoitalia.com\/es\/producto\/reversible-whirlpool-cabin-70x90-cm-with-bluetooth-chromotherapy-ozone-therapy-cb097-2.html#primaryimage","url":"https:\/\/img.bagnoitalia.com\/wp-content\/uploads\/virtuemart\/product\/cabina-idromassaggio-reversibile-70x90-cm-1.jpg","contentUrl":"https:\/\/img.bagnoitalia.com\/wp-content\/uploads\/virtuemart\/product\/cabina-idromassaggio-reversibile-70x90-cm-1.jpg","width":550,"height":550},{"@type":"BreadcrumbList","@id":"https:\/\/www.bagnoitalia.com\/es\/producto\/reversible-whirlpool-cabin-70x90-cm-with-bluetooth-chromotherapy-ozone-therapy-cb097-2.html#breadcrumb","itemListElement":[{"@type":"ListItem","position":1,"name":"Home","item":"https:\/\/www.bagnoitalia.com\/es"},{"@type":"ListItem","position":2,"name":"Productos","item":"https:\/\/www.bagnoitalia.com\/es\/shop"},{"@type":"ListItem","position":3,"name":"Cabina de hidromasaje reversible 70&#215;90 cm con cromoterapia bluetooth ozonoterapia CB097"}]},{"@type":"WebSite","@id":"https:\/\/www.bagnoitalia.com\/es#website","url":"https:\/\/www.bagnoitalia.com\/es","name":"Bagno Italia","description":"","publisher":{"@id":"https:\/\/www.bagnoitalia.com\/es#organization"},"potentialAction":[{"@type":"SearchAction","target":{"@type":"EntryPoint","urlTemplate":"https:\/\/www.bagnoitalia.com\/es?s={search_term_string}"},"query-input":{"@type":"PropertyValueSpecification","valueRequired":true,"valueName":"search_term_string"}}],"inLanguage":"es"},{"@type":"Organization","@id":"https:\/\/www.bagnoitalia.com\/es#organization","name":"Bagno Italia","url":"https:\/\/www.bagnoitalia.com\/es","logo":{"@type":"ImageObject","inLanguage":"es","@id":"https:\/\/www.bagnoitalia.com\/es#\/schema\/logo\/image\/","url":"https:\/\/img.bagnoitalia.com\/wp-content\/uploads\/logo-bagnoitalia.webp","contentUrl":"https:\/\/img.bagnoitalia.com\/wp-content\/uploads\/logo-bagnoitalia.webp","width":400,"height":70,"caption":"Bagno Italia"},"image":{"@id":"https:\/\/www.bagnoitalia.com\/es#\/schema\/logo\/image\/"}}]}},"_links":{"self":[{"href":"https:\/\/www.bagnoitalia.com\/es\/wp-json\/wp\/v2\/product\/83971","targetHints":{"allow":["GET"]}}],"collection":[{"href":"https:\/\/www.bagnoitalia.com\/es\/wp-json\/wp\/v2\/product"}],"about":[{"href":"https:\/\/www.bagnoitalia.com\/es\/wp-json\/wp\/v2\/types\/product"}],"replies":[{"embeddable":true,"href":"https:\/\/www.bagnoitalia.com\/es\/wp-json\/wp\/v2\/comments?post=83971"}],"version-history":[{"count":3,"href":"https:\/\/www.bagnoitalia.com\/es\/wp-json\/wp\/v2\/product\/83971\/revisions"}],"predecessor-version":[{"id":94975,"href":"https:\/\/www.bagnoitalia.com\/es\/wp-json\/wp\/v2\/product\/83971\/revisions\/94975"}],"wp:featuredmedia":[{"embeddable":true,"href":"https:\/\/www.bagnoitalia.com\/es\/wp-json\/wp\/v2\/media\/71527"}],"wp:attachment":[{"href":"https:\/\/www.bagnoitalia.com\/es\/wp-json\/wp\/v2\/media?parent=83971"}],"wp:term":[{"taxonomy":"product_brand","embeddable":true,"href":"https:\/\/www.bagnoitalia.com\/es\/wp-json\/wp\/v2\/product_brand?post=83971"},{"taxonomy":"product_cat","embeddable":true,"href":"https:\/\/www.bagnoitalia.com\/es\/wp-json\/wp\/v2\/product_cat?post=83971"},{"taxonomy":"product_tag","embeddable":true,"href":"https:\/\/www.bagnoitalia.com\/es\/wp-json\/wp\/v2\/product_tag?post=83971"}],"curies":[{"name":"wp","href":"https:\/\/api.w.org\/{rel}","templated":true}]}}