{"id":83955,"date":"2024-02-05T16:20:27","date_gmt":"2024-02-05T15:20:27","guid":{"rendered":"https:\/\/www.bagnoitalia.com\/product\/finnish-sauna-200-175-cm-4-seater-with-sawo-thermometer-hemlock-wood-stove-sn081-2"},"modified":"2026-04-08T11:47:03","modified_gmt":"2026-04-08T09:47:03","slug":"finnish-sauna-200-175-cm-4-seater-with-sawo-thermometer-hemlock-wood-stove-sn081-2","status":"publish","type":"product","link":"https:\/\/www.bagnoitalia.com\/es\/producto\/finnish-sauna-200-175-cm-4-seater-with-sawo-thermometer-hemlock-wood-stove-sn081-2.html","title":{"rendered":"Sauna finlandesa 200\u00d7175 cm 4 plazas con term\u00f3metro Sawo Estufa de le\u00f1a Hemlock SN081"},"content":{"rendered":"<p>La sauna tiene un beneficioso efecto depurativo: el sudor producido elimina toxinas y metales pesados, al tiempo que ayuda y mejora el sistema inmunitario. Se calcula que un cuarto de hora en la sauna elimina la misma cantidad de residuos que los ri\u00f1ones excretan en todo un d\u00eda. Todo ello, pues, aporta indirectamente importantes beneficios al estado de \u00e1nimo y a otras funciones f\u00edsicas y org\u00e1nicas.<\/p>\n<p>La sauna que presentamos aqu\u00ed, con capacidad para 4 personas, mide 200x175x200 cm y est\u00e1 hecha de madera de cicuta, un tipo de madera preferido para la construcci\u00f3n de saunas. La estufa Sawo alcanza una temperatura de 90\u00b0 en calor seco, y la cabina es capaz de aislar el calor mediante paredes aislantes y cristal templado de 8 mil\u00edmetros de grosor. La potencia de la cabina es de 6000 vatios.<\/p>\n<p>La cabina incluye varios accesorios, como una l\u00e1mpara interior, un cubo con cuchar\u00f3n, un reloj de arena y un term\u00f3metro.<\/p>\n<p>Tambi\u00e9n es posible programar los tiempos de encendido y apagado.<\/p>\n<p>&nbsp;<\/p>\n<p>&nbsp;<\/p>\n<p>SAUNA FINLANDESA 200X175X200H para 4 personas SN081<\/p>\n<p>&nbsp;<\/p>\n<p>Dimensiones 200x175xH200 cm<br \/>\nReloj de arena<br \/>\nTerm\u00f3metro<br \/>\nEstufa Sawo<br \/>\nTemperatura interior 90<br \/>\nPotencia:6000w<br \/>\nParedes con aislamiento<br \/>\nPerfil de madera Hemlock<br \/>\nCristal templado 8 mm<br \/>\nProfundidad del asiento 45 cm<br \/>\nGrosor de la pared 4,2 cm con una capa de aislamiento en el centro<br \/>\nAlimentaci\u00f3n: monof\u00e1sica 230 V 1N ( bajo pedido tambi\u00e9n trif\u00e1sica 230 v 3N o 400 v 3N )<br \/>\nAccesorios incluidos: l\u00e1mpara interior, cubo, cuchar\u00f3n, reloj de arena, term\u00f3metro<\/p>\n<div class=\"lRu31\" dir=\"ltr\">\n<p><span class=\"HwtZe\" lang=\"es\"><span class=\"jCAhz\"><span class=\"ryNqvb\">peso 260 kg<\/span><\/span><\/span><\/p>\n<div class=\"OvtS8d\">paquetes:<\/div>\n<div>A: 1990*1760*220mm<br \/>\nB: 2080*915*240mm<br \/>\nC: 2080*1850*240mm<br \/>\nD: 330*430*760mm<br \/>\nE: 380*300*100mm<br \/>\nF: 265*265*285mm<\/div>\n<div class=\"NQSJo\"><\/div>\n<\/div>\n<div class=\"UdTY9 WdefRb\" aria-hidden=\"true\" data-location=\"2\"><\/div>\n<p>&nbsp;<\/p>\n","protected":false},"excerpt":{"rendered":"<p>Sauna de tipo finland\u00e9s, dimensiones 200x175x200H cm, apta para 4 personas con estufa sawo, term\u00f3metro, estructura de madera Hemlock<\/p>\n","protected":false},"featured_media":71377,"comment_status":"open","ping_status":"closed","template":"","meta":[],"product_brand":[9911],"product_cat":[9733],"product_tag":[],"class_list":{"0":"post-83955","1":"product","2":"type-product","3":"status-publish","4":"has-post-thumbnail","6":"product_brand-puntorelax-es","7":"product_cat-sauna-finlandesa","9":"first","10":"instock","11":"sale","12":"taxable","13":"shipping-taxable","14":"purchasable","15":"product-type-simple"},"exclude_global_add_ons":[],"addons":[],"yoast_head":"<!-- This site is optimized with the Yoast SEO plugin v26.7 - https:\/\/yoast.com\/wordpress\/plugins\/seo\/ -->\n<title>Sauna finlandesa 200\u00d7175 cm 4 plazas con term\u00f3metro Sawo Estufa de le\u00f1a Hemlock SN081<\/title>\n<meta name=\"description\" content=\"Sauna de tipo finland\u00e9s, dimensiones 200x175x200H cm, apta para 4 personas con estufa sawo, term\u00f3metro, estructura de madera Hemlock\" \/>\n<meta name=\"robots\" content=\"index, follow, max-snippet:-1, max-image-preview:large, max-video-preview:-1\" \/>\n<link rel=\"canonical\" href=\"https:\/\/www.bagnoitalia.com\/es\/producto\/finnish-sauna-200-175-cm-4-seater-with-sawo-thermometer-hemlock-wood-stove-sn081-2.html\" \/>\n<meta property=\"og:locale\" content=\"es_ES\" \/>\n<meta property=\"og:type\" content=\"article\" \/>\n<meta property=\"og:title\" content=\"Sauna finlandesa 200\u00d7175 cm 4 plazas con term\u00f3metro Sawo Estufa de le\u00f1a Hemlock SN081\" \/>\n<meta property=\"og:description\" content=\"Sauna de tipo finland\u00e9s, dimensiones 200x175x200H cm, apta para 4 personas con estufa sawo, term\u00f3metro, estructura de madera Hemlock\" \/>\n<meta property=\"og:url\" content=\"https:\/\/www.bagnoitalia.com\/es\/producto\/finnish-sauna-200-175-cm-4-seater-with-sawo-thermometer-hemlock-wood-stove-sn081-2.html\" \/>\n<meta property=\"og:site_name\" content=\"Bagno Italia\" \/>\n<meta property=\"article:modified_time\" content=\"2026-04-08T09:47:03+00:00\" \/>\n<meta property=\"og:image\" content=\"https:\/\/img.bagnoitalia.com\/wp-content\/uploads\/virtuemart\/product\/sauna-finlandese-200x175-1-1.jpg\" \/>\n\t<meta property=\"og:image:width\" content=\"640\" \/>\n\t<meta property=\"og:image:height\" content=\"640\" \/>\n\t<meta property=\"og:image:type\" content=\"image\/jpeg\" \/>\n<meta name=\"twitter:card\" content=\"summary_large_image\" \/>\n<meta name=\"twitter:label1\" content=\"Tiempo de lectura\" \/>\n\t<meta name=\"twitter:data1\" content=\"2 minutos\" \/>\n<script type=\"application\/ld+json\" class=\"yoast-schema-graph\">{\"@context\":\"https:\/\/schema.org\",\"@graph\":[{\"@type\":\"WebPage\",\"@id\":\"https:\/\/www.bagnoitalia.com\/es\/producto\/finnish-sauna-200-175-cm-4-seater-with-sawo-thermometer-hemlock-wood-stove-sn081-2.html\",\"url\":\"https:\/\/www.bagnoitalia.com\/es\/producto\/finnish-sauna-200-175-cm-4-seater-with-sawo-thermometer-hemlock-wood-stove-sn081-2.html\",\"name\":\"Sauna finlandesa 200\u00d7175 cm 4 plazas con term\u00f3metro Sawo Estufa de le\u00f1a Hemlock SN081\",\"isPartOf\":{\"@id\":\"https:\/\/www.bagnoitalia.com\/es#website\"},\"primaryImageOfPage\":{\"@id\":\"https:\/\/www.bagnoitalia.com\/es\/producto\/finnish-sauna-200-175-cm-4-seater-with-sawo-thermometer-hemlock-wood-stove-sn081-2.html#primaryimage\"},\"image\":{\"@id\":\"https:\/\/www.bagnoitalia.com\/es\/producto\/finnish-sauna-200-175-cm-4-seater-with-sawo-thermometer-hemlock-wood-stove-sn081-2.html#primaryimage\"},\"thumbnailUrl\":\"https:\/\/img.bagnoitalia.com\/wp-content\/uploads\/virtuemart\/product\/sauna-finlandese-200x175-1-1.jpg\",\"datePublished\":\"2024-02-05T15:20:27+00:00\",\"dateModified\":\"2026-04-08T09:47:03+00:00\",\"description\":\"Sauna de tipo finland\u00e9s, dimensiones 200x175x200H cm, apta para 4 personas con estufa sawo, term\u00f3metro, estructura de madera Hemlock\",\"breadcrumb\":{\"@id\":\"https:\/\/www.bagnoitalia.com\/es\/producto\/finnish-sauna-200-175-cm-4-seater-with-sawo-thermometer-hemlock-wood-stove-sn081-2.html#breadcrumb\"},\"inLanguage\":\"es\",\"potentialAction\":[{\"@type\":\"ReadAction\",\"target\":[\"https:\/\/www.bagnoitalia.com\/es\/producto\/finnish-sauna-200-175-cm-4-seater-with-sawo-thermometer-hemlock-wood-stove-sn081-2.html\"]}]},{\"@type\":\"ImageObject\",\"inLanguage\":\"es\",\"@id\":\"https:\/\/www.bagnoitalia.com\/es\/producto\/finnish-sauna-200-175-cm-4-seater-with-sawo-thermometer-hemlock-wood-stove-sn081-2.html#primaryimage\",\"url\":\"https:\/\/img.bagnoitalia.com\/wp-content\/uploads\/virtuemart\/product\/sauna-finlandese-200x175-1-1.jpg\",\"contentUrl\":\"https:\/\/img.bagnoitalia.com\/wp-content\/uploads\/virtuemart\/product\/sauna-finlandese-200x175-1-1.jpg\",\"width\":640,\"height\":640},{\"@type\":\"BreadcrumbList\",\"@id\":\"https:\/\/www.bagnoitalia.com\/es\/producto\/finnish-sauna-200-175-cm-4-seater-with-sawo-thermometer-hemlock-wood-stove-sn081-2.html#breadcrumb\",\"itemListElement\":[{\"@type\":\"ListItem\",\"position\":1,\"name\":\"Home\",\"item\":\"https:\/\/www.bagnoitalia.com\/es\"},{\"@type\":\"ListItem\",\"position\":2,\"name\":\"Productos\",\"item\":\"https:\/\/www.bagnoitalia.com\/es\/shop\"},{\"@type\":\"ListItem\",\"position\":3,\"name\":\"Sauna finlandesa 200\u00d7175 cm 4 plazas con term\u00f3metro Sawo Estufa de le\u00f1a Hemlock SN081\"}]},{\"@type\":\"WebSite\",\"@id\":\"https:\/\/www.bagnoitalia.com\/es#website\",\"url\":\"https:\/\/www.bagnoitalia.com\/es\",\"name\":\"Bagno Italia\",\"description\":\"\",\"publisher\":{\"@id\":\"https:\/\/www.bagnoitalia.com\/es#organization\"},\"potentialAction\":[{\"@type\":\"SearchAction\",\"target\":{\"@type\":\"EntryPoint\",\"urlTemplate\":\"https:\/\/www.bagnoitalia.com\/es?s={search_term_string}\"},\"query-input\":{\"@type\":\"PropertyValueSpecification\",\"valueRequired\":true,\"valueName\":\"search_term_string\"}}],\"inLanguage\":\"es\"},{\"@type\":\"Organization\",\"@id\":\"https:\/\/www.bagnoitalia.com\/es#organization\",\"name\":\"Bagno Italia\",\"url\":\"https:\/\/www.bagnoitalia.com\/es\",\"logo\":{\"@type\":\"ImageObject\",\"inLanguage\":\"es\",\"@id\":\"https:\/\/www.bagnoitalia.com\/es#\/schema\/logo\/image\/\",\"url\":\"https:\/\/img.bagnoitalia.com\/wp-content\/uploads\/logo-bagnoitalia.webp\",\"contentUrl\":\"https:\/\/img.bagnoitalia.com\/wp-content\/uploads\/logo-bagnoitalia.webp\",\"width\":400,\"height\":70,\"caption\":\"Bagno Italia\"},\"image\":{\"@id\":\"https:\/\/www.bagnoitalia.com\/es#\/schema\/logo\/image\/\"}}]}<\/script>\n<!-- \/ Yoast SEO plugin. -->","yoast_head_json":{"title":"Sauna finlandesa 200\u00d7175 cm 4 plazas con term\u00f3metro Sawo Estufa de le\u00f1a Hemlock SN081","description":"Sauna de tipo finland\u00e9s, dimensiones 200x175x200H cm, apta para 4 personas con estufa sawo, term\u00f3metro, estructura de madera Hemlock","robots":{"index":"index","follow":"follow","max-snippet":"max-snippet:-1","max-image-preview":"max-image-preview:large","max-video-preview":"max-video-preview:-1"},"canonical":"https:\/\/www.bagnoitalia.com\/es\/producto\/finnish-sauna-200-175-cm-4-seater-with-sawo-thermometer-hemlock-wood-stove-sn081-2.html","og_locale":"es_ES","og_type":"article","og_title":"Sauna finlandesa 200\u00d7175 cm 4 plazas con term\u00f3metro Sawo Estufa de le\u00f1a Hemlock SN081","og_description":"Sauna de tipo finland\u00e9s, dimensiones 200x175x200H cm, apta para 4 personas con estufa sawo, term\u00f3metro, estructura de madera Hemlock","og_url":"https:\/\/www.bagnoitalia.com\/es\/producto\/finnish-sauna-200-175-cm-4-seater-with-sawo-thermometer-hemlock-wood-stove-sn081-2.html","og_site_name":"Bagno Italia","article_modified_time":"2026-04-08T09:47:03+00:00","og_image":[{"width":640,"height":640,"url":"https:\/\/img.bagnoitalia.com\/wp-content\/uploads\/virtuemart\/product\/sauna-finlandese-200x175-1-1.jpg","type":"image\/jpeg"}],"twitter_card":"summary_large_image","twitter_misc":{"Tiempo de lectura":"2 minutos"},"schema":{"@context":"https:\/\/schema.org","@graph":[{"@type":"WebPage","@id":"https:\/\/www.bagnoitalia.com\/es\/producto\/finnish-sauna-200-175-cm-4-seater-with-sawo-thermometer-hemlock-wood-stove-sn081-2.html","url":"https:\/\/www.bagnoitalia.com\/es\/producto\/finnish-sauna-200-175-cm-4-seater-with-sawo-thermometer-hemlock-wood-stove-sn081-2.html","name":"Sauna finlandesa 200\u00d7175 cm 4 plazas con term\u00f3metro Sawo Estufa de le\u00f1a Hemlock SN081","isPartOf":{"@id":"https:\/\/www.bagnoitalia.com\/es#website"},"primaryImageOfPage":{"@id":"https:\/\/www.bagnoitalia.com\/es\/producto\/finnish-sauna-200-175-cm-4-seater-with-sawo-thermometer-hemlock-wood-stove-sn081-2.html#primaryimage"},"image":{"@id":"https:\/\/www.bagnoitalia.com\/es\/producto\/finnish-sauna-200-175-cm-4-seater-with-sawo-thermometer-hemlock-wood-stove-sn081-2.html#primaryimage"},"thumbnailUrl":"https:\/\/img.bagnoitalia.com\/wp-content\/uploads\/virtuemart\/product\/sauna-finlandese-200x175-1-1.jpg","datePublished":"2024-02-05T15:20:27+00:00","dateModified":"2026-04-08T09:47:03+00:00","description":"Sauna de tipo finland\u00e9s, dimensiones 200x175x200H cm, apta para 4 personas con estufa sawo, term\u00f3metro, estructura de madera Hemlock","breadcrumb":{"@id":"https:\/\/www.bagnoitalia.com\/es\/producto\/finnish-sauna-200-175-cm-4-seater-with-sawo-thermometer-hemlock-wood-stove-sn081-2.html#breadcrumb"},"inLanguage":"es","potentialAction":[{"@type":"ReadAction","target":["https:\/\/www.bagnoitalia.com\/es\/producto\/finnish-sauna-200-175-cm-4-seater-with-sawo-thermometer-hemlock-wood-stove-sn081-2.html"]}]},{"@type":"ImageObject","inLanguage":"es","@id":"https:\/\/www.bagnoitalia.com\/es\/producto\/finnish-sauna-200-175-cm-4-seater-with-sawo-thermometer-hemlock-wood-stove-sn081-2.html#primaryimage","url":"https:\/\/img.bagnoitalia.com\/wp-content\/uploads\/virtuemart\/product\/sauna-finlandese-200x175-1-1.jpg","contentUrl":"https:\/\/img.bagnoitalia.com\/wp-content\/uploads\/virtuemart\/product\/sauna-finlandese-200x175-1-1.jpg","width":640,"height":640},{"@type":"BreadcrumbList","@id":"https:\/\/www.bagnoitalia.com\/es\/producto\/finnish-sauna-200-175-cm-4-seater-with-sawo-thermometer-hemlock-wood-stove-sn081-2.html#breadcrumb","itemListElement":[{"@type":"ListItem","position":1,"name":"Home","item":"https:\/\/www.bagnoitalia.com\/es"},{"@type":"ListItem","position":2,"name":"Productos","item":"https:\/\/www.bagnoitalia.com\/es\/shop"},{"@type":"ListItem","position":3,"name":"Sauna finlandesa 200\u00d7175 cm 4 plazas con term\u00f3metro Sawo Estufa de le\u00f1a Hemlock SN081"}]},{"@type":"WebSite","@id":"https:\/\/www.bagnoitalia.com\/es#website","url":"https:\/\/www.bagnoitalia.com\/es","name":"Bagno Italia","description":"","publisher":{"@id":"https:\/\/www.bagnoitalia.com\/es#organization"},"potentialAction":[{"@type":"SearchAction","target":{"@type":"EntryPoint","urlTemplate":"https:\/\/www.bagnoitalia.com\/es?s={search_term_string}"},"query-input":{"@type":"PropertyValueSpecification","valueRequired":true,"valueName":"search_term_string"}}],"inLanguage":"es"},{"@type":"Organization","@id":"https:\/\/www.bagnoitalia.com\/es#organization","name":"Bagno Italia","url":"https:\/\/www.bagnoitalia.com\/es","logo":{"@type":"ImageObject","inLanguage":"es","@id":"https:\/\/www.bagnoitalia.com\/es#\/schema\/logo\/image\/","url":"https:\/\/img.bagnoitalia.com\/wp-content\/uploads\/logo-bagnoitalia.webp","contentUrl":"https:\/\/img.bagnoitalia.com\/wp-content\/uploads\/logo-bagnoitalia.webp","width":400,"height":70,"caption":"Bagno Italia"},"image":{"@id":"https:\/\/www.bagnoitalia.com\/es#\/schema\/logo\/image\/"}}]}},"_links":{"self":[{"href":"https:\/\/www.bagnoitalia.com\/es\/wp-json\/wp\/v2\/product\/83955","targetHints":{"allow":["GET"]}}],"collection":[{"href":"https:\/\/www.bagnoitalia.com\/es\/wp-json\/wp\/v2\/product"}],"about":[{"href":"https:\/\/www.bagnoitalia.com\/es\/wp-json\/wp\/v2\/types\/product"}],"replies":[{"embeddable":true,"href":"https:\/\/www.bagnoitalia.com\/es\/wp-json\/wp\/v2\/comments?post=83955"}],"version-history":[{"count":2,"href":"https:\/\/www.bagnoitalia.com\/es\/wp-json\/wp\/v2\/product\/83955\/revisions"}],"predecessor-version":[{"id":117098,"href":"https:\/\/www.bagnoitalia.com\/es\/wp-json\/wp\/v2\/product\/83955\/revisions\/117098"}],"wp:featuredmedia":[{"embeddable":true,"href":"https:\/\/www.bagnoitalia.com\/es\/wp-json\/wp\/v2\/media\/71377"}],"wp:attachment":[{"href":"https:\/\/www.bagnoitalia.com\/es\/wp-json\/wp\/v2\/media?parent=83955"}],"wp:term":[{"taxonomy":"product_brand","embeddable":true,"href":"https:\/\/www.bagnoitalia.com\/es\/wp-json\/wp\/v2\/product_brand?post=83955"},{"taxonomy":"product_cat","embeddable":true,"href":"https:\/\/www.bagnoitalia.com\/es\/wp-json\/wp\/v2\/product_cat?post=83955"},{"taxonomy":"product_tag","embeddable":true,"href":"https:\/\/www.bagnoitalia.com\/es\/wp-json\/wp\/v2\/product_tag?post=83955"}],"curies":[{"name":"wp","href":"https:\/\/api.w.org\/{rel}","templated":true}]}}