{"id":83943,"date":"2024-02-01T16:29:32","date_gmt":"2024-02-01T15:29:32","guid":{"rendered":"https:\/\/www.bagnoitalia.com\/product\/wolf-extending-table-90-180-cm-outdoor-furniture-in-aluminium-available-in-4-colours-2"},"modified":"2024-06-18T14:31:46","modified_gmt":"2024-06-18T12:31:46","slug":"wolf-extending-table-90-180-cm-outdoor-furniture-in-aluminium-available-in-4-colours-2","status":"publish","type":"product","link":"https:\/\/www.bagnoitalia.com\/es\/producto\/wolf-extending-table-90-180-cm-outdoor-furniture-in-aluminium-available-in-4-colours-2.html","title":{"rendered":"\u00abWolf\u00bb mesa extensible 90\/180 cm muebles de exterior de aluminio disponible en 4 colores"},"content":{"rendered":"<p>MESA DE EXTERIOR 90\/180 cm \u00abWOLF<\/p>\n<p>&nbsp;<\/p>\n<p>&nbsp;<\/p>\n<p>CARACTER\u00cdSTICAS PRINCIPALES<\/p>\n<p>Mesa extensible totalmente de aluminio<\/p>\n<p>Disponible en 3 acabados<\/p>\n<p>&#8211; antracita<br \/>\n&#8211; blanco<br \/>\n&#8211; topo<br \/>\n&#8211; t\u00f3rtola<\/p>\n<p>Extensible de 90 a 180 cm<\/p>\n<p>Profundidad 90 cm<\/p>\n<p>Altura total 75 cm<\/p>\n<p>Apta para uso exterior<\/p>\n<p>&nbsp;<\/p>\n<p>NB: es posible combinar de 4 a 12 sillas (con armaz\u00f3n de aluminio y asiento de polipropileno, 63x55xH79cm) seleccion\u00e1ndolas en el men\u00fa desplegable<\/p>\n<p>&nbsp;<\/p>\n<p>&nbsp;<\/p>\n<p>&nbsp;<\/p>\n<p>&nbsp;<\/p>\n<p>&nbsp;<\/p>\n<p>&nbsp;<\/p>\n<p>&nbsp;<\/p>\n<p>&nbsp;<\/p>\n<p>&nbsp;<\/p>\n<p>&nbsp;<\/p>\n<p>&nbsp;<\/p>\n<p>&nbsp;<\/p>\n<p>&nbsp;<\/p>\n<p>&nbsp;<\/p>\n<p>&nbsp;<\/p>\n<p>&nbsp;<\/p>\n<p>&nbsp;<\/p>\n<p>&nbsp;<\/p>\n<p>&nbsp;<\/p>\n<p>AT804173<\/p>\n<p><span style=\"font-size: 8pt;\">AT804175<\/span><\/p>\n","protected":false},"excerpt":{"rendered":"<p>Mesa cuadrada de 90&#215;90 cm convertible en rectangular de 180&#215;90 cm. Disponible en antracita, blanco, topo y gris t\u00f3rtola. Adecuada para jardines y exteriores.<\/p>\n","protected":false},"featured_media":71129,"comment_status":"open","ping_status":"closed","template":"","meta":[],"product_brand":[5004],"product_cat":[10029,9785],"product_tag":[],"class_list":{"0":"post-83943","1":"product","2":"type-product","3":"status-publish","4":"has-post-thumbnail","6":"product_brand-vari-produttori","7":"product_cat-mesas-con-sillas","8":"product_cat-muebles-de-exterior","10":"first","11":"instock","12":"sale","13":"taxable","14":"shipping-taxable","15":"purchasable","16":"product-type-simple"},"exclude_global_add_ons":false,"addons":[{"name":"color","type":"multiple_choice","position":0,"required":true,"title_format":"heading","default":"","description_enable":false,"description":"","placeholder_enable":false,"placeholder":"","display":"select","restrictions_type":"any_text","adjust_price":false,"price":"","price_type":"flat_fee","restrictions":false,"min":"0","max":"0","options":[{"label":"antracita","price":"","price_type":"quantity_based","image":0,"visibility":true},{"label":"gris pardo","price":"","price_type":"quantity_based","image":0,"visibility":true},{"label":"Paloma gris","price":"","price_type":"quantity_based","image":0,"visibility":true},{"label":"No disponible - blanco","price":"","price_type":"quantity_based","image":0,"visibility":true}],"id":1718721107},{"name":"sillas","type":"multiple_choice","position":1,"required":true,"title_format":"heading","default":"","description_enable":false,"description":"","placeholder_enable":false,"placeholder":"","display":"select","restrictions_type":"any_text","adjust_price":false,"price":"","price_type":"flat_fee","restrictions":false,"min":"0","max":"0","options":[{"label":"SIN sillas","price":"","price_type":"quantity_based","image":0,"visibility":true},{"label":"n. 4 sillas","price":"520","price_type":"quantity_based","image":0,"visibility":true},{"label":"n. 6 sillas","price":"780","price_type":"quantity_based","image":0,"visibility":true},{"label":"n. 8 sillas","price":"1040","price_type":"quantity_based","image":0,"visibility":true},{"label":"n. 10 sillas","price":"1300","price_type":"quantity_based","image":0,"visibility":true},{"label":"n. 12 sillas","price":"1560","price_type":"quantity_based","image":0,"visibility":true}],"id":1718721108}],"yoast_head":"<!-- This site is optimized with the Yoast SEO plugin v26.7 - https:\/\/yoast.com\/wordpress\/plugins\/seo\/ -->\n<title>&quot;Wolf&quot; mesa extensible 90\/180 cm muebles de exterior de aluminio disponible en 4 colores - Bagno Italia<\/title>\n<meta name=\"description\" content=\"Mesa cuadrada de 90x90 cm convertible en rectangular de 180x90 cm. Disponible en antracita, blanco, topo y gris t\u00f3rtola. Adecuada para jardines y exteriores.\" \/>\n<meta name=\"robots\" content=\"index, follow, max-snippet:-1, max-image-preview:large, max-video-preview:-1\" \/>\n<link rel=\"canonical\" href=\"https:\/\/www.bagnoitalia.com\/es\/producto\/wolf-extending-table-90-180-cm-outdoor-furniture-in-aluminium-available-in-4-colours-2.html\" \/>\n<meta property=\"og:locale\" content=\"es_ES\" \/>\n<meta property=\"og:type\" content=\"article\" \/>\n<meta property=\"og:title\" content=\"&quot;Wolf&quot; mesa extensible 90\/180 cm muebles de exterior de aluminio disponible en 4 colores - Bagno Italia\" \/>\n<meta property=\"og:description\" content=\"Mesa cuadrada de 90x90 cm convertible en rectangular de 180x90 cm. Disponible en antracita, blanco, topo y gris t\u00f3rtola. Adecuada para jardines y exteriores.\" \/>\n<meta property=\"og:url\" content=\"https:\/\/www.bagnoitalia.com\/es\/producto\/wolf-extending-table-90-180-cm-outdoor-furniture-in-aluminium-available-in-4-colours-2.html\" \/>\n<meta property=\"og:site_name\" content=\"Bagno Italia\" \/>\n<meta property=\"article:modified_time\" content=\"2024-06-18T12:31:46+00:00\" \/>\n<meta property=\"og:image\" content=\"https:\/\/img.bagnoitalia.com\/wp-content\/uploads\/virtuemart\/product\/NUOVI-PRODOTTI107-1.jpg\" \/>\n\t<meta property=\"og:image:width\" content=\"550\" \/>\n\t<meta property=\"og:image:height\" content=\"550\" \/>\n\t<meta property=\"og:image:type\" content=\"image\/jpeg\" \/>\n<meta name=\"twitter:card\" content=\"summary_large_image\" \/>\n<meta name=\"twitter:label1\" content=\"Tiempo de lectura\" \/>\n\t<meta name=\"twitter:data1\" content=\"1 minuto\" \/>\n<script type=\"application\/ld+json\" class=\"yoast-schema-graph\">{\"@context\":\"https:\/\/schema.org\",\"@graph\":[{\"@type\":\"WebPage\",\"@id\":\"https:\/\/www.bagnoitalia.com\/es\/producto\/wolf-extending-table-90-180-cm-outdoor-furniture-in-aluminium-available-in-4-colours-2.html\",\"url\":\"https:\/\/www.bagnoitalia.com\/es\/producto\/wolf-extending-table-90-180-cm-outdoor-furniture-in-aluminium-available-in-4-colours-2.html\",\"name\":\"\\\"Wolf\\\" mesa extensible 90\/180 cm muebles de exterior de aluminio disponible en 4 colores - Bagno Italia\",\"isPartOf\":{\"@id\":\"https:\/\/www.bagnoitalia.com\/es#website\"},\"primaryImageOfPage\":{\"@id\":\"https:\/\/www.bagnoitalia.com\/es\/producto\/wolf-extending-table-90-180-cm-outdoor-furniture-in-aluminium-available-in-4-colours-2.html#primaryimage\"},\"image\":{\"@id\":\"https:\/\/www.bagnoitalia.com\/es\/producto\/wolf-extending-table-90-180-cm-outdoor-furniture-in-aluminium-available-in-4-colours-2.html#primaryimage\"},\"thumbnailUrl\":\"https:\/\/img.bagnoitalia.com\/wp-content\/uploads\/virtuemart\/product\/NUOVI-PRODOTTI107-1.jpg\",\"datePublished\":\"2024-02-01T15:29:32+00:00\",\"dateModified\":\"2024-06-18T12:31:46+00:00\",\"description\":\"Mesa cuadrada de 90x90 cm convertible en rectangular de 180x90 cm. Disponible en antracita, blanco, topo y gris t\u00f3rtola. Adecuada para jardines y exteriores.\",\"breadcrumb\":{\"@id\":\"https:\/\/www.bagnoitalia.com\/es\/producto\/wolf-extending-table-90-180-cm-outdoor-furniture-in-aluminium-available-in-4-colours-2.html#breadcrumb\"},\"inLanguage\":\"es\",\"potentialAction\":[{\"@type\":\"ReadAction\",\"target\":[\"https:\/\/www.bagnoitalia.com\/es\/producto\/wolf-extending-table-90-180-cm-outdoor-furniture-in-aluminium-available-in-4-colours-2.html\"]}]},{\"@type\":\"ImageObject\",\"inLanguage\":\"es\",\"@id\":\"https:\/\/www.bagnoitalia.com\/es\/producto\/wolf-extending-table-90-180-cm-outdoor-furniture-in-aluminium-available-in-4-colours-2.html#primaryimage\",\"url\":\"https:\/\/img.bagnoitalia.com\/wp-content\/uploads\/virtuemart\/product\/NUOVI-PRODOTTI107-1.jpg\",\"contentUrl\":\"https:\/\/img.bagnoitalia.com\/wp-content\/uploads\/virtuemart\/product\/NUOVI-PRODOTTI107-1.jpg\",\"width\":550,\"height\":550},{\"@type\":\"BreadcrumbList\",\"@id\":\"https:\/\/www.bagnoitalia.com\/es\/producto\/wolf-extending-table-90-180-cm-outdoor-furniture-in-aluminium-available-in-4-colours-2.html#breadcrumb\",\"itemListElement\":[{\"@type\":\"ListItem\",\"position\":1,\"name\":\"Home\",\"item\":\"https:\/\/www.bagnoitalia.com\/es\"},{\"@type\":\"ListItem\",\"position\":2,\"name\":\"Productos\",\"item\":\"https:\/\/www.bagnoitalia.com\/es\/shop\"},{\"@type\":\"ListItem\",\"position\":3,\"name\":\"&#8220;Wolf&#8221; mesa extensible 90\/180 cm muebles de exterior de aluminio disponible en 4 colores\"}]},{\"@type\":\"WebSite\",\"@id\":\"https:\/\/www.bagnoitalia.com\/es#website\",\"url\":\"https:\/\/www.bagnoitalia.com\/es\",\"name\":\"Bagno Italia\",\"description\":\"\",\"publisher\":{\"@id\":\"https:\/\/www.bagnoitalia.com\/es#organization\"},\"potentialAction\":[{\"@type\":\"SearchAction\",\"target\":{\"@type\":\"EntryPoint\",\"urlTemplate\":\"https:\/\/www.bagnoitalia.com\/es?s={search_term_string}\"},\"query-input\":{\"@type\":\"PropertyValueSpecification\",\"valueRequired\":true,\"valueName\":\"search_term_string\"}}],\"inLanguage\":\"es\"},{\"@type\":\"Organization\",\"@id\":\"https:\/\/www.bagnoitalia.com\/es#organization\",\"name\":\"Bagno Italia\",\"url\":\"https:\/\/www.bagnoitalia.com\/es\",\"logo\":{\"@type\":\"ImageObject\",\"inLanguage\":\"es\",\"@id\":\"https:\/\/www.bagnoitalia.com\/es#\/schema\/logo\/image\/\",\"url\":\"https:\/\/img.bagnoitalia.com\/wp-content\/uploads\/logo-bagnoitalia.webp\",\"contentUrl\":\"https:\/\/img.bagnoitalia.com\/wp-content\/uploads\/logo-bagnoitalia.webp\",\"width\":400,\"height\":70,\"caption\":\"Bagno Italia\"},\"image\":{\"@id\":\"https:\/\/www.bagnoitalia.com\/es#\/schema\/logo\/image\/\"}}]}<\/script>\n<!-- \/ Yoast SEO plugin. -->","yoast_head_json":{"title":"\"Wolf\" mesa extensible 90\/180 cm muebles de exterior de aluminio disponible en 4 colores - Bagno Italia","description":"Mesa cuadrada de 90x90 cm convertible en rectangular de 180x90 cm. Disponible en antracita, blanco, topo y gris t\u00f3rtola. Adecuada para jardines y exteriores.","robots":{"index":"index","follow":"follow","max-snippet":"max-snippet:-1","max-image-preview":"max-image-preview:large","max-video-preview":"max-video-preview:-1"},"canonical":"https:\/\/www.bagnoitalia.com\/es\/producto\/wolf-extending-table-90-180-cm-outdoor-furniture-in-aluminium-available-in-4-colours-2.html","og_locale":"es_ES","og_type":"article","og_title":"\"Wolf\" mesa extensible 90\/180 cm muebles de exterior de aluminio disponible en 4 colores - Bagno Italia","og_description":"Mesa cuadrada de 90x90 cm convertible en rectangular de 180x90 cm. Disponible en antracita, blanco, topo y gris t\u00f3rtola. Adecuada para jardines y exteriores.","og_url":"https:\/\/www.bagnoitalia.com\/es\/producto\/wolf-extending-table-90-180-cm-outdoor-furniture-in-aluminium-available-in-4-colours-2.html","og_site_name":"Bagno Italia","article_modified_time":"2024-06-18T12:31:46+00:00","og_image":[{"width":550,"height":550,"url":"https:\/\/img.bagnoitalia.com\/wp-content\/uploads\/virtuemart\/product\/NUOVI-PRODOTTI107-1.jpg","type":"image\/jpeg"}],"twitter_card":"summary_large_image","twitter_misc":{"Tiempo de lectura":"1 minuto"},"schema":{"@context":"https:\/\/schema.org","@graph":[{"@type":"WebPage","@id":"https:\/\/www.bagnoitalia.com\/es\/producto\/wolf-extending-table-90-180-cm-outdoor-furniture-in-aluminium-available-in-4-colours-2.html","url":"https:\/\/www.bagnoitalia.com\/es\/producto\/wolf-extending-table-90-180-cm-outdoor-furniture-in-aluminium-available-in-4-colours-2.html","name":"\"Wolf\" mesa extensible 90\/180 cm muebles de exterior de aluminio disponible en 4 colores - Bagno Italia","isPartOf":{"@id":"https:\/\/www.bagnoitalia.com\/es#website"},"primaryImageOfPage":{"@id":"https:\/\/www.bagnoitalia.com\/es\/producto\/wolf-extending-table-90-180-cm-outdoor-furniture-in-aluminium-available-in-4-colours-2.html#primaryimage"},"image":{"@id":"https:\/\/www.bagnoitalia.com\/es\/producto\/wolf-extending-table-90-180-cm-outdoor-furniture-in-aluminium-available-in-4-colours-2.html#primaryimage"},"thumbnailUrl":"https:\/\/img.bagnoitalia.com\/wp-content\/uploads\/virtuemart\/product\/NUOVI-PRODOTTI107-1.jpg","datePublished":"2024-02-01T15:29:32+00:00","dateModified":"2024-06-18T12:31:46+00:00","description":"Mesa cuadrada de 90x90 cm convertible en rectangular de 180x90 cm. Disponible en antracita, blanco, topo y gris t\u00f3rtola. Adecuada para jardines y exteriores.","breadcrumb":{"@id":"https:\/\/www.bagnoitalia.com\/es\/producto\/wolf-extending-table-90-180-cm-outdoor-furniture-in-aluminium-available-in-4-colours-2.html#breadcrumb"},"inLanguage":"es","potentialAction":[{"@type":"ReadAction","target":["https:\/\/www.bagnoitalia.com\/es\/producto\/wolf-extending-table-90-180-cm-outdoor-furniture-in-aluminium-available-in-4-colours-2.html"]}]},{"@type":"ImageObject","inLanguage":"es","@id":"https:\/\/www.bagnoitalia.com\/es\/producto\/wolf-extending-table-90-180-cm-outdoor-furniture-in-aluminium-available-in-4-colours-2.html#primaryimage","url":"https:\/\/img.bagnoitalia.com\/wp-content\/uploads\/virtuemart\/product\/NUOVI-PRODOTTI107-1.jpg","contentUrl":"https:\/\/img.bagnoitalia.com\/wp-content\/uploads\/virtuemart\/product\/NUOVI-PRODOTTI107-1.jpg","width":550,"height":550},{"@type":"BreadcrumbList","@id":"https:\/\/www.bagnoitalia.com\/es\/producto\/wolf-extending-table-90-180-cm-outdoor-furniture-in-aluminium-available-in-4-colours-2.html#breadcrumb","itemListElement":[{"@type":"ListItem","position":1,"name":"Home","item":"https:\/\/www.bagnoitalia.com\/es"},{"@type":"ListItem","position":2,"name":"Productos","item":"https:\/\/www.bagnoitalia.com\/es\/shop"},{"@type":"ListItem","position":3,"name":"&#8220;Wolf&#8221; mesa extensible 90\/180 cm muebles de exterior de aluminio disponible en 4 colores"}]},{"@type":"WebSite","@id":"https:\/\/www.bagnoitalia.com\/es#website","url":"https:\/\/www.bagnoitalia.com\/es","name":"Bagno Italia","description":"","publisher":{"@id":"https:\/\/www.bagnoitalia.com\/es#organization"},"potentialAction":[{"@type":"SearchAction","target":{"@type":"EntryPoint","urlTemplate":"https:\/\/www.bagnoitalia.com\/es?s={search_term_string}"},"query-input":{"@type":"PropertyValueSpecification","valueRequired":true,"valueName":"search_term_string"}}],"inLanguage":"es"},{"@type":"Organization","@id":"https:\/\/www.bagnoitalia.com\/es#organization","name":"Bagno Italia","url":"https:\/\/www.bagnoitalia.com\/es","logo":{"@type":"ImageObject","inLanguage":"es","@id":"https:\/\/www.bagnoitalia.com\/es#\/schema\/logo\/image\/","url":"https:\/\/img.bagnoitalia.com\/wp-content\/uploads\/logo-bagnoitalia.webp","contentUrl":"https:\/\/img.bagnoitalia.com\/wp-content\/uploads\/logo-bagnoitalia.webp","width":400,"height":70,"caption":"Bagno Italia"},"image":{"@id":"https:\/\/www.bagnoitalia.com\/es#\/schema\/logo\/image\/"}}]}},"_links":{"self":[{"href":"https:\/\/www.bagnoitalia.com\/es\/wp-json\/wp\/v2\/product\/83943","targetHints":{"allow":["GET"]}}],"collection":[{"href":"https:\/\/www.bagnoitalia.com\/es\/wp-json\/wp\/v2\/product"}],"about":[{"href":"https:\/\/www.bagnoitalia.com\/es\/wp-json\/wp\/v2\/types\/product"}],"replies":[{"embeddable":true,"href":"https:\/\/www.bagnoitalia.com\/es\/wp-json\/wp\/v2\/comments?post=83943"}],"version-history":[{"count":1,"href":"https:\/\/www.bagnoitalia.com\/es\/wp-json\/wp\/v2\/product\/83943\/revisions"}],"predecessor-version":[{"id":90544,"href":"https:\/\/www.bagnoitalia.com\/es\/wp-json\/wp\/v2\/product\/83943\/revisions\/90544"}],"wp:featuredmedia":[{"embeddable":true,"href":"https:\/\/www.bagnoitalia.com\/es\/wp-json\/wp\/v2\/media\/71129"}],"wp:attachment":[{"href":"https:\/\/www.bagnoitalia.com\/es\/wp-json\/wp\/v2\/media?parent=83943"}],"wp:term":[{"taxonomy":"product_brand","embeddable":true,"href":"https:\/\/www.bagnoitalia.com\/es\/wp-json\/wp\/v2\/product_brand?post=83943"},{"taxonomy":"product_cat","embeddable":true,"href":"https:\/\/www.bagnoitalia.com\/es\/wp-json\/wp\/v2\/product_cat?post=83943"},{"taxonomy":"product_tag","embeddable":true,"href":"https:\/\/www.bagnoitalia.com\/es\/wp-json\/wp\/v2\/product_tag?post=83943"}],"curies":[{"name":"wp","href":"https:\/\/api.w.org\/{rel}","templated":true}]}}