{"id":83923,"date":"2024-01-31T10:59:41","date_gmt":"2024-01-31T09:59:41","guid":{"rendered":"https:\/\/www.bagnoitalia.com\/product\/canberra-extending-garden-table-180-240x100-cm-in-the-colours-taupe-white-or-anthracite-2"},"modified":"2026-03-17T11:56:06","modified_gmt":"2026-03-17T10:56:06","slug":"canberra-extending-garden-table-180-240x100-cm-in-the-colours-taupe-white-or-anthracite-2","status":"publish","type":"product","link":"https:\/\/www.bagnoitalia.com\/es\/producto\/canberra-extending-garden-table-180-240x100-cm-in-the-colours-taupe-white-or-anthracite-2.html","title":{"rendered":"Mesa de jard\u00edn extensible Canberra 180\/240&#215;100 cm en los colores blanco topo o antracita"},"content":{"rendered":"<p>MESA EXTENSIBLE DE EXTERIOR 180-240 \u00abCANBERRA<\/p>\n<p>&nbsp;<\/p>\n<p>&nbsp;<\/p>\n<p>DETALLES DEL PRODUCTO<\/p>\n<p>Mesa extensible<\/p>\n<p>Apta para exterior<\/p>\n<p>Forma rectangular<\/p>\n<p>Estructura de aluminio en colores a elegir: blanco topo o antracita<\/p>\n<p>Tablero de polywood gris<\/p>\n<p>Longitud: m\u00ednimo 180 cm \/ m\u00e1ximo 240 cm<\/p>\n<p>Profundidad: 100 cm<\/p>\n<p>Altura: 73 cm<\/p>\n<p>&nbsp;<\/p>\n<p>&nbsp;<\/p>\n<p><span style=\"background-color: inherit; color: inherit; caret-color: auto;\">NB: sillas NO incluidas en la oferta, se pueden a\u00f1adir a trav\u00e9s del men\u00fa desplegable (dimensiones: 58&#215;46,5xH87 cm) <\/span><\/p>\n<p>&nbsp;<\/p>\n<p>&nbsp;<\/p>\n<p>&nbsp;<\/p>\n<p>&nbsp;<\/p>\n<p>&nbsp;<\/p>\n<p>&nbsp;<\/p>\n<p>&nbsp;<\/p>\n<p>&nbsp;<\/p>\n<p>&nbsp;<\/p>\n<p>&nbsp;<\/p>\n<p>&nbsp;<\/p>\n<p>&nbsp;<\/p>\n<p>&nbsp;<\/p>\n<p>&nbsp;<\/p>\n<p>&nbsp;<\/p>\n<p>&nbsp;<\/p>\n<p>&nbsp;<\/p>\n<p>&nbsp;<\/p>\n<p>&nbsp;<\/p>\n<p>&nbsp;<\/p>\n<p>&nbsp;<\/p>\n<p>&nbsp;<\/p>\n<p>&nbsp;<\/p>\n<p>&nbsp;<\/p>\n<p>&nbsp;<\/p>\n<p>&nbsp;<\/p>\n<p>PENTAL<\/p>\n<p><span style=\"font-size: 8pt;\">AT804105<\/span><\/p>\n","protected":false},"excerpt":{"rendered":"<p>Mesa rectangular de aluminio, pintada en 4 acabados a elegir, con tablero de polywood gris. Apta para exteriores. Altura 73 cm.<\/p>\n","protected":false},"featured_media":70909,"comment_status":"open","ping_status":"closed","template":"","meta":[],"product_brand":[9881],"product_cat":[10029,9785],"product_tag":[],"class_list":{"0":"post-83923","1":"product","2":"type-product","3":"status-publish","4":"has-post-thumbnail","6":"product_brand-vari-produttori-es","7":"product_cat-mesas-con-sillas","8":"product_cat-muebles-de-exterior","10":"first","11":"instock","12":"sale","13":"taxable","14":"shipping-taxable","15":"purchasable","16":"product-type-simple"},"exclude_global_add_ons":false,"addons":[{"name":"color","type":"multiple_choice","position":0,"required":true,"title_format":"heading","default":"","description_enable":false,"description":"","placeholder_enable":false,"placeholder":"","display":"select","restrictions_type":"any_text","adjust_price":false,"price":"","price_type":"flat_fee","restrictions":false,"min":"0","max":"0","options":[{"label":"Antracita","price":"","price_type":"quantity_based","image":0,"visibility":true},{"label":"(No disponible) Blanco","price":"40","price_type":"quantity_based","image":0,"visibility":true},{"label":"gris pardo","price":"40","price_type":"quantity_based","image":0,"visibility":true},{"label":"(No disponible) Paloma gris","price":"40","price_type":"quantity_based","image":0,"visibility":true}],"id":1716982781},{"name":"sillas","type":"multiple_choice","position":1,"required":true,"title_format":"heading","default":"","description_enable":false,"description":"","placeholder_enable":false,"placeholder":"","display":"select","restrictions_type":"any_text","adjust_price":false,"price":"","price_type":"flat_fee","restrictions":false,"min":"0","max":"0","options":[{"label":"SIN sillas","price":"","price_type":"quantity_based","image":0,"visibility":true},{"label":"n. 4 sillas","price":"520","price_type":"quantity_based","image":0,"visibility":true},{"label":"n. 6 sillas","price":"780","price_type":"quantity_based","image":0,"visibility":true},{"label":"n. 8 sillas","price":"1040","price_type":"quantity_based","image":0,"visibility":true},{"label":"n. 10 sillas","price":"1300","price_type":"quantity_based","image":0,"visibility":true},{"label":"n. 12 sillas","price":"1560","price_type":"quantity_based","image":0,"visibility":true}],"id":1716982782}],"yoast_head":"<!-- This site is optimized with the Yoast SEO plugin v26.7 - https:\/\/yoast.com\/wordpress\/plugins\/seo\/ -->\n<title>Mesa de jard\u00edn extensible Canberra 180\/240x100 cm en los colores blanco topo o antracita<\/title>\n<meta name=\"description\" content=\"Mesa rectangular de aluminio, pintada en 4 acabados a elegir, con tablero de polywood gris. Apta para exteriores. Altura 73 cm.\" \/>\n<meta name=\"robots\" content=\"index, follow, max-snippet:-1, max-image-preview:large, max-video-preview:-1\" \/>\n<link rel=\"canonical\" href=\"https:\/\/www.bagnoitalia.com\/es\/producto\/canberra-extending-garden-table-180-240x100-cm-in-the-colours-taupe-white-or-anthracite-2.html\" \/>\n<meta property=\"og:locale\" content=\"es_ES\" \/>\n<meta property=\"og:type\" content=\"article\" \/>\n<meta property=\"og:title\" content=\"Mesa de jard\u00edn extensible Canberra 180\/240x100 cm en los colores blanco topo o antracita\" \/>\n<meta property=\"og:description\" content=\"Mesa rectangular de aluminio, pintada en 4 acabados a elegir, con tablero de polywood gris. Apta para exteriores. Altura 73 cm.\" \/>\n<meta property=\"og:url\" content=\"https:\/\/www.bagnoitalia.com\/es\/producto\/canberra-extending-garden-table-180-240x100-cm-in-the-colours-taupe-white-or-anthracite-2.html\" \/>\n<meta property=\"og:site_name\" content=\"Bagno Italia\" \/>\n<meta property=\"article:modified_time\" content=\"2026-03-17T10:56:06+00:00\" \/>\n<meta property=\"og:image\" content=\"https:\/\/img.bagnoitalia.com\/wp-content\/uploads\/virtuemart\/product\/tavolo-allungabile-camberra-esterno-1.jpg\" \/>\n\t<meta property=\"og:image:width\" content=\"550\" \/>\n\t<meta property=\"og:image:height\" content=\"550\" \/>\n\t<meta property=\"og:image:type\" content=\"image\/jpeg\" \/>\n<meta name=\"twitter:card\" content=\"summary_large_image\" \/>\n<meta name=\"twitter:label1\" content=\"Tiempo de lectura\" \/>\n\t<meta name=\"twitter:data1\" content=\"1 minuto\" \/>\n<script type=\"application\/ld+json\" class=\"yoast-schema-graph\">{\"@context\":\"https:\/\/schema.org\",\"@graph\":[{\"@type\":\"WebPage\",\"@id\":\"https:\/\/www.bagnoitalia.com\/es\/producto\/canberra-extending-garden-table-180-240x100-cm-in-the-colours-taupe-white-or-anthracite-2.html\",\"url\":\"https:\/\/www.bagnoitalia.com\/es\/producto\/canberra-extending-garden-table-180-240x100-cm-in-the-colours-taupe-white-or-anthracite-2.html\",\"name\":\"Mesa de jard\u00edn extensible Canberra 180\/240x100 cm en los colores blanco topo o antracita\",\"isPartOf\":{\"@id\":\"https:\/\/www.bagnoitalia.com\/es#website\"},\"primaryImageOfPage\":{\"@id\":\"https:\/\/www.bagnoitalia.com\/es\/producto\/canberra-extending-garden-table-180-240x100-cm-in-the-colours-taupe-white-or-anthracite-2.html#primaryimage\"},\"image\":{\"@id\":\"https:\/\/www.bagnoitalia.com\/es\/producto\/canberra-extending-garden-table-180-240x100-cm-in-the-colours-taupe-white-or-anthracite-2.html#primaryimage\"},\"thumbnailUrl\":\"https:\/\/img.bagnoitalia.com\/wp-content\/uploads\/virtuemart\/product\/tavolo-allungabile-camberra-esterno-1.jpg\",\"datePublished\":\"2024-01-31T09:59:41+00:00\",\"dateModified\":\"2026-03-17T10:56:06+00:00\",\"description\":\"Mesa rectangular de aluminio, pintada en 4 acabados a elegir, con tablero de polywood gris. Apta para exteriores. Altura 73 cm.\",\"breadcrumb\":{\"@id\":\"https:\/\/www.bagnoitalia.com\/es\/producto\/canberra-extending-garden-table-180-240x100-cm-in-the-colours-taupe-white-or-anthracite-2.html#breadcrumb\"},\"inLanguage\":\"es\",\"potentialAction\":[{\"@type\":\"ReadAction\",\"target\":[\"https:\/\/www.bagnoitalia.com\/es\/producto\/canberra-extending-garden-table-180-240x100-cm-in-the-colours-taupe-white-or-anthracite-2.html\"]}]},{\"@type\":\"ImageObject\",\"inLanguage\":\"es\",\"@id\":\"https:\/\/www.bagnoitalia.com\/es\/producto\/canberra-extending-garden-table-180-240x100-cm-in-the-colours-taupe-white-or-anthracite-2.html#primaryimage\",\"url\":\"https:\/\/img.bagnoitalia.com\/wp-content\/uploads\/virtuemart\/product\/tavolo-allungabile-camberra-esterno-1.jpg\",\"contentUrl\":\"https:\/\/img.bagnoitalia.com\/wp-content\/uploads\/virtuemart\/product\/tavolo-allungabile-camberra-esterno-1.jpg\",\"width\":550,\"height\":550},{\"@type\":\"BreadcrumbList\",\"@id\":\"https:\/\/www.bagnoitalia.com\/es\/producto\/canberra-extending-garden-table-180-240x100-cm-in-the-colours-taupe-white-or-anthracite-2.html#breadcrumb\",\"itemListElement\":[{\"@type\":\"ListItem\",\"position\":1,\"name\":\"Home\",\"item\":\"https:\/\/www.bagnoitalia.com\/es\"},{\"@type\":\"ListItem\",\"position\":2,\"name\":\"Productos\",\"item\":\"https:\/\/www.bagnoitalia.com\/es\/shop\"},{\"@type\":\"ListItem\",\"position\":3,\"name\":\"Mesa de jard\u00edn extensible Canberra 180\/240&#215;100 cm en los colores blanco topo o antracita\"}]},{\"@type\":\"WebSite\",\"@id\":\"https:\/\/www.bagnoitalia.com\/es#website\",\"url\":\"https:\/\/www.bagnoitalia.com\/es\",\"name\":\"Bagno Italia\",\"description\":\"\",\"publisher\":{\"@id\":\"https:\/\/www.bagnoitalia.com\/es#organization\"},\"potentialAction\":[{\"@type\":\"SearchAction\",\"target\":{\"@type\":\"EntryPoint\",\"urlTemplate\":\"https:\/\/www.bagnoitalia.com\/es?s={search_term_string}\"},\"query-input\":{\"@type\":\"PropertyValueSpecification\",\"valueRequired\":true,\"valueName\":\"search_term_string\"}}],\"inLanguage\":\"es\"},{\"@type\":\"Organization\",\"@id\":\"https:\/\/www.bagnoitalia.com\/es#organization\",\"name\":\"Bagno Italia\",\"url\":\"https:\/\/www.bagnoitalia.com\/es\",\"logo\":{\"@type\":\"ImageObject\",\"inLanguage\":\"es\",\"@id\":\"https:\/\/www.bagnoitalia.com\/es#\/schema\/logo\/image\/\",\"url\":\"https:\/\/img.bagnoitalia.com\/wp-content\/uploads\/logo-bagnoitalia.webp\",\"contentUrl\":\"https:\/\/img.bagnoitalia.com\/wp-content\/uploads\/logo-bagnoitalia.webp\",\"width\":400,\"height\":70,\"caption\":\"Bagno Italia\"},\"image\":{\"@id\":\"https:\/\/www.bagnoitalia.com\/es#\/schema\/logo\/image\/\"}}]}<\/script>\n<!-- \/ Yoast SEO plugin. -->","yoast_head_json":{"title":"Mesa de jard\u00edn extensible Canberra 180\/240x100 cm en los colores blanco topo o antracita","description":"Mesa rectangular de aluminio, pintada en 4 acabados a elegir, con tablero de polywood gris. Apta para exteriores. Altura 73 cm.","robots":{"index":"index","follow":"follow","max-snippet":"max-snippet:-1","max-image-preview":"max-image-preview:large","max-video-preview":"max-video-preview:-1"},"canonical":"https:\/\/www.bagnoitalia.com\/es\/producto\/canberra-extending-garden-table-180-240x100-cm-in-the-colours-taupe-white-or-anthracite-2.html","og_locale":"es_ES","og_type":"article","og_title":"Mesa de jard\u00edn extensible Canberra 180\/240x100 cm en los colores blanco topo o antracita","og_description":"Mesa rectangular de aluminio, pintada en 4 acabados a elegir, con tablero de polywood gris. Apta para exteriores. Altura 73 cm.","og_url":"https:\/\/www.bagnoitalia.com\/es\/producto\/canberra-extending-garden-table-180-240x100-cm-in-the-colours-taupe-white-or-anthracite-2.html","og_site_name":"Bagno Italia","article_modified_time":"2026-03-17T10:56:06+00:00","og_image":[{"width":550,"height":550,"url":"https:\/\/img.bagnoitalia.com\/wp-content\/uploads\/virtuemart\/product\/tavolo-allungabile-camberra-esterno-1.jpg","type":"image\/jpeg"}],"twitter_card":"summary_large_image","twitter_misc":{"Tiempo de lectura":"1 minuto"},"schema":{"@context":"https:\/\/schema.org","@graph":[{"@type":"WebPage","@id":"https:\/\/www.bagnoitalia.com\/es\/producto\/canberra-extending-garden-table-180-240x100-cm-in-the-colours-taupe-white-or-anthracite-2.html","url":"https:\/\/www.bagnoitalia.com\/es\/producto\/canberra-extending-garden-table-180-240x100-cm-in-the-colours-taupe-white-or-anthracite-2.html","name":"Mesa de jard\u00edn extensible Canberra 180\/240x100 cm en los colores blanco topo o antracita","isPartOf":{"@id":"https:\/\/www.bagnoitalia.com\/es#website"},"primaryImageOfPage":{"@id":"https:\/\/www.bagnoitalia.com\/es\/producto\/canberra-extending-garden-table-180-240x100-cm-in-the-colours-taupe-white-or-anthracite-2.html#primaryimage"},"image":{"@id":"https:\/\/www.bagnoitalia.com\/es\/producto\/canberra-extending-garden-table-180-240x100-cm-in-the-colours-taupe-white-or-anthracite-2.html#primaryimage"},"thumbnailUrl":"https:\/\/img.bagnoitalia.com\/wp-content\/uploads\/virtuemart\/product\/tavolo-allungabile-camberra-esterno-1.jpg","datePublished":"2024-01-31T09:59:41+00:00","dateModified":"2026-03-17T10:56:06+00:00","description":"Mesa rectangular de aluminio, pintada en 4 acabados a elegir, con tablero de polywood gris. Apta para exteriores. Altura 73 cm.","breadcrumb":{"@id":"https:\/\/www.bagnoitalia.com\/es\/producto\/canberra-extending-garden-table-180-240x100-cm-in-the-colours-taupe-white-or-anthracite-2.html#breadcrumb"},"inLanguage":"es","potentialAction":[{"@type":"ReadAction","target":["https:\/\/www.bagnoitalia.com\/es\/producto\/canberra-extending-garden-table-180-240x100-cm-in-the-colours-taupe-white-or-anthracite-2.html"]}]},{"@type":"ImageObject","inLanguage":"es","@id":"https:\/\/www.bagnoitalia.com\/es\/producto\/canberra-extending-garden-table-180-240x100-cm-in-the-colours-taupe-white-or-anthracite-2.html#primaryimage","url":"https:\/\/img.bagnoitalia.com\/wp-content\/uploads\/virtuemart\/product\/tavolo-allungabile-camberra-esterno-1.jpg","contentUrl":"https:\/\/img.bagnoitalia.com\/wp-content\/uploads\/virtuemart\/product\/tavolo-allungabile-camberra-esterno-1.jpg","width":550,"height":550},{"@type":"BreadcrumbList","@id":"https:\/\/www.bagnoitalia.com\/es\/producto\/canberra-extending-garden-table-180-240x100-cm-in-the-colours-taupe-white-or-anthracite-2.html#breadcrumb","itemListElement":[{"@type":"ListItem","position":1,"name":"Home","item":"https:\/\/www.bagnoitalia.com\/es"},{"@type":"ListItem","position":2,"name":"Productos","item":"https:\/\/www.bagnoitalia.com\/es\/shop"},{"@type":"ListItem","position":3,"name":"Mesa de jard\u00edn extensible Canberra 180\/240&#215;100 cm en los colores blanco topo o antracita"}]},{"@type":"WebSite","@id":"https:\/\/www.bagnoitalia.com\/es#website","url":"https:\/\/www.bagnoitalia.com\/es","name":"Bagno Italia","description":"","publisher":{"@id":"https:\/\/www.bagnoitalia.com\/es#organization"},"potentialAction":[{"@type":"SearchAction","target":{"@type":"EntryPoint","urlTemplate":"https:\/\/www.bagnoitalia.com\/es?s={search_term_string}"},"query-input":{"@type":"PropertyValueSpecification","valueRequired":true,"valueName":"search_term_string"}}],"inLanguage":"es"},{"@type":"Organization","@id":"https:\/\/www.bagnoitalia.com\/es#organization","name":"Bagno Italia","url":"https:\/\/www.bagnoitalia.com\/es","logo":{"@type":"ImageObject","inLanguage":"es","@id":"https:\/\/www.bagnoitalia.com\/es#\/schema\/logo\/image\/","url":"https:\/\/img.bagnoitalia.com\/wp-content\/uploads\/logo-bagnoitalia.webp","contentUrl":"https:\/\/img.bagnoitalia.com\/wp-content\/uploads\/logo-bagnoitalia.webp","width":400,"height":70,"caption":"Bagno Italia"},"image":{"@id":"https:\/\/www.bagnoitalia.com\/es#\/schema\/logo\/image\/"}}]}},"_links":{"self":[{"href":"https:\/\/www.bagnoitalia.com\/es\/wp-json\/wp\/v2\/product\/83923","targetHints":{"allow":["GET"]}}],"collection":[{"href":"https:\/\/www.bagnoitalia.com\/es\/wp-json\/wp\/v2\/product"}],"about":[{"href":"https:\/\/www.bagnoitalia.com\/es\/wp-json\/wp\/v2\/types\/product"}],"replies":[{"embeddable":true,"href":"https:\/\/www.bagnoitalia.com\/es\/wp-json\/wp\/v2\/comments?post=83923"}],"version-history":[{"count":1,"href":"https:\/\/www.bagnoitalia.com\/es\/wp-json\/wp\/v2\/product\/83923\/revisions"}],"predecessor-version":[{"id":88763,"href":"https:\/\/www.bagnoitalia.com\/es\/wp-json\/wp\/v2\/product\/83923\/revisions\/88763"}],"wp:featuredmedia":[{"embeddable":true,"href":"https:\/\/www.bagnoitalia.com\/es\/wp-json\/wp\/v2\/media\/70909"}],"wp:attachment":[{"href":"https:\/\/www.bagnoitalia.com\/es\/wp-json\/wp\/v2\/media?parent=83923"}],"wp:term":[{"taxonomy":"product_brand","embeddable":true,"href":"https:\/\/www.bagnoitalia.com\/es\/wp-json\/wp\/v2\/product_brand?post=83923"},{"taxonomy":"product_cat","embeddable":true,"href":"https:\/\/www.bagnoitalia.com\/es\/wp-json\/wp\/v2\/product_cat?post=83923"},{"taxonomy":"product_tag","embeddable":true,"href":"https:\/\/www.bagnoitalia.com\/es\/wp-json\/wp\/v2\/product_tag?post=83923"}],"curies":[{"name":"wp","href":"https:\/\/api.w.org\/{rel}","templated":true}]}}