{"id":83907,"date":"2024-01-26T16:51:48","date_gmt":"2024-01-26T15:51:48","guid":{"rendered":"https:\/\/www.bagnoitalia.com\/product\/sydney-extending-aluminium-outdoor-table-200-300-cm-4-colours-available-2"},"modified":"2024-05-23T14:33:37","modified_gmt":"2024-05-23T12:33:37","slug":"sydney-extending-aluminium-outdoor-table-200-300-cm-4-colours-available-2","status":"publish","type":"product","link":"https:\/\/www.bagnoitalia.com\/es\/producto\/sydney-extending-aluminium-outdoor-table-200-300-cm-4-colours-available-2.html","title":{"rendered":"Mesa extensible de aluminio para exterior Sydney 200\/300 cm 4 colores disponibles"},"content":{"rendered":"<p>200\/300 cm MESA EXTERIOR ALARGABLE \u00abSYDNEY<\/p>\n<p>&nbsp;<\/p>\n<p>&nbsp;<\/p>\n<p>ESPECIFICACIONES DEL PRODUCTO<\/p>\n<p>Mesa rectangular, apta para uso exterior<\/p>\n<p>Fabricada en aluminio<\/p>\n<p>Disponible en los colores<\/p>\n<p>&#8211; antracita<\/p>\n<p>&#8211; blanco<\/p>\n<p>&#8211; topo<\/p>\n<p>&#8211; t\u00f3rtola<\/p>\n<p>Longitud 200 cm, ampliable a 300 cm<\/p>\n<p>Profundidad 110 cm<\/p>\n<p>Altura 76 cm<\/p>\n<p>&nbsp;<\/p>\n<p>&nbsp;<\/p>\n<p><span style=\"background-color: inherit; color: inherit; caret-color: auto;\">ATENCI\u00d3N: sillas NO incluidas en el precio; utilizando el men\u00fa desplegable puede a\u00f1adir de 4 a 12 sillas (fabricadas con estructura de aluminio y con asiento y respaldo de textilene, tama\u00f1o 55x57xH85 cm) <\/span><\/p>\n<p>&nbsp;<\/p>\n<p>&nbsp;<\/p>\n<p>&nbsp;<\/p>\n<p>&nbsp;<\/p>\n<p>&nbsp;<\/p>\n<p>&nbsp;<\/p>\n<p>&nbsp;<\/p>\n<p>&nbsp;<\/p>\n<p>&nbsp;<\/p>\n<p>&nbsp;<\/p>\n<p>&nbsp;<\/p>\n<p>&nbsp;<\/p>\n<p>&nbsp;<\/p>\n<p>&nbsp;<\/p>\n<p>&nbsp;<\/p>\n<p>&nbsp;<\/p>\n<p>&nbsp;<\/p>\n<p>&nbsp;<\/p>\n<p>&nbsp;<\/p>\n<p>&nbsp;<\/p>\n<p>&nbsp;<\/p>\n<p>&nbsp;<\/p>\n<p>ZANTE<\/p>\n<p><span style=\"font-size: 8pt;\">AT804019<\/span><\/p>\n","protected":false},"excerpt":{"rendered":"<p>Mesa para exterior, de aluminio en antracita, blanco, topo o gris t\u00f3rtola. Extensible de 200 a 300 cm, altura 76 cm.<\/p>\n","protected":false},"featured_media":70625,"comment_status":"open","ping_status":"closed","template":"","meta":[],"product_brand":[5004],"product_cat":[10029,9785],"product_tag":[],"class_list":{"0":"post-83907","1":"product","2":"type-product","3":"status-publish","4":"has-post-thumbnail","6":"product_brand-vari-produttori","7":"product_cat-mesas-con-sillas","8":"product_cat-muebles-de-exterior","10":"first","11":"instock","12":"sale","13":"taxable","14":"shipping-taxable","15":"purchasable","16":"product-type-simple"},"exclude_global_add_ons":false,"addons":[{"name":"color","type":"multiple_choice","position":0,"required":true,"title_format":"heading","default":"","description_enable":false,"description":"","placeholder_enable":false,"placeholder":"","display":"select","restrictions_type":"any_text","adjust_price":false,"price":"","price_type":"flat_fee","restrictions":false,"min":"0","max":"0","options":[{"label":"Antracita","price":"","price_type":"quantity_based","image":0,"visibility":true},{"label":"Blanco","price":"","price_type":"quantity_based","image":0,"visibility":true},{"label":"gris pardo","price":"","price_type":"quantity_based","image":0,"visibility":true},{"label":"Paloma gris","price":"","price_type":"quantity_based","image":0,"visibility":true}],"id":1716474817},{"name":"Tipolog\u00eda","type":"multiple_choice","position":1,"required":true,"title_format":"heading","default":"","description_enable":false,"description":"","placeholder_enable":false,"placeholder":"","display":"select","restrictions_type":"any_text","adjust_price":false,"price":"","price_type":"flat_fee","restrictions":false,"min":"0","max":"0","options":[{"label":"SIN sillas","price":"","price_type":"quantity_based","image":0,"visibility":true},{"label":"n. 4 sillas","price":"400","price_type":"quantity_based","image":0,"visibility":true},{"label":"n. 6 sillas","price":"600","price_type":"quantity_based","image":0,"visibility":true},{"label":"n. 8 sillas","price":"800","price_type":"quantity_based","image":0,"visibility":true},{"label":"n. 10 sillas","price":"1000","price_type":"quantity_based","image":0,"visibility":true},{"label":"n. 12 sillas","price":"1200","price_type":"quantity_based","image":0,"visibility":true}],"id":1716474818}],"yoast_head":"<!-- This site is optimized with the Yoast SEO plugin v26.7 - https:\/\/yoast.com\/wordpress\/plugins\/seo\/ -->\n<title>Mesa extensible de aluminio para exterior Sydney 200\/300 cm 4 colores disponibles<\/title>\n<meta name=\"description\" content=\"Mesa para exterior, de aluminio en antracita, blanco, topo o gris t\u00f3rtola. Extensible de 200 a 300 cm, altura 76 cm.\" \/>\n<meta name=\"robots\" content=\"index, follow, max-snippet:-1, max-image-preview:large, max-video-preview:-1\" \/>\n<link rel=\"canonical\" href=\"https:\/\/www.bagnoitalia.com\/es\/producto\/sydney-extending-aluminium-outdoor-table-200-300-cm-4-colours-available-2.html\" \/>\n<meta property=\"og:locale\" content=\"es_ES\" \/>\n<meta property=\"og:type\" content=\"article\" \/>\n<meta property=\"og:title\" content=\"Mesa extensible de aluminio para exterior Sydney 200\/300 cm 4 colores disponibles\" \/>\n<meta property=\"og:description\" content=\"Mesa para exterior, de aluminio en antracita, blanco, topo o gris t\u00f3rtola. Extensible de 200 a 300 cm, altura 76 cm.\" \/>\n<meta property=\"og:url\" content=\"https:\/\/www.bagnoitalia.com\/es\/producto\/sydney-extending-aluminium-outdoor-table-200-300-cm-4-colours-available-2.html\" \/>\n<meta property=\"og:site_name\" content=\"Bagno Italia\" \/>\n<meta property=\"article:modified_time\" content=\"2024-05-23T12:33:37+00:00\" \/>\n<meta property=\"og:image\" content=\"https:\/\/img.bagnoitalia.com\/wp-content\/uploads\/virtuemart\/product\/tavolo-sydney-allungabile-esterno-alluminio-colori-1.jpg\" \/>\n\t<meta property=\"og:image:width\" content=\"550\" \/>\n\t<meta property=\"og:image:height\" content=\"550\" \/>\n\t<meta property=\"og:image:type\" content=\"image\/jpeg\" \/>\n<meta name=\"twitter:card\" content=\"summary_large_image\" \/>\n<meta name=\"twitter:label1\" content=\"Tiempo de lectura\" \/>\n\t<meta name=\"twitter:data1\" content=\"1 minuto\" \/>\n<script type=\"application\/ld+json\" class=\"yoast-schema-graph\">{\"@context\":\"https:\/\/schema.org\",\"@graph\":[{\"@type\":\"WebPage\",\"@id\":\"https:\/\/www.bagnoitalia.com\/es\/producto\/sydney-extending-aluminium-outdoor-table-200-300-cm-4-colours-available-2.html\",\"url\":\"https:\/\/www.bagnoitalia.com\/es\/producto\/sydney-extending-aluminium-outdoor-table-200-300-cm-4-colours-available-2.html\",\"name\":\"Mesa extensible de aluminio para exterior Sydney 200\/300 cm 4 colores disponibles\",\"isPartOf\":{\"@id\":\"https:\/\/www.bagnoitalia.com\/es#website\"},\"primaryImageOfPage\":{\"@id\":\"https:\/\/www.bagnoitalia.com\/es\/producto\/sydney-extending-aluminium-outdoor-table-200-300-cm-4-colours-available-2.html#primaryimage\"},\"image\":{\"@id\":\"https:\/\/www.bagnoitalia.com\/es\/producto\/sydney-extending-aluminium-outdoor-table-200-300-cm-4-colours-available-2.html#primaryimage\"},\"thumbnailUrl\":\"https:\/\/img.bagnoitalia.com\/wp-content\/uploads\/virtuemart\/product\/tavolo-sydney-allungabile-esterno-alluminio-colori-1.jpg\",\"datePublished\":\"2024-01-26T15:51:48+00:00\",\"dateModified\":\"2024-05-23T12:33:37+00:00\",\"description\":\"Mesa para exterior, de aluminio en antracita, blanco, topo o gris t\u00f3rtola. Extensible de 200 a 300 cm, altura 76 cm.\",\"breadcrumb\":{\"@id\":\"https:\/\/www.bagnoitalia.com\/es\/producto\/sydney-extending-aluminium-outdoor-table-200-300-cm-4-colours-available-2.html#breadcrumb\"},\"inLanguage\":\"es\",\"potentialAction\":[{\"@type\":\"ReadAction\",\"target\":[\"https:\/\/www.bagnoitalia.com\/es\/producto\/sydney-extending-aluminium-outdoor-table-200-300-cm-4-colours-available-2.html\"]}]},{\"@type\":\"ImageObject\",\"inLanguage\":\"es\",\"@id\":\"https:\/\/www.bagnoitalia.com\/es\/producto\/sydney-extending-aluminium-outdoor-table-200-300-cm-4-colours-available-2.html#primaryimage\",\"url\":\"https:\/\/img.bagnoitalia.com\/wp-content\/uploads\/virtuemart\/product\/tavolo-sydney-allungabile-esterno-alluminio-colori-1.jpg\",\"contentUrl\":\"https:\/\/img.bagnoitalia.com\/wp-content\/uploads\/virtuemart\/product\/tavolo-sydney-allungabile-esterno-alluminio-colori-1.jpg\",\"width\":550,\"height\":550},{\"@type\":\"BreadcrumbList\",\"@id\":\"https:\/\/www.bagnoitalia.com\/es\/producto\/sydney-extending-aluminium-outdoor-table-200-300-cm-4-colours-available-2.html#breadcrumb\",\"itemListElement\":[{\"@type\":\"ListItem\",\"position\":1,\"name\":\"Home\",\"item\":\"https:\/\/www.bagnoitalia.com\/es\"},{\"@type\":\"ListItem\",\"position\":2,\"name\":\"Productos\",\"item\":\"https:\/\/www.bagnoitalia.com\/es\/shop\"},{\"@type\":\"ListItem\",\"position\":3,\"name\":\"Mesa extensible de aluminio para exterior Sydney 200\/300 cm 4 colores disponibles\"}]},{\"@type\":\"WebSite\",\"@id\":\"https:\/\/www.bagnoitalia.com\/es#website\",\"url\":\"https:\/\/www.bagnoitalia.com\/es\",\"name\":\"Bagno Italia\",\"description\":\"\",\"publisher\":{\"@id\":\"https:\/\/www.bagnoitalia.com\/es#organization\"},\"potentialAction\":[{\"@type\":\"SearchAction\",\"target\":{\"@type\":\"EntryPoint\",\"urlTemplate\":\"https:\/\/www.bagnoitalia.com\/es?s={search_term_string}\"},\"query-input\":{\"@type\":\"PropertyValueSpecification\",\"valueRequired\":true,\"valueName\":\"search_term_string\"}}],\"inLanguage\":\"es\"},{\"@type\":\"Organization\",\"@id\":\"https:\/\/www.bagnoitalia.com\/es#organization\",\"name\":\"Bagno Italia\",\"url\":\"https:\/\/www.bagnoitalia.com\/es\",\"logo\":{\"@type\":\"ImageObject\",\"inLanguage\":\"es\",\"@id\":\"https:\/\/www.bagnoitalia.com\/es#\/schema\/logo\/image\/\",\"url\":\"https:\/\/img.bagnoitalia.com\/wp-content\/uploads\/logo-bagnoitalia.webp\",\"contentUrl\":\"https:\/\/img.bagnoitalia.com\/wp-content\/uploads\/logo-bagnoitalia.webp\",\"width\":400,\"height\":70,\"caption\":\"Bagno Italia\"},\"image\":{\"@id\":\"https:\/\/www.bagnoitalia.com\/es#\/schema\/logo\/image\/\"}}]}<\/script>\n<!-- \/ Yoast SEO plugin. -->","yoast_head_json":{"title":"Mesa extensible de aluminio para exterior Sydney 200\/300 cm 4 colores disponibles","description":"Mesa para exterior, de aluminio en antracita, blanco, topo o gris t\u00f3rtola. Extensible de 200 a 300 cm, altura 76 cm.","robots":{"index":"index","follow":"follow","max-snippet":"max-snippet:-1","max-image-preview":"max-image-preview:large","max-video-preview":"max-video-preview:-1"},"canonical":"https:\/\/www.bagnoitalia.com\/es\/producto\/sydney-extending-aluminium-outdoor-table-200-300-cm-4-colours-available-2.html","og_locale":"es_ES","og_type":"article","og_title":"Mesa extensible de aluminio para exterior Sydney 200\/300 cm 4 colores disponibles","og_description":"Mesa para exterior, de aluminio en antracita, blanco, topo o gris t\u00f3rtola. Extensible de 200 a 300 cm, altura 76 cm.","og_url":"https:\/\/www.bagnoitalia.com\/es\/producto\/sydney-extending-aluminium-outdoor-table-200-300-cm-4-colours-available-2.html","og_site_name":"Bagno Italia","article_modified_time":"2024-05-23T12:33:37+00:00","og_image":[{"width":550,"height":550,"url":"https:\/\/img.bagnoitalia.com\/wp-content\/uploads\/virtuemart\/product\/tavolo-sydney-allungabile-esterno-alluminio-colori-1.jpg","type":"image\/jpeg"}],"twitter_card":"summary_large_image","twitter_misc":{"Tiempo de lectura":"1 minuto"},"schema":{"@context":"https:\/\/schema.org","@graph":[{"@type":"WebPage","@id":"https:\/\/www.bagnoitalia.com\/es\/producto\/sydney-extending-aluminium-outdoor-table-200-300-cm-4-colours-available-2.html","url":"https:\/\/www.bagnoitalia.com\/es\/producto\/sydney-extending-aluminium-outdoor-table-200-300-cm-4-colours-available-2.html","name":"Mesa extensible de aluminio para exterior Sydney 200\/300 cm 4 colores disponibles","isPartOf":{"@id":"https:\/\/www.bagnoitalia.com\/es#website"},"primaryImageOfPage":{"@id":"https:\/\/www.bagnoitalia.com\/es\/producto\/sydney-extending-aluminium-outdoor-table-200-300-cm-4-colours-available-2.html#primaryimage"},"image":{"@id":"https:\/\/www.bagnoitalia.com\/es\/producto\/sydney-extending-aluminium-outdoor-table-200-300-cm-4-colours-available-2.html#primaryimage"},"thumbnailUrl":"https:\/\/img.bagnoitalia.com\/wp-content\/uploads\/virtuemart\/product\/tavolo-sydney-allungabile-esterno-alluminio-colori-1.jpg","datePublished":"2024-01-26T15:51:48+00:00","dateModified":"2024-05-23T12:33:37+00:00","description":"Mesa para exterior, de aluminio en antracita, blanco, topo o gris t\u00f3rtola. Extensible de 200 a 300 cm, altura 76 cm.","breadcrumb":{"@id":"https:\/\/www.bagnoitalia.com\/es\/producto\/sydney-extending-aluminium-outdoor-table-200-300-cm-4-colours-available-2.html#breadcrumb"},"inLanguage":"es","potentialAction":[{"@type":"ReadAction","target":["https:\/\/www.bagnoitalia.com\/es\/producto\/sydney-extending-aluminium-outdoor-table-200-300-cm-4-colours-available-2.html"]}]},{"@type":"ImageObject","inLanguage":"es","@id":"https:\/\/www.bagnoitalia.com\/es\/producto\/sydney-extending-aluminium-outdoor-table-200-300-cm-4-colours-available-2.html#primaryimage","url":"https:\/\/img.bagnoitalia.com\/wp-content\/uploads\/virtuemart\/product\/tavolo-sydney-allungabile-esterno-alluminio-colori-1.jpg","contentUrl":"https:\/\/img.bagnoitalia.com\/wp-content\/uploads\/virtuemart\/product\/tavolo-sydney-allungabile-esterno-alluminio-colori-1.jpg","width":550,"height":550},{"@type":"BreadcrumbList","@id":"https:\/\/www.bagnoitalia.com\/es\/producto\/sydney-extending-aluminium-outdoor-table-200-300-cm-4-colours-available-2.html#breadcrumb","itemListElement":[{"@type":"ListItem","position":1,"name":"Home","item":"https:\/\/www.bagnoitalia.com\/es"},{"@type":"ListItem","position":2,"name":"Productos","item":"https:\/\/www.bagnoitalia.com\/es\/shop"},{"@type":"ListItem","position":3,"name":"Mesa extensible de aluminio para exterior Sydney 200\/300 cm 4 colores disponibles"}]},{"@type":"WebSite","@id":"https:\/\/www.bagnoitalia.com\/es#website","url":"https:\/\/www.bagnoitalia.com\/es","name":"Bagno Italia","description":"","publisher":{"@id":"https:\/\/www.bagnoitalia.com\/es#organization"},"potentialAction":[{"@type":"SearchAction","target":{"@type":"EntryPoint","urlTemplate":"https:\/\/www.bagnoitalia.com\/es?s={search_term_string}"},"query-input":{"@type":"PropertyValueSpecification","valueRequired":true,"valueName":"search_term_string"}}],"inLanguage":"es"},{"@type":"Organization","@id":"https:\/\/www.bagnoitalia.com\/es#organization","name":"Bagno Italia","url":"https:\/\/www.bagnoitalia.com\/es","logo":{"@type":"ImageObject","inLanguage":"es","@id":"https:\/\/www.bagnoitalia.com\/es#\/schema\/logo\/image\/","url":"https:\/\/img.bagnoitalia.com\/wp-content\/uploads\/logo-bagnoitalia.webp","contentUrl":"https:\/\/img.bagnoitalia.com\/wp-content\/uploads\/logo-bagnoitalia.webp","width":400,"height":70,"caption":"Bagno Italia"},"image":{"@id":"https:\/\/www.bagnoitalia.com\/es#\/schema\/logo\/image\/"}}]}},"_links":{"self":[{"href":"https:\/\/www.bagnoitalia.com\/es\/wp-json\/wp\/v2\/product\/83907","targetHints":{"allow":["GET"]}}],"collection":[{"href":"https:\/\/www.bagnoitalia.com\/es\/wp-json\/wp\/v2\/product"}],"about":[{"href":"https:\/\/www.bagnoitalia.com\/es\/wp-json\/wp\/v2\/types\/product"}],"replies":[{"embeddable":true,"href":"https:\/\/www.bagnoitalia.com\/es\/wp-json\/wp\/v2\/comments?post=83907"}],"version-history":[{"count":1,"href":"https:\/\/www.bagnoitalia.com\/es\/wp-json\/wp\/v2\/product\/83907\/revisions"}],"predecessor-version":[{"id":87819,"href":"https:\/\/www.bagnoitalia.com\/es\/wp-json\/wp\/v2\/product\/83907\/revisions\/87819"}],"wp:featuredmedia":[{"embeddable":true,"href":"https:\/\/www.bagnoitalia.com\/es\/wp-json\/wp\/v2\/media\/70625"}],"wp:attachment":[{"href":"https:\/\/www.bagnoitalia.com\/es\/wp-json\/wp\/v2\/media?parent=83907"}],"wp:term":[{"taxonomy":"product_brand","embeddable":true,"href":"https:\/\/www.bagnoitalia.com\/es\/wp-json\/wp\/v2\/product_brand?post=83907"},{"taxonomy":"product_cat","embeddable":true,"href":"https:\/\/www.bagnoitalia.com\/es\/wp-json\/wp\/v2\/product_cat?post=83907"},{"taxonomy":"product_tag","embeddable":true,"href":"https:\/\/www.bagnoitalia.com\/es\/wp-json\/wp\/v2\/product_tag?post=83907"}],"curies":[{"name":"wp","href":"https:\/\/api.w.org\/{rel}","templated":true}]}}