{"id":83791,"date":"2024-01-15T14:57:55","date_gmt":"2024-01-15T13:57:55","guid":{"rendered":"https:\/\/www.bagnoitalia.com\/product\/shelly-6-colour-wooden-tv-cabinet-with-open-compartments-and-drawers-2"},"modified":"2024-05-27T15:55:15","modified_gmt":"2024-05-27T13:55:15","slug":"shelly-6-colour-wooden-tv-cabinet-with-open-compartments-and-drawers-2","status":"publish","type":"product","link":"https:\/\/www.bagnoitalia.com\/es\/producto\/shelly-6-colour-wooden-tv-cabinet-with-open-compartments-and-drawers-2.html","title":{"rendered":"Mueble de TV Shelly de madera de 6 colores con compartimentos abiertos y cajones"},"content":{"rendered":"<p>MUEBLE &#8216;SHELLY<\/p>\n<p>&nbsp;<\/p>\n<p>&nbsp;<\/p>\n<p>CARACTER\u00cdSTICAS<\/p>\n<p>Mueble de pared, adecuado como soporte de TV, compuesto por compartimentos abiertos y cajones<\/p>\n<p>Fabricado en madera laminada<\/p>\n<p>Disponible en los colores<\/p>\n<p>caj\u00f3n antracita y estructura de roble claro<br \/>\ncaj\u00f3n antracita y estructura de pino claro<br \/>\ncaj\u00f3n antracita y estructura de olmo<br \/>\ncaj\u00f3n gris y estructura de olmo<br \/>\ncaj\u00f3n topo y estructura de roble<br \/>\ncaj\u00f3n gris y estructura de pino claro<\/p>\n<p>&nbsp;<\/p>\n<p>&nbsp;<\/p>\n<p>DIMENSIONES<\/p>\n<p>Longitud total: 170 cm<\/p>\n<p>Altura total: 181,5 cm<\/p>\n<p>Altura del soporte de TV desde el suelo: 68 cm<\/p>\n<p>Profundidad m\u00e1xima: 42 cm<\/p>\n<p>&nbsp;<\/p>\n<p>&nbsp;<\/p>\n<p>&nbsp;<\/p>\n<p>&nbsp;<\/p>\n<p>&nbsp;<\/p>\n<p>&nbsp;<\/p>\n<p>&nbsp;<\/p>\n<p>&nbsp;<\/p>\n<p>&nbsp;<\/p>\n<p>&nbsp;<\/p>\n<p>&nbsp;<\/p>\n<p>&nbsp;<\/p>\n<p>&nbsp;<\/p>\n<p>&nbsp;<\/p>\n<p>&nbsp;<\/p>\n<p>&nbsp;<\/p>\n<p>&nbsp;<\/p>\n<p>&nbsp;<\/p>\n<p>LEONARD<\/p>\n<p>&nbsp;<\/p>\n","protected":false},"excerpt":{"rendered":"<p>MUEBLE &#8216;SHELLY &nbsp; &nbsp; CARACTER\u00cdSTICAS Mueble de pared, adecuado como soporte de TV, compuesto por compartimentos abiertos y cajones Fabricado en madera laminada Disponible en los colores caj\u00f3n antracita y estructura de roble claro caj\u00f3n antracita y estructura de pino claro caj\u00f3n antracita y estructura de olmo caj\u00f3n gris y estructura de olmo caj\u00f3n topo [&hellip;]<\/p>\n","protected":false},"featured_media":69117,"comment_status":"open","ping_status":"closed","template":"","meta":[],"product_brand":[9881],"product_cat":[10117],"product_tag":[],"class_list":{"0":"post-83791","1":"product","2":"type-product","3":"status-publish","4":"has-post-thumbnail","6":"product_brand-vari-produttori-es","7":"product_cat-senza-categoria-es","9":"first","10":"outofstock","11":"taxable","12":"shipping-taxable","13":"purchasable","14":"product-type-simple"},"exclude_global_add_ons":false,"addons":[{"name":"Color","type":"multiple_choice","position":0,"required":true,"title_format":"heading","default":"","description_enable":false,"description":"","placeholder_enable":false,"placeholder":"","display":"select","restrictions_type":"any_text","adjust_price":false,"price":"","price_type":"flat_fee","restrictions":false,"min":"0","max":"0","options":[{"label":"antracita y roble claro","price":"","price_type":"quantity_based","image":0,"visibility":true},{"label":"antracita y pino claro","price":"","price_type":"quantity_based","image":0,"visibility":true},{"label":"antracita y olmo","price":"","price_type":"quantity_based","image":0,"visibility":true},{"label":"gris y olmo","price":"","price_type":"quantity_based","image":0,"visibility":true},{"label":"NO DISPONIBLE topo y roble","price":"","price_type":"quantity_based","image":0,"visibility":true},{"label":"gris y pino claro","price":"","price_type":"quantity_based","image":0,"visibility":true}],"id":1716825316}],"yoast_head":"<!-- This site is optimized with the Yoast SEO plugin v26.7 - https:\/\/yoast.com\/wordpress\/plugins\/seo\/ -->\n<title>Mueble de TV Shelly de madera de 6 colores con compartimentos abiertos y cajones<\/title>\n<meta name=\"robots\" content=\"index, follow, max-snippet:-1, max-image-preview:large, max-video-preview:-1\" \/>\n<link rel=\"canonical\" href=\"https:\/\/www.bagnoitalia.com\/es\/producto\/shelly-6-colour-wooden-tv-cabinet-with-open-compartments-and-drawers-2.html\" \/>\n<meta property=\"og:locale\" content=\"es_ES\" \/>\n<meta property=\"og:type\" content=\"article\" \/>\n<meta property=\"og:title\" content=\"Mueble de TV Shelly de madera de 6 colores con compartimentos abiertos y cajones\" \/>\n<meta property=\"og:description\" content=\"MUEBLE &#8216;SHELLY &nbsp; &nbsp; CARACTER\u00cdSTICAS Mueble de pared, adecuado como soporte de TV, compuesto por compartimentos abiertos y cajones Fabricado en madera laminada Disponible en los colores caj\u00f3n antracita y estructura de roble claro caj\u00f3n antracita y estructura de pino claro caj\u00f3n antracita y estructura de olmo caj\u00f3n gris y estructura de olmo caj\u00f3n topo [&hellip;]\" \/>\n<meta property=\"og:url\" content=\"https:\/\/www.bagnoitalia.com\/es\/producto\/shelly-6-colour-wooden-tv-cabinet-with-open-compartments-and-drawers-2.html\" \/>\n<meta property=\"og:site_name\" content=\"Bagno Italia\" \/>\n<meta property=\"article:modified_time\" content=\"2024-05-27T13:55:15+00:00\" \/>\n<meta property=\"og:image\" content=\"https:\/\/img.bagnoitalia.com\/wp-content\/uploads\/virtuemart\/product\/parete-attrezzata-mobile-porta-tv-colori-1.jpg\" \/>\n\t<meta property=\"og:image:width\" content=\"550\" \/>\n\t<meta property=\"og:image:height\" content=\"550\" \/>\n\t<meta property=\"og:image:type\" content=\"image\/jpeg\" \/>\n<meta name=\"twitter:card\" content=\"summary_large_image\" \/>\n<meta name=\"twitter:label1\" content=\"Tiempo de lectura\" \/>\n\t<meta name=\"twitter:data1\" content=\"1 minuto\" \/>\n<script type=\"application\/ld+json\" class=\"yoast-schema-graph\">{\"@context\":\"https:\/\/schema.org\",\"@graph\":[{\"@type\":\"WebPage\",\"@id\":\"https:\/\/www.bagnoitalia.com\/es\/producto\/shelly-6-colour-wooden-tv-cabinet-with-open-compartments-and-drawers-2.html\",\"url\":\"https:\/\/www.bagnoitalia.com\/es\/producto\/shelly-6-colour-wooden-tv-cabinet-with-open-compartments-and-drawers-2.html\",\"name\":\"Mueble de TV Shelly de madera de 6 colores con compartimentos abiertos y cajones\",\"isPartOf\":{\"@id\":\"https:\/\/www.bagnoitalia.com\/es#website\"},\"primaryImageOfPage\":{\"@id\":\"https:\/\/www.bagnoitalia.com\/es\/producto\/shelly-6-colour-wooden-tv-cabinet-with-open-compartments-and-drawers-2.html#primaryimage\"},\"image\":{\"@id\":\"https:\/\/www.bagnoitalia.com\/es\/producto\/shelly-6-colour-wooden-tv-cabinet-with-open-compartments-and-drawers-2.html#primaryimage\"},\"thumbnailUrl\":\"https:\/\/img.bagnoitalia.com\/wp-content\/uploads\/virtuemart\/product\/parete-attrezzata-mobile-porta-tv-colori-1.jpg\",\"datePublished\":\"2024-01-15T13:57:55+00:00\",\"dateModified\":\"2024-05-27T13:55:15+00:00\",\"breadcrumb\":{\"@id\":\"https:\/\/www.bagnoitalia.com\/es\/producto\/shelly-6-colour-wooden-tv-cabinet-with-open-compartments-and-drawers-2.html#breadcrumb\"},\"inLanguage\":\"es\",\"potentialAction\":[{\"@type\":\"ReadAction\",\"target\":[\"https:\/\/www.bagnoitalia.com\/es\/producto\/shelly-6-colour-wooden-tv-cabinet-with-open-compartments-and-drawers-2.html\"]}]},{\"@type\":\"ImageObject\",\"inLanguage\":\"es\",\"@id\":\"https:\/\/www.bagnoitalia.com\/es\/producto\/shelly-6-colour-wooden-tv-cabinet-with-open-compartments-and-drawers-2.html#primaryimage\",\"url\":\"https:\/\/img.bagnoitalia.com\/wp-content\/uploads\/virtuemart\/product\/parete-attrezzata-mobile-porta-tv-colori-1.jpg\",\"contentUrl\":\"https:\/\/img.bagnoitalia.com\/wp-content\/uploads\/virtuemart\/product\/parete-attrezzata-mobile-porta-tv-colori-1.jpg\",\"width\":550,\"height\":550},{\"@type\":\"BreadcrumbList\",\"@id\":\"https:\/\/www.bagnoitalia.com\/es\/producto\/shelly-6-colour-wooden-tv-cabinet-with-open-compartments-and-drawers-2.html#breadcrumb\",\"itemListElement\":[{\"@type\":\"ListItem\",\"position\":1,\"name\":\"Home\",\"item\":\"https:\/\/www.bagnoitalia.com\/es\"},{\"@type\":\"ListItem\",\"position\":2,\"name\":\"Productos\",\"item\":\"https:\/\/www.bagnoitalia.com\/es\/shop\"},{\"@type\":\"ListItem\",\"position\":3,\"name\":\"Mueble de TV Shelly de madera de 6 colores con compartimentos abiertos y cajones\"}]},{\"@type\":\"WebSite\",\"@id\":\"https:\/\/www.bagnoitalia.com\/es#website\",\"url\":\"https:\/\/www.bagnoitalia.com\/es\",\"name\":\"Bagno Italia\",\"description\":\"\",\"publisher\":{\"@id\":\"https:\/\/www.bagnoitalia.com\/es#organization\"},\"potentialAction\":[{\"@type\":\"SearchAction\",\"target\":{\"@type\":\"EntryPoint\",\"urlTemplate\":\"https:\/\/www.bagnoitalia.com\/es?s={search_term_string}\"},\"query-input\":{\"@type\":\"PropertyValueSpecification\",\"valueRequired\":true,\"valueName\":\"search_term_string\"}}],\"inLanguage\":\"es\"},{\"@type\":\"Organization\",\"@id\":\"https:\/\/www.bagnoitalia.com\/es#organization\",\"name\":\"Bagno Italia\",\"url\":\"https:\/\/www.bagnoitalia.com\/es\",\"logo\":{\"@type\":\"ImageObject\",\"inLanguage\":\"es\",\"@id\":\"https:\/\/www.bagnoitalia.com\/es#\/schema\/logo\/image\/\",\"url\":\"https:\/\/img.bagnoitalia.com\/wp-content\/uploads\/logo-bagnoitalia.webp\",\"contentUrl\":\"https:\/\/img.bagnoitalia.com\/wp-content\/uploads\/logo-bagnoitalia.webp\",\"width\":400,\"height\":70,\"caption\":\"Bagno Italia\"},\"image\":{\"@id\":\"https:\/\/www.bagnoitalia.com\/es#\/schema\/logo\/image\/\"}}]}<\/script>\n<!-- \/ Yoast SEO plugin. -->","yoast_head_json":{"title":"Mueble de TV Shelly de madera de 6 colores con compartimentos abiertos y cajones","robots":{"index":"index","follow":"follow","max-snippet":"max-snippet:-1","max-image-preview":"max-image-preview:large","max-video-preview":"max-video-preview:-1"},"canonical":"https:\/\/www.bagnoitalia.com\/es\/producto\/shelly-6-colour-wooden-tv-cabinet-with-open-compartments-and-drawers-2.html","og_locale":"es_ES","og_type":"article","og_title":"Mueble de TV Shelly de madera de 6 colores con compartimentos abiertos y cajones","og_description":"MUEBLE &#8216;SHELLY &nbsp; &nbsp; CARACTER\u00cdSTICAS Mueble de pared, adecuado como soporte de TV, compuesto por compartimentos abiertos y cajones Fabricado en madera laminada Disponible en los colores caj\u00f3n antracita y estructura de roble claro caj\u00f3n antracita y estructura de pino claro caj\u00f3n antracita y estructura de olmo caj\u00f3n gris y estructura de olmo caj\u00f3n topo [&hellip;]","og_url":"https:\/\/www.bagnoitalia.com\/es\/producto\/shelly-6-colour-wooden-tv-cabinet-with-open-compartments-and-drawers-2.html","og_site_name":"Bagno Italia","article_modified_time":"2024-05-27T13:55:15+00:00","og_image":[{"width":550,"height":550,"url":"https:\/\/img.bagnoitalia.com\/wp-content\/uploads\/virtuemart\/product\/parete-attrezzata-mobile-porta-tv-colori-1.jpg","type":"image\/jpeg"}],"twitter_card":"summary_large_image","twitter_misc":{"Tiempo de lectura":"1 minuto"},"schema":{"@context":"https:\/\/schema.org","@graph":[{"@type":"WebPage","@id":"https:\/\/www.bagnoitalia.com\/es\/producto\/shelly-6-colour-wooden-tv-cabinet-with-open-compartments-and-drawers-2.html","url":"https:\/\/www.bagnoitalia.com\/es\/producto\/shelly-6-colour-wooden-tv-cabinet-with-open-compartments-and-drawers-2.html","name":"Mueble de TV Shelly de madera de 6 colores con compartimentos abiertos y cajones","isPartOf":{"@id":"https:\/\/www.bagnoitalia.com\/es#website"},"primaryImageOfPage":{"@id":"https:\/\/www.bagnoitalia.com\/es\/producto\/shelly-6-colour-wooden-tv-cabinet-with-open-compartments-and-drawers-2.html#primaryimage"},"image":{"@id":"https:\/\/www.bagnoitalia.com\/es\/producto\/shelly-6-colour-wooden-tv-cabinet-with-open-compartments-and-drawers-2.html#primaryimage"},"thumbnailUrl":"https:\/\/img.bagnoitalia.com\/wp-content\/uploads\/virtuemart\/product\/parete-attrezzata-mobile-porta-tv-colori-1.jpg","datePublished":"2024-01-15T13:57:55+00:00","dateModified":"2024-05-27T13:55:15+00:00","breadcrumb":{"@id":"https:\/\/www.bagnoitalia.com\/es\/producto\/shelly-6-colour-wooden-tv-cabinet-with-open-compartments-and-drawers-2.html#breadcrumb"},"inLanguage":"es","potentialAction":[{"@type":"ReadAction","target":["https:\/\/www.bagnoitalia.com\/es\/producto\/shelly-6-colour-wooden-tv-cabinet-with-open-compartments-and-drawers-2.html"]}]},{"@type":"ImageObject","inLanguage":"es","@id":"https:\/\/www.bagnoitalia.com\/es\/producto\/shelly-6-colour-wooden-tv-cabinet-with-open-compartments-and-drawers-2.html#primaryimage","url":"https:\/\/img.bagnoitalia.com\/wp-content\/uploads\/virtuemart\/product\/parete-attrezzata-mobile-porta-tv-colori-1.jpg","contentUrl":"https:\/\/img.bagnoitalia.com\/wp-content\/uploads\/virtuemart\/product\/parete-attrezzata-mobile-porta-tv-colori-1.jpg","width":550,"height":550},{"@type":"BreadcrumbList","@id":"https:\/\/www.bagnoitalia.com\/es\/producto\/shelly-6-colour-wooden-tv-cabinet-with-open-compartments-and-drawers-2.html#breadcrumb","itemListElement":[{"@type":"ListItem","position":1,"name":"Home","item":"https:\/\/www.bagnoitalia.com\/es"},{"@type":"ListItem","position":2,"name":"Productos","item":"https:\/\/www.bagnoitalia.com\/es\/shop"},{"@type":"ListItem","position":3,"name":"Mueble de TV Shelly de madera de 6 colores con compartimentos abiertos y cajones"}]},{"@type":"WebSite","@id":"https:\/\/www.bagnoitalia.com\/es#website","url":"https:\/\/www.bagnoitalia.com\/es","name":"Bagno Italia","description":"","publisher":{"@id":"https:\/\/www.bagnoitalia.com\/es#organization"},"potentialAction":[{"@type":"SearchAction","target":{"@type":"EntryPoint","urlTemplate":"https:\/\/www.bagnoitalia.com\/es?s={search_term_string}"},"query-input":{"@type":"PropertyValueSpecification","valueRequired":true,"valueName":"search_term_string"}}],"inLanguage":"es"},{"@type":"Organization","@id":"https:\/\/www.bagnoitalia.com\/es#organization","name":"Bagno Italia","url":"https:\/\/www.bagnoitalia.com\/es","logo":{"@type":"ImageObject","inLanguage":"es","@id":"https:\/\/www.bagnoitalia.com\/es#\/schema\/logo\/image\/","url":"https:\/\/img.bagnoitalia.com\/wp-content\/uploads\/logo-bagnoitalia.webp","contentUrl":"https:\/\/img.bagnoitalia.com\/wp-content\/uploads\/logo-bagnoitalia.webp","width":400,"height":70,"caption":"Bagno Italia"},"image":{"@id":"https:\/\/www.bagnoitalia.com\/es#\/schema\/logo\/image\/"}}]}},"_links":{"self":[{"href":"https:\/\/www.bagnoitalia.com\/es\/wp-json\/wp\/v2\/product\/83791","targetHints":{"allow":["GET"]}}],"collection":[{"href":"https:\/\/www.bagnoitalia.com\/es\/wp-json\/wp\/v2\/product"}],"about":[{"href":"https:\/\/www.bagnoitalia.com\/es\/wp-json\/wp\/v2\/types\/product"}],"replies":[{"embeddable":true,"href":"https:\/\/www.bagnoitalia.com\/es\/wp-json\/wp\/v2\/comments?post=83791"}],"version-history":[{"count":1,"href":"https:\/\/www.bagnoitalia.com\/es\/wp-json\/wp\/v2\/product\/83791\/revisions"}],"predecessor-version":[{"id":88389,"href":"https:\/\/www.bagnoitalia.com\/es\/wp-json\/wp\/v2\/product\/83791\/revisions\/88389"}],"wp:featuredmedia":[{"embeddable":true,"href":"https:\/\/www.bagnoitalia.com\/es\/wp-json\/wp\/v2\/media\/69117"}],"wp:attachment":[{"href":"https:\/\/www.bagnoitalia.com\/es\/wp-json\/wp\/v2\/media?parent=83791"}],"wp:term":[{"taxonomy":"product_brand","embeddable":true,"href":"https:\/\/www.bagnoitalia.com\/es\/wp-json\/wp\/v2\/product_brand?post=83791"},{"taxonomy":"product_cat","embeddable":true,"href":"https:\/\/www.bagnoitalia.com\/es\/wp-json\/wp\/v2\/product_cat?post=83791"},{"taxonomy":"product_tag","embeddable":true,"href":"https:\/\/www.bagnoitalia.com\/es\/wp-json\/wp\/v2\/product_tag?post=83791"}],"curies":[{"name":"wp","href":"https:\/\/api.w.org\/{rel}","templated":true}]}}