{"id":83743,"date":"2024-01-05T15:31:24","date_gmt":"2024-01-05T14:31:24","guid":{"rendered":"https:\/\/www.bagnoitalia.com\/product\/banera-de-hidromasaje-completa-opcional-de-150x75-o-160x80-o-170x80-cm-con-calentador-de-ozonoterapia-vs146"},"modified":"2024-05-22T10:55:01","modified_gmt":"2024-05-22T08:55:01","slug":"banera-de-hidromasaje-completa-opcional-de-150x75-o-160x80-o-170x80-cm-con-calentador-de-ozonoterapia-vs146","status":"publish","type":"product","link":"https:\/\/www.bagnoitalia.com\/es\/producto\/banera-de-hidromasaje-completa-opcional-de-150x75-o-160x80-o-170x80-cm-con-calentador-de-ozonoterapia-vs146.html","title":{"rendered":"Ba\u00f1era de hidromasaje completa opcional de 150&#215;75 o 160&#215;80 o 170&#215;80 cm con calentador de ozonoterapia VS146"},"content":{"rendered":"<p>BA\u00d1ERA DE HIDROMASAJE VS146<\/p>\n<p>&nbsp;<\/p>\n<p><img fetchpriority=\"high\" decoding=\"async\" class=\" size-full wp-image-66881\" src=\"https:\/\/img.bagnoitalia.com\/wp-content\/uploads\/importante-vasche-scarico-allaccio.jpg\" alt=\"\" width=\"812\" height=\"160\" srcset=\"https:\/\/img.bagnoitalia.com\/wp-content\/uploads\/importante-vasche-scarico-allaccio.jpg 812w, https:\/\/img.bagnoitalia.com\/wp-content\/uploads\/importante-vasche-scarico-allaccio-768x151.jpg 768w, https:\/\/img.bagnoitalia.com\/wp-content\/uploads\/importante-vasche-scarico-allaccio-441x87.jpg 441w, https:\/\/img.bagnoitalia.com\/wp-content\/uploads\/importante-vasche-scarico-allaccio-600x118.jpg 600w, https:\/\/img.bagnoitalia.com\/wp-content\/uploads\/importante-vasche-scarico-allaccio-150x30.jpg 150w\" sizes=\"(max-width: 812px) 100vw, 812px\" \/><\/p>\n<p>&nbsp;<\/p>\n<p>Ba\u00f1era rectangular, con cristal lateral, disponible en dos tama\u00f1os:<\/p>\n<p>150x75xH55 cm<\/p>\n<p>160x80xH55 cm<\/p>\n<p>170x80xH55 cm<\/p>\n<p>Seleccione el tama\u00f1o deseado en el men\u00fa superior<\/p>\n<p>CARACTER\u00cdSTICAS PRINCIPALES<\/p>\n<p>Hidromasaje Whirlpool (1,1 Kw) y airpool (0,4 KW) total 18 jets<br \/>\nCalentador de 1,5 Kw<br \/>\nGrifer\u00eda termost\u00e1tica<br \/>\nMezclador en cascada<br \/>\nDucha de mano con flexo<br \/>\nPanel de control con pantalla t\u00e1ctil<br \/>\nSif\u00f3n incluido<br \/>\nCromoterapia<br \/>\nSensor de nivel de agua<br \/>\nSistema de autolimpieza del tubo<\/p>\n<p>sistema de audio con bluetooth<br \/>\nOzonoterapia<br \/>\nNo. 2 Reposacabezas<br \/>\nMateriales: Acr\u00edlico con dos capas de fibra de vidrio y marco de acero<\/p>\n<p>&nbsp;<\/p>\n","protected":false},"excerpt":{"rendered":"<p>Ba\u00f1era disponible en 3 tama\u00f1os, completa con 2 cojines reposacabezas. Doble bomba, 1 de agua y 1 de aire, grifo termost\u00e1tico, ozono y cromoterapia.<\/p>\n","protected":false},"featured_media":68461,"comment_status":"open","ping_status":"closed","template":"","meta":[],"product_brand":[9881],"product_cat":[9709,9745],"product_tag":[],"class_list":{"0":"post-83743","1":"product","2":"type-product","3":"status-publish","4":"has-post-thumbnail","6":"product_brand-vari-produttori-es","7":"product_cat-banera-de-hidromasaje","8":"product_cat-piscinas-de-hidromasaje","10":"first","11":"instock","12":"sale","13":"taxable","14":"shipping-taxable","15":"purchasable","16":"product-type-simple"},"exclude_global_add_ons":false,"addons":[{"name":"dimensiones","type":"multiple_choice","position":0,"required":true,"title_format":"heading","default":"","description_enable":false,"description":"","placeholder_enable":false,"placeholder":"","display":"select","restrictions_type":"any_text","adjust_price":false,"price":"","price_type":"flat_fee","restrictions":false,"min":"0","max":"0","options":[{"label":"150x75 cm","price":"","price_type":"quantity_based","image":0,"visibility":true},{"label":"160x80 cm","price":"","price_type":"quantity_based","image":0,"visibility":true},{"label":"170x80 cm","price":"100","price_type":"quantity_based","image":0,"visibility":true}],"id":1716375301}],"yoast_head":"<!-- This site is optimized with the Yoast SEO plugin v26.7 - https:\/\/yoast.com\/wordpress\/plugins\/seo\/ -->\n<title>Ba\u00f1era de hidromasaje completa opcional de 150x75 o 160x80 o 170x80 cm con calentador de ozonoterapia VS146 - Bagno Italia<\/title>\n<meta name=\"description\" content=\"Ba\u00f1era disponible en 3 tama\u00f1os, completa con 2 cojines reposacabezas. Doble bomba, 1 de agua y 1 de aire, grifo termost\u00e1tico, ozono y cromoterapia.\" \/>\n<meta name=\"robots\" content=\"index, follow, max-snippet:-1, max-image-preview:large, max-video-preview:-1\" \/>\n<link rel=\"canonical\" href=\"https:\/\/www.bagnoitalia.com\/es\/producto\/banera-de-hidromasaje-completa-opcional-de-150x75-o-160x80-o-170x80-cm-con-calentador-de-ozonoterapia-vs146.html\" \/>\n<meta property=\"og:locale\" content=\"es_ES\" \/>\n<meta property=\"og:type\" content=\"article\" \/>\n<meta property=\"og:title\" content=\"Ba\u00f1era de hidromasaje completa opcional de 150x75 o 160x80 o 170x80 cm con calentador de ozonoterapia VS146 - Bagno Italia\" \/>\n<meta property=\"og:description\" content=\"Ba\u00f1era disponible en 3 tama\u00f1os, completa con 2 cojines reposacabezas. Doble bomba, 1 de agua y 1 de aire, grifo termost\u00e1tico, ozono y cromoterapia.\" \/>\n<meta property=\"og:url\" content=\"https:\/\/www.bagnoitalia.com\/es\/producto\/banera-de-hidromasaje-completa-opcional-de-150x75-o-160x80-o-170x80-cm-con-calentador-de-ozonoterapia-vs146.html\" \/>\n<meta property=\"og:site_name\" content=\"Bagno Italia\" \/>\n<meta property=\"article:modified_time\" content=\"2024-05-22T08:55:01+00:00\" \/>\n<meta property=\"og:image\" content=\"https:\/\/img.bagnoitalia.com\/wp-content\/uploads\/virtuemart\/product\/vasca-idromassaggio-160-o-170-cm-1.jpg\" \/>\n\t<meta property=\"og:image:width\" content=\"550\" \/>\n\t<meta property=\"og:image:height\" content=\"550\" \/>\n\t<meta property=\"og:image:type\" content=\"image\/jpeg\" \/>\n<meta name=\"twitter:card\" content=\"summary_large_image\" \/>\n<meta name=\"twitter:label1\" content=\"Tiempo de lectura\" \/>\n\t<meta name=\"twitter:data1\" content=\"1 minuto\" \/>\n<script type=\"application\/ld+json\" class=\"yoast-schema-graph\">{\"@context\":\"https:\/\/schema.org\",\"@graph\":[{\"@type\":\"WebPage\",\"@id\":\"https:\/\/www.bagnoitalia.com\/es\/producto\/banera-de-hidromasaje-completa-opcional-de-150x75-o-160x80-o-170x80-cm-con-calentador-de-ozonoterapia-vs146.html\",\"url\":\"https:\/\/www.bagnoitalia.com\/es\/producto\/banera-de-hidromasaje-completa-opcional-de-150x75-o-160x80-o-170x80-cm-con-calentador-de-ozonoterapia-vs146.html\",\"name\":\"Ba\u00f1era de hidromasaje completa opcional de 150x75 o 160x80 o 170x80 cm con calentador de ozonoterapia VS146 - Bagno Italia\",\"isPartOf\":{\"@id\":\"https:\/\/www.bagnoitalia.com\/es#website\"},\"primaryImageOfPage\":{\"@id\":\"https:\/\/www.bagnoitalia.com\/es\/producto\/banera-de-hidromasaje-completa-opcional-de-150x75-o-160x80-o-170x80-cm-con-calentador-de-ozonoterapia-vs146.html#primaryimage\"},\"image\":{\"@id\":\"https:\/\/www.bagnoitalia.com\/es\/producto\/banera-de-hidromasaje-completa-opcional-de-150x75-o-160x80-o-170x80-cm-con-calentador-de-ozonoterapia-vs146.html#primaryimage\"},\"thumbnailUrl\":\"https:\/\/img.bagnoitalia.com\/wp-content\/uploads\/virtuemart\/product\/vasca-idromassaggio-160-o-170-cm-1.jpg\",\"datePublished\":\"2024-01-05T14:31:24+00:00\",\"dateModified\":\"2024-05-22T08:55:01+00:00\",\"description\":\"Ba\u00f1era disponible en 3 tama\u00f1os, completa con 2 cojines reposacabezas. Doble bomba, 1 de agua y 1 de aire, grifo termost\u00e1tico, ozono y cromoterapia.\",\"breadcrumb\":{\"@id\":\"https:\/\/www.bagnoitalia.com\/es\/producto\/banera-de-hidromasaje-completa-opcional-de-150x75-o-160x80-o-170x80-cm-con-calentador-de-ozonoterapia-vs146.html#breadcrumb\"},\"inLanguage\":\"es\",\"potentialAction\":[{\"@type\":\"ReadAction\",\"target\":[\"https:\/\/www.bagnoitalia.com\/es\/producto\/banera-de-hidromasaje-completa-opcional-de-150x75-o-160x80-o-170x80-cm-con-calentador-de-ozonoterapia-vs146.html\"]}]},{\"@type\":\"ImageObject\",\"inLanguage\":\"es\",\"@id\":\"https:\/\/www.bagnoitalia.com\/es\/producto\/banera-de-hidromasaje-completa-opcional-de-150x75-o-160x80-o-170x80-cm-con-calentador-de-ozonoterapia-vs146.html#primaryimage\",\"url\":\"https:\/\/img.bagnoitalia.com\/wp-content\/uploads\/virtuemart\/product\/vasca-idromassaggio-160-o-170-cm-1.jpg\",\"contentUrl\":\"https:\/\/img.bagnoitalia.com\/wp-content\/uploads\/virtuemart\/product\/vasca-idromassaggio-160-o-170-cm-1.jpg\",\"width\":550,\"height\":550},{\"@type\":\"BreadcrumbList\",\"@id\":\"https:\/\/www.bagnoitalia.com\/es\/producto\/banera-de-hidromasaje-completa-opcional-de-150x75-o-160x80-o-170x80-cm-con-calentador-de-ozonoterapia-vs146.html#breadcrumb\",\"itemListElement\":[{\"@type\":\"ListItem\",\"position\":1,\"name\":\"Home\",\"item\":\"https:\/\/www.bagnoitalia.com\/es\"},{\"@type\":\"ListItem\",\"position\":2,\"name\":\"Productos\",\"item\":\"https:\/\/www.bagnoitalia.com\/es\/shop\"},{\"@type\":\"ListItem\",\"position\":3,\"name\":\"Ba\u00f1era de hidromasaje completa opcional de 150&#215;75 o 160&#215;80 o 170&#215;80 cm con calentador de ozonoterapia VS146\"}]},{\"@type\":\"WebSite\",\"@id\":\"https:\/\/www.bagnoitalia.com\/es#website\",\"url\":\"https:\/\/www.bagnoitalia.com\/es\",\"name\":\"Bagno Italia\",\"description\":\"\",\"publisher\":{\"@id\":\"https:\/\/www.bagnoitalia.com\/es#organization\"},\"potentialAction\":[{\"@type\":\"SearchAction\",\"target\":{\"@type\":\"EntryPoint\",\"urlTemplate\":\"https:\/\/www.bagnoitalia.com\/es?s={search_term_string}\"},\"query-input\":{\"@type\":\"PropertyValueSpecification\",\"valueRequired\":true,\"valueName\":\"search_term_string\"}}],\"inLanguage\":\"es\"},{\"@type\":\"Organization\",\"@id\":\"https:\/\/www.bagnoitalia.com\/es#organization\",\"name\":\"Bagno Italia\",\"url\":\"https:\/\/www.bagnoitalia.com\/es\",\"logo\":{\"@type\":\"ImageObject\",\"inLanguage\":\"es\",\"@id\":\"https:\/\/www.bagnoitalia.com\/es#\/schema\/logo\/image\/\",\"url\":\"https:\/\/img.bagnoitalia.com\/wp-content\/uploads\/logo-bagnoitalia.webp\",\"contentUrl\":\"https:\/\/img.bagnoitalia.com\/wp-content\/uploads\/logo-bagnoitalia.webp\",\"width\":400,\"height\":70,\"caption\":\"Bagno Italia\"},\"image\":{\"@id\":\"https:\/\/www.bagnoitalia.com\/es#\/schema\/logo\/image\/\"}}]}<\/script>\n<!-- \/ Yoast SEO plugin. -->","yoast_head_json":{"title":"Ba\u00f1era de hidromasaje completa opcional de 150x75 o 160x80 o 170x80 cm con calentador de ozonoterapia VS146 - Bagno Italia","description":"Ba\u00f1era disponible en 3 tama\u00f1os, completa con 2 cojines reposacabezas. Doble bomba, 1 de agua y 1 de aire, grifo termost\u00e1tico, ozono y cromoterapia.","robots":{"index":"index","follow":"follow","max-snippet":"max-snippet:-1","max-image-preview":"max-image-preview:large","max-video-preview":"max-video-preview:-1"},"canonical":"https:\/\/www.bagnoitalia.com\/es\/producto\/banera-de-hidromasaje-completa-opcional-de-150x75-o-160x80-o-170x80-cm-con-calentador-de-ozonoterapia-vs146.html","og_locale":"es_ES","og_type":"article","og_title":"Ba\u00f1era de hidromasaje completa opcional de 150x75 o 160x80 o 170x80 cm con calentador de ozonoterapia VS146 - Bagno Italia","og_description":"Ba\u00f1era disponible en 3 tama\u00f1os, completa con 2 cojines reposacabezas. Doble bomba, 1 de agua y 1 de aire, grifo termost\u00e1tico, ozono y cromoterapia.","og_url":"https:\/\/www.bagnoitalia.com\/es\/producto\/banera-de-hidromasaje-completa-opcional-de-150x75-o-160x80-o-170x80-cm-con-calentador-de-ozonoterapia-vs146.html","og_site_name":"Bagno Italia","article_modified_time":"2024-05-22T08:55:01+00:00","og_image":[{"width":550,"height":550,"url":"https:\/\/img.bagnoitalia.com\/wp-content\/uploads\/virtuemart\/product\/vasca-idromassaggio-160-o-170-cm-1.jpg","type":"image\/jpeg"}],"twitter_card":"summary_large_image","twitter_misc":{"Tiempo de lectura":"1 minuto"},"schema":{"@context":"https:\/\/schema.org","@graph":[{"@type":"WebPage","@id":"https:\/\/www.bagnoitalia.com\/es\/producto\/banera-de-hidromasaje-completa-opcional-de-150x75-o-160x80-o-170x80-cm-con-calentador-de-ozonoterapia-vs146.html","url":"https:\/\/www.bagnoitalia.com\/es\/producto\/banera-de-hidromasaje-completa-opcional-de-150x75-o-160x80-o-170x80-cm-con-calentador-de-ozonoterapia-vs146.html","name":"Ba\u00f1era de hidromasaje completa opcional de 150x75 o 160x80 o 170x80 cm con calentador de ozonoterapia VS146 - Bagno Italia","isPartOf":{"@id":"https:\/\/www.bagnoitalia.com\/es#website"},"primaryImageOfPage":{"@id":"https:\/\/www.bagnoitalia.com\/es\/producto\/banera-de-hidromasaje-completa-opcional-de-150x75-o-160x80-o-170x80-cm-con-calentador-de-ozonoterapia-vs146.html#primaryimage"},"image":{"@id":"https:\/\/www.bagnoitalia.com\/es\/producto\/banera-de-hidromasaje-completa-opcional-de-150x75-o-160x80-o-170x80-cm-con-calentador-de-ozonoterapia-vs146.html#primaryimage"},"thumbnailUrl":"https:\/\/img.bagnoitalia.com\/wp-content\/uploads\/virtuemart\/product\/vasca-idromassaggio-160-o-170-cm-1.jpg","datePublished":"2024-01-05T14:31:24+00:00","dateModified":"2024-05-22T08:55:01+00:00","description":"Ba\u00f1era disponible en 3 tama\u00f1os, completa con 2 cojines reposacabezas. Doble bomba, 1 de agua y 1 de aire, grifo termost\u00e1tico, ozono y cromoterapia.","breadcrumb":{"@id":"https:\/\/www.bagnoitalia.com\/es\/producto\/banera-de-hidromasaje-completa-opcional-de-150x75-o-160x80-o-170x80-cm-con-calentador-de-ozonoterapia-vs146.html#breadcrumb"},"inLanguage":"es","potentialAction":[{"@type":"ReadAction","target":["https:\/\/www.bagnoitalia.com\/es\/producto\/banera-de-hidromasaje-completa-opcional-de-150x75-o-160x80-o-170x80-cm-con-calentador-de-ozonoterapia-vs146.html"]}]},{"@type":"ImageObject","inLanguage":"es","@id":"https:\/\/www.bagnoitalia.com\/es\/producto\/banera-de-hidromasaje-completa-opcional-de-150x75-o-160x80-o-170x80-cm-con-calentador-de-ozonoterapia-vs146.html#primaryimage","url":"https:\/\/img.bagnoitalia.com\/wp-content\/uploads\/virtuemart\/product\/vasca-idromassaggio-160-o-170-cm-1.jpg","contentUrl":"https:\/\/img.bagnoitalia.com\/wp-content\/uploads\/virtuemart\/product\/vasca-idromassaggio-160-o-170-cm-1.jpg","width":550,"height":550},{"@type":"BreadcrumbList","@id":"https:\/\/www.bagnoitalia.com\/es\/producto\/banera-de-hidromasaje-completa-opcional-de-150x75-o-160x80-o-170x80-cm-con-calentador-de-ozonoterapia-vs146.html#breadcrumb","itemListElement":[{"@type":"ListItem","position":1,"name":"Home","item":"https:\/\/www.bagnoitalia.com\/es"},{"@type":"ListItem","position":2,"name":"Productos","item":"https:\/\/www.bagnoitalia.com\/es\/shop"},{"@type":"ListItem","position":3,"name":"Ba\u00f1era de hidromasaje completa opcional de 150&#215;75 o 160&#215;80 o 170&#215;80 cm con calentador de ozonoterapia VS146"}]},{"@type":"WebSite","@id":"https:\/\/www.bagnoitalia.com\/es#website","url":"https:\/\/www.bagnoitalia.com\/es","name":"Bagno Italia","description":"","publisher":{"@id":"https:\/\/www.bagnoitalia.com\/es#organization"},"potentialAction":[{"@type":"SearchAction","target":{"@type":"EntryPoint","urlTemplate":"https:\/\/www.bagnoitalia.com\/es?s={search_term_string}"},"query-input":{"@type":"PropertyValueSpecification","valueRequired":true,"valueName":"search_term_string"}}],"inLanguage":"es"},{"@type":"Organization","@id":"https:\/\/www.bagnoitalia.com\/es#organization","name":"Bagno Italia","url":"https:\/\/www.bagnoitalia.com\/es","logo":{"@type":"ImageObject","inLanguage":"es","@id":"https:\/\/www.bagnoitalia.com\/es#\/schema\/logo\/image\/","url":"https:\/\/img.bagnoitalia.com\/wp-content\/uploads\/logo-bagnoitalia.webp","contentUrl":"https:\/\/img.bagnoitalia.com\/wp-content\/uploads\/logo-bagnoitalia.webp","width":400,"height":70,"caption":"Bagno Italia"},"image":{"@id":"https:\/\/www.bagnoitalia.com\/es#\/schema\/logo\/image\/"}}]}},"_links":{"self":[{"href":"https:\/\/www.bagnoitalia.com\/es\/wp-json\/wp\/v2\/product\/83743","targetHints":{"allow":["GET"]}}],"collection":[{"href":"https:\/\/www.bagnoitalia.com\/es\/wp-json\/wp\/v2\/product"}],"about":[{"href":"https:\/\/www.bagnoitalia.com\/es\/wp-json\/wp\/v2\/types\/product"}],"replies":[{"embeddable":true,"href":"https:\/\/www.bagnoitalia.com\/es\/wp-json\/wp\/v2\/comments?post=83743"}],"version-history":[{"count":1,"href":"https:\/\/www.bagnoitalia.com\/es\/wp-json\/wp\/v2\/product\/83743\/revisions"}],"predecessor-version":[{"id":87371,"href":"https:\/\/www.bagnoitalia.com\/es\/wp-json\/wp\/v2\/product\/83743\/revisions\/87371"}],"wp:featuredmedia":[{"embeddable":true,"href":"https:\/\/www.bagnoitalia.com\/es\/wp-json\/wp\/v2\/media\/68461"}],"wp:attachment":[{"href":"https:\/\/www.bagnoitalia.com\/es\/wp-json\/wp\/v2\/media?parent=83743"}],"wp:term":[{"taxonomy":"product_brand","embeddable":true,"href":"https:\/\/www.bagnoitalia.com\/es\/wp-json\/wp\/v2\/product_brand?post=83743"},{"taxonomy":"product_cat","embeddable":true,"href":"https:\/\/www.bagnoitalia.com\/es\/wp-json\/wp\/v2\/product_cat?post=83743"},{"taxonomy":"product_tag","embeddable":true,"href":"https:\/\/www.bagnoitalia.com\/es\/wp-json\/wp\/v2\/product_tag?post=83743"}],"curies":[{"name":"wp","href":"https:\/\/api.w.org\/{rel}","templated":true}]}}