{"id":83671,"date":"2023-12-19T15:32:09","date_gmt":"2023-12-19T14:32:09","guid":{"rendered":"https:\/\/www.bagnoitalia.com\/product\/richard-sofa-124x73-or-177x73-cm-in-a-choice-of-4-fabric-colours-for-2-or-3-persons-2"},"modified":"2026-02-20T14:44:03","modified_gmt":"2026-02-20T13:44:03","slug":"richard-sofa-124x73-or-177x73-cm-in-a-choice-of-4-fabric-colours-for-2-or-3-persons-2","status":"publish","type":"product","link":"https:\/\/www.bagnoitalia.com\/es\/producto\/richard-sofa-124x73-or-177x73-cm-in-a-choice-of-4-fabric-colours-for-2-or-3-persons-2.html","title":{"rendered":"Sof\u00e1 Richard 124&#215;73 \u00f3 177&#215;73 cm en 4 colores de tejido a elegir para 2 \u00f3 3 personas"},"content":{"rendered":"<p>SOF\u00c1 MODELO &#8216;RICHARD<\/p>\n<p>&nbsp;<\/p>\n<p>&nbsp;<\/p>\n<p>DETALLES DEL PRODUCTO<\/p>\n<p>Sof\u00e1 para 2-3 personas, disponible en 2 tama\u00f1os y 4 colores<\/p>\n<p>Tapizado en tela<\/p>\n<p>Patas de polipropileno color madera<\/p>\n<p>DIMENSIONES<\/p>\n<p>longitud total: a elegir entre 124 cm o 177 cm (seleccione la medida en el men\u00fa desplegable)<\/p>\n<p>profundidad total: 73 cm<\/p>\n<p>altura total: 82 cm<\/p>\n<p>altura del asiento: 44 cm<\/p>\n<p>profundidad del asiento: 50 cm<\/p>\n<p>peso: 38 kg<\/p>\n<p>COLORES<\/p>\n<p>Tejido en 4 colores a elegir<\/p>\n<p>gris claro<\/p>\n<p>gris oscuro<\/p>\n<p>azul<\/p>\n<p>beige<\/p>\n<p>&nbsp;<\/p>\n<p>&nbsp;<\/p>\n<p>&nbsp;<\/p>\n<p>&nbsp;<\/p>\n<p>&nbsp;<\/p>\n<p>&nbsp;<\/p>\n<p>&nbsp;<\/p>\n<p>&nbsp;<\/p>\n<p>&nbsp;<\/p>\n<p>&nbsp;<\/p>\n<p>&nbsp;<\/p>\n<p>&nbsp;<\/p>\n<p>&nbsp;<\/p>\n<p>&nbsp;<\/p>\n<p>&nbsp;<\/p>\n<p>&nbsp;<\/p>\n<p>&nbsp;<\/p>\n<p>&nbsp;<\/p>\n<p>&nbsp;<\/p>\n<p>&nbsp;<\/p>\n<p>RAMSEY<\/p>\n<p>&nbsp;<\/p>\n","protected":false},"excerpt":{"rendered":"<p>Sof\u00e1 moderno disponible en gris claro, gris oscuro, azul o beige. Con reposabrazos y patas de polipropileno color madera. Disponible en dos tama\u00f1os: 124&#215;73 o 177&#215;73 cm.<\/p>\n","protected":false},"featured_media":67529,"comment_status":"open","ping_status":"closed","template":"","meta":[],"product_brand":[9881],"product_cat":[9793],"product_tag":[],"class_list":{"0":"post-83671","1":"product","2":"type-product","3":"status-publish","4":"has-post-thumbnail","6":"product_brand-vari-produttori-es","7":"product_cat-sofas-2-muebles-de-interior","9":"first","10":"instock","11":"sale","12":"taxable","13":"shipping-taxable","14":"purchasable","15":"product-type-simple"},"exclude_global_add_ons":false,"addons":[{"name":"Tipolog\u00eda","type":"multiple_choice","position":0,"required":true,"title_format":"heading","default":"","description_enable":false,"description":"","placeholder_enable":false,"placeholder":"","display":"select","restrictions_type":"any_text","adjust_price":false,"price":"","price_type":"flat_fee","restrictions":false,"min":"0","max":"0","options":[{"label":"177x73 cm beige","price":"","price_type":"quantity_based","image":0,"visibility":true},{"label":"177x73 cm gris oscuro","price":"","price_type":"quantity_based","image":0,"visibility":true},{"label":"124x73 cm beige","price":"160","price_type":"quantity_based","image":0,"visibility":true},{"label":"124x73 cm azul","price":"160","price_type":"quantity_based","image":0,"visibility":true},{"label":"124x73 cm gris claro","price":"160","price_type":"quantity_based","image":0,"visibility":true},{"label":"124x73 cm gris oscuro","price":"160","price_type":"quantity_based","image":0,"visibility":true},{"label":"177x73 cm azul","price":"240","price_type":"quantity_based","image":0,"visibility":true},{"label":"177x73 cm gris claro","price":"240","price_type":"quantity_based","image":0,"visibility":true}],"id":1718720913}],"yoast_head":"<!-- This site is optimized with the Yoast SEO plugin v26.7 - https:\/\/yoast.com\/wordpress\/plugins\/seo\/ -->\n<title>Sof\u00e1 Richard 124x73 \u00f3 177x73 cm en 4 colores de tejido a elegir para 2 \u00f3 3 personas<\/title>\n<meta name=\"description\" content=\"Sof\u00e1 moderno disponible en gris claro, gris oscuro, azul o beige. Con reposabrazos y patas de polipropileno color madera. Disponible en dos tama\u00f1os: 124x73 o 177x73 cm.\" \/>\n<meta name=\"robots\" content=\"index, follow, max-snippet:-1, max-image-preview:large, max-video-preview:-1\" \/>\n<link rel=\"canonical\" href=\"https:\/\/www.bagnoitalia.com\/es\/producto\/richard-sofa-124x73-or-177x73-cm-in-a-choice-of-4-fabric-colours-for-2-or-3-persons-2.html\" \/>\n<meta property=\"og:locale\" content=\"es_ES\" \/>\n<meta property=\"og:type\" content=\"article\" \/>\n<meta property=\"og:title\" content=\"Sof\u00e1 Richard 124x73 \u00f3 177x73 cm en 4 colores de tejido a elegir para 2 \u00f3 3 personas\" \/>\n<meta property=\"og:description\" content=\"Sof\u00e1 moderno disponible en gris claro, gris oscuro, azul o beige. Con reposabrazos y patas de polipropileno color madera. Disponible en dos tama\u00f1os: 124x73 o 177x73 cm.\" \/>\n<meta property=\"og:url\" content=\"https:\/\/www.bagnoitalia.com\/es\/producto\/richard-sofa-124x73-or-177x73-cm-in-a-choice-of-4-fabric-colours-for-2-or-3-persons-2.html\" \/>\n<meta property=\"og:site_name\" content=\"Bagno Italia\" \/>\n<meta property=\"article:modified_time\" content=\"2026-02-20T13:44:03+00:00\" \/>\n<meta property=\"og:image\" content=\"https:\/\/img.bagnoitalia.com\/wp-content\/uploads\/virtuemart\/product\/divano-richard-2-3-posti-colori-1.jpg\" \/>\n\t<meta property=\"og:image:width\" content=\"550\" \/>\n\t<meta property=\"og:image:height\" content=\"550\" \/>\n\t<meta property=\"og:image:type\" content=\"image\/jpeg\" \/>\n<meta name=\"twitter:card\" content=\"summary_large_image\" \/>\n<meta name=\"twitter:label1\" content=\"Tiempo de lectura\" \/>\n\t<meta name=\"twitter:data1\" content=\"1 minuto\" \/>\n<script type=\"application\/ld+json\" class=\"yoast-schema-graph\">{\"@context\":\"https:\/\/schema.org\",\"@graph\":[{\"@type\":\"WebPage\",\"@id\":\"https:\/\/www.bagnoitalia.com\/es\/producto\/richard-sofa-124x73-or-177x73-cm-in-a-choice-of-4-fabric-colours-for-2-or-3-persons-2.html\",\"url\":\"https:\/\/www.bagnoitalia.com\/es\/producto\/richard-sofa-124x73-or-177x73-cm-in-a-choice-of-4-fabric-colours-for-2-or-3-persons-2.html\",\"name\":\"Sof\u00e1 Richard 124x73 \u00f3 177x73 cm en 4 colores de tejido a elegir para 2 \u00f3 3 personas\",\"isPartOf\":{\"@id\":\"https:\/\/www.bagnoitalia.com\/es#website\"},\"primaryImageOfPage\":{\"@id\":\"https:\/\/www.bagnoitalia.com\/es\/producto\/richard-sofa-124x73-or-177x73-cm-in-a-choice-of-4-fabric-colours-for-2-or-3-persons-2.html#primaryimage\"},\"image\":{\"@id\":\"https:\/\/www.bagnoitalia.com\/es\/producto\/richard-sofa-124x73-or-177x73-cm-in-a-choice-of-4-fabric-colours-for-2-or-3-persons-2.html#primaryimage\"},\"thumbnailUrl\":\"https:\/\/img.bagnoitalia.com\/wp-content\/uploads\/virtuemart\/product\/divano-richard-2-3-posti-colori-1.jpg\",\"datePublished\":\"2023-12-19T14:32:09+00:00\",\"dateModified\":\"2026-02-20T13:44:03+00:00\",\"description\":\"Sof\u00e1 moderno disponible en gris claro, gris oscuro, azul o beige. Con reposabrazos y patas de polipropileno color madera. Disponible en dos tama\u00f1os: 124x73 o 177x73 cm.\",\"breadcrumb\":{\"@id\":\"https:\/\/www.bagnoitalia.com\/es\/producto\/richard-sofa-124x73-or-177x73-cm-in-a-choice-of-4-fabric-colours-for-2-or-3-persons-2.html#breadcrumb\"},\"inLanguage\":\"es\",\"potentialAction\":[{\"@type\":\"ReadAction\",\"target\":[\"https:\/\/www.bagnoitalia.com\/es\/producto\/richard-sofa-124x73-or-177x73-cm-in-a-choice-of-4-fabric-colours-for-2-or-3-persons-2.html\"]}]},{\"@type\":\"ImageObject\",\"inLanguage\":\"es\",\"@id\":\"https:\/\/www.bagnoitalia.com\/es\/producto\/richard-sofa-124x73-or-177x73-cm-in-a-choice-of-4-fabric-colours-for-2-or-3-persons-2.html#primaryimage\",\"url\":\"https:\/\/img.bagnoitalia.com\/wp-content\/uploads\/virtuemart\/product\/divano-richard-2-3-posti-colori-1.jpg\",\"contentUrl\":\"https:\/\/img.bagnoitalia.com\/wp-content\/uploads\/virtuemart\/product\/divano-richard-2-3-posti-colori-1.jpg\",\"width\":550,\"height\":550},{\"@type\":\"BreadcrumbList\",\"@id\":\"https:\/\/www.bagnoitalia.com\/es\/producto\/richard-sofa-124x73-or-177x73-cm-in-a-choice-of-4-fabric-colours-for-2-or-3-persons-2.html#breadcrumb\",\"itemListElement\":[{\"@type\":\"ListItem\",\"position\":1,\"name\":\"Home\",\"item\":\"https:\/\/www.bagnoitalia.com\/es\"},{\"@type\":\"ListItem\",\"position\":2,\"name\":\"Productos\",\"item\":\"https:\/\/www.bagnoitalia.com\/es\/shop\"},{\"@type\":\"ListItem\",\"position\":3,\"name\":\"Sof\u00e1 Richard 124&#215;73 \u00f3 177&#215;73 cm en 4 colores de tejido a elegir para 2 \u00f3 3 personas\"}]},{\"@type\":\"WebSite\",\"@id\":\"https:\/\/www.bagnoitalia.com\/es#website\",\"url\":\"https:\/\/www.bagnoitalia.com\/es\",\"name\":\"Bagno Italia\",\"description\":\"\",\"publisher\":{\"@id\":\"https:\/\/www.bagnoitalia.com\/es#organization\"},\"potentialAction\":[{\"@type\":\"SearchAction\",\"target\":{\"@type\":\"EntryPoint\",\"urlTemplate\":\"https:\/\/www.bagnoitalia.com\/es?s={search_term_string}\"},\"query-input\":{\"@type\":\"PropertyValueSpecification\",\"valueRequired\":true,\"valueName\":\"search_term_string\"}}],\"inLanguage\":\"es\"},{\"@type\":\"Organization\",\"@id\":\"https:\/\/www.bagnoitalia.com\/es#organization\",\"name\":\"Bagno Italia\",\"url\":\"https:\/\/www.bagnoitalia.com\/es\",\"logo\":{\"@type\":\"ImageObject\",\"inLanguage\":\"es\",\"@id\":\"https:\/\/www.bagnoitalia.com\/es#\/schema\/logo\/image\/\",\"url\":\"https:\/\/img.bagnoitalia.com\/wp-content\/uploads\/logo-bagnoitalia.webp\",\"contentUrl\":\"https:\/\/img.bagnoitalia.com\/wp-content\/uploads\/logo-bagnoitalia.webp\",\"width\":400,\"height\":70,\"caption\":\"Bagno Italia\"},\"image\":{\"@id\":\"https:\/\/www.bagnoitalia.com\/es#\/schema\/logo\/image\/\"}}]}<\/script>\n<!-- \/ Yoast SEO plugin. -->","yoast_head_json":{"title":"Sof\u00e1 Richard 124x73 \u00f3 177x73 cm en 4 colores de tejido a elegir para 2 \u00f3 3 personas","description":"Sof\u00e1 moderno disponible en gris claro, gris oscuro, azul o beige. Con reposabrazos y patas de polipropileno color madera. Disponible en dos tama\u00f1os: 124x73 o 177x73 cm.","robots":{"index":"index","follow":"follow","max-snippet":"max-snippet:-1","max-image-preview":"max-image-preview:large","max-video-preview":"max-video-preview:-1"},"canonical":"https:\/\/www.bagnoitalia.com\/es\/producto\/richard-sofa-124x73-or-177x73-cm-in-a-choice-of-4-fabric-colours-for-2-or-3-persons-2.html","og_locale":"es_ES","og_type":"article","og_title":"Sof\u00e1 Richard 124x73 \u00f3 177x73 cm en 4 colores de tejido a elegir para 2 \u00f3 3 personas","og_description":"Sof\u00e1 moderno disponible en gris claro, gris oscuro, azul o beige. Con reposabrazos y patas de polipropileno color madera. Disponible en dos tama\u00f1os: 124x73 o 177x73 cm.","og_url":"https:\/\/www.bagnoitalia.com\/es\/producto\/richard-sofa-124x73-or-177x73-cm-in-a-choice-of-4-fabric-colours-for-2-or-3-persons-2.html","og_site_name":"Bagno Italia","article_modified_time":"2026-02-20T13:44:03+00:00","og_image":[{"width":550,"height":550,"url":"https:\/\/img.bagnoitalia.com\/wp-content\/uploads\/virtuemart\/product\/divano-richard-2-3-posti-colori-1.jpg","type":"image\/jpeg"}],"twitter_card":"summary_large_image","twitter_misc":{"Tiempo de lectura":"1 minuto"},"schema":{"@context":"https:\/\/schema.org","@graph":[{"@type":"WebPage","@id":"https:\/\/www.bagnoitalia.com\/es\/producto\/richard-sofa-124x73-or-177x73-cm-in-a-choice-of-4-fabric-colours-for-2-or-3-persons-2.html","url":"https:\/\/www.bagnoitalia.com\/es\/producto\/richard-sofa-124x73-or-177x73-cm-in-a-choice-of-4-fabric-colours-for-2-or-3-persons-2.html","name":"Sof\u00e1 Richard 124x73 \u00f3 177x73 cm en 4 colores de tejido a elegir para 2 \u00f3 3 personas","isPartOf":{"@id":"https:\/\/www.bagnoitalia.com\/es#website"},"primaryImageOfPage":{"@id":"https:\/\/www.bagnoitalia.com\/es\/producto\/richard-sofa-124x73-or-177x73-cm-in-a-choice-of-4-fabric-colours-for-2-or-3-persons-2.html#primaryimage"},"image":{"@id":"https:\/\/www.bagnoitalia.com\/es\/producto\/richard-sofa-124x73-or-177x73-cm-in-a-choice-of-4-fabric-colours-for-2-or-3-persons-2.html#primaryimage"},"thumbnailUrl":"https:\/\/img.bagnoitalia.com\/wp-content\/uploads\/virtuemart\/product\/divano-richard-2-3-posti-colori-1.jpg","datePublished":"2023-12-19T14:32:09+00:00","dateModified":"2026-02-20T13:44:03+00:00","description":"Sof\u00e1 moderno disponible en gris claro, gris oscuro, azul o beige. Con reposabrazos y patas de polipropileno color madera. Disponible en dos tama\u00f1os: 124x73 o 177x73 cm.","breadcrumb":{"@id":"https:\/\/www.bagnoitalia.com\/es\/producto\/richard-sofa-124x73-or-177x73-cm-in-a-choice-of-4-fabric-colours-for-2-or-3-persons-2.html#breadcrumb"},"inLanguage":"es","potentialAction":[{"@type":"ReadAction","target":["https:\/\/www.bagnoitalia.com\/es\/producto\/richard-sofa-124x73-or-177x73-cm-in-a-choice-of-4-fabric-colours-for-2-or-3-persons-2.html"]}]},{"@type":"ImageObject","inLanguage":"es","@id":"https:\/\/www.bagnoitalia.com\/es\/producto\/richard-sofa-124x73-or-177x73-cm-in-a-choice-of-4-fabric-colours-for-2-or-3-persons-2.html#primaryimage","url":"https:\/\/img.bagnoitalia.com\/wp-content\/uploads\/virtuemart\/product\/divano-richard-2-3-posti-colori-1.jpg","contentUrl":"https:\/\/img.bagnoitalia.com\/wp-content\/uploads\/virtuemart\/product\/divano-richard-2-3-posti-colori-1.jpg","width":550,"height":550},{"@type":"BreadcrumbList","@id":"https:\/\/www.bagnoitalia.com\/es\/producto\/richard-sofa-124x73-or-177x73-cm-in-a-choice-of-4-fabric-colours-for-2-or-3-persons-2.html#breadcrumb","itemListElement":[{"@type":"ListItem","position":1,"name":"Home","item":"https:\/\/www.bagnoitalia.com\/es"},{"@type":"ListItem","position":2,"name":"Productos","item":"https:\/\/www.bagnoitalia.com\/es\/shop"},{"@type":"ListItem","position":3,"name":"Sof\u00e1 Richard 124&#215;73 \u00f3 177&#215;73 cm en 4 colores de tejido a elegir para 2 \u00f3 3 personas"}]},{"@type":"WebSite","@id":"https:\/\/www.bagnoitalia.com\/es#website","url":"https:\/\/www.bagnoitalia.com\/es","name":"Bagno Italia","description":"","publisher":{"@id":"https:\/\/www.bagnoitalia.com\/es#organization"},"potentialAction":[{"@type":"SearchAction","target":{"@type":"EntryPoint","urlTemplate":"https:\/\/www.bagnoitalia.com\/es?s={search_term_string}"},"query-input":{"@type":"PropertyValueSpecification","valueRequired":true,"valueName":"search_term_string"}}],"inLanguage":"es"},{"@type":"Organization","@id":"https:\/\/www.bagnoitalia.com\/es#organization","name":"Bagno Italia","url":"https:\/\/www.bagnoitalia.com\/es","logo":{"@type":"ImageObject","inLanguage":"es","@id":"https:\/\/www.bagnoitalia.com\/es#\/schema\/logo\/image\/","url":"https:\/\/img.bagnoitalia.com\/wp-content\/uploads\/logo-bagnoitalia.webp","contentUrl":"https:\/\/img.bagnoitalia.com\/wp-content\/uploads\/logo-bagnoitalia.webp","width":400,"height":70,"caption":"Bagno Italia"},"image":{"@id":"https:\/\/www.bagnoitalia.com\/es#\/schema\/logo\/image\/"}}]}},"_links":{"self":[{"href":"https:\/\/www.bagnoitalia.com\/es\/wp-json\/wp\/v2\/product\/83671","targetHints":{"allow":["GET"]}}],"collection":[{"href":"https:\/\/www.bagnoitalia.com\/es\/wp-json\/wp\/v2\/product"}],"about":[{"href":"https:\/\/www.bagnoitalia.com\/es\/wp-json\/wp\/v2\/types\/product"}],"replies":[{"embeddable":true,"href":"https:\/\/www.bagnoitalia.com\/es\/wp-json\/wp\/v2\/comments?post=83671"}],"version-history":[{"count":2,"href":"https:\/\/www.bagnoitalia.com\/es\/wp-json\/wp\/v2\/product\/83671\/revisions"}],"predecessor-version":[{"id":116512,"href":"https:\/\/www.bagnoitalia.com\/es\/wp-json\/wp\/v2\/product\/83671\/revisions\/116512"}],"wp:featuredmedia":[{"embeddable":true,"href":"https:\/\/www.bagnoitalia.com\/es\/wp-json\/wp\/v2\/media\/67529"}],"wp:attachment":[{"href":"https:\/\/www.bagnoitalia.com\/es\/wp-json\/wp\/v2\/media?parent=83671"}],"wp:term":[{"taxonomy":"product_brand","embeddable":true,"href":"https:\/\/www.bagnoitalia.com\/es\/wp-json\/wp\/v2\/product_brand?post=83671"},{"taxonomy":"product_cat","embeddable":true,"href":"https:\/\/www.bagnoitalia.com\/es\/wp-json\/wp\/v2\/product_cat?post=83671"},{"taxonomy":"product_tag","embeddable":true,"href":"https:\/\/www.bagnoitalia.com\/es\/wp-json\/wp\/v2\/product_tag?post=83671"}],"curies":[{"name":"wp","href":"https:\/\/api.w.org\/{rel}","templated":true}]}}