{"id":83647,"date":"2023-12-15T16:18:36","date_gmt":"2023-12-15T15:18:36","guid":{"rendered":"https:\/\/www.bagnoitalia.com\/product\/freestanding-bathtub-170x80-cm-oval-shape-glossy-white-centre-vs145-2"},"modified":"2023-12-15T16:18:36","modified_gmt":"2023-12-15T15:18:36","slug":"freestanding-bathtub-170x80-cm-oval-shape-glossy-white-centre-vs145-2","status":"publish","type":"product","link":"https:\/\/www.bagnoitalia.com\/es\/producto\/freestanding-bathtub-170x80-cm-oval-shape-glossy-white-centre-vs145-2.html","title":{"rendered":"Ba\u00f1era exenta 170&#215;80 cm forma ovalada centro blanco brillante VS145"},"content":{"rendered":"<p>BA\u00d1ERA EXENTA OVALADA VS145<\/p>\n<p>&nbsp;<\/p>\n<p>&nbsp;<\/p>\n<p>ESPECIFICACIONES DEL PRODUCTO<\/p>\n<p>Ba\u00f1era ovalada<\/p>\n<p>Adecuada para instalaci\u00f3n independiente<\/p>\n<p>Dimensiones exteriores 170x80xH74 cm<\/p>\n<p>Material de la estructura: Acero inoxidable<\/p>\n<p>Material del tapizado: Acr\u00edlico sanitario<\/p>\n<p>Color: Blanco<\/p>\n<p>Acabado: Pulido<\/p>\n<p>Incluye desag\u00fce, rebosadero y tubo corrugado de desag\u00fce<\/p>\n<p>Es posible combinar esta ba\u00f1era con uno de los 4 modelos de columna mezcladora del men\u00fa desplegable superior<\/p>\n<p>&nbsp;<\/p>\n","protected":false},"excerpt":{"rendered":"<p>Ba\u00f1era de caracter\u00edstica forma ovalada, con borde superior \u00abconca\u00bb. Fabricada en acr\u00edlico sanitario de color blanco brillante por todos los lados, lo que permite instalar la ba\u00f1era en el centro de la habitaci\u00f3n. Los grifos y la grifer\u00eda no est\u00e1n incluidos, pero ofrecemos una selecci\u00f3n de 4 modelos de grifos mezcladores de columna.<\/p>\n","protected":false},"featured_media":67057,"comment_status":"open","ping_status":"closed","template":"","meta":[],"product_brand":[9953],"product_cat":[15],"product_tag":[],"class_list":{"0":"post-83647","1":"product","2":"type-product","3":"status-publish","4":"has-post-thumbnail","6":"product_brand-importforme-es","7":"product_cat-senza-categoria","9":"first","10":"outofstock","11":"taxable","12":"shipping-taxable","13":"purchasable","14":"product-type-simple"},"exclude_global_add_ons":false,"addons":[{"name":"CAMPI_MISCELATORE\r\n","type":"select","position":0,"required":true,"title_format":"label","default":"","description_enable":false,"description":"","placeholder_enable":false,"placeholder":"","display":"select","restrictions_type":"any_text","adjust_price":false,"price":"","price_type":"","restrictions":false,"min":"0","max":"0","options":[]}],"yoast_head":"<!-- This site is optimized with the Yoast SEO plugin v26.7 - https:\/\/yoast.com\/wordpress\/plugins\/seo\/ -->\n<title>Ba\u00f1era exenta 170x80 cm forma ovalada centro blanco brillante VS145<\/title>\n<meta name=\"description\" content=\"Ba\u00f1era de caracter\u00edstica forma ovalada, con borde superior &#034;conca&#034;. Fabricada en acr\u00edlico sanitario de color blanco brillante por todos los lados, lo que permite instalar la ba\u00f1era en el centro de la habitaci\u00f3n. Los grifos y la grifer\u00eda no est\u00e1n incluidos, pero ofrecemos una selecci\u00f3n de 4 modelos de grifos mezcladores de columna.\" \/>\n<meta name=\"robots\" content=\"index, follow, max-snippet:-1, max-image-preview:large, max-video-preview:-1\" \/>\n<link rel=\"canonical\" href=\"https:\/\/www.bagnoitalia.com\/es\/producto\/freestanding-bathtub-170x80-cm-oval-shape-glossy-white-centre-vs145-2.html\" \/>\n<meta property=\"og:locale\" content=\"es_ES\" \/>\n<meta property=\"og:type\" content=\"article\" \/>\n<meta property=\"og:title\" content=\"Ba\u00f1era exenta 170x80 cm forma ovalada centro blanco brillante VS145\" \/>\n<meta property=\"og:description\" content=\"Ba\u00f1era de caracter\u00edstica forma ovalada, con borde superior &#034;conca&#034;. Fabricada en acr\u00edlico sanitario de color blanco brillante por todos los lados, lo que permite instalar la ba\u00f1era en el centro de la habitaci\u00f3n. Los grifos y la grifer\u00eda no est\u00e1n incluidos, pero ofrecemos una selecci\u00f3n de 4 modelos de grifos mezcladores de columna.\" \/>\n<meta property=\"og:url\" content=\"https:\/\/www.bagnoitalia.com\/es\/producto\/freestanding-bathtub-170x80-cm-oval-shape-glossy-white-centre-vs145-2.html\" \/>\n<meta property=\"og:site_name\" content=\"Bagno Italia\" \/>\n<meta property=\"og:image\" content=\"https:\/\/img.bagnoitalia.com\/wp-content\/uploads\/virtuemart\/product\/vasca-da-bagno-freestanding-arrotondata-170x80-cm-1.jpg\" \/>\n\t<meta property=\"og:image:width\" content=\"550\" \/>\n\t<meta property=\"og:image:height\" content=\"550\" \/>\n\t<meta property=\"og:image:type\" content=\"image\/jpeg\" \/>\n<meta name=\"twitter:card\" content=\"summary_large_image\" \/>\n<script type=\"application\/ld+json\" class=\"yoast-schema-graph\">{\"@context\":\"https:\/\/schema.org\",\"@graph\":[{\"@type\":\"WebPage\",\"@id\":\"https:\/\/www.bagnoitalia.com\/es\/producto\/freestanding-bathtub-170x80-cm-oval-shape-glossy-white-centre-vs145-2.html\",\"url\":\"https:\/\/www.bagnoitalia.com\/es\/producto\/freestanding-bathtub-170x80-cm-oval-shape-glossy-white-centre-vs145-2.html\",\"name\":\"Ba\u00f1era exenta 170x80 cm forma ovalada centro blanco brillante VS145\",\"isPartOf\":{\"@id\":\"https:\/\/www.bagnoitalia.com\/es#website\"},\"primaryImageOfPage\":{\"@id\":\"https:\/\/www.bagnoitalia.com\/es\/producto\/freestanding-bathtub-170x80-cm-oval-shape-glossy-white-centre-vs145-2.html#primaryimage\"},\"image\":{\"@id\":\"https:\/\/www.bagnoitalia.com\/es\/producto\/freestanding-bathtub-170x80-cm-oval-shape-glossy-white-centre-vs145-2.html#primaryimage\"},\"thumbnailUrl\":\"https:\/\/img.bagnoitalia.com\/wp-content\/uploads\/virtuemart\/product\/vasca-da-bagno-freestanding-arrotondata-170x80-cm-1.jpg\",\"datePublished\":\"2023-12-15T15:18:36+00:00\",\"description\":\"Ba\u00f1era de caracter\u00edstica forma ovalada, con borde superior &#34;conca&#34;. Fabricada en acr\u00edlico sanitario de color blanco brillante por todos los lados, lo que permite instalar la ba\u00f1era en el centro de la habitaci\u00f3n. Los grifos y la grifer\u00eda no est\u00e1n incluidos, pero ofrecemos una selecci\u00f3n de 4 modelos de grifos mezcladores de columna.\",\"breadcrumb\":{\"@id\":\"https:\/\/www.bagnoitalia.com\/es\/producto\/freestanding-bathtub-170x80-cm-oval-shape-glossy-white-centre-vs145-2.html#breadcrumb\"},\"inLanguage\":\"es\",\"potentialAction\":[{\"@type\":\"ReadAction\",\"target\":[\"https:\/\/www.bagnoitalia.com\/es\/producto\/freestanding-bathtub-170x80-cm-oval-shape-glossy-white-centre-vs145-2.html\"]}]},{\"@type\":\"ImageObject\",\"inLanguage\":\"es\",\"@id\":\"https:\/\/www.bagnoitalia.com\/es\/producto\/freestanding-bathtub-170x80-cm-oval-shape-glossy-white-centre-vs145-2.html#primaryimage\",\"url\":\"https:\/\/img.bagnoitalia.com\/wp-content\/uploads\/virtuemart\/product\/vasca-da-bagno-freestanding-arrotondata-170x80-cm-1.jpg\",\"contentUrl\":\"https:\/\/img.bagnoitalia.com\/wp-content\/uploads\/virtuemart\/product\/vasca-da-bagno-freestanding-arrotondata-170x80-cm-1.jpg\",\"width\":550,\"height\":550},{\"@type\":\"BreadcrumbList\",\"@id\":\"https:\/\/www.bagnoitalia.com\/es\/producto\/freestanding-bathtub-170x80-cm-oval-shape-glossy-white-centre-vs145-2.html#breadcrumb\",\"itemListElement\":[{\"@type\":\"ListItem\",\"position\":1,\"name\":\"Home\",\"item\":\"https:\/\/www.bagnoitalia.com\/es\"},{\"@type\":\"ListItem\",\"position\":2,\"name\":\"Productos\",\"item\":\"https:\/\/www.bagnoitalia.com\/es\/shop\"},{\"@type\":\"ListItem\",\"position\":3,\"name\":\"Ba\u00f1era exenta 170&#215;80 cm forma ovalada centro blanco brillante VS145\"}]},{\"@type\":\"WebSite\",\"@id\":\"https:\/\/www.bagnoitalia.com\/es#website\",\"url\":\"https:\/\/www.bagnoitalia.com\/es\",\"name\":\"Bagno Italia\",\"description\":\"\",\"publisher\":{\"@id\":\"https:\/\/www.bagnoitalia.com\/es#organization\"},\"potentialAction\":[{\"@type\":\"SearchAction\",\"target\":{\"@type\":\"EntryPoint\",\"urlTemplate\":\"https:\/\/www.bagnoitalia.com\/es?s={search_term_string}\"},\"query-input\":{\"@type\":\"PropertyValueSpecification\",\"valueRequired\":true,\"valueName\":\"search_term_string\"}}],\"inLanguage\":\"es\"},{\"@type\":\"Organization\",\"@id\":\"https:\/\/www.bagnoitalia.com\/es#organization\",\"name\":\"Bagno Italia\",\"url\":\"https:\/\/www.bagnoitalia.com\/es\",\"logo\":{\"@type\":\"ImageObject\",\"inLanguage\":\"es\",\"@id\":\"https:\/\/www.bagnoitalia.com\/es#\/schema\/logo\/image\/\",\"url\":\"https:\/\/img.bagnoitalia.com\/wp-content\/uploads\/logo-bagnoitalia.webp\",\"contentUrl\":\"https:\/\/img.bagnoitalia.com\/wp-content\/uploads\/logo-bagnoitalia.webp\",\"width\":400,\"height\":70,\"caption\":\"Bagno Italia\"},\"image\":{\"@id\":\"https:\/\/www.bagnoitalia.com\/es#\/schema\/logo\/image\/\"}}]}<\/script>\n<!-- \/ Yoast SEO plugin. -->","yoast_head_json":{"title":"Ba\u00f1era exenta 170x80 cm forma ovalada centro blanco brillante VS145","description":"Ba\u00f1era de caracter\u00edstica forma ovalada, con borde superior &#34;conca&#34;. Fabricada en acr\u00edlico sanitario de color blanco brillante por todos los lados, lo que permite instalar la ba\u00f1era en el centro de la habitaci\u00f3n. Los grifos y la grifer\u00eda no est\u00e1n incluidos, pero ofrecemos una selecci\u00f3n de 4 modelos de grifos mezcladores de columna.","robots":{"index":"index","follow":"follow","max-snippet":"max-snippet:-1","max-image-preview":"max-image-preview:large","max-video-preview":"max-video-preview:-1"},"canonical":"https:\/\/www.bagnoitalia.com\/es\/producto\/freestanding-bathtub-170x80-cm-oval-shape-glossy-white-centre-vs145-2.html","og_locale":"es_ES","og_type":"article","og_title":"Ba\u00f1era exenta 170x80 cm forma ovalada centro blanco brillante VS145","og_description":"Ba\u00f1era de caracter\u00edstica forma ovalada, con borde superior &#34;conca&#34;. Fabricada en acr\u00edlico sanitario de color blanco brillante por todos los lados, lo que permite instalar la ba\u00f1era en el centro de la habitaci\u00f3n. Los grifos y la grifer\u00eda no est\u00e1n incluidos, pero ofrecemos una selecci\u00f3n de 4 modelos de grifos mezcladores de columna.","og_url":"https:\/\/www.bagnoitalia.com\/es\/producto\/freestanding-bathtub-170x80-cm-oval-shape-glossy-white-centre-vs145-2.html","og_site_name":"Bagno Italia","og_image":[{"width":550,"height":550,"url":"https:\/\/img.bagnoitalia.com\/wp-content\/uploads\/virtuemart\/product\/vasca-da-bagno-freestanding-arrotondata-170x80-cm-1.jpg","type":"image\/jpeg"}],"twitter_card":"summary_large_image","schema":{"@context":"https:\/\/schema.org","@graph":[{"@type":"WebPage","@id":"https:\/\/www.bagnoitalia.com\/es\/producto\/freestanding-bathtub-170x80-cm-oval-shape-glossy-white-centre-vs145-2.html","url":"https:\/\/www.bagnoitalia.com\/es\/producto\/freestanding-bathtub-170x80-cm-oval-shape-glossy-white-centre-vs145-2.html","name":"Ba\u00f1era exenta 170x80 cm forma ovalada centro blanco brillante VS145","isPartOf":{"@id":"https:\/\/www.bagnoitalia.com\/es#website"},"primaryImageOfPage":{"@id":"https:\/\/www.bagnoitalia.com\/es\/producto\/freestanding-bathtub-170x80-cm-oval-shape-glossy-white-centre-vs145-2.html#primaryimage"},"image":{"@id":"https:\/\/www.bagnoitalia.com\/es\/producto\/freestanding-bathtub-170x80-cm-oval-shape-glossy-white-centre-vs145-2.html#primaryimage"},"thumbnailUrl":"https:\/\/img.bagnoitalia.com\/wp-content\/uploads\/virtuemart\/product\/vasca-da-bagno-freestanding-arrotondata-170x80-cm-1.jpg","datePublished":"2023-12-15T15:18:36+00:00","description":"Ba\u00f1era de caracter\u00edstica forma ovalada, con borde superior &#34;conca&#34;. Fabricada en acr\u00edlico sanitario de color blanco brillante por todos los lados, lo que permite instalar la ba\u00f1era en el centro de la habitaci\u00f3n. Los grifos y la grifer\u00eda no est\u00e1n incluidos, pero ofrecemos una selecci\u00f3n de 4 modelos de grifos mezcladores de columna.","breadcrumb":{"@id":"https:\/\/www.bagnoitalia.com\/es\/producto\/freestanding-bathtub-170x80-cm-oval-shape-glossy-white-centre-vs145-2.html#breadcrumb"},"inLanguage":"es","potentialAction":[{"@type":"ReadAction","target":["https:\/\/www.bagnoitalia.com\/es\/producto\/freestanding-bathtub-170x80-cm-oval-shape-glossy-white-centre-vs145-2.html"]}]},{"@type":"ImageObject","inLanguage":"es","@id":"https:\/\/www.bagnoitalia.com\/es\/producto\/freestanding-bathtub-170x80-cm-oval-shape-glossy-white-centre-vs145-2.html#primaryimage","url":"https:\/\/img.bagnoitalia.com\/wp-content\/uploads\/virtuemart\/product\/vasca-da-bagno-freestanding-arrotondata-170x80-cm-1.jpg","contentUrl":"https:\/\/img.bagnoitalia.com\/wp-content\/uploads\/virtuemart\/product\/vasca-da-bagno-freestanding-arrotondata-170x80-cm-1.jpg","width":550,"height":550},{"@type":"BreadcrumbList","@id":"https:\/\/www.bagnoitalia.com\/es\/producto\/freestanding-bathtub-170x80-cm-oval-shape-glossy-white-centre-vs145-2.html#breadcrumb","itemListElement":[{"@type":"ListItem","position":1,"name":"Home","item":"https:\/\/www.bagnoitalia.com\/es"},{"@type":"ListItem","position":2,"name":"Productos","item":"https:\/\/www.bagnoitalia.com\/es\/shop"},{"@type":"ListItem","position":3,"name":"Ba\u00f1era exenta 170&#215;80 cm forma ovalada centro blanco brillante VS145"}]},{"@type":"WebSite","@id":"https:\/\/www.bagnoitalia.com\/es#website","url":"https:\/\/www.bagnoitalia.com\/es","name":"Bagno Italia","description":"","publisher":{"@id":"https:\/\/www.bagnoitalia.com\/es#organization"},"potentialAction":[{"@type":"SearchAction","target":{"@type":"EntryPoint","urlTemplate":"https:\/\/www.bagnoitalia.com\/es?s={search_term_string}"},"query-input":{"@type":"PropertyValueSpecification","valueRequired":true,"valueName":"search_term_string"}}],"inLanguage":"es"},{"@type":"Organization","@id":"https:\/\/www.bagnoitalia.com\/es#organization","name":"Bagno Italia","url":"https:\/\/www.bagnoitalia.com\/es","logo":{"@type":"ImageObject","inLanguage":"es","@id":"https:\/\/www.bagnoitalia.com\/es#\/schema\/logo\/image\/","url":"https:\/\/img.bagnoitalia.com\/wp-content\/uploads\/logo-bagnoitalia.webp","contentUrl":"https:\/\/img.bagnoitalia.com\/wp-content\/uploads\/logo-bagnoitalia.webp","width":400,"height":70,"caption":"Bagno Italia"},"image":{"@id":"https:\/\/www.bagnoitalia.com\/es#\/schema\/logo\/image\/"}}]}},"_links":{"self":[{"href":"https:\/\/www.bagnoitalia.com\/es\/wp-json\/wp\/v2\/product\/83647","targetHints":{"allow":["GET"]}}],"collection":[{"href":"https:\/\/www.bagnoitalia.com\/es\/wp-json\/wp\/v2\/product"}],"about":[{"href":"https:\/\/www.bagnoitalia.com\/es\/wp-json\/wp\/v2\/types\/product"}],"replies":[{"embeddable":true,"href":"https:\/\/www.bagnoitalia.com\/es\/wp-json\/wp\/v2\/comments?post=83647"}],"version-history":[{"count":0,"href":"https:\/\/www.bagnoitalia.com\/es\/wp-json\/wp\/v2\/product\/83647\/revisions"}],"wp:featuredmedia":[{"embeddable":true,"href":"https:\/\/www.bagnoitalia.com\/es\/wp-json\/wp\/v2\/media\/67057"}],"wp:attachment":[{"href":"https:\/\/www.bagnoitalia.com\/es\/wp-json\/wp\/v2\/media?parent=83647"}],"wp:term":[{"taxonomy":"product_brand","embeddable":true,"href":"https:\/\/www.bagnoitalia.com\/es\/wp-json\/wp\/v2\/product_brand?post=83647"},{"taxonomy":"product_cat","embeddable":true,"href":"https:\/\/www.bagnoitalia.com\/es\/wp-json\/wp\/v2\/product_cat?post=83647"},{"taxonomy":"product_tag","embeddable":true,"href":"https:\/\/www.bagnoitalia.com\/es\/wp-json\/wp\/v2\/product_tag?post=83647"}],"curies":[{"name":"wp","href":"https:\/\/api.w.org\/{rel}","templated":true}]}}