{"id":83623,"date":"2023-12-14T16:15:36","date_gmt":"2023-12-14T15:15:36","guid":{"rendered":"https:\/\/www.bagnoitalia.com\/product\/rb173-modern-chrome-washbasin-and-or-bidet-mixer-2"},"modified":"2024-11-06T09:37:23","modified_gmt":"2024-11-06T08:37:23","slug":"rb173-modern-chrome-washbasin-and-or-bidet-mixer-2","status":"publish","type":"product","link":"https:\/\/www.bagnoitalia.com\/es\/producto\/rb173-modern-chrome-washbasin-and-or-bidet-mixer-2.html","title":{"rendered":"RB173 Mezclador moderno cromado para lavabo y\/o bid\u00e9"},"content":{"rendered":"<p>RB173 GRIFO MODERNO PARA LAVABO O BID\u00c9<\/p>\n<p>&nbsp;<\/p>\n<p>&nbsp;<\/p>\n<p>DETALLES DEL PRODUCTO<\/p>\n<p>Moderno mezclador, fabricado en lat\u00f3n<\/p>\n<p>Color cromo<\/p>\n<p>Mezclador monomando<\/p>\n<p>Monomando<\/p>\n<p>En el men\u00fa desplegable puede elegir el tipo que desea comprar:<\/p>\n<p>s\u00f3lo mezclador de lavabo<br \/>\ns\u00f3lo mezclador de bid\u00e9<br \/>\nambos (mezclador de lavabo + mezclador de bid\u00e9)<\/p>\n<p>Desag\u00fce y flexibles incluidos<\/p>\n<p>DIMENSIONES<\/p>\n<p>Mezclador de lavabo 7 x 30 x 18,5 cm<\/p>\n<p>Mezclador de bid\u00e9 7,5 x 18,2 x 29,5 cm<\/p>\n<p>Cartucho \u00f8 35 mm<\/p>\n<p>Desag\u00fce autom\u00e1tico 1 \u00bc<\/p>\n<p>&nbsp;<\/p>\n","protected":false},"excerpt":{"rendered":"<p>Grifer\u00eda de dise\u00f1o moderno y l\u00edneas cuadradas, fabricada en lat\u00f3n cromado. Es posible adquirir el mezclador solo para el lavabo o solo para el bid\u00e9, o para ambos.<\/p>\n","protected":false},"featured_media":66761,"comment_status":"open","ping_status":"closed","template":"","meta":[],"product_brand":[5004],"product_cat":[10041,10053],"product_tag":[],"class_list":{"0":"post-83623","1":"product","2":"type-product","3":"status-publish","4":"has-post-thumbnail","6":"product_brand-vari-produttori","7":"product_cat-griferia-para-bide","8":"product_cat-griferias-de-lavabo","10":"first","11":"instock","12":"sale","13":"taxable","14":"shipping-taxable","15":"purchasable","16":"product-type-simple"},"exclude_global_add_ons":false,"addons":[{"name":"Grifer\u00eda","type":"multiple_choice","position":0,"required":true,"title_format":"heading","default":"","description_enable":false,"description":"","placeholder_enable":false,"placeholder":"","display":"select","restrictions_type":"any_text","adjust_price":false,"price":"","price_type":"flat_fee","restrictions":false,"min":"0","max":"0","options":[{"label":"s\u00f3lo para lavabo","price":"","price_type":"quantity_based","image":0,"visibility":true},{"label":"s\u00f3lo para bid\u00e9","price":"","price_type":"quantity_based","image":0,"visibility":true},{"label":"para lavabo y bid\u00e9","price":"79","price_type":"quantity_based","image":0,"visibility":true}],"id":1716395893}],"yoast_head":"<!-- This site is optimized with the Yoast SEO plugin v26.7 - https:\/\/yoast.com\/wordpress\/plugins\/seo\/ -->\n<title>RB173 Mezclador moderno cromado para lavabo y\/o bid\u00e9<\/title>\n<meta name=\"description\" content=\"Grifer\u00eda de dise\u00f1o moderno y l\u00edneas cuadradas, fabricada en lat\u00f3n cromado. Es posible adquirir el mezclador solo para el lavabo o solo para el bid\u00e9, o para ambos.\" \/>\n<meta name=\"robots\" content=\"index, follow, max-snippet:-1, max-image-preview:large, max-video-preview:-1\" \/>\n<link rel=\"canonical\" href=\"https:\/\/www.bagnoitalia.com\/es\/producto\/rb173-modern-chrome-washbasin-and-or-bidet-mixer-2.html\" \/>\n<meta property=\"og:locale\" content=\"es_ES\" \/>\n<meta property=\"og:type\" content=\"article\" \/>\n<meta property=\"og:title\" content=\"RB173 Mezclador moderno cromado para lavabo y\/o bid\u00e9\" \/>\n<meta property=\"og:description\" content=\"Grifer\u00eda de dise\u00f1o moderno y l\u00edneas cuadradas, fabricada en lat\u00f3n cromado. Es posible adquirir el mezclador solo para el lavabo o solo para el bid\u00e9, o para ambos.\" \/>\n<meta property=\"og:url\" content=\"https:\/\/www.bagnoitalia.com\/es\/producto\/rb173-modern-chrome-washbasin-and-or-bidet-mixer-2.html\" \/>\n<meta property=\"og:site_name\" content=\"Bagno Italia\" \/>\n<meta property=\"article:modified_time\" content=\"2024-11-06T08:37:23+00:00\" \/>\n<meta property=\"og:image\" content=\"https:\/\/img.bagnoitalia.com\/wp-content\/uploads\/virtuemart\/product\/rubinetto-miscelatore-monocomando-lavabo-bidet-1.jpg\" \/>\n\t<meta property=\"og:image:width\" content=\"550\" \/>\n\t<meta property=\"og:image:height\" content=\"550\" \/>\n\t<meta property=\"og:image:type\" content=\"image\/jpeg\" \/>\n<meta name=\"twitter:card\" content=\"summary_large_image\" \/>\n<meta name=\"twitter:label1\" content=\"Tiempo de lectura\" \/>\n\t<meta name=\"twitter:data1\" content=\"1 minuto\" \/>\n<script type=\"application\/ld+json\" class=\"yoast-schema-graph\">{\"@context\":\"https:\/\/schema.org\",\"@graph\":[{\"@type\":\"WebPage\",\"@id\":\"https:\/\/www.bagnoitalia.com\/es\/producto\/rb173-modern-chrome-washbasin-and-or-bidet-mixer-2.html\",\"url\":\"https:\/\/www.bagnoitalia.com\/es\/producto\/rb173-modern-chrome-washbasin-and-or-bidet-mixer-2.html\",\"name\":\"RB173 Mezclador moderno cromado para lavabo y\/o bid\u00e9\",\"isPartOf\":{\"@id\":\"https:\/\/www.bagnoitalia.com\/es#website\"},\"primaryImageOfPage\":{\"@id\":\"https:\/\/www.bagnoitalia.com\/es\/producto\/rb173-modern-chrome-washbasin-and-or-bidet-mixer-2.html#primaryimage\"},\"image\":{\"@id\":\"https:\/\/www.bagnoitalia.com\/es\/producto\/rb173-modern-chrome-washbasin-and-or-bidet-mixer-2.html#primaryimage\"},\"thumbnailUrl\":\"https:\/\/img.bagnoitalia.com\/wp-content\/uploads\/virtuemart\/product\/rubinetto-miscelatore-monocomando-lavabo-bidet-1.jpg\",\"datePublished\":\"2023-12-14T15:15:36+00:00\",\"dateModified\":\"2024-11-06T08:37:23+00:00\",\"description\":\"Grifer\u00eda de dise\u00f1o moderno y l\u00edneas cuadradas, fabricada en lat\u00f3n cromado. Es posible adquirir el mezclador solo para el lavabo o solo para el bid\u00e9, o para ambos.\",\"breadcrumb\":{\"@id\":\"https:\/\/www.bagnoitalia.com\/es\/producto\/rb173-modern-chrome-washbasin-and-or-bidet-mixer-2.html#breadcrumb\"},\"inLanguage\":\"es\",\"potentialAction\":[{\"@type\":\"ReadAction\",\"target\":[\"https:\/\/www.bagnoitalia.com\/es\/producto\/rb173-modern-chrome-washbasin-and-or-bidet-mixer-2.html\"]}]},{\"@type\":\"ImageObject\",\"inLanguage\":\"es\",\"@id\":\"https:\/\/www.bagnoitalia.com\/es\/producto\/rb173-modern-chrome-washbasin-and-or-bidet-mixer-2.html#primaryimage\",\"url\":\"https:\/\/img.bagnoitalia.com\/wp-content\/uploads\/virtuemart\/product\/rubinetto-miscelatore-monocomando-lavabo-bidet-1.jpg\",\"contentUrl\":\"https:\/\/img.bagnoitalia.com\/wp-content\/uploads\/virtuemart\/product\/rubinetto-miscelatore-monocomando-lavabo-bidet-1.jpg\",\"width\":550,\"height\":550},{\"@type\":\"BreadcrumbList\",\"@id\":\"https:\/\/www.bagnoitalia.com\/es\/producto\/rb173-modern-chrome-washbasin-and-or-bidet-mixer-2.html#breadcrumb\",\"itemListElement\":[{\"@type\":\"ListItem\",\"position\":1,\"name\":\"Home\",\"item\":\"https:\/\/www.bagnoitalia.com\/es\"},{\"@type\":\"ListItem\",\"position\":2,\"name\":\"Productos\",\"item\":\"https:\/\/www.bagnoitalia.com\/es\/shop\"},{\"@type\":\"ListItem\",\"position\":3,\"name\":\"RB173 Mezclador moderno cromado para lavabo y\/o bid\u00e9\"}]},{\"@type\":\"WebSite\",\"@id\":\"https:\/\/www.bagnoitalia.com\/es#website\",\"url\":\"https:\/\/www.bagnoitalia.com\/es\",\"name\":\"Bagno Italia\",\"description\":\"\",\"publisher\":{\"@id\":\"https:\/\/www.bagnoitalia.com\/es#organization\"},\"potentialAction\":[{\"@type\":\"SearchAction\",\"target\":{\"@type\":\"EntryPoint\",\"urlTemplate\":\"https:\/\/www.bagnoitalia.com\/es?s={search_term_string}\"},\"query-input\":{\"@type\":\"PropertyValueSpecification\",\"valueRequired\":true,\"valueName\":\"search_term_string\"}}],\"inLanguage\":\"es\"},{\"@type\":\"Organization\",\"@id\":\"https:\/\/www.bagnoitalia.com\/es#organization\",\"name\":\"Bagno Italia\",\"url\":\"https:\/\/www.bagnoitalia.com\/es\",\"logo\":{\"@type\":\"ImageObject\",\"inLanguage\":\"es\",\"@id\":\"https:\/\/www.bagnoitalia.com\/es#\/schema\/logo\/image\/\",\"url\":\"https:\/\/img.bagnoitalia.com\/wp-content\/uploads\/logo-bagnoitalia.webp\",\"contentUrl\":\"https:\/\/img.bagnoitalia.com\/wp-content\/uploads\/logo-bagnoitalia.webp\",\"width\":400,\"height\":70,\"caption\":\"Bagno Italia\"},\"image\":{\"@id\":\"https:\/\/www.bagnoitalia.com\/es#\/schema\/logo\/image\/\"}}]}<\/script>\n<!-- \/ Yoast SEO plugin. -->","yoast_head_json":{"title":"RB173 Mezclador moderno cromado para lavabo y\/o bid\u00e9","description":"Grifer\u00eda de dise\u00f1o moderno y l\u00edneas cuadradas, fabricada en lat\u00f3n cromado. Es posible adquirir el mezclador solo para el lavabo o solo para el bid\u00e9, o para ambos.","robots":{"index":"index","follow":"follow","max-snippet":"max-snippet:-1","max-image-preview":"max-image-preview:large","max-video-preview":"max-video-preview:-1"},"canonical":"https:\/\/www.bagnoitalia.com\/es\/producto\/rb173-modern-chrome-washbasin-and-or-bidet-mixer-2.html","og_locale":"es_ES","og_type":"article","og_title":"RB173 Mezclador moderno cromado para lavabo y\/o bid\u00e9","og_description":"Grifer\u00eda de dise\u00f1o moderno y l\u00edneas cuadradas, fabricada en lat\u00f3n cromado. Es posible adquirir el mezclador solo para el lavabo o solo para el bid\u00e9, o para ambos.","og_url":"https:\/\/www.bagnoitalia.com\/es\/producto\/rb173-modern-chrome-washbasin-and-or-bidet-mixer-2.html","og_site_name":"Bagno Italia","article_modified_time":"2024-11-06T08:37:23+00:00","og_image":[{"width":550,"height":550,"url":"https:\/\/img.bagnoitalia.com\/wp-content\/uploads\/virtuemart\/product\/rubinetto-miscelatore-monocomando-lavabo-bidet-1.jpg","type":"image\/jpeg"}],"twitter_card":"summary_large_image","twitter_misc":{"Tiempo de lectura":"1 minuto"},"schema":{"@context":"https:\/\/schema.org","@graph":[{"@type":"WebPage","@id":"https:\/\/www.bagnoitalia.com\/es\/producto\/rb173-modern-chrome-washbasin-and-or-bidet-mixer-2.html","url":"https:\/\/www.bagnoitalia.com\/es\/producto\/rb173-modern-chrome-washbasin-and-or-bidet-mixer-2.html","name":"RB173 Mezclador moderno cromado para lavabo y\/o bid\u00e9","isPartOf":{"@id":"https:\/\/www.bagnoitalia.com\/es#website"},"primaryImageOfPage":{"@id":"https:\/\/www.bagnoitalia.com\/es\/producto\/rb173-modern-chrome-washbasin-and-or-bidet-mixer-2.html#primaryimage"},"image":{"@id":"https:\/\/www.bagnoitalia.com\/es\/producto\/rb173-modern-chrome-washbasin-and-or-bidet-mixer-2.html#primaryimage"},"thumbnailUrl":"https:\/\/img.bagnoitalia.com\/wp-content\/uploads\/virtuemart\/product\/rubinetto-miscelatore-monocomando-lavabo-bidet-1.jpg","datePublished":"2023-12-14T15:15:36+00:00","dateModified":"2024-11-06T08:37:23+00:00","description":"Grifer\u00eda de dise\u00f1o moderno y l\u00edneas cuadradas, fabricada en lat\u00f3n cromado. Es posible adquirir el mezclador solo para el lavabo o solo para el bid\u00e9, o para ambos.","breadcrumb":{"@id":"https:\/\/www.bagnoitalia.com\/es\/producto\/rb173-modern-chrome-washbasin-and-or-bidet-mixer-2.html#breadcrumb"},"inLanguage":"es","potentialAction":[{"@type":"ReadAction","target":["https:\/\/www.bagnoitalia.com\/es\/producto\/rb173-modern-chrome-washbasin-and-or-bidet-mixer-2.html"]}]},{"@type":"ImageObject","inLanguage":"es","@id":"https:\/\/www.bagnoitalia.com\/es\/producto\/rb173-modern-chrome-washbasin-and-or-bidet-mixer-2.html#primaryimage","url":"https:\/\/img.bagnoitalia.com\/wp-content\/uploads\/virtuemart\/product\/rubinetto-miscelatore-monocomando-lavabo-bidet-1.jpg","contentUrl":"https:\/\/img.bagnoitalia.com\/wp-content\/uploads\/virtuemart\/product\/rubinetto-miscelatore-monocomando-lavabo-bidet-1.jpg","width":550,"height":550},{"@type":"BreadcrumbList","@id":"https:\/\/www.bagnoitalia.com\/es\/producto\/rb173-modern-chrome-washbasin-and-or-bidet-mixer-2.html#breadcrumb","itemListElement":[{"@type":"ListItem","position":1,"name":"Home","item":"https:\/\/www.bagnoitalia.com\/es"},{"@type":"ListItem","position":2,"name":"Productos","item":"https:\/\/www.bagnoitalia.com\/es\/shop"},{"@type":"ListItem","position":3,"name":"RB173 Mezclador moderno cromado para lavabo y\/o bid\u00e9"}]},{"@type":"WebSite","@id":"https:\/\/www.bagnoitalia.com\/es#website","url":"https:\/\/www.bagnoitalia.com\/es","name":"Bagno Italia","description":"","publisher":{"@id":"https:\/\/www.bagnoitalia.com\/es#organization"},"potentialAction":[{"@type":"SearchAction","target":{"@type":"EntryPoint","urlTemplate":"https:\/\/www.bagnoitalia.com\/es?s={search_term_string}"},"query-input":{"@type":"PropertyValueSpecification","valueRequired":true,"valueName":"search_term_string"}}],"inLanguage":"es"},{"@type":"Organization","@id":"https:\/\/www.bagnoitalia.com\/es#organization","name":"Bagno Italia","url":"https:\/\/www.bagnoitalia.com\/es","logo":{"@type":"ImageObject","inLanguage":"es","@id":"https:\/\/www.bagnoitalia.com\/es#\/schema\/logo\/image\/","url":"https:\/\/img.bagnoitalia.com\/wp-content\/uploads\/logo-bagnoitalia.webp","contentUrl":"https:\/\/img.bagnoitalia.com\/wp-content\/uploads\/logo-bagnoitalia.webp","width":400,"height":70,"caption":"Bagno Italia"},"image":{"@id":"https:\/\/www.bagnoitalia.com\/es#\/schema\/logo\/image\/"}}]}},"_links":{"self":[{"href":"https:\/\/www.bagnoitalia.com\/es\/wp-json\/wp\/v2\/product\/83623","targetHints":{"allow":["GET"]}}],"collection":[{"href":"https:\/\/www.bagnoitalia.com\/es\/wp-json\/wp\/v2\/product"}],"about":[{"href":"https:\/\/www.bagnoitalia.com\/es\/wp-json\/wp\/v2\/types\/product"}],"replies":[{"embeddable":true,"href":"https:\/\/www.bagnoitalia.com\/es\/wp-json\/wp\/v2\/comments?post=83623"}],"version-history":[{"count":2,"href":"https:\/\/www.bagnoitalia.com\/es\/wp-json\/wp\/v2\/product\/83623\/revisions"}],"predecessor-version":[{"id":94838,"href":"https:\/\/www.bagnoitalia.com\/es\/wp-json\/wp\/v2\/product\/83623\/revisions\/94838"}],"wp:featuredmedia":[{"embeddable":true,"href":"https:\/\/www.bagnoitalia.com\/es\/wp-json\/wp\/v2\/media\/66761"}],"wp:attachment":[{"href":"https:\/\/www.bagnoitalia.com\/es\/wp-json\/wp\/v2\/media?parent=83623"}],"wp:term":[{"taxonomy":"product_brand","embeddable":true,"href":"https:\/\/www.bagnoitalia.com\/es\/wp-json\/wp\/v2\/product_brand?post=83623"},{"taxonomy":"product_cat","embeddable":true,"href":"https:\/\/www.bagnoitalia.com\/es\/wp-json\/wp\/v2\/product_cat?post=83623"},{"taxonomy":"product_tag","embeddable":true,"href":"https:\/\/www.bagnoitalia.com\/es\/wp-json\/wp\/v2\/product_tag?post=83623"}],"curies":[{"name":"wp","href":"https:\/\/api.w.org\/{rel}","templated":true}]}}