{"id":83555,"date":"2023-09-25T14:19:46","date_gmt":"2023-09-25T12:19:46","guid":{"rendered":"https:\/\/www.bagnoitalia.com\/product\/hinged-shower-door-70-80-90-cm-clear-glass-6-mm-with-antiscale-treatment-pr048-2"},"modified":"2023-09-25T14:19:46","modified_gmt":"2023-09-25T12:19:46","slug":"hinged-shower-door-70-80-90-cm-clear-glass-6-mm-with-antiscale-treatment-pr048-2","status":"publish","type":"product","link":"https:\/\/www.bagnoitalia.com\/es\/producto\/hinged-shower-door-70-80-90-cm-clear-glass-6-mm-with-antiscale-treatment-pr048-2.html","title":{"rendered":"Puerta de ducha abatible 70, 80, 90 cm cristal transparente 6 mm con tratamiento antical PR048"},"content":{"rendered":"<p style=\"text-align: center;\"><span style=\"text-decoration: underline; color: #ff0000; font-size: 18pt;\"><strong>Puerta de ducha abatible antical PR048<\/strong><\/span><\/p>\n<p>&nbsp;<\/p>\n<p>ESPECIFICACIONES DEL PRODUCTO<\/p>\n<p>Puerta de ducha empotrada<\/p>\n<p>Disponible en 3 tama\u00f1os: 70, 80 o 90 cm (seleccione el tama\u00f1o en el men\u00fa desplegable)<\/p>\n<p>Tolerancia: -3 cm<\/p>\n<p>Altura total 195 cm<\/p>\n<p>Puerta abatible hacia el exterior con sistema DOOR-UP (permite mantener la puerta en la posici\u00f3n deseada)<\/p>\n<p>Cierre magn\u00e9tico<\/p>\n<p>Reversible<\/p>\n<p>&nbsp;<\/p>\n<p>DETALLES DEL MATERIAL<\/p>\n<p>Cristal templado transparente, 6mm, con TRATAMIENTO ANTICALCARE<\/p>\n<p>Marco de aluminio cromado<\/p>\n<p>Asa de acero inoxidable<\/p>\n","protected":false},"excerpt":{"rendered":"<p>Puerta de ducha empotrada, apertura hacia el exterior, disponible en 3 medidas. Reversible. Cristal con tratamiento ANTI-CAL. <\/p>\n","protected":false},"featured_media":66073,"comment_status":"open","ping_status":"closed","template":"","meta":[],"product_brand":[],"product_cat":[9829],"product_tag":[],"class_list":{"0":"post-83555","1":"product","2":"type-product","3":"status-publish","4":"has-post-thumbnail","6":"product_cat-puerta-de-ducha-con-puerta-batiente-puertas-de-ducha","8":"first","9":"instock","10":"sale","11":"taxable","12":"shipping-taxable","13":"purchasable","14":"product-type-simple"},"exclude_global_add_ons":false,"addons":[{"name":"CAMPI_DIMENSIONI\r\n","type":"select","position":0,"required":true,"title_format":"label","default":"","description_enable":false,"description":"","placeholder_enable":false,"placeholder":"","display":"select","restrictions_type":"any_text","adjust_price":false,"price":"","price_type":"","restrictions":false,"min":"0","max":"0","options":[]}],"yoast_head":"<!-- This site is optimized with the Yoast SEO plugin v26.7 - https:\/\/yoast.com\/wordpress\/plugins\/seo\/ -->\n<title>Puerta de ducha abatible 70, 80, 90 cm cristal transparente 6 mm con tratamiento antical PR048<\/title>\n<meta name=\"description\" content=\"Puerta de ducha empotrada, apertura hacia el exterior, disponible en 3 medidas. Reversible. Cristal con tratamiento ANTI-CAL.\" \/>\n<meta name=\"robots\" content=\"index, follow, max-snippet:-1, max-image-preview:large, max-video-preview:-1\" \/>\n<link rel=\"canonical\" href=\"https:\/\/www.bagnoitalia.com\/es\/producto\/hinged-shower-door-70-80-90-cm-clear-glass-6-mm-with-antiscale-treatment-pr048-2.html\" \/>\n<meta property=\"og:locale\" content=\"es_ES\" \/>\n<meta property=\"og:type\" content=\"article\" \/>\n<meta property=\"og:title\" content=\"Puerta de ducha abatible 70, 80, 90 cm cristal transparente 6 mm con tratamiento antical PR048\" \/>\n<meta property=\"og:description\" content=\"Puerta de ducha empotrada, apertura hacia el exterior, disponible en 3 medidas. Reversible. Cristal con tratamiento ANTI-CAL.\" \/>\n<meta property=\"og:url\" content=\"https:\/\/www.bagnoitalia.com\/es\/producto\/hinged-shower-door-70-80-90-cm-clear-glass-6-mm-with-antiscale-treatment-pr048-2.html\" \/>\n<meta property=\"og:site_name\" content=\"Bagno Italia\" \/>\n<meta property=\"og:image\" content=\"https:\/\/img.bagnoitalia.com\/wp-content\/uploads\/virtuemart\/product\/shower-shower-rack-6mm-anticalcare-transparent-1.jpg\" \/>\n\t<meta property=\"og:image:width\" content=\"550\" \/>\n\t<meta property=\"og:image:height\" content=\"550\" \/>\n\t<meta property=\"og:image:type\" content=\"image\/jpeg\" \/>\n<meta name=\"twitter:card\" content=\"summary_large_image\" \/>\n<script type=\"application\/ld+json\" class=\"yoast-schema-graph\">{\"@context\":\"https:\/\/schema.org\",\"@graph\":[{\"@type\":\"WebPage\",\"@id\":\"https:\/\/www.bagnoitalia.com\/es\/producto\/hinged-shower-door-70-80-90-cm-clear-glass-6-mm-with-antiscale-treatment-pr048-2.html\",\"url\":\"https:\/\/www.bagnoitalia.com\/es\/producto\/hinged-shower-door-70-80-90-cm-clear-glass-6-mm-with-antiscale-treatment-pr048-2.html\",\"name\":\"Puerta de ducha abatible 70, 80, 90 cm cristal transparente 6 mm con tratamiento antical PR048\",\"isPartOf\":{\"@id\":\"https:\/\/www.bagnoitalia.com\/es#website\"},\"primaryImageOfPage\":{\"@id\":\"https:\/\/www.bagnoitalia.com\/es\/producto\/hinged-shower-door-70-80-90-cm-clear-glass-6-mm-with-antiscale-treatment-pr048-2.html#primaryimage\"},\"image\":{\"@id\":\"https:\/\/www.bagnoitalia.com\/es\/producto\/hinged-shower-door-70-80-90-cm-clear-glass-6-mm-with-antiscale-treatment-pr048-2.html#primaryimage\"},\"thumbnailUrl\":\"https:\/\/img.bagnoitalia.com\/wp-content\/uploads\/virtuemart\/product\/shower-shower-rack-6mm-anticalcare-transparent-1.jpg\",\"datePublished\":\"2023-09-25T12:19:46+00:00\",\"description\":\"Puerta de ducha empotrada, apertura hacia el exterior, disponible en 3 medidas. Reversible. Cristal con tratamiento ANTI-CAL.\",\"breadcrumb\":{\"@id\":\"https:\/\/www.bagnoitalia.com\/es\/producto\/hinged-shower-door-70-80-90-cm-clear-glass-6-mm-with-antiscale-treatment-pr048-2.html#breadcrumb\"},\"inLanguage\":\"es\",\"potentialAction\":[{\"@type\":\"ReadAction\",\"target\":[\"https:\/\/www.bagnoitalia.com\/es\/producto\/hinged-shower-door-70-80-90-cm-clear-glass-6-mm-with-antiscale-treatment-pr048-2.html\"]}]},{\"@type\":\"ImageObject\",\"inLanguage\":\"es\",\"@id\":\"https:\/\/www.bagnoitalia.com\/es\/producto\/hinged-shower-door-70-80-90-cm-clear-glass-6-mm-with-antiscale-treatment-pr048-2.html#primaryimage\",\"url\":\"https:\/\/img.bagnoitalia.com\/wp-content\/uploads\/virtuemart\/product\/shower-shower-rack-6mm-anticalcare-transparent-1.jpg\",\"contentUrl\":\"https:\/\/img.bagnoitalia.com\/wp-content\/uploads\/virtuemart\/product\/shower-shower-rack-6mm-anticalcare-transparent-1.jpg\",\"width\":550,\"height\":550},{\"@type\":\"BreadcrumbList\",\"@id\":\"https:\/\/www.bagnoitalia.com\/es\/producto\/hinged-shower-door-70-80-90-cm-clear-glass-6-mm-with-antiscale-treatment-pr048-2.html#breadcrumb\",\"itemListElement\":[{\"@type\":\"ListItem\",\"position\":1,\"name\":\"Home\",\"item\":\"https:\/\/www.bagnoitalia.com\/es\"},{\"@type\":\"ListItem\",\"position\":2,\"name\":\"Productos\",\"item\":\"https:\/\/www.bagnoitalia.com\/es\/shop\"},{\"@type\":\"ListItem\",\"position\":3,\"name\":\"Puerta de ducha abatible 70, 80, 90 cm cristal transparente 6 mm con tratamiento antical PR048\"}]},{\"@type\":\"WebSite\",\"@id\":\"https:\/\/www.bagnoitalia.com\/es#website\",\"url\":\"https:\/\/www.bagnoitalia.com\/es\",\"name\":\"Bagno Italia\",\"description\":\"\",\"publisher\":{\"@id\":\"https:\/\/www.bagnoitalia.com\/es#organization\"},\"potentialAction\":[{\"@type\":\"SearchAction\",\"target\":{\"@type\":\"EntryPoint\",\"urlTemplate\":\"https:\/\/www.bagnoitalia.com\/es?s={search_term_string}\"},\"query-input\":{\"@type\":\"PropertyValueSpecification\",\"valueRequired\":true,\"valueName\":\"search_term_string\"}}],\"inLanguage\":\"es\"},{\"@type\":\"Organization\",\"@id\":\"https:\/\/www.bagnoitalia.com\/es#organization\",\"name\":\"Bagno Italia\",\"url\":\"https:\/\/www.bagnoitalia.com\/es\",\"logo\":{\"@type\":\"ImageObject\",\"inLanguage\":\"es\",\"@id\":\"https:\/\/www.bagnoitalia.com\/es#\/schema\/logo\/image\/\",\"url\":\"https:\/\/img.bagnoitalia.com\/wp-content\/uploads\/logo-bagnoitalia.webp\",\"contentUrl\":\"https:\/\/img.bagnoitalia.com\/wp-content\/uploads\/logo-bagnoitalia.webp\",\"width\":400,\"height\":70,\"caption\":\"Bagno Italia\"},\"image\":{\"@id\":\"https:\/\/www.bagnoitalia.com\/es#\/schema\/logo\/image\/\"}}]}<\/script>\n<!-- \/ Yoast SEO plugin. -->","yoast_head_json":{"title":"Puerta de ducha abatible 70, 80, 90 cm cristal transparente 6 mm con tratamiento antical PR048","description":"Puerta de ducha empotrada, apertura hacia el exterior, disponible en 3 medidas. Reversible. Cristal con tratamiento ANTI-CAL.","robots":{"index":"index","follow":"follow","max-snippet":"max-snippet:-1","max-image-preview":"max-image-preview:large","max-video-preview":"max-video-preview:-1"},"canonical":"https:\/\/www.bagnoitalia.com\/es\/producto\/hinged-shower-door-70-80-90-cm-clear-glass-6-mm-with-antiscale-treatment-pr048-2.html","og_locale":"es_ES","og_type":"article","og_title":"Puerta de ducha abatible 70, 80, 90 cm cristal transparente 6 mm con tratamiento antical PR048","og_description":"Puerta de ducha empotrada, apertura hacia el exterior, disponible en 3 medidas. Reversible. Cristal con tratamiento ANTI-CAL.","og_url":"https:\/\/www.bagnoitalia.com\/es\/producto\/hinged-shower-door-70-80-90-cm-clear-glass-6-mm-with-antiscale-treatment-pr048-2.html","og_site_name":"Bagno Italia","og_image":[{"width":550,"height":550,"url":"https:\/\/img.bagnoitalia.com\/wp-content\/uploads\/virtuemart\/product\/shower-shower-rack-6mm-anticalcare-transparent-1.jpg","type":"image\/jpeg"}],"twitter_card":"summary_large_image","schema":{"@context":"https:\/\/schema.org","@graph":[{"@type":"WebPage","@id":"https:\/\/www.bagnoitalia.com\/es\/producto\/hinged-shower-door-70-80-90-cm-clear-glass-6-mm-with-antiscale-treatment-pr048-2.html","url":"https:\/\/www.bagnoitalia.com\/es\/producto\/hinged-shower-door-70-80-90-cm-clear-glass-6-mm-with-antiscale-treatment-pr048-2.html","name":"Puerta de ducha abatible 70, 80, 90 cm cristal transparente 6 mm con tratamiento antical PR048","isPartOf":{"@id":"https:\/\/www.bagnoitalia.com\/es#website"},"primaryImageOfPage":{"@id":"https:\/\/www.bagnoitalia.com\/es\/producto\/hinged-shower-door-70-80-90-cm-clear-glass-6-mm-with-antiscale-treatment-pr048-2.html#primaryimage"},"image":{"@id":"https:\/\/www.bagnoitalia.com\/es\/producto\/hinged-shower-door-70-80-90-cm-clear-glass-6-mm-with-antiscale-treatment-pr048-2.html#primaryimage"},"thumbnailUrl":"https:\/\/img.bagnoitalia.com\/wp-content\/uploads\/virtuemart\/product\/shower-shower-rack-6mm-anticalcare-transparent-1.jpg","datePublished":"2023-09-25T12:19:46+00:00","description":"Puerta de ducha empotrada, apertura hacia el exterior, disponible en 3 medidas. Reversible. Cristal con tratamiento ANTI-CAL.","breadcrumb":{"@id":"https:\/\/www.bagnoitalia.com\/es\/producto\/hinged-shower-door-70-80-90-cm-clear-glass-6-mm-with-antiscale-treatment-pr048-2.html#breadcrumb"},"inLanguage":"es","potentialAction":[{"@type":"ReadAction","target":["https:\/\/www.bagnoitalia.com\/es\/producto\/hinged-shower-door-70-80-90-cm-clear-glass-6-mm-with-antiscale-treatment-pr048-2.html"]}]},{"@type":"ImageObject","inLanguage":"es","@id":"https:\/\/www.bagnoitalia.com\/es\/producto\/hinged-shower-door-70-80-90-cm-clear-glass-6-mm-with-antiscale-treatment-pr048-2.html#primaryimage","url":"https:\/\/img.bagnoitalia.com\/wp-content\/uploads\/virtuemart\/product\/shower-shower-rack-6mm-anticalcare-transparent-1.jpg","contentUrl":"https:\/\/img.bagnoitalia.com\/wp-content\/uploads\/virtuemart\/product\/shower-shower-rack-6mm-anticalcare-transparent-1.jpg","width":550,"height":550},{"@type":"BreadcrumbList","@id":"https:\/\/www.bagnoitalia.com\/es\/producto\/hinged-shower-door-70-80-90-cm-clear-glass-6-mm-with-antiscale-treatment-pr048-2.html#breadcrumb","itemListElement":[{"@type":"ListItem","position":1,"name":"Home","item":"https:\/\/www.bagnoitalia.com\/es"},{"@type":"ListItem","position":2,"name":"Productos","item":"https:\/\/www.bagnoitalia.com\/es\/shop"},{"@type":"ListItem","position":3,"name":"Puerta de ducha abatible 70, 80, 90 cm cristal transparente 6 mm con tratamiento antical PR048"}]},{"@type":"WebSite","@id":"https:\/\/www.bagnoitalia.com\/es#website","url":"https:\/\/www.bagnoitalia.com\/es","name":"Bagno Italia","description":"","publisher":{"@id":"https:\/\/www.bagnoitalia.com\/es#organization"},"potentialAction":[{"@type":"SearchAction","target":{"@type":"EntryPoint","urlTemplate":"https:\/\/www.bagnoitalia.com\/es?s={search_term_string}"},"query-input":{"@type":"PropertyValueSpecification","valueRequired":true,"valueName":"search_term_string"}}],"inLanguage":"es"},{"@type":"Organization","@id":"https:\/\/www.bagnoitalia.com\/es#organization","name":"Bagno Italia","url":"https:\/\/www.bagnoitalia.com\/es","logo":{"@type":"ImageObject","inLanguage":"es","@id":"https:\/\/www.bagnoitalia.com\/es#\/schema\/logo\/image\/","url":"https:\/\/img.bagnoitalia.com\/wp-content\/uploads\/logo-bagnoitalia.webp","contentUrl":"https:\/\/img.bagnoitalia.com\/wp-content\/uploads\/logo-bagnoitalia.webp","width":400,"height":70,"caption":"Bagno Italia"},"image":{"@id":"https:\/\/www.bagnoitalia.com\/es#\/schema\/logo\/image\/"}}]}},"_links":{"self":[{"href":"https:\/\/www.bagnoitalia.com\/es\/wp-json\/wp\/v2\/product\/83555","targetHints":{"allow":["GET"]}}],"collection":[{"href":"https:\/\/www.bagnoitalia.com\/es\/wp-json\/wp\/v2\/product"}],"about":[{"href":"https:\/\/www.bagnoitalia.com\/es\/wp-json\/wp\/v2\/types\/product"}],"replies":[{"embeddable":true,"href":"https:\/\/www.bagnoitalia.com\/es\/wp-json\/wp\/v2\/comments?post=83555"}],"version-history":[{"count":0,"href":"https:\/\/www.bagnoitalia.com\/es\/wp-json\/wp\/v2\/product\/83555\/revisions"}],"wp:featuredmedia":[{"embeddable":true,"href":"https:\/\/www.bagnoitalia.com\/es\/wp-json\/wp\/v2\/media\/66073"}],"wp:attachment":[{"href":"https:\/\/www.bagnoitalia.com\/es\/wp-json\/wp\/v2\/media?parent=83555"}],"wp:term":[{"taxonomy":"product_brand","embeddable":true,"href":"https:\/\/www.bagnoitalia.com\/es\/wp-json\/wp\/v2\/product_brand?post=83555"},{"taxonomy":"product_cat","embeddable":true,"href":"https:\/\/www.bagnoitalia.com\/es\/wp-json\/wp\/v2\/product_cat?post=83555"},{"taxonomy":"product_tag","embeddable":true,"href":"https:\/\/www.bagnoitalia.com\/es\/wp-json\/wp\/v2\/product_tag?post=83555"}],"curies":[{"name":"wp","href":"https:\/\/api.w.org\/{rel}","templated":true}]}}