{"id":83519,"date":"2023-09-21T12:49:50","date_gmt":"2023-09-21T10:49:50","guid":{"rendered":"https:\/\/www.bagnoitalia.com\/product\/corner-shower-enclosure-with-6-mm-matt-glass-sliding-door-in-various-sizes-box078-2"},"modified":"2024-06-18T14:25:53","modified_gmt":"2024-06-18T12:25:53","slug":"corner-shower-enclosure-with-6-mm-matt-glass-sliding-door-in-various-sizes-box078-2","status":"publish","type":"product","link":"https:\/\/www.bagnoitalia.com\/es\/producto\/corner-shower-enclosure-with-6-mm-matt-glass-sliding-door-in-various-sizes-box078-2.html","title":{"rendered":"Cabina de ducha rinconera con puerta corredera de cristal mate de 6 mm en varias medidas BOX078"},"content":{"rendered":"<p style=\"text-align: center;\"><span style=\"text-decoration: underline; color: #ff0000; font-size: 18pt;\"><strong>MAMPARA DE DUCHA MATE BOX078<\/strong><\/span><\/p>\n<p>&nbsp;<\/p>\n<p>DETALLES DEL PRODUCTO<\/p>\n<p>Cabina de ducha esquinera disponible en varios tama\u00f1os (Seleccione el tama\u00f1o en el men\u00fa de arriba)<\/p>\n<p>Puerta fija desde: 70 cm o 80 cm<\/p>\n<p>Puerta corredera desde: 100 cm,110 cm,120 cm,140 cm,170 cm<\/p>\n<p>Reversible<\/p>\n<p>Altura del producto: 195 cm<\/p>\n<p>Cristal templado mate de 6 mm, liso por dentro y por fuera<\/p>\n<p>Puerta con cierre magn\u00e9tico<\/p>\n<p>Tirador de acero inoxidable<\/p>\n<p>Marco cromado<\/p>\n<p>&nbsp;<\/p>\n<p>ATENCI\u00d3N: para los tama\u00f1os 70&#215;170 cm y 80&#215;180 cm el lado de la puerta consta de dos puertas correderas con apertura central<\/p>\n<p><img fetchpriority=\"high\" decoding=\"async\" class=\" size-full wp-image-65797\" src=\"https:\/\/img.bagnoitalia.com\/wp-content\/uploads\/box-doccia-angolare-vetro-opaco-porta-scorrevole-7.jpg\" alt=\"\" width=\"550\" height=\"550\" srcset=\"https:\/\/img.bagnoitalia.com\/wp-content\/uploads\/box-doccia-angolare-vetro-opaco-porta-scorrevole-7.jpg 550w, https:\/\/img.bagnoitalia.com\/wp-content\/uploads\/box-doccia-angolare-vetro-opaco-porta-scorrevole-7-441x441.jpg 441w, https:\/\/img.bagnoitalia.com\/wp-content\/uploads\/box-doccia-angolare-vetro-opaco-porta-scorrevole-7-100x100.jpg 100w, https:\/\/img.bagnoitalia.com\/wp-content\/uploads\/box-doccia-angolare-vetro-opaco-porta-scorrevole-7-150x150.jpg 150w\" sizes=\"(max-width: 550px) 100vw, 550px\" \/><\/p>\n","protected":false},"excerpt":{"rendered":"<p>Cabina de ducha de 195 cm de altura, compuesta por una puerta fija (70 u 80 cm) y una puerta corredera (100,110,120,140,170 cm), reversible. Cristal satinado de 6 mm y marco cromado.<\/p>\n","protected":false},"featured_media":65765,"comment_status":"open","ping_status":"closed","template":"","meta":[],"product_brand":[5004],"product_cat":[9809],"product_tag":[],"class_list":{"0":"post-83519","1":"product","2":"type-product","3":"status-publish","4":"has-post-thumbnail","6":"product_brand-vari-produttori","7":"product_cat-cabina-de-ducha-de-esquina-cabina-de-ducha","9":"first","10":"instock","11":"sale","12":"taxable","13":"shipping-taxable","14":"purchasable","15":"product-type-simple"},"exclude_global_add_ons":false,"addons":[{"name":"dimensiones","type":"multiple_choice","position":0,"required":true,"title_format":"heading","default":"","description_enable":false,"description":"","placeholder_enable":false,"placeholder":"","display":"select","restrictions_type":"any_text","adjust_price":false,"price":"","price_type":"flat_fee","restrictions":false,"min":"0","max":"0","options":[{"label":"70x100 cm","price":"","price_type":"quantity_based","image":0,"visibility":true},{"label":"70x110 cm","price":"10","price_type":"quantity_based","image":0,"visibility":true},{"label":"70x120 cm","price":"20","price_type":"quantity_based","image":0,"visibility":true},{"label":"70x140 cm","price":"30","price_type":"quantity_based","image":0,"visibility":true},{"label":"70x170 cm (entrada central)","price":"40","price_type":"quantity_based","image":0,"visibility":true},{"label":"80x100 cm","price":"10","price_type":"quantity_based","image":0,"visibility":true},{"label":"80x110 cm","price":"20","price_type":"quantity_based","image":0,"visibility":true},{"label":"80x120 cm","price":"30","price_type":"quantity_based","image":0,"visibility":true},{"label":"80x140 cm","price":"40","price_type":"quantity_based","image":0,"visibility":true},{"label":"80x170 cm (entrada central)","price":"50","price_type":"quantity_based","image":0,"visibility":true}],"id":1718720754}],"yoast_head":"<!-- This site is optimized with the Yoast SEO plugin v26.7 - https:\/\/yoast.com\/wordpress\/plugins\/seo\/ -->\n<title>Cabina de ducha rinconera con puerta corredera de cristal mate de 6 mm en varias medidas BOX078<\/title>\n<meta name=\"description\" content=\"Cabina de ducha de 195 cm de altura, compuesta por una puerta fija (70 u 80 cm) y una puerta corredera (100,110,120,140,170 cm), reversible. Cristal satinado de 6 mm y marco cromado.\" \/>\n<meta name=\"robots\" content=\"index, follow, max-snippet:-1, max-image-preview:large, max-video-preview:-1\" \/>\n<link rel=\"canonical\" href=\"https:\/\/www.bagnoitalia.com\/es\/producto\/corner-shower-enclosure-with-6-mm-matt-glass-sliding-door-in-various-sizes-box078-2.html\" \/>\n<meta property=\"og:locale\" content=\"es_ES\" \/>\n<meta property=\"og:type\" content=\"article\" \/>\n<meta property=\"og:title\" content=\"Cabina de ducha rinconera con puerta corredera de cristal mate de 6 mm en varias medidas BOX078\" \/>\n<meta property=\"og:description\" content=\"Cabina de ducha de 195 cm de altura, compuesta por una puerta fija (70 u 80 cm) y una puerta corredera (100,110,120,140,170 cm), reversible. Cristal satinado de 6 mm y marco cromado.\" \/>\n<meta property=\"og:url\" content=\"https:\/\/www.bagnoitalia.com\/es\/producto\/corner-shower-enclosure-with-6-mm-matt-glass-sliding-door-in-various-sizes-box078-2.html\" \/>\n<meta property=\"og:site_name\" content=\"Bagno Italia\" \/>\n<meta property=\"article:modified_time\" content=\"2024-06-18T12:25:53+00:00\" \/>\n<meta property=\"og:image\" content=\"https:\/\/img.bagnoitalia.com\/wp-content\/uploads\/virtuemart\/product\/shower-box-angular-glass-matt-door-slide-1.jpg\" \/>\n\t<meta property=\"og:image:width\" content=\"550\" \/>\n\t<meta property=\"og:image:height\" content=\"550\" \/>\n\t<meta property=\"og:image:type\" content=\"image\/jpeg\" \/>\n<meta name=\"twitter:card\" content=\"summary_large_image\" \/>\n<meta name=\"twitter:label1\" content=\"Tiempo de lectura\" \/>\n\t<meta name=\"twitter:data1\" content=\"1 minuto\" \/>\n<script type=\"application\/ld+json\" class=\"yoast-schema-graph\">{\"@context\":\"https:\/\/schema.org\",\"@graph\":[{\"@type\":\"WebPage\",\"@id\":\"https:\/\/www.bagnoitalia.com\/es\/producto\/corner-shower-enclosure-with-6-mm-matt-glass-sliding-door-in-various-sizes-box078-2.html\",\"url\":\"https:\/\/www.bagnoitalia.com\/es\/producto\/corner-shower-enclosure-with-6-mm-matt-glass-sliding-door-in-various-sizes-box078-2.html\",\"name\":\"Cabina de ducha rinconera con puerta corredera de cristal mate de 6 mm en varias medidas BOX078\",\"isPartOf\":{\"@id\":\"https:\/\/www.bagnoitalia.com\/es#website\"},\"primaryImageOfPage\":{\"@id\":\"https:\/\/www.bagnoitalia.com\/es\/producto\/corner-shower-enclosure-with-6-mm-matt-glass-sliding-door-in-various-sizes-box078-2.html#primaryimage\"},\"image\":{\"@id\":\"https:\/\/www.bagnoitalia.com\/es\/producto\/corner-shower-enclosure-with-6-mm-matt-glass-sliding-door-in-various-sizes-box078-2.html#primaryimage\"},\"thumbnailUrl\":\"https:\/\/img.bagnoitalia.com\/wp-content\/uploads\/virtuemart\/product\/shower-box-angular-glass-matt-door-slide-1.jpg\",\"datePublished\":\"2023-09-21T10:49:50+00:00\",\"dateModified\":\"2024-06-18T12:25:53+00:00\",\"description\":\"Cabina de ducha de 195 cm de altura, compuesta por una puerta fija (70 u 80 cm) y una puerta corredera (100,110,120,140,170 cm), reversible. Cristal satinado de 6 mm y marco cromado.\",\"breadcrumb\":{\"@id\":\"https:\/\/www.bagnoitalia.com\/es\/producto\/corner-shower-enclosure-with-6-mm-matt-glass-sliding-door-in-various-sizes-box078-2.html#breadcrumb\"},\"inLanguage\":\"es\",\"potentialAction\":[{\"@type\":\"ReadAction\",\"target\":[\"https:\/\/www.bagnoitalia.com\/es\/producto\/corner-shower-enclosure-with-6-mm-matt-glass-sliding-door-in-various-sizes-box078-2.html\"]}]},{\"@type\":\"ImageObject\",\"inLanguage\":\"es\",\"@id\":\"https:\/\/www.bagnoitalia.com\/es\/producto\/corner-shower-enclosure-with-6-mm-matt-glass-sliding-door-in-various-sizes-box078-2.html#primaryimage\",\"url\":\"https:\/\/img.bagnoitalia.com\/wp-content\/uploads\/virtuemart\/product\/shower-box-angular-glass-matt-door-slide-1.jpg\",\"contentUrl\":\"https:\/\/img.bagnoitalia.com\/wp-content\/uploads\/virtuemart\/product\/shower-box-angular-glass-matt-door-slide-1.jpg\",\"width\":550,\"height\":550},{\"@type\":\"BreadcrumbList\",\"@id\":\"https:\/\/www.bagnoitalia.com\/es\/producto\/corner-shower-enclosure-with-6-mm-matt-glass-sliding-door-in-various-sizes-box078-2.html#breadcrumb\",\"itemListElement\":[{\"@type\":\"ListItem\",\"position\":1,\"name\":\"Home\",\"item\":\"https:\/\/www.bagnoitalia.com\/es\"},{\"@type\":\"ListItem\",\"position\":2,\"name\":\"Productos\",\"item\":\"https:\/\/www.bagnoitalia.com\/es\/shop\"},{\"@type\":\"ListItem\",\"position\":3,\"name\":\"Cabina de ducha rinconera con puerta corredera de cristal mate de 6 mm en varias medidas BOX078\"}]},{\"@type\":\"WebSite\",\"@id\":\"https:\/\/www.bagnoitalia.com\/es#website\",\"url\":\"https:\/\/www.bagnoitalia.com\/es\",\"name\":\"Bagno Italia\",\"description\":\"\",\"publisher\":{\"@id\":\"https:\/\/www.bagnoitalia.com\/es#organization\"},\"potentialAction\":[{\"@type\":\"SearchAction\",\"target\":{\"@type\":\"EntryPoint\",\"urlTemplate\":\"https:\/\/www.bagnoitalia.com\/es?s={search_term_string}\"},\"query-input\":{\"@type\":\"PropertyValueSpecification\",\"valueRequired\":true,\"valueName\":\"search_term_string\"}}],\"inLanguage\":\"es\"},{\"@type\":\"Organization\",\"@id\":\"https:\/\/www.bagnoitalia.com\/es#organization\",\"name\":\"Bagno Italia\",\"url\":\"https:\/\/www.bagnoitalia.com\/es\",\"logo\":{\"@type\":\"ImageObject\",\"inLanguage\":\"es\",\"@id\":\"https:\/\/www.bagnoitalia.com\/es#\/schema\/logo\/image\/\",\"url\":\"https:\/\/img.bagnoitalia.com\/wp-content\/uploads\/logo-bagnoitalia.webp\",\"contentUrl\":\"https:\/\/img.bagnoitalia.com\/wp-content\/uploads\/logo-bagnoitalia.webp\",\"width\":400,\"height\":70,\"caption\":\"Bagno Italia\"},\"image\":{\"@id\":\"https:\/\/www.bagnoitalia.com\/es#\/schema\/logo\/image\/\"}}]}<\/script>\n<!-- \/ Yoast SEO plugin. -->","yoast_head_json":{"title":"Cabina de ducha rinconera con puerta corredera de cristal mate de 6 mm en varias medidas BOX078","description":"Cabina de ducha de 195 cm de altura, compuesta por una puerta fija (70 u 80 cm) y una puerta corredera (100,110,120,140,170 cm), reversible. Cristal satinado de 6 mm y marco cromado.","robots":{"index":"index","follow":"follow","max-snippet":"max-snippet:-1","max-image-preview":"max-image-preview:large","max-video-preview":"max-video-preview:-1"},"canonical":"https:\/\/www.bagnoitalia.com\/es\/producto\/corner-shower-enclosure-with-6-mm-matt-glass-sliding-door-in-various-sizes-box078-2.html","og_locale":"es_ES","og_type":"article","og_title":"Cabina de ducha rinconera con puerta corredera de cristal mate de 6 mm en varias medidas BOX078","og_description":"Cabina de ducha de 195 cm de altura, compuesta por una puerta fija (70 u 80 cm) y una puerta corredera (100,110,120,140,170 cm), reversible. Cristal satinado de 6 mm y marco cromado.","og_url":"https:\/\/www.bagnoitalia.com\/es\/producto\/corner-shower-enclosure-with-6-mm-matt-glass-sliding-door-in-various-sizes-box078-2.html","og_site_name":"Bagno Italia","article_modified_time":"2024-06-18T12:25:53+00:00","og_image":[{"width":550,"height":550,"url":"https:\/\/img.bagnoitalia.com\/wp-content\/uploads\/virtuemart\/product\/shower-box-angular-glass-matt-door-slide-1.jpg","type":"image\/jpeg"}],"twitter_card":"summary_large_image","twitter_misc":{"Tiempo de lectura":"1 minuto"},"schema":{"@context":"https:\/\/schema.org","@graph":[{"@type":"WebPage","@id":"https:\/\/www.bagnoitalia.com\/es\/producto\/corner-shower-enclosure-with-6-mm-matt-glass-sliding-door-in-various-sizes-box078-2.html","url":"https:\/\/www.bagnoitalia.com\/es\/producto\/corner-shower-enclosure-with-6-mm-matt-glass-sliding-door-in-various-sizes-box078-2.html","name":"Cabina de ducha rinconera con puerta corredera de cristal mate de 6 mm en varias medidas BOX078","isPartOf":{"@id":"https:\/\/www.bagnoitalia.com\/es#website"},"primaryImageOfPage":{"@id":"https:\/\/www.bagnoitalia.com\/es\/producto\/corner-shower-enclosure-with-6-mm-matt-glass-sliding-door-in-various-sizes-box078-2.html#primaryimage"},"image":{"@id":"https:\/\/www.bagnoitalia.com\/es\/producto\/corner-shower-enclosure-with-6-mm-matt-glass-sliding-door-in-various-sizes-box078-2.html#primaryimage"},"thumbnailUrl":"https:\/\/img.bagnoitalia.com\/wp-content\/uploads\/virtuemart\/product\/shower-box-angular-glass-matt-door-slide-1.jpg","datePublished":"2023-09-21T10:49:50+00:00","dateModified":"2024-06-18T12:25:53+00:00","description":"Cabina de ducha de 195 cm de altura, compuesta por una puerta fija (70 u 80 cm) y una puerta corredera (100,110,120,140,170 cm), reversible. Cristal satinado de 6 mm y marco cromado.","breadcrumb":{"@id":"https:\/\/www.bagnoitalia.com\/es\/producto\/corner-shower-enclosure-with-6-mm-matt-glass-sliding-door-in-various-sizes-box078-2.html#breadcrumb"},"inLanguage":"es","potentialAction":[{"@type":"ReadAction","target":["https:\/\/www.bagnoitalia.com\/es\/producto\/corner-shower-enclosure-with-6-mm-matt-glass-sliding-door-in-various-sizes-box078-2.html"]}]},{"@type":"ImageObject","inLanguage":"es","@id":"https:\/\/www.bagnoitalia.com\/es\/producto\/corner-shower-enclosure-with-6-mm-matt-glass-sliding-door-in-various-sizes-box078-2.html#primaryimage","url":"https:\/\/img.bagnoitalia.com\/wp-content\/uploads\/virtuemart\/product\/shower-box-angular-glass-matt-door-slide-1.jpg","contentUrl":"https:\/\/img.bagnoitalia.com\/wp-content\/uploads\/virtuemart\/product\/shower-box-angular-glass-matt-door-slide-1.jpg","width":550,"height":550},{"@type":"BreadcrumbList","@id":"https:\/\/www.bagnoitalia.com\/es\/producto\/corner-shower-enclosure-with-6-mm-matt-glass-sliding-door-in-various-sizes-box078-2.html#breadcrumb","itemListElement":[{"@type":"ListItem","position":1,"name":"Home","item":"https:\/\/www.bagnoitalia.com\/es"},{"@type":"ListItem","position":2,"name":"Productos","item":"https:\/\/www.bagnoitalia.com\/es\/shop"},{"@type":"ListItem","position":3,"name":"Cabina de ducha rinconera con puerta corredera de cristal mate de 6 mm en varias medidas BOX078"}]},{"@type":"WebSite","@id":"https:\/\/www.bagnoitalia.com\/es#website","url":"https:\/\/www.bagnoitalia.com\/es","name":"Bagno Italia","description":"","publisher":{"@id":"https:\/\/www.bagnoitalia.com\/es#organization"},"potentialAction":[{"@type":"SearchAction","target":{"@type":"EntryPoint","urlTemplate":"https:\/\/www.bagnoitalia.com\/es?s={search_term_string}"},"query-input":{"@type":"PropertyValueSpecification","valueRequired":true,"valueName":"search_term_string"}}],"inLanguage":"es"},{"@type":"Organization","@id":"https:\/\/www.bagnoitalia.com\/es#organization","name":"Bagno Italia","url":"https:\/\/www.bagnoitalia.com\/es","logo":{"@type":"ImageObject","inLanguage":"es","@id":"https:\/\/www.bagnoitalia.com\/es#\/schema\/logo\/image\/","url":"https:\/\/img.bagnoitalia.com\/wp-content\/uploads\/logo-bagnoitalia.webp","contentUrl":"https:\/\/img.bagnoitalia.com\/wp-content\/uploads\/logo-bagnoitalia.webp","width":400,"height":70,"caption":"Bagno Italia"},"image":{"@id":"https:\/\/www.bagnoitalia.com\/es#\/schema\/logo\/image\/"}}]}},"_links":{"self":[{"href":"https:\/\/www.bagnoitalia.com\/es\/wp-json\/wp\/v2\/product\/83519","targetHints":{"allow":["GET"]}}],"collection":[{"href":"https:\/\/www.bagnoitalia.com\/es\/wp-json\/wp\/v2\/product"}],"about":[{"href":"https:\/\/www.bagnoitalia.com\/es\/wp-json\/wp\/v2\/types\/product"}],"replies":[{"embeddable":true,"href":"https:\/\/www.bagnoitalia.com\/es\/wp-json\/wp\/v2\/comments?post=83519"}],"version-history":[{"count":1,"href":"https:\/\/www.bagnoitalia.com\/es\/wp-json\/wp\/v2\/product\/83519\/revisions"}],"predecessor-version":[{"id":90532,"href":"https:\/\/www.bagnoitalia.com\/es\/wp-json\/wp\/v2\/product\/83519\/revisions\/90532"}],"wp:featuredmedia":[{"embeddable":true,"href":"https:\/\/www.bagnoitalia.com\/es\/wp-json\/wp\/v2\/media\/65765"}],"wp:attachment":[{"href":"https:\/\/www.bagnoitalia.com\/es\/wp-json\/wp\/v2\/media?parent=83519"}],"wp:term":[{"taxonomy":"product_brand","embeddable":true,"href":"https:\/\/www.bagnoitalia.com\/es\/wp-json\/wp\/v2\/product_brand?post=83519"},{"taxonomy":"product_cat","embeddable":true,"href":"https:\/\/www.bagnoitalia.com\/es\/wp-json\/wp\/v2\/product_cat?post=83519"},{"taxonomy":"product_tag","embeddable":true,"href":"https:\/\/www.bagnoitalia.com\/es\/wp-json\/wp\/v2\/product_tag?post=83519"}],"curies":[{"name":"wp","href":"https:\/\/api.w.org\/{rel}","templated":true}]}}