{"id":83447,"date":"2023-09-13T15:03:50","date_gmt":"2023-09-13T13:03:50","guid":{"rendered":"https:\/\/www.bagnoitalia.com\/product\/stone-effect-white-shower-tray-80x80-90x90-70x90-cm-semi-circular-reducible-pa036-2"},"modified":"2024-11-18T12:07:32","modified_gmt":"2024-11-18T11:07:32","slug":"stone-effect-white-shower-tray-80x80-90x90-70x90-cm-semi-circular-reducible-pa036-2","status":"publish","type":"product","link":"https:\/\/www.bagnoitalia.com\/es\/producto\/stone-effect-white-shower-tray-80x80-90x90-70x90-cm-semi-circular-reducible-pa036-2.html","title":{"rendered":"Plato de ducha blanco efecto piedra 80&#215;80 90&#215;90 70&#215;90 cm semicircular reducible PA036"},"content":{"rendered":"<p style=\"text-align: center;\"><span style=\"text-decoration: underline; color: #ff0000; font-size: 18pt;\"><strong>Plato de ducha semicircular de m\u00e1rmol mineral PA036<\/strong><\/span><\/p>\n<p>&nbsp;<\/p>\n<p>CARACTER\u00cdSTICAS PRINCIPALES:<\/p>\n<p>Plato de ducha semicircular, disponible en las siguientes medidas:<\/p>\n<p>80&#215;80 cm<br \/>\n90&#215;90 cm<br \/>\n70&#215;90 cm (versi\u00f3n derecha o izquierda)<br \/>\nSeleccione la medida deseada en el men\u00fa desplegable<\/p>\n<p>Reducible (recomendamos hacer un corte de 10 cm como m\u00e1ximo por lado a lo largo; para que el desag\u00fce quede centrado, haga dos cortes de 5 cm como m\u00e1ximo por lado a lo largo)<\/p>\n<p>Radio de curvatura 38<\/p>\n<p>de m\u00e1rmol mineral<\/p>\n<p>color blanco<\/p>\n<p>superficie antideslizante con efecto piedra<\/p>\n<p>tambi\u00e9n se puede instalar a ras de suelo<\/p>\n<p>rejilla de desag\u00fce incluida<\/p>\n<p>desag\u00fce \u00d8 90 mm<\/p>\n<p>&nbsp;<\/p>\n<p>desag\u00fce NO incluido, se puede a\u00f1adir a trav\u00e9s del men\u00fa desplegable<\/p>\n<p>&nbsp;<\/p>\n<p>&nbsp;<\/p>\n<p>&nbsp;<\/p>\n<p>&nbsp;<\/p>\n<p>&nbsp;<\/p>\n<p>&nbsp;<\/p>\n<p>&nbsp;<\/p>\n<p>&nbsp;<\/p>\n<p>Liat<\/p>\n","protected":false},"excerpt":{"rendered":"<p>Plato de ducha semicircular, disponible en 3 tama\u00f1os. Fabricado en m\u00e1rmol mineral blanco efecto piedra.<\/p>\n","protected":false},"featured_media":65301,"comment_status":"open","ping_status":"closed","template":"","meta":[],"product_brand":[9884],"product_cat":[10117],"product_tag":[],"class_list":{"0":"post-83447","1":"product","2":"type-product","3":"status-publish","4":"has-post-thumbnail","6":"product_brand-deghi-es","7":"product_cat-senza-categoria-es","9":"first","10":"outofstock","11":"taxable","12":"shipping-taxable","13":"purchasable","14":"product-type-simple"},"exclude_global_add_ons":false,"addons":[{"name":"dimensiones","type":"multiple_choice","position":0,"required":true,"title_format":"heading","default":"","description_enable":false,"description":"","placeholder_enable":false,"placeholder":"","display":"select","restrictions_type":"any_text","adjust_price":false,"price":"","price_type":"flat_fee","restrictions":false,"min":"0","max":"0","options":[{"label":"80x80 cm","price":"","price_type":"quantity_based","image":0,"visibility":true},{"label":"70x90 cm IZQUIERDA","price":"5","price_type":"quantity_based","image":0,"visibility":true},{"label":"70x90 cm DERECHA","price":"5","price_type":"quantity_based","image":0,"visibility":true},{"label":"90x90 cm","price":"39","price_type":"quantity_based","image":0,"visibility":true}],"id":1718208799},{"name":"accesorios de metal","type":"multiple_choice","position":1,"required":true,"title_format":"heading","default":"","description_enable":false,"description":"","placeholder_enable":false,"placeholder":"","display":"select","restrictions_type":"any_text","adjust_price":false,"price":"","price_type":"flat_fee","restrictions":false,"min":"0","max":"0","options":[{"label":"NO","price":"","price_type":"quantity_based","image":0,"visibility":true},{"label":"con desag\u00fce","price":"35","price_type":"quantity_based","image":0,"visibility":true}],"id":1718208800}],"yoast_head":"<!-- This site is optimized with the Yoast SEO plugin v26.7 - https:\/\/yoast.com\/wordpress\/plugins\/seo\/ -->\n<title>Plato de ducha blanco efecto piedra 80x80 90x90 70x90 cm semicircular reducible PA036<\/title>\n<meta name=\"description\" content=\"Plato de ducha semicircular, disponible en 3 tama\u00f1os. Fabricado en m\u00e1rmol mineral blanco efecto piedra.\" \/>\n<meta name=\"robots\" content=\"index, follow, max-snippet:-1, max-image-preview:large, max-video-preview:-1\" \/>\n<link rel=\"canonical\" href=\"https:\/\/www.bagnoitalia.com\/es\/producto\/stone-effect-white-shower-tray-80x80-90x90-70x90-cm-semi-circular-reducible-pa036-2.html\" \/>\n<meta property=\"og:locale\" content=\"es_ES\" \/>\n<meta property=\"og:type\" content=\"article\" \/>\n<meta property=\"og:title\" content=\"Plato de ducha blanco efecto piedra 80x80 90x90 70x90 cm semicircular reducible PA036\" \/>\n<meta property=\"og:description\" content=\"Plato de ducha semicircular, disponible en 3 tama\u00f1os. Fabricado en m\u00e1rmol mineral blanco efecto piedra.\" \/>\n<meta property=\"og:url\" content=\"https:\/\/www.bagnoitalia.com\/es\/producto\/stone-effect-white-shower-tray-80x80-90x90-70x90-cm-semi-circular-reducible-pa036-2.html\" \/>\n<meta property=\"og:site_name\" content=\"Bagno Italia\" \/>\n<meta property=\"article:modified_time\" content=\"2024-11-18T11:07:32+00:00\" \/>\n<meta property=\"og:image\" content=\"https:\/\/img.bagnoitalia.com\/wp-content\/uploads\/virtuemart\/product\/shower-plate-effect-stone-80x80-90x90-70x90-cm-white-effect-stone-semicircular-1.jpg\" \/>\n\t<meta property=\"og:image:width\" content=\"550\" \/>\n\t<meta property=\"og:image:height\" content=\"550\" \/>\n\t<meta property=\"og:image:type\" content=\"image\/jpeg\" \/>\n<meta name=\"twitter:card\" content=\"summary_large_image\" \/>\n<meta name=\"twitter:label1\" content=\"Tiempo de lectura\" \/>\n\t<meta name=\"twitter:data1\" content=\"1 minuto\" \/>\n<script type=\"application\/ld+json\" class=\"yoast-schema-graph\">{\"@context\":\"https:\/\/schema.org\",\"@graph\":[{\"@type\":\"WebPage\",\"@id\":\"https:\/\/www.bagnoitalia.com\/es\/producto\/stone-effect-white-shower-tray-80x80-90x90-70x90-cm-semi-circular-reducible-pa036-2.html\",\"url\":\"https:\/\/www.bagnoitalia.com\/es\/producto\/stone-effect-white-shower-tray-80x80-90x90-70x90-cm-semi-circular-reducible-pa036-2.html\",\"name\":\"Plato de ducha blanco efecto piedra 80x80 90x90 70x90 cm semicircular reducible PA036\",\"isPartOf\":{\"@id\":\"https:\/\/www.bagnoitalia.com\/es#website\"},\"primaryImageOfPage\":{\"@id\":\"https:\/\/www.bagnoitalia.com\/es\/producto\/stone-effect-white-shower-tray-80x80-90x90-70x90-cm-semi-circular-reducible-pa036-2.html#primaryimage\"},\"image\":{\"@id\":\"https:\/\/www.bagnoitalia.com\/es\/producto\/stone-effect-white-shower-tray-80x80-90x90-70x90-cm-semi-circular-reducible-pa036-2.html#primaryimage\"},\"thumbnailUrl\":\"https:\/\/img.bagnoitalia.com\/wp-content\/uploads\/virtuemart\/product\/shower-plate-effect-stone-80x80-90x90-70x90-cm-white-effect-stone-semicircular-1.jpg\",\"datePublished\":\"2023-09-13T13:03:50+00:00\",\"dateModified\":\"2024-11-18T11:07:32+00:00\",\"description\":\"Plato de ducha semicircular, disponible en 3 tama\u00f1os. Fabricado en m\u00e1rmol mineral blanco efecto piedra.\",\"breadcrumb\":{\"@id\":\"https:\/\/www.bagnoitalia.com\/es\/producto\/stone-effect-white-shower-tray-80x80-90x90-70x90-cm-semi-circular-reducible-pa036-2.html#breadcrumb\"},\"inLanguage\":\"es\",\"potentialAction\":[{\"@type\":\"ReadAction\",\"target\":[\"https:\/\/www.bagnoitalia.com\/es\/producto\/stone-effect-white-shower-tray-80x80-90x90-70x90-cm-semi-circular-reducible-pa036-2.html\"]}]},{\"@type\":\"ImageObject\",\"inLanguage\":\"es\",\"@id\":\"https:\/\/www.bagnoitalia.com\/es\/producto\/stone-effect-white-shower-tray-80x80-90x90-70x90-cm-semi-circular-reducible-pa036-2.html#primaryimage\",\"url\":\"https:\/\/img.bagnoitalia.com\/wp-content\/uploads\/virtuemart\/product\/shower-plate-effect-stone-80x80-90x90-70x90-cm-white-effect-stone-semicircular-1.jpg\",\"contentUrl\":\"https:\/\/img.bagnoitalia.com\/wp-content\/uploads\/virtuemart\/product\/shower-plate-effect-stone-80x80-90x90-70x90-cm-white-effect-stone-semicircular-1.jpg\",\"width\":550,\"height\":550},{\"@type\":\"BreadcrumbList\",\"@id\":\"https:\/\/www.bagnoitalia.com\/es\/producto\/stone-effect-white-shower-tray-80x80-90x90-70x90-cm-semi-circular-reducible-pa036-2.html#breadcrumb\",\"itemListElement\":[{\"@type\":\"ListItem\",\"position\":1,\"name\":\"Home\",\"item\":\"https:\/\/www.bagnoitalia.com\/es\"},{\"@type\":\"ListItem\",\"position\":2,\"name\":\"Productos\",\"item\":\"https:\/\/www.bagnoitalia.com\/es\/shop\"},{\"@type\":\"ListItem\",\"position\":3,\"name\":\"Plato de ducha blanco efecto piedra 80&#215;80 90&#215;90 70&#215;90 cm semicircular reducible PA036\"}]},{\"@type\":\"WebSite\",\"@id\":\"https:\/\/www.bagnoitalia.com\/es#website\",\"url\":\"https:\/\/www.bagnoitalia.com\/es\",\"name\":\"Bagno Italia\",\"description\":\"\",\"publisher\":{\"@id\":\"https:\/\/www.bagnoitalia.com\/es#organization\"},\"potentialAction\":[{\"@type\":\"SearchAction\",\"target\":{\"@type\":\"EntryPoint\",\"urlTemplate\":\"https:\/\/www.bagnoitalia.com\/es?s={search_term_string}\"},\"query-input\":{\"@type\":\"PropertyValueSpecification\",\"valueRequired\":true,\"valueName\":\"search_term_string\"}}],\"inLanguage\":\"es\"},{\"@type\":\"Organization\",\"@id\":\"https:\/\/www.bagnoitalia.com\/es#organization\",\"name\":\"Bagno Italia\",\"url\":\"https:\/\/www.bagnoitalia.com\/es\",\"logo\":{\"@type\":\"ImageObject\",\"inLanguage\":\"es\",\"@id\":\"https:\/\/www.bagnoitalia.com\/es#\/schema\/logo\/image\/\",\"url\":\"https:\/\/img.bagnoitalia.com\/wp-content\/uploads\/logo-bagnoitalia.webp\",\"contentUrl\":\"https:\/\/img.bagnoitalia.com\/wp-content\/uploads\/logo-bagnoitalia.webp\",\"width\":400,\"height\":70,\"caption\":\"Bagno Italia\"},\"image\":{\"@id\":\"https:\/\/www.bagnoitalia.com\/es#\/schema\/logo\/image\/\"}}]}<\/script>\n<!-- \/ Yoast SEO plugin. -->","yoast_head_json":{"title":"Plato de ducha blanco efecto piedra 80x80 90x90 70x90 cm semicircular reducible PA036","description":"Plato de ducha semicircular, disponible en 3 tama\u00f1os. Fabricado en m\u00e1rmol mineral blanco efecto piedra.","robots":{"index":"index","follow":"follow","max-snippet":"max-snippet:-1","max-image-preview":"max-image-preview:large","max-video-preview":"max-video-preview:-1"},"canonical":"https:\/\/www.bagnoitalia.com\/es\/producto\/stone-effect-white-shower-tray-80x80-90x90-70x90-cm-semi-circular-reducible-pa036-2.html","og_locale":"es_ES","og_type":"article","og_title":"Plato de ducha blanco efecto piedra 80x80 90x90 70x90 cm semicircular reducible PA036","og_description":"Plato de ducha semicircular, disponible en 3 tama\u00f1os. Fabricado en m\u00e1rmol mineral blanco efecto piedra.","og_url":"https:\/\/www.bagnoitalia.com\/es\/producto\/stone-effect-white-shower-tray-80x80-90x90-70x90-cm-semi-circular-reducible-pa036-2.html","og_site_name":"Bagno Italia","article_modified_time":"2024-11-18T11:07:32+00:00","og_image":[{"width":550,"height":550,"url":"https:\/\/img.bagnoitalia.com\/wp-content\/uploads\/virtuemart\/product\/shower-plate-effect-stone-80x80-90x90-70x90-cm-white-effect-stone-semicircular-1.jpg","type":"image\/jpeg"}],"twitter_card":"summary_large_image","twitter_misc":{"Tiempo de lectura":"1 minuto"},"schema":{"@context":"https:\/\/schema.org","@graph":[{"@type":"WebPage","@id":"https:\/\/www.bagnoitalia.com\/es\/producto\/stone-effect-white-shower-tray-80x80-90x90-70x90-cm-semi-circular-reducible-pa036-2.html","url":"https:\/\/www.bagnoitalia.com\/es\/producto\/stone-effect-white-shower-tray-80x80-90x90-70x90-cm-semi-circular-reducible-pa036-2.html","name":"Plato de ducha blanco efecto piedra 80x80 90x90 70x90 cm semicircular reducible PA036","isPartOf":{"@id":"https:\/\/www.bagnoitalia.com\/es#website"},"primaryImageOfPage":{"@id":"https:\/\/www.bagnoitalia.com\/es\/producto\/stone-effect-white-shower-tray-80x80-90x90-70x90-cm-semi-circular-reducible-pa036-2.html#primaryimage"},"image":{"@id":"https:\/\/www.bagnoitalia.com\/es\/producto\/stone-effect-white-shower-tray-80x80-90x90-70x90-cm-semi-circular-reducible-pa036-2.html#primaryimage"},"thumbnailUrl":"https:\/\/img.bagnoitalia.com\/wp-content\/uploads\/virtuemart\/product\/shower-plate-effect-stone-80x80-90x90-70x90-cm-white-effect-stone-semicircular-1.jpg","datePublished":"2023-09-13T13:03:50+00:00","dateModified":"2024-11-18T11:07:32+00:00","description":"Plato de ducha semicircular, disponible en 3 tama\u00f1os. Fabricado en m\u00e1rmol mineral blanco efecto piedra.","breadcrumb":{"@id":"https:\/\/www.bagnoitalia.com\/es\/producto\/stone-effect-white-shower-tray-80x80-90x90-70x90-cm-semi-circular-reducible-pa036-2.html#breadcrumb"},"inLanguage":"es","potentialAction":[{"@type":"ReadAction","target":["https:\/\/www.bagnoitalia.com\/es\/producto\/stone-effect-white-shower-tray-80x80-90x90-70x90-cm-semi-circular-reducible-pa036-2.html"]}]},{"@type":"ImageObject","inLanguage":"es","@id":"https:\/\/www.bagnoitalia.com\/es\/producto\/stone-effect-white-shower-tray-80x80-90x90-70x90-cm-semi-circular-reducible-pa036-2.html#primaryimage","url":"https:\/\/img.bagnoitalia.com\/wp-content\/uploads\/virtuemart\/product\/shower-plate-effect-stone-80x80-90x90-70x90-cm-white-effect-stone-semicircular-1.jpg","contentUrl":"https:\/\/img.bagnoitalia.com\/wp-content\/uploads\/virtuemart\/product\/shower-plate-effect-stone-80x80-90x90-70x90-cm-white-effect-stone-semicircular-1.jpg","width":550,"height":550},{"@type":"BreadcrumbList","@id":"https:\/\/www.bagnoitalia.com\/es\/producto\/stone-effect-white-shower-tray-80x80-90x90-70x90-cm-semi-circular-reducible-pa036-2.html#breadcrumb","itemListElement":[{"@type":"ListItem","position":1,"name":"Home","item":"https:\/\/www.bagnoitalia.com\/es"},{"@type":"ListItem","position":2,"name":"Productos","item":"https:\/\/www.bagnoitalia.com\/es\/shop"},{"@type":"ListItem","position":3,"name":"Plato de ducha blanco efecto piedra 80&#215;80 90&#215;90 70&#215;90 cm semicircular reducible PA036"}]},{"@type":"WebSite","@id":"https:\/\/www.bagnoitalia.com\/es#website","url":"https:\/\/www.bagnoitalia.com\/es","name":"Bagno Italia","description":"","publisher":{"@id":"https:\/\/www.bagnoitalia.com\/es#organization"},"potentialAction":[{"@type":"SearchAction","target":{"@type":"EntryPoint","urlTemplate":"https:\/\/www.bagnoitalia.com\/es?s={search_term_string}"},"query-input":{"@type":"PropertyValueSpecification","valueRequired":true,"valueName":"search_term_string"}}],"inLanguage":"es"},{"@type":"Organization","@id":"https:\/\/www.bagnoitalia.com\/es#organization","name":"Bagno Italia","url":"https:\/\/www.bagnoitalia.com\/es","logo":{"@type":"ImageObject","inLanguage":"es","@id":"https:\/\/www.bagnoitalia.com\/es#\/schema\/logo\/image\/","url":"https:\/\/img.bagnoitalia.com\/wp-content\/uploads\/logo-bagnoitalia.webp","contentUrl":"https:\/\/img.bagnoitalia.com\/wp-content\/uploads\/logo-bagnoitalia.webp","width":400,"height":70,"caption":"Bagno Italia"},"image":{"@id":"https:\/\/www.bagnoitalia.com\/es#\/schema\/logo\/image\/"}}]}},"_links":{"self":[{"href":"https:\/\/www.bagnoitalia.com\/es\/wp-json\/wp\/v2\/product\/83447","targetHints":{"allow":["GET"]}}],"collection":[{"href":"https:\/\/www.bagnoitalia.com\/es\/wp-json\/wp\/v2\/product"}],"about":[{"href":"https:\/\/www.bagnoitalia.com\/es\/wp-json\/wp\/v2\/types\/product"}],"replies":[{"embeddable":true,"href":"https:\/\/www.bagnoitalia.com\/es\/wp-json\/wp\/v2\/comments?post=83447"}],"version-history":[{"count":1,"href":"https:\/\/www.bagnoitalia.com\/es\/wp-json\/wp\/v2\/product\/83447\/revisions"}],"predecessor-version":[{"id":90039,"href":"https:\/\/www.bagnoitalia.com\/es\/wp-json\/wp\/v2\/product\/83447\/revisions\/90039"}],"wp:featuredmedia":[{"embeddable":true,"href":"https:\/\/www.bagnoitalia.com\/es\/wp-json\/wp\/v2\/media\/65301"}],"wp:attachment":[{"href":"https:\/\/www.bagnoitalia.com\/es\/wp-json\/wp\/v2\/media?parent=83447"}],"wp:term":[{"taxonomy":"product_brand","embeddable":true,"href":"https:\/\/www.bagnoitalia.com\/es\/wp-json\/wp\/v2\/product_brand?post=83447"},{"taxonomy":"product_cat","embeddable":true,"href":"https:\/\/www.bagnoitalia.com\/es\/wp-json\/wp\/v2\/product_cat?post=83447"},{"taxonomy":"product_tag","embeddable":true,"href":"https:\/\/www.bagnoitalia.com\/es\/wp-json\/wp\/v2\/product_tag?post=83447"}],"curies":[{"name":"wp","href":"https:\/\/api.w.org\/{rel}","templated":true}]}}