{"id":83387,"date":"2023-08-24T14:14:18","date_gmt":"2023-08-24T12:14:18","guid":{"rendered":"https:\/\/www.bagnoitalia.com\/product\/garda2-washbasin-incl-120-cm-wall-mounted-furniture-in-various-colours-and-optional-side-drawers-2"},"modified":"2026-04-09T16:35:20","modified_gmt":"2026-04-09T14:35:20","slug":"garda2-washbasin-incl-120-cm-wall-mounted-furniture-in-various-colours-and-optional-side-drawers-2","status":"publish","type":"product","link":"https:\/\/www.bagnoitalia.com\/es\/producto\/garda2-washbasin-incl-120-cm-wall-mounted-furniture-in-various-colours-and-optional-side-drawers-2.html","title":{"rendered":"Mueble Lavabo suspendido GARDA2 de 120 cm en varios colores y cajones laterales opcionales"},"content":{"rendered":"<p style=\"text-align: center;\"><span style=\"text-decoration: underline; color: #ff0000; font-size: 18pt;\"><strong>MUEBLE DE BA\u00d1O GARDA2 DE 120 CM CON LAVABO<\/strong><\/span><\/p>\n<p>&nbsp;<\/p>\n<p><strong>EL PRECIO ANTERIOR INCLUYE:<\/strong><\/p>\n<p>norte. 1 mueble suspendido de MDF de 120xP46xH35,5 cm compuesto por un caj\u00f3n<\/p>\n<p>norte. 1 lavabo de resina blanca mate de 120\u00d746,3 cm<\/p>\n<p>norte. 1 espejo redondo \u00d8 70 cm<\/p>\n<p>&nbsp;<\/p>\n<p><strong>CARACTER\u00cdSTICAS:<\/strong><\/p>\n<p>Caj\u00f3n de base de fregadero perfilado, con cierre suave y apertura por ranura (sin tirador)<\/p>\n<p>Lavabo con seno descentrado a derecha o izquierda (elige la versi\u00f3n en el men\u00fa desplegable) con orificio rebosadero y previsi\u00f3n de orificio mezclador.<\/p>\n<p>&nbsp;<\/p>\n<p><strong>COLORES DISPONIBLES:<br \/>\n<\/strong><\/p>\n<ul>\n<li>Cemento verde<\/li>\n<li>Antracita<\/li>\n<li>Papel de az\u00facar<\/li>\n<li>Roble dorado<\/li>\n<li>Blanco mate<\/li>\n<li>Roble decisivo<\/li>\n<\/ul>\n<p>&nbsp;<\/p>\n<p><strong>DESDE EL MEN\u00da DESPLEGABLE<\/strong>\u00a0Puedes agregar:<\/p>\n<ul>\n<li>C\u00f3moda\u00a0<strong>lateral de<\/strong>\u00a0120x46xH38 cm , para colocar donde prefieras (bajo la base, o descentrada, o lateralmente&#8230;)<\/li>\n<li>Un\u00a0<strong>mueble de pared<\/strong>\u00a0reversible de 26,5 x 20 x 75 cm<\/li>\n<\/ul>\n<p>&nbsp;<\/p>\n<p>ATENCI\u00d3N: mezclador y desag\u00fce no incluidos en el precio<\/p>\n<p>&nbsp;<\/p>\n<p>&nbsp;<\/p>\n<p>&nbsp;<\/p>\n<p>&nbsp;<\/p>\n<p>&nbsp;<\/p>\n<p>&nbsp;<\/p>\n<p>&nbsp;<\/p>\n<p>&nbsp;<\/p>\n<p>&nbsp;<\/p>\n<p>&nbsp;<\/p>\n<p>&nbsp;<\/p>\n","protected":false},"excerpt":{"rendered":"<div class=\"woocommerce-product-details__short-description\">\n<p>Mueble suspendido moderno, con lavabo de resina y espejo de canto redondo pulido. Es posible completar la composici\u00f3n con: una c\u00f3moda lateral y\/o un mueble alto.<\/p>\n<\/div>\n<div class=\"woocommerce-product-rating\">\n<div class=\"star-rating\" role=\"img\" aria-label=\"Calificado con 5.00 de 5\"><\/div>\n<\/div>\n","protected":false},"featured_media":108611,"comment_status":"open","ping_status":"closed","template":"","meta":[],"product_brand":[9884],"product_cat":[9725],"product_tag":[],"class_list":{"0":"post-83387","1":"product","2":"type-product","3":"status-publish","4":"has-post-thumbnail","6":"product_brand-deghi-es","7":"product_cat-mueble-de-bano-de-101-a-220-cm-muebles-modernos","9":"first","10":"instock","11":"sale","12":"taxable","13":"shipping-taxable","14":"purchasable","15":"product-type-simple"},"exclude_global_add_ons":false,"addons":[{"name":"Color y versi\u00f3n","type":"multiple_choice","position":0,"required":true,"title_format":"heading","default":"","description_enable":false,"description":"","placeholder_enable":false,"placeholder":"","display":"select","restrictions_type":"any_text","adjust_price":false,"price":"","price_type":"flat_fee","restrictions":false,"min":"0","max":"0","options":[{"label":"Cemento verde versi\u00f3n izquierda","price":"","price_type":"quantity_based","image":0,"visibility":true},{"label":"Antracita versi\u00f3n izquierda","price":"","price_type":"quantity_based","image":0,"visibility":true},{"label":"Papel de az\u00facar versi\u00f3n izquierda","price":"","price_type":"quantity_based","image":0,"visibility":true},{"label":"Roble dorado versi\u00f3n izquierda","price":"","price_type":"quantity_based","image":0,"visibility":true},{"label":"Blanco mate versi\u00f3n izquierda","price":"","price_type":"quantity_based","image":0,"visibility":true},{"label":"Roble decisivo versi\u00f3n izquierda","price":"","price_type":"quantity_based","image":0,"visibility":true},{"label":"Cemento verde versi\u00f3n derecha","price":"","price_type":"quantity_based","image":0,"visibility":true},{"label":"(No disponible) Antracita versi\u00f3n derecha","price":"","price_type":"quantity_based","image":0,"visibility":true},{"label":"Papel de az\u00facar versi\u00f3n derecha","price":"","price_type":"quantity_based","image":0,"visibility":true},{"label":"Roble dorado versi\u00f3n derecha","price":"","price_type":"quantity_based","image":0,"visibility":true},{"label":"Blanco mate versi\u00f3n derecha","price":"","price_type":"quantity_based","image":0,"visibility":true},{"label":"Roble decisivo versi\u00f3n derecha","price":"","price_type":"quantity_based","image":0,"visibility":true}],"id":1717086510},{"name":"cajonera lateral","type":"multiple_choice","position":1,"required":true,"title_format":"heading","default":"","description_enable":false,"description":"","placeholder_enable":false,"placeholder":"","display":"select","restrictions_type":"any_text","adjust_price":false,"price":"","price_type":"flat_fee","restrictions":false,"min":"0","max":"0","options":[{"label":"Sin cajonera lateral","price":"","price_type":"quantity_based","image":0,"visibility":true},{"label":"(No disponible) Con cajonera lateral de 120 cm","price":"399","price_type":"quantity_based","image":0,"visibility":true}],"id":1717086511},{"name":"unidad de pared","type":"multiple_choice","position":2,"required":true,"title_format":"heading","default":"","description_enable":false,"description":"","placeholder_enable":false,"placeholder":"","display":"select","restrictions_type":"any_text","adjust_price":false,"price":"","price_type":"flat_fee","restrictions":false,"min":"0","max":"0","options":[{"label":"SIN unidad de pared","price":"","price_type":"quantity_based","image":0,"visibility":true},{"label":"1 unidad de pared H75 cm","price":"209","price_type":"quantity_based","image":0,"visibility":true}],"id":1717086512}],"yoast_head":"<!-- This site is optimized with the Yoast SEO plugin v26.7 - https:\/\/yoast.com\/wordpress\/plugins\/seo\/ -->\n<title>Lavabo GARDA2 incl. mueble suspendido de 120 cm en varios colores y cajones laterales opcionales<\/title>\n<meta name=\"description\" content=\"Mueble moderno suspendido, con lavabo de cer\u00e1mica y espejo. Es posible completar la composici\u00f3n con: una cajonera lateral, un mueble alto y\/o un mueble alto.\" \/>\n<meta name=\"robots\" content=\"index, follow, max-snippet:-1, max-image-preview:large, max-video-preview:-1\" \/>\n<link rel=\"canonical\" href=\"https:\/\/www.bagnoitalia.com\/es\/producto\/garda2-washbasin-incl-120-cm-wall-mounted-furniture-in-various-colours-and-optional-side-drawers-2.html\" \/>\n<meta property=\"og:locale\" content=\"es_ES\" \/>\n<meta property=\"og:type\" content=\"article\" \/>\n<meta property=\"og:title\" content=\"Lavabo GARDA2 incl. mueble suspendido de 120 cm en varios colores y cajones laterales opcionales\" \/>\n<meta property=\"og:description\" content=\"Mueble moderno suspendido, con lavabo de cer\u00e1mica y espejo. Es posible completar la composici\u00f3n con: una cajonera lateral, un mueble alto y\/o un mueble alto.\" \/>\n<meta property=\"og:url\" content=\"https:\/\/www.bagnoitalia.com\/es\/producto\/garda2-washbasin-incl-120-cm-wall-mounted-furniture-in-various-colours-and-optional-side-drawers-2.html\" \/>\n<meta property=\"og:site_name\" content=\"Bagno Italia\" \/>\n<meta property=\"article:modified_time\" content=\"2026-04-09T14:35:20+00:00\" \/>\n<meta property=\"og:image\" content=\"https:\/\/img.bagnoitalia.com\/wp-content\/uploads\/mobile-bagno-lavabo-120-sinistra-destra-colori.jpg\" \/>\n\t<meta property=\"og:image:width\" content=\"1000\" \/>\n\t<meta property=\"og:image:height\" content=\"1000\" \/>\n\t<meta property=\"og:image:type\" content=\"image\/jpeg\" \/>\n<meta name=\"twitter:card\" content=\"summary_large_image\" \/>\n<meta name=\"twitter:label1\" content=\"Tiempo de lectura\" \/>\n\t<meta name=\"twitter:data1\" content=\"1 minuto\" \/>\n<script type=\"application\/ld+json\" class=\"yoast-schema-graph\">{\"@context\":\"https:\/\/schema.org\",\"@graph\":[{\"@type\":\"WebPage\",\"@id\":\"https:\/\/www.bagnoitalia.com\/es\/producto\/garda2-washbasin-incl-120-cm-wall-mounted-furniture-in-various-colours-and-optional-side-drawers-2.html\",\"url\":\"https:\/\/www.bagnoitalia.com\/es\/producto\/garda2-washbasin-incl-120-cm-wall-mounted-furniture-in-various-colours-and-optional-side-drawers-2.html\",\"name\":\"Lavabo GARDA2 incl. mueble suspendido de 120 cm en varios colores y cajones laterales opcionales\",\"isPartOf\":{\"@id\":\"https:\/\/www.bagnoitalia.com\/es#website\"},\"primaryImageOfPage\":{\"@id\":\"https:\/\/www.bagnoitalia.com\/es\/producto\/garda2-washbasin-incl-120-cm-wall-mounted-furniture-in-various-colours-and-optional-side-drawers-2.html#primaryimage\"},\"image\":{\"@id\":\"https:\/\/www.bagnoitalia.com\/es\/producto\/garda2-washbasin-incl-120-cm-wall-mounted-furniture-in-various-colours-and-optional-side-drawers-2.html#primaryimage\"},\"thumbnailUrl\":\"https:\/\/img.bagnoitalia.com\/wp-content\/uploads\/mobile-bagno-lavabo-120-sinistra-destra-colori.jpg\",\"datePublished\":\"2023-08-24T12:14:18+00:00\",\"dateModified\":\"2026-04-09T14:35:20+00:00\",\"description\":\"Mueble moderno suspendido, con lavabo de cer\u00e1mica y espejo. Es posible completar la composici\u00f3n con: una cajonera lateral, un mueble alto y\/o un mueble alto.\",\"breadcrumb\":{\"@id\":\"https:\/\/www.bagnoitalia.com\/es\/producto\/garda2-washbasin-incl-120-cm-wall-mounted-furniture-in-various-colours-and-optional-side-drawers-2.html#breadcrumb\"},\"inLanguage\":\"es\",\"potentialAction\":[{\"@type\":\"ReadAction\",\"target\":[\"https:\/\/www.bagnoitalia.com\/es\/producto\/garda2-washbasin-incl-120-cm-wall-mounted-furniture-in-various-colours-and-optional-side-drawers-2.html\"]}]},{\"@type\":\"ImageObject\",\"inLanguage\":\"es\",\"@id\":\"https:\/\/www.bagnoitalia.com\/es\/producto\/garda2-washbasin-incl-120-cm-wall-mounted-furniture-in-various-colours-and-optional-side-drawers-2.html#primaryimage\",\"url\":\"https:\/\/img.bagnoitalia.com\/wp-content\/uploads\/mobile-bagno-lavabo-120-sinistra-destra-colori.jpg\",\"contentUrl\":\"https:\/\/img.bagnoitalia.com\/wp-content\/uploads\/mobile-bagno-lavabo-120-sinistra-destra-colori.jpg\",\"width\":1000,\"height\":1000},{\"@type\":\"BreadcrumbList\",\"@id\":\"https:\/\/www.bagnoitalia.com\/es\/producto\/garda2-washbasin-incl-120-cm-wall-mounted-furniture-in-various-colours-and-optional-side-drawers-2.html#breadcrumb\",\"itemListElement\":[{\"@type\":\"ListItem\",\"position\":1,\"name\":\"Home\",\"item\":\"https:\/\/www.bagnoitalia.com\/es\"},{\"@type\":\"ListItem\",\"position\":2,\"name\":\"Productos\",\"item\":\"https:\/\/www.bagnoitalia.com\/es\/shop\"},{\"@type\":\"ListItem\",\"position\":3,\"name\":\"Mueble Lavabo suspendido GARDA2 de 120 cm en varios colores y cajones laterales opcionales\"}]},{\"@type\":\"WebSite\",\"@id\":\"https:\/\/www.bagnoitalia.com\/es#website\",\"url\":\"https:\/\/www.bagnoitalia.com\/es\",\"name\":\"Bagno Italia\",\"description\":\"\",\"publisher\":{\"@id\":\"https:\/\/www.bagnoitalia.com\/es#organization\"},\"potentialAction\":[{\"@type\":\"SearchAction\",\"target\":{\"@type\":\"EntryPoint\",\"urlTemplate\":\"https:\/\/www.bagnoitalia.com\/es?s={search_term_string}\"},\"query-input\":{\"@type\":\"PropertyValueSpecification\",\"valueRequired\":true,\"valueName\":\"search_term_string\"}}],\"inLanguage\":\"es\"},{\"@type\":\"Organization\",\"@id\":\"https:\/\/www.bagnoitalia.com\/es#organization\",\"name\":\"Bagno Italia\",\"url\":\"https:\/\/www.bagnoitalia.com\/es\",\"logo\":{\"@type\":\"ImageObject\",\"inLanguage\":\"es\",\"@id\":\"https:\/\/www.bagnoitalia.com\/es#\/schema\/logo\/image\/\",\"url\":\"https:\/\/img.bagnoitalia.com\/wp-content\/uploads\/logo-bagnoitalia.webp\",\"contentUrl\":\"https:\/\/img.bagnoitalia.com\/wp-content\/uploads\/logo-bagnoitalia.webp\",\"width\":400,\"height\":70,\"caption\":\"Bagno Italia\"},\"image\":{\"@id\":\"https:\/\/www.bagnoitalia.com\/es#\/schema\/logo\/image\/\"}}]}<\/script>\n<!-- \/ Yoast SEO plugin. -->","yoast_head_json":{"title":"Lavabo GARDA2 incl. mueble suspendido de 120 cm en varios colores y cajones laterales opcionales","description":"Mueble moderno suspendido, con lavabo de cer\u00e1mica y espejo. Es posible completar la composici\u00f3n con: una cajonera lateral, un mueble alto y\/o un mueble alto.","robots":{"index":"index","follow":"follow","max-snippet":"max-snippet:-1","max-image-preview":"max-image-preview:large","max-video-preview":"max-video-preview:-1"},"canonical":"https:\/\/www.bagnoitalia.com\/es\/producto\/garda2-washbasin-incl-120-cm-wall-mounted-furniture-in-various-colours-and-optional-side-drawers-2.html","og_locale":"es_ES","og_type":"article","og_title":"Lavabo GARDA2 incl. mueble suspendido de 120 cm en varios colores y cajones laterales opcionales","og_description":"Mueble moderno suspendido, con lavabo de cer\u00e1mica y espejo. Es posible completar la composici\u00f3n con: una cajonera lateral, un mueble alto y\/o un mueble alto.","og_url":"https:\/\/www.bagnoitalia.com\/es\/producto\/garda2-washbasin-incl-120-cm-wall-mounted-furniture-in-various-colours-and-optional-side-drawers-2.html","og_site_name":"Bagno Italia","article_modified_time":"2026-04-09T14:35:20+00:00","og_image":[{"width":1000,"height":1000,"url":"https:\/\/img.bagnoitalia.com\/wp-content\/uploads\/mobile-bagno-lavabo-120-sinistra-destra-colori.jpg","type":"image\/jpeg"}],"twitter_card":"summary_large_image","twitter_misc":{"Tiempo de lectura":"1 minuto"},"schema":{"@context":"https:\/\/schema.org","@graph":[{"@type":"WebPage","@id":"https:\/\/www.bagnoitalia.com\/es\/producto\/garda2-washbasin-incl-120-cm-wall-mounted-furniture-in-various-colours-and-optional-side-drawers-2.html","url":"https:\/\/www.bagnoitalia.com\/es\/producto\/garda2-washbasin-incl-120-cm-wall-mounted-furniture-in-various-colours-and-optional-side-drawers-2.html","name":"Lavabo GARDA2 incl. mueble suspendido de 120 cm en varios colores y cajones laterales opcionales","isPartOf":{"@id":"https:\/\/www.bagnoitalia.com\/es#website"},"primaryImageOfPage":{"@id":"https:\/\/www.bagnoitalia.com\/es\/producto\/garda2-washbasin-incl-120-cm-wall-mounted-furniture-in-various-colours-and-optional-side-drawers-2.html#primaryimage"},"image":{"@id":"https:\/\/www.bagnoitalia.com\/es\/producto\/garda2-washbasin-incl-120-cm-wall-mounted-furniture-in-various-colours-and-optional-side-drawers-2.html#primaryimage"},"thumbnailUrl":"https:\/\/img.bagnoitalia.com\/wp-content\/uploads\/mobile-bagno-lavabo-120-sinistra-destra-colori.jpg","datePublished":"2023-08-24T12:14:18+00:00","dateModified":"2026-04-09T14:35:20+00:00","description":"Mueble moderno suspendido, con lavabo de cer\u00e1mica y espejo. Es posible completar la composici\u00f3n con: una cajonera lateral, un mueble alto y\/o un mueble alto.","breadcrumb":{"@id":"https:\/\/www.bagnoitalia.com\/es\/producto\/garda2-washbasin-incl-120-cm-wall-mounted-furniture-in-various-colours-and-optional-side-drawers-2.html#breadcrumb"},"inLanguage":"es","potentialAction":[{"@type":"ReadAction","target":["https:\/\/www.bagnoitalia.com\/es\/producto\/garda2-washbasin-incl-120-cm-wall-mounted-furniture-in-various-colours-and-optional-side-drawers-2.html"]}]},{"@type":"ImageObject","inLanguage":"es","@id":"https:\/\/www.bagnoitalia.com\/es\/producto\/garda2-washbasin-incl-120-cm-wall-mounted-furniture-in-various-colours-and-optional-side-drawers-2.html#primaryimage","url":"https:\/\/img.bagnoitalia.com\/wp-content\/uploads\/mobile-bagno-lavabo-120-sinistra-destra-colori.jpg","contentUrl":"https:\/\/img.bagnoitalia.com\/wp-content\/uploads\/mobile-bagno-lavabo-120-sinistra-destra-colori.jpg","width":1000,"height":1000},{"@type":"BreadcrumbList","@id":"https:\/\/www.bagnoitalia.com\/es\/producto\/garda2-washbasin-incl-120-cm-wall-mounted-furniture-in-various-colours-and-optional-side-drawers-2.html#breadcrumb","itemListElement":[{"@type":"ListItem","position":1,"name":"Home","item":"https:\/\/www.bagnoitalia.com\/es"},{"@type":"ListItem","position":2,"name":"Productos","item":"https:\/\/www.bagnoitalia.com\/es\/shop"},{"@type":"ListItem","position":3,"name":"Mueble Lavabo suspendido GARDA2 de 120 cm en varios colores y cajones laterales opcionales"}]},{"@type":"WebSite","@id":"https:\/\/www.bagnoitalia.com\/es#website","url":"https:\/\/www.bagnoitalia.com\/es","name":"Bagno Italia","description":"","publisher":{"@id":"https:\/\/www.bagnoitalia.com\/es#organization"},"potentialAction":[{"@type":"SearchAction","target":{"@type":"EntryPoint","urlTemplate":"https:\/\/www.bagnoitalia.com\/es?s={search_term_string}"},"query-input":{"@type":"PropertyValueSpecification","valueRequired":true,"valueName":"search_term_string"}}],"inLanguage":"es"},{"@type":"Organization","@id":"https:\/\/www.bagnoitalia.com\/es#organization","name":"Bagno Italia","url":"https:\/\/www.bagnoitalia.com\/es","logo":{"@type":"ImageObject","inLanguage":"es","@id":"https:\/\/www.bagnoitalia.com\/es#\/schema\/logo\/image\/","url":"https:\/\/img.bagnoitalia.com\/wp-content\/uploads\/logo-bagnoitalia.webp","contentUrl":"https:\/\/img.bagnoitalia.com\/wp-content\/uploads\/logo-bagnoitalia.webp","width":400,"height":70,"caption":"Bagno Italia"},"image":{"@id":"https:\/\/www.bagnoitalia.com\/es#\/schema\/logo\/image\/"}}]}},"_links":{"self":[{"href":"https:\/\/www.bagnoitalia.com\/es\/wp-json\/wp\/v2\/product\/83387","targetHints":{"allow":["GET"]}}],"collection":[{"href":"https:\/\/www.bagnoitalia.com\/es\/wp-json\/wp\/v2\/product"}],"about":[{"href":"https:\/\/www.bagnoitalia.com\/es\/wp-json\/wp\/v2\/types\/product"}],"replies":[{"embeddable":true,"href":"https:\/\/www.bagnoitalia.com\/es\/wp-json\/wp\/v2\/comments?post=83387"}],"version-history":[{"count":6,"href":"https:\/\/www.bagnoitalia.com\/es\/wp-json\/wp\/v2\/product\/83387\/revisions"}],"predecessor-version":[{"id":108628,"href":"https:\/\/www.bagnoitalia.com\/es\/wp-json\/wp\/v2\/product\/83387\/revisions\/108628"}],"wp:featuredmedia":[{"embeddable":true,"href":"https:\/\/www.bagnoitalia.com\/es\/wp-json\/wp\/v2\/media\/108611"}],"wp:attachment":[{"href":"https:\/\/www.bagnoitalia.com\/es\/wp-json\/wp\/v2\/media?parent=83387"}],"wp:term":[{"taxonomy":"product_brand","embeddable":true,"href":"https:\/\/www.bagnoitalia.com\/es\/wp-json\/wp\/v2\/product_brand?post=83387"},{"taxonomy":"product_cat","embeddable":true,"href":"https:\/\/www.bagnoitalia.com\/es\/wp-json\/wp\/v2\/product_cat?post=83387"},{"taxonomy":"product_tag","embeddable":true,"href":"https:\/\/www.bagnoitalia.com\/es\/wp-json\/wp\/v2\/product_tag?post=83387"}],"curies":[{"name":"wp","href":"https:\/\/api.w.org\/{rel}","templated":true}]}}