{"id":83319,"date":"2023-07-11T15:39:46","date_gmt":"2023-07-11T13:39:46","guid":{"rendered":"https:\/\/www.bagnoitalia.com\/product\/180x120-cm-full-optional-whirlpool-tub-with-35-air-and-water-jets-bluetooth-heater-ozone-therapy-vs131-2"},"modified":"2023-07-11T15:39:46","modified_gmt":"2023-07-11T13:39:46","slug":"180x120-cm-full-optional-whirlpool-tub-with-35-air-and-water-jets-bluetooth-heater-ozone-therapy-vs131-2","status":"publish","type":"product","link":"https:\/\/www.bagnoitalia.com\/es\/producto\/180x120-cm-full-optional-whirlpool-tub-with-35-air-and-water-jets-bluetooth-heater-ozone-therapy-vs131-2.html","title":{"rendered":"Ba\u00f1era de hidromasaje 180&#215;120 cm full opcional con 35 jets de aire y agua calentador bluetooth ozonoterapia VS131"},"content":{"rendered":"<p><img fetchpriority=\"high\" decoding=\"async\" class=\" size-full wp-image-40058\" src=\"https:\/\/img.bagnoitalia.com\/wp-content\/uploads\/1-scheda-tecnica-vasche-idromassaggio-vs080-1.jpg\" alt=\"\" width=\"814\" height=\"126\" srcset=\"https:\/\/img.bagnoitalia.com\/wp-content\/uploads\/1-scheda-tecnica-vasche-idromassaggio-vs080-1.jpg 814w, https:\/\/img.bagnoitalia.com\/wp-content\/uploads\/1-scheda-tecnica-vasche-idromassaggio-vs080-1-768x119.jpg 768w, https:\/\/img.bagnoitalia.com\/wp-content\/uploads\/1-scheda-tecnica-vasche-idromassaggio-vs080-1-441x68.jpg 441w, https:\/\/img.bagnoitalia.com\/wp-content\/uploads\/1-scheda-tecnica-vasche-idromassaggio-vs080-1-600x93.jpg 600w, https:\/\/img.bagnoitalia.com\/wp-content\/uploads\/1-scheda-tecnica-vasche-idromassaggio-vs080-1-150x23.jpg 150w\" sizes=\"(max-width: 814px) 100vw, 814px\" \/><\/p>\n<p>&nbsp;<\/p>\n<p style=\"text-align: center;\"><span style=\"text-decoration: underline; color: #ff0000; font-size: 18pt;\"><strong>Ba\u00f1era de hidromasaje Full Opcional 180&#215;120 cm VS131<\/strong><\/span><\/p>\n<p>&nbsp;<\/p>\n<p>Ba\u00f1era para 2-4 personas<\/p>\n<p>Dimensiones 180x120xH60 cm<\/p>\n<p>Equipada con 35 jets de los cuales 19 de agua (4 debajo de cada cabezal y 3 en el lateral) y 16 de aire (en el fondo)&nbsp;<\/p>\n<p>Conexi\u00f3n Bluetooth<\/p>\n<p>Ozonoterapia<\/p>\n<p>Cromoterapia con foco subacu\u00e1tico y mini LED externos (con 7 variaciones de color)<\/p>\n<p>Grifer\u00eda con chorro en cascada y teleducha extra\u00edble<\/p>\n<p>Calentador termost\u00e1tico<\/p>\n<p>Pantalla t\u00e1ctil de control<\/p>\n<p>4 cojines reposacabezas incluidos<\/p>\n<p>Radio con altavoces<\/p>\n<p>Estructura de acero y paneles acr\u00edlicos de 4 capas<\/p>\n<p>Pared lateral de cristal templado de 8 mm<\/p>\n<p>Bomba de agua de 1,5 Hp<\/p>\n<p>Bomba de aire de 0,25 CV<\/p>\n<p>&nbsp;<\/p>\n<p>&nbsp;<\/p>\n","protected":false},"excerpt":{"rendered":"<p>Ba\u00f1era equipada con doble bomba de hidromasaje, LED para cromoterapia, generador de ozono, conexi\u00f3n Bluetooth, calentador el\u00e9ctrico, radio.<\/p>\n","protected":false},"featured_media":63743,"comment_status":"open","ping_status":"closed","template":"","meta":[],"product_brand":[9926],"product_cat":[9709,9745],"product_tag":[],"class_list":{"0":"post-83319","1":"product","2":"type-product","3":"status-publish","4":"has-post-thumbnail","6":"product_brand-predator-arredo-casa-es","7":"product_cat-banera-de-hidromasaje","8":"product_cat-piscinas-de-hidromasaje","10":"first","11":"instock","12":"sale","13":"taxable","14":"shipping-taxable","15":"purchasable","16":"product-type-simple"},"exclude_global_add_ons":[],"addons":[],"yoast_head":"<!-- This site is optimized with the Yoast SEO plugin v26.7 - https:\/\/yoast.com\/wordpress\/plugins\/seo\/ -->\n<title>Ba\u00f1era de hidromasaje 180x120 cm full opcional con 35 jets de aire y agua calentador bluetooth ozonoterapia VS131<\/title>\n<meta name=\"description\" content=\"Ba\u00f1era equipada con doble bomba de hidromasaje, LED para cromoterapia, generador de ozono, conexi\u00f3n Bluetooth, calentador el\u00e9ctrico, radio.\" \/>\n<meta name=\"robots\" content=\"index, follow, max-snippet:-1, max-image-preview:large, max-video-preview:-1\" \/>\n<link rel=\"canonical\" href=\"https:\/\/www.bagnoitalia.com\/es\/producto\/180x120-cm-full-optional-whirlpool-tub-with-35-air-and-water-jets-bluetooth-heater-ozone-therapy-vs131-2.html\" \/>\n<meta property=\"og:locale\" content=\"es_ES\" \/>\n<meta property=\"og:type\" content=\"article\" \/>\n<meta property=\"og:title\" content=\"Ba\u00f1era de hidromasaje 180x120 cm full opcional con 35 jets de aire y agua calentador bluetooth ozonoterapia VS131\" \/>\n<meta property=\"og:description\" content=\"Ba\u00f1era equipada con doble bomba de hidromasaje, LED para cromoterapia, generador de ozono, conexi\u00f3n Bluetooth, calentador el\u00e9ctrico, radio.\" \/>\n<meta property=\"og:url\" content=\"https:\/\/www.bagnoitalia.com\/es\/producto\/180x120-cm-full-optional-whirlpool-tub-with-35-air-and-water-jets-bluetooth-heater-ozone-therapy-vs131-2.html\" \/>\n<meta property=\"og:site_name\" content=\"Bagno Italia\" \/>\n<meta property=\"og:image\" content=\"https:\/\/img.bagnoitalia.com\/wp-content\/uploads\/virtuemart\/product\/whirlpool_bath-180x120-cm-full-optional-4-places-1.jpg\" \/>\n\t<meta property=\"og:image:width\" content=\"550\" \/>\n\t<meta property=\"og:image:height\" content=\"550\" \/>\n\t<meta property=\"og:image:type\" content=\"image\/jpeg\" \/>\n<meta name=\"twitter:card\" content=\"summary_large_image\" \/>\n<meta name=\"twitter:label1\" content=\"Tiempo de lectura\" \/>\n\t<meta name=\"twitter:data1\" content=\"1 minuto\" \/>\n<script type=\"application\/ld+json\" class=\"yoast-schema-graph\">{\"@context\":\"https:\/\/schema.org\",\"@graph\":[{\"@type\":\"WebPage\",\"@id\":\"https:\/\/www.bagnoitalia.com\/es\/producto\/180x120-cm-full-optional-whirlpool-tub-with-35-air-and-water-jets-bluetooth-heater-ozone-therapy-vs131-2.html\",\"url\":\"https:\/\/www.bagnoitalia.com\/es\/producto\/180x120-cm-full-optional-whirlpool-tub-with-35-air-and-water-jets-bluetooth-heater-ozone-therapy-vs131-2.html\",\"name\":\"Ba\u00f1era de hidromasaje 180x120 cm full opcional con 35 jets de aire y agua calentador bluetooth ozonoterapia VS131\",\"isPartOf\":{\"@id\":\"https:\/\/www.bagnoitalia.com\/es#website\"},\"primaryImageOfPage\":{\"@id\":\"https:\/\/www.bagnoitalia.com\/es\/producto\/180x120-cm-full-optional-whirlpool-tub-with-35-air-and-water-jets-bluetooth-heater-ozone-therapy-vs131-2.html#primaryimage\"},\"image\":{\"@id\":\"https:\/\/www.bagnoitalia.com\/es\/producto\/180x120-cm-full-optional-whirlpool-tub-with-35-air-and-water-jets-bluetooth-heater-ozone-therapy-vs131-2.html#primaryimage\"},\"thumbnailUrl\":\"https:\/\/img.bagnoitalia.com\/wp-content\/uploads\/virtuemart\/product\/whirlpool_bath-180x120-cm-full-optional-4-places-1.jpg\",\"datePublished\":\"2023-07-11T13:39:46+00:00\",\"description\":\"Ba\u00f1era equipada con doble bomba de hidromasaje, LED para cromoterapia, generador de ozono, conexi\u00f3n Bluetooth, calentador el\u00e9ctrico, radio.\",\"breadcrumb\":{\"@id\":\"https:\/\/www.bagnoitalia.com\/es\/producto\/180x120-cm-full-optional-whirlpool-tub-with-35-air-and-water-jets-bluetooth-heater-ozone-therapy-vs131-2.html#breadcrumb\"},\"inLanguage\":\"es\",\"potentialAction\":[{\"@type\":\"ReadAction\",\"target\":[\"https:\/\/www.bagnoitalia.com\/es\/producto\/180x120-cm-full-optional-whirlpool-tub-with-35-air-and-water-jets-bluetooth-heater-ozone-therapy-vs131-2.html\"]}]},{\"@type\":\"ImageObject\",\"inLanguage\":\"es\",\"@id\":\"https:\/\/www.bagnoitalia.com\/es\/producto\/180x120-cm-full-optional-whirlpool-tub-with-35-air-and-water-jets-bluetooth-heater-ozone-therapy-vs131-2.html#primaryimage\",\"url\":\"https:\/\/img.bagnoitalia.com\/wp-content\/uploads\/virtuemart\/product\/whirlpool_bath-180x120-cm-full-optional-4-places-1.jpg\",\"contentUrl\":\"https:\/\/img.bagnoitalia.com\/wp-content\/uploads\/virtuemart\/product\/whirlpool_bath-180x120-cm-full-optional-4-places-1.jpg\",\"width\":550,\"height\":550},{\"@type\":\"BreadcrumbList\",\"@id\":\"https:\/\/www.bagnoitalia.com\/es\/producto\/180x120-cm-full-optional-whirlpool-tub-with-35-air-and-water-jets-bluetooth-heater-ozone-therapy-vs131-2.html#breadcrumb\",\"itemListElement\":[{\"@type\":\"ListItem\",\"position\":1,\"name\":\"Home\",\"item\":\"https:\/\/www.bagnoitalia.com\/es\"},{\"@type\":\"ListItem\",\"position\":2,\"name\":\"Productos\",\"item\":\"https:\/\/www.bagnoitalia.com\/es\/shop\"},{\"@type\":\"ListItem\",\"position\":3,\"name\":\"Ba\u00f1era de hidromasaje 180&#215;120 cm full opcional con 35 jets de aire y agua calentador bluetooth ozonoterapia VS131\"}]},{\"@type\":\"WebSite\",\"@id\":\"https:\/\/www.bagnoitalia.com\/es#website\",\"url\":\"https:\/\/www.bagnoitalia.com\/es\",\"name\":\"Bagno Italia\",\"description\":\"\",\"publisher\":{\"@id\":\"https:\/\/www.bagnoitalia.com\/es#organization\"},\"potentialAction\":[{\"@type\":\"SearchAction\",\"target\":{\"@type\":\"EntryPoint\",\"urlTemplate\":\"https:\/\/www.bagnoitalia.com\/es?s={search_term_string}\"},\"query-input\":{\"@type\":\"PropertyValueSpecification\",\"valueRequired\":true,\"valueName\":\"search_term_string\"}}],\"inLanguage\":\"es\"},{\"@type\":\"Organization\",\"@id\":\"https:\/\/www.bagnoitalia.com\/es#organization\",\"name\":\"Bagno Italia\",\"url\":\"https:\/\/www.bagnoitalia.com\/es\",\"logo\":{\"@type\":\"ImageObject\",\"inLanguage\":\"es\",\"@id\":\"https:\/\/www.bagnoitalia.com\/es#\/schema\/logo\/image\/\",\"url\":\"https:\/\/img.bagnoitalia.com\/wp-content\/uploads\/logo-bagnoitalia.webp\",\"contentUrl\":\"https:\/\/img.bagnoitalia.com\/wp-content\/uploads\/logo-bagnoitalia.webp\",\"width\":400,\"height\":70,\"caption\":\"Bagno Italia\"},\"image\":{\"@id\":\"https:\/\/www.bagnoitalia.com\/es#\/schema\/logo\/image\/\"}}]}<\/script>\n<!-- \/ Yoast SEO plugin. -->","yoast_head_json":{"title":"Ba\u00f1era de hidromasaje 180x120 cm full opcional con 35 jets de aire y agua calentador bluetooth ozonoterapia VS131","description":"Ba\u00f1era equipada con doble bomba de hidromasaje, LED para cromoterapia, generador de ozono, conexi\u00f3n Bluetooth, calentador el\u00e9ctrico, radio.","robots":{"index":"index","follow":"follow","max-snippet":"max-snippet:-1","max-image-preview":"max-image-preview:large","max-video-preview":"max-video-preview:-1"},"canonical":"https:\/\/www.bagnoitalia.com\/es\/producto\/180x120-cm-full-optional-whirlpool-tub-with-35-air-and-water-jets-bluetooth-heater-ozone-therapy-vs131-2.html","og_locale":"es_ES","og_type":"article","og_title":"Ba\u00f1era de hidromasaje 180x120 cm full opcional con 35 jets de aire y agua calentador bluetooth ozonoterapia VS131","og_description":"Ba\u00f1era equipada con doble bomba de hidromasaje, LED para cromoterapia, generador de ozono, conexi\u00f3n Bluetooth, calentador el\u00e9ctrico, radio.","og_url":"https:\/\/www.bagnoitalia.com\/es\/producto\/180x120-cm-full-optional-whirlpool-tub-with-35-air-and-water-jets-bluetooth-heater-ozone-therapy-vs131-2.html","og_site_name":"Bagno Italia","og_image":[{"width":550,"height":550,"url":"https:\/\/img.bagnoitalia.com\/wp-content\/uploads\/virtuemart\/product\/whirlpool_bath-180x120-cm-full-optional-4-places-1.jpg","type":"image\/jpeg"}],"twitter_card":"summary_large_image","twitter_misc":{"Tiempo de lectura":"1 minuto"},"schema":{"@context":"https:\/\/schema.org","@graph":[{"@type":"WebPage","@id":"https:\/\/www.bagnoitalia.com\/es\/producto\/180x120-cm-full-optional-whirlpool-tub-with-35-air-and-water-jets-bluetooth-heater-ozone-therapy-vs131-2.html","url":"https:\/\/www.bagnoitalia.com\/es\/producto\/180x120-cm-full-optional-whirlpool-tub-with-35-air-and-water-jets-bluetooth-heater-ozone-therapy-vs131-2.html","name":"Ba\u00f1era de hidromasaje 180x120 cm full opcional con 35 jets de aire y agua calentador bluetooth ozonoterapia VS131","isPartOf":{"@id":"https:\/\/www.bagnoitalia.com\/es#website"},"primaryImageOfPage":{"@id":"https:\/\/www.bagnoitalia.com\/es\/producto\/180x120-cm-full-optional-whirlpool-tub-with-35-air-and-water-jets-bluetooth-heater-ozone-therapy-vs131-2.html#primaryimage"},"image":{"@id":"https:\/\/www.bagnoitalia.com\/es\/producto\/180x120-cm-full-optional-whirlpool-tub-with-35-air-and-water-jets-bluetooth-heater-ozone-therapy-vs131-2.html#primaryimage"},"thumbnailUrl":"https:\/\/img.bagnoitalia.com\/wp-content\/uploads\/virtuemart\/product\/whirlpool_bath-180x120-cm-full-optional-4-places-1.jpg","datePublished":"2023-07-11T13:39:46+00:00","description":"Ba\u00f1era equipada con doble bomba de hidromasaje, LED para cromoterapia, generador de ozono, conexi\u00f3n Bluetooth, calentador el\u00e9ctrico, radio.","breadcrumb":{"@id":"https:\/\/www.bagnoitalia.com\/es\/producto\/180x120-cm-full-optional-whirlpool-tub-with-35-air-and-water-jets-bluetooth-heater-ozone-therapy-vs131-2.html#breadcrumb"},"inLanguage":"es","potentialAction":[{"@type":"ReadAction","target":["https:\/\/www.bagnoitalia.com\/es\/producto\/180x120-cm-full-optional-whirlpool-tub-with-35-air-and-water-jets-bluetooth-heater-ozone-therapy-vs131-2.html"]}]},{"@type":"ImageObject","inLanguage":"es","@id":"https:\/\/www.bagnoitalia.com\/es\/producto\/180x120-cm-full-optional-whirlpool-tub-with-35-air-and-water-jets-bluetooth-heater-ozone-therapy-vs131-2.html#primaryimage","url":"https:\/\/img.bagnoitalia.com\/wp-content\/uploads\/virtuemart\/product\/whirlpool_bath-180x120-cm-full-optional-4-places-1.jpg","contentUrl":"https:\/\/img.bagnoitalia.com\/wp-content\/uploads\/virtuemart\/product\/whirlpool_bath-180x120-cm-full-optional-4-places-1.jpg","width":550,"height":550},{"@type":"BreadcrumbList","@id":"https:\/\/www.bagnoitalia.com\/es\/producto\/180x120-cm-full-optional-whirlpool-tub-with-35-air-and-water-jets-bluetooth-heater-ozone-therapy-vs131-2.html#breadcrumb","itemListElement":[{"@type":"ListItem","position":1,"name":"Home","item":"https:\/\/www.bagnoitalia.com\/es"},{"@type":"ListItem","position":2,"name":"Productos","item":"https:\/\/www.bagnoitalia.com\/es\/shop"},{"@type":"ListItem","position":3,"name":"Ba\u00f1era de hidromasaje 180&#215;120 cm full opcional con 35 jets de aire y agua calentador bluetooth ozonoterapia VS131"}]},{"@type":"WebSite","@id":"https:\/\/www.bagnoitalia.com\/es#website","url":"https:\/\/www.bagnoitalia.com\/es","name":"Bagno Italia","description":"","publisher":{"@id":"https:\/\/www.bagnoitalia.com\/es#organization"},"potentialAction":[{"@type":"SearchAction","target":{"@type":"EntryPoint","urlTemplate":"https:\/\/www.bagnoitalia.com\/es?s={search_term_string}"},"query-input":{"@type":"PropertyValueSpecification","valueRequired":true,"valueName":"search_term_string"}}],"inLanguage":"es"},{"@type":"Organization","@id":"https:\/\/www.bagnoitalia.com\/es#organization","name":"Bagno Italia","url":"https:\/\/www.bagnoitalia.com\/es","logo":{"@type":"ImageObject","inLanguage":"es","@id":"https:\/\/www.bagnoitalia.com\/es#\/schema\/logo\/image\/","url":"https:\/\/img.bagnoitalia.com\/wp-content\/uploads\/logo-bagnoitalia.webp","contentUrl":"https:\/\/img.bagnoitalia.com\/wp-content\/uploads\/logo-bagnoitalia.webp","width":400,"height":70,"caption":"Bagno Italia"},"image":{"@id":"https:\/\/www.bagnoitalia.com\/es#\/schema\/logo\/image\/"}}]}},"_links":{"self":[{"href":"https:\/\/www.bagnoitalia.com\/es\/wp-json\/wp\/v2\/product\/83319","targetHints":{"allow":["GET"]}}],"collection":[{"href":"https:\/\/www.bagnoitalia.com\/es\/wp-json\/wp\/v2\/product"}],"about":[{"href":"https:\/\/www.bagnoitalia.com\/es\/wp-json\/wp\/v2\/types\/product"}],"replies":[{"embeddable":true,"href":"https:\/\/www.bagnoitalia.com\/es\/wp-json\/wp\/v2\/comments?post=83319"}],"version-history":[{"count":0,"href":"https:\/\/www.bagnoitalia.com\/es\/wp-json\/wp\/v2\/product\/83319\/revisions"}],"wp:featuredmedia":[{"embeddable":true,"href":"https:\/\/www.bagnoitalia.com\/es\/wp-json\/wp\/v2\/media\/63743"}],"wp:attachment":[{"href":"https:\/\/www.bagnoitalia.com\/es\/wp-json\/wp\/v2\/media?parent=83319"}],"wp:term":[{"taxonomy":"product_brand","embeddable":true,"href":"https:\/\/www.bagnoitalia.com\/es\/wp-json\/wp\/v2\/product_brand?post=83319"},{"taxonomy":"product_cat","embeddable":true,"href":"https:\/\/www.bagnoitalia.com\/es\/wp-json\/wp\/v2\/product_cat?post=83319"},{"taxonomy":"product_tag","embeddable":true,"href":"https:\/\/www.bagnoitalia.com\/es\/wp-json\/wp\/v2\/product_tag?post=83319"}],"curies":[{"name":"wp","href":"https:\/\/api.w.org\/{rel}","templated":true}]}}