{"id":83259,"date":"2023-06-30T13:12:04","date_gmt":"2023-06-30T11:12:04","guid":{"rendered":"https:\/\/www.bagnoitalia.com\/product\/low-noise-plasterboard-wall-drain-box-sc07-2"},"modified":"2023-06-30T13:12:04","modified_gmt":"2023-06-30T11:12:04","slug":"low-noise-plasterboard-wall-drain-box-sc07-2","status":"publish","type":"product","link":"https:\/\/www.bagnoitalia.com\/es\/producto\/low-noise-plasterboard-wall-drain-box-sc07-2.html","title":{"rendered":"Caja de desag\u00fce de pared de cart\u00f3n-yeso de bajo nivel sonoro SC07"},"content":{"rendered":"<p style=\"text-align: center;\"><span style=\"text-decoration: underline; color: #ff0000; font-size: 18pt;\"><strong>BANDEJA DE BASURA EMPOTRADA SC07<\/strong><\/span><\/p>\n<p>&nbsp;<\/p>\n<p>&nbsp;<\/p>\n<p><span style=\"text-decoration: underline;\"><strong>ESPECIFICACIONES DEL PRODUCTO:<\/strong><\/span><\/p>\n<p>Caja de desag\u00fce para empotrar en paredes de cart\u00f3n yeso<\/p>\n<p>Profundidad de empotrado 8cm<\/p>\n<p>Capacidad m\u00e1xima 9,5 litros<\/p>\n<p>V\u00e1lvula de desag\u00fce con sistema de \u00abdoble volumen\u00bb: despu\u00e9s de accionar la descarga completa de 9 litros, la descarga parcial queda inmediatamente disponible<\/p>\n<p>V\u00e1lvula de llenado hidr\u00e1ulica silenciosa<\/p>\n<p>Junta t\u00e9cnica para facilitar la extracci\u00f3n de la v\u00e1lvula hidr\u00e1ulica de la cisterna<\/p>\n<p>&nbsp;<\/p>\n<p>&nbsp;<\/p>\n<p>&nbsp;<\/p>\n<p>&nbsp;<\/p>\n<p>&nbsp;<\/p>\n<p>&nbsp;<\/p>\n<p>&nbsp;<\/p>\n<p>&nbsp;<\/p>\n<p>&nbsp;<\/p>\n<p>&nbsp;<\/p>\n<p>&nbsp;<\/p>\n<p>&nbsp;<\/p>\n<p>40YD25<\/p>\n","protected":false},"excerpt":{"rendered":"<p>Cisterna de desag\u00fce de 9,5 litros.<br \/>\nProfundidad de empotramiento de 8 cm, apta para paredes de cart\u00f3n-yeso. <\/p>\n","protected":false},"featured_media":63269,"comment_status":"open","ping_status":"closed","template":"","meta":[],"product_brand":[9902,9956],"product_cat":[9697],"product_tag":[],"class_list":{"0":"post-83259","1":"product","2":"type-product","3":"status-publish","4":"has-post-thumbnail","6":"product_brand-baritermo-es","7":"product_brand-thermo-professional-es","8":"product_cat-bano-sanitario","10":"first","11":"instock","12":"sale","13":"taxable","14":"shipping-taxable","15":"purchasable","16":"product-type-simple"},"exclude_global_add_ons":[],"addons":[],"yoast_head":"<!-- This site is optimized with the Yoast SEO plugin v26.7 - https:\/\/yoast.com\/wordpress\/plugins\/seo\/ -->\n<title>Caja de desag\u00fce de pared de cart\u00f3n-yeso de bajo nivel sonoro SC07<\/title>\n<meta name=\"description\" content=\"Cisterna de desag\u00fce de 9,5 litros. &#013;&#010;Profundidad de empotramiento de 8 cm, apta para paredes de cart\u00f3n-yeso.\" \/>\n<meta name=\"robots\" content=\"index, follow, max-snippet:-1, max-image-preview:large, max-video-preview:-1\" \/>\n<link rel=\"canonical\" href=\"https:\/\/www.bagnoitalia.com\/es\/producto\/low-noise-plasterboard-wall-drain-box-sc07-2.html\" \/>\n<meta property=\"og:locale\" content=\"es_ES\" \/>\n<meta property=\"og:type\" content=\"article\" \/>\n<meta property=\"og:title\" content=\"Caja de desag\u00fce de pared de cart\u00f3n-yeso de bajo nivel sonoro SC07\" \/>\n<meta property=\"og:description\" content=\"Cisterna de desag\u00fce de 9,5 litros. &#013;&#010;Profundidad de empotramiento de 8 cm, apta para paredes de cart\u00f3n-yeso.\" \/>\n<meta property=\"og:url\" content=\"https:\/\/www.bagnoitalia.com\/es\/producto\/low-noise-plasterboard-wall-drain-box-sc07-2.html\" \/>\n<meta property=\"og:site_name\" content=\"Bagno Italia\" \/>\n<meta property=\"og:image\" content=\"https:\/\/img.bagnoitalia.com\/wp-content\/uploads\/virtuemart\/product\/cassette-discharge-wc-water-sanitary-1.jpg\" \/>\n\t<meta property=\"og:image:width\" content=\"500\" \/>\n\t<meta property=\"og:image:height\" content=\"500\" \/>\n\t<meta property=\"og:image:type\" content=\"image\/jpeg\" \/>\n<meta name=\"twitter:card\" content=\"summary_large_image\" \/>\n<script type=\"application\/ld+json\" class=\"yoast-schema-graph\">{\"@context\":\"https:\/\/schema.org\",\"@graph\":[{\"@type\":\"WebPage\",\"@id\":\"https:\/\/www.bagnoitalia.com\/es\/producto\/low-noise-plasterboard-wall-drain-box-sc07-2.html\",\"url\":\"https:\/\/www.bagnoitalia.com\/es\/producto\/low-noise-plasterboard-wall-drain-box-sc07-2.html\",\"name\":\"Caja de desag\u00fce de pared de cart\u00f3n-yeso de bajo nivel sonoro SC07\",\"isPartOf\":{\"@id\":\"https:\/\/www.bagnoitalia.com\/es#website\"},\"primaryImageOfPage\":{\"@id\":\"https:\/\/www.bagnoitalia.com\/es\/producto\/low-noise-plasterboard-wall-drain-box-sc07-2.html#primaryimage\"},\"image\":{\"@id\":\"https:\/\/www.bagnoitalia.com\/es\/producto\/low-noise-plasterboard-wall-drain-box-sc07-2.html#primaryimage\"},\"thumbnailUrl\":\"https:\/\/img.bagnoitalia.com\/wp-content\/uploads\/virtuemart\/product\/cassette-discharge-wc-water-sanitary-1.jpg\",\"datePublished\":\"2023-06-30T11:12:04+00:00\",\"description\":\"Cisterna de desag\u00fce de 9,5 litros. &#13;&#10;Profundidad de empotramiento de 8 cm, apta para paredes de cart\u00f3n-yeso.\",\"breadcrumb\":{\"@id\":\"https:\/\/www.bagnoitalia.com\/es\/producto\/low-noise-plasterboard-wall-drain-box-sc07-2.html#breadcrumb\"},\"inLanguage\":\"es\",\"potentialAction\":[{\"@type\":\"ReadAction\",\"target\":[\"https:\/\/www.bagnoitalia.com\/es\/producto\/low-noise-plasterboard-wall-drain-box-sc07-2.html\"]}]},{\"@type\":\"ImageObject\",\"inLanguage\":\"es\",\"@id\":\"https:\/\/www.bagnoitalia.com\/es\/producto\/low-noise-plasterboard-wall-drain-box-sc07-2.html#primaryimage\",\"url\":\"https:\/\/img.bagnoitalia.com\/wp-content\/uploads\/virtuemart\/product\/cassette-discharge-wc-water-sanitary-1.jpg\",\"contentUrl\":\"https:\/\/img.bagnoitalia.com\/wp-content\/uploads\/virtuemart\/product\/cassette-discharge-wc-water-sanitary-1.jpg\",\"width\":500,\"height\":500},{\"@type\":\"BreadcrumbList\",\"@id\":\"https:\/\/www.bagnoitalia.com\/es\/producto\/low-noise-plasterboard-wall-drain-box-sc07-2.html#breadcrumb\",\"itemListElement\":[{\"@type\":\"ListItem\",\"position\":1,\"name\":\"Home\",\"item\":\"https:\/\/www.bagnoitalia.com\/es\"},{\"@type\":\"ListItem\",\"position\":2,\"name\":\"Productos\",\"item\":\"https:\/\/www.bagnoitalia.com\/es\/shop\"},{\"@type\":\"ListItem\",\"position\":3,\"name\":\"Caja de desag\u00fce de pared de cart\u00f3n-yeso de bajo nivel sonoro SC07\"}]},{\"@type\":\"WebSite\",\"@id\":\"https:\/\/www.bagnoitalia.com\/es#website\",\"url\":\"https:\/\/www.bagnoitalia.com\/es\",\"name\":\"Bagno Italia\",\"description\":\"\",\"publisher\":{\"@id\":\"https:\/\/www.bagnoitalia.com\/es#organization\"},\"potentialAction\":[{\"@type\":\"SearchAction\",\"target\":{\"@type\":\"EntryPoint\",\"urlTemplate\":\"https:\/\/www.bagnoitalia.com\/es?s={search_term_string}\"},\"query-input\":{\"@type\":\"PropertyValueSpecification\",\"valueRequired\":true,\"valueName\":\"search_term_string\"}}],\"inLanguage\":\"es\"},{\"@type\":\"Organization\",\"@id\":\"https:\/\/www.bagnoitalia.com\/es#organization\",\"name\":\"Bagno Italia\",\"url\":\"https:\/\/www.bagnoitalia.com\/es\",\"logo\":{\"@type\":\"ImageObject\",\"inLanguage\":\"es\",\"@id\":\"https:\/\/www.bagnoitalia.com\/es#\/schema\/logo\/image\/\",\"url\":\"https:\/\/img.bagnoitalia.com\/wp-content\/uploads\/logo-bagnoitalia.webp\",\"contentUrl\":\"https:\/\/img.bagnoitalia.com\/wp-content\/uploads\/logo-bagnoitalia.webp\",\"width\":400,\"height\":70,\"caption\":\"Bagno Italia\"},\"image\":{\"@id\":\"https:\/\/www.bagnoitalia.com\/es#\/schema\/logo\/image\/\"}}]}<\/script>\n<!-- \/ Yoast SEO plugin. -->","yoast_head_json":{"title":"Caja de desag\u00fce de pared de cart\u00f3n-yeso de bajo nivel sonoro SC07","description":"Cisterna de desag\u00fce de 9,5 litros. &#13;&#10;Profundidad de empotramiento de 8 cm, apta para paredes de cart\u00f3n-yeso.","robots":{"index":"index","follow":"follow","max-snippet":"max-snippet:-1","max-image-preview":"max-image-preview:large","max-video-preview":"max-video-preview:-1"},"canonical":"https:\/\/www.bagnoitalia.com\/es\/producto\/low-noise-plasterboard-wall-drain-box-sc07-2.html","og_locale":"es_ES","og_type":"article","og_title":"Caja de desag\u00fce de pared de cart\u00f3n-yeso de bajo nivel sonoro SC07","og_description":"Cisterna de desag\u00fce de 9,5 litros. &#13;&#10;Profundidad de empotramiento de 8 cm, apta para paredes de cart\u00f3n-yeso.","og_url":"https:\/\/www.bagnoitalia.com\/es\/producto\/low-noise-plasterboard-wall-drain-box-sc07-2.html","og_site_name":"Bagno Italia","og_image":[{"width":500,"height":500,"url":"https:\/\/img.bagnoitalia.com\/wp-content\/uploads\/virtuemart\/product\/cassette-discharge-wc-water-sanitary-1.jpg","type":"image\/jpeg"}],"twitter_card":"summary_large_image","schema":{"@context":"https:\/\/schema.org","@graph":[{"@type":"WebPage","@id":"https:\/\/www.bagnoitalia.com\/es\/producto\/low-noise-plasterboard-wall-drain-box-sc07-2.html","url":"https:\/\/www.bagnoitalia.com\/es\/producto\/low-noise-plasterboard-wall-drain-box-sc07-2.html","name":"Caja de desag\u00fce de pared de cart\u00f3n-yeso de bajo nivel sonoro SC07","isPartOf":{"@id":"https:\/\/www.bagnoitalia.com\/es#website"},"primaryImageOfPage":{"@id":"https:\/\/www.bagnoitalia.com\/es\/producto\/low-noise-plasterboard-wall-drain-box-sc07-2.html#primaryimage"},"image":{"@id":"https:\/\/www.bagnoitalia.com\/es\/producto\/low-noise-plasterboard-wall-drain-box-sc07-2.html#primaryimage"},"thumbnailUrl":"https:\/\/img.bagnoitalia.com\/wp-content\/uploads\/virtuemart\/product\/cassette-discharge-wc-water-sanitary-1.jpg","datePublished":"2023-06-30T11:12:04+00:00","description":"Cisterna de desag\u00fce de 9,5 litros. &#13;&#10;Profundidad de empotramiento de 8 cm, apta para paredes de cart\u00f3n-yeso.","breadcrumb":{"@id":"https:\/\/www.bagnoitalia.com\/es\/producto\/low-noise-plasterboard-wall-drain-box-sc07-2.html#breadcrumb"},"inLanguage":"es","potentialAction":[{"@type":"ReadAction","target":["https:\/\/www.bagnoitalia.com\/es\/producto\/low-noise-plasterboard-wall-drain-box-sc07-2.html"]}]},{"@type":"ImageObject","inLanguage":"es","@id":"https:\/\/www.bagnoitalia.com\/es\/producto\/low-noise-plasterboard-wall-drain-box-sc07-2.html#primaryimage","url":"https:\/\/img.bagnoitalia.com\/wp-content\/uploads\/virtuemart\/product\/cassette-discharge-wc-water-sanitary-1.jpg","contentUrl":"https:\/\/img.bagnoitalia.com\/wp-content\/uploads\/virtuemart\/product\/cassette-discharge-wc-water-sanitary-1.jpg","width":500,"height":500},{"@type":"BreadcrumbList","@id":"https:\/\/www.bagnoitalia.com\/es\/producto\/low-noise-plasterboard-wall-drain-box-sc07-2.html#breadcrumb","itemListElement":[{"@type":"ListItem","position":1,"name":"Home","item":"https:\/\/www.bagnoitalia.com\/es"},{"@type":"ListItem","position":2,"name":"Productos","item":"https:\/\/www.bagnoitalia.com\/es\/shop"},{"@type":"ListItem","position":3,"name":"Caja de desag\u00fce de pared de cart\u00f3n-yeso de bajo nivel sonoro SC07"}]},{"@type":"WebSite","@id":"https:\/\/www.bagnoitalia.com\/es#website","url":"https:\/\/www.bagnoitalia.com\/es","name":"Bagno Italia","description":"","publisher":{"@id":"https:\/\/www.bagnoitalia.com\/es#organization"},"potentialAction":[{"@type":"SearchAction","target":{"@type":"EntryPoint","urlTemplate":"https:\/\/www.bagnoitalia.com\/es?s={search_term_string}"},"query-input":{"@type":"PropertyValueSpecification","valueRequired":true,"valueName":"search_term_string"}}],"inLanguage":"es"},{"@type":"Organization","@id":"https:\/\/www.bagnoitalia.com\/es#organization","name":"Bagno Italia","url":"https:\/\/www.bagnoitalia.com\/es","logo":{"@type":"ImageObject","inLanguage":"es","@id":"https:\/\/www.bagnoitalia.com\/es#\/schema\/logo\/image\/","url":"https:\/\/img.bagnoitalia.com\/wp-content\/uploads\/logo-bagnoitalia.webp","contentUrl":"https:\/\/img.bagnoitalia.com\/wp-content\/uploads\/logo-bagnoitalia.webp","width":400,"height":70,"caption":"Bagno Italia"},"image":{"@id":"https:\/\/www.bagnoitalia.com\/es#\/schema\/logo\/image\/"}}]}},"_links":{"self":[{"href":"https:\/\/www.bagnoitalia.com\/es\/wp-json\/wp\/v2\/product\/83259","targetHints":{"allow":["GET"]}}],"collection":[{"href":"https:\/\/www.bagnoitalia.com\/es\/wp-json\/wp\/v2\/product"}],"about":[{"href":"https:\/\/www.bagnoitalia.com\/es\/wp-json\/wp\/v2\/types\/product"}],"replies":[{"embeddable":true,"href":"https:\/\/www.bagnoitalia.com\/es\/wp-json\/wp\/v2\/comments?post=83259"}],"version-history":[{"count":0,"href":"https:\/\/www.bagnoitalia.com\/es\/wp-json\/wp\/v2\/product\/83259\/revisions"}],"wp:featuredmedia":[{"embeddable":true,"href":"https:\/\/www.bagnoitalia.com\/es\/wp-json\/wp\/v2\/media\/63269"}],"wp:attachment":[{"href":"https:\/\/www.bagnoitalia.com\/es\/wp-json\/wp\/v2\/media?parent=83259"}],"wp:term":[{"taxonomy":"product_brand","embeddable":true,"href":"https:\/\/www.bagnoitalia.com\/es\/wp-json\/wp\/v2\/product_brand?post=83259"},{"taxonomy":"product_cat","embeddable":true,"href":"https:\/\/www.bagnoitalia.com\/es\/wp-json\/wp\/v2\/product_cat?post=83259"},{"taxonomy":"product_tag","embeddable":true,"href":"https:\/\/www.bagnoitalia.com\/es\/wp-json\/wp\/v2\/product_tag?post=83259"}],"curies":[{"name":"wp","href":"https:\/\/api.w.org\/{rel}","templated":true}]}}