{"id":83251,"date":"2023-06-29T15:32:25","date_gmt":"2023-06-29T13:32:25","guid":{"rendered":"https:\/\/www.bagnoitalia.com\/product\/grohe-low-noise-flush-cistern-for-wall-hung-toilet-sc05-2"},"modified":"2023-06-29T15:32:25","modified_gmt":"2023-06-29T13:32:25","slug":"grohe-low-noise-flush-cistern-for-wall-hung-toilet-sc05-2","status":"publish","type":"product","link":"https:\/\/www.bagnoitalia.com\/es\/producto\/grohe-low-noise-flush-cistern-for-wall-hung-toilet-sc05-2.html","title":{"rendered":"GROHE cisterna silenciosa para inodoro suspendido SC05"},"content":{"rendered":"<p style=\"text-align: center;\"><span style=\"text-decoration: underline; color: #ff0000; font-size: 18pt;\"><strong>GROHE CAJA DE DESCARGA SC05<\/strong><\/span><\/p>\n<p>&nbsp;<\/p>\n<p>&nbsp;<\/p>\n<p><span style=\"text-decoration: underline;\"><strong>DETALLES<\/strong><\/span><\/p>\n<p>Cisterna de descarga de la marca Grohe, silenciosa<\/p>\n<p>Para inodoros suspendidos<\/p>\n<p>Revestimiento de resina vin\u00edlica<\/p>\n<p>8cm de espesor<\/p>\n<p>Entrada de agua por arriba<\/p>\n<p>Caudal regulable<\/p>\n<p>V\u00e1lvula de descarga de 3 funciones<\/p>\n<p>doble descarga<br \/>arranque\/parada<br \/>una descarga<br \/>&nbsp;<\/p>\n<p>&nbsp;<\/p>\n<p>&nbsp;<\/p>\n<p>&nbsp;<\/p>\n<p>&nbsp;<\/p>\n<p>&nbsp;<\/p>\n<p>&nbsp;<\/p>\n<p>&nbsp;<\/p>\n<p>&nbsp;<\/p>\n<p>&nbsp;<\/p>\n<p>&nbsp;<\/p>\n<p>&nbsp;<\/p>\n<p>&nbsp;<\/p>\n<p>43RI87<\/p>\n","protected":false},"excerpt":{"rendered":"<p>Cisterna de desag\u00fce de la marca GROHE, v\u00e1lvula de desag\u00fce con 3 tipos de funcionamiento.<\/p>\n","protected":false},"featured_media":63253,"comment_status":"open","ping_status":"closed","template":"","meta":[],"product_brand":[9902,9956],"product_cat":[9697],"product_tag":[],"class_list":{"0":"post-83251","1":"product","2":"type-product","3":"status-publish","4":"has-post-thumbnail","6":"product_brand-baritermo-es","7":"product_brand-thermo-professional-es","8":"product_cat-bano-sanitario","10":"first","11":"instock","12":"sale","13":"taxable","14":"shipping-taxable","15":"purchasable","16":"product-type-simple"},"exclude_global_add_ons":[],"addons":[],"yoast_head":"<!-- This site is optimized with the Yoast SEO plugin v26.7 - https:\/\/yoast.com\/wordpress\/plugins\/seo\/ -->\n<title>GROHE cisterna silenciosa para inodoro suspendido SC05<\/title>\n<meta name=\"description\" content=\"Cisterna de desag\u00fce de la marca GROHE, v\u00e1lvula de desag\u00fce con 3 tipos de funcionamiento.\" \/>\n<meta name=\"robots\" content=\"index, follow, max-snippet:-1, max-image-preview:large, max-video-preview:-1\" \/>\n<link rel=\"canonical\" href=\"https:\/\/www.bagnoitalia.com\/es\/producto\/grohe-low-noise-flush-cistern-for-wall-hung-toilet-sc05-2.html\" \/>\n<meta property=\"og:locale\" content=\"es_ES\" \/>\n<meta property=\"og:type\" content=\"article\" \/>\n<meta property=\"og:title\" content=\"GROHE cisterna silenciosa para inodoro suspendido SC05\" \/>\n<meta property=\"og:description\" content=\"Cisterna de desag\u00fce de la marca GROHE, v\u00e1lvula de desag\u00fce con 3 tipos de funcionamiento.\" \/>\n<meta property=\"og:url\" content=\"https:\/\/www.bagnoitalia.com\/es\/producto\/grohe-low-noise-flush-cistern-for-wall-hung-toilet-sc05-2.html\" \/>\n<meta property=\"og:site_name\" content=\"Bagno Italia\" \/>\n<meta property=\"og:image\" content=\"https:\/\/img.bagnoitalia.com\/wp-content\/uploads\/virtuemart\/product\/flush-wc-suspended.jpg\" \/>\n\t<meta property=\"og:image:width\" content=\"500\" \/>\n\t<meta property=\"og:image:height\" content=\"500\" \/>\n\t<meta property=\"og:image:type\" content=\"image\/jpeg\" \/>\n<meta name=\"twitter:card\" content=\"summary_large_image\" \/>\n<script type=\"application\/ld+json\" class=\"yoast-schema-graph\">{\"@context\":\"https:\/\/schema.org\",\"@graph\":[{\"@type\":\"WebPage\",\"@id\":\"https:\/\/www.bagnoitalia.com\/es\/producto\/grohe-low-noise-flush-cistern-for-wall-hung-toilet-sc05-2.html\",\"url\":\"https:\/\/www.bagnoitalia.com\/es\/producto\/grohe-low-noise-flush-cistern-for-wall-hung-toilet-sc05-2.html\",\"name\":\"GROHE cisterna silenciosa para inodoro suspendido SC05\",\"isPartOf\":{\"@id\":\"https:\/\/www.bagnoitalia.com\/es#website\"},\"primaryImageOfPage\":{\"@id\":\"https:\/\/www.bagnoitalia.com\/es\/producto\/grohe-low-noise-flush-cistern-for-wall-hung-toilet-sc05-2.html#primaryimage\"},\"image\":{\"@id\":\"https:\/\/www.bagnoitalia.com\/es\/producto\/grohe-low-noise-flush-cistern-for-wall-hung-toilet-sc05-2.html#primaryimage\"},\"thumbnailUrl\":\"https:\/\/img.bagnoitalia.com\/wp-content\/uploads\/virtuemart\/product\/flush-wc-suspended.jpg\",\"datePublished\":\"2023-06-29T13:32:25+00:00\",\"description\":\"Cisterna de desag\u00fce de la marca GROHE, v\u00e1lvula de desag\u00fce con 3 tipos de funcionamiento.\",\"breadcrumb\":{\"@id\":\"https:\/\/www.bagnoitalia.com\/es\/producto\/grohe-low-noise-flush-cistern-for-wall-hung-toilet-sc05-2.html#breadcrumb\"},\"inLanguage\":\"es\",\"potentialAction\":[{\"@type\":\"ReadAction\",\"target\":[\"https:\/\/www.bagnoitalia.com\/es\/producto\/grohe-low-noise-flush-cistern-for-wall-hung-toilet-sc05-2.html\"]}]},{\"@type\":\"ImageObject\",\"inLanguage\":\"es\",\"@id\":\"https:\/\/www.bagnoitalia.com\/es\/producto\/grohe-low-noise-flush-cistern-for-wall-hung-toilet-sc05-2.html#primaryimage\",\"url\":\"https:\/\/img.bagnoitalia.com\/wp-content\/uploads\/virtuemart\/product\/flush-wc-suspended.jpg\",\"contentUrl\":\"https:\/\/img.bagnoitalia.com\/wp-content\/uploads\/virtuemart\/product\/flush-wc-suspended.jpg\",\"width\":500,\"height\":500},{\"@type\":\"BreadcrumbList\",\"@id\":\"https:\/\/www.bagnoitalia.com\/es\/producto\/grohe-low-noise-flush-cistern-for-wall-hung-toilet-sc05-2.html#breadcrumb\",\"itemListElement\":[{\"@type\":\"ListItem\",\"position\":1,\"name\":\"Home\",\"item\":\"https:\/\/www.bagnoitalia.com\/es\"},{\"@type\":\"ListItem\",\"position\":2,\"name\":\"Productos\",\"item\":\"https:\/\/www.bagnoitalia.com\/es\/shop\"},{\"@type\":\"ListItem\",\"position\":3,\"name\":\"GROHE cisterna silenciosa para inodoro suspendido SC05\"}]},{\"@type\":\"WebSite\",\"@id\":\"https:\/\/www.bagnoitalia.com\/es#website\",\"url\":\"https:\/\/www.bagnoitalia.com\/es\",\"name\":\"Bagno Italia\",\"description\":\"\",\"publisher\":{\"@id\":\"https:\/\/www.bagnoitalia.com\/es#organization\"},\"potentialAction\":[{\"@type\":\"SearchAction\",\"target\":{\"@type\":\"EntryPoint\",\"urlTemplate\":\"https:\/\/www.bagnoitalia.com\/es?s={search_term_string}\"},\"query-input\":{\"@type\":\"PropertyValueSpecification\",\"valueRequired\":true,\"valueName\":\"search_term_string\"}}],\"inLanguage\":\"es\"},{\"@type\":\"Organization\",\"@id\":\"https:\/\/www.bagnoitalia.com\/es#organization\",\"name\":\"Bagno Italia\",\"url\":\"https:\/\/www.bagnoitalia.com\/es\",\"logo\":{\"@type\":\"ImageObject\",\"inLanguage\":\"es\",\"@id\":\"https:\/\/www.bagnoitalia.com\/es#\/schema\/logo\/image\/\",\"url\":\"https:\/\/img.bagnoitalia.com\/wp-content\/uploads\/logo-bagnoitalia.webp\",\"contentUrl\":\"https:\/\/img.bagnoitalia.com\/wp-content\/uploads\/logo-bagnoitalia.webp\",\"width\":400,\"height\":70,\"caption\":\"Bagno Italia\"},\"image\":{\"@id\":\"https:\/\/www.bagnoitalia.com\/es#\/schema\/logo\/image\/\"}}]}<\/script>\n<!-- \/ Yoast SEO plugin. -->","yoast_head_json":{"title":"GROHE cisterna silenciosa para inodoro suspendido SC05","description":"Cisterna de desag\u00fce de la marca GROHE, v\u00e1lvula de desag\u00fce con 3 tipos de funcionamiento.","robots":{"index":"index","follow":"follow","max-snippet":"max-snippet:-1","max-image-preview":"max-image-preview:large","max-video-preview":"max-video-preview:-1"},"canonical":"https:\/\/www.bagnoitalia.com\/es\/producto\/grohe-low-noise-flush-cistern-for-wall-hung-toilet-sc05-2.html","og_locale":"es_ES","og_type":"article","og_title":"GROHE cisterna silenciosa para inodoro suspendido SC05","og_description":"Cisterna de desag\u00fce de la marca GROHE, v\u00e1lvula de desag\u00fce con 3 tipos de funcionamiento.","og_url":"https:\/\/www.bagnoitalia.com\/es\/producto\/grohe-low-noise-flush-cistern-for-wall-hung-toilet-sc05-2.html","og_site_name":"Bagno Italia","og_image":[{"width":500,"height":500,"url":"https:\/\/img.bagnoitalia.com\/wp-content\/uploads\/virtuemart\/product\/flush-wc-suspended.jpg","type":"image\/jpeg"}],"twitter_card":"summary_large_image","schema":{"@context":"https:\/\/schema.org","@graph":[{"@type":"WebPage","@id":"https:\/\/www.bagnoitalia.com\/es\/producto\/grohe-low-noise-flush-cistern-for-wall-hung-toilet-sc05-2.html","url":"https:\/\/www.bagnoitalia.com\/es\/producto\/grohe-low-noise-flush-cistern-for-wall-hung-toilet-sc05-2.html","name":"GROHE cisterna silenciosa para inodoro suspendido SC05","isPartOf":{"@id":"https:\/\/www.bagnoitalia.com\/es#website"},"primaryImageOfPage":{"@id":"https:\/\/www.bagnoitalia.com\/es\/producto\/grohe-low-noise-flush-cistern-for-wall-hung-toilet-sc05-2.html#primaryimage"},"image":{"@id":"https:\/\/www.bagnoitalia.com\/es\/producto\/grohe-low-noise-flush-cistern-for-wall-hung-toilet-sc05-2.html#primaryimage"},"thumbnailUrl":"https:\/\/img.bagnoitalia.com\/wp-content\/uploads\/virtuemart\/product\/flush-wc-suspended.jpg","datePublished":"2023-06-29T13:32:25+00:00","description":"Cisterna de desag\u00fce de la marca GROHE, v\u00e1lvula de desag\u00fce con 3 tipos de funcionamiento.","breadcrumb":{"@id":"https:\/\/www.bagnoitalia.com\/es\/producto\/grohe-low-noise-flush-cistern-for-wall-hung-toilet-sc05-2.html#breadcrumb"},"inLanguage":"es","potentialAction":[{"@type":"ReadAction","target":["https:\/\/www.bagnoitalia.com\/es\/producto\/grohe-low-noise-flush-cistern-for-wall-hung-toilet-sc05-2.html"]}]},{"@type":"ImageObject","inLanguage":"es","@id":"https:\/\/www.bagnoitalia.com\/es\/producto\/grohe-low-noise-flush-cistern-for-wall-hung-toilet-sc05-2.html#primaryimage","url":"https:\/\/img.bagnoitalia.com\/wp-content\/uploads\/virtuemart\/product\/flush-wc-suspended.jpg","contentUrl":"https:\/\/img.bagnoitalia.com\/wp-content\/uploads\/virtuemart\/product\/flush-wc-suspended.jpg","width":500,"height":500},{"@type":"BreadcrumbList","@id":"https:\/\/www.bagnoitalia.com\/es\/producto\/grohe-low-noise-flush-cistern-for-wall-hung-toilet-sc05-2.html#breadcrumb","itemListElement":[{"@type":"ListItem","position":1,"name":"Home","item":"https:\/\/www.bagnoitalia.com\/es"},{"@type":"ListItem","position":2,"name":"Productos","item":"https:\/\/www.bagnoitalia.com\/es\/shop"},{"@type":"ListItem","position":3,"name":"GROHE cisterna silenciosa para inodoro suspendido SC05"}]},{"@type":"WebSite","@id":"https:\/\/www.bagnoitalia.com\/es#website","url":"https:\/\/www.bagnoitalia.com\/es","name":"Bagno Italia","description":"","publisher":{"@id":"https:\/\/www.bagnoitalia.com\/es#organization"},"potentialAction":[{"@type":"SearchAction","target":{"@type":"EntryPoint","urlTemplate":"https:\/\/www.bagnoitalia.com\/es?s={search_term_string}"},"query-input":{"@type":"PropertyValueSpecification","valueRequired":true,"valueName":"search_term_string"}}],"inLanguage":"es"},{"@type":"Organization","@id":"https:\/\/www.bagnoitalia.com\/es#organization","name":"Bagno Italia","url":"https:\/\/www.bagnoitalia.com\/es","logo":{"@type":"ImageObject","inLanguage":"es","@id":"https:\/\/www.bagnoitalia.com\/es#\/schema\/logo\/image\/","url":"https:\/\/img.bagnoitalia.com\/wp-content\/uploads\/logo-bagnoitalia.webp","contentUrl":"https:\/\/img.bagnoitalia.com\/wp-content\/uploads\/logo-bagnoitalia.webp","width":400,"height":70,"caption":"Bagno Italia"},"image":{"@id":"https:\/\/www.bagnoitalia.com\/es#\/schema\/logo\/image\/"}}]}},"_links":{"self":[{"href":"https:\/\/www.bagnoitalia.com\/es\/wp-json\/wp\/v2\/product\/83251","targetHints":{"allow":["GET"]}}],"collection":[{"href":"https:\/\/www.bagnoitalia.com\/es\/wp-json\/wp\/v2\/product"}],"about":[{"href":"https:\/\/www.bagnoitalia.com\/es\/wp-json\/wp\/v2\/types\/product"}],"replies":[{"embeddable":true,"href":"https:\/\/www.bagnoitalia.com\/es\/wp-json\/wp\/v2\/comments?post=83251"}],"version-history":[{"count":0,"href":"https:\/\/www.bagnoitalia.com\/es\/wp-json\/wp\/v2\/product\/83251\/revisions"}],"wp:featuredmedia":[{"embeddable":true,"href":"https:\/\/www.bagnoitalia.com\/es\/wp-json\/wp\/v2\/media\/63253"}],"wp:attachment":[{"href":"https:\/\/www.bagnoitalia.com\/es\/wp-json\/wp\/v2\/media?parent=83251"}],"wp:term":[{"taxonomy":"product_brand","embeddable":true,"href":"https:\/\/www.bagnoitalia.com\/es\/wp-json\/wp\/v2\/product_brand?post=83251"},{"taxonomy":"product_cat","embeddable":true,"href":"https:\/\/www.bagnoitalia.com\/es\/wp-json\/wp\/v2\/product_cat?post=83251"},{"taxonomy":"product_tag","embeddable":true,"href":"https:\/\/www.bagnoitalia.com\/es\/wp-json\/wp\/v2\/product_tag?post=83251"}],"curies":[{"name":"wp","href":"https:\/\/api.w.org\/{rel}","templated":true}]}}