{"id":83223,"date":"2023-06-27T14:23:25","date_gmt":"2023-06-27T12:23:25","guid":{"rendered":"https:\/\/www.bagnoitalia.com\/product\/semicircular-shower-enclosure-150x150-cm-for-two-people-with-black-whirlpool-tub-and-double-whirlpool-column-led-lights-and-radio-cb093-2"},"modified":"2023-06-27T14:23:25","modified_gmt":"2023-06-27T12:23:25","slug":"semicircular-shower-enclosure-150x150-cm-for-two-people-with-black-whirlpool-tub-and-double-whirlpool-column-led-lights-and-radio-cb093-2","status":"publish","type":"product","link":"https:\/\/www.bagnoitalia.com\/es\/producto\/semicircular-shower-enclosure-150x150-cm-for-two-people-with-black-whirlpool-tub-and-double-whirlpool-column-led-lights-and-radio-cb093-2.html","title":{"rendered":"Cabina de ducha semicircular 150&#215;150 cm para dos personas con ba\u00f1era de hidromasaje negra y doble columna de hidromasaje Luces LED y radio CB093"},"content":{"rendered":"<p style=\"text-align: center;\"><span style=\"text-decoration: underline; color: #ff0000; font-size: 14pt;\"><strong>&nbsp;CABINA DE HIDROMASAJE ANGULAR 150&#215;150 NEGRO CB093<\/strong><\/span><\/p>\n<p>&nbsp;<img fetchpriority=\"high\" decoding=\"async\" class=\" size-full wp-image-17283\" src=\"https:\/\/img.bagnoitalia.com\/wp-content\/uploads\/1-1.jpg\" alt=\"\" width=\"817\" height=\"135\" srcset=\"https:\/\/img.bagnoitalia.com\/wp-content\/uploads\/1-1.jpg 817w, https:\/\/img.bagnoitalia.com\/wp-content\/uploads\/1-1-768x127.jpg 768w, https:\/\/img.bagnoitalia.com\/wp-content\/uploads\/1-1-441x73.jpg 441w, https:\/\/img.bagnoitalia.com\/wp-content\/uploads\/1-1-600x99.jpg 600w, https:\/\/img.bagnoitalia.com\/wp-content\/uploads\/1-1-150x25.jpg 150w\" sizes=\"(max-width: 817px) 100vw, 817px\" \/><\/p>\n<p>&nbsp;<\/p>\n<p><span style=\"text-decoration: underline;\"><strong>CARACTER\u00cdSTICAS DEL PRODUCTO<\/strong><\/span><\/p>\n<p>Cabina de ducha angular, con ba\u00f1era negra, 150x150xH225 cm<\/p>\n<p>Doble columna de hidromasaje con asiento (8 jets por columna, para un total de 16 jets)<\/p>\n<p>Ba\u00f1era de abs antideslizante con 8 chorros peque\u00f1os y 4 grandes (total 12 chorros)<\/p>\n<p>1 coj\u00edn reposacabezas<\/p>\n<p>Puerta corredera de dos hojas con cierre magn\u00e9tico<\/p>\n<p>Cristal tintado de 5 mm<\/p>\n<p>Marquesina con rociador central y 2 focos de cromoterapia<\/p>\n<p>Ducha central basculante<\/p>\n<p>Pantalla de control<\/p>\n<p>Sistema de ventilaci\u00f3n<\/p>\n<p>Radio FM con altavoces<\/p>\n<p>Toallero<\/p>\n<p>Estante de cristal<\/p>\n<p>&nbsp;<\/p>\n<p>&nbsp;<\/p>\n<p>&nbsp;<\/p>\n<p>&nbsp;<\/p>\n<p>&nbsp;<\/p>\n<p>&nbsp;<\/p>\n","protected":false},"excerpt":{"rendered":"<p>Caja de hidromasaje esquinera, completa con dos columnas de ducha con asientos de hidromasaje. Los chorros tambi\u00e9n est\u00e1n presentes en el interior de la ba\u00f1era. Funciones adicionales incluidas: cromoterapia, radio con altavoces, sistema de ventilaci\u00f3n.<\/p>\n","protected":false},"featured_media":63061,"comment_status":"open","ping_status":"closed","template":"","meta":[],"product_brand":[5017],"product_cat":[9737],"product_tag":[],"class_list":{"0":"post-83223","1":"product","2":"type-product","3":"status-publish","4":"has-post-thumbnail","6":"product_brand-simba","7":"product_cat-cabina-de-hidromasaje","9":"first","10":"instock","11":"sale","12":"taxable","13":"shipping-taxable","14":"purchasable","15":"product-type-simple"},"exclude_global_add_ons":[],"addons":[],"yoast_head":"<!-- This site is optimized with the Yoast SEO plugin v26.7 - https:\/\/yoast.com\/wordpress\/plugins\/seo\/ -->\n<title>Cabina de ducha semicircular 150x150 cm para dos personas con ba\u00f1era de hidromasaje negra y doble columna de hidromasaje Luces LED y radio CB093<\/title>\n<meta name=\"description\" content=\"Caja de hidromasaje esquinera, completa con dos columnas de ducha con asientos de hidromasaje. Los chorros tambi\u00e9n est\u00e1n presentes en el interior de la ba\u00f1era. Funciones adicionales incluidas: cromoterapia, radio con altavoces, sistema de ventilaci\u00f3n.\" \/>\n<meta name=\"robots\" content=\"index, follow, max-snippet:-1, max-image-preview:large, max-video-preview:-1\" \/>\n<link rel=\"canonical\" href=\"https:\/\/www.bagnoitalia.com\/es\/producto\/semicircular-shower-enclosure-150x150-cm-for-two-people-with-black-whirlpool-tub-and-double-whirlpool-column-led-lights-and-radio-cb093-2.html\" \/>\n<meta property=\"og:locale\" content=\"es_ES\" \/>\n<meta property=\"og:type\" content=\"article\" \/>\n<meta property=\"og:title\" content=\"Cabina de ducha semicircular 150x150 cm para dos personas con ba\u00f1era de hidromasaje negra y doble columna de hidromasaje Luces LED y radio CB093\" \/>\n<meta property=\"og:description\" content=\"Caja de hidromasaje esquinera, completa con dos columnas de ducha con asientos de hidromasaje. Los chorros tambi\u00e9n est\u00e1n presentes en el interior de la ba\u00f1era. Funciones adicionales incluidas: cromoterapia, radio con altavoces, sistema de ventilaci\u00f3n.\" \/>\n<meta property=\"og:url\" content=\"https:\/\/www.bagnoitalia.com\/es\/producto\/semicircular-shower-enclosure-150x150-cm-for-two-people-with-black-whirlpool-tub-and-double-whirlpool-column-led-lights-and-radio-cb093-2.html\" \/>\n<meta property=\"og:site_name\" content=\"Bagno Italia\" \/>\n<meta property=\"og:image\" content=\"https:\/\/img.bagnoitalia.com\/wp-content\/uploads\/virtuemart\/product\/whirlpool-cabin-150x150-cm-glass-tub-black-details-1.jpg\" \/>\n\t<meta property=\"og:image:width\" content=\"550\" \/>\n\t<meta property=\"og:image:height\" content=\"550\" \/>\n\t<meta property=\"og:image:type\" content=\"image\/jpeg\" \/>\n<meta name=\"twitter:card\" content=\"summary_large_image\" \/>\n<meta name=\"twitter:label1\" content=\"Tiempo de lectura\" \/>\n\t<meta name=\"twitter:data1\" content=\"1 minuto\" \/>\n<script type=\"application\/ld+json\" class=\"yoast-schema-graph\">{\"@context\":\"https:\/\/schema.org\",\"@graph\":[{\"@type\":\"WebPage\",\"@id\":\"https:\/\/www.bagnoitalia.com\/es\/producto\/semicircular-shower-enclosure-150x150-cm-for-two-people-with-black-whirlpool-tub-and-double-whirlpool-column-led-lights-and-radio-cb093-2.html\",\"url\":\"https:\/\/www.bagnoitalia.com\/es\/producto\/semicircular-shower-enclosure-150x150-cm-for-two-people-with-black-whirlpool-tub-and-double-whirlpool-column-led-lights-and-radio-cb093-2.html\",\"name\":\"Cabina de ducha semicircular 150x150 cm para dos personas con ba\u00f1era de hidromasaje negra y doble columna de hidromasaje Luces LED y radio CB093\",\"isPartOf\":{\"@id\":\"https:\/\/www.bagnoitalia.com\/es#website\"},\"primaryImageOfPage\":{\"@id\":\"https:\/\/www.bagnoitalia.com\/es\/producto\/semicircular-shower-enclosure-150x150-cm-for-two-people-with-black-whirlpool-tub-and-double-whirlpool-column-led-lights-and-radio-cb093-2.html#primaryimage\"},\"image\":{\"@id\":\"https:\/\/www.bagnoitalia.com\/es\/producto\/semicircular-shower-enclosure-150x150-cm-for-two-people-with-black-whirlpool-tub-and-double-whirlpool-column-led-lights-and-radio-cb093-2.html#primaryimage\"},\"thumbnailUrl\":\"https:\/\/img.bagnoitalia.com\/wp-content\/uploads\/virtuemart\/product\/whirlpool-cabin-150x150-cm-glass-tub-black-details-1.jpg\",\"datePublished\":\"2023-06-27T12:23:25+00:00\",\"description\":\"Caja de hidromasaje esquinera, completa con dos columnas de ducha con asientos de hidromasaje. Los chorros tambi\u00e9n est\u00e1n presentes en el interior de la ba\u00f1era. Funciones adicionales incluidas: cromoterapia, radio con altavoces, sistema de ventilaci\u00f3n.\",\"breadcrumb\":{\"@id\":\"https:\/\/www.bagnoitalia.com\/es\/producto\/semicircular-shower-enclosure-150x150-cm-for-two-people-with-black-whirlpool-tub-and-double-whirlpool-column-led-lights-and-radio-cb093-2.html#breadcrumb\"},\"inLanguage\":\"es\",\"potentialAction\":[{\"@type\":\"ReadAction\",\"target\":[\"https:\/\/www.bagnoitalia.com\/es\/producto\/semicircular-shower-enclosure-150x150-cm-for-two-people-with-black-whirlpool-tub-and-double-whirlpool-column-led-lights-and-radio-cb093-2.html\"]}]},{\"@type\":\"ImageObject\",\"inLanguage\":\"es\",\"@id\":\"https:\/\/www.bagnoitalia.com\/es\/producto\/semicircular-shower-enclosure-150x150-cm-for-two-people-with-black-whirlpool-tub-and-double-whirlpool-column-led-lights-and-radio-cb093-2.html#primaryimage\",\"url\":\"https:\/\/img.bagnoitalia.com\/wp-content\/uploads\/virtuemart\/product\/whirlpool-cabin-150x150-cm-glass-tub-black-details-1.jpg\",\"contentUrl\":\"https:\/\/img.bagnoitalia.com\/wp-content\/uploads\/virtuemart\/product\/whirlpool-cabin-150x150-cm-glass-tub-black-details-1.jpg\",\"width\":550,\"height\":550},{\"@type\":\"BreadcrumbList\",\"@id\":\"https:\/\/www.bagnoitalia.com\/es\/producto\/semicircular-shower-enclosure-150x150-cm-for-two-people-with-black-whirlpool-tub-and-double-whirlpool-column-led-lights-and-radio-cb093-2.html#breadcrumb\",\"itemListElement\":[{\"@type\":\"ListItem\",\"position\":1,\"name\":\"Home\",\"item\":\"https:\/\/www.bagnoitalia.com\/es\"},{\"@type\":\"ListItem\",\"position\":2,\"name\":\"Productos\",\"item\":\"https:\/\/www.bagnoitalia.com\/es\/shop\"},{\"@type\":\"ListItem\",\"position\":3,\"name\":\"Cabina de ducha semicircular 150&#215;150 cm para dos personas con ba\u00f1era de hidromasaje negra y doble columna de hidromasaje Luces LED y radio CB093\"}]},{\"@type\":\"WebSite\",\"@id\":\"https:\/\/www.bagnoitalia.com\/es#website\",\"url\":\"https:\/\/www.bagnoitalia.com\/es\",\"name\":\"Bagno Italia\",\"description\":\"\",\"publisher\":{\"@id\":\"https:\/\/www.bagnoitalia.com\/es#organization\"},\"potentialAction\":[{\"@type\":\"SearchAction\",\"target\":{\"@type\":\"EntryPoint\",\"urlTemplate\":\"https:\/\/www.bagnoitalia.com\/es?s={search_term_string}\"},\"query-input\":{\"@type\":\"PropertyValueSpecification\",\"valueRequired\":true,\"valueName\":\"search_term_string\"}}],\"inLanguage\":\"es\"},{\"@type\":\"Organization\",\"@id\":\"https:\/\/www.bagnoitalia.com\/es#organization\",\"name\":\"Bagno Italia\",\"url\":\"https:\/\/www.bagnoitalia.com\/es\",\"logo\":{\"@type\":\"ImageObject\",\"inLanguage\":\"es\",\"@id\":\"https:\/\/www.bagnoitalia.com\/es#\/schema\/logo\/image\/\",\"url\":\"https:\/\/img.bagnoitalia.com\/wp-content\/uploads\/logo-bagnoitalia.webp\",\"contentUrl\":\"https:\/\/img.bagnoitalia.com\/wp-content\/uploads\/logo-bagnoitalia.webp\",\"width\":400,\"height\":70,\"caption\":\"Bagno Italia\"},\"image\":{\"@id\":\"https:\/\/www.bagnoitalia.com\/es#\/schema\/logo\/image\/\"}}]}<\/script>\n<!-- \/ Yoast SEO plugin. -->","yoast_head_json":{"title":"Cabina de ducha semicircular 150x150 cm para dos personas con ba\u00f1era de hidromasaje negra y doble columna de hidromasaje Luces LED y radio CB093","description":"Caja de hidromasaje esquinera, completa con dos columnas de ducha con asientos de hidromasaje. Los chorros tambi\u00e9n est\u00e1n presentes en el interior de la ba\u00f1era. Funciones adicionales incluidas: cromoterapia, radio con altavoces, sistema de ventilaci\u00f3n.","robots":{"index":"index","follow":"follow","max-snippet":"max-snippet:-1","max-image-preview":"max-image-preview:large","max-video-preview":"max-video-preview:-1"},"canonical":"https:\/\/www.bagnoitalia.com\/es\/producto\/semicircular-shower-enclosure-150x150-cm-for-two-people-with-black-whirlpool-tub-and-double-whirlpool-column-led-lights-and-radio-cb093-2.html","og_locale":"es_ES","og_type":"article","og_title":"Cabina de ducha semicircular 150x150 cm para dos personas con ba\u00f1era de hidromasaje negra y doble columna de hidromasaje Luces LED y radio CB093","og_description":"Caja de hidromasaje esquinera, completa con dos columnas de ducha con asientos de hidromasaje. Los chorros tambi\u00e9n est\u00e1n presentes en el interior de la ba\u00f1era. Funciones adicionales incluidas: cromoterapia, radio con altavoces, sistema de ventilaci\u00f3n.","og_url":"https:\/\/www.bagnoitalia.com\/es\/producto\/semicircular-shower-enclosure-150x150-cm-for-two-people-with-black-whirlpool-tub-and-double-whirlpool-column-led-lights-and-radio-cb093-2.html","og_site_name":"Bagno Italia","og_image":[{"width":550,"height":550,"url":"https:\/\/img.bagnoitalia.com\/wp-content\/uploads\/virtuemart\/product\/whirlpool-cabin-150x150-cm-glass-tub-black-details-1.jpg","type":"image\/jpeg"}],"twitter_card":"summary_large_image","twitter_misc":{"Tiempo de lectura":"1 minuto"},"schema":{"@context":"https:\/\/schema.org","@graph":[{"@type":"WebPage","@id":"https:\/\/www.bagnoitalia.com\/es\/producto\/semicircular-shower-enclosure-150x150-cm-for-two-people-with-black-whirlpool-tub-and-double-whirlpool-column-led-lights-and-radio-cb093-2.html","url":"https:\/\/www.bagnoitalia.com\/es\/producto\/semicircular-shower-enclosure-150x150-cm-for-two-people-with-black-whirlpool-tub-and-double-whirlpool-column-led-lights-and-radio-cb093-2.html","name":"Cabina de ducha semicircular 150x150 cm para dos personas con ba\u00f1era de hidromasaje negra y doble columna de hidromasaje Luces LED y radio CB093","isPartOf":{"@id":"https:\/\/www.bagnoitalia.com\/es#website"},"primaryImageOfPage":{"@id":"https:\/\/www.bagnoitalia.com\/es\/producto\/semicircular-shower-enclosure-150x150-cm-for-two-people-with-black-whirlpool-tub-and-double-whirlpool-column-led-lights-and-radio-cb093-2.html#primaryimage"},"image":{"@id":"https:\/\/www.bagnoitalia.com\/es\/producto\/semicircular-shower-enclosure-150x150-cm-for-two-people-with-black-whirlpool-tub-and-double-whirlpool-column-led-lights-and-radio-cb093-2.html#primaryimage"},"thumbnailUrl":"https:\/\/img.bagnoitalia.com\/wp-content\/uploads\/virtuemart\/product\/whirlpool-cabin-150x150-cm-glass-tub-black-details-1.jpg","datePublished":"2023-06-27T12:23:25+00:00","description":"Caja de hidromasaje esquinera, completa con dos columnas de ducha con asientos de hidromasaje. Los chorros tambi\u00e9n est\u00e1n presentes en el interior de la ba\u00f1era. Funciones adicionales incluidas: cromoterapia, radio con altavoces, sistema de ventilaci\u00f3n.","breadcrumb":{"@id":"https:\/\/www.bagnoitalia.com\/es\/producto\/semicircular-shower-enclosure-150x150-cm-for-two-people-with-black-whirlpool-tub-and-double-whirlpool-column-led-lights-and-radio-cb093-2.html#breadcrumb"},"inLanguage":"es","potentialAction":[{"@type":"ReadAction","target":["https:\/\/www.bagnoitalia.com\/es\/producto\/semicircular-shower-enclosure-150x150-cm-for-two-people-with-black-whirlpool-tub-and-double-whirlpool-column-led-lights-and-radio-cb093-2.html"]}]},{"@type":"ImageObject","inLanguage":"es","@id":"https:\/\/www.bagnoitalia.com\/es\/producto\/semicircular-shower-enclosure-150x150-cm-for-two-people-with-black-whirlpool-tub-and-double-whirlpool-column-led-lights-and-radio-cb093-2.html#primaryimage","url":"https:\/\/img.bagnoitalia.com\/wp-content\/uploads\/virtuemart\/product\/whirlpool-cabin-150x150-cm-glass-tub-black-details-1.jpg","contentUrl":"https:\/\/img.bagnoitalia.com\/wp-content\/uploads\/virtuemart\/product\/whirlpool-cabin-150x150-cm-glass-tub-black-details-1.jpg","width":550,"height":550},{"@type":"BreadcrumbList","@id":"https:\/\/www.bagnoitalia.com\/es\/producto\/semicircular-shower-enclosure-150x150-cm-for-two-people-with-black-whirlpool-tub-and-double-whirlpool-column-led-lights-and-radio-cb093-2.html#breadcrumb","itemListElement":[{"@type":"ListItem","position":1,"name":"Home","item":"https:\/\/www.bagnoitalia.com\/es"},{"@type":"ListItem","position":2,"name":"Productos","item":"https:\/\/www.bagnoitalia.com\/es\/shop"},{"@type":"ListItem","position":3,"name":"Cabina de ducha semicircular 150&#215;150 cm para dos personas con ba\u00f1era de hidromasaje negra y doble columna de hidromasaje Luces LED y radio CB093"}]},{"@type":"WebSite","@id":"https:\/\/www.bagnoitalia.com\/es#website","url":"https:\/\/www.bagnoitalia.com\/es","name":"Bagno Italia","description":"","publisher":{"@id":"https:\/\/www.bagnoitalia.com\/es#organization"},"potentialAction":[{"@type":"SearchAction","target":{"@type":"EntryPoint","urlTemplate":"https:\/\/www.bagnoitalia.com\/es?s={search_term_string}"},"query-input":{"@type":"PropertyValueSpecification","valueRequired":true,"valueName":"search_term_string"}}],"inLanguage":"es"},{"@type":"Organization","@id":"https:\/\/www.bagnoitalia.com\/es#organization","name":"Bagno Italia","url":"https:\/\/www.bagnoitalia.com\/es","logo":{"@type":"ImageObject","inLanguage":"es","@id":"https:\/\/www.bagnoitalia.com\/es#\/schema\/logo\/image\/","url":"https:\/\/img.bagnoitalia.com\/wp-content\/uploads\/logo-bagnoitalia.webp","contentUrl":"https:\/\/img.bagnoitalia.com\/wp-content\/uploads\/logo-bagnoitalia.webp","width":400,"height":70,"caption":"Bagno Italia"},"image":{"@id":"https:\/\/www.bagnoitalia.com\/es#\/schema\/logo\/image\/"}}]}},"_links":{"self":[{"href":"https:\/\/www.bagnoitalia.com\/es\/wp-json\/wp\/v2\/product\/83223","targetHints":{"allow":["GET"]}}],"collection":[{"href":"https:\/\/www.bagnoitalia.com\/es\/wp-json\/wp\/v2\/product"}],"about":[{"href":"https:\/\/www.bagnoitalia.com\/es\/wp-json\/wp\/v2\/types\/product"}],"replies":[{"embeddable":true,"href":"https:\/\/www.bagnoitalia.com\/es\/wp-json\/wp\/v2\/comments?post=83223"}],"version-history":[{"count":0,"href":"https:\/\/www.bagnoitalia.com\/es\/wp-json\/wp\/v2\/product\/83223\/revisions"}],"wp:featuredmedia":[{"embeddable":true,"href":"https:\/\/www.bagnoitalia.com\/es\/wp-json\/wp\/v2\/media\/63061"}],"wp:attachment":[{"href":"https:\/\/www.bagnoitalia.com\/es\/wp-json\/wp\/v2\/media?parent=83223"}],"wp:term":[{"taxonomy":"product_brand","embeddable":true,"href":"https:\/\/www.bagnoitalia.com\/es\/wp-json\/wp\/v2\/product_brand?post=83223"},{"taxonomy":"product_cat","embeddable":true,"href":"https:\/\/www.bagnoitalia.com\/es\/wp-json\/wp\/v2\/product_cat?post=83223"},{"taxonomy":"product_tag","embeddable":true,"href":"https:\/\/www.bagnoitalia.com\/es\/wp-json\/wp\/v2\/product_tag?post=83223"}],"curies":[{"name":"wp","href":"https:\/\/api.w.org\/{rel}","templated":true}]}}