{"id":83179,"date":"2023-06-15T10:38:34","date_gmt":"2023-06-15T08:38:34","guid":{"rendered":"https:\/\/www.bagnoitalia.com\/product\/chrome-plated-brass-swivel-kitchen-mixer-with-pull-out-spray-rb163-2"},"modified":"2023-06-15T10:38:34","modified_gmt":"2023-06-15T08:38:34","slug":"chrome-plated-brass-swivel-kitchen-mixer-with-pull-out-spray-rb163-2","status":"publish","type":"product","link":"https:\/\/www.bagnoitalia.com\/es\/producto\/chrome-plated-brass-swivel-kitchen-mixer-with-pull-out-spray-rb163-2.html","title":{"rendered":"Mezclador de cocina giratorio de lat\u00f3n cromado con rociador extra\u00edble RB163"},"content":{"rendered":"<p style=\"text-align: center;\"><span style=\"text-decoration: underline; color: #ff0000; font-size: 18pt;\"><strong>MEZCLADOR DE COCINA CON DUCHA DE MANO RB163<\/strong><\/span><\/p>\n<p>&nbsp;<\/p>\n<p><span style=\"text-decoration: underline;\"><strong>PRINCIPALES ESPECIFICACIONES DEL PRODUCTO<\/strong><\/span><\/p>\n<p>Grifo de fregadero<\/p>\n<p>Giratorio 360<\/p>\n<p>Equipado con teleducha extra\u00edble<\/p>\n<p>Fabricado en lat\u00f3n cromado<\/p>\n<p>Suministro de agua desde el ca\u00f1o (con rociador \u00abcl\u00e1sico\u00bb) o desde el rociador extra\u00edble (con rociador \u00ablluvia\u00bb)<\/p>\n<p>palanca mezcladora de agua<\/p>\n<p>palanca desviadora<\/p>\n<p>2 mangueras incluidas<\/p>\n<p>v\u00e1lvula cer\u00e1mica<\/p>\n<p>&nbsp;<\/p>\n<p>&nbsp;<\/p>\n<p>&nbsp;<\/p>\n<p>&nbsp;<br \/>&nbsp;<br \/>&nbsp;<\/p>\n","protected":false},"excerpt":{"rendered":"<p>Moderno grifo de cocina. Equipado con un rociador extra\u00edble y giratorio con chorro de lluvia. <\/p>\n","protected":false},"featured_media":62657,"comment_status":"open","ping_status":"closed","template":"","meta":[],"product_brand":[5004],"product_cat":[10044],"product_tag":[],"class_list":{"0":"post-83179","1":"product","2":"type-product","3":"status-publish","4":"has-post-thumbnail","6":"product_brand-vari-produttori","7":"product_cat-griferia-de-cocina","9":"first","10":"instock","11":"sale","12":"taxable","13":"shipping-taxable","14":"purchasable","15":"product-type-simple"},"exclude_global_add_ons":[],"addons":[],"yoast_head":"<!-- This site is optimized with the Yoast SEO plugin v26.7 - https:\/\/yoast.com\/wordpress\/plugins\/seo\/ -->\n<title>Mezclador de cocina giratorio de lat\u00f3n cromado con rociador extra\u00edble RB163<\/title>\n<meta name=\"description\" content=\"Moderno grifo de cocina. Equipado con un rociador extra\u00edble y giratorio con chorro de lluvia.\" \/>\n<meta name=\"robots\" content=\"index, follow, max-snippet:-1, max-image-preview:large, max-video-preview:-1\" \/>\n<link rel=\"canonical\" href=\"https:\/\/www.bagnoitalia.com\/es\/producto\/chrome-plated-brass-swivel-kitchen-mixer-with-pull-out-spray-rb163-2.html\" \/>\n<meta property=\"og:locale\" content=\"es_ES\" \/>\n<meta property=\"og:type\" content=\"article\" \/>\n<meta property=\"og:title\" content=\"Mezclador de cocina giratorio de lat\u00f3n cromado con rociador extra\u00edble RB163\" \/>\n<meta property=\"og:description\" content=\"Moderno grifo de cocina. Equipado con un rociador extra\u00edble y giratorio con chorro de lluvia.\" \/>\n<meta property=\"og:url\" content=\"https:\/\/www.bagnoitalia.com\/es\/producto\/chrome-plated-brass-swivel-kitchen-mixer-with-pull-out-spray-rb163-2.html\" \/>\n<meta property=\"og:site_name\" content=\"Bagno Italia\" \/>\n<meta property=\"og:image\" content=\"https:\/\/img.bagnoitalia.com\/wp-content\/uploads\/virtuemart\/product\/kitchen-mixer-rotary-with-window-nozzle-chrome-1.jpg\" \/>\n\t<meta property=\"og:image:width\" content=\"550\" \/>\n\t<meta property=\"og:image:height\" content=\"550\" \/>\n\t<meta property=\"og:image:type\" content=\"image\/jpeg\" \/>\n<meta name=\"twitter:card\" content=\"summary_large_image\" \/>\n<script type=\"application\/ld+json\" class=\"yoast-schema-graph\">{\"@context\":\"https:\/\/schema.org\",\"@graph\":[{\"@type\":\"WebPage\",\"@id\":\"https:\/\/www.bagnoitalia.com\/es\/producto\/chrome-plated-brass-swivel-kitchen-mixer-with-pull-out-spray-rb163-2.html\",\"url\":\"https:\/\/www.bagnoitalia.com\/es\/producto\/chrome-plated-brass-swivel-kitchen-mixer-with-pull-out-spray-rb163-2.html\",\"name\":\"Mezclador de cocina giratorio de lat\u00f3n cromado con rociador extra\u00edble RB163\",\"isPartOf\":{\"@id\":\"https:\/\/www.bagnoitalia.com\/es#website\"},\"primaryImageOfPage\":{\"@id\":\"https:\/\/www.bagnoitalia.com\/es\/producto\/chrome-plated-brass-swivel-kitchen-mixer-with-pull-out-spray-rb163-2.html#primaryimage\"},\"image\":{\"@id\":\"https:\/\/www.bagnoitalia.com\/es\/producto\/chrome-plated-brass-swivel-kitchen-mixer-with-pull-out-spray-rb163-2.html#primaryimage\"},\"thumbnailUrl\":\"https:\/\/img.bagnoitalia.com\/wp-content\/uploads\/virtuemart\/product\/kitchen-mixer-rotary-with-window-nozzle-chrome-1.jpg\",\"datePublished\":\"2023-06-15T08:38:34+00:00\",\"description\":\"Moderno grifo de cocina. Equipado con un rociador extra\u00edble y giratorio con chorro de lluvia.\",\"breadcrumb\":{\"@id\":\"https:\/\/www.bagnoitalia.com\/es\/producto\/chrome-plated-brass-swivel-kitchen-mixer-with-pull-out-spray-rb163-2.html#breadcrumb\"},\"inLanguage\":\"es\",\"potentialAction\":[{\"@type\":\"ReadAction\",\"target\":[\"https:\/\/www.bagnoitalia.com\/es\/producto\/chrome-plated-brass-swivel-kitchen-mixer-with-pull-out-spray-rb163-2.html\"]}]},{\"@type\":\"ImageObject\",\"inLanguage\":\"es\",\"@id\":\"https:\/\/www.bagnoitalia.com\/es\/producto\/chrome-plated-brass-swivel-kitchen-mixer-with-pull-out-spray-rb163-2.html#primaryimage\",\"url\":\"https:\/\/img.bagnoitalia.com\/wp-content\/uploads\/virtuemart\/product\/kitchen-mixer-rotary-with-window-nozzle-chrome-1.jpg\",\"contentUrl\":\"https:\/\/img.bagnoitalia.com\/wp-content\/uploads\/virtuemart\/product\/kitchen-mixer-rotary-with-window-nozzle-chrome-1.jpg\",\"width\":550,\"height\":550},{\"@type\":\"BreadcrumbList\",\"@id\":\"https:\/\/www.bagnoitalia.com\/es\/producto\/chrome-plated-brass-swivel-kitchen-mixer-with-pull-out-spray-rb163-2.html#breadcrumb\",\"itemListElement\":[{\"@type\":\"ListItem\",\"position\":1,\"name\":\"Home\",\"item\":\"https:\/\/www.bagnoitalia.com\/es\"},{\"@type\":\"ListItem\",\"position\":2,\"name\":\"Productos\",\"item\":\"https:\/\/www.bagnoitalia.com\/es\/shop\"},{\"@type\":\"ListItem\",\"position\":3,\"name\":\"Mezclador de cocina giratorio de lat\u00f3n cromado con rociador extra\u00edble RB163\"}]},{\"@type\":\"WebSite\",\"@id\":\"https:\/\/www.bagnoitalia.com\/es#website\",\"url\":\"https:\/\/www.bagnoitalia.com\/es\",\"name\":\"Bagno Italia\",\"description\":\"\",\"publisher\":{\"@id\":\"https:\/\/www.bagnoitalia.com\/es#organization\"},\"potentialAction\":[{\"@type\":\"SearchAction\",\"target\":{\"@type\":\"EntryPoint\",\"urlTemplate\":\"https:\/\/www.bagnoitalia.com\/es?s={search_term_string}\"},\"query-input\":{\"@type\":\"PropertyValueSpecification\",\"valueRequired\":true,\"valueName\":\"search_term_string\"}}],\"inLanguage\":\"es\"},{\"@type\":\"Organization\",\"@id\":\"https:\/\/www.bagnoitalia.com\/es#organization\",\"name\":\"Bagno Italia\",\"url\":\"https:\/\/www.bagnoitalia.com\/es\",\"logo\":{\"@type\":\"ImageObject\",\"inLanguage\":\"es\",\"@id\":\"https:\/\/www.bagnoitalia.com\/es#\/schema\/logo\/image\/\",\"url\":\"https:\/\/img.bagnoitalia.com\/wp-content\/uploads\/logo-bagnoitalia.webp\",\"contentUrl\":\"https:\/\/img.bagnoitalia.com\/wp-content\/uploads\/logo-bagnoitalia.webp\",\"width\":400,\"height\":70,\"caption\":\"Bagno Italia\"},\"image\":{\"@id\":\"https:\/\/www.bagnoitalia.com\/es#\/schema\/logo\/image\/\"}}]}<\/script>\n<!-- \/ Yoast SEO plugin. -->","yoast_head_json":{"title":"Mezclador de cocina giratorio de lat\u00f3n cromado con rociador extra\u00edble RB163","description":"Moderno grifo de cocina. Equipado con un rociador extra\u00edble y giratorio con chorro de lluvia.","robots":{"index":"index","follow":"follow","max-snippet":"max-snippet:-1","max-image-preview":"max-image-preview:large","max-video-preview":"max-video-preview:-1"},"canonical":"https:\/\/www.bagnoitalia.com\/es\/producto\/chrome-plated-brass-swivel-kitchen-mixer-with-pull-out-spray-rb163-2.html","og_locale":"es_ES","og_type":"article","og_title":"Mezclador de cocina giratorio de lat\u00f3n cromado con rociador extra\u00edble RB163","og_description":"Moderno grifo de cocina. Equipado con un rociador extra\u00edble y giratorio con chorro de lluvia.","og_url":"https:\/\/www.bagnoitalia.com\/es\/producto\/chrome-plated-brass-swivel-kitchen-mixer-with-pull-out-spray-rb163-2.html","og_site_name":"Bagno Italia","og_image":[{"width":550,"height":550,"url":"https:\/\/img.bagnoitalia.com\/wp-content\/uploads\/virtuemart\/product\/kitchen-mixer-rotary-with-window-nozzle-chrome-1.jpg","type":"image\/jpeg"}],"twitter_card":"summary_large_image","schema":{"@context":"https:\/\/schema.org","@graph":[{"@type":"WebPage","@id":"https:\/\/www.bagnoitalia.com\/es\/producto\/chrome-plated-brass-swivel-kitchen-mixer-with-pull-out-spray-rb163-2.html","url":"https:\/\/www.bagnoitalia.com\/es\/producto\/chrome-plated-brass-swivel-kitchen-mixer-with-pull-out-spray-rb163-2.html","name":"Mezclador de cocina giratorio de lat\u00f3n cromado con rociador extra\u00edble RB163","isPartOf":{"@id":"https:\/\/www.bagnoitalia.com\/es#website"},"primaryImageOfPage":{"@id":"https:\/\/www.bagnoitalia.com\/es\/producto\/chrome-plated-brass-swivel-kitchen-mixer-with-pull-out-spray-rb163-2.html#primaryimage"},"image":{"@id":"https:\/\/www.bagnoitalia.com\/es\/producto\/chrome-plated-brass-swivel-kitchen-mixer-with-pull-out-spray-rb163-2.html#primaryimage"},"thumbnailUrl":"https:\/\/img.bagnoitalia.com\/wp-content\/uploads\/virtuemart\/product\/kitchen-mixer-rotary-with-window-nozzle-chrome-1.jpg","datePublished":"2023-06-15T08:38:34+00:00","description":"Moderno grifo de cocina. Equipado con un rociador extra\u00edble y giratorio con chorro de lluvia.","breadcrumb":{"@id":"https:\/\/www.bagnoitalia.com\/es\/producto\/chrome-plated-brass-swivel-kitchen-mixer-with-pull-out-spray-rb163-2.html#breadcrumb"},"inLanguage":"es","potentialAction":[{"@type":"ReadAction","target":["https:\/\/www.bagnoitalia.com\/es\/producto\/chrome-plated-brass-swivel-kitchen-mixer-with-pull-out-spray-rb163-2.html"]}]},{"@type":"ImageObject","inLanguage":"es","@id":"https:\/\/www.bagnoitalia.com\/es\/producto\/chrome-plated-brass-swivel-kitchen-mixer-with-pull-out-spray-rb163-2.html#primaryimage","url":"https:\/\/img.bagnoitalia.com\/wp-content\/uploads\/virtuemart\/product\/kitchen-mixer-rotary-with-window-nozzle-chrome-1.jpg","contentUrl":"https:\/\/img.bagnoitalia.com\/wp-content\/uploads\/virtuemart\/product\/kitchen-mixer-rotary-with-window-nozzle-chrome-1.jpg","width":550,"height":550},{"@type":"BreadcrumbList","@id":"https:\/\/www.bagnoitalia.com\/es\/producto\/chrome-plated-brass-swivel-kitchen-mixer-with-pull-out-spray-rb163-2.html#breadcrumb","itemListElement":[{"@type":"ListItem","position":1,"name":"Home","item":"https:\/\/www.bagnoitalia.com\/es"},{"@type":"ListItem","position":2,"name":"Productos","item":"https:\/\/www.bagnoitalia.com\/es\/shop"},{"@type":"ListItem","position":3,"name":"Mezclador de cocina giratorio de lat\u00f3n cromado con rociador extra\u00edble RB163"}]},{"@type":"WebSite","@id":"https:\/\/www.bagnoitalia.com\/es#website","url":"https:\/\/www.bagnoitalia.com\/es","name":"Bagno Italia","description":"","publisher":{"@id":"https:\/\/www.bagnoitalia.com\/es#organization"},"potentialAction":[{"@type":"SearchAction","target":{"@type":"EntryPoint","urlTemplate":"https:\/\/www.bagnoitalia.com\/es?s={search_term_string}"},"query-input":{"@type":"PropertyValueSpecification","valueRequired":true,"valueName":"search_term_string"}}],"inLanguage":"es"},{"@type":"Organization","@id":"https:\/\/www.bagnoitalia.com\/es#organization","name":"Bagno Italia","url":"https:\/\/www.bagnoitalia.com\/es","logo":{"@type":"ImageObject","inLanguage":"es","@id":"https:\/\/www.bagnoitalia.com\/es#\/schema\/logo\/image\/","url":"https:\/\/img.bagnoitalia.com\/wp-content\/uploads\/logo-bagnoitalia.webp","contentUrl":"https:\/\/img.bagnoitalia.com\/wp-content\/uploads\/logo-bagnoitalia.webp","width":400,"height":70,"caption":"Bagno Italia"},"image":{"@id":"https:\/\/www.bagnoitalia.com\/es#\/schema\/logo\/image\/"}}]}},"_links":{"self":[{"href":"https:\/\/www.bagnoitalia.com\/es\/wp-json\/wp\/v2\/product\/83179","targetHints":{"allow":["GET"]}}],"collection":[{"href":"https:\/\/www.bagnoitalia.com\/es\/wp-json\/wp\/v2\/product"}],"about":[{"href":"https:\/\/www.bagnoitalia.com\/es\/wp-json\/wp\/v2\/types\/product"}],"replies":[{"embeddable":true,"href":"https:\/\/www.bagnoitalia.com\/es\/wp-json\/wp\/v2\/comments?post=83179"}],"version-history":[{"count":0,"href":"https:\/\/www.bagnoitalia.com\/es\/wp-json\/wp\/v2\/product\/83179\/revisions"}],"wp:featuredmedia":[{"embeddable":true,"href":"https:\/\/www.bagnoitalia.com\/es\/wp-json\/wp\/v2\/media\/62657"}],"wp:attachment":[{"href":"https:\/\/www.bagnoitalia.com\/es\/wp-json\/wp\/v2\/media?parent=83179"}],"wp:term":[{"taxonomy":"product_brand","embeddable":true,"href":"https:\/\/www.bagnoitalia.com\/es\/wp-json\/wp\/v2\/product_brand?post=83179"},{"taxonomy":"product_cat","embeddable":true,"href":"https:\/\/www.bagnoitalia.com\/es\/wp-json\/wp\/v2\/product_cat?post=83179"},{"taxonomy":"product_tag","embeddable":true,"href":"https:\/\/www.bagnoitalia.com\/es\/wp-json\/wp\/v2\/product_tag?post=83179"}],"curies":[{"name":"wp","href":"https:\/\/api.w.org\/{rel}","templated":true}]}}