{"id":83147,"date":"2023-06-13T12:30:24","date_gmt":"2023-06-13T10:30:24","guid":{"rendered":"https:\/\/www.bagnoitalia.com\/product\/shower-box-in-various-sizes-with-6-mm-transparent-double-sliding-door-with-antiscale-box072-2"},"modified":"2024-06-13T15:17:29","modified_gmt":"2024-06-13T13:17:29","slug":"shower-box-in-various-sizes-with-6-mm-transparent-double-sliding-door-with-antiscale-box072-2","status":"publish","type":"product","link":"https:\/\/www.bagnoitalia.com\/es\/producto\/shower-box-in-various-sizes-with-6-mm-transparent-double-sliding-door-with-antiscale-box072-2.html","title":{"rendered":"Cabina de ducha en varios tama\u00f1os con puerta corredera doble transparente de 6 mm con antical BOX072"},"content":{"rendered":"<p style=\"text-align: center;\"><span style=\"text-decoration: underline; color: #ff0000; font-size: 14pt;\"><strong>MAMPARA DE DUCHA CORREDERA TRANSPARENTE BOX072<\/strong><\/span><\/p>\n<p>&nbsp;<\/p>\n<p><span style=\"text-decoration: underline;\"><strong>DETALLES DEL PRODUCTO<\/strong><\/span><\/p>\n<p>Cabina de ducha angular de 2 lados<\/p>\n<p>con doble puerta corredera<\/p>\n<p>Cristal transparente de 6 mm<\/p>\n<p>Tratamiento antical incluido<\/p>\n<p>con cierre magn\u00e9tico<\/p>\n<p>cierre magn\u00e9tico<\/p>\n<p>Altura 195 cm<\/p>\n<p>Reversible<\/p>\n<p>Asas de acero inoxidable<\/p>\n<p>Disponible en varios tama\u00f1os, seleccione el tama\u00f1o deseado en el men\u00fa desplegable<\/p>\n<p>&nbsp;<\/p>\n<p>&nbsp;<\/p>\n","protected":false},"excerpt":{"rendered":"<p>Cabina de ducha disponible en varios tama\u00f1os y altura de 195 cm. Reversible. Cristal transparente de 6 mm. CON TRATAMIENTO ANTICAL INCLUIDO<\/p>\n","protected":false},"featured_media":62313,"comment_status":"open","ping_status":"closed","template":"","meta":[],"product_brand":[9881],"product_cat":[10117],"product_tag":[],"class_list":{"0":"post-83147","1":"product","2":"type-product","3":"status-publish","4":"has-post-thumbnail","6":"product_brand-vari-produttori-es","7":"product_cat-senza-categoria-es","9":"first","10":"outofstock","11":"taxable","12":"shipping-taxable","13":"purchasable","14":"product-type-simple"},"exclude_global_add_ons":false,"addons":[{"name":"Dimensiones","type":"multiple_choice","position":0,"required":true,"title_format":"heading","default":"","description_enable":false,"description":"","placeholder_enable":false,"placeholder":"","display":"select","restrictions_type":"any_text","adjust_price":false,"price":"","price_type":"flat_fee","restrictions":false,"min":"0","max":"0","options":[{"label":"70x70 cm","price":"","price_type":"quantity_based","image":0,"visibility":true},{"label":"70x75 cm","price":"6","price_type":"quantity_based","image":0,"visibility":true},{"label":"70x80 cm","price":"10","price_type":"quantity_based","image":0,"visibility":true},{"label":"NO DISPONIBLE - 70x90 cm","price":"16","price_type":"quantity_based","image":0,"visibility":true},{"label":"70x100 cm","price":"20","price_type":"quantity_based","image":0,"visibility":true},{"label":"NO DISPONIBLE - 70x110 cm","price":"26","price_type":"quantity_based","image":0,"visibility":true},{"label":"70x120 cm","price":"30","price_type":"quantity_based","image":0,"visibility":true},{"label":"75x75 cm","price":"6","price_type":"quantity_based","image":0,"visibility":true},{"label":"75x80 cm","price":"10","price_type":"quantity_based","image":0,"visibility":true},{"label":"NO DISPONIBLE - 75x90 cm","price":"20","price_type":"quantity_based","image":0,"visibility":true},{"label":"75x100 cm","price":"26","price_type":"quantity_based","image":0,"visibility":true},{"label":"75x110 cm","price":"30","price_type":"quantity_based","image":0,"visibility":true},{"label":"75x120 cm","price":"40","price_type":"quantity_based","image":0,"visibility":true},{"label":"80x80 cm","price":"","price_type":"quantity_based","image":0,"visibility":true},{"label":"NO DISPONIBLE - 80x90 cm","price":"6","price_type":"quantity_based","image":0,"visibility":true},{"label":"80x100 cm","price":"10","price_type":"quantity_based","image":0,"visibility":true},{"label":"NO DISPONIBLE - 80x110 cm","price":"16","price_type":"quantity_based","image":0,"visibility":true},{"label":"80x120 cm","price":"20","price_type":"quantity_based","image":0,"visibility":true},{"label":"NO DISPONIBLE - 90x90 cm","price":"40","price_type":"quantity_based","image":0,"visibility":true},{"label":"NO DISPONIBLE - 90x100 cm","price":"46","price_type":"quantity_based","image":0,"visibility":true},{"label":"NO DISPONIBLE - 90x110 cm","price":"50","price_type":"quantity_based","image":0,"visibility":true},{"label":"NO DISPONIBLE - 90x120 cm","price":"56","price_type":"quantity_based","image":0,"visibility":true},{"label":"100x100 cm","price":"60","price_type":"quantity_based","image":0,"visibility":true},{"label":"100x110 cm","price":"66","price_type":"quantity_based","image":0,"visibility":true},{"label":"100x120 cm","price":"70","price_type":"quantity_based","image":0,"visibility":true},{"label":"110x110 cm","price":"76","price_type":"quantity_based","image":0,"visibility":true},{"label":"110x120 cm","price":"80","price_type":"quantity_based","image":0,"visibility":true},{"label":"120x120 cm","price":"86","price_type":"quantity_based","image":0,"visibility":true}],"id":1718291849}],"yoast_head":"<!-- This site is optimized with the Yoast SEO plugin v26.7 - https:\/\/yoast.com\/wordpress\/plugins\/seo\/ -->\n<title>Cabina de ducha en varios tama\u00f1os con puerta corredera doble transparente de 6 mm con antical BOX072<\/title>\n<meta name=\"description\" content=\"Cabina de ducha disponible en varios tama\u00f1os y altura de 195 cm. Reversible. Cristal transparente de 6 mm. CON TRATAMIENTO ANTICAL INCLUIDO\" \/>\n<meta name=\"robots\" content=\"index, follow, max-snippet:-1, max-image-preview:large, max-video-preview:-1\" \/>\n<link rel=\"canonical\" href=\"https:\/\/www.bagnoitalia.com\/es\/producto\/shower-box-in-various-sizes-with-6-mm-transparent-double-sliding-door-with-antiscale-box072-2.html\" \/>\n<meta property=\"og:locale\" content=\"es_ES\" \/>\n<meta property=\"og:type\" content=\"article\" \/>\n<meta property=\"og:title\" content=\"Cabina de ducha en varios tama\u00f1os con puerta corredera doble transparente de 6 mm con antical BOX072\" \/>\n<meta property=\"og:description\" content=\"Cabina de ducha disponible en varios tama\u00f1os y altura de 195 cm. Reversible. Cristal transparente de 6 mm. CON TRATAMIENTO ANTICAL INCLUIDO\" \/>\n<meta property=\"og:url\" content=\"https:\/\/www.bagnoitalia.com\/es\/producto\/shower-box-in-various-sizes-with-6-mm-transparent-double-sliding-door-with-antiscale-box072-2.html\" \/>\n<meta property=\"og:site_name\" content=\"Bagno Italia\" \/>\n<meta property=\"article:modified_time\" content=\"2024-06-13T13:17:29+00:00\" \/>\n<meta property=\"og:image\" content=\"https:\/\/img.bagnoitalia.com\/wp-content\/uploads\/virtuemart\/product\/shower-box-angular-sliding-transparent-6mm-1.jpg\" \/>\n\t<meta property=\"og:image:width\" content=\"550\" \/>\n\t<meta property=\"og:image:height\" content=\"550\" \/>\n\t<meta property=\"og:image:type\" content=\"image\/jpeg\" \/>\n<meta name=\"twitter:card\" content=\"summary_large_image\" \/>\n<meta name=\"twitter:label1\" content=\"Tiempo de lectura\" \/>\n\t<meta name=\"twitter:data1\" content=\"1 minuto\" \/>\n<script type=\"application\/ld+json\" class=\"yoast-schema-graph\">{\"@context\":\"https:\/\/schema.org\",\"@graph\":[{\"@type\":\"WebPage\",\"@id\":\"https:\/\/www.bagnoitalia.com\/es\/producto\/shower-box-in-various-sizes-with-6-mm-transparent-double-sliding-door-with-antiscale-box072-2.html\",\"url\":\"https:\/\/www.bagnoitalia.com\/es\/producto\/shower-box-in-various-sizes-with-6-mm-transparent-double-sliding-door-with-antiscale-box072-2.html\",\"name\":\"Cabina de ducha en varios tama\u00f1os con puerta corredera doble transparente de 6 mm con antical BOX072\",\"isPartOf\":{\"@id\":\"https:\/\/www.bagnoitalia.com\/es#website\"},\"primaryImageOfPage\":{\"@id\":\"https:\/\/www.bagnoitalia.com\/es\/producto\/shower-box-in-various-sizes-with-6-mm-transparent-double-sliding-door-with-antiscale-box072-2.html#primaryimage\"},\"image\":{\"@id\":\"https:\/\/www.bagnoitalia.com\/es\/producto\/shower-box-in-various-sizes-with-6-mm-transparent-double-sliding-door-with-antiscale-box072-2.html#primaryimage\"},\"thumbnailUrl\":\"https:\/\/img.bagnoitalia.com\/wp-content\/uploads\/virtuemart\/product\/shower-box-angular-sliding-transparent-6mm-1.jpg\",\"datePublished\":\"2023-06-13T10:30:24+00:00\",\"dateModified\":\"2024-06-13T13:17:29+00:00\",\"description\":\"Cabina de ducha disponible en varios tama\u00f1os y altura de 195 cm. Reversible. Cristal transparente de 6 mm. CON TRATAMIENTO ANTICAL INCLUIDO\",\"breadcrumb\":{\"@id\":\"https:\/\/www.bagnoitalia.com\/es\/producto\/shower-box-in-various-sizes-with-6-mm-transparent-double-sliding-door-with-antiscale-box072-2.html#breadcrumb\"},\"inLanguage\":\"es\",\"potentialAction\":[{\"@type\":\"ReadAction\",\"target\":[\"https:\/\/www.bagnoitalia.com\/es\/producto\/shower-box-in-various-sizes-with-6-mm-transparent-double-sliding-door-with-antiscale-box072-2.html\"]}]},{\"@type\":\"ImageObject\",\"inLanguage\":\"es\",\"@id\":\"https:\/\/www.bagnoitalia.com\/es\/producto\/shower-box-in-various-sizes-with-6-mm-transparent-double-sliding-door-with-antiscale-box072-2.html#primaryimage\",\"url\":\"https:\/\/img.bagnoitalia.com\/wp-content\/uploads\/virtuemart\/product\/shower-box-angular-sliding-transparent-6mm-1.jpg\",\"contentUrl\":\"https:\/\/img.bagnoitalia.com\/wp-content\/uploads\/virtuemart\/product\/shower-box-angular-sliding-transparent-6mm-1.jpg\",\"width\":550,\"height\":550},{\"@type\":\"BreadcrumbList\",\"@id\":\"https:\/\/www.bagnoitalia.com\/es\/producto\/shower-box-in-various-sizes-with-6-mm-transparent-double-sliding-door-with-antiscale-box072-2.html#breadcrumb\",\"itemListElement\":[{\"@type\":\"ListItem\",\"position\":1,\"name\":\"Home\",\"item\":\"https:\/\/www.bagnoitalia.com\/es\"},{\"@type\":\"ListItem\",\"position\":2,\"name\":\"Productos\",\"item\":\"https:\/\/www.bagnoitalia.com\/es\/shop\"},{\"@type\":\"ListItem\",\"position\":3,\"name\":\"Cabina de ducha en varios tama\u00f1os con puerta corredera doble transparente de 6 mm con antical BOX072\"}]},{\"@type\":\"WebSite\",\"@id\":\"https:\/\/www.bagnoitalia.com\/es#website\",\"url\":\"https:\/\/www.bagnoitalia.com\/es\",\"name\":\"Bagno Italia\",\"description\":\"\",\"publisher\":{\"@id\":\"https:\/\/www.bagnoitalia.com\/es#organization\"},\"potentialAction\":[{\"@type\":\"SearchAction\",\"target\":{\"@type\":\"EntryPoint\",\"urlTemplate\":\"https:\/\/www.bagnoitalia.com\/es?s={search_term_string}\"},\"query-input\":{\"@type\":\"PropertyValueSpecification\",\"valueRequired\":true,\"valueName\":\"search_term_string\"}}],\"inLanguage\":\"es\"},{\"@type\":\"Organization\",\"@id\":\"https:\/\/www.bagnoitalia.com\/es#organization\",\"name\":\"Bagno Italia\",\"url\":\"https:\/\/www.bagnoitalia.com\/es\",\"logo\":{\"@type\":\"ImageObject\",\"inLanguage\":\"es\",\"@id\":\"https:\/\/www.bagnoitalia.com\/es#\/schema\/logo\/image\/\",\"url\":\"https:\/\/img.bagnoitalia.com\/wp-content\/uploads\/logo-bagnoitalia.webp\",\"contentUrl\":\"https:\/\/img.bagnoitalia.com\/wp-content\/uploads\/logo-bagnoitalia.webp\",\"width\":400,\"height\":70,\"caption\":\"Bagno Italia\"},\"image\":{\"@id\":\"https:\/\/www.bagnoitalia.com\/es#\/schema\/logo\/image\/\"}}]}<\/script>\n<!-- \/ Yoast SEO plugin. -->","yoast_head_json":{"title":"Cabina de ducha en varios tama\u00f1os con puerta corredera doble transparente de 6 mm con antical BOX072","description":"Cabina de ducha disponible en varios tama\u00f1os y altura de 195 cm. Reversible. Cristal transparente de 6 mm. CON TRATAMIENTO ANTICAL INCLUIDO","robots":{"index":"index","follow":"follow","max-snippet":"max-snippet:-1","max-image-preview":"max-image-preview:large","max-video-preview":"max-video-preview:-1"},"canonical":"https:\/\/www.bagnoitalia.com\/es\/producto\/shower-box-in-various-sizes-with-6-mm-transparent-double-sliding-door-with-antiscale-box072-2.html","og_locale":"es_ES","og_type":"article","og_title":"Cabina de ducha en varios tama\u00f1os con puerta corredera doble transparente de 6 mm con antical BOX072","og_description":"Cabina de ducha disponible en varios tama\u00f1os y altura de 195 cm. Reversible. Cristal transparente de 6 mm. CON TRATAMIENTO ANTICAL INCLUIDO","og_url":"https:\/\/www.bagnoitalia.com\/es\/producto\/shower-box-in-various-sizes-with-6-mm-transparent-double-sliding-door-with-antiscale-box072-2.html","og_site_name":"Bagno Italia","article_modified_time":"2024-06-13T13:17:29+00:00","og_image":[{"width":550,"height":550,"url":"https:\/\/img.bagnoitalia.com\/wp-content\/uploads\/virtuemart\/product\/shower-box-angular-sliding-transparent-6mm-1.jpg","type":"image\/jpeg"}],"twitter_card":"summary_large_image","twitter_misc":{"Tiempo de lectura":"1 minuto"},"schema":{"@context":"https:\/\/schema.org","@graph":[{"@type":"WebPage","@id":"https:\/\/www.bagnoitalia.com\/es\/producto\/shower-box-in-various-sizes-with-6-mm-transparent-double-sliding-door-with-antiscale-box072-2.html","url":"https:\/\/www.bagnoitalia.com\/es\/producto\/shower-box-in-various-sizes-with-6-mm-transparent-double-sliding-door-with-antiscale-box072-2.html","name":"Cabina de ducha en varios tama\u00f1os con puerta corredera doble transparente de 6 mm con antical BOX072","isPartOf":{"@id":"https:\/\/www.bagnoitalia.com\/es#website"},"primaryImageOfPage":{"@id":"https:\/\/www.bagnoitalia.com\/es\/producto\/shower-box-in-various-sizes-with-6-mm-transparent-double-sliding-door-with-antiscale-box072-2.html#primaryimage"},"image":{"@id":"https:\/\/www.bagnoitalia.com\/es\/producto\/shower-box-in-various-sizes-with-6-mm-transparent-double-sliding-door-with-antiscale-box072-2.html#primaryimage"},"thumbnailUrl":"https:\/\/img.bagnoitalia.com\/wp-content\/uploads\/virtuemart\/product\/shower-box-angular-sliding-transparent-6mm-1.jpg","datePublished":"2023-06-13T10:30:24+00:00","dateModified":"2024-06-13T13:17:29+00:00","description":"Cabina de ducha disponible en varios tama\u00f1os y altura de 195 cm. Reversible. Cristal transparente de 6 mm. CON TRATAMIENTO ANTICAL INCLUIDO","breadcrumb":{"@id":"https:\/\/www.bagnoitalia.com\/es\/producto\/shower-box-in-various-sizes-with-6-mm-transparent-double-sliding-door-with-antiscale-box072-2.html#breadcrumb"},"inLanguage":"es","potentialAction":[{"@type":"ReadAction","target":["https:\/\/www.bagnoitalia.com\/es\/producto\/shower-box-in-various-sizes-with-6-mm-transparent-double-sliding-door-with-antiscale-box072-2.html"]}]},{"@type":"ImageObject","inLanguage":"es","@id":"https:\/\/www.bagnoitalia.com\/es\/producto\/shower-box-in-various-sizes-with-6-mm-transparent-double-sliding-door-with-antiscale-box072-2.html#primaryimage","url":"https:\/\/img.bagnoitalia.com\/wp-content\/uploads\/virtuemart\/product\/shower-box-angular-sliding-transparent-6mm-1.jpg","contentUrl":"https:\/\/img.bagnoitalia.com\/wp-content\/uploads\/virtuemart\/product\/shower-box-angular-sliding-transparent-6mm-1.jpg","width":550,"height":550},{"@type":"BreadcrumbList","@id":"https:\/\/www.bagnoitalia.com\/es\/producto\/shower-box-in-various-sizes-with-6-mm-transparent-double-sliding-door-with-antiscale-box072-2.html#breadcrumb","itemListElement":[{"@type":"ListItem","position":1,"name":"Home","item":"https:\/\/www.bagnoitalia.com\/es"},{"@type":"ListItem","position":2,"name":"Productos","item":"https:\/\/www.bagnoitalia.com\/es\/shop"},{"@type":"ListItem","position":3,"name":"Cabina de ducha en varios tama\u00f1os con puerta corredera doble transparente de 6 mm con antical BOX072"}]},{"@type":"WebSite","@id":"https:\/\/www.bagnoitalia.com\/es#website","url":"https:\/\/www.bagnoitalia.com\/es","name":"Bagno Italia","description":"","publisher":{"@id":"https:\/\/www.bagnoitalia.com\/es#organization"},"potentialAction":[{"@type":"SearchAction","target":{"@type":"EntryPoint","urlTemplate":"https:\/\/www.bagnoitalia.com\/es?s={search_term_string}"},"query-input":{"@type":"PropertyValueSpecification","valueRequired":true,"valueName":"search_term_string"}}],"inLanguage":"es"},{"@type":"Organization","@id":"https:\/\/www.bagnoitalia.com\/es#organization","name":"Bagno Italia","url":"https:\/\/www.bagnoitalia.com\/es","logo":{"@type":"ImageObject","inLanguage":"es","@id":"https:\/\/www.bagnoitalia.com\/es#\/schema\/logo\/image\/","url":"https:\/\/img.bagnoitalia.com\/wp-content\/uploads\/logo-bagnoitalia.webp","contentUrl":"https:\/\/img.bagnoitalia.com\/wp-content\/uploads\/logo-bagnoitalia.webp","width":400,"height":70,"caption":"Bagno Italia"},"image":{"@id":"https:\/\/www.bagnoitalia.com\/es#\/schema\/logo\/image\/"}}]}},"_links":{"self":[{"href":"https:\/\/www.bagnoitalia.com\/es\/wp-json\/wp\/v2\/product\/83147","targetHints":{"allow":["GET"]}}],"collection":[{"href":"https:\/\/www.bagnoitalia.com\/es\/wp-json\/wp\/v2\/product"}],"about":[{"href":"https:\/\/www.bagnoitalia.com\/es\/wp-json\/wp\/v2\/types\/product"}],"replies":[{"embeddable":true,"href":"https:\/\/www.bagnoitalia.com\/es\/wp-json\/wp\/v2\/comments?post=83147"}],"version-history":[{"count":1,"href":"https:\/\/www.bagnoitalia.com\/es\/wp-json\/wp\/v2\/product\/83147\/revisions"}],"predecessor-version":[{"id":90113,"href":"https:\/\/www.bagnoitalia.com\/es\/wp-json\/wp\/v2\/product\/83147\/revisions\/90113"}],"wp:featuredmedia":[{"embeddable":true,"href":"https:\/\/www.bagnoitalia.com\/es\/wp-json\/wp\/v2\/media\/62313"}],"wp:attachment":[{"href":"https:\/\/www.bagnoitalia.com\/es\/wp-json\/wp\/v2\/media?parent=83147"}],"wp:term":[{"taxonomy":"product_brand","embeddable":true,"href":"https:\/\/www.bagnoitalia.com\/es\/wp-json\/wp\/v2\/product_brand?post=83147"},{"taxonomy":"product_cat","embeddable":true,"href":"https:\/\/www.bagnoitalia.com\/es\/wp-json\/wp\/v2\/product_cat?post=83147"},{"taxonomy":"product_tag","embeddable":true,"href":"https:\/\/www.bagnoitalia.com\/es\/wp-json\/wp\/v2\/product_tag?post=83147"}],"curies":[{"name":"wp","href":"https:\/\/api.w.org\/{rel}","templated":true}]}}