{"id":83139,"date":"2023-05-25T15:00:21","date_gmt":"2023-05-25T13:00:21","guid":{"rendered":"https:\/\/www.bagnoitalia.com\/product\/freestanding-rectangular-washbasin-34x32-cm-space-saving-glossy-white-ceramic-lav84-2"},"modified":"2024-05-17T15:21:36","modified_gmt":"2024-05-17T13:21:36","slug":"freestanding-rectangular-washbasin-34x32-cm-space-saving-glossy-white-ceramic-lav84-2","status":"publish","type":"product","link":"https:\/\/www.bagnoitalia.com\/es\/producto\/freestanding-rectangular-washbasin-34x32-cm-space-saving-glossy-white-ceramic-lav84-2.html","title":{"rendered":"Lavabo exento rectangular 34&#215;32 cm cer\u00e1mica blanca brillante LAV84"},"content":{"rendered":"<p style=\"text-align: center;\"><span style=\"text-decoration: underline; color: #ff0000; font-size: 18pt;\"><strong>Lavabo rectangular FREESTANDING<\/strong><\/span><\/p>\n<p style=\"text-align: center;\"><span style=\"text-decoration: underline; color: #ff0000; font-size: 18pt;\"><strong>\u00abLAV84<\/strong><\/span><\/p>\n<p>&nbsp;<\/p>\n<p>Lavabo cuadrado y moderno, adecuado para su instalaci\u00f3n en el centro de la habitaci\u00f3n.<\/p>\n<p>Gracias a su profundidad de s\u00f3lo 32 cm, es especialmente adecuado para cuartos de ba\u00f1o peque\u00f1os.<\/p>\n<p><span style=\"text-decoration: underline;\"><strong>M\u00c1S DETALLES:<\/strong><\/span><\/p>\n<p>dimensiones exteriores: 34xP32xA82 cm<\/p>\n<p>ba\u00f1era rectangular interior 28xP18xH9 cm<\/p>\n<p>material: cer\u00e1mica blanca pulida<\/p>\n<p>realizado con agujero rebosadero y agujero para mezclador<\/p>\n<p>&nbsp;<\/p>\n<p>&nbsp;<\/p>\n<p><span style=\"text-decoration: underline;\"><strong>ATENCI\u00d3N<\/strong><\/span>: la oferta NO incluye: el espejo, el mezclador, el desag\u00fce.<\/p>\n<p>&nbsp;<\/p>\n<p>&nbsp;<\/p>\n<p>&nbsp;<\/p>\n<p>&nbsp;<\/p>\n<p>&nbsp;<\/p>\n<p>&nbsp;<\/p>\n<p>&nbsp;<\/p>\n<p>&nbsp;<\/p>\n<p>&nbsp;<\/p>\n<p>&nbsp;<\/p>\n<p>&nbsp;<\/p>\n<p>&nbsp;<\/p>\n<p>&nbsp;<\/p>\n","protected":false},"excerpt":{"rendered":"<p>Lavabo moderno y ultrafino que tambi\u00e9n puede instalarse en cuartos de ba\u00f1o peque\u00f1os. Equipado con orificio para rebosadero y orificio para grifo.<\/p>\n","protected":false},"featured_media":62261,"comment_status":"open","ping_status":"closed","template":"","meta":[],"product_brand":[9884],"product_cat":[10117],"product_tag":[],"class_list":{"0":"post-83139","1":"product","2":"type-product","3":"status-publish","4":"has-post-thumbnail","6":"product_brand-deghi-es","7":"product_cat-senza-categoria-es","9":"first","10":"outofstock","11":"taxable","12":"shipping-taxable","13":"purchasable","14":"product-type-simple"},"exclude_global_add_ons":[],"addons":[],"yoast_head":"<!-- This site is optimized with the Yoast SEO plugin v26.7 - https:\/\/yoast.com\/wordpress\/plugins\/seo\/ -->\n<title>Lavabo exento rectangular 34x32 cm cer\u00e1mica blanca brillante LAV84<\/title>\n<meta name=\"description\" content=\"Lavabo moderno y ultrafino que tambi\u00e9n puede instalarse en cuartos de ba\u00f1o peque\u00f1os. Equipado con orificio para rebosadero y orificio para grifo.\" \/>\n<meta name=\"robots\" content=\"index, follow, max-snippet:-1, max-image-preview:large, max-video-preview:-1\" \/>\n<link rel=\"canonical\" href=\"https:\/\/www.bagnoitalia.com\/es\/producto\/freestanding-rectangular-washbasin-34x32-cm-space-saving-glossy-white-ceramic-lav84-2.html\" \/>\n<meta property=\"og:locale\" content=\"es_ES\" \/>\n<meta property=\"og:type\" content=\"article\" \/>\n<meta property=\"og:title\" content=\"Lavabo exento rectangular 34x32 cm cer\u00e1mica blanca brillante LAV84\" \/>\n<meta property=\"og:description\" content=\"Lavabo moderno y ultrafino que tambi\u00e9n puede instalarse en cuartos de ba\u00f1o peque\u00f1os. Equipado con orificio para rebosadero y orificio para grifo.\" \/>\n<meta property=\"og:url\" content=\"https:\/\/www.bagnoitalia.com\/es\/producto\/freestanding-rectangular-washbasin-34x32-cm-space-saving-glossy-white-ceramic-lav84-2.html\" \/>\n<meta property=\"og:site_name\" content=\"Bagno Italia\" \/>\n<meta property=\"article:modified_time\" content=\"2024-05-17T13:21:36+00:00\" \/>\n<meta property=\"og:image\" content=\"https:\/\/img.bagnoitalia.com\/wp-content\/uploads\/virtuemart\/product\/washbasin-rectangular-freestanding-34x32-cm-sink-1.jpg\" \/>\n\t<meta property=\"og:image:width\" content=\"550\" \/>\n\t<meta property=\"og:image:height\" content=\"550\" \/>\n\t<meta property=\"og:image:type\" content=\"image\/jpeg\" \/>\n<meta name=\"twitter:card\" content=\"summary_large_image\" \/>\n<meta name=\"twitter:label1\" content=\"Tiempo de lectura\" \/>\n\t<meta name=\"twitter:data1\" content=\"1 minuto\" \/>\n<script type=\"application\/ld+json\" class=\"yoast-schema-graph\">{\"@context\":\"https:\/\/schema.org\",\"@graph\":[{\"@type\":\"WebPage\",\"@id\":\"https:\/\/www.bagnoitalia.com\/es\/producto\/freestanding-rectangular-washbasin-34x32-cm-space-saving-glossy-white-ceramic-lav84-2.html\",\"url\":\"https:\/\/www.bagnoitalia.com\/es\/producto\/freestanding-rectangular-washbasin-34x32-cm-space-saving-glossy-white-ceramic-lav84-2.html\",\"name\":\"Lavabo exento rectangular 34x32 cm cer\u00e1mica blanca brillante LAV84\",\"isPartOf\":{\"@id\":\"https:\/\/www.bagnoitalia.com\/es#website\"},\"primaryImageOfPage\":{\"@id\":\"https:\/\/www.bagnoitalia.com\/es\/producto\/freestanding-rectangular-washbasin-34x32-cm-space-saving-glossy-white-ceramic-lav84-2.html#primaryimage\"},\"image\":{\"@id\":\"https:\/\/www.bagnoitalia.com\/es\/producto\/freestanding-rectangular-washbasin-34x32-cm-space-saving-glossy-white-ceramic-lav84-2.html#primaryimage\"},\"thumbnailUrl\":\"https:\/\/img.bagnoitalia.com\/wp-content\/uploads\/virtuemart\/product\/washbasin-rectangular-freestanding-34x32-cm-sink-1.jpg\",\"datePublished\":\"2023-05-25T13:00:21+00:00\",\"dateModified\":\"2024-05-17T13:21:36+00:00\",\"description\":\"Lavabo moderno y ultrafino que tambi\u00e9n puede instalarse en cuartos de ba\u00f1o peque\u00f1os. Equipado con orificio para rebosadero y orificio para grifo.\",\"breadcrumb\":{\"@id\":\"https:\/\/www.bagnoitalia.com\/es\/producto\/freestanding-rectangular-washbasin-34x32-cm-space-saving-glossy-white-ceramic-lav84-2.html#breadcrumb\"},\"inLanguage\":\"es\",\"potentialAction\":[{\"@type\":\"ReadAction\",\"target\":[\"https:\/\/www.bagnoitalia.com\/es\/producto\/freestanding-rectangular-washbasin-34x32-cm-space-saving-glossy-white-ceramic-lav84-2.html\"]}]},{\"@type\":\"ImageObject\",\"inLanguage\":\"es\",\"@id\":\"https:\/\/www.bagnoitalia.com\/es\/producto\/freestanding-rectangular-washbasin-34x32-cm-space-saving-glossy-white-ceramic-lav84-2.html#primaryimage\",\"url\":\"https:\/\/img.bagnoitalia.com\/wp-content\/uploads\/virtuemart\/product\/washbasin-rectangular-freestanding-34x32-cm-sink-1.jpg\",\"contentUrl\":\"https:\/\/img.bagnoitalia.com\/wp-content\/uploads\/virtuemart\/product\/washbasin-rectangular-freestanding-34x32-cm-sink-1.jpg\",\"width\":550,\"height\":550},{\"@type\":\"BreadcrumbList\",\"@id\":\"https:\/\/www.bagnoitalia.com\/es\/producto\/freestanding-rectangular-washbasin-34x32-cm-space-saving-glossy-white-ceramic-lav84-2.html#breadcrumb\",\"itemListElement\":[{\"@type\":\"ListItem\",\"position\":1,\"name\":\"Home\",\"item\":\"https:\/\/www.bagnoitalia.com\/es\"},{\"@type\":\"ListItem\",\"position\":2,\"name\":\"Productos\",\"item\":\"https:\/\/www.bagnoitalia.com\/es\/shop\"},{\"@type\":\"ListItem\",\"position\":3,\"name\":\"Lavabo exento rectangular 34&#215;32 cm cer\u00e1mica blanca brillante LAV84\"}]},{\"@type\":\"WebSite\",\"@id\":\"https:\/\/www.bagnoitalia.com\/es#website\",\"url\":\"https:\/\/www.bagnoitalia.com\/es\",\"name\":\"Bagno Italia\",\"description\":\"\",\"publisher\":{\"@id\":\"https:\/\/www.bagnoitalia.com\/es#organization\"},\"potentialAction\":[{\"@type\":\"SearchAction\",\"target\":{\"@type\":\"EntryPoint\",\"urlTemplate\":\"https:\/\/www.bagnoitalia.com\/es?s={search_term_string}\"},\"query-input\":{\"@type\":\"PropertyValueSpecification\",\"valueRequired\":true,\"valueName\":\"search_term_string\"}}],\"inLanguage\":\"es\"},{\"@type\":\"Organization\",\"@id\":\"https:\/\/www.bagnoitalia.com\/es#organization\",\"name\":\"Bagno Italia\",\"url\":\"https:\/\/www.bagnoitalia.com\/es\",\"logo\":{\"@type\":\"ImageObject\",\"inLanguage\":\"es\",\"@id\":\"https:\/\/www.bagnoitalia.com\/es#\/schema\/logo\/image\/\",\"url\":\"https:\/\/img.bagnoitalia.com\/wp-content\/uploads\/logo-bagnoitalia.webp\",\"contentUrl\":\"https:\/\/img.bagnoitalia.com\/wp-content\/uploads\/logo-bagnoitalia.webp\",\"width\":400,\"height\":70,\"caption\":\"Bagno Italia\"},\"image\":{\"@id\":\"https:\/\/www.bagnoitalia.com\/es#\/schema\/logo\/image\/\"}}]}<\/script>\n<!-- \/ Yoast SEO plugin. -->","yoast_head_json":{"title":"Lavabo exento rectangular 34x32 cm cer\u00e1mica blanca brillante LAV84","description":"Lavabo moderno y ultrafino que tambi\u00e9n puede instalarse en cuartos de ba\u00f1o peque\u00f1os. Equipado con orificio para rebosadero y orificio para grifo.","robots":{"index":"index","follow":"follow","max-snippet":"max-snippet:-1","max-image-preview":"max-image-preview:large","max-video-preview":"max-video-preview:-1"},"canonical":"https:\/\/www.bagnoitalia.com\/es\/producto\/freestanding-rectangular-washbasin-34x32-cm-space-saving-glossy-white-ceramic-lav84-2.html","og_locale":"es_ES","og_type":"article","og_title":"Lavabo exento rectangular 34x32 cm cer\u00e1mica blanca brillante LAV84","og_description":"Lavabo moderno y ultrafino que tambi\u00e9n puede instalarse en cuartos de ba\u00f1o peque\u00f1os. Equipado con orificio para rebosadero y orificio para grifo.","og_url":"https:\/\/www.bagnoitalia.com\/es\/producto\/freestanding-rectangular-washbasin-34x32-cm-space-saving-glossy-white-ceramic-lav84-2.html","og_site_name":"Bagno Italia","article_modified_time":"2024-05-17T13:21:36+00:00","og_image":[{"width":550,"height":550,"url":"https:\/\/img.bagnoitalia.com\/wp-content\/uploads\/virtuemart\/product\/washbasin-rectangular-freestanding-34x32-cm-sink-1.jpg","type":"image\/jpeg"}],"twitter_card":"summary_large_image","twitter_misc":{"Tiempo de lectura":"1 minuto"},"schema":{"@context":"https:\/\/schema.org","@graph":[{"@type":"WebPage","@id":"https:\/\/www.bagnoitalia.com\/es\/producto\/freestanding-rectangular-washbasin-34x32-cm-space-saving-glossy-white-ceramic-lav84-2.html","url":"https:\/\/www.bagnoitalia.com\/es\/producto\/freestanding-rectangular-washbasin-34x32-cm-space-saving-glossy-white-ceramic-lav84-2.html","name":"Lavabo exento rectangular 34x32 cm cer\u00e1mica blanca brillante LAV84","isPartOf":{"@id":"https:\/\/www.bagnoitalia.com\/es#website"},"primaryImageOfPage":{"@id":"https:\/\/www.bagnoitalia.com\/es\/producto\/freestanding-rectangular-washbasin-34x32-cm-space-saving-glossy-white-ceramic-lav84-2.html#primaryimage"},"image":{"@id":"https:\/\/www.bagnoitalia.com\/es\/producto\/freestanding-rectangular-washbasin-34x32-cm-space-saving-glossy-white-ceramic-lav84-2.html#primaryimage"},"thumbnailUrl":"https:\/\/img.bagnoitalia.com\/wp-content\/uploads\/virtuemart\/product\/washbasin-rectangular-freestanding-34x32-cm-sink-1.jpg","datePublished":"2023-05-25T13:00:21+00:00","dateModified":"2024-05-17T13:21:36+00:00","description":"Lavabo moderno y ultrafino que tambi\u00e9n puede instalarse en cuartos de ba\u00f1o peque\u00f1os. Equipado con orificio para rebosadero y orificio para grifo.","breadcrumb":{"@id":"https:\/\/www.bagnoitalia.com\/es\/producto\/freestanding-rectangular-washbasin-34x32-cm-space-saving-glossy-white-ceramic-lav84-2.html#breadcrumb"},"inLanguage":"es","potentialAction":[{"@type":"ReadAction","target":["https:\/\/www.bagnoitalia.com\/es\/producto\/freestanding-rectangular-washbasin-34x32-cm-space-saving-glossy-white-ceramic-lav84-2.html"]}]},{"@type":"ImageObject","inLanguage":"es","@id":"https:\/\/www.bagnoitalia.com\/es\/producto\/freestanding-rectangular-washbasin-34x32-cm-space-saving-glossy-white-ceramic-lav84-2.html#primaryimage","url":"https:\/\/img.bagnoitalia.com\/wp-content\/uploads\/virtuemart\/product\/washbasin-rectangular-freestanding-34x32-cm-sink-1.jpg","contentUrl":"https:\/\/img.bagnoitalia.com\/wp-content\/uploads\/virtuemart\/product\/washbasin-rectangular-freestanding-34x32-cm-sink-1.jpg","width":550,"height":550},{"@type":"BreadcrumbList","@id":"https:\/\/www.bagnoitalia.com\/es\/producto\/freestanding-rectangular-washbasin-34x32-cm-space-saving-glossy-white-ceramic-lav84-2.html#breadcrumb","itemListElement":[{"@type":"ListItem","position":1,"name":"Home","item":"https:\/\/www.bagnoitalia.com\/es"},{"@type":"ListItem","position":2,"name":"Productos","item":"https:\/\/www.bagnoitalia.com\/es\/shop"},{"@type":"ListItem","position":3,"name":"Lavabo exento rectangular 34&#215;32 cm cer\u00e1mica blanca brillante LAV84"}]},{"@type":"WebSite","@id":"https:\/\/www.bagnoitalia.com\/es#website","url":"https:\/\/www.bagnoitalia.com\/es","name":"Bagno Italia","description":"","publisher":{"@id":"https:\/\/www.bagnoitalia.com\/es#organization"},"potentialAction":[{"@type":"SearchAction","target":{"@type":"EntryPoint","urlTemplate":"https:\/\/www.bagnoitalia.com\/es?s={search_term_string}"},"query-input":{"@type":"PropertyValueSpecification","valueRequired":true,"valueName":"search_term_string"}}],"inLanguage":"es"},{"@type":"Organization","@id":"https:\/\/www.bagnoitalia.com\/es#organization","name":"Bagno Italia","url":"https:\/\/www.bagnoitalia.com\/es","logo":{"@type":"ImageObject","inLanguage":"es","@id":"https:\/\/www.bagnoitalia.com\/es#\/schema\/logo\/image\/","url":"https:\/\/img.bagnoitalia.com\/wp-content\/uploads\/logo-bagnoitalia.webp","contentUrl":"https:\/\/img.bagnoitalia.com\/wp-content\/uploads\/logo-bagnoitalia.webp","width":400,"height":70,"caption":"Bagno Italia"},"image":{"@id":"https:\/\/www.bagnoitalia.com\/es#\/schema\/logo\/image\/"}}]}},"_links":{"self":[{"href":"https:\/\/www.bagnoitalia.com\/es\/wp-json\/wp\/v2\/product\/83139","targetHints":{"allow":["GET"]}}],"collection":[{"href":"https:\/\/www.bagnoitalia.com\/es\/wp-json\/wp\/v2\/product"}],"about":[{"href":"https:\/\/www.bagnoitalia.com\/es\/wp-json\/wp\/v2\/types\/product"}],"replies":[{"embeddable":true,"href":"https:\/\/www.bagnoitalia.com\/es\/wp-json\/wp\/v2\/comments?post=83139"}],"version-history":[{"count":1,"href":"https:\/\/www.bagnoitalia.com\/es\/wp-json\/wp\/v2\/product\/83139\/revisions"}],"predecessor-version":[{"id":86780,"href":"https:\/\/www.bagnoitalia.com\/es\/wp-json\/wp\/v2\/product\/83139\/revisions\/86780"}],"wp:featuredmedia":[{"embeddable":true,"href":"https:\/\/www.bagnoitalia.com\/es\/wp-json\/wp\/v2\/media\/62261"}],"wp:attachment":[{"href":"https:\/\/www.bagnoitalia.com\/es\/wp-json\/wp\/v2\/media?parent=83139"}],"wp:term":[{"taxonomy":"product_brand","embeddable":true,"href":"https:\/\/www.bagnoitalia.com\/es\/wp-json\/wp\/v2\/product_brand?post=83139"},{"taxonomy":"product_cat","embeddable":true,"href":"https:\/\/www.bagnoitalia.com\/es\/wp-json\/wp\/v2\/product_cat?post=83139"},{"taxonomy":"product_tag","embeddable":true,"href":"https:\/\/www.bagnoitalia.com\/es\/wp-json\/wp\/v2\/product_tag?post=83139"}],"curies":[{"name":"wp","href":"https:\/\/api.w.org\/{rel}","templated":true}]}}