{"id":83083,"date":"2023-04-24T14:48:38","date_gmt":"2023-04-24T12:48:38","guid":{"rendered":"https:\/\/www.bagnoitalia.com\/product\/parasol-with-300-cm-circular-canvas-available-in-7-colours-and-side-pole-ob16-2"},"modified":"2024-06-04T16:10:37","modified_gmt":"2024-06-04T14:10:37","slug":"parasol-with-300-cm-circular-canvas-available-in-7-colours-and-side-pole-ob16-2","status":"publish","type":"product","link":"https:\/\/www.bagnoitalia.com\/es\/producto\/parasol-with-300-cm-circular-canvas-available-in-7-colours-and-side-pole-ob16-2.html","title":{"rendered":"Sombrilla con lona circular de 300 cm disponible en 7 colores y m\u00e1stil lateral OB16"},"content":{"rendered":"<p style=\"text-align: center;\"><span style=\"text-decoration: underline; color: #ff0000; font-size: 18pt;\"><strong>PARAGUAS \u00d8 300 cm en 7 Colores OB16<\/strong><\/span><\/p>\n<p>&nbsp;<\/p>\n<p><span style=\"text-decoration: underline;\"><strong>ESPECIFICACIONES DEL PRODUCTO<\/strong><\/span><\/p>\n<p>Moderna sombrilla para exteriores (patios, jardines, piscinas, etc.)<\/p>\n<p>Disponible en 7 colores:<\/p>\n<p>lona rojo magenta y marco negro de 8 lamas<br \/>\nlona verde oscuro y montura negra de 8 varillas<br \/>\nlona crudo y marco blanco con 6 listones<br \/>\nlona gris t\u00f3rtola y bastidor negro con 8 listones<br \/>\ntela gris y marco negro con 6 listones<br \/>\ntela negra y marco antracita con 6 listones<br \/>\ntela caf\u00e9 y marco negro con 8 listones<br \/>\nDimensiones:<\/p>\n<p>Di\u00e1metro: 300 cm<br \/>\nAltura total: 250 cm<br \/>\nMateriales:<\/p>\n<p>Tela de poli\u00e9ster<br \/>\nArmaz\u00f3n de aluminio<br \/>\nBase de acero en forma de cruz (contrapeso\/brazo no incluido en el precio)<br \/>\nM\u00e1stil colocado en el lateral<\/p>\n<p>Apertura con manivela y tirador<\/p>\n<p>Con chimenea de viento<\/p>\n<p>Para garantizar una larga vida \u00fatil del producto, se recomienda guardarlo durante fen\u00f3menos meteorol\u00f3gicos especialmente severos y siempre durante los meses de invierno<\/p>\n<p>&nbsp;<\/p>\n<p>&nbsp;<\/p>\n<p>&nbsp;<\/p>\n<p>&nbsp;<\/p>\n<p>&nbsp;<\/p>\n<p>&nbsp;<\/p>\n<p>&nbsp;<\/p>\n<p>&nbsp;<\/p>\n<p>&nbsp;<\/p>\n<p>&nbsp;<\/p>\n<p>&nbsp;<\/p>\n<p>&nbsp;<\/p>\n<p>&nbsp;<\/p>\n<p>&nbsp;<\/p>\n<p>MG3-E<\/p>\n<p>MG3-N<\/p>\n<p>MG3-R<\/p>\n<p>MG3-G<\/p>\n<p>MG3-T<\/p>\n<p>MG3-C<\/p>\n<p>MG3-V<\/p>\n<p>&nbsp;<\/p>\n","protected":false},"excerpt":{"rendered":"<p>Sombrilla con lona en los colores: rojo, verde, crudo, gris paloma, gris, negro, caf\u00e9. Forma circular, 3 m de di\u00e1metro y altura total de 250 cm.<\/p>\n","protected":false},"featured_media":61889,"comment_status":"open","ping_status":"closed","template":"","meta":[],"product_brand":[5006],"product_cat":[10032],"product_tag":[],"class_list":{"0":"post-83083","1":"product","2":"type-product","3":"status-publish","4":"has-post-thumbnail","6":"product_brand-deghi","7":"product_cat-sombrillas","9":"first","10":"instock","11":"sale","12":"taxable","13":"shipping-taxable","14":"purchasable","15":"product-type-simple"},"exclude_global_add_ons":false,"addons":[{"name":"Color","type":"multiple_choice","position":0,"required":true,"title_format":"heading","default":"","description_enable":false,"description":"","placeholder_enable":false,"placeholder":"","display":"select","restrictions_type":"any_text","adjust_price":false,"price":"","price_type":"flat_fee","restrictions":false,"min":"0","max":"0","options":[{"label":"verde","price":"","price_type":"quantity_based","image":0,"visibility":true},{"label":"rojo magenta","price":"","price_type":"quantity_based","image":0,"visibility":true},{"label":"crudo","price":"","price_type":"quantity_based","image":0,"visibility":true},{"label":"gris","price":"","price_type":"quantity_based","image":0,"visibility":true},{"label":"gris paloma","price":"","price_type":"quantity_based","image":0,"visibility":true},{"label":"caf\u00e9","price":"","price_type":"quantity_based","image":0,"visibility":true},{"label":"negro","price":"","price_type":"quantity_based","image":0,"visibility":true}],"id":1717517437}],"yoast_head":"<!-- This site is optimized with the Yoast SEO plugin v26.7 - https:\/\/yoast.com\/wordpress\/plugins\/seo\/ -->\n<title>Sombrilla con lona circular de 300 cm disponible en 7 colores y m\u00e1stil lateral OB16<\/title>\n<meta name=\"description\" content=\"Sombrilla con lona en los colores: rojo, verde, crudo, gris paloma, gris, negro, caf\u00e9. Forma circular, 3 m de di\u00e1metro y altura total de 250 cm.\" \/>\n<meta name=\"robots\" content=\"index, follow, max-snippet:-1, max-image-preview:large, max-video-preview:-1\" \/>\n<link rel=\"canonical\" href=\"https:\/\/www.bagnoitalia.com\/es\/producto\/parasol-with-300-cm-circular-canvas-available-in-7-colours-and-side-pole-ob16-2.html\" \/>\n<meta property=\"og:locale\" content=\"es_ES\" \/>\n<meta property=\"og:type\" content=\"article\" \/>\n<meta property=\"og:title\" content=\"Sombrilla con lona circular de 300 cm disponible en 7 colores y m\u00e1stil lateral OB16\" \/>\n<meta property=\"og:description\" content=\"Sombrilla con lona en los colores: rojo, verde, crudo, gris paloma, gris, negro, caf\u00e9. Forma circular, 3 m de di\u00e1metro y altura total de 250 cm.\" \/>\n<meta property=\"og:url\" content=\"https:\/\/www.bagnoitalia.com\/es\/producto\/parasol-with-300-cm-circular-canvas-available-in-7-colours-and-side-pole-ob16-2.html\" \/>\n<meta property=\"og:site_name\" content=\"Bagno Italia\" \/>\n<meta property=\"article:modified_time\" content=\"2024-06-04T14:10:37+00:00\" \/>\n<meta property=\"og:image\" content=\"https:\/\/img.bagnoitalia.com\/wp-content\/uploads\/virtuemart\/product\/sunshade-circular-300-cm-colours-1.jpg\" \/>\n\t<meta property=\"og:image:width\" content=\"550\" \/>\n\t<meta property=\"og:image:height\" content=\"550\" \/>\n\t<meta property=\"og:image:type\" content=\"image\/jpeg\" \/>\n<meta name=\"twitter:card\" content=\"summary_large_image\" \/>\n<meta name=\"twitter:label1\" content=\"Tiempo de lectura\" \/>\n\t<meta name=\"twitter:data1\" content=\"1 minuto\" \/>\n<script type=\"application\/ld+json\" class=\"yoast-schema-graph\">{\"@context\":\"https:\/\/schema.org\",\"@graph\":[{\"@type\":\"WebPage\",\"@id\":\"https:\/\/www.bagnoitalia.com\/es\/producto\/parasol-with-300-cm-circular-canvas-available-in-7-colours-and-side-pole-ob16-2.html\",\"url\":\"https:\/\/www.bagnoitalia.com\/es\/producto\/parasol-with-300-cm-circular-canvas-available-in-7-colours-and-side-pole-ob16-2.html\",\"name\":\"Sombrilla con lona circular de 300 cm disponible en 7 colores y m\u00e1stil lateral OB16\",\"isPartOf\":{\"@id\":\"https:\/\/www.bagnoitalia.com\/es#website\"},\"primaryImageOfPage\":{\"@id\":\"https:\/\/www.bagnoitalia.com\/es\/producto\/parasol-with-300-cm-circular-canvas-available-in-7-colours-and-side-pole-ob16-2.html#primaryimage\"},\"image\":{\"@id\":\"https:\/\/www.bagnoitalia.com\/es\/producto\/parasol-with-300-cm-circular-canvas-available-in-7-colours-and-side-pole-ob16-2.html#primaryimage\"},\"thumbnailUrl\":\"https:\/\/img.bagnoitalia.com\/wp-content\/uploads\/virtuemart\/product\/sunshade-circular-300-cm-colours-1.jpg\",\"datePublished\":\"2023-04-24T12:48:38+00:00\",\"dateModified\":\"2024-06-04T14:10:37+00:00\",\"description\":\"Sombrilla con lona en los colores: rojo, verde, crudo, gris paloma, gris, negro, caf\u00e9. Forma circular, 3 m de di\u00e1metro y altura total de 250 cm.\",\"breadcrumb\":{\"@id\":\"https:\/\/www.bagnoitalia.com\/es\/producto\/parasol-with-300-cm-circular-canvas-available-in-7-colours-and-side-pole-ob16-2.html#breadcrumb\"},\"inLanguage\":\"es\",\"potentialAction\":[{\"@type\":\"ReadAction\",\"target\":[\"https:\/\/www.bagnoitalia.com\/es\/producto\/parasol-with-300-cm-circular-canvas-available-in-7-colours-and-side-pole-ob16-2.html\"]}]},{\"@type\":\"ImageObject\",\"inLanguage\":\"es\",\"@id\":\"https:\/\/www.bagnoitalia.com\/es\/producto\/parasol-with-300-cm-circular-canvas-available-in-7-colours-and-side-pole-ob16-2.html#primaryimage\",\"url\":\"https:\/\/img.bagnoitalia.com\/wp-content\/uploads\/virtuemart\/product\/sunshade-circular-300-cm-colours-1.jpg\",\"contentUrl\":\"https:\/\/img.bagnoitalia.com\/wp-content\/uploads\/virtuemart\/product\/sunshade-circular-300-cm-colours-1.jpg\",\"width\":550,\"height\":550},{\"@type\":\"BreadcrumbList\",\"@id\":\"https:\/\/www.bagnoitalia.com\/es\/producto\/parasol-with-300-cm-circular-canvas-available-in-7-colours-and-side-pole-ob16-2.html#breadcrumb\",\"itemListElement\":[{\"@type\":\"ListItem\",\"position\":1,\"name\":\"Home\",\"item\":\"https:\/\/www.bagnoitalia.com\/es\"},{\"@type\":\"ListItem\",\"position\":2,\"name\":\"Productos\",\"item\":\"https:\/\/www.bagnoitalia.com\/es\/shop\"},{\"@type\":\"ListItem\",\"position\":3,\"name\":\"Sombrilla con lona circular de 300 cm disponible en 7 colores y m\u00e1stil lateral OB16\"}]},{\"@type\":\"WebSite\",\"@id\":\"https:\/\/www.bagnoitalia.com\/es#website\",\"url\":\"https:\/\/www.bagnoitalia.com\/es\",\"name\":\"Bagno Italia\",\"description\":\"\",\"publisher\":{\"@id\":\"https:\/\/www.bagnoitalia.com\/es#organization\"},\"potentialAction\":[{\"@type\":\"SearchAction\",\"target\":{\"@type\":\"EntryPoint\",\"urlTemplate\":\"https:\/\/www.bagnoitalia.com\/es?s={search_term_string}\"},\"query-input\":{\"@type\":\"PropertyValueSpecification\",\"valueRequired\":true,\"valueName\":\"search_term_string\"}}],\"inLanguage\":\"es\"},{\"@type\":\"Organization\",\"@id\":\"https:\/\/www.bagnoitalia.com\/es#organization\",\"name\":\"Bagno Italia\",\"url\":\"https:\/\/www.bagnoitalia.com\/es\",\"logo\":{\"@type\":\"ImageObject\",\"inLanguage\":\"es\",\"@id\":\"https:\/\/www.bagnoitalia.com\/es#\/schema\/logo\/image\/\",\"url\":\"https:\/\/img.bagnoitalia.com\/wp-content\/uploads\/logo-bagnoitalia.webp\",\"contentUrl\":\"https:\/\/img.bagnoitalia.com\/wp-content\/uploads\/logo-bagnoitalia.webp\",\"width\":400,\"height\":70,\"caption\":\"Bagno Italia\"},\"image\":{\"@id\":\"https:\/\/www.bagnoitalia.com\/es#\/schema\/logo\/image\/\"}}]}<\/script>\n<!-- \/ Yoast SEO plugin. -->","yoast_head_json":{"title":"Sombrilla con lona circular de 300 cm disponible en 7 colores y m\u00e1stil lateral OB16","description":"Sombrilla con lona en los colores: rojo, verde, crudo, gris paloma, gris, negro, caf\u00e9. Forma circular, 3 m de di\u00e1metro y altura total de 250 cm.","robots":{"index":"index","follow":"follow","max-snippet":"max-snippet:-1","max-image-preview":"max-image-preview:large","max-video-preview":"max-video-preview:-1"},"canonical":"https:\/\/www.bagnoitalia.com\/es\/producto\/parasol-with-300-cm-circular-canvas-available-in-7-colours-and-side-pole-ob16-2.html","og_locale":"es_ES","og_type":"article","og_title":"Sombrilla con lona circular de 300 cm disponible en 7 colores y m\u00e1stil lateral OB16","og_description":"Sombrilla con lona en los colores: rojo, verde, crudo, gris paloma, gris, negro, caf\u00e9. Forma circular, 3 m de di\u00e1metro y altura total de 250 cm.","og_url":"https:\/\/www.bagnoitalia.com\/es\/producto\/parasol-with-300-cm-circular-canvas-available-in-7-colours-and-side-pole-ob16-2.html","og_site_name":"Bagno Italia","article_modified_time":"2024-06-04T14:10:37+00:00","og_image":[{"width":550,"height":550,"url":"https:\/\/img.bagnoitalia.com\/wp-content\/uploads\/virtuemart\/product\/sunshade-circular-300-cm-colours-1.jpg","type":"image\/jpeg"}],"twitter_card":"summary_large_image","twitter_misc":{"Tiempo de lectura":"1 minuto"},"schema":{"@context":"https:\/\/schema.org","@graph":[{"@type":"WebPage","@id":"https:\/\/www.bagnoitalia.com\/es\/producto\/parasol-with-300-cm-circular-canvas-available-in-7-colours-and-side-pole-ob16-2.html","url":"https:\/\/www.bagnoitalia.com\/es\/producto\/parasol-with-300-cm-circular-canvas-available-in-7-colours-and-side-pole-ob16-2.html","name":"Sombrilla con lona circular de 300 cm disponible en 7 colores y m\u00e1stil lateral OB16","isPartOf":{"@id":"https:\/\/www.bagnoitalia.com\/es#website"},"primaryImageOfPage":{"@id":"https:\/\/www.bagnoitalia.com\/es\/producto\/parasol-with-300-cm-circular-canvas-available-in-7-colours-and-side-pole-ob16-2.html#primaryimage"},"image":{"@id":"https:\/\/www.bagnoitalia.com\/es\/producto\/parasol-with-300-cm-circular-canvas-available-in-7-colours-and-side-pole-ob16-2.html#primaryimage"},"thumbnailUrl":"https:\/\/img.bagnoitalia.com\/wp-content\/uploads\/virtuemart\/product\/sunshade-circular-300-cm-colours-1.jpg","datePublished":"2023-04-24T12:48:38+00:00","dateModified":"2024-06-04T14:10:37+00:00","description":"Sombrilla con lona en los colores: rojo, verde, crudo, gris paloma, gris, negro, caf\u00e9. Forma circular, 3 m de di\u00e1metro y altura total de 250 cm.","breadcrumb":{"@id":"https:\/\/www.bagnoitalia.com\/es\/producto\/parasol-with-300-cm-circular-canvas-available-in-7-colours-and-side-pole-ob16-2.html#breadcrumb"},"inLanguage":"es","potentialAction":[{"@type":"ReadAction","target":["https:\/\/www.bagnoitalia.com\/es\/producto\/parasol-with-300-cm-circular-canvas-available-in-7-colours-and-side-pole-ob16-2.html"]}]},{"@type":"ImageObject","inLanguage":"es","@id":"https:\/\/www.bagnoitalia.com\/es\/producto\/parasol-with-300-cm-circular-canvas-available-in-7-colours-and-side-pole-ob16-2.html#primaryimage","url":"https:\/\/img.bagnoitalia.com\/wp-content\/uploads\/virtuemart\/product\/sunshade-circular-300-cm-colours-1.jpg","contentUrl":"https:\/\/img.bagnoitalia.com\/wp-content\/uploads\/virtuemart\/product\/sunshade-circular-300-cm-colours-1.jpg","width":550,"height":550},{"@type":"BreadcrumbList","@id":"https:\/\/www.bagnoitalia.com\/es\/producto\/parasol-with-300-cm-circular-canvas-available-in-7-colours-and-side-pole-ob16-2.html#breadcrumb","itemListElement":[{"@type":"ListItem","position":1,"name":"Home","item":"https:\/\/www.bagnoitalia.com\/es"},{"@type":"ListItem","position":2,"name":"Productos","item":"https:\/\/www.bagnoitalia.com\/es\/shop"},{"@type":"ListItem","position":3,"name":"Sombrilla con lona circular de 300 cm disponible en 7 colores y m\u00e1stil lateral OB16"}]},{"@type":"WebSite","@id":"https:\/\/www.bagnoitalia.com\/es#website","url":"https:\/\/www.bagnoitalia.com\/es","name":"Bagno Italia","description":"","publisher":{"@id":"https:\/\/www.bagnoitalia.com\/es#organization"},"potentialAction":[{"@type":"SearchAction","target":{"@type":"EntryPoint","urlTemplate":"https:\/\/www.bagnoitalia.com\/es?s={search_term_string}"},"query-input":{"@type":"PropertyValueSpecification","valueRequired":true,"valueName":"search_term_string"}}],"inLanguage":"es"},{"@type":"Organization","@id":"https:\/\/www.bagnoitalia.com\/es#organization","name":"Bagno Italia","url":"https:\/\/www.bagnoitalia.com\/es","logo":{"@type":"ImageObject","inLanguage":"es","@id":"https:\/\/www.bagnoitalia.com\/es#\/schema\/logo\/image\/","url":"https:\/\/img.bagnoitalia.com\/wp-content\/uploads\/logo-bagnoitalia.webp","contentUrl":"https:\/\/img.bagnoitalia.com\/wp-content\/uploads\/logo-bagnoitalia.webp","width":400,"height":70,"caption":"Bagno Italia"},"image":{"@id":"https:\/\/www.bagnoitalia.com\/es#\/schema\/logo\/image\/"}}]}},"_links":{"self":[{"href":"https:\/\/www.bagnoitalia.com\/es\/wp-json\/wp\/v2\/product\/83083","targetHints":{"allow":["GET"]}}],"collection":[{"href":"https:\/\/www.bagnoitalia.com\/es\/wp-json\/wp\/v2\/product"}],"about":[{"href":"https:\/\/www.bagnoitalia.com\/es\/wp-json\/wp\/v2\/types\/product"}],"replies":[{"embeddable":true,"href":"https:\/\/www.bagnoitalia.com\/es\/wp-json\/wp\/v2\/comments?post=83083"}],"version-history":[{"count":1,"href":"https:\/\/www.bagnoitalia.com\/es\/wp-json\/wp\/v2\/product\/83083\/revisions"}],"predecessor-version":[{"id":89383,"href":"https:\/\/www.bagnoitalia.com\/es\/wp-json\/wp\/v2\/product\/83083\/revisions\/89383"}],"wp:featuredmedia":[{"embeddable":true,"href":"https:\/\/www.bagnoitalia.com\/es\/wp-json\/wp\/v2\/media\/61889"}],"wp:attachment":[{"href":"https:\/\/www.bagnoitalia.com\/es\/wp-json\/wp\/v2\/media?parent=83083"}],"wp:term":[{"taxonomy":"product_brand","embeddable":true,"href":"https:\/\/www.bagnoitalia.com\/es\/wp-json\/wp\/v2\/product_brand?post=83083"},{"taxonomy":"product_cat","embeddable":true,"href":"https:\/\/www.bagnoitalia.com\/es\/wp-json\/wp\/v2\/product_cat?post=83083"},{"taxonomy":"product_tag","embeddable":true,"href":"https:\/\/www.bagnoitalia.com\/es\/wp-json\/wp\/v2\/product_tag?post=83083"}],"curies":[{"name":"wp","href":"https:\/\/api.w.org\/{rel}","templated":true}]}}