{"id":83059,"date":"2023-04-20T13:55:36","date_gmt":"2023-04-20T11:55:36","guid":{"rendered":"https:\/\/www.bagnoitalia.com\/product\/rectangular-garden-umbrella-with-300x400-cm-grey-or-ecru-canvas-side-pole-and-ob10-windproof-ropes-2"},"modified":"2024-05-29T11:00:23","modified_gmt":"2024-05-29T09:00:23","slug":"rectangular-garden-umbrella-with-300x400-cm-grey-or-ecru-canvas-side-pole-and-ob10-windproof-ropes-2","status":"publish","type":"product","link":"https:\/\/www.bagnoitalia.com\/es\/producto\/rectangular-garden-umbrella-with-300x400-cm-grey-or-ecru-canvas-side-pole-and-ob10-windproof-ropes-2.html","title":{"rendered":"Sombrilla de jard\u00edn rectangular con lona gris o cruda de 300&#215;400 cm, m\u00e1stil lateral y cuerdas antiviento OB10"},"content":{"rendered":"<p style=\"text-align: center;\"><span style=\"text-decoration: underline; color: #ff0000; font-size: 18pt;\"><strong>Sombrilla giratoria e inclinable OB10 en dos colores<\/strong><\/span><\/p>\n<p>&nbsp;<\/p>\n<p>Sombrilla rectangular, adecuada para cualquier entorno exterior<\/p>\n<p><span style=\"text-decoration: underline;\"><strong>DIMENSIONES<\/strong><\/span><\/p>\n<p>Lona 400&#215;300 cm<\/p>\n<p>M\u00e1stil 10&#215;6 cm<\/p>\n<p>Altura total 272 cm<\/p>\n<p>Listones 3,3&#215;2 cm<\/p>\n<p><span style=\"text-decoration: underline;\"><strong>ESPECIFICACIONES DEL PRODUCTO<\/strong><\/span><\/p>\n<p>Sombrilla con lona de color crudo o gris<\/p>\n<p>Puede elegir el color de la lona en el men\u00fa desplegable<\/p>\n<p>M\u00e1stil giratorio, colocado en el lado largo<\/p>\n<p>Con asa y manivela<\/p>\n<p>Con pedal<\/p>\n<p>Estructura de aluminio gris<\/p>\n<p>con 8 listones de soporte<\/p>\n<p>Con cuerdas anti-viento<\/p>\n<p>Base en cruz (contrapeso\/carriles NO incluidos en el precio)<\/p>\n<p>&nbsp;<\/p>\n<p>&nbsp;<\/p>\n<p>Para garantizar una larga vida \u00fatil del producto, recomendamos resguardarlo durante fen\u00f3menos meteorol\u00f3gicos especialmente intensos y siempre durante los meses de invierno<\/p>\n<p>&nbsp;<\/p>\n<p>&nbsp;<\/p>\n<p>&nbsp;<\/p>\n<p>&nbsp;<\/p>\n<p>&nbsp;<\/p>\n<p>&nbsp;<\/p>\n<p>&nbsp;<\/p>\n<p>&nbsp;<\/p>\n<p>PTC34G<\/p>\n<p>PTC34E<\/p>\n","protected":false},"excerpt":{"rendered":"<p>Paraguas de 272 cm de altura con estructura de aluminio.<br \/>\nLona de poli\u00e9ster en dos colores.<\/p>\n","protected":false},"featured_media":61645,"comment_status":"open","ping_status":"closed","template":"","meta":[],"product_brand":[5006],"product_cat":[10032],"product_tag":[],"class_list":{"0":"post-83059","1":"product","2":"type-product","3":"status-publish","4":"has-post-thumbnail","6":"product_brand-deghi","7":"product_cat-sombrillas","9":"first","10":"instock","11":"sale","12":"taxable","13":"shipping-taxable","14":"purchasable","15":"product-type-simple"},"exclude_global_add_ons":false,"addons":[{"name":"color","type":"multiple_choice","position":0,"required":true,"title_format":"heading","default":"","description_enable":false,"description":"","placeholder_enable":false,"placeholder":"","display":"select","restrictions_type":"any_text","adjust_price":false,"price":"","price_type":"flat_fee","restrictions":false,"min":"0","max":"0","options":[{"label":"crudo","price":"","price_type":"quantity_based","image":0,"visibility":true},{"label":"gris","price":"","price_type":"quantity_based","image":0,"visibility":true}],"id":1716980424}],"yoast_head":"<!-- This site is optimized with the Yoast SEO plugin v26.7 - https:\/\/yoast.com\/wordpress\/plugins\/seo\/ -->\n<title>Sombrilla de jard\u00edn rectangular con lona gris o cruda de 300x400 cm, m\u00e1stil lateral y cuerdas antiviento OB10<\/title>\n<meta name=\"description\" content=\"Paraguas de 272 cm de altura con estructura de aluminio.Lona de poli\u00e9ster en dos colores.\" \/>\n<meta name=\"robots\" content=\"index, follow, max-snippet:-1, max-image-preview:large, max-video-preview:-1\" \/>\n<link rel=\"canonical\" href=\"https:\/\/www.bagnoitalia.com\/es\/producto\/rectangular-garden-umbrella-with-300x400-cm-grey-or-ecru-canvas-side-pole-and-ob10-windproof-ropes-2.html\" \/>\n<meta property=\"og:locale\" content=\"es_ES\" \/>\n<meta property=\"og:type\" content=\"article\" \/>\n<meta property=\"og:title\" content=\"Sombrilla de jard\u00edn rectangular con lona gris o cruda de 300x400 cm, m\u00e1stil lateral y cuerdas antiviento OB10\" \/>\n<meta property=\"og:description\" content=\"Paraguas de 272 cm de altura con estructura de aluminio.Lona de poli\u00e9ster en dos colores.\" \/>\n<meta property=\"og:url\" content=\"https:\/\/www.bagnoitalia.com\/es\/producto\/rectangular-garden-umbrella-with-300x400-cm-grey-or-ecru-canvas-side-pole-and-ob10-windproof-ropes-2.html\" \/>\n<meta property=\"og:site_name\" content=\"Bagno Italia\" \/>\n<meta property=\"article:modified_time\" content=\"2024-05-29T09:00:23+00:00\" \/>\n<meta property=\"og:image\" content=\"https:\/\/img.bagnoitalia.com\/wp-content\/uploads\/virtuemart\/product\/300x400-cm-sunshade-grey-ecru-canvas-1.jpg\" \/>\n\t<meta property=\"og:image:width\" content=\"550\" \/>\n\t<meta property=\"og:image:height\" content=\"550\" \/>\n\t<meta property=\"og:image:type\" content=\"image\/jpeg\" \/>\n<meta name=\"twitter:card\" content=\"summary_large_image\" \/>\n<meta name=\"twitter:label1\" content=\"Tiempo de lectura\" \/>\n\t<meta name=\"twitter:data1\" content=\"1 minuto\" \/>\n<script type=\"application\/ld+json\" class=\"yoast-schema-graph\">{\"@context\":\"https:\/\/schema.org\",\"@graph\":[{\"@type\":\"WebPage\",\"@id\":\"https:\/\/www.bagnoitalia.com\/es\/producto\/rectangular-garden-umbrella-with-300x400-cm-grey-or-ecru-canvas-side-pole-and-ob10-windproof-ropes-2.html\",\"url\":\"https:\/\/www.bagnoitalia.com\/es\/producto\/rectangular-garden-umbrella-with-300x400-cm-grey-or-ecru-canvas-side-pole-and-ob10-windproof-ropes-2.html\",\"name\":\"Sombrilla de jard\u00edn rectangular con lona gris o cruda de 300x400 cm, m\u00e1stil lateral y cuerdas antiviento OB10\",\"isPartOf\":{\"@id\":\"https:\/\/www.bagnoitalia.com\/es#website\"},\"primaryImageOfPage\":{\"@id\":\"https:\/\/www.bagnoitalia.com\/es\/producto\/rectangular-garden-umbrella-with-300x400-cm-grey-or-ecru-canvas-side-pole-and-ob10-windproof-ropes-2.html#primaryimage\"},\"image\":{\"@id\":\"https:\/\/www.bagnoitalia.com\/es\/producto\/rectangular-garden-umbrella-with-300x400-cm-grey-or-ecru-canvas-side-pole-and-ob10-windproof-ropes-2.html#primaryimage\"},\"thumbnailUrl\":\"https:\/\/img.bagnoitalia.com\/wp-content\/uploads\/virtuemart\/product\/300x400-cm-sunshade-grey-ecru-canvas-1.jpg\",\"datePublished\":\"2023-04-20T11:55:36+00:00\",\"dateModified\":\"2024-05-29T09:00:23+00:00\",\"description\":\"Paraguas de 272 cm de altura con estructura de aluminio.Lona de poli\u00e9ster en dos colores.\",\"breadcrumb\":{\"@id\":\"https:\/\/www.bagnoitalia.com\/es\/producto\/rectangular-garden-umbrella-with-300x400-cm-grey-or-ecru-canvas-side-pole-and-ob10-windproof-ropes-2.html#breadcrumb\"},\"inLanguage\":\"es\",\"potentialAction\":[{\"@type\":\"ReadAction\",\"target\":[\"https:\/\/www.bagnoitalia.com\/es\/producto\/rectangular-garden-umbrella-with-300x400-cm-grey-or-ecru-canvas-side-pole-and-ob10-windproof-ropes-2.html\"]}]},{\"@type\":\"ImageObject\",\"inLanguage\":\"es\",\"@id\":\"https:\/\/www.bagnoitalia.com\/es\/producto\/rectangular-garden-umbrella-with-300x400-cm-grey-or-ecru-canvas-side-pole-and-ob10-windproof-ropes-2.html#primaryimage\",\"url\":\"https:\/\/img.bagnoitalia.com\/wp-content\/uploads\/virtuemart\/product\/300x400-cm-sunshade-grey-ecru-canvas-1.jpg\",\"contentUrl\":\"https:\/\/img.bagnoitalia.com\/wp-content\/uploads\/virtuemart\/product\/300x400-cm-sunshade-grey-ecru-canvas-1.jpg\",\"width\":550,\"height\":550},{\"@type\":\"BreadcrumbList\",\"@id\":\"https:\/\/www.bagnoitalia.com\/es\/producto\/rectangular-garden-umbrella-with-300x400-cm-grey-or-ecru-canvas-side-pole-and-ob10-windproof-ropes-2.html#breadcrumb\",\"itemListElement\":[{\"@type\":\"ListItem\",\"position\":1,\"name\":\"Home\",\"item\":\"https:\/\/www.bagnoitalia.com\/es\"},{\"@type\":\"ListItem\",\"position\":2,\"name\":\"Productos\",\"item\":\"https:\/\/www.bagnoitalia.com\/es\/shop\"},{\"@type\":\"ListItem\",\"position\":3,\"name\":\"Sombrilla de jard\u00edn rectangular con lona gris o cruda de 300&#215;400 cm, m\u00e1stil lateral y cuerdas antiviento OB10\"}]},{\"@type\":\"WebSite\",\"@id\":\"https:\/\/www.bagnoitalia.com\/es#website\",\"url\":\"https:\/\/www.bagnoitalia.com\/es\",\"name\":\"Bagno Italia\",\"description\":\"\",\"publisher\":{\"@id\":\"https:\/\/www.bagnoitalia.com\/es#organization\"},\"potentialAction\":[{\"@type\":\"SearchAction\",\"target\":{\"@type\":\"EntryPoint\",\"urlTemplate\":\"https:\/\/www.bagnoitalia.com\/es?s={search_term_string}\"},\"query-input\":{\"@type\":\"PropertyValueSpecification\",\"valueRequired\":true,\"valueName\":\"search_term_string\"}}],\"inLanguage\":\"es\"},{\"@type\":\"Organization\",\"@id\":\"https:\/\/www.bagnoitalia.com\/es#organization\",\"name\":\"Bagno Italia\",\"url\":\"https:\/\/www.bagnoitalia.com\/es\",\"logo\":{\"@type\":\"ImageObject\",\"inLanguage\":\"es\",\"@id\":\"https:\/\/www.bagnoitalia.com\/es#\/schema\/logo\/image\/\",\"url\":\"https:\/\/img.bagnoitalia.com\/wp-content\/uploads\/logo-bagnoitalia.webp\",\"contentUrl\":\"https:\/\/img.bagnoitalia.com\/wp-content\/uploads\/logo-bagnoitalia.webp\",\"width\":400,\"height\":70,\"caption\":\"Bagno Italia\"},\"image\":{\"@id\":\"https:\/\/www.bagnoitalia.com\/es#\/schema\/logo\/image\/\"}}]}<\/script>\n<!-- \/ Yoast SEO plugin. -->","yoast_head_json":{"title":"Sombrilla de jard\u00edn rectangular con lona gris o cruda de 300x400 cm, m\u00e1stil lateral y cuerdas antiviento OB10","description":"Paraguas de 272 cm de altura con estructura de aluminio.Lona de poli\u00e9ster en dos colores.","robots":{"index":"index","follow":"follow","max-snippet":"max-snippet:-1","max-image-preview":"max-image-preview:large","max-video-preview":"max-video-preview:-1"},"canonical":"https:\/\/www.bagnoitalia.com\/es\/producto\/rectangular-garden-umbrella-with-300x400-cm-grey-or-ecru-canvas-side-pole-and-ob10-windproof-ropes-2.html","og_locale":"es_ES","og_type":"article","og_title":"Sombrilla de jard\u00edn rectangular con lona gris o cruda de 300x400 cm, m\u00e1stil lateral y cuerdas antiviento OB10","og_description":"Paraguas de 272 cm de altura con estructura de aluminio.Lona de poli\u00e9ster en dos colores.","og_url":"https:\/\/www.bagnoitalia.com\/es\/producto\/rectangular-garden-umbrella-with-300x400-cm-grey-or-ecru-canvas-side-pole-and-ob10-windproof-ropes-2.html","og_site_name":"Bagno Italia","article_modified_time":"2024-05-29T09:00:23+00:00","og_image":[{"width":550,"height":550,"url":"https:\/\/img.bagnoitalia.com\/wp-content\/uploads\/virtuemart\/product\/300x400-cm-sunshade-grey-ecru-canvas-1.jpg","type":"image\/jpeg"}],"twitter_card":"summary_large_image","twitter_misc":{"Tiempo de lectura":"1 minuto"},"schema":{"@context":"https:\/\/schema.org","@graph":[{"@type":"WebPage","@id":"https:\/\/www.bagnoitalia.com\/es\/producto\/rectangular-garden-umbrella-with-300x400-cm-grey-or-ecru-canvas-side-pole-and-ob10-windproof-ropes-2.html","url":"https:\/\/www.bagnoitalia.com\/es\/producto\/rectangular-garden-umbrella-with-300x400-cm-grey-or-ecru-canvas-side-pole-and-ob10-windproof-ropes-2.html","name":"Sombrilla de jard\u00edn rectangular con lona gris o cruda de 300x400 cm, m\u00e1stil lateral y cuerdas antiviento OB10","isPartOf":{"@id":"https:\/\/www.bagnoitalia.com\/es#website"},"primaryImageOfPage":{"@id":"https:\/\/www.bagnoitalia.com\/es\/producto\/rectangular-garden-umbrella-with-300x400-cm-grey-or-ecru-canvas-side-pole-and-ob10-windproof-ropes-2.html#primaryimage"},"image":{"@id":"https:\/\/www.bagnoitalia.com\/es\/producto\/rectangular-garden-umbrella-with-300x400-cm-grey-or-ecru-canvas-side-pole-and-ob10-windproof-ropes-2.html#primaryimage"},"thumbnailUrl":"https:\/\/img.bagnoitalia.com\/wp-content\/uploads\/virtuemart\/product\/300x400-cm-sunshade-grey-ecru-canvas-1.jpg","datePublished":"2023-04-20T11:55:36+00:00","dateModified":"2024-05-29T09:00:23+00:00","description":"Paraguas de 272 cm de altura con estructura de aluminio.Lona de poli\u00e9ster en dos colores.","breadcrumb":{"@id":"https:\/\/www.bagnoitalia.com\/es\/producto\/rectangular-garden-umbrella-with-300x400-cm-grey-or-ecru-canvas-side-pole-and-ob10-windproof-ropes-2.html#breadcrumb"},"inLanguage":"es","potentialAction":[{"@type":"ReadAction","target":["https:\/\/www.bagnoitalia.com\/es\/producto\/rectangular-garden-umbrella-with-300x400-cm-grey-or-ecru-canvas-side-pole-and-ob10-windproof-ropes-2.html"]}]},{"@type":"ImageObject","inLanguage":"es","@id":"https:\/\/www.bagnoitalia.com\/es\/producto\/rectangular-garden-umbrella-with-300x400-cm-grey-or-ecru-canvas-side-pole-and-ob10-windproof-ropes-2.html#primaryimage","url":"https:\/\/img.bagnoitalia.com\/wp-content\/uploads\/virtuemart\/product\/300x400-cm-sunshade-grey-ecru-canvas-1.jpg","contentUrl":"https:\/\/img.bagnoitalia.com\/wp-content\/uploads\/virtuemart\/product\/300x400-cm-sunshade-grey-ecru-canvas-1.jpg","width":550,"height":550},{"@type":"BreadcrumbList","@id":"https:\/\/www.bagnoitalia.com\/es\/producto\/rectangular-garden-umbrella-with-300x400-cm-grey-or-ecru-canvas-side-pole-and-ob10-windproof-ropes-2.html#breadcrumb","itemListElement":[{"@type":"ListItem","position":1,"name":"Home","item":"https:\/\/www.bagnoitalia.com\/es"},{"@type":"ListItem","position":2,"name":"Productos","item":"https:\/\/www.bagnoitalia.com\/es\/shop"},{"@type":"ListItem","position":3,"name":"Sombrilla de jard\u00edn rectangular con lona gris o cruda de 300&#215;400 cm, m\u00e1stil lateral y cuerdas antiviento OB10"}]},{"@type":"WebSite","@id":"https:\/\/www.bagnoitalia.com\/es#website","url":"https:\/\/www.bagnoitalia.com\/es","name":"Bagno Italia","description":"","publisher":{"@id":"https:\/\/www.bagnoitalia.com\/es#organization"},"potentialAction":[{"@type":"SearchAction","target":{"@type":"EntryPoint","urlTemplate":"https:\/\/www.bagnoitalia.com\/es?s={search_term_string}"},"query-input":{"@type":"PropertyValueSpecification","valueRequired":true,"valueName":"search_term_string"}}],"inLanguage":"es"},{"@type":"Organization","@id":"https:\/\/www.bagnoitalia.com\/es#organization","name":"Bagno Italia","url":"https:\/\/www.bagnoitalia.com\/es","logo":{"@type":"ImageObject","inLanguage":"es","@id":"https:\/\/www.bagnoitalia.com\/es#\/schema\/logo\/image\/","url":"https:\/\/img.bagnoitalia.com\/wp-content\/uploads\/logo-bagnoitalia.webp","contentUrl":"https:\/\/img.bagnoitalia.com\/wp-content\/uploads\/logo-bagnoitalia.webp","width":400,"height":70,"caption":"Bagno Italia"},"image":{"@id":"https:\/\/www.bagnoitalia.com\/es#\/schema\/logo\/image\/"}}]}},"_links":{"self":[{"href":"https:\/\/www.bagnoitalia.com\/es\/wp-json\/wp\/v2\/product\/83059","targetHints":{"allow":["GET"]}}],"collection":[{"href":"https:\/\/www.bagnoitalia.com\/es\/wp-json\/wp\/v2\/product"}],"about":[{"href":"https:\/\/www.bagnoitalia.com\/es\/wp-json\/wp\/v2\/types\/product"}],"replies":[{"embeddable":true,"href":"https:\/\/www.bagnoitalia.com\/es\/wp-json\/wp\/v2\/comments?post=83059"}],"version-history":[{"count":1,"href":"https:\/\/www.bagnoitalia.com\/es\/wp-json\/wp\/v2\/product\/83059\/revisions"}],"predecessor-version":[{"id":88720,"href":"https:\/\/www.bagnoitalia.com\/es\/wp-json\/wp\/v2\/product\/83059\/revisions\/88720"}],"wp:featuredmedia":[{"embeddable":true,"href":"https:\/\/www.bagnoitalia.com\/es\/wp-json\/wp\/v2\/media\/61645"}],"wp:attachment":[{"href":"https:\/\/www.bagnoitalia.com\/es\/wp-json\/wp\/v2\/media?parent=83059"}],"wp:term":[{"taxonomy":"product_brand","embeddable":true,"href":"https:\/\/www.bagnoitalia.com\/es\/wp-json\/wp\/v2\/product_brand?post=83059"},{"taxonomy":"product_cat","embeddable":true,"href":"https:\/\/www.bagnoitalia.com\/es\/wp-json\/wp\/v2\/product_cat?post=83059"},{"taxonomy":"product_tag","embeddable":true,"href":"https:\/\/www.bagnoitalia.com\/es\/wp-json\/wp\/v2\/product_tag?post=83059"}],"curies":[{"name":"wp","href":"https:\/\/api.w.org\/{rel}","templated":true}]}}