{"id":83047,"date":"2023-04-17T15:36:23","date_gmt":"2023-04-17T13:36:23","guid":{"rendered":"https:\/\/www.bagnoitalia.com\/product\/circular-parasol-2-7-m-wall-mounted-with-white-or-grey-ob08-canvas-2"},"modified":"2025-06-13T09:12:27","modified_gmt":"2025-06-13T07:12:27","slug":"circular-parasol-2-7-m-wall-mounted-with-white-or-grey-ob08-canvas-2","status":"publish","type":"product","link":"https:\/\/www.bagnoitalia.com\/es\/producto\/circular-parasol-2-7-m-wall-mounted-with-white-or-grey-ob08-canvas-2.html","title":{"rendered":"Parasol circular 2,7 m de pared con lona blanca o gris OB08"},"content":{"rendered":"<p style=\"text-align: center;\"><span style=\"text-decoration: underline; color: #ff0000; font-size: 18pt;\"><strong>OB08 PARASOL CIRCULAR DE PARED\u00a0<\/strong><\/span><\/p>\n<p>&nbsp;<\/p>\n<p><span style=\"text-decoration: underline;\"><strong>DETALLES DEL PRODUCTO:<\/strong><\/span><\/p>\n<p>Sombrilla de jard\u00edn y exterior, s\u00f3lo de pared<\/p>\n<p>Disponible en dos colores<\/p>\n<p>lona blanca (con marco y lamas blancas)<br \/>\nlona gris (con marco y lamas antracita)<br \/>\nApertura por manivela<\/p>\n<p>Con chimenea de viento<\/p>\n<p><span style=\"text-decoration: underline;\"><strong>DIMENSIONES:<\/strong><\/span><\/p>\n<p>Di\u00e1metro: 270cm<\/p>\n<p>Altura: 150cm<\/p>\n<p>n.6 listones de 1.2&#215;1.8 cm<\/p>\n<p>Altura del brazo: 108 cm<\/p>\n<p>M\u00e1stil de 3,8cm de di\u00e1metro<\/p>\n<p><span style=\"text-decoration: underline;\"><strong>MATERIAL<\/strong><\/span><\/p>\n<p>Armaz\u00f3n de acero con recubrimiento de polvo<\/p>\n<p>Lona de poli\u00e9ster hidr\u00f3fugo de 180 g\/m\u00b2.<\/p>\n<p>Para garantizar una larga vida \u00fatil del producto, se recomienda resguardarlo durante fen\u00f3menos meteorol\u00f3gicos especialmente intensos y siempre durante los meses de invierno<\/p>\n<p>&nbsp;<\/p>\n<p>&nbsp;<\/p>\n<p>&nbsp;<\/p>\n<p>&nbsp;<\/p>\n<p>&nbsp;<\/p>\n<p>&nbsp;<\/p>\n<p>PARED-G<\/p>\n<p>PARED-B<\/p>\n","protected":false},"excerpt":{"rendered":"<p>Sombrilla con brazo mural de acero. Disponible en dos colores: blanco con marco y lamas blancas o gris con marco y lamas antracita.<\/p>\n","protected":false},"featured_media":61571,"comment_status":"open","ping_status":"closed","template":"","meta":[],"product_brand":[9884],"product_cat":[10032],"product_tag":[],"class_list":{"0":"post-83047","1":"product","2":"type-product","3":"status-publish","4":"has-post-thumbnail","6":"product_brand-deghi-es","7":"product_cat-sombrillas","9":"first","10":"instock","11":"sale","12":"taxable","13":"shipping-taxable","14":"purchasable","15":"product-type-simple"},"exclude_global_add_ons":false,"addons":[{"name":"Color","type":"multiple_choice","position":0,"required":true,"title_format":"heading","default":"","description_enable":false,"description":"","placeholder_enable":false,"placeholder":"","display":"select","restrictions_type":"any_text","adjust_price":false,"price":"","price_type":"flat_fee","restrictions":false,"min":"0","max":"0","options":[{"label":"ecr\u00f9","price":"","price_type":"quantity_based","image":0,"visibility":true},{"label":"Gris","price":"","price_type":"quantity_based","image":0,"visibility":true},{"label":"(No disponible) Blanco","price":"","price_type":"quantity_based","image":0,"visibility":true}],"id":1717088778}],"yoast_head":"<!-- This site is optimized with the Yoast SEO plugin v26.7 - https:\/\/yoast.com\/wordpress\/plugins\/seo\/ -->\n<title>Parasol circular 2,7 m de pared con lona OB08 blanca o gris<\/title>\n<meta name=\"description\" content=\"Sombrilla con brazo mural de acero. Disponible en dos colores: blanco con marco y lamas blancas o gris con marco y lamas antracita.\" \/>\n<meta name=\"robots\" content=\"index, follow, max-snippet:-1, max-image-preview:large, max-video-preview:-1\" \/>\n<link rel=\"canonical\" href=\"https:\/\/www.bagnoitalia.com\/es\/producto\/circular-parasol-2-7-m-wall-mounted-with-white-or-grey-ob08-canvas-2.html\" \/>\n<meta property=\"og:locale\" content=\"es_ES\" \/>\n<meta property=\"og:type\" content=\"article\" \/>\n<meta property=\"og:title\" content=\"Parasol circular 2,7 m de pared con lona OB08 blanca o gris\" \/>\n<meta property=\"og:description\" content=\"Sombrilla con brazo mural de acero. Disponible en dos colores: blanco con marco y lamas blancas o gris con marco y lamas antracita.\" \/>\n<meta property=\"og:url\" content=\"https:\/\/www.bagnoitalia.com\/es\/producto\/circular-parasol-2-7-m-wall-mounted-with-white-or-grey-ob08-canvas-2.html\" \/>\n<meta property=\"og:site_name\" content=\"Bagno Italia\" \/>\n<meta property=\"article:modified_time\" content=\"2025-06-13T07:12:27+00:00\" \/>\n<meta property=\"og:image\" content=\"https:\/\/img.bagnoitalia.com\/wp-content\/uploads\/virtuemart\/product\/umbrella-a-wall-270-cm-circular-ob08-grey-white-1.jpg\" \/>\n\t<meta property=\"og:image:width\" content=\"550\" \/>\n\t<meta property=\"og:image:height\" content=\"550\" \/>\n\t<meta property=\"og:image:type\" content=\"image\/jpeg\" \/>\n<meta name=\"twitter:card\" content=\"summary_large_image\" \/>\n<meta name=\"twitter:label1\" content=\"Tiempo de lectura\" \/>\n\t<meta name=\"twitter:data1\" content=\"1 minuto\" \/>\n<script type=\"application\/ld+json\" class=\"yoast-schema-graph\">{\"@context\":\"https:\/\/schema.org\",\"@graph\":[{\"@type\":\"WebPage\",\"@id\":\"https:\/\/www.bagnoitalia.com\/es\/producto\/circular-parasol-2-7-m-wall-mounted-with-white-or-grey-ob08-canvas-2.html\",\"url\":\"https:\/\/www.bagnoitalia.com\/es\/producto\/circular-parasol-2-7-m-wall-mounted-with-white-or-grey-ob08-canvas-2.html\",\"name\":\"Parasol circular 2,7 m de pared con lona OB08 blanca o gris\",\"isPartOf\":{\"@id\":\"https:\/\/www.bagnoitalia.com\/es#website\"},\"primaryImageOfPage\":{\"@id\":\"https:\/\/www.bagnoitalia.com\/es\/producto\/circular-parasol-2-7-m-wall-mounted-with-white-or-grey-ob08-canvas-2.html#primaryimage\"},\"image\":{\"@id\":\"https:\/\/www.bagnoitalia.com\/es\/producto\/circular-parasol-2-7-m-wall-mounted-with-white-or-grey-ob08-canvas-2.html#primaryimage\"},\"thumbnailUrl\":\"https:\/\/img.bagnoitalia.com\/wp-content\/uploads\/virtuemart\/product\/umbrella-a-wall-270-cm-circular-ob08-grey-white-1.jpg\",\"datePublished\":\"2023-04-17T13:36:23+00:00\",\"dateModified\":\"2025-06-13T07:12:27+00:00\",\"description\":\"Sombrilla con brazo mural de acero. Disponible en dos colores: blanco con marco y lamas blancas o gris con marco y lamas antracita.\",\"breadcrumb\":{\"@id\":\"https:\/\/www.bagnoitalia.com\/es\/producto\/circular-parasol-2-7-m-wall-mounted-with-white-or-grey-ob08-canvas-2.html#breadcrumb\"},\"inLanguage\":\"es\",\"potentialAction\":[{\"@type\":\"ReadAction\",\"target\":[\"https:\/\/www.bagnoitalia.com\/es\/producto\/circular-parasol-2-7-m-wall-mounted-with-white-or-grey-ob08-canvas-2.html\"]}]},{\"@type\":\"ImageObject\",\"inLanguage\":\"es\",\"@id\":\"https:\/\/www.bagnoitalia.com\/es\/producto\/circular-parasol-2-7-m-wall-mounted-with-white-or-grey-ob08-canvas-2.html#primaryimage\",\"url\":\"https:\/\/img.bagnoitalia.com\/wp-content\/uploads\/virtuemart\/product\/umbrella-a-wall-270-cm-circular-ob08-grey-white-1.jpg\",\"contentUrl\":\"https:\/\/img.bagnoitalia.com\/wp-content\/uploads\/virtuemart\/product\/umbrella-a-wall-270-cm-circular-ob08-grey-white-1.jpg\",\"width\":550,\"height\":550},{\"@type\":\"BreadcrumbList\",\"@id\":\"https:\/\/www.bagnoitalia.com\/es\/producto\/circular-parasol-2-7-m-wall-mounted-with-white-or-grey-ob08-canvas-2.html#breadcrumb\",\"itemListElement\":[{\"@type\":\"ListItem\",\"position\":1,\"name\":\"Home\",\"item\":\"https:\/\/www.bagnoitalia.com\/es\"},{\"@type\":\"ListItem\",\"position\":2,\"name\":\"Productos\",\"item\":\"https:\/\/www.bagnoitalia.com\/es\/shop\"},{\"@type\":\"ListItem\",\"position\":3,\"name\":\"Parasol circular 2,7 m de pared con lona blanca o gris OB08\"}]},{\"@type\":\"WebSite\",\"@id\":\"https:\/\/www.bagnoitalia.com\/es#website\",\"url\":\"https:\/\/www.bagnoitalia.com\/es\",\"name\":\"Bagno Italia\",\"description\":\"\",\"publisher\":{\"@id\":\"https:\/\/www.bagnoitalia.com\/es#organization\"},\"potentialAction\":[{\"@type\":\"SearchAction\",\"target\":{\"@type\":\"EntryPoint\",\"urlTemplate\":\"https:\/\/www.bagnoitalia.com\/es?s={search_term_string}\"},\"query-input\":{\"@type\":\"PropertyValueSpecification\",\"valueRequired\":true,\"valueName\":\"search_term_string\"}}],\"inLanguage\":\"es\"},{\"@type\":\"Organization\",\"@id\":\"https:\/\/www.bagnoitalia.com\/es#organization\",\"name\":\"Bagno Italia\",\"url\":\"https:\/\/www.bagnoitalia.com\/es\",\"logo\":{\"@type\":\"ImageObject\",\"inLanguage\":\"es\",\"@id\":\"https:\/\/www.bagnoitalia.com\/es#\/schema\/logo\/image\/\",\"url\":\"https:\/\/img.bagnoitalia.com\/wp-content\/uploads\/logo-bagnoitalia.webp\",\"contentUrl\":\"https:\/\/img.bagnoitalia.com\/wp-content\/uploads\/logo-bagnoitalia.webp\",\"width\":400,\"height\":70,\"caption\":\"Bagno Italia\"},\"image\":{\"@id\":\"https:\/\/www.bagnoitalia.com\/es#\/schema\/logo\/image\/\"}}]}<\/script>\n<!-- \/ Yoast SEO plugin. -->","yoast_head_json":{"title":"Parasol circular 2,7 m de pared con lona OB08 blanca o gris","description":"Sombrilla con brazo mural de acero. Disponible en dos colores: blanco con marco y lamas blancas o gris con marco y lamas antracita.","robots":{"index":"index","follow":"follow","max-snippet":"max-snippet:-1","max-image-preview":"max-image-preview:large","max-video-preview":"max-video-preview:-1"},"canonical":"https:\/\/www.bagnoitalia.com\/es\/producto\/circular-parasol-2-7-m-wall-mounted-with-white-or-grey-ob08-canvas-2.html","og_locale":"es_ES","og_type":"article","og_title":"Parasol circular 2,7 m de pared con lona OB08 blanca o gris","og_description":"Sombrilla con brazo mural de acero. Disponible en dos colores: blanco con marco y lamas blancas o gris con marco y lamas antracita.","og_url":"https:\/\/www.bagnoitalia.com\/es\/producto\/circular-parasol-2-7-m-wall-mounted-with-white-or-grey-ob08-canvas-2.html","og_site_name":"Bagno Italia","article_modified_time":"2025-06-13T07:12:27+00:00","og_image":[{"width":550,"height":550,"url":"https:\/\/img.bagnoitalia.com\/wp-content\/uploads\/virtuemart\/product\/umbrella-a-wall-270-cm-circular-ob08-grey-white-1.jpg","type":"image\/jpeg"}],"twitter_card":"summary_large_image","twitter_misc":{"Tiempo de lectura":"1 minuto"},"schema":{"@context":"https:\/\/schema.org","@graph":[{"@type":"WebPage","@id":"https:\/\/www.bagnoitalia.com\/es\/producto\/circular-parasol-2-7-m-wall-mounted-with-white-or-grey-ob08-canvas-2.html","url":"https:\/\/www.bagnoitalia.com\/es\/producto\/circular-parasol-2-7-m-wall-mounted-with-white-or-grey-ob08-canvas-2.html","name":"Parasol circular 2,7 m de pared con lona OB08 blanca o gris","isPartOf":{"@id":"https:\/\/www.bagnoitalia.com\/es#website"},"primaryImageOfPage":{"@id":"https:\/\/www.bagnoitalia.com\/es\/producto\/circular-parasol-2-7-m-wall-mounted-with-white-or-grey-ob08-canvas-2.html#primaryimage"},"image":{"@id":"https:\/\/www.bagnoitalia.com\/es\/producto\/circular-parasol-2-7-m-wall-mounted-with-white-or-grey-ob08-canvas-2.html#primaryimage"},"thumbnailUrl":"https:\/\/img.bagnoitalia.com\/wp-content\/uploads\/virtuemart\/product\/umbrella-a-wall-270-cm-circular-ob08-grey-white-1.jpg","datePublished":"2023-04-17T13:36:23+00:00","dateModified":"2025-06-13T07:12:27+00:00","description":"Sombrilla con brazo mural de acero. Disponible en dos colores: blanco con marco y lamas blancas o gris con marco y lamas antracita.","breadcrumb":{"@id":"https:\/\/www.bagnoitalia.com\/es\/producto\/circular-parasol-2-7-m-wall-mounted-with-white-or-grey-ob08-canvas-2.html#breadcrumb"},"inLanguage":"es","potentialAction":[{"@type":"ReadAction","target":["https:\/\/www.bagnoitalia.com\/es\/producto\/circular-parasol-2-7-m-wall-mounted-with-white-or-grey-ob08-canvas-2.html"]}]},{"@type":"ImageObject","inLanguage":"es","@id":"https:\/\/www.bagnoitalia.com\/es\/producto\/circular-parasol-2-7-m-wall-mounted-with-white-or-grey-ob08-canvas-2.html#primaryimage","url":"https:\/\/img.bagnoitalia.com\/wp-content\/uploads\/virtuemart\/product\/umbrella-a-wall-270-cm-circular-ob08-grey-white-1.jpg","contentUrl":"https:\/\/img.bagnoitalia.com\/wp-content\/uploads\/virtuemart\/product\/umbrella-a-wall-270-cm-circular-ob08-grey-white-1.jpg","width":550,"height":550},{"@type":"BreadcrumbList","@id":"https:\/\/www.bagnoitalia.com\/es\/producto\/circular-parasol-2-7-m-wall-mounted-with-white-or-grey-ob08-canvas-2.html#breadcrumb","itemListElement":[{"@type":"ListItem","position":1,"name":"Home","item":"https:\/\/www.bagnoitalia.com\/es"},{"@type":"ListItem","position":2,"name":"Productos","item":"https:\/\/www.bagnoitalia.com\/es\/shop"},{"@type":"ListItem","position":3,"name":"Parasol circular 2,7 m de pared con lona blanca o gris OB08"}]},{"@type":"WebSite","@id":"https:\/\/www.bagnoitalia.com\/es#website","url":"https:\/\/www.bagnoitalia.com\/es","name":"Bagno Italia","description":"","publisher":{"@id":"https:\/\/www.bagnoitalia.com\/es#organization"},"potentialAction":[{"@type":"SearchAction","target":{"@type":"EntryPoint","urlTemplate":"https:\/\/www.bagnoitalia.com\/es?s={search_term_string}"},"query-input":{"@type":"PropertyValueSpecification","valueRequired":true,"valueName":"search_term_string"}}],"inLanguage":"es"},{"@type":"Organization","@id":"https:\/\/www.bagnoitalia.com\/es#organization","name":"Bagno Italia","url":"https:\/\/www.bagnoitalia.com\/es","logo":{"@type":"ImageObject","inLanguage":"es","@id":"https:\/\/www.bagnoitalia.com\/es#\/schema\/logo\/image\/","url":"https:\/\/img.bagnoitalia.com\/wp-content\/uploads\/logo-bagnoitalia.webp","contentUrl":"https:\/\/img.bagnoitalia.com\/wp-content\/uploads\/logo-bagnoitalia.webp","width":400,"height":70,"caption":"Bagno Italia"},"image":{"@id":"https:\/\/www.bagnoitalia.com\/es#\/schema\/logo\/image\/"}}]}},"_links":{"self":[{"href":"https:\/\/www.bagnoitalia.com\/es\/wp-json\/wp\/v2\/product\/83047","targetHints":{"allow":["GET"]}}],"collection":[{"href":"https:\/\/www.bagnoitalia.com\/es\/wp-json\/wp\/v2\/product"}],"about":[{"href":"https:\/\/www.bagnoitalia.com\/es\/wp-json\/wp\/v2\/types\/product"}],"replies":[{"embeddable":true,"href":"https:\/\/www.bagnoitalia.com\/es\/wp-json\/wp\/v2\/comments?post=83047"}],"version-history":[{"count":2,"href":"https:\/\/www.bagnoitalia.com\/es\/wp-json\/wp\/v2\/product\/83047\/revisions"}],"predecessor-version":[{"id":86942,"href":"https:\/\/www.bagnoitalia.com\/es\/wp-json\/wp\/v2\/product\/83047\/revisions\/86942"}],"wp:featuredmedia":[{"embeddable":true,"href":"https:\/\/www.bagnoitalia.com\/es\/wp-json\/wp\/v2\/media\/61571"}],"wp:attachment":[{"href":"https:\/\/www.bagnoitalia.com\/es\/wp-json\/wp\/v2\/media?parent=83047"}],"wp:term":[{"taxonomy":"product_brand","embeddable":true,"href":"https:\/\/www.bagnoitalia.com\/es\/wp-json\/wp\/v2\/product_brand?post=83047"},{"taxonomy":"product_cat","embeddable":true,"href":"https:\/\/www.bagnoitalia.com\/es\/wp-json\/wp\/v2\/product_cat?post=83047"},{"taxonomy":"product_tag","embeddable":true,"href":"https:\/\/www.bagnoitalia.com\/es\/wp-json\/wp\/v2\/product_tag?post=83047"}],"curies":[{"name":"wp","href":"https:\/\/api.w.org\/{rel}","templated":true}]}}