{"id":82975,"date":"2023-03-24T16:24:55","date_gmt":"2023-03-24T15:24:55","guid":{"rendered":"https:\/\/www.bagnoitalia.com\/product\/matilda-3-seater-sofa-bed-198x105-cm-in-white-or-black-faux-leather-with-storage-compartment-and-cushions-included-2"},"modified":"2025-06-09T11:40:45","modified_gmt":"2025-06-09T09:40:45","slug":"matilda-3-seater-sofa-bed-198x105-cm-in-white-or-black-faux-leather-with-storage-compartment-and-cushions-included-2","status":"publish","type":"product","link":"https:\/\/www.bagnoitalia.com\/es\/producto\/matilda-3-seater-sofa-bed-198x105-cm-in-white-or-black-faux-leather-with-storage-compartment-and-cushions-included-2.html","title":{"rendered":"Sof\u00e1 cama de 3 plazas Matilda 198&#215;105 cm en piel sint\u00e9tica blanca o negra con compartimento y cojines incluidos"},"content":{"rendered":"<p style=\"text-align: center;\"><span style=\"text-decoration: underline; color: #ff0000; font-size: 18pt;\"><strong>SOF\u00c1 CAMA \u00abMATILDA<\/strong><\/span><\/p>\n<p>&nbsp;<\/p>\n<p><span style=\"text-decoration: underline;\"><strong>DETALLES DEL PRODUCTO<\/strong><\/span><\/p>\n<p>Sof\u00e1 de 3 plazas fabricado en piel sint\u00e9tica de alta calidad<\/p>\n<p>Disponible en dos colores: blanco o negro<\/p>\n<p>Respaldo reclinable en posici\u00f3n cama<\/p>\n<p>Sistema antivuelco<\/p>\n<p>Amplio compartimento portaobjetos forrado (bajo el asiento)<\/p>\n<p>Apto para 3 personas<\/p>\n<p>Dos cojines a juego incluidos<\/p>\n<p>Cuatro pies reforzados<\/p>\n<p>&nbsp;<\/p>\n<p><span style=\"text-decoration: underline;\"><strong>DIMENSIONES:<\/strong><\/span><\/p>\n<p>medidas en posici\u00f3n CAMA (abierta) 198&#215;105 cm (una plaza y media)<\/p>\n<p>medidas en posici\u00f3n SOFA (cerrado): 198&#215;80 cm<\/p>\n<p>altura del respaldo desde el suelo: 78 cm<\/p>\n<p>altura del asiento desde el suelo: 43 cm<\/p>\n<p>profundidad del asiento: 53 cm<\/p>\n<p>&nbsp;<\/p>\n<p>&nbsp;<\/p>\n","protected":false},"excerpt":{"rendered":"<p>C\u00f3modo sof\u00e1 tapizado en piel sint\u00e9tica de alta calidad, disponible en dos colores: blanco o negro. Bajo el asiento hay un pr\u00e1ctico compartimento portaobjetos. Reclinando el respaldo se obtiene una cama de plaza y media.<\/p>\n","protected":false},"featured_media":61009,"comment_status":"open","ping_status":"closed","template":"","meta":[],"product_brand":[9926],"product_cat":[9797],"product_tag":[],"class_list":{"0":"post-82975","1":"product","2":"type-product","3":"status-publish","4":"has-post-thumbnail","6":"product_brand-predator-arredo-casa-es","7":"product_cat-sofa-cama-muebles-de-interior","9":"first","10":"instock","11":"sale","12":"taxable","13":"shipping-taxable","14":"purchasable","15":"product-type-simple"},"exclude_global_add_ons":false,"addons":[{"name":"Color","type":"multiple_choice","position":0,"required":true,"title_format":"heading","default":"","description_enable":false,"description":"","placeholder_enable":false,"placeholder":"","display":"select","restrictions_type":"any_text","adjust_price":false,"price":"","price_type":"flat_fee","restrictions":false,"min":"0","max":"0","options":[{"label":"negro","price":"","price_type":"quantity_based","image":0,"visibility":true},{"label":"blanco","price":"","price_type":"quantity_based","image":0,"visibility":true}],"id":1718289735}],"yoast_head":"<!-- This site is optimized with the Yoast SEO plugin v26.7 - https:\/\/yoast.com\/wordpress\/plugins\/seo\/ -->\n<title>Sof\u00e1 cama de 3 plazas Matilda 198x105 cm en piel sint\u00e9tica blanca o negra con compartimento y cojines incluidos<\/title>\n<meta name=\"description\" content=\"C\u00f3modo sof\u00e1 tapizado en piel sint\u00e9tica de alta calidad, disponible en dos colores: blanco o negro. Bajo el asiento hay un pr\u00e1ctico compartimento portaobjetos. Reclinando el respaldo se obtiene una cama de plaza y media.\" \/>\n<meta name=\"robots\" content=\"index, follow, max-snippet:-1, max-image-preview:large, max-video-preview:-1\" \/>\n<link rel=\"canonical\" href=\"https:\/\/www.bagnoitalia.com\/es\/producto\/matilda-3-seater-sofa-bed-198x105-cm-in-white-or-black-faux-leather-with-storage-compartment-and-cushions-included-2.html\" \/>\n<meta property=\"og:locale\" content=\"es_ES\" \/>\n<meta property=\"og:type\" content=\"article\" \/>\n<meta property=\"og:title\" content=\"Sof\u00e1 cama de 3 plazas Matilda 198x105 cm en piel sint\u00e9tica blanca o negra con compartimento y cojines incluidos\" \/>\n<meta property=\"og:description\" content=\"C\u00f3modo sof\u00e1 tapizado en piel sint\u00e9tica de alta calidad, disponible en dos colores: blanco o negro. Bajo el asiento hay un pr\u00e1ctico compartimento portaobjetos. Reclinando el respaldo se obtiene una cama de plaza y media.\" \/>\n<meta property=\"og:url\" content=\"https:\/\/www.bagnoitalia.com\/es\/producto\/matilda-3-seater-sofa-bed-198x105-cm-in-white-or-black-faux-leather-with-storage-compartment-and-cushions-included-2.html\" \/>\n<meta property=\"og:site_name\" content=\"Bagno Italia\" \/>\n<meta property=\"article:modified_time\" content=\"2025-06-09T09:40:45+00:00\" \/>\n<meta property=\"og:image\" content=\"https:\/\/img.bagnoitalia.com\/wp-content\/uploads\/virtuemart\/product\/sofa-bed-ecloth-black-white-container-1.jpg\" \/>\n\t<meta property=\"og:image:width\" content=\"550\" \/>\n\t<meta property=\"og:image:height\" content=\"550\" \/>\n\t<meta property=\"og:image:type\" content=\"image\/jpeg\" \/>\n<meta name=\"twitter:card\" content=\"summary_large_image\" \/>\n<meta name=\"twitter:label1\" content=\"Tiempo de lectura\" \/>\n\t<meta name=\"twitter:data1\" content=\"1 minuto\" \/>\n<script type=\"application\/ld+json\" class=\"yoast-schema-graph\">{\"@context\":\"https:\/\/schema.org\",\"@graph\":[{\"@type\":\"WebPage\",\"@id\":\"https:\/\/www.bagnoitalia.com\/es\/producto\/matilda-3-seater-sofa-bed-198x105-cm-in-white-or-black-faux-leather-with-storage-compartment-and-cushions-included-2.html\",\"url\":\"https:\/\/www.bagnoitalia.com\/es\/producto\/matilda-3-seater-sofa-bed-198x105-cm-in-white-or-black-faux-leather-with-storage-compartment-and-cushions-included-2.html\",\"name\":\"Sof\u00e1 cama de 3 plazas Matilda 198x105 cm en piel sint\u00e9tica blanca o negra con compartimento y cojines incluidos\",\"isPartOf\":{\"@id\":\"https:\/\/www.bagnoitalia.com\/es#website\"},\"primaryImageOfPage\":{\"@id\":\"https:\/\/www.bagnoitalia.com\/es\/producto\/matilda-3-seater-sofa-bed-198x105-cm-in-white-or-black-faux-leather-with-storage-compartment-and-cushions-included-2.html#primaryimage\"},\"image\":{\"@id\":\"https:\/\/www.bagnoitalia.com\/es\/producto\/matilda-3-seater-sofa-bed-198x105-cm-in-white-or-black-faux-leather-with-storage-compartment-and-cushions-included-2.html#primaryimage\"},\"thumbnailUrl\":\"https:\/\/img.bagnoitalia.com\/wp-content\/uploads\/virtuemart\/product\/sofa-bed-ecloth-black-white-container-1.jpg\",\"datePublished\":\"2023-03-24T15:24:55+00:00\",\"dateModified\":\"2025-06-09T09:40:45+00:00\",\"description\":\"C\u00f3modo sof\u00e1 tapizado en piel sint\u00e9tica de alta calidad, disponible en dos colores: blanco o negro. Bajo el asiento hay un pr\u00e1ctico compartimento portaobjetos. Reclinando el respaldo se obtiene una cama de plaza y media.\",\"breadcrumb\":{\"@id\":\"https:\/\/www.bagnoitalia.com\/es\/producto\/matilda-3-seater-sofa-bed-198x105-cm-in-white-or-black-faux-leather-with-storage-compartment-and-cushions-included-2.html#breadcrumb\"},\"inLanguage\":\"es\",\"potentialAction\":[{\"@type\":\"ReadAction\",\"target\":[\"https:\/\/www.bagnoitalia.com\/es\/producto\/matilda-3-seater-sofa-bed-198x105-cm-in-white-or-black-faux-leather-with-storage-compartment-and-cushions-included-2.html\"]}]},{\"@type\":\"ImageObject\",\"inLanguage\":\"es\",\"@id\":\"https:\/\/www.bagnoitalia.com\/es\/producto\/matilda-3-seater-sofa-bed-198x105-cm-in-white-or-black-faux-leather-with-storage-compartment-and-cushions-included-2.html#primaryimage\",\"url\":\"https:\/\/img.bagnoitalia.com\/wp-content\/uploads\/virtuemart\/product\/sofa-bed-ecloth-black-white-container-1.jpg\",\"contentUrl\":\"https:\/\/img.bagnoitalia.com\/wp-content\/uploads\/virtuemart\/product\/sofa-bed-ecloth-black-white-container-1.jpg\",\"width\":550,\"height\":550},{\"@type\":\"BreadcrumbList\",\"@id\":\"https:\/\/www.bagnoitalia.com\/es\/producto\/matilda-3-seater-sofa-bed-198x105-cm-in-white-or-black-faux-leather-with-storage-compartment-and-cushions-included-2.html#breadcrumb\",\"itemListElement\":[{\"@type\":\"ListItem\",\"position\":1,\"name\":\"Home\",\"item\":\"https:\/\/www.bagnoitalia.com\/es\"},{\"@type\":\"ListItem\",\"position\":2,\"name\":\"Productos\",\"item\":\"https:\/\/www.bagnoitalia.com\/es\/shop\"},{\"@type\":\"ListItem\",\"position\":3,\"name\":\"Sof\u00e1 cama de 3 plazas Matilda 198&#215;105 cm en piel sint\u00e9tica blanca o negra con compartimento y cojines incluidos\"}]},{\"@type\":\"WebSite\",\"@id\":\"https:\/\/www.bagnoitalia.com\/es#website\",\"url\":\"https:\/\/www.bagnoitalia.com\/es\",\"name\":\"Bagno Italia\",\"description\":\"\",\"publisher\":{\"@id\":\"https:\/\/www.bagnoitalia.com\/es#organization\"},\"potentialAction\":[{\"@type\":\"SearchAction\",\"target\":{\"@type\":\"EntryPoint\",\"urlTemplate\":\"https:\/\/www.bagnoitalia.com\/es?s={search_term_string}\"},\"query-input\":{\"@type\":\"PropertyValueSpecification\",\"valueRequired\":true,\"valueName\":\"search_term_string\"}}],\"inLanguage\":\"es\"},{\"@type\":\"Organization\",\"@id\":\"https:\/\/www.bagnoitalia.com\/es#organization\",\"name\":\"Bagno Italia\",\"url\":\"https:\/\/www.bagnoitalia.com\/es\",\"logo\":{\"@type\":\"ImageObject\",\"inLanguage\":\"es\",\"@id\":\"https:\/\/www.bagnoitalia.com\/es#\/schema\/logo\/image\/\",\"url\":\"https:\/\/img.bagnoitalia.com\/wp-content\/uploads\/logo-bagnoitalia.webp\",\"contentUrl\":\"https:\/\/img.bagnoitalia.com\/wp-content\/uploads\/logo-bagnoitalia.webp\",\"width\":400,\"height\":70,\"caption\":\"Bagno Italia\"},\"image\":{\"@id\":\"https:\/\/www.bagnoitalia.com\/es#\/schema\/logo\/image\/\"}}]}<\/script>\n<!-- \/ Yoast SEO plugin. -->","yoast_head_json":{"title":"Sof\u00e1 cama de 3 plazas Matilda 198x105 cm en piel sint\u00e9tica blanca o negra con compartimento y cojines incluidos","description":"C\u00f3modo sof\u00e1 tapizado en piel sint\u00e9tica de alta calidad, disponible en dos colores: blanco o negro. Bajo el asiento hay un pr\u00e1ctico compartimento portaobjetos. Reclinando el respaldo se obtiene una cama de plaza y media.","robots":{"index":"index","follow":"follow","max-snippet":"max-snippet:-1","max-image-preview":"max-image-preview:large","max-video-preview":"max-video-preview:-1"},"canonical":"https:\/\/www.bagnoitalia.com\/es\/producto\/matilda-3-seater-sofa-bed-198x105-cm-in-white-or-black-faux-leather-with-storage-compartment-and-cushions-included-2.html","og_locale":"es_ES","og_type":"article","og_title":"Sof\u00e1 cama de 3 plazas Matilda 198x105 cm en piel sint\u00e9tica blanca o negra con compartimento y cojines incluidos","og_description":"C\u00f3modo sof\u00e1 tapizado en piel sint\u00e9tica de alta calidad, disponible en dos colores: blanco o negro. Bajo el asiento hay un pr\u00e1ctico compartimento portaobjetos. Reclinando el respaldo se obtiene una cama de plaza y media.","og_url":"https:\/\/www.bagnoitalia.com\/es\/producto\/matilda-3-seater-sofa-bed-198x105-cm-in-white-or-black-faux-leather-with-storage-compartment-and-cushions-included-2.html","og_site_name":"Bagno Italia","article_modified_time":"2025-06-09T09:40:45+00:00","og_image":[{"width":550,"height":550,"url":"https:\/\/img.bagnoitalia.com\/wp-content\/uploads\/virtuemart\/product\/sofa-bed-ecloth-black-white-container-1.jpg","type":"image\/jpeg"}],"twitter_card":"summary_large_image","twitter_misc":{"Tiempo de lectura":"1 minuto"},"schema":{"@context":"https:\/\/schema.org","@graph":[{"@type":"WebPage","@id":"https:\/\/www.bagnoitalia.com\/es\/producto\/matilda-3-seater-sofa-bed-198x105-cm-in-white-or-black-faux-leather-with-storage-compartment-and-cushions-included-2.html","url":"https:\/\/www.bagnoitalia.com\/es\/producto\/matilda-3-seater-sofa-bed-198x105-cm-in-white-or-black-faux-leather-with-storage-compartment-and-cushions-included-2.html","name":"Sof\u00e1 cama de 3 plazas Matilda 198x105 cm en piel sint\u00e9tica blanca o negra con compartimento y cojines incluidos","isPartOf":{"@id":"https:\/\/www.bagnoitalia.com\/es#website"},"primaryImageOfPage":{"@id":"https:\/\/www.bagnoitalia.com\/es\/producto\/matilda-3-seater-sofa-bed-198x105-cm-in-white-or-black-faux-leather-with-storage-compartment-and-cushions-included-2.html#primaryimage"},"image":{"@id":"https:\/\/www.bagnoitalia.com\/es\/producto\/matilda-3-seater-sofa-bed-198x105-cm-in-white-or-black-faux-leather-with-storage-compartment-and-cushions-included-2.html#primaryimage"},"thumbnailUrl":"https:\/\/img.bagnoitalia.com\/wp-content\/uploads\/virtuemart\/product\/sofa-bed-ecloth-black-white-container-1.jpg","datePublished":"2023-03-24T15:24:55+00:00","dateModified":"2025-06-09T09:40:45+00:00","description":"C\u00f3modo sof\u00e1 tapizado en piel sint\u00e9tica de alta calidad, disponible en dos colores: blanco o negro. Bajo el asiento hay un pr\u00e1ctico compartimento portaobjetos. Reclinando el respaldo se obtiene una cama de plaza y media.","breadcrumb":{"@id":"https:\/\/www.bagnoitalia.com\/es\/producto\/matilda-3-seater-sofa-bed-198x105-cm-in-white-or-black-faux-leather-with-storage-compartment-and-cushions-included-2.html#breadcrumb"},"inLanguage":"es","potentialAction":[{"@type":"ReadAction","target":["https:\/\/www.bagnoitalia.com\/es\/producto\/matilda-3-seater-sofa-bed-198x105-cm-in-white-or-black-faux-leather-with-storage-compartment-and-cushions-included-2.html"]}]},{"@type":"ImageObject","inLanguage":"es","@id":"https:\/\/www.bagnoitalia.com\/es\/producto\/matilda-3-seater-sofa-bed-198x105-cm-in-white-or-black-faux-leather-with-storage-compartment-and-cushions-included-2.html#primaryimage","url":"https:\/\/img.bagnoitalia.com\/wp-content\/uploads\/virtuemart\/product\/sofa-bed-ecloth-black-white-container-1.jpg","contentUrl":"https:\/\/img.bagnoitalia.com\/wp-content\/uploads\/virtuemart\/product\/sofa-bed-ecloth-black-white-container-1.jpg","width":550,"height":550},{"@type":"BreadcrumbList","@id":"https:\/\/www.bagnoitalia.com\/es\/producto\/matilda-3-seater-sofa-bed-198x105-cm-in-white-or-black-faux-leather-with-storage-compartment-and-cushions-included-2.html#breadcrumb","itemListElement":[{"@type":"ListItem","position":1,"name":"Home","item":"https:\/\/www.bagnoitalia.com\/es"},{"@type":"ListItem","position":2,"name":"Productos","item":"https:\/\/www.bagnoitalia.com\/es\/shop"},{"@type":"ListItem","position":3,"name":"Sof\u00e1 cama de 3 plazas Matilda 198&#215;105 cm en piel sint\u00e9tica blanca o negra con compartimento y cojines incluidos"}]},{"@type":"WebSite","@id":"https:\/\/www.bagnoitalia.com\/es#website","url":"https:\/\/www.bagnoitalia.com\/es","name":"Bagno Italia","description":"","publisher":{"@id":"https:\/\/www.bagnoitalia.com\/es#organization"},"potentialAction":[{"@type":"SearchAction","target":{"@type":"EntryPoint","urlTemplate":"https:\/\/www.bagnoitalia.com\/es?s={search_term_string}"},"query-input":{"@type":"PropertyValueSpecification","valueRequired":true,"valueName":"search_term_string"}}],"inLanguage":"es"},{"@type":"Organization","@id":"https:\/\/www.bagnoitalia.com\/es#organization","name":"Bagno Italia","url":"https:\/\/www.bagnoitalia.com\/es","logo":{"@type":"ImageObject","inLanguage":"es","@id":"https:\/\/www.bagnoitalia.com\/es#\/schema\/logo\/image\/","url":"https:\/\/img.bagnoitalia.com\/wp-content\/uploads\/logo-bagnoitalia.webp","contentUrl":"https:\/\/img.bagnoitalia.com\/wp-content\/uploads\/logo-bagnoitalia.webp","width":400,"height":70,"caption":"Bagno Italia"},"image":{"@id":"https:\/\/www.bagnoitalia.com\/es#\/schema\/logo\/image\/"}}]}},"_links":{"self":[{"href":"https:\/\/www.bagnoitalia.com\/es\/wp-json\/wp\/v2\/product\/82975","targetHints":{"allow":["GET"]}}],"collection":[{"href":"https:\/\/www.bagnoitalia.com\/es\/wp-json\/wp\/v2\/product"}],"about":[{"href":"https:\/\/www.bagnoitalia.com\/es\/wp-json\/wp\/v2\/types\/product"}],"replies":[{"embeddable":true,"href":"https:\/\/www.bagnoitalia.com\/es\/wp-json\/wp\/v2\/comments?post=82975"}],"version-history":[{"count":1,"href":"https:\/\/www.bagnoitalia.com\/es\/wp-json\/wp\/v2\/product\/82975\/revisions"}],"predecessor-version":[{"id":89367,"href":"https:\/\/www.bagnoitalia.com\/es\/wp-json\/wp\/v2\/product\/82975\/revisions\/89367"}],"wp:featuredmedia":[{"embeddable":true,"href":"https:\/\/www.bagnoitalia.com\/es\/wp-json\/wp\/v2\/media\/61009"}],"wp:attachment":[{"href":"https:\/\/www.bagnoitalia.com\/es\/wp-json\/wp\/v2\/media?parent=82975"}],"wp:term":[{"taxonomy":"product_brand","embeddable":true,"href":"https:\/\/www.bagnoitalia.com\/es\/wp-json\/wp\/v2\/product_brand?post=82975"},{"taxonomy":"product_cat","embeddable":true,"href":"https:\/\/www.bagnoitalia.com\/es\/wp-json\/wp\/v2\/product_cat?post=82975"},{"taxonomy":"product_tag","embeddable":true,"href":"https:\/\/www.bagnoitalia.com\/es\/wp-json\/wp\/v2\/product_tag?post=82975"}],"curies":[{"name":"wp","href":"https:\/\/api.w.org\/{rel}","templated":true}]}}