{"id":82947,"date":"2023-03-16T09:06:55","date_gmt":"2023-03-16T08:06:55","guid":{"rendered":"https:\/\/www.bagnoitalia.com\/product\/cherry-outdoor-furniture-with-double-bench-sofa-and-square-coffee-table-set-complete-with-seat-and-back-cushions-2"},"modified":"2023-03-16T09:06:55","modified_gmt":"2023-03-16T08:06:55","slug":"cherry-outdoor-furniture-with-double-bench-sofa-and-square-coffee-table-set-complete-with-seat-and-back-cushions-2","status":"publish","type":"product","link":"https:\/\/www.bagnoitalia.com\/es\/producto\/cherry-outdoor-furniture-with-double-bench-sofa-and-square-coffee-table-set-complete-with-seat-and-back-cushions-2.html","title":{"rendered":"CHERRY muebles de exterior con sof\u00e1 doble banco y mesa de centro cuadrada juego completo con cojines de asiento y respaldo"},"content":{"rendered":"<p style=\"text-align: center;\"><span style=\"text-decoration: underline; color: #ff0000; font-size: 18pt;\"><strong>SOFA con MESA modelo \u00abCHERRY<\/strong><\/span><\/p>\n<p>&nbsp;<\/p>\n<p><span style=\"text-decoration: underline;\"><strong>CARACTER\u00cdSTICAS<\/strong><\/span><\/p>\n<p>Conjunto de exterior compuesto por una mesa de centro cuadrada y un sof\u00e1 formado por dos bancos independientes: combinando los dos bancos es posible crear un c\u00f3modo sof\u00e1 esquinero para 3 personas<\/p>\n<p>Dimensiones de la mesa: 64 x 64 x H30 cm<\/p>\n<p>Dimensiones de los bancos: 137x72xH64 cm cada uno<\/p>\n<p>Grosor del asiento: 10 cm<\/p>\n<p>Tejido de poli\u00e9ster hidr\u00f3fugo<\/p>\n<p>Resistente a los rayos UV<\/p>\n<p>Estructura de aluminio antracita mate<\/p>\n<p>&nbsp;<\/p>\n<p>&nbsp;<\/p>\n<p>&nbsp;<\/p>\n<p>&nbsp;<\/p>\n<p>&nbsp;<\/p>\n<p>&nbsp;<\/p>\n<p>&nbsp;<\/p>\n<p>&nbsp;<\/p>\n<p>&nbsp;<\/p>\n<p>UL08<\/p>\n","protected":false},"excerpt":{"rendered":"<p>Sof\u00e1 modelo Cherry, para exterior, compuesto por dos bancos independientes que pueden colocarse uno al lado del otro para crear un sof\u00e1 esquinero. Tambi\u00e9n se incluye en la oferta una mesa de centro cuadrada.<\/p>\n","protected":false},"featured_media":60793,"comment_status":"open","ping_status":"closed","template":"","meta":[],"product_brand":[5030],"product_cat":[10014,9785],"product_tag":[],"class_list":{"0":"post-82947","1":"product","2":"type-product","3":"status-publish","4":"has-post-thumbnail","6":"product_brand-sanotechnik-italia","7":"product_cat-sofas-de-exterior","8":"product_cat-muebles-de-exterior","10":"first","11":"instock","12":"sale","13":"taxable","14":"shipping-taxable","15":"purchasable","16":"product-type-simple"},"exclude_global_add_ons":[],"addons":[],"yoast_head":"<!-- This site is optimized with the Yoast SEO plugin v26.7 - https:\/\/yoast.com\/wordpress\/plugins\/seo\/ -->\n<title>CHERRY muebles de exterior con sof\u00e1 doble banco y mesa de centro cuadrada juego completo con cojines de asiento y respaldo<\/title>\n<meta name=\"description\" content=\"Sof\u00e1 modelo Cherry, para exterior, compuesto por dos bancos independientes que pueden colocarse uno al lado del otro para crear un sof\u00e1 esquinero. Tambi\u00e9n se incluye en la oferta una mesa de centro cuadrada.\" \/>\n<meta name=\"robots\" content=\"index, follow, max-snippet:-1, max-image-preview:large, max-video-preview:-1\" \/>\n<link rel=\"canonical\" href=\"https:\/\/www.bagnoitalia.com\/es\/producto\/cherry-outdoor-furniture-with-double-bench-sofa-and-square-coffee-table-set-complete-with-seat-and-back-cushions-2.html\" \/>\n<meta property=\"og:locale\" content=\"es_ES\" \/>\n<meta property=\"og:type\" content=\"article\" \/>\n<meta property=\"og:title\" content=\"CHERRY muebles de exterior con sof\u00e1 doble banco y mesa de centro cuadrada juego completo con cojines de asiento y respaldo\" \/>\n<meta property=\"og:description\" content=\"Sof\u00e1 modelo Cherry, para exterior, compuesto por dos bancos independientes que pueden colocarse uno al lado del otro para crear un sof\u00e1 esquinero. Tambi\u00e9n se incluye en la oferta una mesa de centro cuadrada.\" \/>\n<meta property=\"og:url\" content=\"https:\/\/www.bagnoitalia.com\/es\/producto\/cherry-outdoor-furniture-with-double-bench-sofa-and-square-coffee-table-set-complete-with-seat-and-back-cushions-2.html\" \/>\n<meta property=\"og:site_name\" content=\"Bagno Italia\" \/>\n<meta property=\"og:image\" content=\"https:\/\/img.bagnoitalia.com\/wp-content\/uploads\/virtuemart\/product\/set-outdoor-furniture-double-couch-with-table-2-1.jpg\" \/>\n\t<meta property=\"og:image:width\" content=\"550\" \/>\n\t<meta property=\"og:image:height\" content=\"550\" \/>\n\t<meta property=\"og:image:type\" content=\"image\/jpeg\" \/>\n<meta name=\"twitter:card\" content=\"summary_large_image\" \/>\n<script type=\"application\/ld+json\" class=\"yoast-schema-graph\">{\"@context\":\"https:\/\/schema.org\",\"@graph\":[{\"@type\":\"WebPage\",\"@id\":\"https:\/\/www.bagnoitalia.com\/es\/producto\/cherry-outdoor-furniture-with-double-bench-sofa-and-square-coffee-table-set-complete-with-seat-and-back-cushions-2.html\",\"url\":\"https:\/\/www.bagnoitalia.com\/es\/producto\/cherry-outdoor-furniture-with-double-bench-sofa-and-square-coffee-table-set-complete-with-seat-and-back-cushions-2.html\",\"name\":\"CHERRY muebles de exterior con sof\u00e1 doble banco y mesa de centro cuadrada juego completo con cojines de asiento y respaldo\",\"isPartOf\":{\"@id\":\"https:\/\/www.bagnoitalia.com\/es#website\"},\"primaryImageOfPage\":{\"@id\":\"https:\/\/www.bagnoitalia.com\/es\/producto\/cherry-outdoor-furniture-with-double-bench-sofa-and-square-coffee-table-set-complete-with-seat-and-back-cushions-2.html#primaryimage\"},\"image\":{\"@id\":\"https:\/\/www.bagnoitalia.com\/es\/producto\/cherry-outdoor-furniture-with-double-bench-sofa-and-square-coffee-table-set-complete-with-seat-and-back-cushions-2.html#primaryimage\"},\"thumbnailUrl\":\"https:\/\/img.bagnoitalia.com\/wp-content\/uploads\/virtuemart\/product\/set-outdoor-furniture-double-couch-with-table-2-1.jpg\",\"datePublished\":\"2023-03-16T08:06:55+00:00\",\"description\":\"Sof\u00e1 modelo Cherry, para exterior, compuesto por dos bancos independientes que pueden colocarse uno al lado del otro para crear un sof\u00e1 esquinero. Tambi\u00e9n se incluye en la oferta una mesa de centro cuadrada.\",\"breadcrumb\":{\"@id\":\"https:\/\/www.bagnoitalia.com\/es\/producto\/cherry-outdoor-furniture-with-double-bench-sofa-and-square-coffee-table-set-complete-with-seat-and-back-cushions-2.html#breadcrumb\"},\"inLanguage\":\"es\",\"potentialAction\":[{\"@type\":\"ReadAction\",\"target\":[\"https:\/\/www.bagnoitalia.com\/es\/producto\/cherry-outdoor-furniture-with-double-bench-sofa-and-square-coffee-table-set-complete-with-seat-and-back-cushions-2.html\"]}]},{\"@type\":\"ImageObject\",\"inLanguage\":\"es\",\"@id\":\"https:\/\/www.bagnoitalia.com\/es\/producto\/cherry-outdoor-furniture-with-double-bench-sofa-and-square-coffee-table-set-complete-with-seat-and-back-cushions-2.html#primaryimage\",\"url\":\"https:\/\/img.bagnoitalia.com\/wp-content\/uploads\/virtuemart\/product\/set-outdoor-furniture-double-couch-with-table-2-1.jpg\",\"contentUrl\":\"https:\/\/img.bagnoitalia.com\/wp-content\/uploads\/virtuemart\/product\/set-outdoor-furniture-double-couch-with-table-2-1.jpg\",\"width\":550,\"height\":550},{\"@type\":\"BreadcrumbList\",\"@id\":\"https:\/\/www.bagnoitalia.com\/es\/producto\/cherry-outdoor-furniture-with-double-bench-sofa-and-square-coffee-table-set-complete-with-seat-and-back-cushions-2.html#breadcrumb\",\"itemListElement\":[{\"@type\":\"ListItem\",\"position\":1,\"name\":\"Home\",\"item\":\"https:\/\/www.bagnoitalia.com\/es\"},{\"@type\":\"ListItem\",\"position\":2,\"name\":\"Productos\",\"item\":\"https:\/\/www.bagnoitalia.com\/es\/shop\"},{\"@type\":\"ListItem\",\"position\":3,\"name\":\"CHERRY muebles de exterior con sof\u00e1 doble banco y mesa de centro cuadrada juego completo con cojines de asiento y respaldo\"}]},{\"@type\":\"WebSite\",\"@id\":\"https:\/\/www.bagnoitalia.com\/es#website\",\"url\":\"https:\/\/www.bagnoitalia.com\/es\",\"name\":\"Bagno Italia\",\"description\":\"\",\"publisher\":{\"@id\":\"https:\/\/www.bagnoitalia.com\/es#organization\"},\"potentialAction\":[{\"@type\":\"SearchAction\",\"target\":{\"@type\":\"EntryPoint\",\"urlTemplate\":\"https:\/\/www.bagnoitalia.com\/es?s={search_term_string}\"},\"query-input\":{\"@type\":\"PropertyValueSpecification\",\"valueRequired\":true,\"valueName\":\"search_term_string\"}}],\"inLanguage\":\"es\"},{\"@type\":\"Organization\",\"@id\":\"https:\/\/www.bagnoitalia.com\/es#organization\",\"name\":\"Bagno Italia\",\"url\":\"https:\/\/www.bagnoitalia.com\/es\",\"logo\":{\"@type\":\"ImageObject\",\"inLanguage\":\"es\",\"@id\":\"https:\/\/www.bagnoitalia.com\/es#\/schema\/logo\/image\/\",\"url\":\"https:\/\/img.bagnoitalia.com\/wp-content\/uploads\/logo-bagnoitalia.webp\",\"contentUrl\":\"https:\/\/img.bagnoitalia.com\/wp-content\/uploads\/logo-bagnoitalia.webp\",\"width\":400,\"height\":70,\"caption\":\"Bagno Italia\"},\"image\":{\"@id\":\"https:\/\/www.bagnoitalia.com\/es#\/schema\/logo\/image\/\"}}]}<\/script>\n<!-- \/ Yoast SEO plugin. -->","yoast_head_json":{"title":"CHERRY muebles de exterior con sof\u00e1 doble banco y mesa de centro cuadrada juego completo con cojines de asiento y respaldo","description":"Sof\u00e1 modelo Cherry, para exterior, compuesto por dos bancos independientes que pueden colocarse uno al lado del otro para crear un sof\u00e1 esquinero. Tambi\u00e9n se incluye en la oferta una mesa de centro cuadrada.","robots":{"index":"index","follow":"follow","max-snippet":"max-snippet:-1","max-image-preview":"max-image-preview:large","max-video-preview":"max-video-preview:-1"},"canonical":"https:\/\/www.bagnoitalia.com\/es\/producto\/cherry-outdoor-furniture-with-double-bench-sofa-and-square-coffee-table-set-complete-with-seat-and-back-cushions-2.html","og_locale":"es_ES","og_type":"article","og_title":"CHERRY muebles de exterior con sof\u00e1 doble banco y mesa de centro cuadrada juego completo con cojines de asiento y respaldo","og_description":"Sof\u00e1 modelo Cherry, para exterior, compuesto por dos bancos independientes que pueden colocarse uno al lado del otro para crear un sof\u00e1 esquinero. Tambi\u00e9n se incluye en la oferta una mesa de centro cuadrada.","og_url":"https:\/\/www.bagnoitalia.com\/es\/producto\/cherry-outdoor-furniture-with-double-bench-sofa-and-square-coffee-table-set-complete-with-seat-and-back-cushions-2.html","og_site_name":"Bagno Italia","og_image":[{"width":550,"height":550,"url":"https:\/\/img.bagnoitalia.com\/wp-content\/uploads\/virtuemart\/product\/set-outdoor-furniture-double-couch-with-table-2-1.jpg","type":"image\/jpeg"}],"twitter_card":"summary_large_image","schema":{"@context":"https:\/\/schema.org","@graph":[{"@type":"WebPage","@id":"https:\/\/www.bagnoitalia.com\/es\/producto\/cherry-outdoor-furniture-with-double-bench-sofa-and-square-coffee-table-set-complete-with-seat-and-back-cushions-2.html","url":"https:\/\/www.bagnoitalia.com\/es\/producto\/cherry-outdoor-furniture-with-double-bench-sofa-and-square-coffee-table-set-complete-with-seat-and-back-cushions-2.html","name":"CHERRY muebles de exterior con sof\u00e1 doble banco y mesa de centro cuadrada juego completo con cojines de asiento y respaldo","isPartOf":{"@id":"https:\/\/www.bagnoitalia.com\/es#website"},"primaryImageOfPage":{"@id":"https:\/\/www.bagnoitalia.com\/es\/producto\/cherry-outdoor-furniture-with-double-bench-sofa-and-square-coffee-table-set-complete-with-seat-and-back-cushions-2.html#primaryimage"},"image":{"@id":"https:\/\/www.bagnoitalia.com\/es\/producto\/cherry-outdoor-furniture-with-double-bench-sofa-and-square-coffee-table-set-complete-with-seat-and-back-cushions-2.html#primaryimage"},"thumbnailUrl":"https:\/\/img.bagnoitalia.com\/wp-content\/uploads\/virtuemart\/product\/set-outdoor-furniture-double-couch-with-table-2-1.jpg","datePublished":"2023-03-16T08:06:55+00:00","description":"Sof\u00e1 modelo Cherry, para exterior, compuesto por dos bancos independientes que pueden colocarse uno al lado del otro para crear un sof\u00e1 esquinero. Tambi\u00e9n se incluye en la oferta una mesa de centro cuadrada.","breadcrumb":{"@id":"https:\/\/www.bagnoitalia.com\/es\/producto\/cherry-outdoor-furniture-with-double-bench-sofa-and-square-coffee-table-set-complete-with-seat-and-back-cushions-2.html#breadcrumb"},"inLanguage":"es","potentialAction":[{"@type":"ReadAction","target":["https:\/\/www.bagnoitalia.com\/es\/producto\/cherry-outdoor-furniture-with-double-bench-sofa-and-square-coffee-table-set-complete-with-seat-and-back-cushions-2.html"]}]},{"@type":"ImageObject","inLanguage":"es","@id":"https:\/\/www.bagnoitalia.com\/es\/producto\/cherry-outdoor-furniture-with-double-bench-sofa-and-square-coffee-table-set-complete-with-seat-and-back-cushions-2.html#primaryimage","url":"https:\/\/img.bagnoitalia.com\/wp-content\/uploads\/virtuemart\/product\/set-outdoor-furniture-double-couch-with-table-2-1.jpg","contentUrl":"https:\/\/img.bagnoitalia.com\/wp-content\/uploads\/virtuemart\/product\/set-outdoor-furniture-double-couch-with-table-2-1.jpg","width":550,"height":550},{"@type":"BreadcrumbList","@id":"https:\/\/www.bagnoitalia.com\/es\/producto\/cherry-outdoor-furniture-with-double-bench-sofa-and-square-coffee-table-set-complete-with-seat-and-back-cushions-2.html#breadcrumb","itemListElement":[{"@type":"ListItem","position":1,"name":"Home","item":"https:\/\/www.bagnoitalia.com\/es"},{"@type":"ListItem","position":2,"name":"Productos","item":"https:\/\/www.bagnoitalia.com\/es\/shop"},{"@type":"ListItem","position":3,"name":"CHERRY muebles de exterior con sof\u00e1 doble banco y mesa de centro cuadrada juego completo con cojines de asiento y respaldo"}]},{"@type":"WebSite","@id":"https:\/\/www.bagnoitalia.com\/es#website","url":"https:\/\/www.bagnoitalia.com\/es","name":"Bagno Italia","description":"","publisher":{"@id":"https:\/\/www.bagnoitalia.com\/es#organization"},"potentialAction":[{"@type":"SearchAction","target":{"@type":"EntryPoint","urlTemplate":"https:\/\/www.bagnoitalia.com\/es?s={search_term_string}"},"query-input":{"@type":"PropertyValueSpecification","valueRequired":true,"valueName":"search_term_string"}}],"inLanguage":"es"},{"@type":"Organization","@id":"https:\/\/www.bagnoitalia.com\/es#organization","name":"Bagno Italia","url":"https:\/\/www.bagnoitalia.com\/es","logo":{"@type":"ImageObject","inLanguage":"es","@id":"https:\/\/www.bagnoitalia.com\/es#\/schema\/logo\/image\/","url":"https:\/\/img.bagnoitalia.com\/wp-content\/uploads\/logo-bagnoitalia.webp","contentUrl":"https:\/\/img.bagnoitalia.com\/wp-content\/uploads\/logo-bagnoitalia.webp","width":400,"height":70,"caption":"Bagno Italia"},"image":{"@id":"https:\/\/www.bagnoitalia.com\/es#\/schema\/logo\/image\/"}}]}},"_links":{"self":[{"href":"https:\/\/www.bagnoitalia.com\/es\/wp-json\/wp\/v2\/product\/82947","targetHints":{"allow":["GET"]}}],"collection":[{"href":"https:\/\/www.bagnoitalia.com\/es\/wp-json\/wp\/v2\/product"}],"about":[{"href":"https:\/\/www.bagnoitalia.com\/es\/wp-json\/wp\/v2\/types\/product"}],"replies":[{"embeddable":true,"href":"https:\/\/www.bagnoitalia.com\/es\/wp-json\/wp\/v2\/comments?post=82947"}],"version-history":[{"count":0,"href":"https:\/\/www.bagnoitalia.com\/es\/wp-json\/wp\/v2\/product\/82947\/revisions"}],"wp:featuredmedia":[{"embeddable":true,"href":"https:\/\/www.bagnoitalia.com\/es\/wp-json\/wp\/v2\/media\/60793"}],"wp:attachment":[{"href":"https:\/\/www.bagnoitalia.com\/es\/wp-json\/wp\/v2\/media?parent=82947"}],"wp:term":[{"taxonomy":"product_brand","embeddable":true,"href":"https:\/\/www.bagnoitalia.com\/es\/wp-json\/wp\/v2\/product_brand?post=82947"},{"taxonomy":"product_cat","embeddable":true,"href":"https:\/\/www.bagnoitalia.com\/es\/wp-json\/wp\/v2\/product_cat?post=82947"},{"taxonomy":"product_tag","embeddable":true,"href":"https:\/\/www.bagnoitalia.com\/es\/wp-json\/wp\/v2\/product_tag?post=82947"}],"curies":[{"name":"wp","href":"https:\/\/api.w.org\/{rel}","templated":true}]}}