{"id":82943,"date":"2023-03-16T08:58:53","date_gmt":"2023-03-16T07:58:53","guid":{"rendered":"https:\/\/www.bagnoitalia.com\/product\/fruit-210x78-cm-outdoor-sofa-with-folding-seat-and-coffee-table-set-for-terrace-and-garden-furniture-2"},"modified":"2023-03-16T08:58:53","modified_gmt":"2023-03-16T07:58:53","slug":"fruit-210x78-cm-outdoor-sofa-with-folding-seat-and-coffee-table-set-for-terrace-and-garden-furniture-2","status":"publish","type":"product","link":"https:\/\/www.bagnoitalia.com\/es\/producto\/fruit-210x78-cm-outdoor-sofa-with-folding-seat-and-coffee-table-set-for-terrace-and-garden-furniture-2.html","title":{"rendered":"Fruit 210&#215;78 cm sof\u00e1 de exterior con asiento plegable y mesa de caf\u00e9 conjunto para muebles de terraza y jard\u00edn"},"content":{"rendered":"<p style=\"text-align: center;\"><span style=\"text-decoration: underline; font-size: 14pt;\"><strong>SOF\u00c1 CON ASIENTO ABATIBLE + MESA DE CENTRO<\/strong><\/span><\/p>\n<p style=\"text-align: center;\"><span style=\"text-decoration: underline; color: #ff0000; font-size: 18pt;\"><strong>\u00abFRUIT<\/strong><\/span><\/p>\n<p>&nbsp;<\/p>\n<p>Conjunto de exterior compuesto por un sof\u00e1 y una mesa de centro, muy resistente a la intemperie UV<\/p>\n<p>Dimensiones del sof\u00e1: 210x78xAl71 cm<\/p>\n<p>Dimensiones de la mesa de centro 38x35xAl56 cm<\/p>\n<p>El grosor de los cojines es de 10 cm<\/p>\n<p>Un lado del asiento del sof\u00e1 se puede plegar para obtener una tumbona con un c\u00f3modo respaldo ajustable en 4 posiciones<\/p>\n<p>Tejido de poli\u00e9ster hidr\u00f3fugo, desenfundable<\/p>\n<p>Tablero de madera tratada<\/p>\n<p>Estructura con revestimiento en polvo antracita mate<\/p>\n<p>&nbsp;<\/p>\n<p>&nbsp;<\/p>\n<p>&nbsp;<\/p>\n<p>&nbsp;<\/p>\n<p>&nbsp;<\/p>\n<p>&nbsp;<\/p>\n<p>&nbsp;<\/p>\n<p>&nbsp;<\/p>\n<p>&nbsp;<\/p>\n<p>&nbsp;<\/p>\n<p>UL07<\/p>\n","protected":false},"excerpt":{"rendered":"<p>Mobiliario de exterior modelo Fruit, compuesto por una mesa de centro y un sof\u00e1; parte del asiento es plegable, de modo que el sof\u00e1 puede transformarse en una tumbona<\/p>\n","protected":false},"featured_media":60765,"comment_status":"open","ping_status":"closed","template":"","meta":[],"product_brand":[5030],"product_cat":[10014,9785],"product_tag":[],"class_list":{"0":"post-82943","1":"product","2":"type-product","3":"status-publish","4":"has-post-thumbnail","6":"product_brand-sanotechnik-italia","7":"product_cat-sofas-de-exterior","8":"product_cat-muebles-de-exterior","10":"first","11":"instock","12":"sale","13":"taxable","14":"shipping-taxable","15":"purchasable","16":"product-type-simple"},"exclude_global_add_ons":[],"addons":[],"yoast_head":"<!-- This site is optimized with the Yoast SEO plugin v26.7 - https:\/\/yoast.com\/wordpress\/plugins\/seo\/ -->\n<title>Fruit 210x78 cm sof\u00e1 de exterior con asiento plegable y mesa de caf\u00e9 conjunto para muebles de terraza y jard\u00edn<\/title>\n<meta name=\"description\" content=\"Mobiliario de exterior modelo Fruit, compuesto por una mesa de centro y un sof\u00e1; parte del asiento es plegable, de modo que el sof\u00e1 puede transformarse en una tumbona\" \/>\n<meta name=\"robots\" content=\"index, follow, max-snippet:-1, max-image-preview:large, max-video-preview:-1\" \/>\n<link rel=\"canonical\" href=\"https:\/\/www.bagnoitalia.com\/es\/producto\/fruit-210x78-cm-outdoor-sofa-with-folding-seat-and-coffee-table-set-for-terrace-and-garden-furniture-2.html\" \/>\n<meta property=\"og:locale\" content=\"es_ES\" \/>\n<meta property=\"og:type\" content=\"article\" \/>\n<meta property=\"og:title\" content=\"Fruit 210x78 cm sof\u00e1 de exterior con asiento plegable y mesa de caf\u00e9 conjunto para muebles de terraza y jard\u00edn\" \/>\n<meta property=\"og:description\" content=\"Mobiliario de exterior modelo Fruit, compuesto por una mesa de centro y un sof\u00e1; parte del asiento es plegable, de modo que el sof\u00e1 puede transformarse en una tumbona\" \/>\n<meta property=\"og:url\" content=\"https:\/\/www.bagnoitalia.com\/es\/producto\/fruit-210x78-cm-outdoor-sofa-with-folding-seat-and-coffee-table-set-for-terrace-and-garden-furniture-2.html\" \/>\n<meta property=\"og:site_name\" content=\"Bagno Italia\" \/>\n<meta property=\"og:image\" content=\"https:\/\/img.bagnoitalia.com\/wp-content\/uploads\/virtuemart\/product\/outdoor-garden-furniture-sofa-seat-folding-fruit-1.jpg\" \/>\n\t<meta property=\"og:image:width\" content=\"550\" \/>\n\t<meta property=\"og:image:height\" content=\"550\" \/>\n\t<meta property=\"og:image:type\" content=\"image\/jpeg\" \/>\n<meta name=\"twitter:card\" content=\"summary_large_image\" \/>\n<meta name=\"twitter:label1\" content=\"Tiempo de lectura\" \/>\n\t<meta name=\"twitter:data1\" content=\"1 minuto\" \/>\n<script type=\"application\/ld+json\" class=\"yoast-schema-graph\">{\"@context\":\"https:\/\/schema.org\",\"@graph\":[{\"@type\":\"WebPage\",\"@id\":\"https:\/\/www.bagnoitalia.com\/es\/producto\/fruit-210x78-cm-outdoor-sofa-with-folding-seat-and-coffee-table-set-for-terrace-and-garden-furniture-2.html\",\"url\":\"https:\/\/www.bagnoitalia.com\/es\/producto\/fruit-210x78-cm-outdoor-sofa-with-folding-seat-and-coffee-table-set-for-terrace-and-garden-furniture-2.html\",\"name\":\"Fruit 210x78 cm sof\u00e1 de exterior con asiento plegable y mesa de caf\u00e9 conjunto para muebles de terraza y jard\u00edn\",\"isPartOf\":{\"@id\":\"https:\/\/www.bagnoitalia.com\/es#website\"},\"primaryImageOfPage\":{\"@id\":\"https:\/\/www.bagnoitalia.com\/es\/producto\/fruit-210x78-cm-outdoor-sofa-with-folding-seat-and-coffee-table-set-for-terrace-and-garden-furniture-2.html#primaryimage\"},\"image\":{\"@id\":\"https:\/\/www.bagnoitalia.com\/es\/producto\/fruit-210x78-cm-outdoor-sofa-with-folding-seat-and-coffee-table-set-for-terrace-and-garden-furniture-2.html#primaryimage\"},\"thumbnailUrl\":\"https:\/\/img.bagnoitalia.com\/wp-content\/uploads\/virtuemart\/product\/outdoor-garden-furniture-sofa-seat-folding-fruit-1.jpg\",\"datePublished\":\"2023-03-16T07:58:53+00:00\",\"description\":\"Mobiliario de exterior modelo Fruit, compuesto por una mesa de centro y un sof\u00e1; parte del asiento es plegable, de modo que el sof\u00e1 puede transformarse en una tumbona\",\"breadcrumb\":{\"@id\":\"https:\/\/www.bagnoitalia.com\/es\/producto\/fruit-210x78-cm-outdoor-sofa-with-folding-seat-and-coffee-table-set-for-terrace-and-garden-furniture-2.html#breadcrumb\"},\"inLanguage\":\"es\",\"potentialAction\":[{\"@type\":\"ReadAction\",\"target\":[\"https:\/\/www.bagnoitalia.com\/es\/producto\/fruit-210x78-cm-outdoor-sofa-with-folding-seat-and-coffee-table-set-for-terrace-and-garden-furniture-2.html\"]}]},{\"@type\":\"ImageObject\",\"inLanguage\":\"es\",\"@id\":\"https:\/\/www.bagnoitalia.com\/es\/producto\/fruit-210x78-cm-outdoor-sofa-with-folding-seat-and-coffee-table-set-for-terrace-and-garden-furniture-2.html#primaryimage\",\"url\":\"https:\/\/img.bagnoitalia.com\/wp-content\/uploads\/virtuemart\/product\/outdoor-garden-furniture-sofa-seat-folding-fruit-1.jpg\",\"contentUrl\":\"https:\/\/img.bagnoitalia.com\/wp-content\/uploads\/virtuemart\/product\/outdoor-garden-furniture-sofa-seat-folding-fruit-1.jpg\",\"width\":550,\"height\":550},{\"@type\":\"BreadcrumbList\",\"@id\":\"https:\/\/www.bagnoitalia.com\/es\/producto\/fruit-210x78-cm-outdoor-sofa-with-folding-seat-and-coffee-table-set-for-terrace-and-garden-furniture-2.html#breadcrumb\",\"itemListElement\":[{\"@type\":\"ListItem\",\"position\":1,\"name\":\"Home\",\"item\":\"https:\/\/www.bagnoitalia.com\/es\"},{\"@type\":\"ListItem\",\"position\":2,\"name\":\"Productos\",\"item\":\"https:\/\/www.bagnoitalia.com\/es\/shop\"},{\"@type\":\"ListItem\",\"position\":3,\"name\":\"Fruit 210&#215;78 cm sof\u00e1 de exterior con asiento plegable y mesa de caf\u00e9 conjunto para muebles de terraza y jard\u00edn\"}]},{\"@type\":\"WebSite\",\"@id\":\"https:\/\/www.bagnoitalia.com\/es#website\",\"url\":\"https:\/\/www.bagnoitalia.com\/es\",\"name\":\"Bagno Italia\",\"description\":\"\",\"publisher\":{\"@id\":\"https:\/\/www.bagnoitalia.com\/es#organization\"},\"potentialAction\":[{\"@type\":\"SearchAction\",\"target\":{\"@type\":\"EntryPoint\",\"urlTemplate\":\"https:\/\/www.bagnoitalia.com\/es?s={search_term_string}\"},\"query-input\":{\"@type\":\"PropertyValueSpecification\",\"valueRequired\":true,\"valueName\":\"search_term_string\"}}],\"inLanguage\":\"es\"},{\"@type\":\"Organization\",\"@id\":\"https:\/\/www.bagnoitalia.com\/es#organization\",\"name\":\"Bagno Italia\",\"url\":\"https:\/\/www.bagnoitalia.com\/es\",\"logo\":{\"@type\":\"ImageObject\",\"inLanguage\":\"es\",\"@id\":\"https:\/\/www.bagnoitalia.com\/es#\/schema\/logo\/image\/\",\"url\":\"https:\/\/img.bagnoitalia.com\/wp-content\/uploads\/logo-bagnoitalia.webp\",\"contentUrl\":\"https:\/\/img.bagnoitalia.com\/wp-content\/uploads\/logo-bagnoitalia.webp\",\"width\":400,\"height\":70,\"caption\":\"Bagno Italia\"},\"image\":{\"@id\":\"https:\/\/www.bagnoitalia.com\/es#\/schema\/logo\/image\/\"}}]}<\/script>\n<!-- \/ Yoast SEO plugin. -->","yoast_head_json":{"title":"Fruit 210x78 cm sof\u00e1 de exterior con asiento plegable y mesa de caf\u00e9 conjunto para muebles de terraza y jard\u00edn","description":"Mobiliario de exterior modelo Fruit, compuesto por una mesa de centro y un sof\u00e1; parte del asiento es plegable, de modo que el sof\u00e1 puede transformarse en una tumbona","robots":{"index":"index","follow":"follow","max-snippet":"max-snippet:-1","max-image-preview":"max-image-preview:large","max-video-preview":"max-video-preview:-1"},"canonical":"https:\/\/www.bagnoitalia.com\/es\/producto\/fruit-210x78-cm-outdoor-sofa-with-folding-seat-and-coffee-table-set-for-terrace-and-garden-furniture-2.html","og_locale":"es_ES","og_type":"article","og_title":"Fruit 210x78 cm sof\u00e1 de exterior con asiento plegable y mesa de caf\u00e9 conjunto para muebles de terraza y jard\u00edn","og_description":"Mobiliario de exterior modelo Fruit, compuesto por una mesa de centro y un sof\u00e1; parte del asiento es plegable, de modo que el sof\u00e1 puede transformarse en una tumbona","og_url":"https:\/\/www.bagnoitalia.com\/es\/producto\/fruit-210x78-cm-outdoor-sofa-with-folding-seat-and-coffee-table-set-for-terrace-and-garden-furniture-2.html","og_site_name":"Bagno Italia","og_image":[{"width":550,"height":550,"url":"https:\/\/img.bagnoitalia.com\/wp-content\/uploads\/virtuemart\/product\/outdoor-garden-furniture-sofa-seat-folding-fruit-1.jpg","type":"image\/jpeg"}],"twitter_card":"summary_large_image","twitter_misc":{"Tiempo de lectura":"1 minuto"},"schema":{"@context":"https:\/\/schema.org","@graph":[{"@type":"WebPage","@id":"https:\/\/www.bagnoitalia.com\/es\/producto\/fruit-210x78-cm-outdoor-sofa-with-folding-seat-and-coffee-table-set-for-terrace-and-garden-furniture-2.html","url":"https:\/\/www.bagnoitalia.com\/es\/producto\/fruit-210x78-cm-outdoor-sofa-with-folding-seat-and-coffee-table-set-for-terrace-and-garden-furniture-2.html","name":"Fruit 210x78 cm sof\u00e1 de exterior con asiento plegable y mesa de caf\u00e9 conjunto para muebles de terraza y jard\u00edn","isPartOf":{"@id":"https:\/\/www.bagnoitalia.com\/es#website"},"primaryImageOfPage":{"@id":"https:\/\/www.bagnoitalia.com\/es\/producto\/fruit-210x78-cm-outdoor-sofa-with-folding-seat-and-coffee-table-set-for-terrace-and-garden-furniture-2.html#primaryimage"},"image":{"@id":"https:\/\/www.bagnoitalia.com\/es\/producto\/fruit-210x78-cm-outdoor-sofa-with-folding-seat-and-coffee-table-set-for-terrace-and-garden-furniture-2.html#primaryimage"},"thumbnailUrl":"https:\/\/img.bagnoitalia.com\/wp-content\/uploads\/virtuemart\/product\/outdoor-garden-furniture-sofa-seat-folding-fruit-1.jpg","datePublished":"2023-03-16T07:58:53+00:00","description":"Mobiliario de exterior modelo Fruit, compuesto por una mesa de centro y un sof\u00e1; parte del asiento es plegable, de modo que el sof\u00e1 puede transformarse en una tumbona","breadcrumb":{"@id":"https:\/\/www.bagnoitalia.com\/es\/producto\/fruit-210x78-cm-outdoor-sofa-with-folding-seat-and-coffee-table-set-for-terrace-and-garden-furniture-2.html#breadcrumb"},"inLanguage":"es","potentialAction":[{"@type":"ReadAction","target":["https:\/\/www.bagnoitalia.com\/es\/producto\/fruit-210x78-cm-outdoor-sofa-with-folding-seat-and-coffee-table-set-for-terrace-and-garden-furniture-2.html"]}]},{"@type":"ImageObject","inLanguage":"es","@id":"https:\/\/www.bagnoitalia.com\/es\/producto\/fruit-210x78-cm-outdoor-sofa-with-folding-seat-and-coffee-table-set-for-terrace-and-garden-furniture-2.html#primaryimage","url":"https:\/\/img.bagnoitalia.com\/wp-content\/uploads\/virtuemart\/product\/outdoor-garden-furniture-sofa-seat-folding-fruit-1.jpg","contentUrl":"https:\/\/img.bagnoitalia.com\/wp-content\/uploads\/virtuemart\/product\/outdoor-garden-furniture-sofa-seat-folding-fruit-1.jpg","width":550,"height":550},{"@type":"BreadcrumbList","@id":"https:\/\/www.bagnoitalia.com\/es\/producto\/fruit-210x78-cm-outdoor-sofa-with-folding-seat-and-coffee-table-set-for-terrace-and-garden-furniture-2.html#breadcrumb","itemListElement":[{"@type":"ListItem","position":1,"name":"Home","item":"https:\/\/www.bagnoitalia.com\/es"},{"@type":"ListItem","position":2,"name":"Productos","item":"https:\/\/www.bagnoitalia.com\/es\/shop"},{"@type":"ListItem","position":3,"name":"Fruit 210&#215;78 cm sof\u00e1 de exterior con asiento plegable y mesa de caf\u00e9 conjunto para muebles de terraza y jard\u00edn"}]},{"@type":"WebSite","@id":"https:\/\/www.bagnoitalia.com\/es#website","url":"https:\/\/www.bagnoitalia.com\/es","name":"Bagno Italia","description":"","publisher":{"@id":"https:\/\/www.bagnoitalia.com\/es#organization"},"potentialAction":[{"@type":"SearchAction","target":{"@type":"EntryPoint","urlTemplate":"https:\/\/www.bagnoitalia.com\/es?s={search_term_string}"},"query-input":{"@type":"PropertyValueSpecification","valueRequired":true,"valueName":"search_term_string"}}],"inLanguage":"es"},{"@type":"Organization","@id":"https:\/\/www.bagnoitalia.com\/es#organization","name":"Bagno Italia","url":"https:\/\/www.bagnoitalia.com\/es","logo":{"@type":"ImageObject","inLanguage":"es","@id":"https:\/\/www.bagnoitalia.com\/es#\/schema\/logo\/image\/","url":"https:\/\/img.bagnoitalia.com\/wp-content\/uploads\/logo-bagnoitalia.webp","contentUrl":"https:\/\/img.bagnoitalia.com\/wp-content\/uploads\/logo-bagnoitalia.webp","width":400,"height":70,"caption":"Bagno Italia"},"image":{"@id":"https:\/\/www.bagnoitalia.com\/es#\/schema\/logo\/image\/"}}]}},"_links":{"self":[{"href":"https:\/\/www.bagnoitalia.com\/es\/wp-json\/wp\/v2\/product\/82943","targetHints":{"allow":["GET"]}}],"collection":[{"href":"https:\/\/www.bagnoitalia.com\/es\/wp-json\/wp\/v2\/product"}],"about":[{"href":"https:\/\/www.bagnoitalia.com\/es\/wp-json\/wp\/v2\/types\/product"}],"replies":[{"embeddable":true,"href":"https:\/\/www.bagnoitalia.com\/es\/wp-json\/wp\/v2\/comments?post=82943"}],"version-history":[{"count":0,"href":"https:\/\/www.bagnoitalia.com\/es\/wp-json\/wp\/v2\/product\/82943\/revisions"}],"wp:featuredmedia":[{"embeddable":true,"href":"https:\/\/www.bagnoitalia.com\/es\/wp-json\/wp\/v2\/media\/60765"}],"wp:attachment":[{"href":"https:\/\/www.bagnoitalia.com\/es\/wp-json\/wp\/v2\/media?parent=82943"}],"wp:term":[{"taxonomy":"product_brand","embeddable":true,"href":"https:\/\/www.bagnoitalia.com\/es\/wp-json\/wp\/v2\/product_brand?post=82943"},{"taxonomy":"product_cat","embeddable":true,"href":"https:\/\/www.bagnoitalia.com\/es\/wp-json\/wp\/v2\/product_cat?post=82943"},{"taxonomy":"product_tag","embeddable":true,"href":"https:\/\/www.bagnoitalia.com\/es\/wp-json\/wp\/v2\/product_tag?post=82943"}],"curies":[{"name":"wp","href":"https:\/\/api.w.org\/{rel}","templated":true}]}}