{"id":82907,"date":"2023-03-13T15:46:36","date_gmt":"2023-03-13T14:46:36","guid":{"rendered":"https:\/\/www.bagnoitalia.com\/product\/gabriel-black-170x96-cm-3-seater-faux-leather-sofa-bed-with-anti-tilt-system-2"},"modified":"2023-03-13T15:46:36","modified_gmt":"2023-03-13T14:46:36","slug":"gabriel-black-170x96-cm-3-seater-faux-leather-sofa-bed-with-anti-tilt-system-2","status":"publish","type":"product","link":"https:\/\/www.bagnoitalia.com\/es\/producto\/gabriel-black-170x96-cm-3-seater-faux-leather-sofa-bed-with-anti-tilt-system-2.html","title":{"rendered":"Gabriel negro 170&#215;96 cm sof\u00e1 cama de 3 plazas de imitaci\u00f3n de cuero con sistema antivuelco"},"content":{"rendered":"<p style=\"text-align: center;\"><span style=\"text-decoration: underline; color: #ff0000; font-size: 18pt;\"><strong>SOF\u00c1 CAMA NEGRO DE PIEL SINT\u00c9TICA &#8216;GABRIEL<\/strong><\/span><\/p>\n<p>&nbsp;<\/p>\n<p><span style=\"text-decoration: underline;\"><strong>CARACTER\u00cdSTICAS<\/strong><\/span><\/p>\n<p>Sof\u00e1 moderno con capacidad para 3 personas<\/p>\n<p>Medidas cerrado (posici\u00f3n sof\u00e1):170xP77xH75 cm<\/p>\n<p>Medidas abierto (posici\u00f3n cama) 170xP96xH38 cm<\/p>\n<p>Reclinable en posici\u00f3n de cama individual<\/p>\n<p>Con sistema antivuelco<\/p>\n<p>Tapizado de piel sint\u00e9tica en negro<\/p>\n<p>Acolchado de espuma<\/p>\n<p>4 pies de metal cromado<\/p>\n<p>&nbsp;<\/p>\n","protected":false},"excerpt":{"rendered":"<p>Sof\u00e1 moderno reclinable en posici\u00f3n de cama de una plaza y media. Tapizado en piel sint\u00e9tica negra. Con 4 patas de metal cromado.<\/p>\n","protected":false},"featured_media":60489,"comment_status":"open","ping_status":"closed","template":"","meta":[],"product_brand":[5021],"product_cat":[9797],"product_tag":[],"class_list":{"0":"post-82907","1":"product","2":"type-product","3":"status-publish","4":"has-post-thumbnail","6":"product_brand-predator-arredo-casa","7":"product_cat-sofa-cama-muebles-de-interior","9":"first","10":"instock","11":"sale","12":"taxable","13":"shipping-taxable","14":"purchasable","15":"product-type-simple"},"exclude_global_add_ons":[],"addons":[],"yoast_head":"<!-- This site is optimized with the Yoast SEO plugin v26.7 - https:\/\/yoast.com\/wordpress\/plugins\/seo\/ -->\n<title>Gabriel negro 170x96 cm sof\u00e1 cama de 3 plazas de imitaci\u00f3n de cuero con sistema antivuelco<\/title>\n<meta name=\"description\" content=\"Sof\u00e1 moderno reclinable en posici\u00f3n de cama de una plaza y media. Tapizado en piel sint\u00e9tica negra. Con 4 patas de metal cromado.&#013;&#010;\" \/>\n<meta name=\"robots\" content=\"index, follow, max-snippet:-1, max-image-preview:large, max-video-preview:-1\" \/>\n<link rel=\"canonical\" href=\"https:\/\/www.bagnoitalia.com\/es\/producto\/gabriel-black-170x96-cm-3-seater-faux-leather-sofa-bed-with-anti-tilt-system-2.html\" \/>\n<meta property=\"og:locale\" content=\"es_ES\" \/>\n<meta property=\"og:type\" content=\"article\" \/>\n<meta property=\"og:title\" content=\"Gabriel negro 170x96 cm sof\u00e1 cama de 3 plazas de imitaci\u00f3n de cuero con sistema antivuelco\" \/>\n<meta property=\"og:description\" content=\"Sof\u00e1 moderno reclinable en posici\u00f3n de cama de una plaza y media. Tapizado en piel sint\u00e9tica negra. Con 4 patas de metal cromado.&#013;&#010;\" \/>\n<meta property=\"og:url\" content=\"https:\/\/www.bagnoitalia.com\/es\/producto\/gabriel-black-170x96-cm-3-seater-faux-leather-sofa-bed-with-anti-tilt-system-2.html\" \/>\n<meta property=\"og:site_name\" content=\"Bagno Italia\" \/>\n<meta property=\"og:image\" content=\"https:\/\/img.bagnoitalia.com\/wp-content\/uploads\/virtuemart\/product\/sofa-bed-ecloth-leather-black-gabriel-170x96-cm-1.jpg\" \/>\n\t<meta property=\"og:image:width\" content=\"550\" \/>\n\t<meta property=\"og:image:height\" content=\"550\" \/>\n\t<meta property=\"og:image:type\" content=\"image\/jpeg\" \/>\n<meta name=\"twitter:card\" content=\"summary_large_image\" \/>\n<script type=\"application\/ld+json\" class=\"yoast-schema-graph\">{\"@context\":\"https:\/\/schema.org\",\"@graph\":[{\"@type\":\"WebPage\",\"@id\":\"https:\/\/www.bagnoitalia.com\/es\/producto\/gabriel-black-170x96-cm-3-seater-faux-leather-sofa-bed-with-anti-tilt-system-2.html\",\"url\":\"https:\/\/www.bagnoitalia.com\/es\/producto\/gabriel-black-170x96-cm-3-seater-faux-leather-sofa-bed-with-anti-tilt-system-2.html\",\"name\":\"Gabriel negro 170x96 cm sof\u00e1 cama de 3 plazas de imitaci\u00f3n de cuero con sistema antivuelco\",\"isPartOf\":{\"@id\":\"https:\/\/www.bagnoitalia.com\/es#website\"},\"primaryImageOfPage\":{\"@id\":\"https:\/\/www.bagnoitalia.com\/es\/producto\/gabriel-black-170x96-cm-3-seater-faux-leather-sofa-bed-with-anti-tilt-system-2.html#primaryimage\"},\"image\":{\"@id\":\"https:\/\/www.bagnoitalia.com\/es\/producto\/gabriel-black-170x96-cm-3-seater-faux-leather-sofa-bed-with-anti-tilt-system-2.html#primaryimage\"},\"thumbnailUrl\":\"https:\/\/img.bagnoitalia.com\/wp-content\/uploads\/virtuemart\/product\/sofa-bed-ecloth-leather-black-gabriel-170x96-cm-1.jpg\",\"datePublished\":\"2023-03-13T14:46:36+00:00\",\"description\":\"Sof\u00e1 moderno reclinable en posici\u00f3n de cama de una plaza y media. Tapizado en piel sint\u00e9tica negra. Con 4 patas de metal cromado.&#13;&#10;\",\"breadcrumb\":{\"@id\":\"https:\/\/www.bagnoitalia.com\/es\/producto\/gabriel-black-170x96-cm-3-seater-faux-leather-sofa-bed-with-anti-tilt-system-2.html#breadcrumb\"},\"inLanguage\":\"es\",\"potentialAction\":[{\"@type\":\"ReadAction\",\"target\":[\"https:\/\/www.bagnoitalia.com\/es\/producto\/gabriel-black-170x96-cm-3-seater-faux-leather-sofa-bed-with-anti-tilt-system-2.html\"]}]},{\"@type\":\"ImageObject\",\"inLanguage\":\"es\",\"@id\":\"https:\/\/www.bagnoitalia.com\/es\/producto\/gabriel-black-170x96-cm-3-seater-faux-leather-sofa-bed-with-anti-tilt-system-2.html#primaryimage\",\"url\":\"https:\/\/img.bagnoitalia.com\/wp-content\/uploads\/virtuemart\/product\/sofa-bed-ecloth-leather-black-gabriel-170x96-cm-1.jpg\",\"contentUrl\":\"https:\/\/img.bagnoitalia.com\/wp-content\/uploads\/virtuemart\/product\/sofa-bed-ecloth-leather-black-gabriel-170x96-cm-1.jpg\",\"width\":550,\"height\":550},{\"@type\":\"BreadcrumbList\",\"@id\":\"https:\/\/www.bagnoitalia.com\/es\/producto\/gabriel-black-170x96-cm-3-seater-faux-leather-sofa-bed-with-anti-tilt-system-2.html#breadcrumb\",\"itemListElement\":[{\"@type\":\"ListItem\",\"position\":1,\"name\":\"Home\",\"item\":\"https:\/\/www.bagnoitalia.com\/es\"},{\"@type\":\"ListItem\",\"position\":2,\"name\":\"Productos\",\"item\":\"https:\/\/www.bagnoitalia.com\/es\/shop\"},{\"@type\":\"ListItem\",\"position\":3,\"name\":\"Gabriel negro 170&#215;96 cm sof\u00e1 cama de 3 plazas de imitaci\u00f3n de cuero con sistema antivuelco\"}]},{\"@type\":\"WebSite\",\"@id\":\"https:\/\/www.bagnoitalia.com\/es#website\",\"url\":\"https:\/\/www.bagnoitalia.com\/es\",\"name\":\"Bagno Italia\",\"description\":\"\",\"publisher\":{\"@id\":\"https:\/\/www.bagnoitalia.com\/es#organization\"},\"potentialAction\":[{\"@type\":\"SearchAction\",\"target\":{\"@type\":\"EntryPoint\",\"urlTemplate\":\"https:\/\/www.bagnoitalia.com\/es?s={search_term_string}\"},\"query-input\":{\"@type\":\"PropertyValueSpecification\",\"valueRequired\":true,\"valueName\":\"search_term_string\"}}],\"inLanguage\":\"es\"},{\"@type\":\"Organization\",\"@id\":\"https:\/\/www.bagnoitalia.com\/es#organization\",\"name\":\"Bagno Italia\",\"url\":\"https:\/\/www.bagnoitalia.com\/es\",\"logo\":{\"@type\":\"ImageObject\",\"inLanguage\":\"es\",\"@id\":\"https:\/\/www.bagnoitalia.com\/es#\/schema\/logo\/image\/\",\"url\":\"https:\/\/img.bagnoitalia.com\/wp-content\/uploads\/logo-bagnoitalia.webp\",\"contentUrl\":\"https:\/\/img.bagnoitalia.com\/wp-content\/uploads\/logo-bagnoitalia.webp\",\"width\":400,\"height\":70,\"caption\":\"Bagno Italia\"},\"image\":{\"@id\":\"https:\/\/www.bagnoitalia.com\/es#\/schema\/logo\/image\/\"}}]}<\/script>\n<!-- \/ Yoast SEO plugin. -->","yoast_head_json":{"title":"Gabriel negro 170x96 cm sof\u00e1 cama de 3 plazas de imitaci\u00f3n de cuero con sistema antivuelco","description":"Sof\u00e1 moderno reclinable en posici\u00f3n de cama de una plaza y media. Tapizado en piel sint\u00e9tica negra. Con 4 patas de metal cromado.&#13;&#10;","robots":{"index":"index","follow":"follow","max-snippet":"max-snippet:-1","max-image-preview":"max-image-preview:large","max-video-preview":"max-video-preview:-1"},"canonical":"https:\/\/www.bagnoitalia.com\/es\/producto\/gabriel-black-170x96-cm-3-seater-faux-leather-sofa-bed-with-anti-tilt-system-2.html","og_locale":"es_ES","og_type":"article","og_title":"Gabriel negro 170x96 cm sof\u00e1 cama de 3 plazas de imitaci\u00f3n de cuero con sistema antivuelco","og_description":"Sof\u00e1 moderno reclinable en posici\u00f3n de cama de una plaza y media. Tapizado en piel sint\u00e9tica negra. Con 4 patas de metal cromado.&#13;&#10;","og_url":"https:\/\/www.bagnoitalia.com\/es\/producto\/gabriel-black-170x96-cm-3-seater-faux-leather-sofa-bed-with-anti-tilt-system-2.html","og_site_name":"Bagno Italia","og_image":[{"width":550,"height":550,"url":"https:\/\/img.bagnoitalia.com\/wp-content\/uploads\/virtuemart\/product\/sofa-bed-ecloth-leather-black-gabriel-170x96-cm-1.jpg","type":"image\/jpeg"}],"twitter_card":"summary_large_image","schema":{"@context":"https:\/\/schema.org","@graph":[{"@type":"WebPage","@id":"https:\/\/www.bagnoitalia.com\/es\/producto\/gabriel-black-170x96-cm-3-seater-faux-leather-sofa-bed-with-anti-tilt-system-2.html","url":"https:\/\/www.bagnoitalia.com\/es\/producto\/gabriel-black-170x96-cm-3-seater-faux-leather-sofa-bed-with-anti-tilt-system-2.html","name":"Gabriel negro 170x96 cm sof\u00e1 cama de 3 plazas de imitaci\u00f3n de cuero con sistema antivuelco","isPartOf":{"@id":"https:\/\/www.bagnoitalia.com\/es#website"},"primaryImageOfPage":{"@id":"https:\/\/www.bagnoitalia.com\/es\/producto\/gabriel-black-170x96-cm-3-seater-faux-leather-sofa-bed-with-anti-tilt-system-2.html#primaryimage"},"image":{"@id":"https:\/\/www.bagnoitalia.com\/es\/producto\/gabriel-black-170x96-cm-3-seater-faux-leather-sofa-bed-with-anti-tilt-system-2.html#primaryimage"},"thumbnailUrl":"https:\/\/img.bagnoitalia.com\/wp-content\/uploads\/virtuemart\/product\/sofa-bed-ecloth-leather-black-gabriel-170x96-cm-1.jpg","datePublished":"2023-03-13T14:46:36+00:00","description":"Sof\u00e1 moderno reclinable en posici\u00f3n de cama de una plaza y media. Tapizado en piel sint\u00e9tica negra. Con 4 patas de metal cromado.&#13;&#10;","breadcrumb":{"@id":"https:\/\/www.bagnoitalia.com\/es\/producto\/gabriel-black-170x96-cm-3-seater-faux-leather-sofa-bed-with-anti-tilt-system-2.html#breadcrumb"},"inLanguage":"es","potentialAction":[{"@type":"ReadAction","target":["https:\/\/www.bagnoitalia.com\/es\/producto\/gabriel-black-170x96-cm-3-seater-faux-leather-sofa-bed-with-anti-tilt-system-2.html"]}]},{"@type":"ImageObject","inLanguage":"es","@id":"https:\/\/www.bagnoitalia.com\/es\/producto\/gabriel-black-170x96-cm-3-seater-faux-leather-sofa-bed-with-anti-tilt-system-2.html#primaryimage","url":"https:\/\/img.bagnoitalia.com\/wp-content\/uploads\/virtuemart\/product\/sofa-bed-ecloth-leather-black-gabriel-170x96-cm-1.jpg","contentUrl":"https:\/\/img.bagnoitalia.com\/wp-content\/uploads\/virtuemart\/product\/sofa-bed-ecloth-leather-black-gabriel-170x96-cm-1.jpg","width":550,"height":550},{"@type":"BreadcrumbList","@id":"https:\/\/www.bagnoitalia.com\/es\/producto\/gabriel-black-170x96-cm-3-seater-faux-leather-sofa-bed-with-anti-tilt-system-2.html#breadcrumb","itemListElement":[{"@type":"ListItem","position":1,"name":"Home","item":"https:\/\/www.bagnoitalia.com\/es"},{"@type":"ListItem","position":2,"name":"Productos","item":"https:\/\/www.bagnoitalia.com\/es\/shop"},{"@type":"ListItem","position":3,"name":"Gabriel negro 170&#215;96 cm sof\u00e1 cama de 3 plazas de imitaci\u00f3n de cuero con sistema antivuelco"}]},{"@type":"WebSite","@id":"https:\/\/www.bagnoitalia.com\/es#website","url":"https:\/\/www.bagnoitalia.com\/es","name":"Bagno Italia","description":"","publisher":{"@id":"https:\/\/www.bagnoitalia.com\/es#organization"},"potentialAction":[{"@type":"SearchAction","target":{"@type":"EntryPoint","urlTemplate":"https:\/\/www.bagnoitalia.com\/es?s={search_term_string}"},"query-input":{"@type":"PropertyValueSpecification","valueRequired":true,"valueName":"search_term_string"}}],"inLanguage":"es"},{"@type":"Organization","@id":"https:\/\/www.bagnoitalia.com\/es#organization","name":"Bagno Italia","url":"https:\/\/www.bagnoitalia.com\/es","logo":{"@type":"ImageObject","inLanguage":"es","@id":"https:\/\/www.bagnoitalia.com\/es#\/schema\/logo\/image\/","url":"https:\/\/img.bagnoitalia.com\/wp-content\/uploads\/logo-bagnoitalia.webp","contentUrl":"https:\/\/img.bagnoitalia.com\/wp-content\/uploads\/logo-bagnoitalia.webp","width":400,"height":70,"caption":"Bagno Italia"},"image":{"@id":"https:\/\/www.bagnoitalia.com\/es#\/schema\/logo\/image\/"}}]}},"_links":{"self":[{"href":"https:\/\/www.bagnoitalia.com\/es\/wp-json\/wp\/v2\/product\/82907","targetHints":{"allow":["GET"]}}],"collection":[{"href":"https:\/\/www.bagnoitalia.com\/es\/wp-json\/wp\/v2\/product"}],"about":[{"href":"https:\/\/www.bagnoitalia.com\/es\/wp-json\/wp\/v2\/types\/product"}],"replies":[{"embeddable":true,"href":"https:\/\/www.bagnoitalia.com\/es\/wp-json\/wp\/v2\/comments?post=82907"}],"version-history":[{"count":0,"href":"https:\/\/www.bagnoitalia.com\/es\/wp-json\/wp\/v2\/product\/82907\/revisions"}],"wp:featuredmedia":[{"embeddable":true,"href":"https:\/\/www.bagnoitalia.com\/es\/wp-json\/wp\/v2\/media\/60489"}],"wp:attachment":[{"href":"https:\/\/www.bagnoitalia.com\/es\/wp-json\/wp\/v2\/media?parent=82907"}],"wp:term":[{"taxonomy":"product_brand","embeddable":true,"href":"https:\/\/www.bagnoitalia.com\/es\/wp-json\/wp\/v2\/product_brand?post=82907"},{"taxonomy":"product_cat","embeddable":true,"href":"https:\/\/www.bagnoitalia.com\/es\/wp-json\/wp\/v2\/product_cat?post=82907"},{"taxonomy":"product_tag","embeddable":true,"href":"https:\/\/www.bagnoitalia.com\/es\/wp-json\/wp\/v2\/product_tag?post=82907"}],"curies":[{"name":"wp","href":"https:\/\/api.w.org\/{rel}","templated":true}]}}