{"id":82903,"date":"2023-03-06T16:45:14","date_gmt":"2023-03-06T15:45:14","guid":{"rendered":"https:\/\/www.bagnoitalia.com\/product\/inflatable-whirlpool-mspa-173-cm-with-ozone-therapy-outdoor-motor-6-seats-mg07-2"},"modified":"2026-03-26T11:46:40","modified_gmt":"2026-03-26T10:46:40","slug":"inflatable-whirlpool-mspa-173-cm-with-ozone-therapy-outdoor-motor-6-seats-mg07-2","status":"publish","type":"product","link":"https:\/\/www.bagnoitalia.com\/es\/producto\/inflatable-whirlpool-mspa-173-cm-with-ozone-therapy-outdoor-motor-6-seats-mg07-2.html","title":{"rendered":"Hidromasaje hinchable Mspa 173 o 193 cm con ozonoterapia motor externo 6 plazas tambi\u00e9n con wifi y bluetooth MG07"},"content":{"rendered":"<p style=\"text-align: center;\"><span style=\"text-decoration: underline; color: #ff0000; font-size: 18pt;\"><strong>PISCINA DE HIDROMASAJE Mspa MG07<\/strong><\/span><\/p>\n<p>&nbsp;<\/p>\n<p>VERSIONES DISPONIBLES:<\/p>\n<p>&#8211; 173cm Standard, con 138 jets y calentador de 1,5 kW<\/p>\n<p>&#8211; 173cm SMART, con 138 jets, wi-fi, bluetooth y calentador de 2,2 kW<\/p>\n<p>&#8211; 193cm SMART, con 144 chorros, wi-fi, bluetooth y calentador de 2,2 kW<\/p>\n<p>&nbsp;<\/p>\n<p>DETALLES DEL PRODUCTO:<\/p>\n<p>Motor externo<\/p>\n<p>Altura total 68 cm<\/p>\n<p>Hidromasaje de aire con chorros con 3 velocidades de flujo ajustables (consumo m\u00e1x. 720 W)<\/p>\n<p>Calentador: aumenta la temperatura 1,2-1,8\u00b0C\/hora (m\u00e1x. 42\u00b0C)<\/p>\n<p>Mando a distancia t\u00e1ctil resistente al agua con sistema LCD<\/p>\n<p>Ozonoterapia de 5,5 W (salida de ozono: 30-50 mg\/h)<\/p>\n<p>Control de temperatura<\/p>\n<p>Sistema de filtrado de agua 12V\/60W (2 filtros incluidos con el producto)<\/p>\n<p>Capacidad m\u00e1xima: 930 litros<\/p>\n<p>Alimentaci\u00f3n: 220-240 voltios<\/p>\n<p>Bomba de hidromasaje de 720W<\/p>\n<p>Material de PVC reforzado Rhino-TechTM Premium de 6 capas<\/p>\n<p>Cubierta de PVC reforzado<\/p>\n<p>C\u00e1mara de aire<\/p>\n<p>Revestimiento para mantener la temperatura<\/p>\n<p>Estera de espuma<\/p>\n<p>Man\u00f3metro<\/p>\n<p>Bomba<\/p>\n<p>Adaptador para manguera de escape<\/p>\n<p>Certificaciones: CE, ISO9001-2008<\/p>\n<p>&nbsp;<\/p>\n<p><a href=\"images\/manuali\/mg07-manuale-01.pdf\">Haga clic aqu\u00ed para descargar el manual<\/a><\/p>\n","protected":false},"excerpt":{"rendered":"<p>Minipiscina Mspa disponible en dos tama\u00f1os y en versiones est\u00e1ndar o inteligente. Las versiones inteligentes incluyen wifi y bluetooth.<\/p>\n","protected":false},"featured_media":60441,"comment_status":"open","ping_status":"closed","template":"","meta":[],"product_brand":[9926],"product_cat":[9777],"product_tag":[],"class_list":{"0":"post-82903","1":"product","2":"type-product","3":"status-publish","4":"has-post-thumbnail","6":"product_brand-predator-arredo-casa-es","7":"product_cat-baneras-de-hidromasaje-inflables","9":"first","10":"instock","11":"sale","12":"taxable","13":"shipping-taxable","14":"purchasable","15":"product-type-simple"},"exclude_global_add_ons":false,"addons":[{"name":"Tipolog\u00eda","type":"multiple_choice","position":0,"required":true,"title_format":"heading","default":"","description_enable":false,"description":"","placeholder_enable":false,"placeholder":"","display":"select","restrictions_type":"any_text","adjust_price":false,"price":"","price_type":"flat_fee","restrictions":false,"min":"0","max":"0","options":[{"label":"173cm est\u00e1ndar","price":"","price_type":"quantity_based","image":0,"visibility":true},{"label":"173cm SMART (con wifi y bluetooth)","price":"10","price_type":"quantity_based","image":0,"visibility":true},{"label":"193cm SMART (con wifi y bluetooth)","price":"230","price_type":"quantity_based","image":0,"visibility":true}],"id":1716545441}],"yoast_head":"<!-- This site is optimized with the Yoast SEO plugin v26.7 - https:\/\/yoast.com\/wordpress\/plugins\/seo\/ -->\n<title>Hidromasaje hinchable Mspa 173 o 193 cm con ozonoterapia motor externo 6 plazas tambi\u00e9n con wifi y bluetooth MG07<\/title>\n<meta name=\"description\" content=\"Minipiscina Mspa disponible en dos tama\u00f1os y en versiones est\u00e1ndar o inteligente. Las versiones inteligentes incluyen wifi y bluetooth.\" \/>\n<meta name=\"robots\" content=\"index, follow, max-snippet:-1, max-image-preview:large, max-video-preview:-1\" \/>\n<link rel=\"canonical\" href=\"https:\/\/www.bagnoitalia.com\/es\/producto\/inflatable-whirlpool-mspa-173-cm-with-ozone-therapy-outdoor-motor-6-seats-mg07-2.html\" \/>\n<meta property=\"og:locale\" content=\"es_ES\" \/>\n<meta property=\"og:type\" content=\"article\" \/>\n<meta property=\"og:title\" content=\"Hidromasaje hinchable Mspa 173 o 193 cm con ozonoterapia motor externo 6 plazas tambi\u00e9n con wifi y bluetooth MG07\" \/>\n<meta property=\"og:description\" content=\"Minipiscina Mspa disponible en dos tama\u00f1os y en versiones est\u00e1ndar o inteligente. Las versiones inteligentes incluyen wifi y bluetooth.\" \/>\n<meta property=\"og:url\" content=\"https:\/\/www.bagnoitalia.com\/es\/producto\/inflatable-whirlpool-mspa-173-cm-with-ozone-therapy-outdoor-motor-6-seats-mg07-2.html\" \/>\n<meta property=\"og:site_name\" content=\"Bagno Italia\" \/>\n<meta property=\"article:modified_time\" content=\"2026-03-26T10:46:40+00:00\" \/>\n<meta property=\"og:image\" content=\"https:\/\/img.bagnoitalia.com\/wp-content\/uploads\/virtuemart\/product\/mini-inflatable-pool-spa-173x65-cm-1.jpg\" \/>\n\t<meta property=\"og:image:width\" content=\"550\" \/>\n\t<meta property=\"og:image:height\" content=\"550\" \/>\n\t<meta property=\"og:image:type\" content=\"image\/jpeg\" \/>\n<meta name=\"twitter:card\" content=\"summary_large_image\" \/>\n<meta name=\"twitter:label1\" content=\"Tiempo de lectura\" \/>\n\t<meta name=\"twitter:data1\" content=\"1 minuto\" \/>\n<script type=\"application\/ld+json\" class=\"yoast-schema-graph\">{\"@context\":\"https:\/\/schema.org\",\"@graph\":[{\"@type\":\"WebPage\",\"@id\":\"https:\/\/www.bagnoitalia.com\/es\/producto\/inflatable-whirlpool-mspa-173-cm-with-ozone-therapy-outdoor-motor-6-seats-mg07-2.html\",\"url\":\"https:\/\/www.bagnoitalia.com\/es\/producto\/inflatable-whirlpool-mspa-173-cm-with-ozone-therapy-outdoor-motor-6-seats-mg07-2.html\",\"name\":\"Hidromasaje hinchable Mspa 173 o 193 cm con ozonoterapia motor externo 6 plazas tambi\u00e9n con wifi y bluetooth MG07\",\"isPartOf\":{\"@id\":\"https:\/\/www.bagnoitalia.com\/es#website\"},\"primaryImageOfPage\":{\"@id\":\"https:\/\/www.bagnoitalia.com\/es\/producto\/inflatable-whirlpool-mspa-173-cm-with-ozone-therapy-outdoor-motor-6-seats-mg07-2.html#primaryimage\"},\"image\":{\"@id\":\"https:\/\/www.bagnoitalia.com\/es\/producto\/inflatable-whirlpool-mspa-173-cm-with-ozone-therapy-outdoor-motor-6-seats-mg07-2.html#primaryimage\"},\"thumbnailUrl\":\"https:\/\/img.bagnoitalia.com\/wp-content\/uploads\/virtuemart\/product\/mini-inflatable-pool-spa-173x65-cm-1.jpg\",\"datePublished\":\"2023-03-06T15:45:14+00:00\",\"dateModified\":\"2026-03-26T10:46:40+00:00\",\"description\":\"Minipiscina Mspa disponible en dos tama\u00f1os y en versiones est\u00e1ndar o inteligente. Las versiones inteligentes incluyen wifi y bluetooth.\",\"breadcrumb\":{\"@id\":\"https:\/\/www.bagnoitalia.com\/es\/producto\/inflatable-whirlpool-mspa-173-cm-with-ozone-therapy-outdoor-motor-6-seats-mg07-2.html#breadcrumb\"},\"inLanguage\":\"es\",\"potentialAction\":[{\"@type\":\"ReadAction\",\"target\":[\"https:\/\/www.bagnoitalia.com\/es\/producto\/inflatable-whirlpool-mspa-173-cm-with-ozone-therapy-outdoor-motor-6-seats-mg07-2.html\"]}]},{\"@type\":\"ImageObject\",\"inLanguage\":\"es\",\"@id\":\"https:\/\/www.bagnoitalia.com\/es\/producto\/inflatable-whirlpool-mspa-173-cm-with-ozone-therapy-outdoor-motor-6-seats-mg07-2.html#primaryimage\",\"url\":\"https:\/\/img.bagnoitalia.com\/wp-content\/uploads\/virtuemart\/product\/mini-inflatable-pool-spa-173x65-cm-1.jpg\",\"contentUrl\":\"https:\/\/img.bagnoitalia.com\/wp-content\/uploads\/virtuemart\/product\/mini-inflatable-pool-spa-173x65-cm-1.jpg\",\"width\":550,\"height\":550},{\"@type\":\"BreadcrumbList\",\"@id\":\"https:\/\/www.bagnoitalia.com\/es\/producto\/inflatable-whirlpool-mspa-173-cm-with-ozone-therapy-outdoor-motor-6-seats-mg07-2.html#breadcrumb\",\"itemListElement\":[{\"@type\":\"ListItem\",\"position\":1,\"name\":\"Home\",\"item\":\"https:\/\/www.bagnoitalia.com\/es\"},{\"@type\":\"ListItem\",\"position\":2,\"name\":\"Productos\",\"item\":\"https:\/\/www.bagnoitalia.com\/es\/shop\"},{\"@type\":\"ListItem\",\"position\":3,\"name\":\"Hidromasaje hinchable Mspa 173 o 193 cm con ozonoterapia motor externo 6 plazas tambi\u00e9n con wifi y bluetooth MG07\"}]},{\"@type\":\"WebSite\",\"@id\":\"https:\/\/www.bagnoitalia.com\/es#website\",\"url\":\"https:\/\/www.bagnoitalia.com\/es\",\"name\":\"Bagno Italia\",\"description\":\"\",\"publisher\":{\"@id\":\"https:\/\/www.bagnoitalia.com\/es#organization\"},\"potentialAction\":[{\"@type\":\"SearchAction\",\"target\":{\"@type\":\"EntryPoint\",\"urlTemplate\":\"https:\/\/www.bagnoitalia.com\/es?s={search_term_string}\"},\"query-input\":{\"@type\":\"PropertyValueSpecification\",\"valueRequired\":true,\"valueName\":\"search_term_string\"}}],\"inLanguage\":\"es\"},{\"@type\":\"Organization\",\"@id\":\"https:\/\/www.bagnoitalia.com\/es#organization\",\"name\":\"Bagno Italia\",\"url\":\"https:\/\/www.bagnoitalia.com\/es\",\"logo\":{\"@type\":\"ImageObject\",\"inLanguage\":\"es\",\"@id\":\"https:\/\/www.bagnoitalia.com\/es#\/schema\/logo\/image\/\",\"url\":\"https:\/\/img.bagnoitalia.com\/wp-content\/uploads\/logo-bagnoitalia.webp\",\"contentUrl\":\"https:\/\/img.bagnoitalia.com\/wp-content\/uploads\/logo-bagnoitalia.webp\",\"width\":400,\"height\":70,\"caption\":\"Bagno Italia\"},\"image\":{\"@id\":\"https:\/\/www.bagnoitalia.com\/es#\/schema\/logo\/image\/\"}}]}<\/script>\n<!-- \/ Yoast SEO plugin. -->","yoast_head_json":{"title":"Hidromasaje hinchable Mspa 173 o 193 cm con ozonoterapia motor externo 6 plazas tambi\u00e9n con wifi y bluetooth MG07","description":"Minipiscina Mspa disponible en dos tama\u00f1os y en versiones est\u00e1ndar o inteligente. Las versiones inteligentes incluyen wifi y bluetooth.","robots":{"index":"index","follow":"follow","max-snippet":"max-snippet:-1","max-image-preview":"max-image-preview:large","max-video-preview":"max-video-preview:-1"},"canonical":"https:\/\/www.bagnoitalia.com\/es\/producto\/inflatable-whirlpool-mspa-173-cm-with-ozone-therapy-outdoor-motor-6-seats-mg07-2.html","og_locale":"es_ES","og_type":"article","og_title":"Hidromasaje hinchable Mspa 173 o 193 cm con ozonoterapia motor externo 6 plazas tambi\u00e9n con wifi y bluetooth MG07","og_description":"Minipiscina Mspa disponible en dos tama\u00f1os y en versiones est\u00e1ndar o inteligente. Las versiones inteligentes incluyen wifi y bluetooth.","og_url":"https:\/\/www.bagnoitalia.com\/es\/producto\/inflatable-whirlpool-mspa-173-cm-with-ozone-therapy-outdoor-motor-6-seats-mg07-2.html","og_site_name":"Bagno Italia","article_modified_time":"2026-03-26T10:46:40+00:00","og_image":[{"width":550,"height":550,"url":"https:\/\/img.bagnoitalia.com\/wp-content\/uploads\/virtuemart\/product\/mini-inflatable-pool-spa-173x65-cm-1.jpg","type":"image\/jpeg"}],"twitter_card":"summary_large_image","twitter_misc":{"Tiempo de lectura":"1 minuto"},"schema":{"@context":"https:\/\/schema.org","@graph":[{"@type":"WebPage","@id":"https:\/\/www.bagnoitalia.com\/es\/producto\/inflatable-whirlpool-mspa-173-cm-with-ozone-therapy-outdoor-motor-6-seats-mg07-2.html","url":"https:\/\/www.bagnoitalia.com\/es\/producto\/inflatable-whirlpool-mspa-173-cm-with-ozone-therapy-outdoor-motor-6-seats-mg07-2.html","name":"Hidromasaje hinchable Mspa 173 o 193 cm con ozonoterapia motor externo 6 plazas tambi\u00e9n con wifi y bluetooth MG07","isPartOf":{"@id":"https:\/\/www.bagnoitalia.com\/es#website"},"primaryImageOfPage":{"@id":"https:\/\/www.bagnoitalia.com\/es\/producto\/inflatable-whirlpool-mspa-173-cm-with-ozone-therapy-outdoor-motor-6-seats-mg07-2.html#primaryimage"},"image":{"@id":"https:\/\/www.bagnoitalia.com\/es\/producto\/inflatable-whirlpool-mspa-173-cm-with-ozone-therapy-outdoor-motor-6-seats-mg07-2.html#primaryimage"},"thumbnailUrl":"https:\/\/img.bagnoitalia.com\/wp-content\/uploads\/virtuemart\/product\/mini-inflatable-pool-spa-173x65-cm-1.jpg","datePublished":"2023-03-06T15:45:14+00:00","dateModified":"2026-03-26T10:46:40+00:00","description":"Minipiscina Mspa disponible en dos tama\u00f1os y en versiones est\u00e1ndar o inteligente. Las versiones inteligentes incluyen wifi y bluetooth.","breadcrumb":{"@id":"https:\/\/www.bagnoitalia.com\/es\/producto\/inflatable-whirlpool-mspa-173-cm-with-ozone-therapy-outdoor-motor-6-seats-mg07-2.html#breadcrumb"},"inLanguage":"es","potentialAction":[{"@type":"ReadAction","target":["https:\/\/www.bagnoitalia.com\/es\/producto\/inflatable-whirlpool-mspa-173-cm-with-ozone-therapy-outdoor-motor-6-seats-mg07-2.html"]}]},{"@type":"ImageObject","inLanguage":"es","@id":"https:\/\/www.bagnoitalia.com\/es\/producto\/inflatable-whirlpool-mspa-173-cm-with-ozone-therapy-outdoor-motor-6-seats-mg07-2.html#primaryimage","url":"https:\/\/img.bagnoitalia.com\/wp-content\/uploads\/virtuemart\/product\/mini-inflatable-pool-spa-173x65-cm-1.jpg","contentUrl":"https:\/\/img.bagnoitalia.com\/wp-content\/uploads\/virtuemart\/product\/mini-inflatable-pool-spa-173x65-cm-1.jpg","width":550,"height":550},{"@type":"BreadcrumbList","@id":"https:\/\/www.bagnoitalia.com\/es\/producto\/inflatable-whirlpool-mspa-173-cm-with-ozone-therapy-outdoor-motor-6-seats-mg07-2.html#breadcrumb","itemListElement":[{"@type":"ListItem","position":1,"name":"Home","item":"https:\/\/www.bagnoitalia.com\/es"},{"@type":"ListItem","position":2,"name":"Productos","item":"https:\/\/www.bagnoitalia.com\/es\/shop"},{"@type":"ListItem","position":3,"name":"Hidromasaje hinchable Mspa 173 o 193 cm con ozonoterapia motor externo 6 plazas tambi\u00e9n con wifi y bluetooth MG07"}]},{"@type":"WebSite","@id":"https:\/\/www.bagnoitalia.com\/es#website","url":"https:\/\/www.bagnoitalia.com\/es","name":"Bagno Italia","description":"","publisher":{"@id":"https:\/\/www.bagnoitalia.com\/es#organization"},"potentialAction":[{"@type":"SearchAction","target":{"@type":"EntryPoint","urlTemplate":"https:\/\/www.bagnoitalia.com\/es?s={search_term_string}"},"query-input":{"@type":"PropertyValueSpecification","valueRequired":true,"valueName":"search_term_string"}}],"inLanguage":"es"},{"@type":"Organization","@id":"https:\/\/www.bagnoitalia.com\/es#organization","name":"Bagno Italia","url":"https:\/\/www.bagnoitalia.com\/es","logo":{"@type":"ImageObject","inLanguage":"es","@id":"https:\/\/www.bagnoitalia.com\/es#\/schema\/logo\/image\/","url":"https:\/\/img.bagnoitalia.com\/wp-content\/uploads\/logo-bagnoitalia.webp","contentUrl":"https:\/\/img.bagnoitalia.com\/wp-content\/uploads\/logo-bagnoitalia.webp","width":400,"height":70,"caption":"Bagno Italia"},"image":{"@id":"https:\/\/www.bagnoitalia.com\/es#\/schema\/logo\/image\/"}}]}},"_links":{"self":[{"href":"https:\/\/www.bagnoitalia.com\/es\/wp-json\/wp\/v2\/product\/82903","targetHints":{"allow":["GET"]}}],"collection":[{"href":"https:\/\/www.bagnoitalia.com\/es\/wp-json\/wp\/v2\/product"}],"about":[{"href":"https:\/\/www.bagnoitalia.com\/es\/wp-json\/wp\/v2\/types\/product"}],"replies":[{"embeddable":true,"href":"https:\/\/www.bagnoitalia.com\/es\/wp-json\/wp\/v2\/comments?post=82903"}],"version-history":[{"count":1,"href":"https:\/\/www.bagnoitalia.com\/es\/wp-json\/wp\/v2\/product\/82903\/revisions"}],"predecessor-version":[{"id":87980,"href":"https:\/\/www.bagnoitalia.com\/es\/wp-json\/wp\/v2\/product\/82903\/revisions\/87980"}],"wp:featuredmedia":[{"embeddable":true,"href":"https:\/\/www.bagnoitalia.com\/es\/wp-json\/wp\/v2\/media\/60441"}],"wp:attachment":[{"href":"https:\/\/www.bagnoitalia.com\/es\/wp-json\/wp\/v2\/media?parent=82903"}],"wp:term":[{"taxonomy":"product_brand","embeddable":true,"href":"https:\/\/www.bagnoitalia.com\/es\/wp-json\/wp\/v2\/product_brand?post=82903"},{"taxonomy":"product_cat","embeddable":true,"href":"https:\/\/www.bagnoitalia.com\/es\/wp-json\/wp\/v2\/product_cat?post=82903"},{"taxonomy":"product_tag","embeddable":true,"href":"https:\/\/www.bagnoitalia.com\/es\/wp-json\/wp\/v2\/product_tag?post=82903"}],"curies":[{"name":"wp","href":"https:\/\/api.w.org\/{rel}","templated":true}]}}