{"id":82891,"date":"2023-03-06T16:12:49","date_gmt":"2023-03-06T15:12:49","guid":{"rendered":"https:\/\/www.bagnoitalia.com\/product\/bathtub-160x70-cm-without-hydromassage-brand-novellini-made-in-italy-vs127-2"},"modified":"2023-03-06T16:12:49","modified_gmt":"2023-03-06T15:12:49","slug":"bathtub-160x70-cm-without-hydromassage-brand-novellini-made-in-italy-vs127-2","status":"publish","type":"product","link":"https:\/\/www.bagnoitalia.com\/es\/producto\/bathtub-160x70-cm-without-hydromassage-brand-novellini-made-in-italy-vs127-2.html","title":{"rendered":"Ba\u00f1era 160&#215;70 cm sin hidromasaje marca Novellini made in Italy VS127"},"content":{"rendered":"<p style=\"text-align: center;\"><span style=\"text-decoration: underline; color: #ff0000; font-size: 18pt;\"><strong>NOVELLINI Ba\u00f1era 160&#215;70 cm VS127<\/strong><\/span><\/p>\n<p>&nbsp;<\/p>\n<p>Ba\u00f1era rectangular 160xP70xH58 cm<\/p>\n<p>Fabricada en Italia<\/p>\n<p>Marca Novellini<\/p>\n<p>completa con un panel lateral y un panel frontal<\/p>\n<p>La ba\u00f1era se puede instalar<\/p>\n<p>&#8211; empotrada: quitando ambos paneles<\/p>\n<p>&#8211; esquina: derecha o izquierda (los paneles son reversibles, por lo que no es necesario especificar la versi\u00f3n en el pedido)<\/p>\n<p>Capacidad m\u00e1xima: 153 litros<\/p>\n<p>Columna de desag\u00fce incluida<\/p>\n<p>Fabricada en acr\u00edlico<\/p>\n<p>color blanco brillante<\/p>\n<p>&nbsp;<\/p>\n<p><span style=\"color: #ff0000;\">ATENCI\u00d3N: esta ba\u00f1era NO tiene grifos ni hidromasaje;<\/span><\/p>\n<p><a href=\"rubinetti-miscelatori\/rubinetti-vasca\">haga clic aqu\u00ed para ver el cat\u00e1logo de grifer\u00edas de ba\u00f1era<\/a><\/p>\n<p><img decoding=\"async\" src=\"images\/1-scheda-tecnica-vasche-idromassaggio.jpg\" alt=\"\" \/><img fetchpriority=\"high\" decoding=\"async\" class=\" size-full wp-image-59348\" src=\"https:\/\/img.bagnoitalia.com\/wp-content\/uploads\/ciao.png\" alt=\"\" width=\"737\" height=\"83\" srcset=\"https:\/\/img.bagnoitalia.com\/wp-content\/uploads\/ciao.png 737w, https:\/\/img.bagnoitalia.com\/wp-content\/uploads\/ciao-441x50.png 441w, https:\/\/img.bagnoitalia.com\/wp-content\/uploads\/ciao-600x68.png 600w, https:\/\/img.bagnoitalia.com\/wp-content\/uploads\/ciao-150x17.png 150w\" sizes=\"(max-width: 737px) 100vw, 737px\" \/><\/p>\n<p>&nbsp;<\/p>\n<p>&nbsp;<\/p>\n","protected":false},"excerpt":{"rendered":"<p>La ba\u00f1era classic, MADE IN ITALY, puede instalarse empotrada (retirando los paneles) o en una esquina (derecha o izquierda, ya que los paneles son reversibles).<\/p>\n","protected":false},"featured_media":60361,"comment_status":"open","ping_status":"closed","template":"","meta":[],"product_brand":[9941],"product_cat":[9709,9745],"product_tag":[],"class_list":{"0":"post-82891","1":"product","2":"type-product","3":"status-publish","4":"has-post-thumbnail","6":"product_brand-dianflex-es","7":"product_cat-banera-de-hidromasaje","8":"product_cat-piscinas-de-hidromasaje","10":"first","11":"instock","12":"sale","13":"taxable","14":"shipping-taxable","15":"purchasable","16":"product-type-simple"},"exclude_global_add_ons":[],"addons":[],"yoast_head":"<!-- This site is optimized with the Yoast SEO plugin v26.7 - https:\/\/yoast.com\/wordpress\/plugins\/seo\/ -->\n<title>Ba\u00f1era 160x70 cm sin hidromasaje marca Novellini made in Italy VS127<\/title>\n<meta name=\"description\" content=\"La ba\u00f1era classic, MADE IN ITALY, puede instalarse empotrada (retirando los paneles) o en una esquina (derecha o izquierda, ya que los paneles son reversibles).\" \/>\n<meta name=\"robots\" content=\"index, follow, max-snippet:-1, max-image-preview:large, max-video-preview:-1\" \/>\n<link rel=\"canonical\" href=\"https:\/\/www.bagnoitalia.com\/es\/producto\/bathtub-160x70-cm-without-hydromassage-brand-novellini-made-in-italy-vs127-2.html\" \/>\n<meta property=\"og:locale\" content=\"es_ES\" \/>\n<meta property=\"og:type\" content=\"article\" \/>\n<meta property=\"og:title\" content=\"Ba\u00f1era 160x70 cm sin hidromasaje marca Novellini made in Italy VS127\" \/>\n<meta property=\"og:description\" content=\"La ba\u00f1era classic, MADE IN ITALY, puede instalarse empotrada (retirando los paneles) o en una esquina (derecha o izquierda, ya que los paneles son reversibles).\" \/>\n<meta property=\"og:url\" content=\"https:\/\/www.bagnoitalia.com\/es\/producto\/bathtub-160x70-cm-without-hydromassage-brand-novellini-made-in-italy-vs127-2.html\" \/>\n<meta property=\"og:site_name\" content=\"Bagno Italia\" \/>\n<meta property=\"og:image\" content=\"https:\/\/img.bagnoitalia.com\/wp-content\/uploads\/virtuemart\/product\/tub-made-initaly-bath-160x70-angular-novels-1.jpg\" \/>\n\t<meta property=\"og:image:width\" content=\"550\" \/>\n\t<meta property=\"og:image:height\" content=\"550\" \/>\n\t<meta property=\"og:image:type\" content=\"image\/jpeg\" \/>\n<meta name=\"twitter:card\" content=\"summary_large_image\" \/>\n<meta name=\"twitter:label1\" content=\"Tiempo de lectura\" \/>\n\t<meta name=\"twitter:data1\" content=\"1 minuto\" \/>\n<script type=\"application\/ld+json\" class=\"yoast-schema-graph\">{\"@context\":\"https:\/\/schema.org\",\"@graph\":[{\"@type\":\"WebPage\",\"@id\":\"https:\/\/www.bagnoitalia.com\/es\/producto\/bathtub-160x70-cm-without-hydromassage-brand-novellini-made-in-italy-vs127-2.html\",\"url\":\"https:\/\/www.bagnoitalia.com\/es\/producto\/bathtub-160x70-cm-without-hydromassage-brand-novellini-made-in-italy-vs127-2.html\",\"name\":\"Ba\u00f1era 160x70 cm sin hidromasaje marca Novellini made in Italy VS127\",\"isPartOf\":{\"@id\":\"https:\/\/www.bagnoitalia.com\/es#website\"},\"primaryImageOfPage\":{\"@id\":\"https:\/\/www.bagnoitalia.com\/es\/producto\/bathtub-160x70-cm-without-hydromassage-brand-novellini-made-in-italy-vs127-2.html#primaryimage\"},\"image\":{\"@id\":\"https:\/\/www.bagnoitalia.com\/es\/producto\/bathtub-160x70-cm-without-hydromassage-brand-novellini-made-in-italy-vs127-2.html#primaryimage\"},\"thumbnailUrl\":\"https:\/\/img.bagnoitalia.com\/wp-content\/uploads\/virtuemart\/product\/tub-made-initaly-bath-160x70-angular-novels-1.jpg\",\"datePublished\":\"2023-03-06T15:12:49+00:00\",\"description\":\"La ba\u00f1era classic, MADE IN ITALY, puede instalarse empotrada (retirando los paneles) o en una esquina (derecha o izquierda, ya que los paneles son reversibles).\",\"breadcrumb\":{\"@id\":\"https:\/\/www.bagnoitalia.com\/es\/producto\/bathtub-160x70-cm-without-hydromassage-brand-novellini-made-in-italy-vs127-2.html#breadcrumb\"},\"inLanguage\":\"es\",\"potentialAction\":[{\"@type\":\"ReadAction\",\"target\":[\"https:\/\/www.bagnoitalia.com\/es\/producto\/bathtub-160x70-cm-without-hydromassage-brand-novellini-made-in-italy-vs127-2.html\"]}]},{\"@type\":\"ImageObject\",\"inLanguage\":\"es\",\"@id\":\"https:\/\/www.bagnoitalia.com\/es\/producto\/bathtub-160x70-cm-without-hydromassage-brand-novellini-made-in-italy-vs127-2.html#primaryimage\",\"url\":\"https:\/\/img.bagnoitalia.com\/wp-content\/uploads\/virtuemart\/product\/tub-made-initaly-bath-160x70-angular-novels-1.jpg\",\"contentUrl\":\"https:\/\/img.bagnoitalia.com\/wp-content\/uploads\/virtuemart\/product\/tub-made-initaly-bath-160x70-angular-novels-1.jpg\",\"width\":550,\"height\":550},{\"@type\":\"BreadcrumbList\",\"@id\":\"https:\/\/www.bagnoitalia.com\/es\/producto\/bathtub-160x70-cm-without-hydromassage-brand-novellini-made-in-italy-vs127-2.html#breadcrumb\",\"itemListElement\":[{\"@type\":\"ListItem\",\"position\":1,\"name\":\"Home\",\"item\":\"https:\/\/www.bagnoitalia.com\/es\"},{\"@type\":\"ListItem\",\"position\":2,\"name\":\"Productos\",\"item\":\"https:\/\/www.bagnoitalia.com\/es\/shop\"},{\"@type\":\"ListItem\",\"position\":3,\"name\":\"Ba\u00f1era 160&#215;70 cm sin hidromasaje marca Novellini made in Italy VS127\"}]},{\"@type\":\"WebSite\",\"@id\":\"https:\/\/www.bagnoitalia.com\/es#website\",\"url\":\"https:\/\/www.bagnoitalia.com\/es\",\"name\":\"Bagno Italia\",\"description\":\"\",\"publisher\":{\"@id\":\"https:\/\/www.bagnoitalia.com\/es#organization\"},\"potentialAction\":[{\"@type\":\"SearchAction\",\"target\":{\"@type\":\"EntryPoint\",\"urlTemplate\":\"https:\/\/www.bagnoitalia.com\/es?s={search_term_string}\"},\"query-input\":{\"@type\":\"PropertyValueSpecification\",\"valueRequired\":true,\"valueName\":\"search_term_string\"}}],\"inLanguage\":\"es\"},{\"@type\":\"Organization\",\"@id\":\"https:\/\/www.bagnoitalia.com\/es#organization\",\"name\":\"Bagno Italia\",\"url\":\"https:\/\/www.bagnoitalia.com\/es\",\"logo\":{\"@type\":\"ImageObject\",\"inLanguage\":\"es\",\"@id\":\"https:\/\/www.bagnoitalia.com\/es#\/schema\/logo\/image\/\",\"url\":\"https:\/\/img.bagnoitalia.com\/wp-content\/uploads\/logo-bagnoitalia.webp\",\"contentUrl\":\"https:\/\/img.bagnoitalia.com\/wp-content\/uploads\/logo-bagnoitalia.webp\",\"width\":400,\"height\":70,\"caption\":\"Bagno Italia\"},\"image\":{\"@id\":\"https:\/\/www.bagnoitalia.com\/es#\/schema\/logo\/image\/\"}}]}<\/script>\n<!-- \/ Yoast SEO plugin. -->","yoast_head_json":{"title":"Ba\u00f1era 160x70 cm sin hidromasaje marca Novellini made in Italy VS127","description":"La ba\u00f1era classic, MADE IN ITALY, puede instalarse empotrada (retirando los paneles) o en una esquina (derecha o izquierda, ya que los paneles son reversibles).","robots":{"index":"index","follow":"follow","max-snippet":"max-snippet:-1","max-image-preview":"max-image-preview:large","max-video-preview":"max-video-preview:-1"},"canonical":"https:\/\/www.bagnoitalia.com\/es\/producto\/bathtub-160x70-cm-without-hydromassage-brand-novellini-made-in-italy-vs127-2.html","og_locale":"es_ES","og_type":"article","og_title":"Ba\u00f1era 160x70 cm sin hidromasaje marca Novellini made in Italy VS127","og_description":"La ba\u00f1era classic, MADE IN ITALY, puede instalarse empotrada (retirando los paneles) o en una esquina (derecha o izquierda, ya que los paneles son reversibles).","og_url":"https:\/\/www.bagnoitalia.com\/es\/producto\/bathtub-160x70-cm-without-hydromassage-brand-novellini-made-in-italy-vs127-2.html","og_site_name":"Bagno Italia","og_image":[{"width":550,"height":550,"url":"https:\/\/img.bagnoitalia.com\/wp-content\/uploads\/virtuemart\/product\/tub-made-initaly-bath-160x70-angular-novels-1.jpg","type":"image\/jpeg"}],"twitter_card":"summary_large_image","twitter_misc":{"Tiempo de lectura":"1 minuto"},"schema":{"@context":"https:\/\/schema.org","@graph":[{"@type":"WebPage","@id":"https:\/\/www.bagnoitalia.com\/es\/producto\/bathtub-160x70-cm-without-hydromassage-brand-novellini-made-in-italy-vs127-2.html","url":"https:\/\/www.bagnoitalia.com\/es\/producto\/bathtub-160x70-cm-without-hydromassage-brand-novellini-made-in-italy-vs127-2.html","name":"Ba\u00f1era 160x70 cm sin hidromasaje marca Novellini made in Italy VS127","isPartOf":{"@id":"https:\/\/www.bagnoitalia.com\/es#website"},"primaryImageOfPage":{"@id":"https:\/\/www.bagnoitalia.com\/es\/producto\/bathtub-160x70-cm-without-hydromassage-brand-novellini-made-in-italy-vs127-2.html#primaryimage"},"image":{"@id":"https:\/\/www.bagnoitalia.com\/es\/producto\/bathtub-160x70-cm-without-hydromassage-brand-novellini-made-in-italy-vs127-2.html#primaryimage"},"thumbnailUrl":"https:\/\/img.bagnoitalia.com\/wp-content\/uploads\/virtuemart\/product\/tub-made-initaly-bath-160x70-angular-novels-1.jpg","datePublished":"2023-03-06T15:12:49+00:00","description":"La ba\u00f1era classic, MADE IN ITALY, puede instalarse empotrada (retirando los paneles) o en una esquina (derecha o izquierda, ya que los paneles son reversibles).","breadcrumb":{"@id":"https:\/\/www.bagnoitalia.com\/es\/producto\/bathtub-160x70-cm-without-hydromassage-brand-novellini-made-in-italy-vs127-2.html#breadcrumb"},"inLanguage":"es","potentialAction":[{"@type":"ReadAction","target":["https:\/\/www.bagnoitalia.com\/es\/producto\/bathtub-160x70-cm-without-hydromassage-brand-novellini-made-in-italy-vs127-2.html"]}]},{"@type":"ImageObject","inLanguage":"es","@id":"https:\/\/www.bagnoitalia.com\/es\/producto\/bathtub-160x70-cm-without-hydromassage-brand-novellini-made-in-italy-vs127-2.html#primaryimage","url":"https:\/\/img.bagnoitalia.com\/wp-content\/uploads\/virtuemart\/product\/tub-made-initaly-bath-160x70-angular-novels-1.jpg","contentUrl":"https:\/\/img.bagnoitalia.com\/wp-content\/uploads\/virtuemart\/product\/tub-made-initaly-bath-160x70-angular-novels-1.jpg","width":550,"height":550},{"@type":"BreadcrumbList","@id":"https:\/\/www.bagnoitalia.com\/es\/producto\/bathtub-160x70-cm-without-hydromassage-brand-novellini-made-in-italy-vs127-2.html#breadcrumb","itemListElement":[{"@type":"ListItem","position":1,"name":"Home","item":"https:\/\/www.bagnoitalia.com\/es"},{"@type":"ListItem","position":2,"name":"Productos","item":"https:\/\/www.bagnoitalia.com\/es\/shop"},{"@type":"ListItem","position":3,"name":"Ba\u00f1era 160&#215;70 cm sin hidromasaje marca Novellini made in Italy VS127"}]},{"@type":"WebSite","@id":"https:\/\/www.bagnoitalia.com\/es#website","url":"https:\/\/www.bagnoitalia.com\/es","name":"Bagno Italia","description":"","publisher":{"@id":"https:\/\/www.bagnoitalia.com\/es#organization"},"potentialAction":[{"@type":"SearchAction","target":{"@type":"EntryPoint","urlTemplate":"https:\/\/www.bagnoitalia.com\/es?s={search_term_string}"},"query-input":{"@type":"PropertyValueSpecification","valueRequired":true,"valueName":"search_term_string"}}],"inLanguage":"es"},{"@type":"Organization","@id":"https:\/\/www.bagnoitalia.com\/es#organization","name":"Bagno Italia","url":"https:\/\/www.bagnoitalia.com\/es","logo":{"@type":"ImageObject","inLanguage":"es","@id":"https:\/\/www.bagnoitalia.com\/es#\/schema\/logo\/image\/","url":"https:\/\/img.bagnoitalia.com\/wp-content\/uploads\/logo-bagnoitalia.webp","contentUrl":"https:\/\/img.bagnoitalia.com\/wp-content\/uploads\/logo-bagnoitalia.webp","width":400,"height":70,"caption":"Bagno Italia"},"image":{"@id":"https:\/\/www.bagnoitalia.com\/es#\/schema\/logo\/image\/"}}]}},"_links":{"self":[{"href":"https:\/\/www.bagnoitalia.com\/es\/wp-json\/wp\/v2\/product\/82891","targetHints":{"allow":["GET"]}}],"collection":[{"href":"https:\/\/www.bagnoitalia.com\/es\/wp-json\/wp\/v2\/product"}],"about":[{"href":"https:\/\/www.bagnoitalia.com\/es\/wp-json\/wp\/v2\/types\/product"}],"replies":[{"embeddable":true,"href":"https:\/\/www.bagnoitalia.com\/es\/wp-json\/wp\/v2\/comments?post=82891"}],"version-history":[{"count":0,"href":"https:\/\/www.bagnoitalia.com\/es\/wp-json\/wp\/v2\/product\/82891\/revisions"}],"wp:featuredmedia":[{"embeddable":true,"href":"https:\/\/www.bagnoitalia.com\/es\/wp-json\/wp\/v2\/media\/60361"}],"wp:attachment":[{"href":"https:\/\/www.bagnoitalia.com\/es\/wp-json\/wp\/v2\/media?parent=82891"}],"wp:term":[{"taxonomy":"product_brand","embeddable":true,"href":"https:\/\/www.bagnoitalia.com\/es\/wp-json\/wp\/v2\/product_brand?post=82891"},{"taxonomy":"product_cat","embeddable":true,"href":"https:\/\/www.bagnoitalia.com\/es\/wp-json\/wp\/v2\/product_cat?post=82891"},{"taxonomy":"product_tag","embeddable":true,"href":"https:\/\/www.bagnoitalia.com\/es\/wp-json\/wp\/v2\/product_tag?post=82891"}],"curies":[{"name":"wp","href":"https:\/\/api.w.org\/{rel}","templated":true}]}}