{"id":82855,"date":"2023-03-02T16:02:22","date_gmt":"2023-03-02T15:02:22","guid":{"rendered":"https:\/\/www.bagnoitalia.com\/product\/infrared-sauna-90x100-or-120x100-cm-1-2-places-full-spectrum-colour-therapy-and-bluetooth-connection-sn058-2"},"modified":"2026-04-16T10:09:27","modified_gmt":"2026-04-16T08:09:27","slug":"infrared-sauna-90x100-or-120x100-cm-1-2-places-full-spectrum-colour-therapy-and-bluetooth-connection-sn058-2","status":"publish","type":"product","link":"https:\/\/www.bagnoitalia.com\/es\/producto\/infrared-sauna-90x100-or-120x100-cm-1-2-places-full-spectrum-colour-therapy-and-bluetooth-connection-sn058-2.html","title":{"rendered":"Sauna de infrarrojos 90&#215;100 o 120&#215;100 cm 1-2 plazas terapia de color de espectro completo y conexi\u00f3n bluetooth SN058"},"content":{"rendered":"<p style=\"text-align: center;\"><span style=\"text-decoration: underline; color: #ff0000; font-size: 18pt;\"><strong>Sauna de infrarrojos en dos tama\u00f1os \u00abSN058<\/strong><\/span><\/p>\n<p>&nbsp;<\/p>\n<p>SAUNA DE INFRARROJOS DISPONIBLE EN LOS SIGUIENTES TAMA\u00d1OS (seleccione el tama\u00f1o en el men\u00fa desplegable):<\/p>\n<p>-90x100xH195 cm para una persona, con 4 placas irradiantes<\/p>\n<p>-120x100xH195 cm para dos personas, con 5 placas irradiantes<\/p>\n<p><span style=\"text-decoration: underline;\"><strong>PRINCIPALES ACCESORIOS Y FUNCIONES<\/strong><\/span><\/p>\n<p>placas de irradiaci\u00f3n de espectro completo<\/p>\n<p>panel de control digital<\/p>\n<p>cromoterapia con 7 variaciones de color<\/p>\n<p>iluminaci\u00f3n led<\/p>\n<p>reproductor mp3 con conexi\u00f3n bluetooth<\/p>\n<p>2 altavoces<\/p>\n<p>respaldo ergon\u00f3mico<\/p>\n<p><span style=\"text-decoration: underline;\"><strong>M\u00c1S DETALLES<\/strong><\/span><\/p>\n<p>Estructura de madera Hemlock<\/p>\n<p>Puerta de cristal ahumado de 6 mm<\/p>\n<p>Potencia<\/p>\n<p>para la sauna de 90&#215;100 cm 1.550 vatios<br \/>\npara la sauna de 120&#215;100 cm: 2.200 vatios<\/p>\n<p>&nbsp;<\/p>\n<p><img fetchpriority=\"high\" decoding=\"async\" class=\" size-full wp-image-58787\" src=\"https:\/\/img.bagnoitalia.com\/wp-content\/uploads\/irradianti-full-spectrum.jpg\" alt=\"\" width=\"794\" height=\"214\" srcset=\"https:\/\/img.bagnoitalia.com\/wp-content\/uploads\/irradianti-full-spectrum.jpg 794w, https:\/\/img.bagnoitalia.com\/wp-content\/uploads\/irradianti-full-spectrum-768x207.jpg 768w, https:\/\/img.bagnoitalia.com\/wp-content\/uploads\/irradianti-full-spectrum-441x119.jpg 441w, https:\/\/img.bagnoitalia.com\/wp-content\/uploads\/irradianti-full-spectrum-600x162.jpg 600w, https:\/\/img.bagnoitalia.com\/wp-content\/uploads\/irradianti-full-spectrum-150x40.jpg 150w\" sizes=\"(max-width: 794px) 100vw, 794px\" \/><\/p>\n<p>&nbsp;<\/p>\n<p>&nbsp;<\/p>\n<p>&nbsp;<\/p>\n<p>&nbsp;<\/p>\n<p>&nbsp;<\/p>\n<p>&nbsp;<\/p>\n<p>&nbsp;<\/p>\n<p>&nbsp;<\/p>\n<p>&nbsp;<\/p>\n<p>&nbsp;<\/p>\n<p>F20090<br \/>\nF20120<\/p>\n<p>&nbsp;<\/p>\n","protected":false},"excerpt":{"rendered":"<p>Cabina con paneles de infrarrojos de espectro completo, disponible en dos tama\u00f1os. Funciones principales: luz LED que cambia de color, reproductor MP3 con conexi\u00f3n Bluetooth y altavoces.<\/p>\n","protected":false},"featured_media":60151,"comment_status":"open","ping_status":"closed","template":"","meta":[],"product_brand":[9944],"product_cat":[9753],"product_tag":[],"class_list":{"0":"post-82855","1":"product","2":"type-product","3":"status-publish","4":"has-post-thumbnail","6":"product_brand-sanotechnik-italia-es","7":"product_cat-sauna-de-infrarrojos","9":"first","10":"instock","11":"sale","12":"taxable","13":"shipping-taxable","14":"purchasable","15":"product-type-simple"},"exclude_global_add_ons":false,"addons":[{"name":"dimensiones","type":"multiple_choice","position":0,"required":true,"title_format":"heading","default":"","description_enable":false,"description":"","placeholder_enable":false,"placeholder":"","display":"select","restrictions_type":"any_text","adjust_price":false,"price":"","price_type":"flat_fee","restrictions":false,"min":"0","max":"0","options":[{"label":"(disponible el 24 de abril) 90x100 cm","price":"","price_type":"quantity_based","image":0,"visibility":true},{"label":"(disponible el 24 de abril) 120x100 cm","price":"190","price_type":"quantity_based","image":0,"visibility":true}],"id":1717152579}],"yoast_head":"<!-- This site is optimized with the Yoast SEO plugin v26.7 - https:\/\/yoast.com\/wordpress\/plugins\/seo\/ -->\n<title>Sauna de infrarrojos 90x100 o 120x100 cm 1-2 plazas terapia de color de espectro completo y conexi\u00f3n bluetooth SN058<\/title>\n<meta name=\"description\" content=\"Cabina con paneles de infrarrojos de espectro completo, disponible en dos tama\u00f1os. Funciones principales: luz LED que cambia de color, reproductor MP3 con conexi\u00f3n Bluetooth y altavoces.\" \/>\n<meta name=\"robots\" content=\"index, follow, max-snippet:-1, max-image-preview:large, max-video-preview:-1\" \/>\n<link rel=\"canonical\" href=\"https:\/\/www.bagnoitalia.com\/es\/producto\/infrared-sauna-90x100-or-120x100-cm-1-2-places-full-spectrum-colour-therapy-and-bluetooth-connection-sn058-2.html\" \/>\n<meta property=\"og:locale\" content=\"es_ES\" \/>\n<meta property=\"og:type\" content=\"article\" \/>\n<meta property=\"og:title\" content=\"Sauna de infrarrojos 90x100 o 120x100 cm 1-2 plazas terapia de color de espectro completo y conexi\u00f3n bluetooth SN058\" \/>\n<meta property=\"og:description\" content=\"Cabina con paneles de infrarrojos de espectro completo, disponible en dos tama\u00f1os. Funciones principales: luz LED que cambia de color, reproductor MP3 con conexi\u00f3n Bluetooth y altavoces.\" \/>\n<meta property=\"og:url\" content=\"https:\/\/www.bagnoitalia.com\/es\/producto\/infrared-sauna-90x100-or-120x100-cm-1-2-places-full-spectrum-colour-therapy-and-bluetooth-connection-sn058-2.html\" \/>\n<meta property=\"og:site_name\" content=\"Bagno Italia\" \/>\n<meta property=\"article:modified_time\" content=\"2026-04-16T08:09:27+00:00\" \/>\n<meta property=\"og:image\" content=\"https:\/\/img.bagnoitalia.com\/wp-content\/uploads\/virtuemart\/product\/infrared-sauna-120x100-or-90x100-1.jpg\" \/>\n\t<meta property=\"og:image:width\" content=\"550\" \/>\n\t<meta property=\"og:image:height\" content=\"550\" \/>\n\t<meta property=\"og:image:type\" content=\"image\/jpeg\" \/>\n<meta name=\"twitter:card\" content=\"summary_large_image\" \/>\n<meta name=\"twitter:label1\" content=\"Tiempo de lectura\" \/>\n\t<meta name=\"twitter:data1\" content=\"1 minuto\" \/>\n<script type=\"application\/ld+json\" class=\"yoast-schema-graph\">{\"@context\":\"https:\/\/schema.org\",\"@graph\":[{\"@type\":\"WebPage\",\"@id\":\"https:\/\/www.bagnoitalia.com\/es\/producto\/infrared-sauna-90x100-or-120x100-cm-1-2-places-full-spectrum-colour-therapy-and-bluetooth-connection-sn058-2.html\",\"url\":\"https:\/\/www.bagnoitalia.com\/es\/producto\/infrared-sauna-90x100-or-120x100-cm-1-2-places-full-spectrum-colour-therapy-and-bluetooth-connection-sn058-2.html\",\"name\":\"Sauna de infrarrojos 90x100 o 120x100 cm 1-2 plazas terapia de color de espectro completo y conexi\u00f3n bluetooth SN058\",\"isPartOf\":{\"@id\":\"https:\/\/www.bagnoitalia.com\/es#website\"},\"primaryImageOfPage\":{\"@id\":\"https:\/\/www.bagnoitalia.com\/es\/producto\/infrared-sauna-90x100-or-120x100-cm-1-2-places-full-spectrum-colour-therapy-and-bluetooth-connection-sn058-2.html#primaryimage\"},\"image\":{\"@id\":\"https:\/\/www.bagnoitalia.com\/es\/producto\/infrared-sauna-90x100-or-120x100-cm-1-2-places-full-spectrum-colour-therapy-and-bluetooth-connection-sn058-2.html#primaryimage\"},\"thumbnailUrl\":\"https:\/\/img.bagnoitalia.com\/wp-content\/uploads\/virtuemart\/product\/infrared-sauna-120x100-or-90x100-1.jpg\",\"datePublished\":\"2023-03-02T15:02:22+00:00\",\"dateModified\":\"2026-04-16T08:09:27+00:00\",\"description\":\"Cabina con paneles de infrarrojos de espectro completo, disponible en dos tama\u00f1os. Funciones principales: luz LED que cambia de color, reproductor MP3 con conexi\u00f3n Bluetooth y altavoces.\",\"breadcrumb\":{\"@id\":\"https:\/\/www.bagnoitalia.com\/es\/producto\/infrared-sauna-90x100-or-120x100-cm-1-2-places-full-spectrum-colour-therapy-and-bluetooth-connection-sn058-2.html#breadcrumb\"},\"inLanguage\":\"es\",\"potentialAction\":[{\"@type\":\"ReadAction\",\"target\":[\"https:\/\/www.bagnoitalia.com\/es\/producto\/infrared-sauna-90x100-or-120x100-cm-1-2-places-full-spectrum-colour-therapy-and-bluetooth-connection-sn058-2.html\"]}]},{\"@type\":\"ImageObject\",\"inLanguage\":\"es\",\"@id\":\"https:\/\/www.bagnoitalia.com\/es\/producto\/infrared-sauna-90x100-or-120x100-cm-1-2-places-full-spectrum-colour-therapy-and-bluetooth-connection-sn058-2.html#primaryimage\",\"url\":\"https:\/\/img.bagnoitalia.com\/wp-content\/uploads\/virtuemart\/product\/infrared-sauna-120x100-or-90x100-1.jpg\",\"contentUrl\":\"https:\/\/img.bagnoitalia.com\/wp-content\/uploads\/virtuemart\/product\/infrared-sauna-120x100-or-90x100-1.jpg\",\"width\":550,\"height\":550},{\"@type\":\"BreadcrumbList\",\"@id\":\"https:\/\/www.bagnoitalia.com\/es\/producto\/infrared-sauna-90x100-or-120x100-cm-1-2-places-full-spectrum-colour-therapy-and-bluetooth-connection-sn058-2.html#breadcrumb\",\"itemListElement\":[{\"@type\":\"ListItem\",\"position\":1,\"name\":\"Home\",\"item\":\"https:\/\/www.bagnoitalia.com\/es\"},{\"@type\":\"ListItem\",\"position\":2,\"name\":\"Productos\",\"item\":\"https:\/\/www.bagnoitalia.com\/es\/shop\"},{\"@type\":\"ListItem\",\"position\":3,\"name\":\"Sauna de infrarrojos 90&#215;100 o 120&#215;100 cm 1-2 plazas terapia de color de espectro completo y conexi\u00f3n bluetooth SN058\"}]},{\"@type\":\"WebSite\",\"@id\":\"https:\/\/www.bagnoitalia.com\/es#website\",\"url\":\"https:\/\/www.bagnoitalia.com\/es\",\"name\":\"Bagno Italia\",\"description\":\"\",\"publisher\":{\"@id\":\"https:\/\/www.bagnoitalia.com\/es#organization\"},\"potentialAction\":[{\"@type\":\"SearchAction\",\"target\":{\"@type\":\"EntryPoint\",\"urlTemplate\":\"https:\/\/www.bagnoitalia.com\/es?s={search_term_string}\"},\"query-input\":{\"@type\":\"PropertyValueSpecification\",\"valueRequired\":true,\"valueName\":\"search_term_string\"}}],\"inLanguage\":\"es\"},{\"@type\":\"Organization\",\"@id\":\"https:\/\/www.bagnoitalia.com\/es#organization\",\"name\":\"Bagno Italia\",\"url\":\"https:\/\/www.bagnoitalia.com\/es\",\"logo\":{\"@type\":\"ImageObject\",\"inLanguage\":\"es\",\"@id\":\"https:\/\/www.bagnoitalia.com\/es#\/schema\/logo\/image\/\",\"url\":\"https:\/\/img.bagnoitalia.com\/wp-content\/uploads\/logo-bagnoitalia.webp\",\"contentUrl\":\"https:\/\/img.bagnoitalia.com\/wp-content\/uploads\/logo-bagnoitalia.webp\",\"width\":400,\"height\":70,\"caption\":\"Bagno Italia\"},\"image\":{\"@id\":\"https:\/\/www.bagnoitalia.com\/es#\/schema\/logo\/image\/\"}}]}<\/script>\n<!-- \/ Yoast SEO plugin. -->","yoast_head_json":{"title":"Sauna de infrarrojos 90x100 o 120x100 cm 1-2 plazas terapia de color de espectro completo y conexi\u00f3n bluetooth SN058","description":"Cabina con paneles de infrarrojos de espectro completo, disponible en dos tama\u00f1os. Funciones principales: luz LED que cambia de color, reproductor MP3 con conexi\u00f3n Bluetooth y altavoces.","robots":{"index":"index","follow":"follow","max-snippet":"max-snippet:-1","max-image-preview":"max-image-preview:large","max-video-preview":"max-video-preview:-1"},"canonical":"https:\/\/www.bagnoitalia.com\/es\/producto\/infrared-sauna-90x100-or-120x100-cm-1-2-places-full-spectrum-colour-therapy-and-bluetooth-connection-sn058-2.html","og_locale":"es_ES","og_type":"article","og_title":"Sauna de infrarrojos 90x100 o 120x100 cm 1-2 plazas terapia de color de espectro completo y conexi\u00f3n bluetooth SN058","og_description":"Cabina con paneles de infrarrojos de espectro completo, disponible en dos tama\u00f1os. Funciones principales: luz LED que cambia de color, reproductor MP3 con conexi\u00f3n Bluetooth y altavoces.","og_url":"https:\/\/www.bagnoitalia.com\/es\/producto\/infrared-sauna-90x100-or-120x100-cm-1-2-places-full-spectrum-colour-therapy-and-bluetooth-connection-sn058-2.html","og_site_name":"Bagno Italia","article_modified_time":"2026-04-16T08:09:27+00:00","og_image":[{"width":550,"height":550,"url":"https:\/\/img.bagnoitalia.com\/wp-content\/uploads\/virtuemart\/product\/infrared-sauna-120x100-or-90x100-1.jpg","type":"image\/jpeg"}],"twitter_card":"summary_large_image","twitter_misc":{"Tiempo de lectura":"1 minuto"},"schema":{"@context":"https:\/\/schema.org","@graph":[{"@type":"WebPage","@id":"https:\/\/www.bagnoitalia.com\/es\/producto\/infrared-sauna-90x100-or-120x100-cm-1-2-places-full-spectrum-colour-therapy-and-bluetooth-connection-sn058-2.html","url":"https:\/\/www.bagnoitalia.com\/es\/producto\/infrared-sauna-90x100-or-120x100-cm-1-2-places-full-spectrum-colour-therapy-and-bluetooth-connection-sn058-2.html","name":"Sauna de infrarrojos 90x100 o 120x100 cm 1-2 plazas terapia de color de espectro completo y conexi\u00f3n bluetooth SN058","isPartOf":{"@id":"https:\/\/www.bagnoitalia.com\/es#website"},"primaryImageOfPage":{"@id":"https:\/\/www.bagnoitalia.com\/es\/producto\/infrared-sauna-90x100-or-120x100-cm-1-2-places-full-spectrum-colour-therapy-and-bluetooth-connection-sn058-2.html#primaryimage"},"image":{"@id":"https:\/\/www.bagnoitalia.com\/es\/producto\/infrared-sauna-90x100-or-120x100-cm-1-2-places-full-spectrum-colour-therapy-and-bluetooth-connection-sn058-2.html#primaryimage"},"thumbnailUrl":"https:\/\/img.bagnoitalia.com\/wp-content\/uploads\/virtuemart\/product\/infrared-sauna-120x100-or-90x100-1.jpg","datePublished":"2023-03-02T15:02:22+00:00","dateModified":"2026-04-16T08:09:27+00:00","description":"Cabina con paneles de infrarrojos de espectro completo, disponible en dos tama\u00f1os. Funciones principales: luz LED que cambia de color, reproductor MP3 con conexi\u00f3n Bluetooth y altavoces.","breadcrumb":{"@id":"https:\/\/www.bagnoitalia.com\/es\/producto\/infrared-sauna-90x100-or-120x100-cm-1-2-places-full-spectrum-colour-therapy-and-bluetooth-connection-sn058-2.html#breadcrumb"},"inLanguage":"es","potentialAction":[{"@type":"ReadAction","target":["https:\/\/www.bagnoitalia.com\/es\/producto\/infrared-sauna-90x100-or-120x100-cm-1-2-places-full-spectrum-colour-therapy-and-bluetooth-connection-sn058-2.html"]}]},{"@type":"ImageObject","inLanguage":"es","@id":"https:\/\/www.bagnoitalia.com\/es\/producto\/infrared-sauna-90x100-or-120x100-cm-1-2-places-full-spectrum-colour-therapy-and-bluetooth-connection-sn058-2.html#primaryimage","url":"https:\/\/img.bagnoitalia.com\/wp-content\/uploads\/virtuemart\/product\/infrared-sauna-120x100-or-90x100-1.jpg","contentUrl":"https:\/\/img.bagnoitalia.com\/wp-content\/uploads\/virtuemart\/product\/infrared-sauna-120x100-or-90x100-1.jpg","width":550,"height":550},{"@type":"BreadcrumbList","@id":"https:\/\/www.bagnoitalia.com\/es\/producto\/infrared-sauna-90x100-or-120x100-cm-1-2-places-full-spectrum-colour-therapy-and-bluetooth-connection-sn058-2.html#breadcrumb","itemListElement":[{"@type":"ListItem","position":1,"name":"Home","item":"https:\/\/www.bagnoitalia.com\/es"},{"@type":"ListItem","position":2,"name":"Productos","item":"https:\/\/www.bagnoitalia.com\/es\/shop"},{"@type":"ListItem","position":3,"name":"Sauna de infrarrojos 90&#215;100 o 120&#215;100 cm 1-2 plazas terapia de color de espectro completo y conexi\u00f3n bluetooth SN058"}]},{"@type":"WebSite","@id":"https:\/\/www.bagnoitalia.com\/es#website","url":"https:\/\/www.bagnoitalia.com\/es","name":"Bagno Italia","description":"","publisher":{"@id":"https:\/\/www.bagnoitalia.com\/es#organization"},"potentialAction":[{"@type":"SearchAction","target":{"@type":"EntryPoint","urlTemplate":"https:\/\/www.bagnoitalia.com\/es?s={search_term_string}"},"query-input":{"@type":"PropertyValueSpecification","valueRequired":true,"valueName":"search_term_string"}}],"inLanguage":"es"},{"@type":"Organization","@id":"https:\/\/www.bagnoitalia.com\/es#organization","name":"Bagno Italia","url":"https:\/\/www.bagnoitalia.com\/es","logo":{"@type":"ImageObject","inLanguage":"es","@id":"https:\/\/www.bagnoitalia.com\/es#\/schema\/logo\/image\/","url":"https:\/\/img.bagnoitalia.com\/wp-content\/uploads\/logo-bagnoitalia.webp","contentUrl":"https:\/\/img.bagnoitalia.com\/wp-content\/uploads\/logo-bagnoitalia.webp","width":400,"height":70,"caption":"Bagno Italia"},"image":{"@id":"https:\/\/www.bagnoitalia.com\/es#\/schema\/logo\/image\/"}}]}},"_links":{"self":[{"href":"https:\/\/www.bagnoitalia.com\/es\/wp-json\/wp\/v2\/product\/82855","targetHints":{"allow":["GET"]}}],"collection":[{"href":"https:\/\/www.bagnoitalia.com\/es\/wp-json\/wp\/v2\/product"}],"about":[{"href":"https:\/\/www.bagnoitalia.com\/es\/wp-json\/wp\/v2\/types\/product"}],"replies":[{"embeddable":true,"href":"https:\/\/www.bagnoitalia.com\/es\/wp-json\/wp\/v2\/comments?post=82855"}],"version-history":[{"count":1,"href":"https:\/\/www.bagnoitalia.com\/es\/wp-json\/wp\/v2\/product\/82855\/revisions"}],"predecessor-version":[{"id":87774,"href":"https:\/\/www.bagnoitalia.com\/es\/wp-json\/wp\/v2\/product\/82855\/revisions\/87774"}],"wp:featuredmedia":[{"embeddable":true,"href":"https:\/\/www.bagnoitalia.com\/es\/wp-json\/wp\/v2\/media\/60151"}],"wp:attachment":[{"href":"https:\/\/www.bagnoitalia.com\/es\/wp-json\/wp\/v2\/media?parent=82855"}],"wp:term":[{"taxonomy":"product_brand","embeddable":true,"href":"https:\/\/www.bagnoitalia.com\/es\/wp-json\/wp\/v2\/product_brand?post=82855"},{"taxonomy":"product_cat","embeddable":true,"href":"https:\/\/www.bagnoitalia.com\/es\/wp-json\/wp\/v2\/product_cat?post=82855"},{"taxonomy":"product_tag","embeddable":true,"href":"https:\/\/www.bagnoitalia.com\/es\/wp-json\/wp\/v2\/product_tag?post=82855"}],"curies":[{"name":"wp","href":"https:\/\/api.w.org\/{rel}","templated":true}]}}