{"id":82827,"date":"2023-02-16T16:27:12","date_gmt":"2023-02-16T15:27:12","guid":{"rendered":"https:\/\/www.bagnoitalia.com\/product\/classic-design-lever-mixer-for-washbasin-or-bidet-or-bathtub-with-antiscale-hand-shower-brand-gaboli-rb77-2"},"modified":"2024-05-30T16:41:10","modified_gmt":"2024-05-30T14:41:10","slug":"classic-design-lever-mixer-for-washbasin-or-bidet-or-bathtub-with-antiscale-hand-shower-brand-gaboli-rb77-2","status":"publish","type":"product","link":"https:\/\/www.bagnoitalia.com\/es\/producto\/classic-design-lever-mixer-for-washbasin-or-bidet-or-bathtub-with-antiscale-hand-shower-brand-gaboli-rb77-2.html","title":{"rendered":"Mezclador de palanca de dise\u00f1o cl\u00e1sico para lavabo o bid\u00e9 o ba\u00f1era con teleducha anticalc\u00e1rea Marca Gaboli RB77"},"content":{"rendered":"<p style=\"text-align: center;\"><span style=\"text-decoration: underline; color: #ff0000; font-size: 14pt;\"><strong>MEZCLADOR DE PALANCA DE ESTILO RETRO RB77<\/strong><\/span><\/p>\n<p>&nbsp;<\/p>\n<p>Grifer\u00eda de estilo retro de la conocida marca italiana Gaboli. Fabricada en bronce cromado y equipada con una pr\u00e1ctica palanca blanca que se adapta muy bien a los ambientes de estilo \u00abcl\u00e1sico\u00bb; de hecho, esta l\u00ednea est\u00e1 especialmente dedicada a quienes tienen un cuarto de ba\u00f1o con mobiliario arte povera.<\/p>\n<p>&nbsp;<\/p>\n<p>En el men\u00fa puede elegir entre<\/p>\n<p>&#8211; Mezclador monomando de lavabo con tubos flexibles<\/p>\n<p>&#8211; Mezclador de bid\u00e9 de un orificio con ca\u00f1o giratorio y tubos flexibles<\/p>\n<p>&#8211; Mezclador de ba\u00f1era de dos orificios con teleducha antical con soporte y desviador (tubos flexibles no incluidos)<\/p>\n<p>&nbsp;<\/p>\n<p>Cartucho d.35<\/p>\n<p>&nbsp;<\/p>\n<p>ATENCI\u00d3N: La grifer\u00eda de ducha de la misma l\u00ednea tambi\u00e9n est\u00e1 disponible. <a href=\"rubinetteria-da-incasso-o-esterna-con-doppio-foro-per-doccia-con-leva-design-classico-rb82.html\">HAGA CLIC AQU\u00cd PARA VERLA<\/a><\/p>\n<p>&nbsp;<\/p>\n<p>Fabricado en Italia<\/p>\n<p>&nbsp;<\/p>\n<p>&nbsp;<\/p>\n<p>&nbsp;<\/p>\n<p>&nbsp;<\/p>\n<p>&nbsp;<\/p>\n<p>&nbsp;<\/p>\n<p>88SI4<\/p>\n<p>33KU5<\/p>\n<p>53DF1<\/p>\n<p>&nbsp;<\/p>\n<p>&nbsp;<\/p>\n","protected":false},"excerpt":{"rendered":"<p>Grifer\u00eda de estilo retro. Modelos para lavabos, o bid\u00e9 o ba\u00f1era con desviador para teleducha antical (incluido en el precio y provisto de soporte).<\/p>\n","protected":false},"featured_media":59969,"comment_status":"open","ping_status":"closed","template":"","meta":[],"product_brand":[9902,9956],"product_cat":[10038,10041,10053],"product_tag":[],"class_list":{"0":"post-82827","1":"product","2":"type-product","3":"status-publish","4":"has-post-thumbnail","6":"product_brand-baritermo-es","7":"product_brand-thermo-professional-es","8":"product_cat-griferia-de-banera","9":"product_cat-griferia-para-bide","10":"product_cat-griferias-de-lavabo","12":"first","13":"instock","14":"sale","15":"taxable","16":"shipping-taxable","17":"purchasable","18":"product-type-simple"},"exclude_global_add_ons":false,"addons":[{"name":"Grifer\u00eda","type":"multiple_choice","position":0,"required":true,"title_format":"heading","default":"","description_enable":false,"description":"","placeholder_enable":false,"placeholder":"","display":"select","restrictions_type":"any_text","adjust_price":false,"price":"","price_type":"flat_fee","restrictions":false,"min":"0","max":"0","options":[{"label":"para lavabo","price":"","price_type":"quantity_based","image":0,"visibility":true},{"label":"para bid\u00e9","price":"","price_type":"quantity_based","image":0,"visibility":true},{"label":"para lavabo + bid\u00e9","price":"135","price_type":"quantity_based","image":0,"visibility":true},{"label":"para ba\u00f1era","price":"74","price_type":"quantity_based","image":0,"visibility":true}],"id":1717087271}],"yoast_head":"<!-- This site is optimized with the Yoast SEO plugin v26.7 - https:\/\/yoast.com\/wordpress\/plugins\/seo\/ -->\n<title>Mezclador de palanca de dise\u00f1o cl\u00e1sico para lavabo o bid\u00e9 o ba\u00f1era con teleducha anticalc\u00e1rea Marca Gaboli RB77<\/title>\n<meta name=\"description\" content=\"Grifer\u00eda de estilo retro. Modelos para lavabos, o bid\u00e9 o ba\u00f1era con desviador para teleducha antical (incluido en el precio y provisto de soporte).\" \/>\n<meta name=\"robots\" content=\"index, follow, max-snippet:-1, max-image-preview:large, max-video-preview:-1\" \/>\n<link rel=\"canonical\" href=\"https:\/\/www.bagnoitalia.com\/es\/producto\/classic-design-lever-mixer-for-washbasin-or-bidet-or-bathtub-with-antiscale-hand-shower-brand-gaboli-rb77-2.html\" \/>\n<meta property=\"og:locale\" content=\"es_ES\" \/>\n<meta property=\"og:type\" content=\"article\" \/>\n<meta property=\"og:title\" content=\"Mezclador de palanca de dise\u00f1o cl\u00e1sico para lavabo o bid\u00e9 o ba\u00f1era con teleducha anticalc\u00e1rea Marca Gaboli RB77\" \/>\n<meta property=\"og:description\" content=\"Grifer\u00eda de estilo retro. Modelos para lavabos, o bid\u00e9 o ba\u00f1era con desviador para teleducha antical (incluido en el precio y provisto de soporte).\" \/>\n<meta property=\"og:url\" content=\"https:\/\/www.bagnoitalia.com\/es\/producto\/classic-design-lever-mixer-for-washbasin-or-bidet-or-bathtub-with-antiscale-hand-shower-brand-gaboli-rb77-2.html\" \/>\n<meta property=\"og:site_name\" content=\"Bagno Italia\" \/>\n<meta property=\"article:modified_time\" content=\"2024-05-30T14:41:10+00:00\" \/>\n<meta property=\"og:image\" content=\"https:\/\/img.bagnoitalia.com\/wp-content\/uploads\/virtuemart\/product\/mixer-gaboli-for-bidet-washbasin-tub-1.jpg\" \/>\n\t<meta property=\"og:image:width\" content=\"550\" \/>\n\t<meta property=\"og:image:height\" content=\"550\" \/>\n\t<meta property=\"og:image:type\" content=\"image\/jpeg\" \/>\n<meta name=\"twitter:card\" content=\"summary_large_image\" \/>\n<meta name=\"twitter:label1\" content=\"Tiempo de lectura\" \/>\n\t<meta name=\"twitter:data1\" content=\"1 minuto\" \/>\n<script type=\"application\/ld+json\" class=\"yoast-schema-graph\">{\"@context\":\"https:\/\/schema.org\",\"@graph\":[{\"@type\":\"WebPage\",\"@id\":\"https:\/\/www.bagnoitalia.com\/es\/producto\/classic-design-lever-mixer-for-washbasin-or-bidet-or-bathtub-with-antiscale-hand-shower-brand-gaboli-rb77-2.html\",\"url\":\"https:\/\/www.bagnoitalia.com\/es\/producto\/classic-design-lever-mixer-for-washbasin-or-bidet-or-bathtub-with-antiscale-hand-shower-brand-gaboli-rb77-2.html\",\"name\":\"Mezclador de palanca de dise\u00f1o cl\u00e1sico para lavabo o bid\u00e9 o ba\u00f1era con teleducha anticalc\u00e1rea Marca Gaboli RB77\",\"isPartOf\":{\"@id\":\"https:\/\/www.bagnoitalia.com\/es#website\"},\"primaryImageOfPage\":{\"@id\":\"https:\/\/www.bagnoitalia.com\/es\/producto\/classic-design-lever-mixer-for-washbasin-or-bidet-or-bathtub-with-antiscale-hand-shower-brand-gaboli-rb77-2.html#primaryimage\"},\"image\":{\"@id\":\"https:\/\/www.bagnoitalia.com\/es\/producto\/classic-design-lever-mixer-for-washbasin-or-bidet-or-bathtub-with-antiscale-hand-shower-brand-gaboli-rb77-2.html#primaryimage\"},\"thumbnailUrl\":\"https:\/\/img.bagnoitalia.com\/wp-content\/uploads\/virtuemart\/product\/mixer-gaboli-for-bidet-washbasin-tub-1.jpg\",\"datePublished\":\"2023-02-16T15:27:12+00:00\",\"dateModified\":\"2024-05-30T14:41:10+00:00\",\"description\":\"Grifer\u00eda de estilo retro. Modelos para lavabos, o bid\u00e9 o ba\u00f1era con desviador para teleducha antical (incluido en el precio y provisto de soporte).\",\"breadcrumb\":{\"@id\":\"https:\/\/www.bagnoitalia.com\/es\/producto\/classic-design-lever-mixer-for-washbasin-or-bidet-or-bathtub-with-antiscale-hand-shower-brand-gaboli-rb77-2.html#breadcrumb\"},\"inLanguage\":\"es\",\"potentialAction\":[{\"@type\":\"ReadAction\",\"target\":[\"https:\/\/www.bagnoitalia.com\/es\/producto\/classic-design-lever-mixer-for-washbasin-or-bidet-or-bathtub-with-antiscale-hand-shower-brand-gaboli-rb77-2.html\"]}]},{\"@type\":\"ImageObject\",\"inLanguage\":\"es\",\"@id\":\"https:\/\/www.bagnoitalia.com\/es\/producto\/classic-design-lever-mixer-for-washbasin-or-bidet-or-bathtub-with-antiscale-hand-shower-brand-gaboli-rb77-2.html#primaryimage\",\"url\":\"https:\/\/img.bagnoitalia.com\/wp-content\/uploads\/virtuemart\/product\/mixer-gaboli-for-bidet-washbasin-tub-1.jpg\",\"contentUrl\":\"https:\/\/img.bagnoitalia.com\/wp-content\/uploads\/virtuemart\/product\/mixer-gaboli-for-bidet-washbasin-tub-1.jpg\",\"width\":550,\"height\":550},{\"@type\":\"BreadcrumbList\",\"@id\":\"https:\/\/www.bagnoitalia.com\/es\/producto\/classic-design-lever-mixer-for-washbasin-or-bidet-or-bathtub-with-antiscale-hand-shower-brand-gaboli-rb77-2.html#breadcrumb\",\"itemListElement\":[{\"@type\":\"ListItem\",\"position\":1,\"name\":\"Home\",\"item\":\"https:\/\/www.bagnoitalia.com\/es\"},{\"@type\":\"ListItem\",\"position\":2,\"name\":\"Productos\",\"item\":\"https:\/\/www.bagnoitalia.com\/es\/shop\"},{\"@type\":\"ListItem\",\"position\":3,\"name\":\"Mezclador de palanca de dise\u00f1o cl\u00e1sico para lavabo o bid\u00e9 o ba\u00f1era con teleducha anticalc\u00e1rea Marca Gaboli RB77\"}]},{\"@type\":\"WebSite\",\"@id\":\"https:\/\/www.bagnoitalia.com\/es#website\",\"url\":\"https:\/\/www.bagnoitalia.com\/es\",\"name\":\"Bagno Italia\",\"description\":\"\",\"publisher\":{\"@id\":\"https:\/\/www.bagnoitalia.com\/es#organization\"},\"potentialAction\":[{\"@type\":\"SearchAction\",\"target\":{\"@type\":\"EntryPoint\",\"urlTemplate\":\"https:\/\/www.bagnoitalia.com\/es?s={search_term_string}\"},\"query-input\":{\"@type\":\"PropertyValueSpecification\",\"valueRequired\":true,\"valueName\":\"search_term_string\"}}],\"inLanguage\":\"es\"},{\"@type\":\"Organization\",\"@id\":\"https:\/\/www.bagnoitalia.com\/es#organization\",\"name\":\"Bagno Italia\",\"url\":\"https:\/\/www.bagnoitalia.com\/es\",\"logo\":{\"@type\":\"ImageObject\",\"inLanguage\":\"es\",\"@id\":\"https:\/\/www.bagnoitalia.com\/es#\/schema\/logo\/image\/\",\"url\":\"https:\/\/img.bagnoitalia.com\/wp-content\/uploads\/logo-bagnoitalia.webp\",\"contentUrl\":\"https:\/\/img.bagnoitalia.com\/wp-content\/uploads\/logo-bagnoitalia.webp\",\"width\":400,\"height\":70,\"caption\":\"Bagno Italia\"},\"image\":{\"@id\":\"https:\/\/www.bagnoitalia.com\/es#\/schema\/logo\/image\/\"}}]}<\/script>\n<!-- \/ Yoast SEO plugin. -->","yoast_head_json":{"title":"Mezclador de palanca de dise\u00f1o cl\u00e1sico para lavabo o bid\u00e9 o ba\u00f1era con teleducha anticalc\u00e1rea Marca Gaboli RB77","description":"Grifer\u00eda de estilo retro. Modelos para lavabos, o bid\u00e9 o ba\u00f1era con desviador para teleducha antical (incluido en el precio y provisto de soporte).","robots":{"index":"index","follow":"follow","max-snippet":"max-snippet:-1","max-image-preview":"max-image-preview:large","max-video-preview":"max-video-preview:-1"},"canonical":"https:\/\/www.bagnoitalia.com\/es\/producto\/classic-design-lever-mixer-for-washbasin-or-bidet-or-bathtub-with-antiscale-hand-shower-brand-gaboli-rb77-2.html","og_locale":"es_ES","og_type":"article","og_title":"Mezclador de palanca de dise\u00f1o cl\u00e1sico para lavabo o bid\u00e9 o ba\u00f1era con teleducha anticalc\u00e1rea Marca Gaboli RB77","og_description":"Grifer\u00eda de estilo retro. Modelos para lavabos, o bid\u00e9 o ba\u00f1era con desviador para teleducha antical (incluido en el precio y provisto de soporte).","og_url":"https:\/\/www.bagnoitalia.com\/es\/producto\/classic-design-lever-mixer-for-washbasin-or-bidet-or-bathtub-with-antiscale-hand-shower-brand-gaboli-rb77-2.html","og_site_name":"Bagno Italia","article_modified_time":"2024-05-30T14:41:10+00:00","og_image":[{"width":550,"height":550,"url":"https:\/\/img.bagnoitalia.com\/wp-content\/uploads\/virtuemart\/product\/mixer-gaboli-for-bidet-washbasin-tub-1.jpg","type":"image\/jpeg"}],"twitter_card":"summary_large_image","twitter_misc":{"Tiempo de lectura":"1 minuto"},"schema":{"@context":"https:\/\/schema.org","@graph":[{"@type":"WebPage","@id":"https:\/\/www.bagnoitalia.com\/es\/producto\/classic-design-lever-mixer-for-washbasin-or-bidet-or-bathtub-with-antiscale-hand-shower-brand-gaboli-rb77-2.html","url":"https:\/\/www.bagnoitalia.com\/es\/producto\/classic-design-lever-mixer-for-washbasin-or-bidet-or-bathtub-with-antiscale-hand-shower-brand-gaboli-rb77-2.html","name":"Mezclador de palanca de dise\u00f1o cl\u00e1sico para lavabo o bid\u00e9 o ba\u00f1era con teleducha anticalc\u00e1rea Marca Gaboli RB77","isPartOf":{"@id":"https:\/\/www.bagnoitalia.com\/es#website"},"primaryImageOfPage":{"@id":"https:\/\/www.bagnoitalia.com\/es\/producto\/classic-design-lever-mixer-for-washbasin-or-bidet-or-bathtub-with-antiscale-hand-shower-brand-gaboli-rb77-2.html#primaryimage"},"image":{"@id":"https:\/\/www.bagnoitalia.com\/es\/producto\/classic-design-lever-mixer-for-washbasin-or-bidet-or-bathtub-with-antiscale-hand-shower-brand-gaboli-rb77-2.html#primaryimage"},"thumbnailUrl":"https:\/\/img.bagnoitalia.com\/wp-content\/uploads\/virtuemart\/product\/mixer-gaboli-for-bidet-washbasin-tub-1.jpg","datePublished":"2023-02-16T15:27:12+00:00","dateModified":"2024-05-30T14:41:10+00:00","description":"Grifer\u00eda de estilo retro. Modelos para lavabos, o bid\u00e9 o ba\u00f1era con desviador para teleducha antical (incluido en el precio y provisto de soporte).","breadcrumb":{"@id":"https:\/\/www.bagnoitalia.com\/es\/producto\/classic-design-lever-mixer-for-washbasin-or-bidet-or-bathtub-with-antiscale-hand-shower-brand-gaboli-rb77-2.html#breadcrumb"},"inLanguage":"es","potentialAction":[{"@type":"ReadAction","target":["https:\/\/www.bagnoitalia.com\/es\/producto\/classic-design-lever-mixer-for-washbasin-or-bidet-or-bathtub-with-antiscale-hand-shower-brand-gaboli-rb77-2.html"]}]},{"@type":"ImageObject","inLanguage":"es","@id":"https:\/\/www.bagnoitalia.com\/es\/producto\/classic-design-lever-mixer-for-washbasin-or-bidet-or-bathtub-with-antiscale-hand-shower-brand-gaboli-rb77-2.html#primaryimage","url":"https:\/\/img.bagnoitalia.com\/wp-content\/uploads\/virtuemart\/product\/mixer-gaboli-for-bidet-washbasin-tub-1.jpg","contentUrl":"https:\/\/img.bagnoitalia.com\/wp-content\/uploads\/virtuemart\/product\/mixer-gaboli-for-bidet-washbasin-tub-1.jpg","width":550,"height":550},{"@type":"BreadcrumbList","@id":"https:\/\/www.bagnoitalia.com\/es\/producto\/classic-design-lever-mixer-for-washbasin-or-bidet-or-bathtub-with-antiscale-hand-shower-brand-gaboli-rb77-2.html#breadcrumb","itemListElement":[{"@type":"ListItem","position":1,"name":"Home","item":"https:\/\/www.bagnoitalia.com\/es"},{"@type":"ListItem","position":2,"name":"Productos","item":"https:\/\/www.bagnoitalia.com\/es\/shop"},{"@type":"ListItem","position":3,"name":"Mezclador de palanca de dise\u00f1o cl\u00e1sico para lavabo o bid\u00e9 o ba\u00f1era con teleducha anticalc\u00e1rea Marca Gaboli RB77"}]},{"@type":"WebSite","@id":"https:\/\/www.bagnoitalia.com\/es#website","url":"https:\/\/www.bagnoitalia.com\/es","name":"Bagno Italia","description":"","publisher":{"@id":"https:\/\/www.bagnoitalia.com\/es#organization"},"potentialAction":[{"@type":"SearchAction","target":{"@type":"EntryPoint","urlTemplate":"https:\/\/www.bagnoitalia.com\/es?s={search_term_string}"},"query-input":{"@type":"PropertyValueSpecification","valueRequired":true,"valueName":"search_term_string"}}],"inLanguage":"es"},{"@type":"Organization","@id":"https:\/\/www.bagnoitalia.com\/es#organization","name":"Bagno Italia","url":"https:\/\/www.bagnoitalia.com\/es","logo":{"@type":"ImageObject","inLanguage":"es","@id":"https:\/\/www.bagnoitalia.com\/es#\/schema\/logo\/image\/","url":"https:\/\/img.bagnoitalia.com\/wp-content\/uploads\/logo-bagnoitalia.webp","contentUrl":"https:\/\/img.bagnoitalia.com\/wp-content\/uploads\/logo-bagnoitalia.webp","width":400,"height":70,"caption":"Bagno Italia"},"image":{"@id":"https:\/\/www.bagnoitalia.com\/es#\/schema\/logo\/image\/"}}]}},"_links":{"self":[{"href":"https:\/\/www.bagnoitalia.com\/es\/wp-json\/wp\/v2\/product\/82827","targetHints":{"allow":["GET"]}}],"collection":[{"href":"https:\/\/www.bagnoitalia.com\/es\/wp-json\/wp\/v2\/product"}],"about":[{"href":"https:\/\/www.bagnoitalia.com\/es\/wp-json\/wp\/v2\/types\/product"}],"replies":[{"embeddable":true,"href":"https:\/\/www.bagnoitalia.com\/es\/wp-json\/wp\/v2\/comments?post=82827"}],"version-history":[{"count":1,"href":"https:\/\/www.bagnoitalia.com\/es\/wp-json\/wp\/v2\/product\/82827\/revisions"}],"predecessor-version":[{"id":89047,"href":"https:\/\/www.bagnoitalia.com\/es\/wp-json\/wp\/v2\/product\/82827\/revisions\/89047"}],"wp:featuredmedia":[{"embeddable":true,"href":"https:\/\/www.bagnoitalia.com\/es\/wp-json\/wp\/v2\/media\/59969"}],"wp:attachment":[{"href":"https:\/\/www.bagnoitalia.com\/es\/wp-json\/wp\/v2\/media?parent=82827"}],"wp:term":[{"taxonomy":"product_brand","embeddable":true,"href":"https:\/\/www.bagnoitalia.com\/es\/wp-json\/wp\/v2\/product_brand?post=82827"},{"taxonomy":"product_cat","embeddable":true,"href":"https:\/\/www.bagnoitalia.com\/es\/wp-json\/wp\/v2\/product_cat?post=82827"},{"taxonomy":"product_tag","embeddable":true,"href":"https:\/\/www.bagnoitalia.com\/es\/wp-json\/wp\/v2\/product_tag?post=82827"}],"curies":[{"name":"wp","href":"https:\/\/api.w.org\/{rel}","templated":true}]}}