{"id":82823,"date":"2023-02-16T16:04:36","date_gmt":"2023-02-16T15:04:36","guid":{"rendered":"https:\/\/www.bagnoitalia.com\/product\/classic-style-mixer-with-handles-for-washbasin-or-bidet-or-bathtub-with-hand-shower-made-in-italy-rb76-2"},"modified":"2024-05-24T15:57:10","modified_gmt":"2024-05-24T13:57:10","slug":"classic-style-mixer-with-handles-for-washbasin-or-bidet-or-bathtub-with-hand-shower-made-in-italy-rb76-2","status":"publish","type":"product","link":"https:\/\/www.bagnoitalia.com\/es\/producto\/classic-style-mixer-with-handles-for-washbasin-or-bidet-or-bathtub-with-hand-shower-made-in-italy-rb76-2.html","title":{"rendered":"Mezclador de estilo cl\u00e1sico con asas para lavabo o bid\u00e9 o ba\u00f1era con ducha de mano Fabricado en Italia RB76"},"content":{"rendered":"<p style=\"text-align: center;\"><span style=\"text-decoration: underline; color: #ff0000; font-size: 14pt;\"><strong>LAVABO BID\u00c9 O BA\u00d1ERA MEZCLADOR CON TELEDUCHA RB76<\/strong><\/span><\/p>\n<p>&nbsp;<\/p>\n<p>Grifer\u00eda monomando de estilo retro. Equipada con pr\u00e1cticos pomos que se adaptan bien a los ambientes de estilo \u00abcl\u00e1sico\u00bb; de hecho, esta l\u00ednea es especialmente adecuada para quienes tienen un cuarto de ba\u00f1o con decoraci\u00f3n arte povera.<\/p>\n<p>&nbsp;<\/p>\n<p>En el men\u00fa puede elegir comprar<\/p>\n<p>&#8211; Grifo de lavabo con mandos para agua caliente y fr\u00eda (con mangueras incluidas)<\/p>\n<p>&#8211; Grifo de bid\u00e9 con ca\u00f1o direccional y mandos para agua caliente y fr\u00eda (con mangueras incluidas)<\/p>\n<p>&#8211; Grifo de ba\u00f1era con pomos, teleducha y desviador (flexo y teleducha NO incluidos)<\/p>\n<p>&nbsp;<\/p>\n<p>Fabricado en Italia<\/p>\n<p>&nbsp;<\/p>\n<p>&nbsp;<\/p>\n<p>&nbsp;<\/p>\n<p>&nbsp;<\/p>\n<p>2055<\/p>\n<p>2056<\/p>\n<p>2057<\/p>\n<p>&nbsp;<\/p>\n<p>&nbsp;<\/p>\n","protected":false},"excerpt":{"rendered":"<p>Grifer\u00eda de doble pomo de estilo retro. Modelos para lavabo, bid\u00e9 o ba\u00f1era con ducha. Mangueras incluidas<\/p>\n","protected":false},"featured_media":59937,"comment_status":"open","ping_status":"closed","template":"","meta":[],"product_brand":[9902,9956],"product_cat":[10038,10041,10053],"product_tag":[],"class_list":{"0":"post-82823","1":"product","2":"type-product","3":"status-publish","4":"has-post-thumbnail","6":"product_brand-baritermo-es","7":"product_brand-thermo-professional-es","8":"product_cat-griferia-de-banera","9":"product_cat-griferia-para-bide","10":"product_cat-griferias-de-lavabo","12":"first","13":"instock","14":"sale","15":"taxable","16":"shipping-taxable","17":"purchasable","18":"product-type-simple"},"exclude_global_add_ons":false,"addons":[{"name":"Grifer\u00eda","type":"multiple_choice","position":0,"required":true,"title_format":"heading","default":"","description_enable":false,"description":"","placeholder_enable":false,"placeholder":"","display":"select","restrictions_type":"any_text","adjust_price":false,"price":"","price_type":"flat_fee","restrictions":false,"min":"0","max":"0","options":[{"label":"para lavabo","price":"","price_type":"quantity_based","image":0,"visibility":true},{"label":"para bid\u00e9","price":"","price_type":"quantity_based","image":0,"visibility":true},{"label":"para ba\u00f1era","price":"40","price_type":"quantity_based","image":0,"visibility":true}],"id":1716566231}],"yoast_head":"<!-- This site is optimized with the Yoast SEO plugin v26.7 - https:\/\/yoast.com\/wordpress\/plugins\/seo\/ -->\n<title>Mezclador de estilo cl\u00e1sico con asas para lavabo o bid\u00e9 o ba\u00f1era con ducha de mano Fabricado en Italia RB76<\/title>\n<meta name=\"description\" content=\"Grifer\u00eda de doble pomo de estilo retro. Modelos para lavabo, bid\u00e9 o ba\u00f1era con ducha. Mangueras incluidas\" \/>\n<meta name=\"robots\" content=\"index, follow, max-snippet:-1, max-image-preview:large, max-video-preview:-1\" \/>\n<link rel=\"canonical\" href=\"https:\/\/www.bagnoitalia.com\/es\/producto\/classic-style-mixer-with-handles-for-washbasin-or-bidet-or-bathtub-with-hand-shower-made-in-italy-rb76-2.html\" \/>\n<meta property=\"og:locale\" content=\"es_ES\" \/>\n<meta property=\"og:type\" content=\"article\" \/>\n<meta property=\"og:title\" content=\"Mezclador de estilo cl\u00e1sico con asas para lavabo o bid\u00e9 o ba\u00f1era con ducha de mano Fabricado en Italia RB76\" \/>\n<meta property=\"og:description\" content=\"Grifer\u00eda de doble pomo de estilo retro. Modelos para lavabo, bid\u00e9 o ba\u00f1era con ducha. Mangueras incluidas\" \/>\n<meta property=\"og:url\" content=\"https:\/\/www.bagnoitalia.com\/es\/producto\/classic-style-mixer-with-handles-for-washbasin-or-bidet-or-bathtub-with-hand-shower-made-in-italy-rb76-2.html\" \/>\n<meta property=\"og:site_name\" content=\"Bagno Italia\" \/>\n<meta property=\"article:modified_time\" content=\"2024-05-24T13:57:10+00:00\" \/>\n<meta property=\"og:image\" content=\"https:\/\/img.bagnoitalia.com\/wp-content\/uploads\/virtuemart\/product\/sun-mixer-with-handles-for-bidet-washbasin-tub-1.jpg\" \/>\n\t<meta property=\"og:image:width\" content=\"550\" \/>\n\t<meta property=\"og:image:height\" content=\"550\" \/>\n\t<meta property=\"og:image:type\" content=\"image\/jpeg\" \/>\n<meta name=\"twitter:card\" content=\"summary_large_image\" \/>\n<meta name=\"twitter:label1\" content=\"Tiempo de lectura\" \/>\n\t<meta name=\"twitter:data1\" content=\"1 minuto\" \/>\n<script type=\"application\/ld+json\" class=\"yoast-schema-graph\">{\"@context\":\"https:\/\/schema.org\",\"@graph\":[{\"@type\":\"WebPage\",\"@id\":\"https:\/\/www.bagnoitalia.com\/es\/producto\/classic-style-mixer-with-handles-for-washbasin-or-bidet-or-bathtub-with-hand-shower-made-in-italy-rb76-2.html\",\"url\":\"https:\/\/www.bagnoitalia.com\/es\/producto\/classic-style-mixer-with-handles-for-washbasin-or-bidet-or-bathtub-with-hand-shower-made-in-italy-rb76-2.html\",\"name\":\"Mezclador de estilo cl\u00e1sico con asas para lavabo o bid\u00e9 o ba\u00f1era con ducha de mano Fabricado en Italia RB76\",\"isPartOf\":{\"@id\":\"https:\/\/www.bagnoitalia.com\/es#website\"},\"primaryImageOfPage\":{\"@id\":\"https:\/\/www.bagnoitalia.com\/es\/producto\/classic-style-mixer-with-handles-for-washbasin-or-bidet-or-bathtub-with-hand-shower-made-in-italy-rb76-2.html#primaryimage\"},\"image\":{\"@id\":\"https:\/\/www.bagnoitalia.com\/es\/producto\/classic-style-mixer-with-handles-for-washbasin-or-bidet-or-bathtub-with-hand-shower-made-in-italy-rb76-2.html#primaryimage\"},\"thumbnailUrl\":\"https:\/\/img.bagnoitalia.com\/wp-content\/uploads\/virtuemart\/product\/sun-mixer-with-handles-for-bidet-washbasin-tub-1.jpg\",\"datePublished\":\"2023-02-16T15:04:36+00:00\",\"dateModified\":\"2024-05-24T13:57:10+00:00\",\"description\":\"Grifer\u00eda de doble pomo de estilo retro. Modelos para lavabo, bid\u00e9 o ba\u00f1era con ducha. Mangueras incluidas\",\"breadcrumb\":{\"@id\":\"https:\/\/www.bagnoitalia.com\/es\/producto\/classic-style-mixer-with-handles-for-washbasin-or-bidet-or-bathtub-with-hand-shower-made-in-italy-rb76-2.html#breadcrumb\"},\"inLanguage\":\"es\",\"potentialAction\":[{\"@type\":\"ReadAction\",\"target\":[\"https:\/\/www.bagnoitalia.com\/es\/producto\/classic-style-mixer-with-handles-for-washbasin-or-bidet-or-bathtub-with-hand-shower-made-in-italy-rb76-2.html\"]}]},{\"@type\":\"ImageObject\",\"inLanguage\":\"es\",\"@id\":\"https:\/\/www.bagnoitalia.com\/es\/producto\/classic-style-mixer-with-handles-for-washbasin-or-bidet-or-bathtub-with-hand-shower-made-in-italy-rb76-2.html#primaryimage\",\"url\":\"https:\/\/img.bagnoitalia.com\/wp-content\/uploads\/virtuemart\/product\/sun-mixer-with-handles-for-bidet-washbasin-tub-1.jpg\",\"contentUrl\":\"https:\/\/img.bagnoitalia.com\/wp-content\/uploads\/virtuemart\/product\/sun-mixer-with-handles-for-bidet-washbasin-tub-1.jpg\",\"width\":550,\"height\":550},{\"@type\":\"BreadcrumbList\",\"@id\":\"https:\/\/www.bagnoitalia.com\/es\/producto\/classic-style-mixer-with-handles-for-washbasin-or-bidet-or-bathtub-with-hand-shower-made-in-italy-rb76-2.html#breadcrumb\",\"itemListElement\":[{\"@type\":\"ListItem\",\"position\":1,\"name\":\"Home\",\"item\":\"https:\/\/www.bagnoitalia.com\/es\"},{\"@type\":\"ListItem\",\"position\":2,\"name\":\"Productos\",\"item\":\"https:\/\/www.bagnoitalia.com\/es\/shop\"},{\"@type\":\"ListItem\",\"position\":3,\"name\":\"Mezclador de estilo cl\u00e1sico con asas para lavabo o bid\u00e9 o ba\u00f1era con ducha de mano Fabricado en Italia RB76\"}]},{\"@type\":\"WebSite\",\"@id\":\"https:\/\/www.bagnoitalia.com\/es#website\",\"url\":\"https:\/\/www.bagnoitalia.com\/es\",\"name\":\"Bagno Italia\",\"description\":\"\",\"publisher\":{\"@id\":\"https:\/\/www.bagnoitalia.com\/es#organization\"},\"potentialAction\":[{\"@type\":\"SearchAction\",\"target\":{\"@type\":\"EntryPoint\",\"urlTemplate\":\"https:\/\/www.bagnoitalia.com\/es?s={search_term_string}\"},\"query-input\":{\"@type\":\"PropertyValueSpecification\",\"valueRequired\":true,\"valueName\":\"search_term_string\"}}],\"inLanguage\":\"es\"},{\"@type\":\"Organization\",\"@id\":\"https:\/\/www.bagnoitalia.com\/es#organization\",\"name\":\"Bagno Italia\",\"url\":\"https:\/\/www.bagnoitalia.com\/es\",\"logo\":{\"@type\":\"ImageObject\",\"inLanguage\":\"es\",\"@id\":\"https:\/\/www.bagnoitalia.com\/es#\/schema\/logo\/image\/\",\"url\":\"https:\/\/img.bagnoitalia.com\/wp-content\/uploads\/logo-bagnoitalia.webp\",\"contentUrl\":\"https:\/\/img.bagnoitalia.com\/wp-content\/uploads\/logo-bagnoitalia.webp\",\"width\":400,\"height\":70,\"caption\":\"Bagno Italia\"},\"image\":{\"@id\":\"https:\/\/www.bagnoitalia.com\/es#\/schema\/logo\/image\/\"}}]}<\/script>\n<!-- \/ Yoast SEO plugin. -->","yoast_head_json":{"title":"Mezclador de estilo cl\u00e1sico con asas para lavabo o bid\u00e9 o ba\u00f1era con ducha de mano Fabricado en Italia RB76","description":"Grifer\u00eda de doble pomo de estilo retro. Modelos para lavabo, bid\u00e9 o ba\u00f1era con ducha. Mangueras incluidas","robots":{"index":"index","follow":"follow","max-snippet":"max-snippet:-1","max-image-preview":"max-image-preview:large","max-video-preview":"max-video-preview:-1"},"canonical":"https:\/\/www.bagnoitalia.com\/es\/producto\/classic-style-mixer-with-handles-for-washbasin-or-bidet-or-bathtub-with-hand-shower-made-in-italy-rb76-2.html","og_locale":"es_ES","og_type":"article","og_title":"Mezclador de estilo cl\u00e1sico con asas para lavabo o bid\u00e9 o ba\u00f1era con ducha de mano Fabricado en Italia RB76","og_description":"Grifer\u00eda de doble pomo de estilo retro. Modelos para lavabo, bid\u00e9 o ba\u00f1era con ducha. Mangueras incluidas","og_url":"https:\/\/www.bagnoitalia.com\/es\/producto\/classic-style-mixer-with-handles-for-washbasin-or-bidet-or-bathtub-with-hand-shower-made-in-italy-rb76-2.html","og_site_name":"Bagno Italia","article_modified_time":"2024-05-24T13:57:10+00:00","og_image":[{"width":550,"height":550,"url":"https:\/\/img.bagnoitalia.com\/wp-content\/uploads\/virtuemart\/product\/sun-mixer-with-handles-for-bidet-washbasin-tub-1.jpg","type":"image\/jpeg"}],"twitter_card":"summary_large_image","twitter_misc":{"Tiempo de lectura":"1 minuto"},"schema":{"@context":"https:\/\/schema.org","@graph":[{"@type":"WebPage","@id":"https:\/\/www.bagnoitalia.com\/es\/producto\/classic-style-mixer-with-handles-for-washbasin-or-bidet-or-bathtub-with-hand-shower-made-in-italy-rb76-2.html","url":"https:\/\/www.bagnoitalia.com\/es\/producto\/classic-style-mixer-with-handles-for-washbasin-or-bidet-or-bathtub-with-hand-shower-made-in-italy-rb76-2.html","name":"Mezclador de estilo cl\u00e1sico con asas para lavabo o bid\u00e9 o ba\u00f1era con ducha de mano Fabricado en Italia RB76","isPartOf":{"@id":"https:\/\/www.bagnoitalia.com\/es#website"},"primaryImageOfPage":{"@id":"https:\/\/www.bagnoitalia.com\/es\/producto\/classic-style-mixer-with-handles-for-washbasin-or-bidet-or-bathtub-with-hand-shower-made-in-italy-rb76-2.html#primaryimage"},"image":{"@id":"https:\/\/www.bagnoitalia.com\/es\/producto\/classic-style-mixer-with-handles-for-washbasin-or-bidet-or-bathtub-with-hand-shower-made-in-italy-rb76-2.html#primaryimage"},"thumbnailUrl":"https:\/\/img.bagnoitalia.com\/wp-content\/uploads\/virtuemart\/product\/sun-mixer-with-handles-for-bidet-washbasin-tub-1.jpg","datePublished":"2023-02-16T15:04:36+00:00","dateModified":"2024-05-24T13:57:10+00:00","description":"Grifer\u00eda de doble pomo de estilo retro. Modelos para lavabo, bid\u00e9 o ba\u00f1era con ducha. Mangueras incluidas","breadcrumb":{"@id":"https:\/\/www.bagnoitalia.com\/es\/producto\/classic-style-mixer-with-handles-for-washbasin-or-bidet-or-bathtub-with-hand-shower-made-in-italy-rb76-2.html#breadcrumb"},"inLanguage":"es","potentialAction":[{"@type":"ReadAction","target":["https:\/\/www.bagnoitalia.com\/es\/producto\/classic-style-mixer-with-handles-for-washbasin-or-bidet-or-bathtub-with-hand-shower-made-in-italy-rb76-2.html"]}]},{"@type":"ImageObject","inLanguage":"es","@id":"https:\/\/www.bagnoitalia.com\/es\/producto\/classic-style-mixer-with-handles-for-washbasin-or-bidet-or-bathtub-with-hand-shower-made-in-italy-rb76-2.html#primaryimage","url":"https:\/\/img.bagnoitalia.com\/wp-content\/uploads\/virtuemart\/product\/sun-mixer-with-handles-for-bidet-washbasin-tub-1.jpg","contentUrl":"https:\/\/img.bagnoitalia.com\/wp-content\/uploads\/virtuemart\/product\/sun-mixer-with-handles-for-bidet-washbasin-tub-1.jpg","width":550,"height":550},{"@type":"BreadcrumbList","@id":"https:\/\/www.bagnoitalia.com\/es\/producto\/classic-style-mixer-with-handles-for-washbasin-or-bidet-or-bathtub-with-hand-shower-made-in-italy-rb76-2.html#breadcrumb","itemListElement":[{"@type":"ListItem","position":1,"name":"Home","item":"https:\/\/www.bagnoitalia.com\/es"},{"@type":"ListItem","position":2,"name":"Productos","item":"https:\/\/www.bagnoitalia.com\/es\/shop"},{"@type":"ListItem","position":3,"name":"Mezclador de estilo cl\u00e1sico con asas para lavabo o bid\u00e9 o ba\u00f1era con ducha de mano Fabricado en Italia RB76"}]},{"@type":"WebSite","@id":"https:\/\/www.bagnoitalia.com\/es#website","url":"https:\/\/www.bagnoitalia.com\/es","name":"Bagno Italia","description":"","publisher":{"@id":"https:\/\/www.bagnoitalia.com\/es#organization"},"potentialAction":[{"@type":"SearchAction","target":{"@type":"EntryPoint","urlTemplate":"https:\/\/www.bagnoitalia.com\/es?s={search_term_string}"},"query-input":{"@type":"PropertyValueSpecification","valueRequired":true,"valueName":"search_term_string"}}],"inLanguage":"es"},{"@type":"Organization","@id":"https:\/\/www.bagnoitalia.com\/es#organization","name":"Bagno Italia","url":"https:\/\/www.bagnoitalia.com\/es","logo":{"@type":"ImageObject","inLanguage":"es","@id":"https:\/\/www.bagnoitalia.com\/es#\/schema\/logo\/image\/","url":"https:\/\/img.bagnoitalia.com\/wp-content\/uploads\/logo-bagnoitalia.webp","contentUrl":"https:\/\/img.bagnoitalia.com\/wp-content\/uploads\/logo-bagnoitalia.webp","width":400,"height":70,"caption":"Bagno Italia"},"image":{"@id":"https:\/\/www.bagnoitalia.com\/es#\/schema\/logo\/image\/"}}]}},"_links":{"self":[{"href":"https:\/\/www.bagnoitalia.com\/es\/wp-json\/wp\/v2\/product\/82823","targetHints":{"allow":["GET"]}}],"collection":[{"href":"https:\/\/www.bagnoitalia.com\/es\/wp-json\/wp\/v2\/product"}],"about":[{"href":"https:\/\/www.bagnoitalia.com\/es\/wp-json\/wp\/v2\/types\/product"}],"replies":[{"embeddable":true,"href":"https:\/\/www.bagnoitalia.com\/es\/wp-json\/wp\/v2\/comments?post=82823"}],"version-history":[{"count":1,"href":"https:\/\/www.bagnoitalia.com\/es\/wp-json\/wp\/v2\/product\/82823\/revisions"}],"predecessor-version":[{"id":88269,"href":"https:\/\/www.bagnoitalia.com\/es\/wp-json\/wp\/v2\/product\/82823\/revisions\/88269"}],"wp:featuredmedia":[{"embeddable":true,"href":"https:\/\/www.bagnoitalia.com\/es\/wp-json\/wp\/v2\/media\/59937"}],"wp:attachment":[{"href":"https:\/\/www.bagnoitalia.com\/es\/wp-json\/wp\/v2\/media?parent=82823"}],"wp:term":[{"taxonomy":"product_brand","embeddable":true,"href":"https:\/\/www.bagnoitalia.com\/es\/wp-json\/wp\/v2\/product_brand?post=82823"},{"taxonomy":"product_cat","embeddable":true,"href":"https:\/\/www.bagnoitalia.com\/es\/wp-json\/wp\/v2\/product_cat?post=82823"},{"taxonomy":"product_tag","embeddable":true,"href":"https:\/\/www.bagnoitalia.com\/es\/wp-json\/wp\/v2\/product_tag?post=82823"}],"curies":[{"name":"wp","href":"https:\/\/api.w.org\/{rel}","templated":true}]}}