{"id":82767,"date":"2023-02-06T08:26:09","date_gmt":"2023-02-06T07:26:09","guid":{"rendered":"https:\/\/www.bagnoitalia.com\/product\/100x70-cm-corner-bathtub-with-door-in-3-finishes-also-available-with-whirlpool-function-vs126-2"},"modified":"2024-05-21T14:54:55","modified_gmt":"2024-05-21T12:54:55","slug":"100x70-cm-corner-bathtub-with-door-in-3-finishes-also-available-with-whirlpool-function-vs126-2","status":"publish","type":"product","link":"https:\/\/www.bagnoitalia.com\/es\/producto\/100x70-cm-corner-bathtub-with-door-in-3-finishes-also-available-with-whirlpool-function-vs126-2.html","title":{"rendered":"Ba\u00f1era rinconera de 100&#215;70 cm con puerta en 3 acabados tambi\u00e9n disponible con funci\u00f3n hidromasaje VS126"},"content":{"rendered":"<p><img fetchpriority=\"high\" decoding=\"async\" class=\" size-full wp-image-59348\" src=\"https:\/\/img.bagnoitalia.com\/wp-content\/uploads\/ciao.png\" alt=\"\" width=\"737\" height=\"83\" srcset=\"https:\/\/img.bagnoitalia.com\/wp-content\/uploads\/ciao.png 737w, https:\/\/img.bagnoitalia.com\/wp-content\/uploads\/ciao-441x50.png 441w, https:\/\/img.bagnoitalia.com\/wp-content\/uploads\/ciao-600x68.png 600w, https:\/\/img.bagnoitalia.com\/wp-content\/uploads\/ciao-150x17.png 150w\" sizes=\"(max-width: 737px) 100vw, 737px\" \/><\/p>\n<p>&nbsp;<\/p>\n<p style=\"text-align: center;\"><span style=\"text-decoration: underline; color: #ff0000; font-size: 14pt;\"><strong>BA\u00d1ERA CON PUERTA VS126<\/strong><\/span><\/p>\n<p>&nbsp;<\/p>\n<p>Ba\u00f1era de 100x70xH80 cm, especialmente dise\u00f1ada para personas mayores o con dificultades de movilidad<\/p>\n<p>puede instalarse en \u00e1ngulo de 4 maneras: 1A, o 1B, o 2A, o 2B (ver im\u00e1genes secundarias)<\/p>\n<p>Seleccione la versi\u00f3n en el men\u00fa superior<\/p>\n<p>Puerta de apertura interior, a elegir entre tres colores<\/p>\n<p>blanco<br \/>\ntransparente<br \/>\nsat\u00e9n<br \/>\nEquipado con un sistema de llenado inmediato<\/p>\n<p>Grifer\u00eda incluida<\/p>\n<p>Toallero<\/p>\n<p>bastidor de acero y estructura de abs y fibra de vidrio<\/p>\n<p><span style=\"text-decoration: underline;\"><strong>OPCIONAL ADICIONAL: hidromasaje en la ba\u00f1era, seleccionable en el men\u00fa \u00abtipo\u00bb.<\/strong><\/span><\/p>\n<p>&nbsp;<\/p>\n<p>&nbsp;<\/p>\n<p>&nbsp;<\/p>\n<p>&nbsp;<\/p>\n","protected":false},"excerpt":{"rendered":"<p>Ba\u00f1era instalable en 4 versiones; puerta de apertura hacia el interior disponible en 3 tipos: blanca, transparente o satinada. Grifer\u00eda incluida. Tambi\u00e9n es posible a\u00f1adir la funci\u00f3n de hidromasaje en la ba\u00f1era<\/p>\n","protected":false},"featured_media":59549,"comment_status":"open","ping_status":"closed","template":"","meta":[],"product_brand":[9881],"product_cat":[9966],"product_tag":[],"class_list":{"0":"post-82767","1":"product","2":"type-product","3":"status-publish","4":"has-post-thumbnail","6":"product_brand-vari-produttori-es","7":"product_cat-tubs-whith-door-es","9":"first","10":"instock","11":"sale","12":"taxable","13":"shipping-taxable","14":"purchasable","15":"product-type-simple"},"exclude_global_add_ons":false,"addons":[{"name":"versi\u00f3n","type":"multiple_choice","position":0,"required":true,"title_format":"heading","default":"","description_enable":false,"description":"","placeholder_enable":false,"placeholder":"","display":"select","restrictions_type":"any_text","adjust_price":false,"price":"","price_type":"flat_fee","restrictions":false,"min":"0","max":"0","options":[{"label":"versi\u00f3n 1A","price":"","price_type":"quantity_based","image":0,"visibility":true},{"label":"versi\u00f3n 1B","price":"","price_type":"quantity_based","image":0,"visibility":true},{"label":"versi\u00f3n 2A","price":"","price_type":"quantity_based","image":0,"visibility":true},{"label":"versi\u00f3n 2B","price":"","price_type":"quantity_based","image":0,"visibility":true}],"id":1716303296},{"name":"color","type":"multiple_choice","position":1,"required":true,"title_format":"heading","default":"","description_enable":false,"description":"","placeholder_enable":false,"placeholder":"","display":"select","restrictions_type":"any_text","adjust_price":false,"price":"","price_type":"flat_fee","restrictions":false,"min":"0","max":"0","options":[{"label":"puerta transparente","price":"","price_type":"quantity_based","image":0,"visibility":true},{"label":"puerta blanca","price":"","price_type":"quantity_based","image":0,"visibility":true},{"label":"puerta satinada","price":"","price_type":"quantity_based","image":0,"visibility":true}],"id":1716303297},{"name":"Tipolog\u00eda","type":"multiple_choice","position":2,"required":true,"title_format":"heading","default":"","description_enable":false,"description":"","placeholder_enable":false,"placeholder":"","display":"select","restrictions_type":"any_text","adjust_price":false,"price":"","price_type":"flat_fee","restrictions":false,"min":"0","max":"0","options":[{"label":"sin hidromasaje","price":"","price_type":"quantity_based","image":0,"visibility":true},{"label":"con hidromasaje","price":"550","price_type":"quantity_based","image":0,"visibility":true}],"id":1716303298}],"yoast_head":"<!-- This site is optimized with the Yoast SEO plugin v26.7 - https:\/\/yoast.com\/wordpress\/plugins\/seo\/ -->\n<title>100x70 cm corner bathtub with door in 3 finishes also available with whirlpool function VS126<\/title>\n<meta name=\"description\" content=\"Ba\u00f1era instalable en 4 versiones; puerta de apertura hacia el interior disponible en 3 tipos: blanca, transparente o satinada. Grifer\u00eda incluida. Tambi\u00e9n es posible a\u00f1adir la funci\u00f3n de hidromasaje en la ba\u00f1era\" \/>\n<meta name=\"robots\" content=\"index, follow, max-snippet:-1, max-image-preview:large, max-video-preview:-1\" \/>\n<link rel=\"canonical\" href=\"https:\/\/www.bagnoitalia.com\/es\/producto\/100x70-cm-corner-bathtub-with-door-in-3-finishes-also-available-with-whirlpool-function-vs126-2.html\" \/>\n<meta property=\"og:locale\" content=\"es_ES\" \/>\n<meta property=\"og:type\" content=\"article\" \/>\n<meta property=\"og:title\" content=\"100x70 cm corner bathtub with door in 3 finishes also available with whirlpool function VS126\" \/>\n<meta property=\"og:description\" content=\"Ba\u00f1era instalable en 4 versiones; puerta de apertura hacia el interior disponible en 3 tipos: blanca, transparente o satinada. Grifer\u00eda incluida. Tambi\u00e9n es posible a\u00f1adir la funci\u00f3n de hidromasaje en la ba\u00f1era\" \/>\n<meta property=\"og:url\" content=\"https:\/\/www.bagnoitalia.com\/es\/producto\/100x70-cm-corner-bathtub-with-door-in-3-finishes-also-available-with-whirlpool-function-vs126-2.html\" \/>\n<meta property=\"og:site_name\" content=\"Bagno Italia\" \/>\n<meta property=\"article:modified_time\" content=\"2024-05-21T12:54:55+00:00\" \/>\n<meta property=\"og:image\" content=\"https:\/\/img.bagnoitalia.com\/wp-content\/uploads\/virtuemart\/product\/tub-with-hatch-100x70-cm-1.jpg\" \/>\n\t<meta property=\"og:image:width\" content=\"550\" \/>\n\t<meta property=\"og:image:height\" content=\"550\" \/>\n\t<meta property=\"og:image:type\" content=\"image\/jpeg\" \/>\n<meta name=\"twitter:card\" content=\"summary_large_image\" \/>\n<meta name=\"twitter:label1\" content=\"Tiempo de lectura\" \/>\n\t<meta name=\"twitter:data1\" content=\"1 minuto\" \/>\n<script type=\"application\/ld+json\" class=\"yoast-schema-graph\">{\"@context\":\"https:\/\/schema.org\",\"@graph\":[{\"@type\":\"WebPage\",\"@id\":\"https:\/\/www.bagnoitalia.com\/es\/producto\/100x70-cm-corner-bathtub-with-door-in-3-finishes-also-available-with-whirlpool-function-vs126-2.html\",\"url\":\"https:\/\/www.bagnoitalia.com\/es\/producto\/100x70-cm-corner-bathtub-with-door-in-3-finishes-also-available-with-whirlpool-function-vs126-2.html\",\"name\":\"100x70 cm corner bathtub with door in 3 finishes also available with whirlpool function VS126\",\"isPartOf\":{\"@id\":\"https:\/\/www.bagnoitalia.com\/es#website\"},\"primaryImageOfPage\":{\"@id\":\"https:\/\/www.bagnoitalia.com\/es\/producto\/100x70-cm-corner-bathtub-with-door-in-3-finishes-also-available-with-whirlpool-function-vs126-2.html#primaryimage\"},\"image\":{\"@id\":\"https:\/\/www.bagnoitalia.com\/es\/producto\/100x70-cm-corner-bathtub-with-door-in-3-finishes-also-available-with-whirlpool-function-vs126-2.html#primaryimage\"},\"thumbnailUrl\":\"https:\/\/img.bagnoitalia.com\/wp-content\/uploads\/virtuemart\/product\/tub-with-hatch-100x70-cm-1.jpg\",\"datePublished\":\"2023-02-06T07:26:09+00:00\",\"dateModified\":\"2024-05-21T12:54:55+00:00\",\"description\":\"Ba\u00f1era instalable en 4 versiones; puerta de apertura hacia el interior disponible en 3 tipos: blanca, transparente o satinada. Grifer\u00eda incluida. Tambi\u00e9n es posible a\u00f1adir la funci\u00f3n de hidromasaje en la ba\u00f1era\",\"breadcrumb\":{\"@id\":\"https:\/\/www.bagnoitalia.com\/es\/producto\/100x70-cm-corner-bathtub-with-door-in-3-finishes-also-available-with-whirlpool-function-vs126-2.html#breadcrumb\"},\"inLanguage\":\"es\",\"potentialAction\":[{\"@type\":\"ReadAction\",\"target\":[\"https:\/\/www.bagnoitalia.com\/es\/producto\/100x70-cm-corner-bathtub-with-door-in-3-finishes-also-available-with-whirlpool-function-vs126-2.html\"]}]},{\"@type\":\"ImageObject\",\"inLanguage\":\"es\",\"@id\":\"https:\/\/www.bagnoitalia.com\/es\/producto\/100x70-cm-corner-bathtub-with-door-in-3-finishes-also-available-with-whirlpool-function-vs126-2.html#primaryimage\",\"url\":\"https:\/\/img.bagnoitalia.com\/wp-content\/uploads\/virtuemart\/product\/tub-with-hatch-100x70-cm-1.jpg\",\"contentUrl\":\"https:\/\/img.bagnoitalia.com\/wp-content\/uploads\/virtuemart\/product\/tub-with-hatch-100x70-cm-1.jpg\",\"width\":550,\"height\":550},{\"@type\":\"BreadcrumbList\",\"@id\":\"https:\/\/www.bagnoitalia.com\/es\/producto\/100x70-cm-corner-bathtub-with-door-in-3-finishes-also-available-with-whirlpool-function-vs126-2.html#breadcrumb\",\"itemListElement\":[{\"@type\":\"ListItem\",\"position\":1,\"name\":\"Home\",\"item\":\"https:\/\/www.bagnoitalia.com\/es\"},{\"@type\":\"ListItem\",\"position\":2,\"name\":\"Productos\",\"item\":\"https:\/\/www.bagnoitalia.com\/es\/shop\"},{\"@type\":\"ListItem\",\"position\":3,\"name\":\"Ba\u00f1era rinconera de 100&#215;70 cm con puerta en 3 acabados tambi\u00e9n disponible con funci\u00f3n hidromasaje VS126\"}]},{\"@type\":\"WebSite\",\"@id\":\"https:\/\/www.bagnoitalia.com\/es#website\",\"url\":\"https:\/\/www.bagnoitalia.com\/es\",\"name\":\"Bagno Italia\",\"description\":\"\",\"publisher\":{\"@id\":\"https:\/\/www.bagnoitalia.com\/es#organization\"},\"potentialAction\":[{\"@type\":\"SearchAction\",\"target\":{\"@type\":\"EntryPoint\",\"urlTemplate\":\"https:\/\/www.bagnoitalia.com\/es?s={search_term_string}\"},\"query-input\":{\"@type\":\"PropertyValueSpecification\",\"valueRequired\":true,\"valueName\":\"search_term_string\"}}],\"inLanguage\":\"es\"},{\"@type\":\"Organization\",\"@id\":\"https:\/\/www.bagnoitalia.com\/es#organization\",\"name\":\"Bagno Italia\",\"url\":\"https:\/\/www.bagnoitalia.com\/es\",\"logo\":{\"@type\":\"ImageObject\",\"inLanguage\":\"es\",\"@id\":\"https:\/\/www.bagnoitalia.com\/es#\/schema\/logo\/image\/\",\"url\":\"https:\/\/img.bagnoitalia.com\/wp-content\/uploads\/logo-bagnoitalia.webp\",\"contentUrl\":\"https:\/\/img.bagnoitalia.com\/wp-content\/uploads\/logo-bagnoitalia.webp\",\"width\":400,\"height\":70,\"caption\":\"Bagno Italia\"},\"image\":{\"@id\":\"https:\/\/www.bagnoitalia.com\/es#\/schema\/logo\/image\/\"}}]}<\/script>\n<!-- \/ Yoast SEO plugin. -->","yoast_head_json":{"title":"100x70 cm corner bathtub with door in 3 finishes also available with whirlpool function VS126","description":"Ba\u00f1era instalable en 4 versiones; puerta de apertura hacia el interior disponible en 3 tipos: blanca, transparente o satinada. Grifer\u00eda incluida. Tambi\u00e9n es posible a\u00f1adir la funci\u00f3n de hidromasaje en la ba\u00f1era","robots":{"index":"index","follow":"follow","max-snippet":"max-snippet:-1","max-image-preview":"max-image-preview:large","max-video-preview":"max-video-preview:-1"},"canonical":"https:\/\/www.bagnoitalia.com\/es\/producto\/100x70-cm-corner-bathtub-with-door-in-3-finishes-also-available-with-whirlpool-function-vs126-2.html","og_locale":"es_ES","og_type":"article","og_title":"100x70 cm corner bathtub with door in 3 finishes also available with whirlpool function VS126","og_description":"Ba\u00f1era instalable en 4 versiones; puerta de apertura hacia el interior disponible en 3 tipos: blanca, transparente o satinada. Grifer\u00eda incluida. Tambi\u00e9n es posible a\u00f1adir la funci\u00f3n de hidromasaje en la ba\u00f1era","og_url":"https:\/\/www.bagnoitalia.com\/es\/producto\/100x70-cm-corner-bathtub-with-door-in-3-finishes-also-available-with-whirlpool-function-vs126-2.html","og_site_name":"Bagno Italia","article_modified_time":"2024-05-21T12:54:55+00:00","og_image":[{"width":550,"height":550,"url":"https:\/\/img.bagnoitalia.com\/wp-content\/uploads\/virtuemart\/product\/tub-with-hatch-100x70-cm-1.jpg","type":"image\/jpeg"}],"twitter_card":"summary_large_image","twitter_misc":{"Tiempo de lectura":"1 minuto"},"schema":{"@context":"https:\/\/schema.org","@graph":[{"@type":"WebPage","@id":"https:\/\/www.bagnoitalia.com\/es\/producto\/100x70-cm-corner-bathtub-with-door-in-3-finishes-also-available-with-whirlpool-function-vs126-2.html","url":"https:\/\/www.bagnoitalia.com\/es\/producto\/100x70-cm-corner-bathtub-with-door-in-3-finishes-also-available-with-whirlpool-function-vs126-2.html","name":"100x70 cm corner bathtub with door in 3 finishes also available with whirlpool function VS126","isPartOf":{"@id":"https:\/\/www.bagnoitalia.com\/es#website"},"primaryImageOfPage":{"@id":"https:\/\/www.bagnoitalia.com\/es\/producto\/100x70-cm-corner-bathtub-with-door-in-3-finishes-also-available-with-whirlpool-function-vs126-2.html#primaryimage"},"image":{"@id":"https:\/\/www.bagnoitalia.com\/es\/producto\/100x70-cm-corner-bathtub-with-door-in-3-finishes-also-available-with-whirlpool-function-vs126-2.html#primaryimage"},"thumbnailUrl":"https:\/\/img.bagnoitalia.com\/wp-content\/uploads\/virtuemart\/product\/tub-with-hatch-100x70-cm-1.jpg","datePublished":"2023-02-06T07:26:09+00:00","dateModified":"2024-05-21T12:54:55+00:00","description":"Ba\u00f1era instalable en 4 versiones; puerta de apertura hacia el interior disponible en 3 tipos: blanca, transparente o satinada. Grifer\u00eda incluida. Tambi\u00e9n es posible a\u00f1adir la funci\u00f3n de hidromasaje en la ba\u00f1era","breadcrumb":{"@id":"https:\/\/www.bagnoitalia.com\/es\/producto\/100x70-cm-corner-bathtub-with-door-in-3-finishes-also-available-with-whirlpool-function-vs126-2.html#breadcrumb"},"inLanguage":"es","potentialAction":[{"@type":"ReadAction","target":["https:\/\/www.bagnoitalia.com\/es\/producto\/100x70-cm-corner-bathtub-with-door-in-3-finishes-also-available-with-whirlpool-function-vs126-2.html"]}]},{"@type":"ImageObject","inLanguage":"es","@id":"https:\/\/www.bagnoitalia.com\/es\/producto\/100x70-cm-corner-bathtub-with-door-in-3-finishes-also-available-with-whirlpool-function-vs126-2.html#primaryimage","url":"https:\/\/img.bagnoitalia.com\/wp-content\/uploads\/virtuemart\/product\/tub-with-hatch-100x70-cm-1.jpg","contentUrl":"https:\/\/img.bagnoitalia.com\/wp-content\/uploads\/virtuemart\/product\/tub-with-hatch-100x70-cm-1.jpg","width":550,"height":550},{"@type":"BreadcrumbList","@id":"https:\/\/www.bagnoitalia.com\/es\/producto\/100x70-cm-corner-bathtub-with-door-in-3-finishes-also-available-with-whirlpool-function-vs126-2.html#breadcrumb","itemListElement":[{"@type":"ListItem","position":1,"name":"Home","item":"https:\/\/www.bagnoitalia.com\/es"},{"@type":"ListItem","position":2,"name":"Productos","item":"https:\/\/www.bagnoitalia.com\/es\/shop"},{"@type":"ListItem","position":3,"name":"Ba\u00f1era rinconera de 100&#215;70 cm con puerta en 3 acabados tambi\u00e9n disponible con funci\u00f3n hidromasaje VS126"}]},{"@type":"WebSite","@id":"https:\/\/www.bagnoitalia.com\/es#website","url":"https:\/\/www.bagnoitalia.com\/es","name":"Bagno Italia","description":"","publisher":{"@id":"https:\/\/www.bagnoitalia.com\/es#organization"},"potentialAction":[{"@type":"SearchAction","target":{"@type":"EntryPoint","urlTemplate":"https:\/\/www.bagnoitalia.com\/es?s={search_term_string}"},"query-input":{"@type":"PropertyValueSpecification","valueRequired":true,"valueName":"search_term_string"}}],"inLanguage":"es"},{"@type":"Organization","@id":"https:\/\/www.bagnoitalia.com\/es#organization","name":"Bagno Italia","url":"https:\/\/www.bagnoitalia.com\/es","logo":{"@type":"ImageObject","inLanguage":"es","@id":"https:\/\/www.bagnoitalia.com\/es#\/schema\/logo\/image\/","url":"https:\/\/img.bagnoitalia.com\/wp-content\/uploads\/logo-bagnoitalia.webp","contentUrl":"https:\/\/img.bagnoitalia.com\/wp-content\/uploads\/logo-bagnoitalia.webp","width":400,"height":70,"caption":"Bagno Italia"},"image":{"@id":"https:\/\/www.bagnoitalia.com\/es#\/schema\/logo\/image\/"}}]}},"_links":{"self":[{"href":"https:\/\/www.bagnoitalia.com\/es\/wp-json\/wp\/v2\/product\/82767","targetHints":{"allow":["GET"]}}],"collection":[{"href":"https:\/\/www.bagnoitalia.com\/es\/wp-json\/wp\/v2\/product"}],"about":[{"href":"https:\/\/www.bagnoitalia.com\/es\/wp-json\/wp\/v2\/types\/product"}],"replies":[{"embeddable":true,"href":"https:\/\/www.bagnoitalia.com\/es\/wp-json\/wp\/v2\/comments?post=82767"}],"version-history":[{"count":1,"href":"https:\/\/www.bagnoitalia.com\/es\/wp-json\/wp\/v2\/product\/82767\/revisions"}],"predecessor-version":[{"id":87197,"href":"https:\/\/www.bagnoitalia.com\/es\/wp-json\/wp\/v2\/product\/82767\/revisions\/87197"}],"wp:featuredmedia":[{"embeddable":true,"href":"https:\/\/www.bagnoitalia.com\/es\/wp-json\/wp\/v2\/media\/59549"}],"wp:attachment":[{"href":"https:\/\/www.bagnoitalia.com\/es\/wp-json\/wp\/v2\/media?parent=82767"}],"wp:term":[{"taxonomy":"product_brand","embeddable":true,"href":"https:\/\/www.bagnoitalia.com\/es\/wp-json\/wp\/v2\/product_brand?post=82767"},{"taxonomy":"product_cat","embeddable":true,"href":"https:\/\/www.bagnoitalia.com\/es\/wp-json\/wp\/v2\/product_cat?post=82767"},{"taxonomy":"product_tag","embeddable":true,"href":"https:\/\/www.bagnoitalia.com\/es\/wp-json\/wp\/v2\/product_tag?post=82767"}],"curies":[{"name":"wp","href":"https:\/\/api.w.org\/{rel}","templated":true}]}}