{"id":82751,"date":"2023-02-02T16:29:04","date_gmt":"2023-02-02T15:29:04","guid":{"rendered":"https:\/\/www.bagnoitalia.com\/product\/built-in-electric-fireplace-60x50-3-cm-with-led-light-flame-ce009-2"},"modified":"2023-02-02T16:29:04","modified_gmt":"2023-02-02T15:29:04","slug":"built-in-electric-fireplace-60x50-3-cm-with-led-light-flame-ce009-2","status":"publish","type":"product","link":"https:\/\/www.bagnoitalia.com\/es\/producto\/built-in-electric-fireplace-60x50-3-cm-with-led-light-flame-ce009-2.html","title":{"rendered":"Chimenea el\u00e9ctrica empotrada 60&#215;50,3 cm con luz led llama CE009"},"content":{"rendered":"<p style=\"text-align: center;\"><span style=\"text-decoration: underline; color: #ff0000; font-size: 14pt;\"><strong>CHIMENEA EL\u00c9CTRICA EMPOTRADA<\/strong><\/span><\/p>\n<p>&nbsp;<\/p>\n<p><span style=\"text-decoration: underline;\"><strong>Caracter\u00edsticas:<\/strong><\/span><\/p>\n<p>Chimenea el\u00e9ctrica 60xP15xH50,3 cm<\/p>\n<p>Color de la montura: negro<\/p>\n<p>Equipado con mando a distancia<\/p>\n<p>Pantalla de control<\/p>\n<p>Llama LED (con 6 niveles de intensidad) con troncos falsos, con la posibilidad de programar o no la liberaci\u00f3n de calor; de esta forma ser\u00e1 posible encender la chimenea incluso en las \u00e9pocas m\u00e1s calurosas<\/p>\n<p>Protecci\u00f3n contra sobrecalentamiento<\/p>\n<p>Consumo: 750 &#8211; 1500 W<\/p>\n<p>materiales: marco met\u00e1lico y frontal de cristal templado<\/p>\n<p>sensor de sonido para \u00abdetecci\u00f3n de ventana abierta\u00bb (evitar\u00e1 el derroche de energ\u00eda)<\/p>\n<p>Temporizador semanal para decidir qu\u00e9 d\u00edas y horas de la semana se puede encender la chimenea<\/p>\n<p>Temporizador de apagado para ajustar los minutos en los que la chimenea debe apagarse autom\u00e1ticamente<\/p>\n<p>&nbsp;<\/p>\n<p>&nbsp;<\/p>\n<p>&nbsp;<\/p>\n<p>&nbsp;<\/p>\n","protected":false},"excerpt":{"rendered":"<p>Chimenea el\u00e9ctrica con mando a distancia, apta para instalaci\u00f3n empotrada. Llama de leds con 6 niveles de intensidad.<\/p>\n","protected":false},"featured_media":59353,"comment_status":"open","ping_status":"closed","template":"","meta":[],"product_brand":[5004],"product_cat":[10002],"product_tag":[],"class_list":{"0":"post-82751","1":"product","2":"type-product","3":"status-publish","4":"has-post-thumbnail","6":"product_brand-vari-produttori","7":"product_cat-chimenea-electrica","9":"first","10":"instock","11":"sale","12":"taxable","13":"shipping-taxable","14":"purchasable","15":"product-type-simple"},"exclude_global_add_ons":[],"addons":[],"yoast_head":"<!-- This site is optimized with the Yoast SEO plugin v26.7 - https:\/\/yoast.com\/wordpress\/plugins\/seo\/ -->\n<title>Built-in electric fireplace 60x50.3 cm with led light flame CE009<\/title>\n<meta name=\"description\" content=\"Chimenea el\u00e9ctrica con mando a distancia, apta para instalaci\u00f3n empotrada. Llama de leds con 6 niveles de intensidad.\" \/>\n<meta name=\"robots\" content=\"index, follow, max-snippet:-1, max-image-preview:large, max-video-preview:-1\" \/>\n<link rel=\"canonical\" href=\"https:\/\/www.bagnoitalia.com\/es\/producto\/built-in-electric-fireplace-60x50-3-cm-with-led-light-flame-ce009-2.html\" \/>\n<meta property=\"og:locale\" content=\"es_ES\" \/>\n<meta property=\"og:type\" content=\"article\" \/>\n<meta property=\"og:title\" content=\"Built-in electric fireplace 60x50.3 cm with led light flame CE009\" \/>\n<meta property=\"og:description\" content=\"Chimenea el\u00e9ctrica con mando a distancia, apta para instalaci\u00f3n empotrada. Llama de leds con 6 niveles de intensidad.\" \/>\n<meta property=\"og:url\" content=\"https:\/\/www.bagnoitalia.com\/es\/producto\/built-in-electric-fireplace-60x50-3-cm-with-led-light-flame-ce009-2.html\" \/>\n<meta property=\"og:site_name\" content=\"Bagno Italia\" \/>\n<meta property=\"og:image\" content=\"https:\/\/img.bagnoitalia.com\/wp-content\/uploads\/virtuemart\/product\/fireplace-electrically_built-in-1.jpg\" \/>\n\t<meta property=\"og:image:width\" content=\"550\" \/>\n\t<meta property=\"og:image:height\" content=\"550\" \/>\n\t<meta property=\"og:image:type\" content=\"image\/jpeg\" \/>\n<meta name=\"twitter:card\" content=\"summary_large_image\" \/>\n<meta name=\"twitter:label1\" content=\"Tiempo de lectura\" \/>\n\t<meta name=\"twitter:data1\" content=\"1 minuto\" \/>\n<script type=\"application\/ld+json\" class=\"yoast-schema-graph\">{\"@context\":\"https:\/\/schema.org\",\"@graph\":[{\"@type\":\"WebPage\",\"@id\":\"https:\/\/www.bagnoitalia.com\/es\/producto\/built-in-electric-fireplace-60x50-3-cm-with-led-light-flame-ce009-2.html\",\"url\":\"https:\/\/www.bagnoitalia.com\/es\/producto\/built-in-electric-fireplace-60x50-3-cm-with-led-light-flame-ce009-2.html\",\"name\":\"Built-in electric fireplace 60x50.3 cm with led light flame CE009\",\"isPartOf\":{\"@id\":\"https:\/\/www.bagnoitalia.com\/es#website\"},\"primaryImageOfPage\":{\"@id\":\"https:\/\/www.bagnoitalia.com\/es\/producto\/built-in-electric-fireplace-60x50-3-cm-with-led-light-flame-ce009-2.html#primaryimage\"},\"image\":{\"@id\":\"https:\/\/www.bagnoitalia.com\/es\/producto\/built-in-electric-fireplace-60x50-3-cm-with-led-light-flame-ce009-2.html#primaryimage\"},\"thumbnailUrl\":\"https:\/\/img.bagnoitalia.com\/wp-content\/uploads\/virtuemart\/product\/fireplace-electrically_built-in-1.jpg\",\"datePublished\":\"2023-02-02T15:29:04+00:00\",\"description\":\"Chimenea el\u00e9ctrica con mando a distancia, apta para instalaci\u00f3n empotrada. Llama de leds con 6 niveles de intensidad.\",\"breadcrumb\":{\"@id\":\"https:\/\/www.bagnoitalia.com\/es\/producto\/built-in-electric-fireplace-60x50-3-cm-with-led-light-flame-ce009-2.html#breadcrumb\"},\"inLanguage\":\"es\",\"potentialAction\":[{\"@type\":\"ReadAction\",\"target\":[\"https:\/\/www.bagnoitalia.com\/es\/producto\/built-in-electric-fireplace-60x50-3-cm-with-led-light-flame-ce009-2.html\"]}]},{\"@type\":\"ImageObject\",\"inLanguage\":\"es\",\"@id\":\"https:\/\/www.bagnoitalia.com\/es\/producto\/built-in-electric-fireplace-60x50-3-cm-with-led-light-flame-ce009-2.html#primaryimage\",\"url\":\"https:\/\/img.bagnoitalia.com\/wp-content\/uploads\/virtuemart\/product\/fireplace-electrically_built-in-1.jpg\",\"contentUrl\":\"https:\/\/img.bagnoitalia.com\/wp-content\/uploads\/virtuemart\/product\/fireplace-electrically_built-in-1.jpg\",\"width\":550,\"height\":550},{\"@type\":\"BreadcrumbList\",\"@id\":\"https:\/\/www.bagnoitalia.com\/es\/producto\/built-in-electric-fireplace-60x50-3-cm-with-led-light-flame-ce009-2.html#breadcrumb\",\"itemListElement\":[{\"@type\":\"ListItem\",\"position\":1,\"name\":\"Home\",\"item\":\"https:\/\/www.bagnoitalia.com\/es\"},{\"@type\":\"ListItem\",\"position\":2,\"name\":\"Productos\",\"item\":\"https:\/\/www.bagnoitalia.com\/es\/shop\"},{\"@type\":\"ListItem\",\"position\":3,\"name\":\"Chimenea el\u00e9ctrica empotrada 60&#215;50,3 cm con luz led llama CE009\"}]},{\"@type\":\"WebSite\",\"@id\":\"https:\/\/www.bagnoitalia.com\/es#website\",\"url\":\"https:\/\/www.bagnoitalia.com\/es\",\"name\":\"Bagno Italia\",\"description\":\"\",\"publisher\":{\"@id\":\"https:\/\/www.bagnoitalia.com\/es#organization\"},\"potentialAction\":[{\"@type\":\"SearchAction\",\"target\":{\"@type\":\"EntryPoint\",\"urlTemplate\":\"https:\/\/www.bagnoitalia.com\/es?s={search_term_string}\"},\"query-input\":{\"@type\":\"PropertyValueSpecification\",\"valueRequired\":true,\"valueName\":\"search_term_string\"}}],\"inLanguage\":\"es\"},{\"@type\":\"Organization\",\"@id\":\"https:\/\/www.bagnoitalia.com\/es#organization\",\"name\":\"Bagno Italia\",\"url\":\"https:\/\/www.bagnoitalia.com\/es\",\"logo\":{\"@type\":\"ImageObject\",\"inLanguage\":\"es\",\"@id\":\"https:\/\/www.bagnoitalia.com\/es#\/schema\/logo\/image\/\",\"url\":\"https:\/\/img.bagnoitalia.com\/wp-content\/uploads\/logo-bagnoitalia.webp\",\"contentUrl\":\"https:\/\/img.bagnoitalia.com\/wp-content\/uploads\/logo-bagnoitalia.webp\",\"width\":400,\"height\":70,\"caption\":\"Bagno Italia\"},\"image\":{\"@id\":\"https:\/\/www.bagnoitalia.com\/es#\/schema\/logo\/image\/\"}}]}<\/script>\n<!-- \/ Yoast SEO plugin. -->","yoast_head_json":{"title":"Built-in electric fireplace 60x50.3 cm with led light flame CE009","description":"Chimenea el\u00e9ctrica con mando a distancia, apta para instalaci\u00f3n empotrada. Llama de leds con 6 niveles de intensidad.","robots":{"index":"index","follow":"follow","max-snippet":"max-snippet:-1","max-image-preview":"max-image-preview:large","max-video-preview":"max-video-preview:-1"},"canonical":"https:\/\/www.bagnoitalia.com\/es\/producto\/built-in-electric-fireplace-60x50-3-cm-with-led-light-flame-ce009-2.html","og_locale":"es_ES","og_type":"article","og_title":"Built-in electric fireplace 60x50.3 cm with led light flame CE009","og_description":"Chimenea el\u00e9ctrica con mando a distancia, apta para instalaci\u00f3n empotrada. Llama de leds con 6 niveles de intensidad.","og_url":"https:\/\/www.bagnoitalia.com\/es\/producto\/built-in-electric-fireplace-60x50-3-cm-with-led-light-flame-ce009-2.html","og_site_name":"Bagno Italia","og_image":[{"width":550,"height":550,"url":"https:\/\/img.bagnoitalia.com\/wp-content\/uploads\/virtuemart\/product\/fireplace-electrically_built-in-1.jpg","type":"image\/jpeg"}],"twitter_card":"summary_large_image","twitter_misc":{"Tiempo de lectura":"1 minuto"},"schema":{"@context":"https:\/\/schema.org","@graph":[{"@type":"WebPage","@id":"https:\/\/www.bagnoitalia.com\/es\/producto\/built-in-electric-fireplace-60x50-3-cm-with-led-light-flame-ce009-2.html","url":"https:\/\/www.bagnoitalia.com\/es\/producto\/built-in-electric-fireplace-60x50-3-cm-with-led-light-flame-ce009-2.html","name":"Built-in electric fireplace 60x50.3 cm with led light flame CE009","isPartOf":{"@id":"https:\/\/www.bagnoitalia.com\/es#website"},"primaryImageOfPage":{"@id":"https:\/\/www.bagnoitalia.com\/es\/producto\/built-in-electric-fireplace-60x50-3-cm-with-led-light-flame-ce009-2.html#primaryimage"},"image":{"@id":"https:\/\/www.bagnoitalia.com\/es\/producto\/built-in-electric-fireplace-60x50-3-cm-with-led-light-flame-ce009-2.html#primaryimage"},"thumbnailUrl":"https:\/\/img.bagnoitalia.com\/wp-content\/uploads\/virtuemart\/product\/fireplace-electrically_built-in-1.jpg","datePublished":"2023-02-02T15:29:04+00:00","description":"Chimenea el\u00e9ctrica con mando a distancia, apta para instalaci\u00f3n empotrada. Llama de leds con 6 niveles de intensidad.","breadcrumb":{"@id":"https:\/\/www.bagnoitalia.com\/es\/producto\/built-in-electric-fireplace-60x50-3-cm-with-led-light-flame-ce009-2.html#breadcrumb"},"inLanguage":"es","potentialAction":[{"@type":"ReadAction","target":["https:\/\/www.bagnoitalia.com\/es\/producto\/built-in-electric-fireplace-60x50-3-cm-with-led-light-flame-ce009-2.html"]}]},{"@type":"ImageObject","inLanguage":"es","@id":"https:\/\/www.bagnoitalia.com\/es\/producto\/built-in-electric-fireplace-60x50-3-cm-with-led-light-flame-ce009-2.html#primaryimage","url":"https:\/\/img.bagnoitalia.com\/wp-content\/uploads\/virtuemart\/product\/fireplace-electrically_built-in-1.jpg","contentUrl":"https:\/\/img.bagnoitalia.com\/wp-content\/uploads\/virtuemart\/product\/fireplace-electrically_built-in-1.jpg","width":550,"height":550},{"@type":"BreadcrumbList","@id":"https:\/\/www.bagnoitalia.com\/es\/producto\/built-in-electric-fireplace-60x50-3-cm-with-led-light-flame-ce009-2.html#breadcrumb","itemListElement":[{"@type":"ListItem","position":1,"name":"Home","item":"https:\/\/www.bagnoitalia.com\/es"},{"@type":"ListItem","position":2,"name":"Productos","item":"https:\/\/www.bagnoitalia.com\/es\/shop"},{"@type":"ListItem","position":3,"name":"Chimenea el\u00e9ctrica empotrada 60&#215;50,3 cm con luz led llama CE009"}]},{"@type":"WebSite","@id":"https:\/\/www.bagnoitalia.com\/es#website","url":"https:\/\/www.bagnoitalia.com\/es","name":"Bagno Italia","description":"","publisher":{"@id":"https:\/\/www.bagnoitalia.com\/es#organization"},"potentialAction":[{"@type":"SearchAction","target":{"@type":"EntryPoint","urlTemplate":"https:\/\/www.bagnoitalia.com\/es?s={search_term_string}"},"query-input":{"@type":"PropertyValueSpecification","valueRequired":true,"valueName":"search_term_string"}}],"inLanguage":"es"},{"@type":"Organization","@id":"https:\/\/www.bagnoitalia.com\/es#organization","name":"Bagno Italia","url":"https:\/\/www.bagnoitalia.com\/es","logo":{"@type":"ImageObject","inLanguage":"es","@id":"https:\/\/www.bagnoitalia.com\/es#\/schema\/logo\/image\/","url":"https:\/\/img.bagnoitalia.com\/wp-content\/uploads\/logo-bagnoitalia.webp","contentUrl":"https:\/\/img.bagnoitalia.com\/wp-content\/uploads\/logo-bagnoitalia.webp","width":400,"height":70,"caption":"Bagno Italia"},"image":{"@id":"https:\/\/www.bagnoitalia.com\/es#\/schema\/logo\/image\/"}}]}},"_links":{"self":[{"href":"https:\/\/www.bagnoitalia.com\/es\/wp-json\/wp\/v2\/product\/82751","targetHints":{"allow":["GET"]}}],"collection":[{"href":"https:\/\/www.bagnoitalia.com\/es\/wp-json\/wp\/v2\/product"}],"about":[{"href":"https:\/\/www.bagnoitalia.com\/es\/wp-json\/wp\/v2\/types\/product"}],"replies":[{"embeddable":true,"href":"https:\/\/www.bagnoitalia.com\/es\/wp-json\/wp\/v2\/comments?post=82751"}],"version-history":[{"count":0,"href":"https:\/\/www.bagnoitalia.com\/es\/wp-json\/wp\/v2\/product\/82751\/revisions"}],"wp:featuredmedia":[{"embeddable":true,"href":"https:\/\/www.bagnoitalia.com\/es\/wp-json\/wp\/v2\/media\/59353"}],"wp:attachment":[{"href":"https:\/\/www.bagnoitalia.com\/es\/wp-json\/wp\/v2\/media?parent=82751"}],"wp:term":[{"taxonomy":"product_brand","embeddable":true,"href":"https:\/\/www.bagnoitalia.com\/es\/wp-json\/wp\/v2\/product_brand?post=82751"},{"taxonomy":"product_cat","embeddable":true,"href":"https:\/\/www.bagnoitalia.com\/es\/wp-json\/wp\/v2\/product_cat?post=82751"},{"taxonomy":"product_tag","embeddable":true,"href":"https:\/\/www.bagnoitalia.com\/es\/wp-json\/wp\/v2\/product_tag?post=82751"}],"curies":[{"name":"wp","href":"https:\/\/api.w.org\/{rel}","templated":true}]}}