{"id":82606,"date":"2022-11-08T08:36:14","date_gmt":"2022-11-08T07:36:14","guid":{"rendered":"https:\/\/www.bagnoitalia.com\/product\/basin-or-bidet-mixer-with-waste-or-bathtub-with-hand-shower-brand-paffoni-rb93-2"},"modified":"2024-05-23T15:41:35","modified_gmt":"2024-05-23T13:41:35","slug":"basin-or-bidet-mixer-with-waste-or-bathtub-with-hand-shower-brand-paffoni-rb93-2","status":"publish","type":"product","link":"https:\/\/www.bagnoitalia.com\/es\/producto\/basin-or-bidet-mixer-with-waste-or-bathtub-with-hand-shower-brand-paffoni-rb93-2.html","title":{"rendered":"Mezclador de lavabo o bid\u00e9 con desag\u00fce o ba\u00f1era con ducha manual marca Paffoni RB93"},"content":{"rendered":"<p><span style=\"text-decoration: underline; background-color: #ffff00; color: #ff0000; font-size: 14pt;\"><strong><span style=\"background-color: #ffffff;\">MEZCLADORAS PAFFONI RB93<\/span><br \/>\n<\/strong><\/span><br \/>\nModerna l\u00ednea de grifer\u00eda de ba\u00f1o de la reconocida marca italiana Paffoni.<\/p>\n<p>&nbsp;<\/p>\n<p><span style=\"text-decoration: underline;\"><strong>SELECCIONE EN EL MEN\u00da LATERAL UNO O VARIOS DE LOS SIGUIENTES PRODUCTOS:<br \/>\n<\/strong><\/span><br \/>\n&#8211; Mezclador de un orificio con desag\u00fce y desag\u00fce autom\u00e1tico para el lavabo<\/p>\n<p>&#8211; Mezclador de un orificio con desag\u00fce y desag\u00fce emergente para bid\u00e9 (con ca\u00f1o giratorio)<\/p>\n<p>&#8211; Mezclador de ba\u00f1era de doble orificio que incluye ducha de mano (con soporte de pared) y desviador<\/p>\n<p>Las mangueras de acero inoxidable est\u00e1n incluidas en el precio<\/p>\n<p>&nbsp;<\/p>\n<p><span style=\"text-decoration: underline;\"><strong>ATENCI\u00d3N: La grifer\u00eda de ducha de la misma l\u00ednea tambi\u00e9n est\u00e1 disponible. <a href=\"https:\/\/www.bagnoitalia.it\/miscelatore-paffoni-per-doccia-in-ottone-cromato-in-due-tipologie-rb94.html\">HAGA CLIC AQU\u00cd PARA VERLO<\/a><br \/>\n<\/strong><\/span><br \/>\n&nbsp;<\/p>\n<p>&nbsp;<\/p>\n<p>&nbsp;<\/p>\n<p>&nbsp;<\/p>\n<p>&nbsp;<\/p>\n<p>95SK9<br \/>\n54QB9<br \/>\n16ZR8<\/p>\n","protected":false},"excerpt":{"rendered":"<p>Mezcladores italianos Paffoni para lavabo o bid\u00e9 con desag\u00fce autom\u00e1tico. El mezclador de ducha tambi\u00e9n incluye una ducha lateral. Mangueras incluidas<\/p>\n","protected":false},"featured_media":57900,"comment_status":"open","ping_status":"closed","template":"","meta":[],"product_brand":[9902,9956],"product_cat":[10038,10041,10053],"product_tag":[],"class_list":{"0":"post-82606","1":"product","2":"type-product","3":"status-publish","4":"has-post-thumbnail","6":"product_brand-baritermo-es","7":"product_brand-thermo-professional-es","8":"product_cat-griferia-de-banera","9":"product_cat-griferia-para-bide","10":"product_cat-griferias-de-lavabo","12":"first","13":"instock","14":"sale","15":"taxable","16":"shipping-taxable","17":"purchasable","18":"product-type-simple"},"exclude_global_add_ons":false,"addons":[{"name":"Grifer\u00eda","type":"multiple_choice","position":0,"required":true,"title_format":"heading","default":"","description_enable":false,"description":"","placeholder_enable":false,"placeholder":"","display":"select","restrictions_type":"any_text","adjust_price":false,"price":"","price_type":"flat_fee","restrictions":false,"min":"0","max":"0","options":[{"label":"para lavabo","price":"","price_type":"quantity_based","image":0,"visibility":true},{"label":"para bid\u00e9","price":"","price_type":"quantity_based","image":0,"visibility":true},{"label":"para ba\u00f1era + teleducha","price":"45","price_type":"quantity_based","image":0,"visibility":true}],"id":1716478896}],"yoast_head":"<!-- This site is optimized with the Yoast SEO plugin v26.7 - https:\/\/yoast.com\/wordpress\/plugins\/seo\/ -->\n<title>Mezclador de lavabo o bid\u00e9 con desag\u00fce o ba\u00f1era con ducha manual marca Paffoni RB93 - Bagno Italia<\/title>\n<meta name=\"description\" content=\"Mezcladores italianos Paffoni para lavabo o bid\u00e9 con desag\u00fce autom\u00e1tico. El mezclador de ducha tambi\u00e9n incluye una ducha lateral. Mangueras incluidas\" \/>\n<meta name=\"robots\" content=\"index, follow, max-snippet:-1, max-image-preview:large, max-video-preview:-1\" \/>\n<link rel=\"canonical\" href=\"https:\/\/www.bagnoitalia.com\/es\/producto\/basin-or-bidet-mixer-with-waste-or-bathtub-with-hand-shower-brand-paffoni-rb93-2.html\" \/>\n<meta property=\"og:locale\" content=\"es_ES\" \/>\n<meta property=\"og:type\" content=\"article\" \/>\n<meta property=\"og:title\" content=\"Mezclador de lavabo o bid\u00e9 con desag\u00fce o ba\u00f1era con ducha manual marca Paffoni RB93 - Bagno Italia\" \/>\n<meta property=\"og:description\" content=\"Mezcladores italianos Paffoni para lavabo o bid\u00e9 con desag\u00fce autom\u00e1tico. El mezclador de ducha tambi\u00e9n incluye una ducha lateral. Mangueras incluidas\" \/>\n<meta property=\"og:url\" content=\"https:\/\/www.bagnoitalia.com\/es\/producto\/basin-or-bidet-mixer-with-waste-or-bathtub-with-hand-shower-brand-paffoni-rb93-2.html\" \/>\n<meta property=\"og:site_name\" content=\"Bagno Italia\" \/>\n<meta property=\"article:modified_time\" content=\"2024-05-23T13:41:35+00:00\" \/>\n<meta property=\"og:image\" content=\"https:\/\/img.bagnoitalia.com\/wp-content\/uploads\/virtuemart\/product\/mixer-paffoni-for-bidet-basin-bathtub-1.jpg\" \/>\n\t<meta property=\"og:image:width\" content=\"550\" \/>\n\t<meta property=\"og:image:height\" content=\"550\" \/>\n\t<meta property=\"og:image:type\" content=\"image\/jpeg\" \/>\n<meta name=\"twitter:card\" content=\"summary_large_image\" \/>\n<meta name=\"twitter:label1\" content=\"Tiempo de lectura\" \/>\n\t<meta name=\"twitter:data1\" content=\"1 minuto\" \/>\n<script type=\"application\/ld+json\" class=\"yoast-schema-graph\">{\"@context\":\"https:\/\/schema.org\",\"@graph\":[{\"@type\":\"WebPage\",\"@id\":\"https:\/\/www.bagnoitalia.com\/es\/producto\/basin-or-bidet-mixer-with-waste-or-bathtub-with-hand-shower-brand-paffoni-rb93-2.html\",\"url\":\"https:\/\/www.bagnoitalia.com\/es\/producto\/basin-or-bidet-mixer-with-waste-or-bathtub-with-hand-shower-brand-paffoni-rb93-2.html\",\"name\":\"Mezclador de lavabo o bid\u00e9 con desag\u00fce o ba\u00f1era con ducha manual marca Paffoni RB93 - Bagno Italia\",\"isPartOf\":{\"@id\":\"https:\/\/www.bagnoitalia.com\/es#website\"},\"primaryImageOfPage\":{\"@id\":\"https:\/\/www.bagnoitalia.com\/es\/producto\/basin-or-bidet-mixer-with-waste-or-bathtub-with-hand-shower-brand-paffoni-rb93-2.html#primaryimage\"},\"image\":{\"@id\":\"https:\/\/www.bagnoitalia.com\/es\/producto\/basin-or-bidet-mixer-with-waste-or-bathtub-with-hand-shower-brand-paffoni-rb93-2.html#primaryimage\"},\"thumbnailUrl\":\"https:\/\/img.bagnoitalia.com\/wp-content\/uploads\/virtuemart\/product\/mixer-paffoni-for-bidet-basin-bathtub-1.jpg\",\"datePublished\":\"2022-11-08T07:36:14+00:00\",\"dateModified\":\"2024-05-23T13:41:35+00:00\",\"description\":\"Mezcladores italianos Paffoni para lavabo o bid\u00e9 con desag\u00fce autom\u00e1tico. El mezclador de ducha tambi\u00e9n incluye una ducha lateral. Mangueras incluidas\",\"breadcrumb\":{\"@id\":\"https:\/\/www.bagnoitalia.com\/es\/producto\/basin-or-bidet-mixer-with-waste-or-bathtub-with-hand-shower-brand-paffoni-rb93-2.html#breadcrumb\"},\"inLanguage\":\"es\",\"potentialAction\":[{\"@type\":\"ReadAction\",\"target\":[\"https:\/\/www.bagnoitalia.com\/es\/producto\/basin-or-bidet-mixer-with-waste-or-bathtub-with-hand-shower-brand-paffoni-rb93-2.html\"]}]},{\"@type\":\"ImageObject\",\"inLanguage\":\"es\",\"@id\":\"https:\/\/www.bagnoitalia.com\/es\/producto\/basin-or-bidet-mixer-with-waste-or-bathtub-with-hand-shower-brand-paffoni-rb93-2.html#primaryimage\",\"url\":\"https:\/\/img.bagnoitalia.com\/wp-content\/uploads\/virtuemart\/product\/mixer-paffoni-for-bidet-basin-bathtub-1.jpg\",\"contentUrl\":\"https:\/\/img.bagnoitalia.com\/wp-content\/uploads\/virtuemart\/product\/mixer-paffoni-for-bidet-basin-bathtub-1.jpg\",\"width\":550,\"height\":550},{\"@type\":\"BreadcrumbList\",\"@id\":\"https:\/\/www.bagnoitalia.com\/es\/producto\/basin-or-bidet-mixer-with-waste-or-bathtub-with-hand-shower-brand-paffoni-rb93-2.html#breadcrumb\",\"itemListElement\":[{\"@type\":\"ListItem\",\"position\":1,\"name\":\"Home\",\"item\":\"https:\/\/www.bagnoitalia.com\/es\"},{\"@type\":\"ListItem\",\"position\":2,\"name\":\"Productos\",\"item\":\"https:\/\/www.bagnoitalia.com\/es\/shop\"},{\"@type\":\"ListItem\",\"position\":3,\"name\":\"Mezclador de lavabo o bid\u00e9 con desag\u00fce o ba\u00f1era con ducha manual marca Paffoni RB93\"}]},{\"@type\":\"WebSite\",\"@id\":\"https:\/\/www.bagnoitalia.com\/es#website\",\"url\":\"https:\/\/www.bagnoitalia.com\/es\",\"name\":\"Bagno Italia\",\"description\":\"\",\"publisher\":{\"@id\":\"https:\/\/www.bagnoitalia.com\/es#organization\"},\"potentialAction\":[{\"@type\":\"SearchAction\",\"target\":{\"@type\":\"EntryPoint\",\"urlTemplate\":\"https:\/\/www.bagnoitalia.com\/es?s={search_term_string}\"},\"query-input\":{\"@type\":\"PropertyValueSpecification\",\"valueRequired\":true,\"valueName\":\"search_term_string\"}}],\"inLanguage\":\"es\"},{\"@type\":\"Organization\",\"@id\":\"https:\/\/www.bagnoitalia.com\/es#organization\",\"name\":\"Bagno Italia\",\"url\":\"https:\/\/www.bagnoitalia.com\/es\",\"logo\":{\"@type\":\"ImageObject\",\"inLanguage\":\"es\",\"@id\":\"https:\/\/www.bagnoitalia.com\/es#\/schema\/logo\/image\/\",\"url\":\"https:\/\/img.bagnoitalia.com\/wp-content\/uploads\/logo-bagnoitalia.webp\",\"contentUrl\":\"https:\/\/img.bagnoitalia.com\/wp-content\/uploads\/logo-bagnoitalia.webp\",\"width\":400,\"height\":70,\"caption\":\"Bagno Italia\"},\"image\":{\"@id\":\"https:\/\/www.bagnoitalia.com\/es#\/schema\/logo\/image\/\"}}]}<\/script>\n<!-- \/ Yoast SEO plugin. -->","yoast_head_json":{"title":"Mezclador de lavabo o bid\u00e9 con desag\u00fce o ba\u00f1era con ducha manual marca Paffoni RB93 - Bagno Italia","description":"Mezcladores italianos Paffoni para lavabo o bid\u00e9 con desag\u00fce autom\u00e1tico. El mezclador de ducha tambi\u00e9n incluye una ducha lateral. Mangueras incluidas","robots":{"index":"index","follow":"follow","max-snippet":"max-snippet:-1","max-image-preview":"max-image-preview:large","max-video-preview":"max-video-preview:-1"},"canonical":"https:\/\/www.bagnoitalia.com\/es\/producto\/basin-or-bidet-mixer-with-waste-or-bathtub-with-hand-shower-brand-paffoni-rb93-2.html","og_locale":"es_ES","og_type":"article","og_title":"Mezclador de lavabo o bid\u00e9 con desag\u00fce o ba\u00f1era con ducha manual marca Paffoni RB93 - Bagno Italia","og_description":"Mezcladores italianos Paffoni para lavabo o bid\u00e9 con desag\u00fce autom\u00e1tico. El mezclador de ducha tambi\u00e9n incluye una ducha lateral. Mangueras incluidas","og_url":"https:\/\/www.bagnoitalia.com\/es\/producto\/basin-or-bidet-mixer-with-waste-or-bathtub-with-hand-shower-brand-paffoni-rb93-2.html","og_site_name":"Bagno Italia","article_modified_time":"2024-05-23T13:41:35+00:00","og_image":[{"width":550,"height":550,"url":"https:\/\/img.bagnoitalia.com\/wp-content\/uploads\/virtuemart\/product\/mixer-paffoni-for-bidet-basin-bathtub-1.jpg","type":"image\/jpeg"}],"twitter_card":"summary_large_image","twitter_misc":{"Tiempo de lectura":"1 minuto"},"schema":{"@context":"https:\/\/schema.org","@graph":[{"@type":"WebPage","@id":"https:\/\/www.bagnoitalia.com\/es\/producto\/basin-or-bidet-mixer-with-waste-or-bathtub-with-hand-shower-brand-paffoni-rb93-2.html","url":"https:\/\/www.bagnoitalia.com\/es\/producto\/basin-or-bidet-mixer-with-waste-or-bathtub-with-hand-shower-brand-paffoni-rb93-2.html","name":"Mezclador de lavabo o bid\u00e9 con desag\u00fce o ba\u00f1era con ducha manual marca Paffoni RB93 - Bagno Italia","isPartOf":{"@id":"https:\/\/www.bagnoitalia.com\/es#website"},"primaryImageOfPage":{"@id":"https:\/\/www.bagnoitalia.com\/es\/producto\/basin-or-bidet-mixer-with-waste-or-bathtub-with-hand-shower-brand-paffoni-rb93-2.html#primaryimage"},"image":{"@id":"https:\/\/www.bagnoitalia.com\/es\/producto\/basin-or-bidet-mixer-with-waste-or-bathtub-with-hand-shower-brand-paffoni-rb93-2.html#primaryimage"},"thumbnailUrl":"https:\/\/img.bagnoitalia.com\/wp-content\/uploads\/virtuemart\/product\/mixer-paffoni-for-bidet-basin-bathtub-1.jpg","datePublished":"2022-11-08T07:36:14+00:00","dateModified":"2024-05-23T13:41:35+00:00","description":"Mezcladores italianos Paffoni para lavabo o bid\u00e9 con desag\u00fce autom\u00e1tico. El mezclador de ducha tambi\u00e9n incluye una ducha lateral. Mangueras incluidas","breadcrumb":{"@id":"https:\/\/www.bagnoitalia.com\/es\/producto\/basin-or-bidet-mixer-with-waste-or-bathtub-with-hand-shower-brand-paffoni-rb93-2.html#breadcrumb"},"inLanguage":"es","potentialAction":[{"@type":"ReadAction","target":["https:\/\/www.bagnoitalia.com\/es\/producto\/basin-or-bidet-mixer-with-waste-or-bathtub-with-hand-shower-brand-paffoni-rb93-2.html"]}]},{"@type":"ImageObject","inLanguage":"es","@id":"https:\/\/www.bagnoitalia.com\/es\/producto\/basin-or-bidet-mixer-with-waste-or-bathtub-with-hand-shower-brand-paffoni-rb93-2.html#primaryimage","url":"https:\/\/img.bagnoitalia.com\/wp-content\/uploads\/virtuemart\/product\/mixer-paffoni-for-bidet-basin-bathtub-1.jpg","contentUrl":"https:\/\/img.bagnoitalia.com\/wp-content\/uploads\/virtuemart\/product\/mixer-paffoni-for-bidet-basin-bathtub-1.jpg","width":550,"height":550},{"@type":"BreadcrumbList","@id":"https:\/\/www.bagnoitalia.com\/es\/producto\/basin-or-bidet-mixer-with-waste-or-bathtub-with-hand-shower-brand-paffoni-rb93-2.html#breadcrumb","itemListElement":[{"@type":"ListItem","position":1,"name":"Home","item":"https:\/\/www.bagnoitalia.com\/es"},{"@type":"ListItem","position":2,"name":"Productos","item":"https:\/\/www.bagnoitalia.com\/es\/shop"},{"@type":"ListItem","position":3,"name":"Mezclador de lavabo o bid\u00e9 con desag\u00fce o ba\u00f1era con ducha manual marca Paffoni RB93"}]},{"@type":"WebSite","@id":"https:\/\/www.bagnoitalia.com\/es#website","url":"https:\/\/www.bagnoitalia.com\/es","name":"Bagno Italia","description":"","publisher":{"@id":"https:\/\/www.bagnoitalia.com\/es#organization"},"potentialAction":[{"@type":"SearchAction","target":{"@type":"EntryPoint","urlTemplate":"https:\/\/www.bagnoitalia.com\/es?s={search_term_string}"},"query-input":{"@type":"PropertyValueSpecification","valueRequired":true,"valueName":"search_term_string"}}],"inLanguage":"es"},{"@type":"Organization","@id":"https:\/\/www.bagnoitalia.com\/es#organization","name":"Bagno Italia","url":"https:\/\/www.bagnoitalia.com\/es","logo":{"@type":"ImageObject","inLanguage":"es","@id":"https:\/\/www.bagnoitalia.com\/es#\/schema\/logo\/image\/","url":"https:\/\/img.bagnoitalia.com\/wp-content\/uploads\/logo-bagnoitalia.webp","contentUrl":"https:\/\/img.bagnoitalia.com\/wp-content\/uploads\/logo-bagnoitalia.webp","width":400,"height":70,"caption":"Bagno Italia"},"image":{"@id":"https:\/\/www.bagnoitalia.com\/es#\/schema\/logo\/image\/"}}]}},"_links":{"self":[{"href":"https:\/\/www.bagnoitalia.com\/es\/wp-json\/wp\/v2\/product\/82606","targetHints":{"allow":["GET"]}}],"collection":[{"href":"https:\/\/www.bagnoitalia.com\/es\/wp-json\/wp\/v2\/product"}],"about":[{"href":"https:\/\/www.bagnoitalia.com\/es\/wp-json\/wp\/v2\/types\/product"}],"replies":[{"embeddable":true,"href":"https:\/\/www.bagnoitalia.com\/es\/wp-json\/wp\/v2\/comments?post=82606"}],"version-history":[{"count":1,"href":"https:\/\/www.bagnoitalia.com\/es\/wp-json\/wp\/v2\/product\/82606\/revisions"}],"predecessor-version":[{"id":87872,"href":"https:\/\/www.bagnoitalia.com\/es\/wp-json\/wp\/v2\/product\/82606\/revisions\/87872"}],"wp:featuredmedia":[{"embeddable":true,"href":"https:\/\/www.bagnoitalia.com\/es\/wp-json\/wp\/v2\/media\/57900"}],"wp:attachment":[{"href":"https:\/\/www.bagnoitalia.com\/es\/wp-json\/wp\/v2\/media?parent=82606"}],"wp:term":[{"taxonomy":"product_brand","embeddable":true,"href":"https:\/\/www.bagnoitalia.com\/es\/wp-json\/wp\/v2\/product_brand?post=82606"},{"taxonomy":"product_cat","embeddable":true,"href":"https:\/\/www.bagnoitalia.com\/es\/wp-json\/wp\/v2\/product_cat?post=82606"},{"taxonomy":"product_tag","embeddable":true,"href":"https:\/\/www.bagnoitalia.com\/es\/wp-json\/wp\/v2\/product_tag?post=82606"}],"curies":[{"name":"wp","href":"https:\/\/api.w.org\/{rel}","templated":true}]}}