{"id":82517,"date":"2022-09-15T13:25:28","date_gmt":"2022-09-15T11:25:28","guid":{"rendered":"https:\/\/www.bagnoitalia.com\/product\/finnish-sauna-with-2-3-seats-available-from-120x105-150x105-or-180x105-cm-with-bluetooth-function-and-chromotherapy-sn055-2"},"modified":"2026-03-09T14:56:19","modified_gmt":"2026-03-09T13:56:19","slug":"finnish-sauna-with-2-3-seats-available-from-120x105-150x105-or-180x105-cm-with-bluetooth-function-and-chromotherapy-sn055-2","status":"publish","type":"product","link":"https:\/\/www.bagnoitalia.com\/es\/producto\/finnish-sauna-with-2-3-seats-available-from-120x105-150x105-or-180x105-cm-with-bluetooth-function-and-chromotherapy-sn055-2.html","title":{"rendered":"Sauna finlandesa para 2 personas, 120 x 105 cm, con Bluetooth y funci\u00f3n de cromoterapia SN055"},"content":{"rendered":"<p>Sauna finlandesa 120 x 105 cm SN055<\/p>\n<p>&nbsp;<\/p>\n<p>&nbsp;<\/p>\n<p>&nbsp;<\/p>\n<p>DETALLES DEL PRODUCTO<\/p>\n<p>Sauna finlandesa para 2 personas.<\/p>\n<p>Dimensiones: 120 x 105 x 190 cm (alto).<\/p>\n<p>Peso: 168 kg.<\/p>\n<p>Calentador: 3 kW.<\/p>\n<p>Fuente de alimentaci\u00f3n: 220 V.<\/p>\n<p>Radio FM con funci\u00f3n Bluetooth.<\/p>\n<p>L\u00e1mpara de iluminaci\u00f3n.<\/p>\n<p>LED para cromoterapia.<\/p>\n<p>Estufa con piedras de lava (aprox. 15 kg).<\/p>\n<p>Reloj de arena.<\/p>\n<p>Termo-higr\u00f3metro.<\/p>\n<p>Cubo de madera con cuchar\u00f3n.<\/p>\n<p>&nbsp;<\/p>\n<p>FUNCIONES DE LA PANTALLA DE CONTROL<\/p>\n<p>Interruptor de encendido\/apagado de la sauna.<\/p>\n<p>Ajuste de la temperatura deseada.<\/p>\n<p>Temporizador de duraci\u00f3n de la sesi\u00f3n.<\/p>\n<p>Cromoterapia: con la opci\u00f3n de seleccionar un solo color o activar la funci\u00f3n RGB.<\/p>\n<p>Radio: b\u00fasqueda de canales y almacenamiento de favoritos<\/p>\n<p>Bluetooth: opci\u00f3n de conectar un dispositivo externo con contrase\u00f1a: 0000<\/p>\n<p>&nbsp;<\/p>\n<p>MATERIALES<\/p>\n<p>Sauna de madera de pino finland\u00e9s de 46 mm<\/p>\n<p>Suelo de madera (para instalar sobre el suelo existente)<\/p>\n<p>Pared trasera de piedra cristalizada<\/p>\n<p>Pared frontal de vidrio templado de 48 mm<\/p>\n<p>Cubierta de madera para la estufa<\/p>\n<p>Tirador y bisagras de acero inoxidable<\/p>\n","protected":false},"excerpt":{"rendered":"<p>Sauna fabricada en madera de pino finland\u00e9s, altura 190 cm. Incluye conexi\u00f3n Bluetooth, radio FM y luces LED para cromoterapia.<\/p>\n","protected":false},"featured_media":116629,"comment_status":"open","ping_status":"closed","template":"","meta":[],"product_brand":[10111],"product_cat":[9733],"product_tag":[],"class_list":{"0":"post-82517","1":"product","2":"type-product","3":"status-publish","4":"has-post-thumbnail","6":"product_brand-joyee","7":"product_cat-sauna-finlandesa","9":"first","10":"instock","11":"sale","12":"taxable","13":"shipping-taxable","14":"purchasable","15":"product-type-simple"},"exclude_global_add_ons":[],"addons":[],"yoast_head":"<!-- This site is optimized with the Yoast SEO plugin v26.7 - https:\/\/yoast.com\/wordpress\/plugins\/seo\/ -->\n<title>Sauna finlandesa para 2 personas, 120 x 105 cm, con Bluetooth y funci\u00f3n de cromoterapia SN055 - Bagno Italia<\/title>\n<meta name=\"description\" content=\"Sauna de madera de pino finland\u00e9s, disponible en 3 tama\u00f1os. Altura 190 cm. Incluye conexi\u00f3n Bluetooth, radio fm y luces led para cromoterapia.\" \/>\n<meta name=\"robots\" content=\"index, follow, max-snippet:-1, max-image-preview:large, max-video-preview:-1\" \/>\n<link rel=\"canonical\" href=\"https:\/\/www.bagnoitalia.com\/es\/producto\/finnish-sauna-with-2-3-seats-available-from-120x105-150x105-or-180x105-cm-with-bluetooth-function-and-chromotherapy-sn055-2.html\" \/>\n<meta property=\"og:locale\" content=\"es_ES\" \/>\n<meta property=\"og:type\" content=\"article\" \/>\n<meta property=\"og:title\" content=\"Sauna finlandesa para 2 personas, 120 x 105 cm, con Bluetooth y funci\u00f3n de cromoterapia SN055 - Bagno Italia\" \/>\n<meta property=\"og:description\" content=\"Sauna de madera de pino finland\u00e9s, disponible en 3 tama\u00f1os. Altura 190 cm. Incluye conexi\u00f3n Bluetooth, radio fm y luces led para cromoterapia.\" \/>\n<meta property=\"og:url\" content=\"https:\/\/www.bagnoitalia.com\/es\/producto\/finnish-sauna-with-2-3-seats-available-from-120x105-150x105-or-180x105-cm-with-bluetooth-function-and-chromotherapy-sn055-2.html\" \/>\n<meta property=\"og:site_name\" content=\"Bagno Italia\" \/>\n<meta property=\"article:modified_time\" content=\"2026-03-09T13:56:19+00:00\" \/>\n<meta property=\"og:image\" content=\"https:\/\/img.bagnoitalia.com\/wp-content\/uploads\/1-103.jpg\" \/>\n\t<meta property=\"og:image:width\" content=\"550\" \/>\n\t<meta property=\"og:image:height\" content=\"550\" \/>\n\t<meta property=\"og:image:type\" content=\"image\/jpeg\" \/>\n<meta name=\"twitter:card\" content=\"summary_large_image\" \/>\n<meta name=\"twitter:label1\" content=\"Tiempo de lectura\" \/>\n\t<meta name=\"twitter:data1\" content=\"1 minuto\" \/>\n<script type=\"application\/ld+json\" class=\"yoast-schema-graph\">{\"@context\":\"https:\/\/schema.org\",\"@graph\":[{\"@type\":\"WebPage\",\"@id\":\"https:\/\/www.bagnoitalia.com\/es\/producto\/finnish-sauna-with-2-3-seats-available-from-120x105-150x105-or-180x105-cm-with-bluetooth-function-and-chromotherapy-sn055-2.html\",\"url\":\"https:\/\/www.bagnoitalia.com\/es\/producto\/finnish-sauna-with-2-3-seats-available-from-120x105-150x105-or-180x105-cm-with-bluetooth-function-and-chromotherapy-sn055-2.html\",\"name\":\"Sauna finlandesa para 2 personas, 120 x 105 cm, con Bluetooth y funci\u00f3n de cromoterapia SN055 - Bagno Italia\",\"isPartOf\":{\"@id\":\"https:\/\/www.bagnoitalia.com\/es#website\"},\"primaryImageOfPage\":{\"@id\":\"https:\/\/www.bagnoitalia.com\/es\/producto\/finnish-sauna-with-2-3-seats-available-from-120x105-150x105-or-180x105-cm-with-bluetooth-function-and-chromotherapy-sn055-2.html#primaryimage\"},\"image\":{\"@id\":\"https:\/\/www.bagnoitalia.com\/es\/producto\/finnish-sauna-with-2-3-seats-available-from-120x105-150x105-or-180x105-cm-with-bluetooth-function-and-chromotherapy-sn055-2.html#primaryimage\"},\"thumbnailUrl\":\"https:\/\/img.bagnoitalia.com\/wp-content\/uploads\/1-103.jpg\",\"datePublished\":\"2022-09-15T11:25:28+00:00\",\"dateModified\":\"2026-03-09T13:56:19+00:00\",\"description\":\"Sauna de madera de pino finland\u00e9s, disponible en 3 tama\u00f1os. Altura 190 cm. Incluye conexi\u00f3n Bluetooth, radio fm y luces led para cromoterapia.\",\"breadcrumb\":{\"@id\":\"https:\/\/www.bagnoitalia.com\/es\/producto\/finnish-sauna-with-2-3-seats-available-from-120x105-150x105-or-180x105-cm-with-bluetooth-function-and-chromotherapy-sn055-2.html#breadcrumb\"},\"inLanguage\":\"es\",\"potentialAction\":[{\"@type\":\"ReadAction\",\"target\":[\"https:\/\/www.bagnoitalia.com\/es\/producto\/finnish-sauna-with-2-3-seats-available-from-120x105-150x105-or-180x105-cm-with-bluetooth-function-and-chromotherapy-sn055-2.html\"]}]},{\"@type\":\"ImageObject\",\"inLanguage\":\"es\",\"@id\":\"https:\/\/www.bagnoitalia.com\/es\/producto\/finnish-sauna-with-2-3-seats-available-from-120x105-150x105-or-180x105-cm-with-bluetooth-function-and-chromotherapy-sn055-2.html#primaryimage\",\"url\":\"https:\/\/img.bagnoitalia.com\/wp-content\/uploads\/1-103.jpg\",\"contentUrl\":\"https:\/\/img.bagnoitalia.com\/wp-content\/uploads\/1-103.jpg\",\"width\":550,\"height\":550},{\"@type\":\"BreadcrumbList\",\"@id\":\"https:\/\/www.bagnoitalia.com\/es\/producto\/finnish-sauna-with-2-3-seats-available-from-120x105-150x105-or-180x105-cm-with-bluetooth-function-and-chromotherapy-sn055-2.html#breadcrumb\",\"itemListElement\":[{\"@type\":\"ListItem\",\"position\":1,\"name\":\"Home\",\"item\":\"https:\/\/www.bagnoitalia.com\/es\"},{\"@type\":\"ListItem\",\"position\":2,\"name\":\"Productos\",\"item\":\"https:\/\/www.bagnoitalia.com\/es\/shop\"},{\"@type\":\"ListItem\",\"position\":3,\"name\":\"Sauna finlandesa para 2 personas, 120 x 105 cm, con Bluetooth y funci\u00f3n de cromoterapia SN055\"}]},{\"@type\":\"WebSite\",\"@id\":\"https:\/\/www.bagnoitalia.com\/es#website\",\"url\":\"https:\/\/www.bagnoitalia.com\/es\",\"name\":\"Bagno Italia\",\"description\":\"\",\"publisher\":{\"@id\":\"https:\/\/www.bagnoitalia.com\/es#organization\"},\"potentialAction\":[{\"@type\":\"SearchAction\",\"target\":{\"@type\":\"EntryPoint\",\"urlTemplate\":\"https:\/\/www.bagnoitalia.com\/es?s={search_term_string}\"},\"query-input\":{\"@type\":\"PropertyValueSpecification\",\"valueRequired\":true,\"valueName\":\"search_term_string\"}}],\"inLanguage\":\"es\"},{\"@type\":\"Organization\",\"@id\":\"https:\/\/www.bagnoitalia.com\/es#organization\",\"name\":\"Bagno Italia\",\"url\":\"https:\/\/www.bagnoitalia.com\/es\",\"logo\":{\"@type\":\"ImageObject\",\"inLanguage\":\"es\",\"@id\":\"https:\/\/www.bagnoitalia.com\/es#\/schema\/logo\/image\/\",\"url\":\"https:\/\/img.bagnoitalia.com\/wp-content\/uploads\/logo-bagnoitalia.webp\",\"contentUrl\":\"https:\/\/img.bagnoitalia.com\/wp-content\/uploads\/logo-bagnoitalia.webp\",\"width\":400,\"height\":70,\"caption\":\"Bagno Italia\"},\"image\":{\"@id\":\"https:\/\/www.bagnoitalia.com\/es#\/schema\/logo\/image\/\"}}]}<\/script>\n<!-- \/ Yoast SEO plugin. -->","yoast_head_json":{"title":"Sauna finlandesa para 2 personas, 120 x 105 cm, con Bluetooth y funci\u00f3n de cromoterapia SN055 - Bagno Italia","description":"Sauna de madera de pino finland\u00e9s, disponible en 3 tama\u00f1os. Altura 190 cm. Incluye conexi\u00f3n Bluetooth, radio fm y luces led para cromoterapia.","robots":{"index":"index","follow":"follow","max-snippet":"max-snippet:-1","max-image-preview":"max-image-preview:large","max-video-preview":"max-video-preview:-1"},"canonical":"https:\/\/www.bagnoitalia.com\/es\/producto\/finnish-sauna-with-2-3-seats-available-from-120x105-150x105-or-180x105-cm-with-bluetooth-function-and-chromotherapy-sn055-2.html","og_locale":"es_ES","og_type":"article","og_title":"Sauna finlandesa para 2 personas, 120 x 105 cm, con Bluetooth y funci\u00f3n de cromoterapia SN055 - Bagno Italia","og_description":"Sauna de madera de pino finland\u00e9s, disponible en 3 tama\u00f1os. Altura 190 cm. Incluye conexi\u00f3n Bluetooth, radio fm y luces led para cromoterapia.","og_url":"https:\/\/www.bagnoitalia.com\/es\/producto\/finnish-sauna-with-2-3-seats-available-from-120x105-150x105-or-180x105-cm-with-bluetooth-function-and-chromotherapy-sn055-2.html","og_site_name":"Bagno Italia","article_modified_time":"2026-03-09T13:56:19+00:00","og_image":[{"width":550,"height":550,"url":"https:\/\/img.bagnoitalia.com\/wp-content\/uploads\/1-103.jpg","type":"image\/jpeg"}],"twitter_card":"summary_large_image","twitter_misc":{"Tiempo de lectura":"1 minuto"},"schema":{"@context":"https:\/\/schema.org","@graph":[{"@type":"WebPage","@id":"https:\/\/www.bagnoitalia.com\/es\/producto\/finnish-sauna-with-2-3-seats-available-from-120x105-150x105-or-180x105-cm-with-bluetooth-function-and-chromotherapy-sn055-2.html","url":"https:\/\/www.bagnoitalia.com\/es\/producto\/finnish-sauna-with-2-3-seats-available-from-120x105-150x105-or-180x105-cm-with-bluetooth-function-and-chromotherapy-sn055-2.html","name":"Sauna finlandesa para 2 personas, 120 x 105 cm, con Bluetooth y funci\u00f3n de cromoterapia SN055 - Bagno Italia","isPartOf":{"@id":"https:\/\/www.bagnoitalia.com\/es#website"},"primaryImageOfPage":{"@id":"https:\/\/www.bagnoitalia.com\/es\/producto\/finnish-sauna-with-2-3-seats-available-from-120x105-150x105-or-180x105-cm-with-bluetooth-function-and-chromotherapy-sn055-2.html#primaryimage"},"image":{"@id":"https:\/\/www.bagnoitalia.com\/es\/producto\/finnish-sauna-with-2-3-seats-available-from-120x105-150x105-or-180x105-cm-with-bluetooth-function-and-chromotherapy-sn055-2.html#primaryimage"},"thumbnailUrl":"https:\/\/img.bagnoitalia.com\/wp-content\/uploads\/1-103.jpg","datePublished":"2022-09-15T11:25:28+00:00","dateModified":"2026-03-09T13:56:19+00:00","description":"Sauna de madera de pino finland\u00e9s, disponible en 3 tama\u00f1os. Altura 190 cm. Incluye conexi\u00f3n Bluetooth, radio fm y luces led para cromoterapia.","breadcrumb":{"@id":"https:\/\/www.bagnoitalia.com\/es\/producto\/finnish-sauna-with-2-3-seats-available-from-120x105-150x105-or-180x105-cm-with-bluetooth-function-and-chromotherapy-sn055-2.html#breadcrumb"},"inLanguage":"es","potentialAction":[{"@type":"ReadAction","target":["https:\/\/www.bagnoitalia.com\/es\/producto\/finnish-sauna-with-2-3-seats-available-from-120x105-150x105-or-180x105-cm-with-bluetooth-function-and-chromotherapy-sn055-2.html"]}]},{"@type":"ImageObject","inLanguage":"es","@id":"https:\/\/www.bagnoitalia.com\/es\/producto\/finnish-sauna-with-2-3-seats-available-from-120x105-150x105-or-180x105-cm-with-bluetooth-function-and-chromotherapy-sn055-2.html#primaryimage","url":"https:\/\/img.bagnoitalia.com\/wp-content\/uploads\/1-103.jpg","contentUrl":"https:\/\/img.bagnoitalia.com\/wp-content\/uploads\/1-103.jpg","width":550,"height":550},{"@type":"BreadcrumbList","@id":"https:\/\/www.bagnoitalia.com\/es\/producto\/finnish-sauna-with-2-3-seats-available-from-120x105-150x105-or-180x105-cm-with-bluetooth-function-and-chromotherapy-sn055-2.html#breadcrumb","itemListElement":[{"@type":"ListItem","position":1,"name":"Home","item":"https:\/\/www.bagnoitalia.com\/es"},{"@type":"ListItem","position":2,"name":"Productos","item":"https:\/\/www.bagnoitalia.com\/es\/shop"},{"@type":"ListItem","position":3,"name":"Sauna finlandesa para 2 personas, 120 x 105 cm, con Bluetooth y funci\u00f3n de cromoterapia SN055"}]},{"@type":"WebSite","@id":"https:\/\/www.bagnoitalia.com\/es#website","url":"https:\/\/www.bagnoitalia.com\/es","name":"Bagno Italia","description":"","publisher":{"@id":"https:\/\/www.bagnoitalia.com\/es#organization"},"potentialAction":[{"@type":"SearchAction","target":{"@type":"EntryPoint","urlTemplate":"https:\/\/www.bagnoitalia.com\/es?s={search_term_string}"},"query-input":{"@type":"PropertyValueSpecification","valueRequired":true,"valueName":"search_term_string"}}],"inLanguage":"es"},{"@type":"Organization","@id":"https:\/\/www.bagnoitalia.com\/es#organization","name":"Bagno Italia","url":"https:\/\/www.bagnoitalia.com\/es","logo":{"@type":"ImageObject","inLanguage":"es","@id":"https:\/\/www.bagnoitalia.com\/es#\/schema\/logo\/image\/","url":"https:\/\/img.bagnoitalia.com\/wp-content\/uploads\/logo-bagnoitalia.webp","contentUrl":"https:\/\/img.bagnoitalia.com\/wp-content\/uploads\/logo-bagnoitalia.webp","width":400,"height":70,"caption":"Bagno Italia"},"image":{"@id":"https:\/\/www.bagnoitalia.com\/es#\/schema\/logo\/image\/"}}]}},"_links":{"self":[{"href":"https:\/\/www.bagnoitalia.com\/es\/wp-json\/wp\/v2\/product\/82517","targetHints":{"allow":["GET"]}}],"collection":[{"href":"https:\/\/www.bagnoitalia.com\/es\/wp-json\/wp\/v2\/product"}],"about":[{"href":"https:\/\/www.bagnoitalia.com\/es\/wp-json\/wp\/v2\/types\/product"}],"replies":[{"embeddable":true,"href":"https:\/\/www.bagnoitalia.com\/es\/wp-json\/wp\/v2\/comments?post=82517"}],"version-history":[{"count":3,"href":"https:\/\/www.bagnoitalia.com\/es\/wp-json\/wp\/v2\/product\/82517\/revisions"}],"predecessor-version":[{"id":116669,"href":"https:\/\/www.bagnoitalia.com\/es\/wp-json\/wp\/v2\/product\/82517\/revisions\/116669"}],"wp:featuredmedia":[{"embeddable":true,"href":"https:\/\/www.bagnoitalia.com\/es\/wp-json\/wp\/v2\/media\/116629"}],"wp:attachment":[{"href":"https:\/\/www.bagnoitalia.com\/es\/wp-json\/wp\/v2\/media?parent=82517"}],"wp:term":[{"taxonomy":"product_brand","embeddable":true,"href":"https:\/\/www.bagnoitalia.com\/es\/wp-json\/wp\/v2\/product_brand?post=82517"},{"taxonomy":"product_cat","embeddable":true,"href":"https:\/\/www.bagnoitalia.com\/es\/wp-json\/wp\/v2\/product_cat?post=82517"},{"taxonomy":"product_tag","embeddable":true,"href":"https:\/\/www.bagnoitalia.com\/es\/wp-json\/wp\/v2\/product_tag?post=82517"}],"curies":[{"name":"wp","href":"https:\/\/api.w.org\/{rel}","templated":true}]}}