{"id":82493,"date":"2022-09-07T13:40:12","date_gmt":"2022-09-07T11:40:12","guid":{"rendered":"https:\/\/www.bagnoitalia.com\/product\/mspa-185-cm-hydromassage-mini-pool-for-6-people-with-6-water-jets-and-125-air-jets-mg19-2"},"modified":"2025-02-20T12:04:43","modified_gmt":"2025-02-20T11:04:43","slug":"mspa-185-cm-hydromassage-mini-pool-for-6-people-with-6-water-jets-and-125-air-jets-mg19-2","status":"publish","type":"product","link":"https:\/\/www.bagnoitalia.com\/es\/producto\/mspa-185-cm-hydromassage-mini-pool-for-6-people-with-6-water-jets-and-125-air-jets-mg19-2.html","title":{"rendered":"Ba\u00f1era de hidromasaje Mspa 185 cm para 6 personas con 6 chorros de agua y 125 de aire MG19"},"content":{"rendered":"<p style=\"text-align: center;\"><span style=\"text-decoration: underline; color: #ff0000; font-size: 14pt;\"><strong>MINI SQUARE WHIRLPOOL MSPA MG19<\/strong><\/span><\/p>\n<p>&nbsp;<\/p>\n<p><span style=\"text-decoration: underline;\"><strong>CARACTER\u00cdSTICAS:<\/strong><\/span><\/p>\n<p>tama\u00f1o 185x185xH68 cm (tama\u00f1o interno 145 cm)<\/p>\n<p>autoinflable gracias al motor interno<\/p>\n<p>apto para un m\u00e1ximo de 6 personas<\/p>\n<p>n\u00ba 131 jets de hidromasaje en total (125 de aire y 6 de agua)<\/p>\n<p>terapia de ozono<\/p>\n<p>UVC con acci\u00f3n antibacteriana<\/p>\n<p>Calentador de 1,5 kW<\/p>\n<p>Potencia de 220-240 V<\/p>\n<p>potencia de filtraci\u00f3n 12V \/ 60W<\/p>\n<p>potencia de chorros de aire de 3 niveles: L1 300W; L2 500W; L3 720W<\/p>\n<p>Capacidad m\u00e1xima de 930 litros<\/p>\n<p>&nbsp;<\/p>\n<p><span style=\"text-decoration: underline;\"><strong>MATERIAL:<\/strong><\/span><\/p>\n<p>PVC reforzado de 6 capas Rhino-tech premium<\/p>\n<p>&nbsp;<\/p>\n<p><span style=\"text-decoration: underline;\"><strong>ACCESORIOS INCLUIDOS:<\/strong><\/span><\/p>\n<p>Cubierta t\u00e9rmica<\/p>\n<p>alfombra t\u00e9rmica<\/p>\n<p>alfombra flotante<\/p>\n<p>tubo de inflado<\/p>\n<p>1 base filtrante + 2 cartuchos<\/p>\n<p>mando a distancia t\u00e1ctil resistente al agua<\/p>\n<p>Cable de 3,5 m con toma Schuko<\/p>\n<p>&nbsp;<\/p>\n<p><span style=\"text-decoration: underline;\"><strong>ESTRUCTURA DE RAT\u00c1N:<\/strong><\/span><\/p>\n<p>se puede a\u00f1adir un conjunto de aspecto de rat\u00e1n de color gris en el men\u00fa desplegable, para instalarlo alrededor del spa;<\/p>\n<p>El conjunto consta de 7 muebles, 4 de ellos con puertas y 3 abiertos (sin puertas) y est\u00e1 disponible<\/p>\n<p>&#8211; con s\u00f3lo 1 paso<\/p>\n<p>&#8211; con pelda\u00f1os dobles, es decir, formados por 1 pelda\u00f1o simple y 2 pelda\u00f1os colocados uno encima del otro (un total de 3 piezas)<\/p>\n<p>&nbsp;<\/p>\n<p>&nbsp;<\/p>\n","protected":false},"excerpt":{"rendered":"<p>Minipiscina cuadrada autoinflable con chorros de masaje de aire y agua. Tambi\u00e9n disponible con juego de rat\u00e1n para instalar alrededor de la minipiscina<\/p>\n","protected":false},"featured_media":56669,"comment_status":"open","ping_status":"closed","template":"","meta":[],"product_brand":[5004],"product_cat":[10117],"product_tag":[],"class_list":{"0":"post-82493","1":"product","2":"type-product","3":"status-publish","4":"has-post-thumbnail","6":"product_brand-vari-produttori","7":"product_cat-senza-categoria-es","9":"first","10":"outofstock","11":"taxable","12":"shipping-taxable","13":"purchasable","14":"product-type-simple"},"exclude_global_add_ons":false,"addons":[{"name":"Tipolog\u00eda","type":"multiple_choice","position":0,"required":true,"title_format":"heading","default":"","description_enable":false,"description":"","placeholder_enable":false,"placeholder":"","display":"select","restrictions_type":"any_text","adjust_price":false,"price":"","price_type":"flat_fee","restrictions":false,"min":"0","max":"0","options":[{"label":"sin estructura de rat\u00e1n","price":"","price_type":"quantity_based","image":0,"visibility":true},{"label":"[Disponible en mayo] con estructura de rat\u00e1n (1 escal\u00f3n)","price":"1799","price_type":"quantity_based","image":0,"visibility":true},{"label":"[Disponible en mayo] con estructura de rat\u00e1n (doble escal\u00f3n)","price":"1999","price_type":"quantity_based","image":0,"visibility":true}],"id":1716476280}],"yoast_head":"<!-- This site is optimized with the Yoast SEO plugin v26.7 - https:\/\/yoast.com\/wordpress\/plugins\/seo\/ -->\n<title>Ba\u00f1era de hidromasaje Mspa 185 cm para 6 personas con 6 chorros de agua y 125 de aire MG19 - Bagno Italia<\/title>\n<meta name=\"description\" content=\"Minipiscina cuadrada autoinflable con chorros de masaje de aire y agua. Tambi\u00e9n disponible con juego de rat\u00e1n para instalar alrededor de la minipiscina\" \/>\n<meta name=\"robots\" content=\"index, follow, max-snippet:-1, max-image-preview:large, max-video-preview:-1\" \/>\n<link rel=\"canonical\" href=\"https:\/\/www.bagnoitalia.com\/es\/producto\/mspa-185-cm-hydromassage-mini-pool-for-6-people-with-6-water-jets-and-125-air-jets-mg19-2.html\" \/>\n<meta property=\"og:locale\" content=\"es_ES\" \/>\n<meta property=\"og:type\" content=\"article\" \/>\n<meta property=\"og:title\" content=\"Ba\u00f1era de hidromasaje Mspa 185 cm para 6 personas con 6 chorros de agua y 125 de aire MG19 - Bagno Italia\" \/>\n<meta property=\"og:description\" content=\"Minipiscina cuadrada autoinflable con chorros de masaje de aire y agua. Tambi\u00e9n disponible con juego de rat\u00e1n para instalar alrededor de la minipiscina\" \/>\n<meta property=\"og:url\" content=\"https:\/\/www.bagnoitalia.com\/es\/producto\/mspa-185-cm-hydromassage-mini-pool-for-6-people-with-6-water-jets-and-125-air-jets-mg19-2.html\" \/>\n<meta property=\"og:site_name\" content=\"Bagno Italia\" \/>\n<meta property=\"article:modified_time\" content=\"2025-02-20T11:04:43+00:00\" \/>\n<meta property=\"og:image\" content=\"https:\/\/img.bagnoitalia.com\/wp-content\/uploads\/virtuemart\/product\/mspa-185-cm-hydromassage-mini-pool.jpg\" \/>\n\t<meta property=\"og:image:width\" content=\"550\" \/>\n\t<meta property=\"og:image:height\" content=\"550\" \/>\n\t<meta property=\"og:image:type\" content=\"image\/jpeg\" \/>\n<meta name=\"twitter:card\" content=\"summary_large_image\" \/>\n<meta name=\"twitter:label1\" content=\"Tiempo de lectura\" \/>\n\t<meta name=\"twitter:data1\" content=\"2 minutos\" \/>\n<script type=\"application\/ld+json\" class=\"yoast-schema-graph\">{\"@context\":\"https:\/\/schema.org\",\"@graph\":[{\"@type\":\"WebPage\",\"@id\":\"https:\/\/www.bagnoitalia.com\/es\/producto\/mspa-185-cm-hydromassage-mini-pool-for-6-people-with-6-water-jets-and-125-air-jets-mg19-2.html\",\"url\":\"https:\/\/www.bagnoitalia.com\/es\/producto\/mspa-185-cm-hydromassage-mini-pool-for-6-people-with-6-water-jets-and-125-air-jets-mg19-2.html\",\"name\":\"Ba\u00f1era de hidromasaje Mspa 185 cm para 6 personas con 6 chorros de agua y 125 de aire MG19 - Bagno Italia\",\"isPartOf\":{\"@id\":\"https:\/\/www.bagnoitalia.com\/es#website\"},\"primaryImageOfPage\":{\"@id\":\"https:\/\/www.bagnoitalia.com\/es\/producto\/mspa-185-cm-hydromassage-mini-pool-for-6-people-with-6-water-jets-and-125-air-jets-mg19-2.html#primaryimage\"},\"image\":{\"@id\":\"https:\/\/www.bagnoitalia.com\/es\/producto\/mspa-185-cm-hydromassage-mini-pool-for-6-people-with-6-water-jets-and-125-air-jets-mg19-2.html#primaryimage\"},\"thumbnailUrl\":\"https:\/\/img.bagnoitalia.com\/wp-content\/uploads\/virtuemart\/product\/mspa-185-cm-hydromassage-mini-pool.jpg\",\"datePublished\":\"2022-09-07T11:40:12+00:00\",\"dateModified\":\"2025-02-20T11:04:43+00:00\",\"description\":\"Minipiscina cuadrada autoinflable con chorros de masaje de aire y agua. Tambi\u00e9n disponible con juego de rat\u00e1n para instalar alrededor de la minipiscina\",\"breadcrumb\":{\"@id\":\"https:\/\/www.bagnoitalia.com\/es\/producto\/mspa-185-cm-hydromassage-mini-pool-for-6-people-with-6-water-jets-and-125-air-jets-mg19-2.html#breadcrumb\"},\"inLanguage\":\"es\",\"potentialAction\":[{\"@type\":\"ReadAction\",\"target\":[\"https:\/\/www.bagnoitalia.com\/es\/producto\/mspa-185-cm-hydromassage-mini-pool-for-6-people-with-6-water-jets-and-125-air-jets-mg19-2.html\"]}]},{\"@type\":\"ImageObject\",\"inLanguage\":\"es\",\"@id\":\"https:\/\/www.bagnoitalia.com\/es\/producto\/mspa-185-cm-hydromassage-mini-pool-for-6-people-with-6-water-jets-and-125-air-jets-mg19-2.html#primaryimage\",\"url\":\"https:\/\/img.bagnoitalia.com\/wp-content\/uploads\/virtuemart\/product\/mspa-185-cm-hydromassage-mini-pool.jpg\",\"contentUrl\":\"https:\/\/img.bagnoitalia.com\/wp-content\/uploads\/virtuemart\/product\/mspa-185-cm-hydromassage-mini-pool.jpg\",\"width\":550,\"height\":550},{\"@type\":\"BreadcrumbList\",\"@id\":\"https:\/\/www.bagnoitalia.com\/es\/producto\/mspa-185-cm-hydromassage-mini-pool-for-6-people-with-6-water-jets-and-125-air-jets-mg19-2.html#breadcrumb\",\"itemListElement\":[{\"@type\":\"ListItem\",\"position\":1,\"name\":\"Home\",\"item\":\"https:\/\/www.bagnoitalia.com\/es\"},{\"@type\":\"ListItem\",\"position\":2,\"name\":\"Productos\",\"item\":\"https:\/\/www.bagnoitalia.com\/es\/shop\"},{\"@type\":\"ListItem\",\"position\":3,\"name\":\"Ba\u00f1era de hidromasaje Mspa 185 cm para 6 personas con 6 chorros de agua y 125 de aire MG19\"}]},{\"@type\":\"WebSite\",\"@id\":\"https:\/\/www.bagnoitalia.com\/es#website\",\"url\":\"https:\/\/www.bagnoitalia.com\/es\",\"name\":\"Bagno Italia\",\"description\":\"\",\"publisher\":{\"@id\":\"https:\/\/www.bagnoitalia.com\/es#organization\"},\"potentialAction\":[{\"@type\":\"SearchAction\",\"target\":{\"@type\":\"EntryPoint\",\"urlTemplate\":\"https:\/\/www.bagnoitalia.com\/es?s={search_term_string}\"},\"query-input\":{\"@type\":\"PropertyValueSpecification\",\"valueRequired\":true,\"valueName\":\"search_term_string\"}}],\"inLanguage\":\"es\"},{\"@type\":\"Organization\",\"@id\":\"https:\/\/www.bagnoitalia.com\/es#organization\",\"name\":\"Bagno Italia\",\"url\":\"https:\/\/www.bagnoitalia.com\/es\",\"logo\":{\"@type\":\"ImageObject\",\"inLanguage\":\"es\",\"@id\":\"https:\/\/www.bagnoitalia.com\/es#\/schema\/logo\/image\/\",\"url\":\"https:\/\/img.bagnoitalia.com\/wp-content\/uploads\/logo-bagnoitalia.webp\",\"contentUrl\":\"https:\/\/img.bagnoitalia.com\/wp-content\/uploads\/logo-bagnoitalia.webp\",\"width\":400,\"height\":70,\"caption\":\"Bagno Italia\"},\"image\":{\"@id\":\"https:\/\/www.bagnoitalia.com\/es#\/schema\/logo\/image\/\"}}]}<\/script>\n<!-- \/ Yoast SEO plugin. -->","yoast_head_json":{"title":"Ba\u00f1era de hidromasaje Mspa 185 cm para 6 personas con 6 chorros de agua y 125 de aire MG19 - Bagno Italia","description":"Minipiscina cuadrada autoinflable con chorros de masaje de aire y agua. Tambi\u00e9n disponible con juego de rat\u00e1n para instalar alrededor de la minipiscina","robots":{"index":"index","follow":"follow","max-snippet":"max-snippet:-1","max-image-preview":"max-image-preview:large","max-video-preview":"max-video-preview:-1"},"canonical":"https:\/\/www.bagnoitalia.com\/es\/producto\/mspa-185-cm-hydromassage-mini-pool-for-6-people-with-6-water-jets-and-125-air-jets-mg19-2.html","og_locale":"es_ES","og_type":"article","og_title":"Ba\u00f1era de hidromasaje Mspa 185 cm para 6 personas con 6 chorros de agua y 125 de aire MG19 - Bagno Italia","og_description":"Minipiscina cuadrada autoinflable con chorros de masaje de aire y agua. Tambi\u00e9n disponible con juego de rat\u00e1n para instalar alrededor de la minipiscina","og_url":"https:\/\/www.bagnoitalia.com\/es\/producto\/mspa-185-cm-hydromassage-mini-pool-for-6-people-with-6-water-jets-and-125-air-jets-mg19-2.html","og_site_name":"Bagno Italia","article_modified_time":"2025-02-20T11:04:43+00:00","og_image":[{"width":550,"height":550,"url":"https:\/\/img.bagnoitalia.com\/wp-content\/uploads\/virtuemart\/product\/mspa-185-cm-hydromassage-mini-pool.jpg","type":"image\/jpeg"}],"twitter_card":"summary_large_image","twitter_misc":{"Tiempo de lectura":"2 minutos"},"schema":{"@context":"https:\/\/schema.org","@graph":[{"@type":"WebPage","@id":"https:\/\/www.bagnoitalia.com\/es\/producto\/mspa-185-cm-hydromassage-mini-pool-for-6-people-with-6-water-jets-and-125-air-jets-mg19-2.html","url":"https:\/\/www.bagnoitalia.com\/es\/producto\/mspa-185-cm-hydromassage-mini-pool-for-6-people-with-6-water-jets-and-125-air-jets-mg19-2.html","name":"Ba\u00f1era de hidromasaje Mspa 185 cm para 6 personas con 6 chorros de agua y 125 de aire MG19 - Bagno Italia","isPartOf":{"@id":"https:\/\/www.bagnoitalia.com\/es#website"},"primaryImageOfPage":{"@id":"https:\/\/www.bagnoitalia.com\/es\/producto\/mspa-185-cm-hydromassage-mini-pool-for-6-people-with-6-water-jets-and-125-air-jets-mg19-2.html#primaryimage"},"image":{"@id":"https:\/\/www.bagnoitalia.com\/es\/producto\/mspa-185-cm-hydromassage-mini-pool-for-6-people-with-6-water-jets-and-125-air-jets-mg19-2.html#primaryimage"},"thumbnailUrl":"https:\/\/img.bagnoitalia.com\/wp-content\/uploads\/virtuemart\/product\/mspa-185-cm-hydromassage-mini-pool.jpg","datePublished":"2022-09-07T11:40:12+00:00","dateModified":"2025-02-20T11:04:43+00:00","description":"Minipiscina cuadrada autoinflable con chorros de masaje de aire y agua. Tambi\u00e9n disponible con juego de rat\u00e1n para instalar alrededor de la minipiscina","breadcrumb":{"@id":"https:\/\/www.bagnoitalia.com\/es\/producto\/mspa-185-cm-hydromassage-mini-pool-for-6-people-with-6-water-jets-and-125-air-jets-mg19-2.html#breadcrumb"},"inLanguage":"es","potentialAction":[{"@type":"ReadAction","target":["https:\/\/www.bagnoitalia.com\/es\/producto\/mspa-185-cm-hydromassage-mini-pool-for-6-people-with-6-water-jets-and-125-air-jets-mg19-2.html"]}]},{"@type":"ImageObject","inLanguage":"es","@id":"https:\/\/www.bagnoitalia.com\/es\/producto\/mspa-185-cm-hydromassage-mini-pool-for-6-people-with-6-water-jets-and-125-air-jets-mg19-2.html#primaryimage","url":"https:\/\/img.bagnoitalia.com\/wp-content\/uploads\/virtuemart\/product\/mspa-185-cm-hydromassage-mini-pool.jpg","contentUrl":"https:\/\/img.bagnoitalia.com\/wp-content\/uploads\/virtuemart\/product\/mspa-185-cm-hydromassage-mini-pool.jpg","width":550,"height":550},{"@type":"BreadcrumbList","@id":"https:\/\/www.bagnoitalia.com\/es\/producto\/mspa-185-cm-hydromassage-mini-pool-for-6-people-with-6-water-jets-and-125-air-jets-mg19-2.html#breadcrumb","itemListElement":[{"@type":"ListItem","position":1,"name":"Home","item":"https:\/\/www.bagnoitalia.com\/es"},{"@type":"ListItem","position":2,"name":"Productos","item":"https:\/\/www.bagnoitalia.com\/es\/shop"},{"@type":"ListItem","position":3,"name":"Ba\u00f1era de hidromasaje Mspa 185 cm para 6 personas con 6 chorros de agua y 125 de aire MG19"}]},{"@type":"WebSite","@id":"https:\/\/www.bagnoitalia.com\/es#website","url":"https:\/\/www.bagnoitalia.com\/es","name":"Bagno Italia","description":"","publisher":{"@id":"https:\/\/www.bagnoitalia.com\/es#organization"},"potentialAction":[{"@type":"SearchAction","target":{"@type":"EntryPoint","urlTemplate":"https:\/\/www.bagnoitalia.com\/es?s={search_term_string}"},"query-input":{"@type":"PropertyValueSpecification","valueRequired":true,"valueName":"search_term_string"}}],"inLanguage":"es"},{"@type":"Organization","@id":"https:\/\/www.bagnoitalia.com\/es#organization","name":"Bagno Italia","url":"https:\/\/www.bagnoitalia.com\/es","logo":{"@type":"ImageObject","inLanguage":"es","@id":"https:\/\/www.bagnoitalia.com\/es#\/schema\/logo\/image\/","url":"https:\/\/img.bagnoitalia.com\/wp-content\/uploads\/logo-bagnoitalia.webp","contentUrl":"https:\/\/img.bagnoitalia.com\/wp-content\/uploads\/logo-bagnoitalia.webp","width":400,"height":70,"caption":"Bagno Italia"},"image":{"@id":"https:\/\/www.bagnoitalia.com\/es#\/schema\/logo\/image\/"}}]}},"_links":{"self":[{"href":"https:\/\/www.bagnoitalia.com\/es\/wp-json\/wp\/v2\/product\/82493","targetHints":{"allow":["GET"]}}],"collection":[{"href":"https:\/\/www.bagnoitalia.com\/es\/wp-json\/wp\/v2\/product"}],"about":[{"href":"https:\/\/www.bagnoitalia.com\/es\/wp-json\/wp\/v2\/types\/product"}],"replies":[{"embeddable":true,"href":"https:\/\/www.bagnoitalia.com\/es\/wp-json\/wp\/v2\/comments?post=82493"}],"version-history":[{"count":2,"href":"https:\/\/www.bagnoitalia.com\/es\/wp-json\/wp\/v2\/product\/82493\/revisions"}],"predecessor-version":[{"id":102638,"href":"https:\/\/www.bagnoitalia.com\/es\/wp-json\/wp\/v2\/product\/82493\/revisions\/102638"}],"wp:featuredmedia":[{"embeddable":true,"href":"https:\/\/www.bagnoitalia.com\/es\/wp-json\/wp\/v2\/media\/56669"}],"wp:attachment":[{"href":"https:\/\/www.bagnoitalia.com\/es\/wp-json\/wp\/v2\/media?parent=82493"}],"wp:term":[{"taxonomy":"product_brand","embeddable":true,"href":"https:\/\/www.bagnoitalia.com\/es\/wp-json\/wp\/v2\/product_brand?post=82493"},{"taxonomy":"product_cat","embeddable":true,"href":"https:\/\/www.bagnoitalia.com\/es\/wp-json\/wp\/v2\/product_cat?post=82493"},{"taxonomy":"product_tag","embeddable":true,"href":"https:\/\/www.bagnoitalia.com\/es\/wp-json\/wp\/v2\/product_tag?post=82493"}],"curies":[{"name":"wp","href":"https:\/\/api.w.org\/{rel}","templated":true}]}}