{"id":82381,"date":"2022-08-05T15:04:41","date_gmt":"2022-08-05T13:04:41","guid":{"rendered":"https:\/\/www.bagnoitalia.com\/product\/columna-de-ducha-solar-para-jardines-y-piscinas-disponible-en-7-colores-dc015"},"modified":"2025-09-29T16:21:57","modified_gmt":"2025-09-29T14:21:57","slug":"columna-de-ducha-solar-para-jardines-y-piscinas-disponible-en-7-colores-dc015","status":"publish","type":"product","link":"https:\/\/www.bagnoitalia.com\/es\/producto\/columna-de-ducha-solar-para-jardines-y-piscinas-disponible-en-7-colores-dc015.html","title":{"rendered":"Columna de ducha solar para jardines y piscinas disponible en 7 colores DC015"},"content":{"rendered":"<p style=\"text-align: center;\"><span style=\"text-decoration: underline; color: #ff0000; font-size: 14pt;\"><strong>COLUMNA DE DUCHA SOLAR EN 7 COLORES<\/strong><\/span><\/p>\n<p>&nbsp;<\/p>\n<p><span style=\"text-decoration: underline;\"><strong>Caracter\u00edsticas:<\/strong><\/span><\/p>\n<p>Columna de ducha exterior, especialmente indicada para piscinas y jardines<\/p>\n<p>Ducha con calefacci\u00f3n solar<\/p>\n<p>Altura 226 cm<\/p>\n<p>Fabricado en polietileno de alta densidad molecular no t\u00f3xico<\/p>\n<p>colores disponibles: blanco, gris, negro, verde, rojo, azul<\/p>\n<p>Ducha redonda negra de 15 cm de di\u00e1metro<\/p>\n<p>grifo met\u00e1lico negro para el lavado de pies<\/p>\n<p>filtro antical incluido<\/p>\n<p>funda protectora incluida<\/p>\n<p>Dep\u00f3sito de 22 litros<\/p>\n<p>instalaci\u00f3n r\u00e1pida y sencilla<\/p>\n","protected":false},"excerpt":{"rendered":"<p>Ducha con calefacci\u00f3n solar, apta para todo tipo de entornos exteriores (jardines, piscinas, etc.). Dise\u00f1o moderno, disponible en 7 acabados. Altura 226 cm, tambi\u00e9n con grifo de lavado de pies<\/p>\n","protected":false},"featured_media":55795,"comment_status":"open","ping_status":"closed","template":"","meta":[],"product_brand":[9881],"product_cat":[10023],"product_tag":[],"class_list":{"0":"post-82381","1":"product","2":"type-product","3":"status-publish","4":"has-post-thumbnail","6":"product_brand-vari-produttori-es","7":"product_cat-duchas-con-calefaccion-solar","9":"first","10":"instock","11":"sale","12":"taxable","13":"shipping-taxable","14":"purchasable","15":"product-type-simple"},"exclude_global_add_ons":false,"addons":[{"name":"color","type":"multiple_choice","position":0,"required":true,"title_format":"heading","default":"","description_enable":false,"description":"","placeholder_enable":false,"placeholder":"","display":"select","restrictions_type":"any_text","adjust_price":false,"price":"","price_type":"flat_fee","restrictions":false,"min":"0","max":"0","options":[{"label":"azul","price":"","price_type":"quantity_based","image":0,"visibility":true},{"label":"rojo","price":"","price_type":"quantity_based","image":0,"visibility":true},{"label":"gris","price":"","price_type":"quantity_based","image":0,"visibility":true},{"label":"(No disponible) negro","price":"","price_type":"quantity_based","image":0,"visibility":true},{"label":"(No disponible) Blanco","price":"","price_type":"quantity_based","image":0,"visibility":true},{"label":"verde","price":"","price_type":"quantity_based","image":0,"visibility":true}],"id":1718709911}],"yoast_head":"<!-- This site is optimized with the Yoast SEO plugin v26.7 - https:\/\/yoast.com\/wordpress\/plugins\/seo\/ -->\n<title>Columna de ducha solar para jardines y piscinas disponible en 7 colores DC015 - Bagno Italia<\/title>\n<meta name=\"robots\" content=\"index, follow, max-snippet:-1, max-image-preview:large, max-video-preview:-1\" \/>\n<link rel=\"canonical\" href=\"https:\/\/www.bagnoitalia.com\/es\/producto\/columna-de-ducha-solar-para-jardines-y-piscinas-disponible-en-7-colores-dc015.html\" \/>\n<meta property=\"og:locale\" content=\"es_ES\" \/>\n<meta property=\"og:type\" content=\"article\" \/>\n<meta property=\"og:title\" content=\"Columna de ducha solar para jardines y piscinas disponible en 7 colores DC015 - Bagno Italia\" \/>\n<meta property=\"og:description\" content=\"Ducha con calefacci\u00f3n solar, apta para todo tipo de entornos exteriores (jardines, piscinas, etc.). Dise\u00f1o moderno, disponible en 7 acabados. Altura 226 cm, tambi\u00e9n con grifo de lavado de pies\" \/>\n<meta property=\"og:url\" content=\"https:\/\/www.bagnoitalia.com\/es\/producto\/columna-de-ducha-solar-para-jardines-y-piscinas-disponible-en-7-colores-dc015.html\" \/>\n<meta property=\"og:site_name\" content=\"Bagno Italia\" \/>\n<meta property=\"article:modified_time\" content=\"2025-09-29T14:21:57+00:00\" \/>\n<meta property=\"og:image\" content=\"https:\/\/img.bagnoitalia.com\/wp-content\/uploads\/virtuemart\/product\/CDS-001-1.jpg\" \/>\n\t<meta property=\"og:image:width\" content=\"550\" \/>\n\t<meta property=\"og:image:height\" content=\"550\" \/>\n\t<meta property=\"og:image:type\" content=\"image\/jpeg\" \/>\n<meta name=\"twitter:card\" content=\"summary_large_image\" \/>\n<meta name=\"twitter:label1\" content=\"Tiempo de lectura\" \/>\n\t<meta name=\"twitter:data1\" content=\"1 minuto\" \/>\n<script type=\"application\/ld+json\" class=\"yoast-schema-graph\">{\"@context\":\"https:\/\/schema.org\",\"@graph\":[{\"@type\":\"WebPage\",\"@id\":\"https:\/\/www.bagnoitalia.com\/es\/producto\/columna-de-ducha-solar-para-jardines-y-piscinas-disponible-en-7-colores-dc015.html\",\"url\":\"https:\/\/www.bagnoitalia.com\/es\/producto\/columna-de-ducha-solar-para-jardines-y-piscinas-disponible-en-7-colores-dc015.html\",\"name\":\"Columna de ducha solar para jardines y piscinas disponible en 7 colores DC015 - Bagno Italia\",\"isPartOf\":{\"@id\":\"https:\/\/www.bagnoitalia.com\/es#website\"},\"primaryImageOfPage\":{\"@id\":\"https:\/\/www.bagnoitalia.com\/es\/producto\/columna-de-ducha-solar-para-jardines-y-piscinas-disponible-en-7-colores-dc015.html#primaryimage\"},\"image\":{\"@id\":\"https:\/\/www.bagnoitalia.com\/es\/producto\/columna-de-ducha-solar-para-jardines-y-piscinas-disponible-en-7-colores-dc015.html#primaryimage\"},\"thumbnailUrl\":\"https:\/\/img.bagnoitalia.com\/wp-content\/uploads\/virtuemart\/product\/CDS-001-1.jpg\",\"datePublished\":\"2022-08-05T13:04:41+00:00\",\"dateModified\":\"2025-09-29T14:21:57+00:00\",\"breadcrumb\":{\"@id\":\"https:\/\/www.bagnoitalia.com\/es\/producto\/columna-de-ducha-solar-para-jardines-y-piscinas-disponible-en-7-colores-dc015.html#breadcrumb\"},\"inLanguage\":\"es\",\"potentialAction\":[{\"@type\":\"ReadAction\",\"target\":[\"https:\/\/www.bagnoitalia.com\/es\/producto\/columna-de-ducha-solar-para-jardines-y-piscinas-disponible-en-7-colores-dc015.html\"]}]},{\"@type\":\"ImageObject\",\"inLanguage\":\"es\",\"@id\":\"https:\/\/www.bagnoitalia.com\/es\/producto\/columna-de-ducha-solar-para-jardines-y-piscinas-disponible-en-7-colores-dc015.html#primaryimage\",\"url\":\"https:\/\/img.bagnoitalia.com\/wp-content\/uploads\/virtuemart\/product\/CDS-001-1.jpg\",\"contentUrl\":\"https:\/\/img.bagnoitalia.com\/wp-content\/uploads\/virtuemart\/product\/CDS-001-1.jpg\",\"width\":550,\"height\":550},{\"@type\":\"BreadcrumbList\",\"@id\":\"https:\/\/www.bagnoitalia.com\/es\/producto\/columna-de-ducha-solar-para-jardines-y-piscinas-disponible-en-7-colores-dc015.html#breadcrumb\",\"itemListElement\":[{\"@type\":\"ListItem\",\"position\":1,\"name\":\"Home\",\"item\":\"https:\/\/www.bagnoitalia.com\/es\"},{\"@type\":\"ListItem\",\"position\":2,\"name\":\"Productos\",\"item\":\"https:\/\/www.bagnoitalia.com\/es\/shop\"},{\"@type\":\"ListItem\",\"position\":3,\"name\":\"Columna de ducha solar para jardines y piscinas disponible en 7 colores DC015\"}]},{\"@type\":\"WebSite\",\"@id\":\"https:\/\/www.bagnoitalia.com\/es#website\",\"url\":\"https:\/\/www.bagnoitalia.com\/es\",\"name\":\"Bagno Italia\",\"description\":\"\",\"publisher\":{\"@id\":\"https:\/\/www.bagnoitalia.com\/es#organization\"},\"potentialAction\":[{\"@type\":\"SearchAction\",\"target\":{\"@type\":\"EntryPoint\",\"urlTemplate\":\"https:\/\/www.bagnoitalia.com\/es?s={search_term_string}\"},\"query-input\":{\"@type\":\"PropertyValueSpecification\",\"valueRequired\":true,\"valueName\":\"search_term_string\"}}],\"inLanguage\":\"es\"},{\"@type\":\"Organization\",\"@id\":\"https:\/\/www.bagnoitalia.com\/es#organization\",\"name\":\"Bagno Italia\",\"url\":\"https:\/\/www.bagnoitalia.com\/es\",\"logo\":{\"@type\":\"ImageObject\",\"inLanguage\":\"es\",\"@id\":\"https:\/\/www.bagnoitalia.com\/es#\/schema\/logo\/image\/\",\"url\":\"https:\/\/img.bagnoitalia.com\/wp-content\/uploads\/logo-bagnoitalia.webp\",\"contentUrl\":\"https:\/\/img.bagnoitalia.com\/wp-content\/uploads\/logo-bagnoitalia.webp\",\"width\":400,\"height\":70,\"caption\":\"Bagno Italia\"},\"image\":{\"@id\":\"https:\/\/www.bagnoitalia.com\/es#\/schema\/logo\/image\/\"}}]}<\/script>\n<!-- \/ Yoast SEO plugin. -->","yoast_head_json":{"title":"Columna de ducha solar para jardines y piscinas disponible en 7 colores DC015 - Bagno Italia","robots":{"index":"index","follow":"follow","max-snippet":"max-snippet:-1","max-image-preview":"max-image-preview:large","max-video-preview":"max-video-preview:-1"},"canonical":"https:\/\/www.bagnoitalia.com\/es\/producto\/columna-de-ducha-solar-para-jardines-y-piscinas-disponible-en-7-colores-dc015.html","og_locale":"es_ES","og_type":"article","og_title":"Columna de ducha solar para jardines y piscinas disponible en 7 colores DC015 - Bagno Italia","og_description":"Ducha con calefacci\u00f3n solar, apta para todo tipo de entornos exteriores (jardines, piscinas, etc.). Dise\u00f1o moderno, disponible en 7 acabados. Altura 226 cm, tambi\u00e9n con grifo de lavado de pies","og_url":"https:\/\/www.bagnoitalia.com\/es\/producto\/columna-de-ducha-solar-para-jardines-y-piscinas-disponible-en-7-colores-dc015.html","og_site_name":"Bagno Italia","article_modified_time":"2025-09-29T14:21:57+00:00","og_image":[{"width":550,"height":550,"url":"https:\/\/img.bagnoitalia.com\/wp-content\/uploads\/virtuemart\/product\/CDS-001-1.jpg","type":"image\/jpeg"}],"twitter_card":"summary_large_image","twitter_misc":{"Tiempo de lectura":"1 minuto"},"schema":{"@context":"https:\/\/schema.org","@graph":[{"@type":"WebPage","@id":"https:\/\/www.bagnoitalia.com\/es\/producto\/columna-de-ducha-solar-para-jardines-y-piscinas-disponible-en-7-colores-dc015.html","url":"https:\/\/www.bagnoitalia.com\/es\/producto\/columna-de-ducha-solar-para-jardines-y-piscinas-disponible-en-7-colores-dc015.html","name":"Columna de ducha solar para jardines y piscinas disponible en 7 colores DC015 - Bagno Italia","isPartOf":{"@id":"https:\/\/www.bagnoitalia.com\/es#website"},"primaryImageOfPage":{"@id":"https:\/\/www.bagnoitalia.com\/es\/producto\/columna-de-ducha-solar-para-jardines-y-piscinas-disponible-en-7-colores-dc015.html#primaryimage"},"image":{"@id":"https:\/\/www.bagnoitalia.com\/es\/producto\/columna-de-ducha-solar-para-jardines-y-piscinas-disponible-en-7-colores-dc015.html#primaryimage"},"thumbnailUrl":"https:\/\/img.bagnoitalia.com\/wp-content\/uploads\/virtuemart\/product\/CDS-001-1.jpg","datePublished":"2022-08-05T13:04:41+00:00","dateModified":"2025-09-29T14:21:57+00:00","breadcrumb":{"@id":"https:\/\/www.bagnoitalia.com\/es\/producto\/columna-de-ducha-solar-para-jardines-y-piscinas-disponible-en-7-colores-dc015.html#breadcrumb"},"inLanguage":"es","potentialAction":[{"@type":"ReadAction","target":["https:\/\/www.bagnoitalia.com\/es\/producto\/columna-de-ducha-solar-para-jardines-y-piscinas-disponible-en-7-colores-dc015.html"]}]},{"@type":"ImageObject","inLanguage":"es","@id":"https:\/\/www.bagnoitalia.com\/es\/producto\/columna-de-ducha-solar-para-jardines-y-piscinas-disponible-en-7-colores-dc015.html#primaryimage","url":"https:\/\/img.bagnoitalia.com\/wp-content\/uploads\/virtuemart\/product\/CDS-001-1.jpg","contentUrl":"https:\/\/img.bagnoitalia.com\/wp-content\/uploads\/virtuemart\/product\/CDS-001-1.jpg","width":550,"height":550},{"@type":"BreadcrumbList","@id":"https:\/\/www.bagnoitalia.com\/es\/producto\/columna-de-ducha-solar-para-jardines-y-piscinas-disponible-en-7-colores-dc015.html#breadcrumb","itemListElement":[{"@type":"ListItem","position":1,"name":"Home","item":"https:\/\/www.bagnoitalia.com\/es"},{"@type":"ListItem","position":2,"name":"Productos","item":"https:\/\/www.bagnoitalia.com\/es\/shop"},{"@type":"ListItem","position":3,"name":"Columna de ducha solar para jardines y piscinas disponible en 7 colores DC015"}]},{"@type":"WebSite","@id":"https:\/\/www.bagnoitalia.com\/es#website","url":"https:\/\/www.bagnoitalia.com\/es","name":"Bagno Italia","description":"","publisher":{"@id":"https:\/\/www.bagnoitalia.com\/es#organization"},"potentialAction":[{"@type":"SearchAction","target":{"@type":"EntryPoint","urlTemplate":"https:\/\/www.bagnoitalia.com\/es?s={search_term_string}"},"query-input":{"@type":"PropertyValueSpecification","valueRequired":true,"valueName":"search_term_string"}}],"inLanguage":"es"},{"@type":"Organization","@id":"https:\/\/www.bagnoitalia.com\/es#organization","name":"Bagno Italia","url":"https:\/\/www.bagnoitalia.com\/es","logo":{"@type":"ImageObject","inLanguage":"es","@id":"https:\/\/www.bagnoitalia.com\/es#\/schema\/logo\/image\/","url":"https:\/\/img.bagnoitalia.com\/wp-content\/uploads\/logo-bagnoitalia.webp","contentUrl":"https:\/\/img.bagnoitalia.com\/wp-content\/uploads\/logo-bagnoitalia.webp","width":400,"height":70,"caption":"Bagno Italia"},"image":{"@id":"https:\/\/www.bagnoitalia.com\/es#\/schema\/logo\/image\/"}}]}},"_links":{"self":[{"href":"https:\/\/www.bagnoitalia.com\/es\/wp-json\/wp\/v2\/product\/82381","targetHints":{"allow":["GET"]}}],"collection":[{"href":"https:\/\/www.bagnoitalia.com\/es\/wp-json\/wp\/v2\/product"}],"about":[{"href":"https:\/\/www.bagnoitalia.com\/es\/wp-json\/wp\/v2\/types\/product"}],"replies":[{"embeddable":true,"href":"https:\/\/www.bagnoitalia.com\/es\/wp-json\/wp\/v2\/comments?post=82381"}],"version-history":[{"count":1,"href":"https:\/\/www.bagnoitalia.com\/es\/wp-json\/wp\/v2\/product\/82381\/revisions"}],"predecessor-version":[{"id":90406,"href":"https:\/\/www.bagnoitalia.com\/es\/wp-json\/wp\/v2\/product\/82381\/revisions\/90406"}],"wp:featuredmedia":[{"embeddable":true,"href":"https:\/\/www.bagnoitalia.com\/es\/wp-json\/wp\/v2\/media\/55795"}],"wp:attachment":[{"href":"https:\/\/www.bagnoitalia.com\/es\/wp-json\/wp\/v2\/media?parent=82381"}],"wp:term":[{"taxonomy":"product_brand","embeddable":true,"href":"https:\/\/www.bagnoitalia.com\/es\/wp-json\/wp\/v2\/product_brand?post=82381"},{"taxonomy":"product_cat","embeddable":true,"href":"https:\/\/www.bagnoitalia.com\/es\/wp-json\/wp\/v2\/product_cat?post=82381"},{"taxonomy":"product_tag","embeddable":true,"href":"https:\/\/www.bagnoitalia.com\/es\/wp-json\/wp\/v2\/product_tag?post=82381"}],"curies":[{"name":"wp","href":"https:\/\/api.w.org\/{rel}","templated":true}]}}