{"id":82276,"date":"2022-08-04T10:34:38","date_gmt":"2022-08-04T08:34:38","guid":{"rendered":"https:\/\/www.bagnoitalia.com\/product\/piscina-contracorriente-580x220-cm-con-46-jets-de-hidromasaje-bluetooth-ozonoterapia-mp37"},"modified":"2024-05-20T14:24:16","modified_gmt":"2024-05-20T12:24:16","slug":"piscina-contracorriente-580x220-cm-con-46-jets-de-hidromasaje-bluetooth-ozonoterapia-mp37","status":"publish","type":"product","link":"https:\/\/www.bagnoitalia.com\/es\/producto\/piscina-contracorriente-580x220-cm-con-46-jets-de-hidromasaje-bluetooth-ozonoterapia-mp37.html","title":{"rendered":"Piscina contracorriente 580&#215;220 cm con 46 jets de hidromasaje bluetooth ozonoterapia MP37"},"content":{"rendered":"<p style=\"text-align: center;\"><strong><span style=\"color: #ff0000;\">HIDROMASAJE MP37<\/span><\/strong><\/p>\n<p>&nbsp;<\/p>\n<p>DETALLES DE PRODUCTO<\/p>\n<p>hidromasaje 580x220xH125 cm<\/p>\n<p>38 chorros de hidromasaje (2 de ellos grandes y orientables)<\/p>\n<p>8 chorros para nadar a contracorriente<\/p>\n<p>mezclador de cascada<\/p>\n<p>2 plazas con coj\u00edn reposacabezas<\/p>\n<p>pantalla de control multifuncional<\/p>\n<p>radio<\/p>\n<p>Altavoces<\/p>\n<p>conexi\u00f3n bluetooth<\/p>\n<p>focos de cromoterapia<\/p>\n<p>aromaterapia<\/p>\n<p>terapia de ozono<\/p>\n<p>calentador<\/p>\n<p>sistema de filtro autom\u00e1tico<\/p>\n<p>estructura de acero inoxidable con revestimiento acr\u00edlico Aristech<\/p>\n<p>peso 1077kg<\/p>\n<p>capacidad 9000 litros<\/p>\n","protected":false},"excerpt":{"rendered":"<p>Ba\u00f1era de hidromasaje multifuncional, con 2 estaciones de relajaci\u00f3n, 8 jets para nataci\u00f3n contracorriente, mezclador de cascada, aromaterapia, cromoterapia, ozonoterapia, calentador.<\/p>\n","protected":false},"featured_media":54292,"comment_status":"open","ping_status":"closed","template":"","meta":[],"product_brand":[5004],"product_cat":[10117],"product_tag":[],"class_list":{"0":"post-82276","1":"product","2":"type-product","3":"status-publish","4":"has-post-thumbnail","6":"product_brand-vari-produttori","7":"product_cat-senza-categoria-es","9":"first","10":"outofstock","11":"taxable","12":"shipping-taxable","13":"purchasable","14":"product-type-simple"},"exclude_global_add_ons":false,"addons":[{"name":"Tipolog\u00eda","type":"multiple_choice","position":0,"required":true,"title_format":"heading","default":"","description_enable":false,"description":"","placeholder_enable":false,"placeholder":"","display":"select","restrictions_type":"any_text","adjust_price":false,"price":"","price_type":"flat_fee","restrictions":false,"min":"0","max":"0","options":[{"label":"gris","price":"","price_type":"quantity_based","image":0,"visibility":true},{"label":"marr\u00f3n","price":"","price_type":"quantity_based","image":0,"visibility":true}],"id":1716215057}],"yoast_head":"<!-- This site is optimized with the Yoast SEO plugin v26.7 - https:\/\/yoast.com\/wordpress\/plugins\/seo\/ -->\n<title>Counter-current swimming pool 580x220 cm with 46 hydromassage jets bluetooth ozone therapy MP37<\/title>\n<meta name=\"description\" content=\"Ba\u00f1era de hidromasaje multifuncional, con 2 estaciones de relajaci\u00f3n, 8 jets para nataci\u00f3n contracorriente, mezclador de cascada, aromaterapia, cromoterapia, ozonoterapia, calentador.\" \/>\n<meta name=\"robots\" content=\"index, follow, max-snippet:-1, max-image-preview:large, max-video-preview:-1\" \/>\n<link rel=\"canonical\" href=\"https:\/\/www.bagnoitalia.com\/es\/producto\/piscina-contracorriente-580x220-cm-con-46-jets-de-hidromasaje-bluetooth-ozonoterapia-mp37.html\" \/>\n<meta property=\"og:locale\" content=\"es_ES\" \/>\n<meta property=\"og:type\" content=\"article\" \/>\n<meta property=\"og:title\" content=\"Counter-current swimming pool 580x220 cm with 46 hydromassage jets bluetooth ozone therapy MP37\" \/>\n<meta property=\"og:description\" content=\"Ba\u00f1era de hidromasaje multifuncional, con 2 estaciones de relajaci\u00f3n, 8 jets para nataci\u00f3n contracorriente, mezclador de cascada, aromaterapia, cromoterapia, ozonoterapia, calentador.\" \/>\n<meta property=\"og:url\" content=\"https:\/\/www.bagnoitalia.com\/es\/producto\/piscina-contracorriente-580x220-cm-con-46-jets-de-hidromasaje-bluetooth-ozonoterapia-mp37.html\" \/>\n<meta property=\"og:site_name\" content=\"Bagno Italia\" \/>\n<meta property=\"article:modified_time\" content=\"2024-05-20T12:24:16+00:00\" \/>\n<meta property=\"og:image\" content=\"https:\/\/img.bagnoitalia.com\/wp-content\/uploads\/virtuemart\/product\/mpis-0497-1.jpg\" \/>\n\t<meta property=\"og:image:width\" content=\"550\" \/>\n\t<meta property=\"og:image:height\" content=\"550\" \/>\n\t<meta property=\"og:image:type\" content=\"image\/jpeg\" \/>\n<meta name=\"twitter:card\" content=\"summary_large_image\" \/>\n<meta name=\"twitter:label1\" content=\"Tiempo de lectura\" \/>\n\t<meta name=\"twitter:data1\" content=\"1 minuto\" \/>\n<script type=\"application\/ld+json\" class=\"yoast-schema-graph\">{\"@context\":\"https:\/\/schema.org\",\"@graph\":[{\"@type\":\"WebPage\",\"@id\":\"https:\/\/www.bagnoitalia.com\/es\/producto\/piscina-contracorriente-580x220-cm-con-46-jets-de-hidromasaje-bluetooth-ozonoterapia-mp37.html\",\"url\":\"https:\/\/www.bagnoitalia.com\/es\/producto\/piscina-contracorriente-580x220-cm-con-46-jets-de-hidromasaje-bluetooth-ozonoterapia-mp37.html\",\"name\":\"Counter-current swimming pool 580x220 cm with 46 hydromassage jets bluetooth ozone therapy MP37\",\"isPartOf\":{\"@id\":\"https:\/\/www.bagnoitalia.com\/es#website\"},\"primaryImageOfPage\":{\"@id\":\"https:\/\/www.bagnoitalia.com\/es\/producto\/piscina-contracorriente-580x220-cm-con-46-jets-de-hidromasaje-bluetooth-ozonoterapia-mp37.html#primaryimage\"},\"image\":{\"@id\":\"https:\/\/www.bagnoitalia.com\/es\/producto\/piscina-contracorriente-580x220-cm-con-46-jets-de-hidromasaje-bluetooth-ozonoterapia-mp37.html#primaryimage\"},\"thumbnailUrl\":\"https:\/\/img.bagnoitalia.com\/wp-content\/uploads\/virtuemart\/product\/mpis-0497-1.jpg\",\"datePublished\":\"2022-08-04T08:34:38+00:00\",\"dateModified\":\"2024-05-20T12:24:16+00:00\",\"description\":\"Ba\u00f1era de hidromasaje multifuncional, con 2 estaciones de relajaci\u00f3n, 8 jets para nataci\u00f3n contracorriente, mezclador de cascada, aromaterapia, cromoterapia, ozonoterapia, calentador.\",\"breadcrumb\":{\"@id\":\"https:\/\/www.bagnoitalia.com\/es\/producto\/piscina-contracorriente-580x220-cm-con-46-jets-de-hidromasaje-bluetooth-ozonoterapia-mp37.html#breadcrumb\"},\"inLanguage\":\"es\",\"potentialAction\":[{\"@type\":\"ReadAction\",\"target\":[\"https:\/\/www.bagnoitalia.com\/es\/producto\/piscina-contracorriente-580x220-cm-con-46-jets-de-hidromasaje-bluetooth-ozonoterapia-mp37.html\"]}]},{\"@type\":\"ImageObject\",\"inLanguage\":\"es\",\"@id\":\"https:\/\/www.bagnoitalia.com\/es\/producto\/piscina-contracorriente-580x220-cm-con-46-jets-de-hidromasaje-bluetooth-ozonoterapia-mp37.html#primaryimage\",\"url\":\"https:\/\/img.bagnoitalia.com\/wp-content\/uploads\/virtuemart\/product\/mpis-0497-1.jpg\",\"contentUrl\":\"https:\/\/img.bagnoitalia.com\/wp-content\/uploads\/virtuemart\/product\/mpis-0497-1.jpg\",\"width\":550,\"height\":550},{\"@type\":\"BreadcrumbList\",\"@id\":\"https:\/\/www.bagnoitalia.com\/es\/producto\/piscina-contracorriente-580x220-cm-con-46-jets-de-hidromasaje-bluetooth-ozonoterapia-mp37.html#breadcrumb\",\"itemListElement\":[{\"@type\":\"ListItem\",\"position\":1,\"name\":\"Home\",\"item\":\"https:\/\/www.bagnoitalia.com\/es\"},{\"@type\":\"ListItem\",\"position\":2,\"name\":\"Productos\",\"item\":\"https:\/\/www.bagnoitalia.com\/es\/shop\"},{\"@type\":\"ListItem\",\"position\":3,\"name\":\"Piscina contracorriente 580&#215;220 cm con 46 jets de hidromasaje bluetooth ozonoterapia MP37\"}]},{\"@type\":\"WebSite\",\"@id\":\"https:\/\/www.bagnoitalia.com\/es#website\",\"url\":\"https:\/\/www.bagnoitalia.com\/es\",\"name\":\"Bagno Italia\",\"description\":\"\",\"publisher\":{\"@id\":\"https:\/\/www.bagnoitalia.com\/es#organization\"},\"potentialAction\":[{\"@type\":\"SearchAction\",\"target\":{\"@type\":\"EntryPoint\",\"urlTemplate\":\"https:\/\/www.bagnoitalia.com\/es?s={search_term_string}\"},\"query-input\":{\"@type\":\"PropertyValueSpecification\",\"valueRequired\":true,\"valueName\":\"search_term_string\"}}],\"inLanguage\":\"es\"},{\"@type\":\"Organization\",\"@id\":\"https:\/\/www.bagnoitalia.com\/es#organization\",\"name\":\"Bagno Italia\",\"url\":\"https:\/\/www.bagnoitalia.com\/es\",\"logo\":{\"@type\":\"ImageObject\",\"inLanguage\":\"es\",\"@id\":\"https:\/\/www.bagnoitalia.com\/es#\/schema\/logo\/image\/\",\"url\":\"https:\/\/img.bagnoitalia.com\/wp-content\/uploads\/logo-bagnoitalia.webp\",\"contentUrl\":\"https:\/\/img.bagnoitalia.com\/wp-content\/uploads\/logo-bagnoitalia.webp\",\"width\":400,\"height\":70,\"caption\":\"Bagno Italia\"},\"image\":{\"@id\":\"https:\/\/www.bagnoitalia.com\/es#\/schema\/logo\/image\/\"}}]}<\/script>\n<!-- \/ Yoast SEO plugin. -->","yoast_head_json":{"title":"Counter-current swimming pool 580x220 cm with 46 hydromassage jets bluetooth ozone therapy MP37","description":"Ba\u00f1era de hidromasaje multifuncional, con 2 estaciones de relajaci\u00f3n, 8 jets para nataci\u00f3n contracorriente, mezclador de cascada, aromaterapia, cromoterapia, ozonoterapia, calentador.","robots":{"index":"index","follow":"follow","max-snippet":"max-snippet:-1","max-image-preview":"max-image-preview:large","max-video-preview":"max-video-preview:-1"},"canonical":"https:\/\/www.bagnoitalia.com\/es\/producto\/piscina-contracorriente-580x220-cm-con-46-jets-de-hidromasaje-bluetooth-ozonoterapia-mp37.html","og_locale":"es_ES","og_type":"article","og_title":"Counter-current swimming pool 580x220 cm with 46 hydromassage jets bluetooth ozone therapy MP37","og_description":"Ba\u00f1era de hidromasaje multifuncional, con 2 estaciones de relajaci\u00f3n, 8 jets para nataci\u00f3n contracorriente, mezclador de cascada, aromaterapia, cromoterapia, ozonoterapia, calentador.","og_url":"https:\/\/www.bagnoitalia.com\/es\/producto\/piscina-contracorriente-580x220-cm-con-46-jets-de-hidromasaje-bluetooth-ozonoterapia-mp37.html","og_site_name":"Bagno Italia","article_modified_time":"2024-05-20T12:24:16+00:00","og_image":[{"width":550,"height":550,"url":"https:\/\/img.bagnoitalia.com\/wp-content\/uploads\/virtuemart\/product\/mpis-0497-1.jpg","type":"image\/jpeg"}],"twitter_card":"summary_large_image","twitter_misc":{"Tiempo de lectura":"1 minuto"},"schema":{"@context":"https:\/\/schema.org","@graph":[{"@type":"WebPage","@id":"https:\/\/www.bagnoitalia.com\/es\/producto\/piscina-contracorriente-580x220-cm-con-46-jets-de-hidromasaje-bluetooth-ozonoterapia-mp37.html","url":"https:\/\/www.bagnoitalia.com\/es\/producto\/piscina-contracorriente-580x220-cm-con-46-jets-de-hidromasaje-bluetooth-ozonoterapia-mp37.html","name":"Counter-current swimming pool 580x220 cm with 46 hydromassage jets bluetooth ozone therapy MP37","isPartOf":{"@id":"https:\/\/www.bagnoitalia.com\/es#website"},"primaryImageOfPage":{"@id":"https:\/\/www.bagnoitalia.com\/es\/producto\/piscina-contracorriente-580x220-cm-con-46-jets-de-hidromasaje-bluetooth-ozonoterapia-mp37.html#primaryimage"},"image":{"@id":"https:\/\/www.bagnoitalia.com\/es\/producto\/piscina-contracorriente-580x220-cm-con-46-jets-de-hidromasaje-bluetooth-ozonoterapia-mp37.html#primaryimage"},"thumbnailUrl":"https:\/\/img.bagnoitalia.com\/wp-content\/uploads\/virtuemart\/product\/mpis-0497-1.jpg","datePublished":"2022-08-04T08:34:38+00:00","dateModified":"2024-05-20T12:24:16+00:00","description":"Ba\u00f1era de hidromasaje multifuncional, con 2 estaciones de relajaci\u00f3n, 8 jets para nataci\u00f3n contracorriente, mezclador de cascada, aromaterapia, cromoterapia, ozonoterapia, calentador.","breadcrumb":{"@id":"https:\/\/www.bagnoitalia.com\/es\/producto\/piscina-contracorriente-580x220-cm-con-46-jets-de-hidromasaje-bluetooth-ozonoterapia-mp37.html#breadcrumb"},"inLanguage":"es","potentialAction":[{"@type":"ReadAction","target":["https:\/\/www.bagnoitalia.com\/es\/producto\/piscina-contracorriente-580x220-cm-con-46-jets-de-hidromasaje-bluetooth-ozonoterapia-mp37.html"]}]},{"@type":"ImageObject","inLanguage":"es","@id":"https:\/\/www.bagnoitalia.com\/es\/producto\/piscina-contracorriente-580x220-cm-con-46-jets-de-hidromasaje-bluetooth-ozonoterapia-mp37.html#primaryimage","url":"https:\/\/img.bagnoitalia.com\/wp-content\/uploads\/virtuemart\/product\/mpis-0497-1.jpg","contentUrl":"https:\/\/img.bagnoitalia.com\/wp-content\/uploads\/virtuemart\/product\/mpis-0497-1.jpg","width":550,"height":550},{"@type":"BreadcrumbList","@id":"https:\/\/www.bagnoitalia.com\/es\/producto\/piscina-contracorriente-580x220-cm-con-46-jets-de-hidromasaje-bluetooth-ozonoterapia-mp37.html#breadcrumb","itemListElement":[{"@type":"ListItem","position":1,"name":"Home","item":"https:\/\/www.bagnoitalia.com\/es"},{"@type":"ListItem","position":2,"name":"Productos","item":"https:\/\/www.bagnoitalia.com\/es\/shop"},{"@type":"ListItem","position":3,"name":"Piscina contracorriente 580&#215;220 cm con 46 jets de hidromasaje bluetooth ozonoterapia MP37"}]},{"@type":"WebSite","@id":"https:\/\/www.bagnoitalia.com\/es#website","url":"https:\/\/www.bagnoitalia.com\/es","name":"Bagno Italia","description":"","publisher":{"@id":"https:\/\/www.bagnoitalia.com\/es#organization"},"potentialAction":[{"@type":"SearchAction","target":{"@type":"EntryPoint","urlTemplate":"https:\/\/www.bagnoitalia.com\/es?s={search_term_string}"},"query-input":{"@type":"PropertyValueSpecification","valueRequired":true,"valueName":"search_term_string"}}],"inLanguage":"es"},{"@type":"Organization","@id":"https:\/\/www.bagnoitalia.com\/es#organization","name":"Bagno Italia","url":"https:\/\/www.bagnoitalia.com\/es","logo":{"@type":"ImageObject","inLanguage":"es","@id":"https:\/\/www.bagnoitalia.com\/es#\/schema\/logo\/image\/","url":"https:\/\/img.bagnoitalia.com\/wp-content\/uploads\/logo-bagnoitalia.webp","contentUrl":"https:\/\/img.bagnoitalia.com\/wp-content\/uploads\/logo-bagnoitalia.webp","width":400,"height":70,"caption":"Bagno Italia"},"image":{"@id":"https:\/\/www.bagnoitalia.com\/es#\/schema\/logo\/image\/"}}]}},"_links":{"self":[{"href":"https:\/\/www.bagnoitalia.com\/es\/wp-json\/wp\/v2\/product\/82276","targetHints":{"allow":["GET"]}}],"collection":[{"href":"https:\/\/www.bagnoitalia.com\/es\/wp-json\/wp\/v2\/product"}],"about":[{"href":"https:\/\/www.bagnoitalia.com\/es\/wp-json\/wp\/v2\/types\/product"}],"replies":[{"embeddable":true,"href":"https:\/\/www.bagnoitalia.com\/es\/wp-json\/wp\/v2\/comments?post=82276"}],"version-history":[{"count":1,"href":"https:\/\/www.bagnoitalia.com\/es\/wp-json\/wp\/v2\/product\/82276\/revisions"}],"predecessor-version":[{"id":86728,"href":"https:\/\/www.bagnoitalia.com\/es\/wp-json\/wp\/v2\/product\/82276\/revisions\/86728"}],"wp:featuredmedia":[{"embeddable":true,"href":"https:\/\/www.bagnoitalia.com\/es\/wp-json\/wp\/v2\/media\/54292"}],"wp:attachment":[{"href":"https:\/\/www.bagnoitalia.com\/es\/wp-json\/wp\/v2\/media?parent=82276"}],"wp:term":[{"taxonomy":"product_brand","embeddable":true,"href":"https:\/\/www.bagnoitalia.com\/es\/wp-json\/wp\/v2\/product_brand?post=82276"},{"taxonomy":"product_cat","embeddable":true,"href":"https:\/\/www.bagnoitalia.com\/es\/wp-json\/wp\/v2\/product_cat?post=82276"},{"taxonomy":"product_tag","embeddable":true,"href":"https:\/\/www.bagnoitalia.com\/es\/wp-json\/wp\/v2\/product_tag?post=82276"}],"curies":[{"name":"wp","href":"https:\/\/api.w.org\/{rel}","templated":true}]}}