{"id":82234,"date":"2022-03-30T07:47:46","date_gmt":"2022-03-30T05:47:46","guid":{"rendered":"https:\/\/www.bagnoitalia.com\/product\/minipiscina-hidromasaje-cuadrada-200x200-cm-para-5-personas-38-jets-conexion-bluetooth-y-wi-fi-mp36"},"modified":"2024-12-05T10:20:32","modified_gmt":"2024-12-05T09:20:32","slug":"minipiscina-hidromasaje-cuadrada-200x200-cm-para-5-personas-38-jets-conexion-bluetooth-y-wi-fi-mp36","status":"publish","type":"product","link":"https:\/\/www.bagnoitalia.com\/es\/producto\/minipiscina-hidromasaje-cuadrada-200x200-cm-para-5-personas-38-jets-conexion-bluetooth-y-wi-fi-mp36.html","title":{"rendered":"Ba\u00f1era de hidromasaje cuadrada 200&#215;200 cm para 5 personas 31 chorros conexi\u00f3n bluetooth y wi-fi MP36"},"content":{"rendered":"<p>&nbsp;<\/p>\n<p>MINI HIDROMASAJE MP36<\/p>\n<p>&nbsp;<\/p>\n<p>&nbsp;<\/p>\n<p>CARACTER\u00cdSTICAS:<\/p>\n<p>Hidromasaje exterior de 200x200xH88 cm<\/p>\n<p>31 jets de hidromasaje<\/p>\n<p>5 asientos (3 con reposacabezas)<\/p>\n<p>panel de mandos<\/p>\n<p>ozonoterapia<\/p>\n<p>radio con puerto USB<\/p>\n<p>conexi\u00f3n audio bluetooth<\/p>\n<p>conexi\u00f3n wi-fi<\/p>\n<p>iluminaci\u00f3n LED<\/p>\n<p>escalera incluida<\/p>\n<p>cubierta incluida<\/p>\n<p>&nbsp;<\/p>\n<p>DETALLES T\u00c9CNICOS:<\/p>\n<p>Potencia de la bomba hidr\u00e1ulica: 1,9 kW<\/p>\n<p>Potencia total: 3,9 kW<\/p>\n<p>Calentador 2 kW<\/p>\n<p>Alimentaci\u00f3n: 220 &#8211; 240V 50Hz<\/p>\n<p>Capacidad: aprox. 810 litros<\/p>\n<p>Peso: 344 kg<\/p>\n<p>Estructura de aluminio<\/p>\n<p>&nbsp;<\/p>\n<p>&nbsp;<\/p>\n<p>&nbsp;<\/p>\n<p>&nbsp;<\/p>\n<p>&nbsp;<\/p>\n<p>&nbsp;<\/p>\n<p>SPA54<\/p>\n<p>&nbsp;<\/p>\n","protected":false},"excerpt":{"rendered":"<p>ba\u00f1era de hidromasaje spa relajante exterior, con funci\u00f3n bluetooth, wi-fi, radio, altavoces, ozonoterapia, calentador<\/p>\n","protected":false},"featured_media":98136,"comment_status":"open","ping_status":"closed","template":"","meta":[],"product_brand":[9944],"product_cat":[10071],"product_tag":[],"class_list":{"0":"post-82234","1":"product","2":"type-product","3":"status-publish","4":"has-post-thumbnail","6":"product_brand-sanotechnik-italia-es","7":"product_cat-piscinas-de-hidromasaje-al-aire-libre","9":"first","10":"instock","11":"sale","12":"taxable","13":"shipping-taxable","14":"purchasable","15":"product-type-simple"},"exclude_global_add_ons":[],"addons":[],"yoast_head":"<!-- This site is optimized with the Yoast SEO plugin v26.7 - https:\/\/yoast.com\/wordpress\/plugins\/seo\/ -->\n<title>Minipiscina hidromasaje cuadrada 200x200 cm para 5 personas 38 jets conexi\u00f3n bluetooth y wi-fi MP36<\/title>\n<meta name=\"description\" content=\"spa de relajaci\u00f3n al aire libre ba\u00f1era de hidromasaje, con funci\u00f3n bluetooth, wi-fi, radio, altavoces, ozonoterapia, calentador\" \/>\n<meta name=\"robots\" content=\"index, follow, max-snippet:-1, max-image-preview:large, max-video-preview:-1\" \/>\n<link rel=\"canonical\" href=\"https:\/\/www.bagnoitalia.com\/es\/producto\/minipiscina-hidromasaje-cuadrada-200x200-cm-para-5-personas-38-jets-conexion-bluetooth-y-wi-fi-mp36.html\" \/>\n<meta property=\"og:locale\" content=\"es_ES\" \/>\n<meta property=\"og:type\" content=\"article\" \/>\n<meta property=\"og:title\" content=\"Minipiscina hidromasaje cuadrada 200x200 cm para 5 personas 38 jets conexi\u00f3n bluetooth y wi-fi MP36\" \/>\n<meta property=\"og:description\" content=\"spa de relajaci\u00f3n al aire libre ba\u00f1era de hidromasaje, con funci\u00f3n bluetooth, wi-fi, radio, altavoces, ozonoterapia, calentador\" \/>\n<meta property=\"og:url\" content=\"https:\/\/www.bagnoitalia.com\/es\/producto\/minipiscina-hidromasaje-cuadrada-200x200-cm-para-5-personas-38-jets-conexion-bluetooth-y-wi-fi-mp36.html\" \/>\n<meta property=\"og:site_name\" content=\"Bagno Italia\" \/>\n<meta property=\"article:modified_time\" content=\"2024-12-05T09:20:32+00:00\" \/>\n<meta property=\"og:image\" content=\"https:\/\/img.bagnoitalia.com\/wp-content\/uploads\/1-60.webp\" \/>\n\t<meta property=\"og:image:width\" content=\"539\" \/>\n\t<meta property=\"og:image:height\" content=\"538\" \/>\n\t<meta property=\"og:image:type\" content=\"image\/webp\" \/>\n<meta name=\"twitter:card\" content=\"summary_large_image\" \/>\n<meta name=\"twitter:label1\" content=\"Tiempo de lectura\" \/>\n\t<meta name=\"twitter:data1\" content=\"1 minuto\" \/>\n<script type=\"application\/ld+json\" class=\"yoast-schema-graph\">{\"@context\":\"https:\/\/schema.org\",\"@graph\":[{\"@type\":\"WebPage\",\"@id\":\"https:\/\/www.bagnoitalia.com\/es\/producto\/minipiscina-hidromasaje-cuadrada-200x200-cm-para-5-personas-38-jets-conexion-bluetooth-y-wi-fi-mp36.html\",\"url\":\"https:\/\/www.bagnoitalia.com\/es\/producto\/minipiscina-hidromasaje-cuadrada-200x200-cm-para-5-personas-38-jets-conexion-bluetooth-y-wi-fi-mp36.html\",\"name\":\"Minipiscina hidromasaje cuadrada 200x200 cm para 5 personas 38 jets conexi\u00f3n bluetooth y wi-fi MP36\",\"isPartOf\":{\"@id\":\"https:\/\/www.bagnoitalia.com\/es#website\"},\"primaryImageOfPage\":{\"@id\":\"https:\/\/www.bagnoitalia.com\/es\/producto\/minipiscina-hidromasaje-cuadrada-200x200-cm-para-5-personas-38-jets-conexion-bluetooth-y-wi-fi-mp36.html#primaryimage\"},\"image\":{\"@id\":\"https:\/\/www.bagnoitalia.com\/es\/producto\/minipiscina-hidromasaje-cuadrada-200x200-cm-para-5-personas-38-jets-conexion-bluetooth-y-wi-fi-mp36.html#primaryimage\"},\"thumbnailUrl\":\"https:\/\/img.bagnoitalia.com\/wp-content\/uploads\/1-60.webp\",\"datePublished\":\"2022-03-30T05:47:46+00:00\",\"dateModified\":\"2024-12-05T09:20:32+00:00\",\"description\":\"spa de relajaci\u00f3n al aire libre ba\u00f1era de hidromasaje, con funci\u00f3n bluetooth, wi-fi, radio, altavoces, ozonoterapia, calentador\",\"breadcrumb\":{\"@id\":\"https:\/\/www.bagnoitalia.com\/es\/producto\/minipiscina-hidromasaje-cuadrada-200x200-cm-para-5-personas-38-jets-conexion-bluetooth-y-wi-fi-mp36.html#breadcrumb\"},\"inLanguage\":\"es\",\"potentialAction\":[{\"@type\":\"ReadAction\",\"target\":[\"https:\/\/www.bagnoitalia.com\/es\/producto\/minipiscina-hidromasaje-cuadrada-200x200-cm-para-5-personas-38-jets-conexion-bluetooth-y-wi-fi-mp36.html\"]}]},{\"@type\":\"ImageObject\",\"inLanguage\":\"es\",\"@id\":\"https:\/\/www.bagnoitalia.com\/es\/producto\/minipiscina-hidromasaje-cuadrada-200x200-cm-para-5-personas-38-jets-conexion-bluetooth-y-wi-fi-mp36.html#primaryimage\",\"url\":\"https:\/\/img.bagnoitalia.com\/wp-content\/uploads\/1-60.webp\",\"contentUrl\":\"https:\/\/img.bagnoitalia.com\/wp-content\/uploads\/1-60.webp\",\"width\":539,\"height\":538},{\"@type\":\"BreadcrumbList\",\"@id\":\"https:\/\/www.bagnoitalia.com\/es\/producto\/minipiscina-hidromasaje-cuadrada-200x200-cm-para-5-personas-38-jets-conexion-bluetooth-y-wi-fi-mp36.html#breadcrumb\",\"itemListElement\":[{\"@type\":\"ListItem\",\"position\":1,\"name\":\"Home\",\"item\":\"https:\/\/www.bagnoitalia.com\/es\"},{\"@type\":\"ListItem\",\"position\":2,\"name\":\"Productos\",\"item\":\"https:\/\/www.bagnoitalia.com\/es\/shop\"},{\"@type\":\"ListItem\",\"position\":3,\"name\":\"Ba\u00f1era de hidromasaje cuadrada 200&#215;200 cm para 5 personas 31 chorros conexi\u00f3n bluetooth y wi-fi MP36\"}]},{\"@type\":\"WebSite\",\"@id\":\"https:\/\/www.bagnoitalia.com\/es#website\",\"url\":\"https:\/\/www.bagnoitalia.com\/es\",\"name\":\"Bagno Italia\",\"description\":\"\",\"publisher\":{\"@id\":\"https:\/\/www.bagnoitalia.com\/es#organization\"},\"potentialAction\":[{\"@type\":\"SearchAction\",\"target\":{\"@type\":\"EntryPoint\",\"urlTemplate\":\"https:\/\/www.bagnoitalia.com\/es?s={search_term_string}\"},\"query-input\":{\"@type\":\"PropertyValueSpecification\",\"valueRequired\":true,\"valueName\":\"search_term_string\"}}],\"inLanguage\":\"es\"},{\"@type\":\"Organization\",\"@id\":\"https:\/\/www.bagnoitalia.com\/es#organization\",\"name\":\"Bagno Italia\",\"url\":\"https:\/\/www.bagnoitalia.com\/es\",\"logo\":{\"@type\":\"ImageObject\",\"inLanguage\":\"es\",\"@id\":\"https:\/\/www.bagnoitalia.com\/es#\/schema\/logo\/image\/\",\"url\":\"https:\/\/img.bagnoitalia.com\/wp-content\/uploads\/logo-bagnoitalia.webp\",\"contentUrl\":\"https:\/\/img.bagnoitalia.com\/wp-content\/uploads\/logo-bagnoitalia.webp\",\"width\":400,\"height\":70,\"caption\":\"Bagno Italia\"},\"image\":{\"@id\":\"https:\/\/www.bagnoitalia.com\/es#\/schema\/logo\/image\/\"}}]}<\/script>\n<!-- \/ Yoast SEO plugin. -->","yoast_head_json":{"title":"Minipiscina hidromasaje cuadrada 200x200 cm para 5 personas 38 jets conexi\u00f3n bluetooth y wi-fi MP36","description":"spa de relajaci\u00f3n al aire libre ba\u00f1era de hidromasaje, con funci\u00f3n bluetooth, wi-fi, radio, altavoces, ozonoterapia, calentador","robots":{"index":"index","follow":"follow","max-snippet":"max-snippet:-1","max-image-preview":"max-image-preview:large","max-video-preview":"max-video-preview:-1"},"canonical":"https:\/\/www.bagnoitalia.com\/es\/producto\/minipiscina-hidromasaje-cuadrada-200x200-cm-para-5-personas-38-jets-conexion-bluetooth-y-wi-fi-mp36.html","og_locale":"es_ES","og_type":"article","og_title":"Minipiscina hidromasaje cuadrada 200x200 cm para 5 personas 38 jets conexi\u00f3n bluetooth y wi-fi MP36","og_description":"spa de relajaci\u00f3n al aire libre ba\u00f1era de hidromasaje, con funci\u00f3n bluetooth, wi-fi, radio, altavoces, ozonoterapia, calentador","og_url":"https:\/\/www.bagnoitalia.com\/es\/producto\/minipiscina-hidromasaje-cuadrada-200x200-cm-para-5-personas-38-jets-conexion-bluetooth-y-wi-fi-mp36.html","og_site_name":"Bagno Italia","article_modified_time":"2024-12-05T09:20:32+00:00","og_image":[{"width":539,"height":538,"url":"https:\/\/img.bagnoitalia.com\/wp-content\/uploads\/1-60.webp","type":"image\/webp"}],"twitter_card":"summary_large_image","twitter_misc":{"Tiempo de lectura":"1 minuto"},"schema":{"@context":"https:\/\/schema.org","@graph":[{"@type":"WebPage","@id":"https:\/\/www.bagnoitalia.com\/es\/producto\/minipiscina-hidromasaje-cuadrada-200x200-cm-para-5-personas-38-jets-conexion-bluetooth-y-wi-fi-mp36.html","url":"https:\/\/www.bagnoitalia.com\/es\/producto\/minipiscina-hidromasaje-cuadrada-200x200-cm-para-5-personas-38-jets-conexion-bluetooth-y-wi-fi-mp36.html","name":"Minipiscina hidromasaje cuadrada 200x200 cm para 5 personas 38 jets conexi\u00f3n bluetooth y wi-fi MP36","isPartOf":{"@id":"https:\/\/www.bagnoitalia.com\/es#website"},"primaryImageOfPage":{"@id":"https:\/\/www.bagnoitalia.com\/es\/producto\/minipiscina-hidromasaje-cuadrada-200x200-cm-para-5-personas-38-jets-conexion-bluetooth-y-wi-fi-mp36.html#primaryimage"},"image":{"@id":"https:\/\/www.bagnoitalia.com\/es\/producto\/minipiscina-hidromasaje-cuadrada-200x200-cm-para-5-personas-38-jets-conexion-bluetooth-y-wi-fi-mp36.html#primaryimage"},"thumbnailUrl":"https:\/\/img.bagnoitalia.com\/wp-content\/uploads\/1-60.webp","datePublished":"2022-03-30T05:47:46+00:00","dateModified":"2024-12-05T09:20:32+00:00","description":"spa de relajaci\u00f3n al aire libre ba\u00f1era de hidromasaje, con funci\u00f3n bluetooth, wi-fi, radio, altavoces, ozonoterapia, calentador","breadcrumb":{"@id":"https:\/\/www.bagnoitalia.com\/es\/producto\/minipiscina-hidromasaje-cuadrada-200x200-cm-para-5-personas-38-jets-conexion-bluetooth-y-wi-fi-mp36.html#breadcrumb"},"inLanguage":"es","potentialAction":[{"@type":"ReadAction","target":["https:\/\/www.bagnoitalia.com\/es\/producto\/minipiscina-hidromasaje-cuadrada-200x200-cm-para-5-personas-38-jets-conexion-bluetooth-y-wi-fi-mp36.html"]}]},{"@type":"ImageObject","inLanguage":"es","@id":"https:\/\/www.bagnoitalia.com\/es\/producto\/minipiscina-hidromasaje-cuadrada-200x200-cm-para-5-personas-38-jets-conexion-bluetooth-y-wi-fi-mp36.html#primaryimage","url":"https:\/\/img.bagnoitalia.com\/wp-content\/uploads\/1-60.webp","contentUrl":"https:\/\/img.bagnoitalia.com\/wp-content\/uploads\/1-60.webp","width":539,"height":538},{"@type":"BreadcrumbList","@id":"https:\/\/www.bagnoitalia.com\/es\/producto\/minipiscina-hidromasaje-cuadrada-200x200-cm-para-5-personas-38-jets-conexion-bluetooth-y-wi-fi-mp36.html#breadcrumb","itemListElement":[{"@type":"ListItem","position":1,"name":"Home","item":"https:\/\/www.bagnoitalia.com\/es"},{"@type":"ListItem","position":2,"name":"Productos","item":"https:\/\/www.bagnoitalia.com\/es\/shop"},{"@type":"ListItem","position":3,"name":"Ba\u00f1era de hidromasaje cuadrada 200&#215;200 cm para 5 personas 31 chorros conexi\u00f3n bluetooth y wi-fi MP36"}]},{"@type":"WebSite","@id":"https:\/\/www.bagnoitalia.com\/es#website","url":"https:\/\/www.bagnoitalia.com\/es","name":"Bagno Italia","description":"","publisher":{"@id":"https:\/\/www.bagnoitalia.com\/es#organization"},"potentialAction":[{"@type":"SearchAction","target":{"@type":"EntryPoint","urlTemplate":"https:\/\/www.bagnoitalia.com\/es?s={search_term_string}"},"query-input":{"@type":"PropertyValueSpecification","valueRequired":true,"valueName":"search_term_string"}}],"inLanguage":"es"},{"@type":"Organization","@id":"https:\/\/www.bagnoitalia.com\/es#organization","name":"Bagno Italia","url":"https:\/\/www.bagnoitalia.com\/es","logo":{"@type":"ImageObject","inLanguage":"es","@id":"https:\/\/www.bagnoitalia.com\/es#\/schema\/logo\/image\/","url":"https:\/\/img.bagnoitalia.com\/wp-content\/uploads\/logo-bagnoitalia.webp","contentUrl":"https:\/\/img.bagnoitalia.com\/wp-content\/uploads\/logo-bagnoitalia.webp","width":400,"height":70,"caption":"Bagno Italia"},"image":{"@id":"https:\/\/www.bagnoitalia.com\/es#\/schema\/logo\/image\/"}}]}},"_links":{"self":[{"href":"https:\/\/www.bagnoitalia.com\/es\/wp-json\/wp\/v2\/product\/82234","targetHints":{"allow":["GET"]}}],"collection":[{"href":"https:\/\/www.bagnoitalia.com\/es\/wp-json\/wp\/v2\/product"}],"about":[{"href":"https:\/\/www.bagnoitalia.com\/es\/wp-json\/wp\/v2\/types\/product"}],"replies":[{"embeddable":true,"href":"https:\/\/www.bagnoitalia.com\/es\/wp-json\/wp\/v2\/comments?post=82234"}],"version-history":[{"count":2,"href":"https:\/\/www.bagnoitalia.com\/es\/wp-json\/wp\/v2\/product\/82234\/revisions"}],"predecessor-version":[{"id":98164,"href":"https:\/\/www.bagnoitalia.com\/es\/wp-json\/wp\/v2\/product\/82234\/revisions\/98164"}],"wp:featuredmedia":[{"embeddable":true,"href":"https:\/\/www.bagnoitalia.com\/es\/wp-json\/wp\/v2\/media\/98136"}],"wp:attachment":[{"href":"https:\/\/www.bagnoitalia.com\/es\/wp-json\/wp\/v2\/media?parent=82234"}],"wp:term":[{"taxonomy":"product_brand","embeddable":true,"href":"https:\/\/www.bagnoitalia.com\/es\/wp-json\/wp\/v2\/product_brand?post=82234"},{"taxonomy":"product_cat","embeddable":true,"href":"https:\/\/www.bagnoitalia.com\/es\/wp-json\/wp\/v2\/product_cat?post=82234"},{"taxonomy":"product_tag","embeddable":true,"href":"https:\/\/www.bagnoitalia.com\/es\/wp-json\/wp\/v2\/product_tag?post=82234"}],"curies":[{"name":"wp","href":"https:\/\/api.w.org\/{rel}","templated":true}]}}