{"id":82186,"date":"2022-03-30T07:47:46","date_gmt":"2022-03-30T05:47:46","guid":{"rendered":"https:\/\/www.bagnoitalia.com\/product\/bide-cairo-e-inodoro-a-ras-de-la-pared-o-asiento-de-inodoro-suspendido-de-cierre-suave"},"modified":"2024-06-18T14:43:50","modified_gmt":"2024-06-18T12:43:50","slug":"bide-cairo-e-inodoro-a-ras-de-la-pared-o-asiento-de-inodoro-suspendido-de-cierre-suave","status":"publish","type":"product","link":"https:\/\/www.bagnoitalia.com\/es\/producto\/bide-cairo-e-inodoro-a-ras-de-la-pared-o-asiento-de-inodoro-suspendido-de-cierre-suave.html","title":{"rendered":"Bid\u00e9 Cairo e inodoro a ras de la pared o asiento de inodoro suspendido de cierre suave"},"content":{"rendered":"<p><span style=\"font-size: 12pt; color: #000000;\"><span style=\"font-size: 14pt;\"><strong>SANITARIO EMPOTRADO O SUSPENDIDO \u00abCAIRO\u00bb<\/strong><\/span><br \/>\n<\/span><\/p>\n<p>&nbsp;<\/p>\n<p><span style=\"color: #000000;\">EL PRECIO ANTERIOR INCLUYE:<br \/>\n<\/span><\/p>\n<p><span style=\"color: #000000;\">norte. 1 aseo en el suelo de 34,5x52xH40 cm<\/span><\/p>\n<p><span style=\"color: #000000;\">norte. 1 bid\u00e9 de <span style=\"color: #000000;\">suelo<\/span> <span style=\"color: #000000;\">34,5x52xH40<\/span> cm<br \/>\n<\/span><\/p>\n<p><span style=\"color: #000000;\">norte. 1 tapa de inodoro de cierre suave<br \/>\n<\/span><\/p>\n<p><span style=\"color: #000000;\">El desag\u00fce es a pared pero mediante una curva t\u00e9cnica (NO incluida en el precio) se puede transformar en desag\u00fce de suelo<\/span><\/p>\n<p>&nbsp;<\/p>\n<p><span style=\"color: #000000;\">Del men\u00fa desplegable es posible elegir los sanitarios en la versi\u00f3n suspendida (tama\u00f1o 35,5x50xH34)<\/span><\/p>\n<p>&nbsp;<\/p>\n<p><span style=\"color: #000000;\">MATERIALES:<\/span><\/p>\n<p><span style=\"color: #000000;\">sanitarios de ceramica<\/span><\/p>\n<p><span style=\"color: #000000;\">asiento de inodoro termoestable<\/span><\/p>\n<p>&nbsp;<\/p>\n<p>&nbsp;<\/p>\n<p><span style=\"color: #000000;\">ATENCI\u00d3N: grifo bid\u00e9 y desag\u00fce no incluidos en el precio<\/span><\/p>\n<p>&nbsp;<\/p>\n<p>&nbsp;<\/p>\n<p>&nbsp;<\/p>\n<p>&nbsp;<\/p>\n<p>&nbsp;<\/p>\n<p>2387<\/p>\n<p>2388<\/p>\n","protected":false},"excerpt":{"rendered":"<p>Inodoro y bid\u00e9 de dise\u00f1o moderno, disponible en la versi\u00f3n de empotrar en el suelo o suspendido, con asiento de termoendurecido de cierre lento incluido en el precio.<\/p>\n","protected":false},"featured_media":53312,"comment_status":"open","ping_status":"closed","template":"","meta":[],"product_brand":[9902,9956],"product_cat":[9697],"product_tag":[],"class_list":{"0":"post-82186","1":"product","2":"type-product","3":"status-publish","4":"has-post-thumbnail","6":"product_brand-baritermo-es","7":"product_brand-thermo-professional-es","8":"product_cat-bano-sanitario","10":"first","11":"instock","12":"sale","13":"taxable","14":"shipping-taxable","15":"purchasable","16":"product-type-simple"},"exclude_global_add_ons":false,"addons":[{"name":"tipolog\u00eda","type":"multiple_choice","position":0,"required":true,"title_format":"heading","default":"","description_enable":false,"description":"","placeholder_enable":false,"placeholder":"","display":"select","restrictions_type":"any_text","adjust_price":false,"price":"","price_type":"flat_fee","restrictions":false,"min":"0","max":"0","options":[{"label":"de pie","price":"","price_type":"quantity_based","image":0,"visibility":true},{"label":"suspendido","price":"29.51","price_type":"quantity_based","image":0,"visibility":true}],"id":1718721830}],"yoast_head":"<!-- This site is optimized with the Yoast SEO plugin v26.7 - https:\/\/yoast.com\/wordpress\/plugins\/seo\/ -->\n<title>Bid\u00e9 Cairo e inodoro a ras de la pared o asiento de inodoro suspendido de cierre suave<\/title>\n<meta name=\"description\" content=\"Inodoro y bid\u00e9 de dise\u00f1o moderno, disponible en la versi\u00f3n de empotrar en el suelo o suspendido, con asiento de termoendurecido de cierre lento incluido en el precio.\" \/>\n<meta name=\"robots\" content=\"index, follow, max-snippet:-1, max-image-preview:large, max-video-preview:-1\" \/>\n<link rel=\"canonical\" href=\"https:\/\/www.bagnoitalia.com\/es\/producto\/bide-cairo-e-inodoro-a-ras-de-la-pared-o-asiento-de-inodoro-suspendido-de-cierre-suave.html\" \/>\n<meta property=\"og:locale\" content=\"es_ES\" \/>\n<meta property=\"og:type\" content=\"article\" \/>\n<meta property=\"og:title\" content=\"Bid\u00e9 Cairo e inodoro a ras de la pared o asiento de inodoro suspendido de cierre suave\" \/>\n<meta property=\"og:description\" content=\"Inodoro y bid\u00e9 de dise\u00f1o moderno, disponible en la versi\u00f3n de empotrar en el suelo o suspendido, con asiento de termoendurecido de cierre lento incluido en el precio.\" \/>\n<meta property=\"og:url\" content=\"https:\/\/www.bagnoitalia.com\/es\/producto\/bide-cairo-e-inodoro-a-ras-de-la-pared-o-asiento-de-inodoro-suspendido-de-cierre-suave.html\" \/>\n<meta property=\"og:site_name\" content=\"Bagno Italia\" \/>\n<meta property=\"article:modified_time\" content=\"2024-06-18T12:43:50+00:00\" \/>\n<meta property=\"og:image\" content=\"https:\/\/img.bagnoitalia.com\/wp-content\/uploads\/virtuemart\/product\/san0007_1.jpg\" \/>\n\t<meta property=\"og:image:width\" content=\"550\" \/>\n\t<meta property=\"og:image:height\" content=\"550\" \/>\n\t<meta property=\"og:image:type\" content=\"image\/jpeg\" \/>\n<meta name=\"twitter:card\" content=\"summary_large_image\" \/>\n<meta name=\"twitter:label1\" content=\"Tiempo de lectura\" \/>\n\t<meta name=\"twitter:data1\" content=\"1 minuto\" \/>\n<script type=\"application\/ld+json\" class=\"yoast-schema-graph\">{\"@context\":\"https:\/\/schema.org\",\"@graph\":[{\"@type\":\"WebPage\",\"@id\":\"https:\/\/www.bagnoitalia.com\/es\/producto\/bide-cairo-e-inodoro-a-ras-de-la-pared-o-asiento-de-inodoro-suspendido-de-cierre-suave.html\",\"url\":\"https:\/\/www.bagnoitalia.com\/es\/producto\/bide-cairo-e-inodoro-a-ras-de-la-pared-o-asiento-de-inodoro-suspendido-de-cierre-suave.html\",\"name\":\"Bid\u00e9 Cairo e inodoro a ras de la pared o asiento de inodoro suspendido de cierre suave\",\"isPartOf\":{\"@id\":\"https:\/\/www.bagnoitalia.com\/es#website\"},\"primaryImageOfPage\":{\"@id\":\"https:\/\/www.bagnoitalia.com\/es\/producto\/bide-cairo-e-inodoro-a-ras-de-la-pared-o-asiento-de-inodoro-suspendido-de-cierre-suave.html#primaryimage\"},\"image\":{\"@id\":\"https:\/\/www.bagnoitalia.com\/es\/producto\/bide-cairo-e-inodoro-a-ras-de-la-pared-o-asiento-de-inodoro-suspendido-de-cierre-suave.html#primaryimage\"},\"thumbnailUrl\":\"https:\/\/img.bagnoitalia.com\/wp-content\/uploads\/virtuemart\/product\/san0007_1.jpg\",\"datePublished\":\"2022-03-30T05:47:46+00:00\",\"dateModified\":\"2024-06-18T12:43:50+00:00\",\"description\":\"Inodoro y bid\u00e9 de dise\u00f1o moderno, disponible en la versi\u00f3n de empotrar en el suelo o suspendido, con asiento de termoendurecido de cierre lento incluido en el precio.\",\"breadcrumb\":{\"@id\":\"https:\/\/www.bagnoitalia.com\/es\/producto\/bide-cairo-e-inodoro-a-ras-de-la-pared-o-asiento-de-inodoro-suspendido-de-cierre-suave.html#breadcrumb\"},\"inLanguage\":\"es\",\"potentialAction\":[{\"@type\":\"ReadAction\",\"target\":[\"https:\/\/www.bagnoitalia.com\/es\/producto\/bide-cairo-e-inodoro-a-ras-de-la-pared-o-asiento-de-inodoro-suspendido-de-cierre-suave.html\"]}]},{\"@type\":\"ImageObject\",\"inLanguage\":\"es\",\"@id\":\"https:\/\/www.bagnoitalia.com\/es\/producto\/bide-cairo-e-inodoro-a-ras-de-la-pared-o-asiento-de-inodoro-suspendido-de-cierre-suave.html#primaryimage\",\"url\":\"https:\/\/img.bagnoitalia.com\/wp-content\/uploads\/virtuemart\/product\/san0007_1.jpg\",\"contentUrl\":\"https:\/\/img.bagnoitalia.com\/wp-content\/uploads\/virtuemart\/product\/san0007_1.jpg\",\"width\":550,\"height\":550},{\"@type\":\"BreadcrumbList\",\"@id\":\"https:\/\/www.bagnoitalia.com\/es\/producto\/bide-cairo-e-inodoro-a-ras-de-la-pared-o-asiento-de-inodoro-suspendido-de-cierre-suave.html#breadcrumb\",\"itemListElement\":[{\"@type\":\"ListItem\",\"position\":1,\"name\":\"Home\",\"item\":\"https:\/\/www.bagnoitalia.com\/es\"},{\"@type\":\"ListItem\",\"position\":2,\"name\":\"Productos\",\"item\":\"https:\/\/www.bagnoitalia.com\/es\/shop\"},{\"@type\":\"ListItem\",\"position\":3,\"name\":\"Bid\u00e9 Cairo e inodoro a ras de la pared o asiento de inodoro suspendido de cierre suave\"}]},{\"@type\":\"WebSite\",\"@id\":\"https:\/\/www.bagnoitalia.com\/es#website\",\"url\":\"https:\/\/www.bagnoitalia.com\/es\",\"name\":\"Bagno Italia\",\"description\":\"\",\"publisher\":{\"@id\":\"https:\/\/www.bagnoitalia.com\/es#organization\"},\"potentialAction\":[{\"@type\":\"SearchAction\",\"target\":{\"@type\":\"EntryPoint\",\"urlTemplate\":\"https:\/\/www.bagnoitalia.com\/es?s={search_term_string}\"},\"query-input\":{\"@type\":\"PropertyValueSpecification\",\"valueRequired\":true,\"valueName\":\"search_term_string\"}}],\"inLanguage\":\"es\"},{\"@type\":\"Organization\",\"@id\":\"https:\/\/www.bagnoitalia.com\/es#organization\",\"name\":\"Bagno Italia\",\"url\":\"https:\/\/www.bagnoitalia.com\/es\",\"logo\":{\"@type\":\"ImageObject\",\"inLanguage\":\"es\",\"@id\":\"https:\/\/www.bagnoitalia.com\/es#\/schema\/logo\/image\/\",\"url\":\"https:\/\/img.bagnoitalia.com\/wp-content\/uploads\/logo-bagnoitalia.webp\",\"contentUrl\":\"https:\/\/img.bagnoitalia.com\/wp-content\/uploads\/logo-bagnoitalia.webp\",\"width\":400,\"height\":70,\"caption\":\"Bagno Italia\"},\"image\":{\"@id\":\"https:\/\/www.bagnoitalia.com\/es#\/schema\/logo\/image\/\"}}]}<\/script>\n<!-- \/ Yoast SEO plugin. -->","yoast_head_json":{"title":"Bid\u00e9 Cairo e inodoro a ras de la pared o asiento de inodoro suspendido de cierre suave","description":"Inodoro y bid\u00e9 de dise\u00f1o moderno, disponible en la versi\u00f3n de empotrar en el suelo o suspendido, con asiento de termoendurecido de cierre lento incluido en el precio.","robots":{"index":"index","follow":"follow","max-snippet":"max-snippet:-1","max-image-preview":"max-image-preview:large","max-video-preview":"max-video-preview:-1"},"canonical":"https:\/\/www.bagnoitalia.com\/es\/producto\/bide-cairo-e-inodoro-a-ras-de-la-pared-o-asiento-de-inodoro-suspendido-de-cierre-suave.html","og_locale":"es_ES","og_type":"article","og_title":"Bid\u00e9 Cairo e inodoro a ras de la pared o asiento de inodoro suspendido de cierre suave","og_description":"Inodoro y bid\u00e9 de dise\u00f1o moderno, disponible en la versi\u00f3n de empotrar en el suelo o suspendido, con asiento de termoendurecido de cierre lento incluido en el precio.","og_url":"https:\/\/www.bagnoitalia.com\/es\/producto\/bide-cairo-e-inodoro-a-ras-de-la-pared-o-asiento-de-inodoro-suspendido-de-cierre-suave.html","og_site_name":"Bagno Italia","article_modified_time":"2024-06-18T12:43:50+00:00","og_image":[{"width":550,"height":550,"url":"https:\/\/img.bagnoitalia.com\/wp-content\/uploads\/virtuemart\/product\/san0007_1.jpg","type":"image\/jpeg"}],"twitter_card":"summary_large_image","twitter_misc":{"Tiempo de lectura":"1 minuto"},"schema":{"@context":"https:\/\/schema.org","@graph":[{"@type":"WebPage","@id":"https:\/\/www.bagnoitalia.com\/es\/producto\/bide-cairo-e-inodoro-a-ras-de-la-pared-o-asiento-de-inodoro-suspendido-de-cierre-suave.html","url":"https:\/\/www.bagnoitalia.com\/es\/producto\/bide-cairo-e-inodoro-a-ras-de-la-pared-o-asiento-de-inodoro-suspendido-de-cierre-suave.html","name":"Bid\u00e9 Cairo e inodoro a ras de la pared o asiento de inodoro suspendido de cierre suave","isPartOf":{"@id":"https:\/\/www.bagnoitalia.com\/es#website"},"primaryImageOfPage":{"@id":"https:\/\/www.bagnoitalia.com\/es\/producto\/bide-cairo-e-inodoro-a-ras-de-la-pared-o-asiento-de-inodoro-suspendido-de-cierre-suave.html#primaryimage"},"image":{"@id":"https:\/\/www.bagnoitalia.com\/es\/producto\/bide-cairo-e-inodoro-a-ras-de-la-pared-o-asiento-de-inodoro-suspendido-de-cierre-suave.html#primaryimage"},"thumbnailUrl":"https:\/\/img.bagnoitalia.com\/wp-content\/uploads\/virtuemart\/product\/san0007_1.jpg","datePublished":"2022-03-30T05:47:46+00:00","dateModified":"2024-06-18T12:43:50+00:00","description":"Inodoro y bid\u00e9 de dise\u00f1o moderno, disponible en la versi\u00f3n de empotrar en el suelo o suspendido, con asiento de termoendurecido de cierre lento incluido en el precio.","breadcrumb":{"@id":"https:\/\/www.bagnoitalia.com\/es\/producto\/bide-cairo-e-inodoro-a-ras-de-la-pared-o-asiento-de-inodoro-suspendido-de-cierre-suave.html#breadcrumb"},"inLanguage":"es","potentialAction":[{"@type":"ReadAction","target":["https:\/\/www.bagnoitalia.com\/es\/producto\/bide-cairo-e-inodoro-a-ras-de-la-pared-o-asiento-de-inodoro-suspendido-de-cierre-suave.html"]}]},{"@type":"ImageObject","inLanguage":"es","@id":"https:\/\/www.bagnoitalia.com\/es\/producto\/bide-cairo-e-inodoro-a-ras-de-la-pared-o-asiento-de-inodoro-suspendido-de-cierre-suave.html#primaryimage","url":"https:\/\/img.bagnoitalia.com\/wp-content\/uploads\/virtuemart\/product\/san0007_1.jpg","contentUrl":"https:\/\/img.bagnoitalia.com\/wp-content\/uploads\/virtuemart\/product\/san0007_1.jpg","width":550,"height":550},{"@type":"BreadcrumbList","@id":"https:\/\/www.bagnoitalia.com\/es\/producto\/bide-cairo-e-inodoro-a-ras-de-la-pared-o-asiento-de-inodoro-suspendido-de-cierre-suave.html#breadcrumb","itemListElement":[{"@type":"ListItem","position":1,"name":"Home","item":"https:\/\/www.bagnoitalia.com\/es"},{"@type":"ListItem","position":2,"name":"Productos","item":"https:\/\/www.bagnoitalia.com\/es\/shop"},{"@type":"ListItem","position":3,"name":"Bid\u00e9 Cairo e inodoro a ras de la pared o asiento de inodoro suspendido de cierre suave"}]},{"@type":"WebSite","@id":"https:\/\/www.bagnoitalia.com\/es#website","url":"https:\/\/www.bagnoitalia.com\/es","name":"Bagno Italia","description":"","publisher":{"@id":"https:\/\/www.bagnoitalia.com\/es#organization"},"potentialAction":[{"@type":"SearchAction","target":{"@type":"EntryPoint","urlTemplate":"https:\/\/www.bagnoitalia.com\/es?s={search_term_string}"},"query-input":{"@type":"PropertyValueSpecification","valueRequired":true,"valueName":"search_term_string"}}],"inLanguage":"es"},{"@type":"Organization","@id":"https:\/\/www.bagnoitalia.com\/es#organization","name":"Bagno Italia","url":"https:\/\/www.bagnoitalia.com\/es","logo":{"@type":"ImageObject","inLanguage":"es","@id":"https:\/\/www.bagnoitalia.com\/es#\/schema\/logo\/image\/","url":"https:\/\/img.bagnoitalia.com\/wp-content\/uploads\/logo-bagnoitalia.webp","contentUrl":"https:\/\/img.bagnoitalia.com\/wp-content\/uploads\/logo-bagnoitalia.webp","width":400,"height":70,"caption":"Bagno Italia"},"image":{"@id":"https:\/\/www.bagnoitalia.com\/es#\/schema\/logo\/image\/"}}]}},"_links":{"self":[{"href":"https:\/\/www.bagnoitalia.com\/es\/wp-json\/wp\/v2\/product\/82186","targetHints":{"allow":["GET"]}}],"collection":[{"href":"https:\/\/www.bagnoitalia.com\/es\/wp-json\/wp\/v2\/product"}],"about":[{"href":"https:\/\/www.bagnoitalia.com\/es\/wp-json\/wp\/v2\/types\/product"}],"replies":[{"embeddable":true,"href":"https:\/\/www.bagnoitalia.com\/es\/wp-json\/wp\/v2\/comments?post=82186"}],"version-history":[{"count":1,"href":"https:\/\/www.bagnoitalia.com\/es\/wp-json\/wp\/v2\/product\/82186\/revisions"}],"predecessor-version":[{"id":90556,"href":"https:\/\/www.bagnoitalia.com\/es\/wp-json\/wp\/v2\/product\/82186\/revisions\/90556"}],"wp:featuredmedia":[{"embeddable":true,"href":"https:\/\/www.bagnoitalia.com\/es\/wp-json\/wp\/v2\/media\/53312"}],"wp:attachment":[{"href":"https:\/\/www.bagnoitalia.com\/es\/wp-json\/wp\/v2\/media?parent=82186"}],"wp:term":[{"taxonomy":"product_brand","embeddable":true,"href":"https:\/\/www.bagnoitalia.com\/es\/wp-json\/wp\/v2\/product_brand?post=82186"},{"taxonomy":"product_cat","embeddable":true,"href":"https:\/\/www.bagnoitalia.com\/es\/wp-json\/wp\/v2\/product_cat?post=82186"},{"taxonomy":"product_tag","embeddable":true,"href":"https:\/\/www.bagnoitalia.com\/es\/wp-json\/wp\/v2\/product_tag?post=82186"}],"curies":[{"name":"wp","href":"https:\/\/api.w.org\/{rel}","templated":true}]}}