{"id":82122,"date":"2022-03-30T07:47:46","date_gmt":"2022-03-30T05:47:46","guid":{"rendered":"https:\/\/www.bagnoitalia.com\/product\/plato-de-ducha-disponible-en-8-colores-fabricado-en-resina-de-marmol-con-rejilla-de-acero-pa029"},"modified":"2025-05-22T12:26:23","modified_gmt":"2025-05-22T10:26:23","slug":"plato-de-ducha-disponible-en-8-colores-fabricado-en-resina-de-marmol-con-rejilla-de-acero-pa029","status":"publish","type":"product","link":"https:\/\/www.bagnoitalia.com\/es\/producto\/plato-de-ducha-disponible-en-8-colores-fabricado-en-resina-de-marmol-con-rejilla-de-acero-pa029.html","title":{"rendered":"Plato de ducha disponible en 8 colores fabricado en resina de m\u00e1rmol con rejilla de acero PA029"},"content":{"rendered":"<p><span style=\"color: #000000;\">Plato de ducha en m\u00e1rmol-resina disponible en los siguientes colores: blanco, crema, gris claro, antracita, negro, chocolate, moca y arena. Cada uno de estos acabados, que se pueden ver en las fotos, est\u00e1 realizado con mimo y tiene un efecto sugerente y est\u00e9tico inigualable.<\/span><\/p>\n<p><span style=\"color: #000000;\">El desag\u00fce est\u00e1 incluido en el precio, al igual que la elegante rejilla de acero.<\/span><\/p>\n<p><span style=\"color: #000000;\"><span style=\"color: #ff0000;\"><strong><span style=\"font-size: 18pt;\">PLATO DE DUCHA PA029<\/span><\/strong><\/span><br \/>\n<\/span><\/p>\n<p><span style=\"color: #000000;\">Producto hecho por encargo: no es posible aplicar el derecho de desistimiento en este producto<\/span><\/p>\n<p><span style=\"color: #000000;\">Los platos de ducha de resina marm\u00f3rea se diferencian de los platos de ducha comunes por muchas razones:<\/span><\/p>\n<p><span style=\"color: #000000;\">&#8211; Es posible <strong>pegarlos<\/strong> <strong><strong>,<\/strong><\/strong> <strong><strong>por<\/strong><\/strong> lo tanto se pueden hacer <strong><strong>a medida<\/strong><\/strong><\/span><\/p>\n<p><span style=\"color: #000000;\">&#8211; La superficie tiene un \u00abefecto piedra\u00bb rugoso al tacto, lo que las hace <strong><strong>antideslizantes<\/strong><\/strong> y por tanto m\u00e1s seguras<\/span><\/p>\n<p><span style=\"color: #000000;\">&#8211; Son <strong><strong>antiara\u00f1azos y antibacterianos<\/strong><\/strong><\/span><\/p>\n<p><span style=\"color: #000000;\">&#8211; Est\u00e1n <strong><strong>acabados<\/strong><\/strong> por todos los lados (por lo que son reversibles)<\/span><\/p>\n<p>&nbsp;<\/p>\n<p style=\"margin-top: 0cm; margin-right: 0cm; margin-bottom: 0.0001pt; background-image: initial; background-position: initial; background-repeat: initial; background-attachment: initial; vertical-align: baseline;\"><span style=\"color: #000000;\"><strong><span style=\"font-family: Arial, sans-serif;\">Caracter\u00edsticas:<\/span><\/strong><\/span><\/p>\n<ul>\n<li><span style=\"font-family: Arial, sans-serif; color: #000000;\">Material: <strong>resina de m\u00e1rmol<\/strong> con acabado de <strong>gelcoat marino<\/strong><\/span><\/li>\n<\/ul>\n<ul>\n<li><span style=\"font-family: Arial, sans-serif; color: #000000;\">Ultrafino, con un grosor de <strong>3 cm.<\/strong><\/span><\/li>\n<\/ul>\n<ul>\n<li><span style=\"font-family: Arial, sans-serif; color: #000000;\">Drenaje con rejilla de acero<br \/>\n<\/span><\/li>\n<\/ul>\n<ul>\n<li><span style=\"color: #000000;\"><span style=\"text-decoration: underline;\"><span style=\"font-family: Arial, sans-serif;\">Redimensionable<\/span><\/span> <span style=\"font-family: Arial, sans-serif;\">en el sitio con disco de diamante<\/span><\/span><\/li>\n<\/ul>\n<ul>\n<li><span style=\"font-family: Arial, sans-serif; color: #000000;\">Tienen una <span style=\"text-decoration: underline;\">ligera<\/span> <span style=\"text-decoration: underline;\">pendiente<\/span> para facilitar el drenaje del agua.<\/span><\/li>\n<\/ul>\n<ul>\n<li><span style=\"line-height: 107%; font-family: Arial, sans-serif; color: #000000;\">R\u00e1pido y f\u00e1cil de limpiar<\/span><\/li>\n<li><span style=\"line-height: 107%; font-family: Arial, sans-serif; color: #000000;\">posibilidad de instalaci\u00f3n incluso a ras del suelo<br \/>\n<\/span><\/li>\n<\/ul>\n<p>&nbsp;<\/p>\n<p>&nbsp;<\/p>\n<p>&nbsp;<\/p>\n","protected":false},"excerpt":{"rendered":"<p>Plato de ducha fabricado en m\u00e1rmol resinado en 8 colores a elegir y disponible en muchas medidas (y tambi\u00e9n reducible). Desag\u00fce con rejilla de acero incluido en el precio.<\/p>\n","protected":false},"featured_media":52784,"comment_status":"open","ping_status":"closed","template":"","meta":[],"product_brand":[],"product_cat":[9757],"product_tag":[],"class_list":{"0":"post-82122","1":"product","2":"type-product","3":"status-publish","4":"has-post-thumbnail","6":"product_cat-platos-de-ducha","8":"first","9":"instock","10":"sale","11":"taxable","12":"shipping-taxable","13":"purchasable","14":"product-type-simple"},"exclude_global_add_ons":false,"addons":[{"name":"Dimensiones","type":"multiple_choice","position":0,"required":true,"title_format":"heading","default":"","description_enable":false,"description":"","placeholder_enable":false,"placeholder":"","display":"select","restrictions_type":"any_text","adjust_price":false,"price":"","price_type":"flat_fee","restrictions":false,"min":"0","max":"0","options":[{"label":"70x80","price":"","price_type":"quantity_based","image":0,"visibility":true},{"label":"70x90","price":"10","price_type":"quantity_based","image":0,"visibility":true},{"label":"70x100","price":"20","price_type":"quantity_based","image":0,"visibility":true},{"label":"70x110","price":"30","price_type":"quantity_based","image":0,"visibility":true},{"label":"70x120","price":"40","price_type":"quantity_based","image":0,"visibility":true},{"label":"70x130","price":"50","price_type":"quantity_based","image":0,"visibility":true},{"label":"70x140","price":"60","price_type":"quantity_based","image":0,"visibility":true},{"label":"70x150","price":"70","price_type":"quantity_based","image":0,"visibility":true},{"label":"70x160","price":"80","price_type":"quantity_based","image":0,"visibility":true},{"label":"70x170","price":"100","price_type":"quantity_based","image":0,"visibility":true},{"label":"70x180","price":"110","price_type":"quantity_based","image":0,"visibility":true},{"label":"70x190","price":"140","price_type":"quantity_based","image":0,"visibility":true},{"label":"70x200","price":"150","price_type":"quantity_based","image":0,"visibility":true},{"label":"75x80","price":"40","price_type":"quantity_based","image":0,"visibility":true},{"label":"75x90","price":"50","price_type":"quantity_based","image":0,"visibility":true},{"label":"75x100","price":"70","price_type":"quantity_based","image":0,"visibility":true},{"label":"75x110","price":"80","price_type":"quantity_based","image":0,"visibility":true},{"label":"75x120","price":"90","price_type":"quantity_based","image":0,"visibility":true},{"label":"75x130","price":"100","price_type":"quantity_based","image":0,"visibility":true},{"label":"75x140","price":"110","price_type":"quantity_based","image":0,"visibility":true},{"label":"75x150","price":"120","price_type":"quantity_based","image":0,"visibility":true},{"label":"75x160","price":"140","price_type":"quantity_based","image":0,"visibility":true},{"label":"75x170","price":"150","price_type":"quantity_based","image":0,"visibility":true},{"label":"75x180","price":"160","price_type":"quantity_based","image":0,"visibility":true},{"label":"75x190","price":"180","price_type":"quantity_based","image":0,"visibility":true},{"label":"75x200","price":"190","price_type":"quantity_based","image":0,"visibility":true},{"label":"80x80","price":"10","price_type":"quantity_based","image":0,"visibility":true},{"label":"80x90","price":"20","price_type":"quantity_based","image":0,"visibility":true},{"label":"80x100","price":"30","price_type":"quantity_based","image":0,"visibility":true},{"label":"80x110","price":"40","price_type":"quantity_based","image":0,"visibility":true},{"label":"80x120","price":"50","price_type":"quantity_based","image":0,"visibility":true},{"label":"80x130","price":"60","price_type":"quantity_based","image":0,"visibility":true},{"label":"80x140","price":"70","price_type":"quantity_based","image":0,"visibility":true},{"label":"80x150","price":"80","price_type":"quantity_based","image":0,"visibility":true},{"label":"80x160","price":"100","price_type":"quantity_based","image":0,"visibility":true},{"label":"80x170","price":"110","price_type":"quantity_based","image":0,"visibility":true},{"label":"80x180","price":"120","price_type":"quantity_based","image":0,"visibility":true},{"label":"80x190","price":"140","price_type":"quantity_based","image":0,"visibility":true},{"label":"80x200","price":"150","price_type":"quantity_based","image":0,"visibility":true},{"label":"90x90","price":"30","price_type":"quantity_based","image":0,"visibility":true},{"label":"90x100","price":"50","price_type":"quantity_based","image":0,"visibility":true},{"label":"90x110","price":"70","price_type":"quantity_based","image":0,"visibility":true},{"label":"90x120","price":"80","price_type":"quantity_based","image":0,"visibility":true},{"label":"90x130","price":"110","price_type":"quantity_based","image":0,"visibility":true},{"label":"90x140","price":"120","price_type":"quantity_based","image":0,"visibility":true},{"label":"90x150","price":"130","price_type":"quantity_based","image":0,"visibility":true},{"label":"90x160","price":"140","price_type":"quantity_based","image":0,"visibility":true},{"label":"90x170","price":"170","price_type":"quantity_based","image":0,"visibility":true},{"label":"90x180","price":"180","price_type":"quantity_based","image":0,"visibility":true},{"label":"90x190","price":"210","price_type":"quantity_based","image":0,"visibility":true},{"label":"90x200","price":"220","price_type":"quantity_based","image":0,"visibility":true},{"label":"100x100","price":"100","price_type":"quantity_based","image":0,"visibility":true},{"label":"100x120","price":"130","price_type":"quantity_based","image":0,"visibility":true},{"label":"100x130","price":"170","price_type":"quantity_based","image":0,"visibility":true},{"label":"100x160","price":"180","price_type":"quantity_based","image":0,"visibility":true},{"label":"100x170","price":"190","price_type":"quantity_based","image":0,"visibility":true},{"label":"100x180","price":"200","price_type":"quantity_based","image":0,"visibility":true},{"label":"100x190","price":"230","price_type":"quantity_based","image":0,"visibility":true}],"id":1717516203},{"name":"Color","type":"multiple_choice","position":1,"required":true,"title_format":"heading","default":"","description_enable":false,"description":"","placeholder_enable":false,"placeholder":"","display":"select","restrictions_type":"any_text","adjust_price":false,"price":"","price_type":"flat_fee","restrictions":false,"min":"0","max":"0","options":[{"label":"blanco","price":"","price_type":"quantity_based","image":0,"visibility":true},{"label":"gris claro","price":"","price_type":"quantity_based","image":0,"visibility":true},{"label":"chocolate","price":"","price_type":"quantity_based","image":0,"visibility":true},{"label":"color arena","price":"","price_type":"quantity_based","image":0,"visibility":true},{"label":"crema","price":"","price_type":"quantity_based","image":0,"visibility":true},{"label":"moca","price":"","price_type":"quantity_based","image":0,"visibility":true},{"label":"Antracita","price":"","price_type":"quantity_based","image":0,"visibility":true},{"label":"Negro","price":"","price_type":"quantity_based","image":0,"visibility":true}],"id":1717516204}],"yoast_head":"<!-- This site is optimized with the Yoast SEO plugin v26.7 - https:\/\/yoast.com\/wordpress\/plugins\/seo\/ -->\n<title>Plato de ducha disponible en 8 colores fabricado en resina de m\u00e1rmol con rejilla de acero PA029<\/title>\n<meta name=\"description\" content=\"Plato de ducha fabricado en m\u00e1rmol resinado en 8 colores a elegir y disponible en muchas medidas (y tambi\u00e9n reducible). Desag\u00fce con rejilla de acero incluido en el precio.\" \/>\n<meta name=\"robots\" content=\"index, follow, max-snippet:-1, max-image-preview:large, max-video-preview:-1\" \/>\n<link rel=\"canonical\" href=\"https:\/\/www.bagnoitalia.com\/es\/producto\/plato-de-ducha-disponible-en-8-colores-fabricado-en-resina-de-marmol-con-rejilla-de-acero-pa029.html\" \/>\n<meta property=\"og:locale\" content=\"es_ES\" \/>\n<meta property=\"og:type\" content=\"article\" \/>\n<meta property=\"og:title\" content=\"Plato de ducha disponible en 8 colores fabricado en resina de m\u00e1rmol con rejilla de acero PA029\" \/>\n<meta property=\"og:description\" content=\"Plato de ducha fabricado en m\u00e1rmol resinado en 8 colores a elegir y disponible en muchas medidas (y tambi\u00e9n reducible). Desag\u00fce con rejilla de acero incluido en el precio.\" \/>\n<meta property=\"og:url\" content=\"https:\/\/www.bagnoitalia.com\/es\/producto\/plato-de-ducha-disponible-en-8-colores-fabricado-en-resina-de-marmol-con-rejilla-de-acero-pa029.html\" \/>\n<meta property=\"og:site_name\" content=\"Bagno Italia\" \/>\n<meta property=\"article:modified_time\" content=\"2025-05-22T10:26:23+00:00\" \/>\n<meta property=\"og:image\" content=\"https:\/\/img.bagnoitalia.com\/wp-content\/uploads\/virtuemart\/product\/P1A-0947_1.jpg\" \/>\n\t<meta property=\"og:image:width\" content=\"550\" \/>\n\t<meta property=\"og:image:height\" content=\"550\" \/>\n\t<meta property=\"og:image:type\" content=\"image\/jpeg\" \/>\n<meta name=\"twitter:card\" content=\"summary_large_image\" \/>\n<meta name=\"twitter:label1\" content=\"Tiempo de lectura\" \/>\n\t<meta name=\"twitter:data1\" content=\"2 minutos\" \/>\n<script type=\"application\/ld+json\" class=\"yoast-schema-graph\">{\"@context\":\"https:\/\/schema.org\",\"@graph\":[{\"@type\":\"WebPage\",\"@id\":\"https:\/\/www.bagnoitalia.com\/es\/producto\/plato-de-ducha-disponible-en-8-colores-fabricado-en-resina-de-marmol-con-rejilla-de-acero-pa029.html\",\"url\":\"https:\/\/www.bagnoitalia.com\/es\/producto\/plato-de-ducha-disponible-en-8-colores-fabricado-en-resina-de-marmol-con-rejilla-de-acero-pa029.html\",\"name\":\"Plato de ducha disponible en 8 colores fabricado en resina de m\u00e1rmol con rejilla de acero PA029\",\"isPartOf\":{\"@id\":\"https:\/\/www.bagnoitalia.com\/es#website\"},\"primaryImageOfPage\":{\"@id\":\"https:\/\/www.bagnoitalia.com\/es\/producto\/plato-de-ducha-disponible-en-8-colores-fabricado-en-resina-de-marmol-con-rejilla-de-acero-pa029.html#primaryimage\"},\"image\":{\"@id\":\"https:\/\/www.bagnoitalia.com\/es\/producto\/plato-de-ducha-disponible-en-8-colores-fabricado-en-resina-de-marmol-con-rejilla-de-acero-pa029.html#primaryimage\"},\"thumbnailUrl\":\"https:\/\/img.bagnoitalia.com\/wp-content\/uploads\/virtuemart\/product\/P1A-0947_1.jpg\",\"datePublished\":\"2022-03-30T05:47:46+00:00\",\"dateModified\":\"2025-05-22T10:26:23+00:00\",\"description\":\"Plato de ducha fabricado en m\u00e1rmol resinado en 8 colores a elegir y disponible en muchas medidas (y tambi\u00e9n reducible). Desag\u00fce con rejilla de acero incluido en el precio.\",\"breadcrumb\":{\"@id\":\"https:\/\/www.bagnoitalia.com\/es\/producto\/plato-de-ducha-disponible-en-8-colores-fabricado-en-resina-de-marmol-con-rejilla-de-acero-pa029.html#breadcrumb\"},\"inLanguage\":\"es\",\"potentialAction\":[{\"@type\":\"ReadAction\",\"target\":[\"https:\/\/www.bagnoitalia.com\/es\/producto\/plato-de-ducha-disponible-en-8-colores-fabricado-en-resina-de-marmol-con-rejilla-de-acero-pa029.html\"]}]},{\"@type\":\"ImageObject\",\"inLanguage\":\"es\",\"@id\":\"https:\/\/www.bagnoitalia.com\/es\/producto\/plato-de-ducha-disponible-en-8-colores-fabricado-en-resina-de-marmol-con-rejilla-de-acero-pa029.html#primaryimage\",\"url\":\"https:\/\/img.bagnoitalia.com\/wp-content\/uploads\/virtuemart\/product\/P1A-0947_1.jpg\",\"contentUrl\":\"https:\/\/img.bagnoitalia.com\/wp-content\/uploads\/virtuemart\/product\/P1A-0947_1.jpg\",\"width\":550,\"height\":550},{\"@type\":\"BreadcrumbList\",\"@id\":\"https:\/\/www.bagnoitalia.com\/es\/producto\/plato-de-ducha-disponible-en-8-colores-fabricado-en-resina-de-marmol-con-rejilla-de-acero-pa029.html#breadcrumb\",\"itemListElement\":[{\"@type\":\"ListItem\",\"position\":1,\"name\":\"Home\",\"item\":\"https:\/\/www.bagnoitalia.com\/es\"},{\"@type\":\"ListItem\",\"position\":2,\"name\":\"Productos\",\"item\":\"https:\/\/www.bagnoitalia.com\/es\/shop\"},{\"@type\":\"ListItem\",\"position\":3,\"name\":\"Plato de ducha disponible en 8 colores fabricado en resina de m\u00e1rmol con rejilla de acero PA029\"}]},{\"@type\":\"WebSite\",\"@id\":\"https:\/\/www.bagnoitalia.com\/es#website\",\"url\":\"https:\/\/www.bagnoitalia.com\/es\",\"name\":\"Bagno Italia\",\"description\":\"\",\"publisher\":{\"@id\":\"https:\/\/www.bagnoitalia.com\/es#organization\"},\"potentialAction\":[{\"@type\":\"SearchAction\",\"target\":{\"@type\":\"EntryPoint\",\"urlTemplate\":\"https:\/\/www.bagnoitalia.com\/es?s={search_term_string}\"},\"query-input\":{\"@type\":\"PropertyValueSpecification\",\"valueRequired\":true,\"valueName\":\"search_term_string\"}}],\"inLanguage\":\"es\"},{\"@type\":\"Organization\",\"@id\":\"https:\/\/www.bagnoitalia.com\/es#organization\",\"name\":\"Bagno Italia\",\"url\":\"https:\/\/www.bagnoitalia.com\/es\",\"logo\":{\"@type\":\"ImageObject\",\"inLanguage\":\"es\",\"@id\":\"https:\/\/www.bagnoitalia.com\/es#\/schema\/logo\/image\/\",\"url\":\"https:\/\/img.bagnoitalia.com\/wp-content\/uploads\/logo-bagnoitalia.webp\",\"contentUrl\":\"https:\/\/img.bagnoitalia.com\/wp-content\/uploads\/logo-bagnoitalia.webp\",\"width\":400,\"height\":70,\"caption\":\"Bagno Italia\"},\"image\":{\"@id\":\"https:\/\/www.bagnoitalia.com\/es#\/schema\/logo\/image\/\"}}]}<\/script>\n<!-- \/ Yoast SEO plugin. -->","yoast_head_json":{"title":"Plato de ducha disponible en 8 colores fabricado en resina de m\u00e1rmol con rejilla de acero PA029","description":"Plato de ducha fabricado en m\u00e1rmol resinado en 8 colores a elegir y disponible en muchas medidas (y tambi\u00e9n reducible). Desag\u00fce con rejilla de acero incluido en el precio.","robots":{"index":"index","follow":"follow","max-snippet":"max-snippet:-1","max-image-preview":"max-image-preview:large","max-video-preview":"max-video-preview:-1"},"canonical":"https:\/\/www.bagnoitalia.com\/es\/producto\/plato-de-ducha-disponible-en-8-colores-fabricado-en-resina-de-marmol-con-rejilla-de-acero-pa029.html","og_locale":"es_ES","og_type":"article","og_title":"Plato de ducha disponible en 8 colores fabricado en resina de m\u00e1rmol con rejilla de acero PA029","og_description":"Plato de ducha fabricado en m\u00e1rmol resinado en 8 colores a elegir y disponible en muchas medidas (y tambi\u00e9n reducible). Desag\u00fce con rejilla de acero incluido en el precio.","og_url":"https:\/\/www.bagnoitalia.com\/es\/producto\/plato-de-ducha-disponible-en-8-colores-fabricado-en-resina-de-marmol-con-rejilla-de-acero-pa029.html","og_site_name":"Bagno Italia","article_modified_time":"2025-05-22T10:26:23+00:00","og_image":[{"width":550,"height":550,"url":"https:\/\/img.bagnoitalia.com\/wp-content\/uploads\/virtuemart\/product\/P1A-0947_1.jpg","type":"image\/jpeg"}],"twitter_card":"summary_large_image","twitter_misc":{"Tiempo de lectura":"2 minutos"},"schema":{"@context":"https:\/\/schema.org","@graph":[{"@type":"WebPage","@id":"https:\/\/www.bagnoitalia.com\/es\/producto\/plato-de-ducha-disponible-en-8-colores-fabricado-en-resina-de-marmol-con-rejilla-de-acero-pa029.html","url":"https:\/\/www.bagnoitalia.com\/es\/producto\/plato-de-ducha-disponible-en-8-colores-fabricado-en-resina-de-marmol-con-rejilla-de-acero-pa029.html","name":"Plato de ducha disponible en 8 colores fabricado en resina de m\u00e1rmol con rejilla de acero PA029","isPartOf":{"@id":"https:\/\/www.bagnoitalia.com\/es#website"},"primaryImageOfPage":{"@id":"https:\/\/www.bagnoitalia.com\/es\/producto\/plato-de-ducha-disponible-en-8-colores-fabricado-en-resina-de-marmol-con-rejilla-de-acero-pa029.html#primaryimage"},"image":{"@id":"https:\/\/www.bagnoitalia.com\/es\/producto\/plato-de-ducha-disponible-en-8-colores-fabricado-en-resina-de-marmol-con-rejilla-de-acero-pa029.html#primaryimage"},"thumbnailUrl":"https:\/\/img.bagnoitalia.com\/wp-content\/uploads\/virtuemart\/product\/P1A-0947_1.jpg","datePublished":"2022-03-30T05:47:46+00:00","dateModified":"2025-05-22T10:26:23+00:00","description":"Plato de ducha fabricado en m\u00e1rmol resinado en 8 colores a elegir y disponible en muchas medidas (y tambi\u00e9n reducible). Desag\u00fce con rejilla de acero incluido en el precio.","breadcrumb":{"@id":"https:\/\/www.bagnoitalia.com\/es\/producto\/plato-de-ducha-disponible-en-8-colores-fabricado-en-resina-de-marmol-con-rejilla-de-acero-pa029.html#breadcrumb"},"inLanguage":"es","potentialAction":[{"@type":"ReadAction","target":["https:\/\/www.bagnoitalia.com\/es\/producto\/plato-de-ducha-disponible-en-8-colores-fabricado-en-resina-de-marmol-con-rejilla-de-acero-pa029.html"]}]},{"@type":"ImageObject","inLanguage":"es","@id":"https:\/\/www.bagnoitalia.com\/es\/producto\/plato-de-ducha-disponible-en-8-colores-fabricado-en-resina-de-marmol-con-rejilla-de-acero-pa029.html#primaryimage","url":"https:\/\/img.bagnoitalia.com\/wp-content\/uploads\/virtuemart\/product\/P1A-0947_1.jpg","contentUrl":"https:\/\/img.bagnoitalia.com\/wp-content\/uploads\/virtuemart\/product\/P1A-0947_1.jpg","width":550,"height":550},{"@type":"BreadcrumbList","@id":"https:\/\/www.bagnoitalia.com\/es\/producto\/plato-de-ducha-disponible-en-8-colores-fabricado-en-resina-de-marmol-con-rejilla-de-acero-pa029.html#breadcrumb","itemListElement":[{"@type":"ListItem","position":1,"name":"Home","item":"https:\/\/www.bagnoitalia.com\/es"},{"@type":"ListItem","position":2,"name":"Productos","item":"https:\/\/www.bagnoitalia.com\/es\/shop"},{"@type":"ListItem","position":3,"name":"Plato de ducha disponible en 8 colores fabricado en resina de m\u00e1rmol con rejilla de acero PA029"}]},{"@type":"WebSite","@id":"https:\/\/www.bagnoitalia.com\/es#website","url":"https:\/\/www.bagnoitalia.com\/es","name":"Bagno Italia","description":"","publisher":{"@id":"https:\/\/www.bagnoitalia.com\/es#organization"},"potentialAction":[{"@type":"SearchAction","target":{"@type":"EntryPoint","urlTemplate":"https:\/\/www.bagnoitalia.com\/es?s={search_term_string}"},"query-input":{"@type":"PropertyValueSpecification","valueRequired":true,"valueName":"search_term_string"}}],"inLanguage":"es"},{"@type":"Organization","@id":"https:\/\/www.bagnoitalia.com\/es#organization","name":"Bagno Italia","url":"https:\/\/www.bagnoitalia.com\/es","logo":{"@type":"ImageObject","inLanguage":"es","@id":"https:\/\/www.bagnoitalia.com\/es#\/schema\/logo\/image\/","url":"https:\/\/img.bagnoitalia.com\/wp-content\/uploads\/logo-bagnoitalia.webp","contentUrl":"https:\/\/img.bagnoitalia.com\/wp-content\/uploads\/logo-bagnoitalia.webp","width":400,"height":70,"caption":"Bagno Italia"},"image":{"@id":"https:\/\/www.bagnoitalia.com\/es#\/schema\/logo\/image\/"}}]}},"_links":{"self":[{"href":"https:\/\/www.bagnoitalia.com\/es\/wp-json\/wp\/v2\/product\/82122","targetHints":{"allow":["GET"]}}],"collection":[{"href":"https:\/\/www.bagnoitalia.com\/es\/wp-json\/wp\/v2\/product"}],"about":[{"href":"https:\/\/www.bagnoitalia.com\/es\/wp-json\/wp\/v2\/types\/product"}],"replies":[{"embeddable":true,"href":"https:\/\/www.bagnoitalia.com\/es\/wp-json\/wp\/v2\/comments?post=82122"}],"version-history":[{"count":3,"href":"https:\/\/www.bagnoitalia.com\/es\/wp-json\/wp\/v2\/product\/82122\/revisions"}],"predecessor-version":[{"id":107983,"href":"https:\/\/www.bagnoitalia.com\/es\/wp-json\/wp\/v2\/product\/82122\/revisions\/107983"}],"wp:featuredmedia":[{"embeddable":true,"href":"https:\/\/www.bagnoitalia.com\/es\/wp-json\/wp\/v2\/media\/52784"}],"wp:attachment":[{"href":"https:\/\/www.bagnoitalia.com\/es\/wp-json\/wp\/v2\/media?parent=82122"}],"wp:term":[{"taxonomy":"product_brand","embeddable":true,"href":"https:\/\/www.bagnoitalia.com\/es\/wp-json\/wp\/v2\/product_brand?post=82122"},{"taxonomy":"product_cat","embeddable":true,"href":"https:\/\/www.bagnoitalia.com\/es\/wp-json\/wp\/v2\/product_cat?post=82122"},{"taxonomy":"product_tag","embeddable":true,"href":"https:\/\/www.bagnoitalia.com\/es\/wp-json\/wp\/v2\/product_tag?post=82122"}],"curies":[{"name":"wp","href":"https:\/\/api.w.org\/{rel}","templated":true}]}}